{"id":10401,"date":"2022-08-18T16:00:26","date_gmt":"2022-08-18T20:00:26","guid":{"rendered":"https:\/\/physiotherapy.ca\/?page_id=10401"},"modified":"2022-08-18T16:03:16","modified_gmt":"2022-08-18T20:03:16","slug":"modifications-au-regime-de-soins-de-sante-de-la-fonction-publique-rssfp","status":"publish","type":"page","link":"https:\/\/physiotherapy.ca\/fr\/modifications-au-regime-de-soins-de-sante-de-la-fonction-publique-rssfp\/","title":{"rendered":"Modifications au R\u00e9gime de soins de sant\u00e9 de la fonction publique (RSSFP)"},"content":{"rendered":"\n<p>Le 8&nbsp;ao\u00fbt dernier, le gouvernement du Canada annon\u00e7ait avoir conclu une entente de principe avec les agents n\u00e9gociateurs et les repr\u00e9sentants de retrait\u00e9s pour le renouvellement du R\u00e9gime de soins de sant\u00e9 de la fonction publique (RSSFP).<\/p>\n\n\n\n<p>En avril&nbsp;2020, en r\u00e9ponse \u00e0 la pand\u00e9mie de COVID-19, le gouvernement avait suspendu l\u2019exigence d\u2019obtenir une r\u00e9f\u00e9rence pour se voir rembourser les services de physioth\u00e9rapie par le RSSFP. L\u2019ACP avait depuis revendiqu\u00e9 la suppression permanente de cette exigence, pour all\u00e9ger le fardeau administratif du syst\u00e8me de sant\u00e9 et assurer aux employ\u00e9s et retrait\u00e9s de la fonction publique f\u00e9d\u00e9rale un acc\u00e8s direct \u00e0 des services de physioth\u00e9rapie.<\/p>\n\n\n\n<p>L\u2019entente de principe pr\u00e9voit notamment&nbsp;:<\/p>\n\n\n\n<ul class=\"wp-block-list\"><li>la suppression de l\u2019obligation d\u2019obtenir une ordonnance pour la physioth\u00e9rapie;<\/li><li>la suppression de la tranche de 500 \u00e0 1&nbsp;000&nbsp;$ pay\u00e9e par le membre pour la physioth\u00e9rapie et l\u2019instauration d\u2019un plafond annuel de 1&nbsp;500&nbsp;$.<\/li><\/ul>\n\n\n\n<p>\u00ab&nbsp;Je suis heureux de voir que le gouvernement, les agents n\u00e9gociateurs et les repr\u00e9sentants de retrait\u00e9s ont prioris\u00e9 des changements essentiels au RSSFP, comme la suppression de l\u2019obligation d\u2019obtenir une ordonnance pour la physioth\u00e9rapie, se r\u00e9jouit John-Paul Cody-Cox, chef de la direction de l\u2019ACP. Toutefois, le bien-\u00eatre et une vie en sant\u00e9 passent par des soins pr\u00e9ventifs, rapides et \u00e0 long terme en physioth\u00e9rapie, et on sait que les limites de remboursement peuvent restreindre l\u2019acc\u00e8s aux soins chez les retrait\u00e9s et les personnes ayant des besoins complexes. C\u2019est pourquoi l\u2019ACP continuera ses revendications pour offrir \u00e0 tous les Canadiens un acc\u00e8s ouvert aux services de physioth\u00e9rapie dont ils ont besoin, au moment o\u00f9 ils en ont besoin, et aussi longtemps que n\u00e9cessaire.&nbsp;\u00bb<\/p>\n\n\n\n<p>La ratification de l\u2019entente par le Conseil du Tr\u00e9sor est pr\u00e9vue cet automne et les modifications apport\u00e9es devraient entrer en vigueur en juillet&nbsp;2023. L\u2019ACP continuera de suivre le dossier et de militer pour une couverture \u00e9galitaire des soins de physioth\u00e9rapie, qui tient compte des besoins des personnes aux prises avec des maladies chroniques, des personnes \u00e2g\u00e9es et des personnes handicap\u00e9es.<\/p>\n\n\n\n<p><strong>Sources<\/strong><\/p>\n\n\n\n<p><strong>Sources<\/strong><\/p>\n\n\n\n<p class=\"has-small-font-size\">ACFO \u2013 ACAF. (8&nbsp;ao\u00fbt&nbsp;2022). \u00ab&nbsp;Le point sur le RSSFP&nbsp;: conclusion d\u2019une nouvelle entente de principe&nbsp;\u00bb. Consult\u00e9 en ligne.<\/p>\n\n\n\n<figure class=\"wp-block-embed is-type-wp-embed is-provider-acfo-acaf wp-block-embed-acfo-acaf\"><div class=\"wp-block-embed__wrapper\">\nhttps:\/\/www.acfo-acaf.com\/fr\/2022\/08\/08\/le-point-sur-le-rssfp-conclusion-dune-nouvelle-entente-de-principe\/\n<\/div><\/figure>\n\n\n\n<p class=\"has-small-font-size\">ACP. (2022). M\u00e9moire pour les consultations pr\u00e9budg\u00e9taires en pr\u00e9vision du budget f\u00e9d\u00e9ral de 2022. Consult\u00e9 en ligne. https:\/\/www.ourcommons.ca\/Content\/Committee\/441\/FINA\/Brief\/BR11512965\/br-external\/CanadianPhysiotherapyAssociation-10481352-f.pdf<\/p>\n\n\n\n<p class=\"has-small-font-size\">Association nationale des retrait\u00e9s f\u00e9d\u00e9raux. (8&nbsp;ao\u00fbt&nbsp;2022). L\u2019Association conclut une entente par rapport au RSSFP qui priorise les demandes des pensionn\u00e9.e.s. Consult\u00e9 en ligne. https:\/\/www.federalretirees.ca\/fr\/nouvelles-opinions\/dernieres-nouvelles\/aout\/lassociation-conclut-une-entente-par-rapport-au-rssfp<\/p>\n\n\n\n<p class=\"has-small-font-size\">L\u2019Institut professionnel de la fonction publique du Canada. (10&nbsp;ao\u00fbt&nbsp;2022). D\u2019importantes modifications seront apport\u00e9es au R\u00e9gime de soins de sant\u00e9 de la fonction publique. Consult\u00e9 en ligne. https:\/\/pipsc.ca\/fr\/relations-de-travail\/pension-avantages\/dimportantes-modifications-seront-apportees-au-regime-de<\/p>\n\n\n\n<p class=\"has-small-font-size\">Conseil du Tr\u00e9sor du Canada. (8\u00a0ao\u00fbt\u00a02022). Conclusion d\u2019une entente de principe au sujet du renouvellement du R\u00e9gime de soins de sant\u00e9 de la fonction publique. Consult\u00e9 en ligne. https:\/\/www.canada.ca\/fr\/secretariat-conseil-tresor\/nouvelles\/2022\/08\/conclusion-dune-entente-de-principe-au-sujet-du-renouvellement-du-regime-de-soins-de-sante-de-la-fonction-publique.html <\/p>\n\n\n\n<p><strong>Renseignements<\/strong><br><br>Kayla Scott<br>Directrice principale de la repr\u00e9sentation<br>Association canadienne de physioth\u00e9rapie<br><a href=\"mailto:kscott@physiotherapy.ca\">kscott@physiotherapy.ca<\/a><\/p>\n\n\n\n<p>Caitlin Drake Smith<br>Directrice principale des communications strat\u00e9giques<br>Association canadienne de physioth\u00e9rapie<br><a href=\"mailto:cdrakesmith@physiotherapy.ca\">cdrakesmith@physiotherapy.ca<\/a><\/p>\n","protected":false},"excerpt":{"rendered":"<p>Le 8&nbsp;ao\u00fbt dernier, le gouvernement du Canada annon\u00e7ait avoir conclu une entente de principe avec les agents n\u00e9gociateurs et les repr\u00e9sentants de retrait\u00e9s pour le renouvellement du R\u00e9gime de soins de sant\u00e9 de la fonction publique (RSSFP). En avril&nbsp;2020, en [&hellip;]<\/p>\n","protected":false},"author":1851,"featured_media":0,"parent":0,"menu_order":0,"comment_status":"closed","ping_status":"closed","template":"","meta":{"inline_featured_image":false,"ep_exclude_from_search":false,"footnotes":""},"topic":[],"class_list":["post-10401","page","type-page","status-publish","hentry"],"acf":[],"yoast_head":"<!-- This site is optimized with the Yoast SEO plugin v24.7 - https:\/\/yoast.com\/wordpress\/plugins\/seo\/ -->\n<title>Modifications au R\u00e9gime de soins de sant\u00e9 de la fonction publique (RSSFP) - Canadian Physiotherapy Association<\/title>\n<meta name=\"robots\" content=\"index, follow, max-snippet:-1, max-image-preview:large, max-video-preview:-1\" \/>\n<link rel=\"canonical\" href=\"https:\/\/physiotherapy.ca\/fr\/modifications-au-regime-de-soins-de-sante-de-la-fonction-publique-rssfp\/\" \/>\n<meta property=\"og:locale\" content=\"fr_FR\" \/>\n<meta property=\"og:type\" content=\"article\" \/>\n<meta property=\"og:title\" content=\"Modifications au R\u00e9gime de soins de sant\u00e9 de la fonction publique (RSSFP) - Canadian Physiotherapy Association\" \/>\n<meta property=\"og:description\" content=\"Le 8&nbsp;ao\u00fbt dernier, le gouvernement du Canada annon\u00e7ait avoir conclu une entente de principe avec les agents n\u00e9gociateurs et les repr\u00e9sentants de retrait\u00e9s pour le renouvellement du R\u00e9gime de soins de sant\u00e9 de la fonction publique (RSSFP). En avril&nbsp;2020, en [&hellip;]\" \/>\n<meta property=\"og:url\" content=\"https:\/\/physiotherapy.ca\/fr\/modifications-au-regime-de-soins-de-sante-de-la-fonction-publique-rssfp\/\" \/>\n<meta property=\"og:site_name\" content=\"Canadian Physiotherapy Association\" \/>\n<meta property=\"article:modified_time\" content=\"2022-08-18T20:03:16+00:00\" \/>\n<meta name=\"twitter:card\" content=\"summary_large_image\" \/>\n<meta name=\"twitter:label1\" content=\"Est. reading time\" \/>\n\t<meta name=\"twitter:data1\" content=\"3 minutes\" \/>\n<script type=\"application\/ld+json\" class=\"yoast-schema-graph\">{\"@context\":\"https:\/\/schema.org\",\"@graph\":[{\"@type\":\"WebPage\",\"@id\":\"https:\/\/physiotherapy.ca\/fr\/modifications-au-regime-de-soins-de-sante-de-la-fonction-publique-rssfp\/\",\"url\":\"https:\/\/physiotherapy.ca\/fr\/modifications-au-regime-de-soins-de-sante-de-la-fonction-publique-rssfp\/\",\"name\":\"Modifications au R\u00e9gime de soins de sant\u00e9 de la fonction publique (RSSFP) - Canadian Physiotherapy Association\",\"isPartOf\":{\"@id\":\"https:\/\/physiotherapy.ca\/#website\"},\"datePublished\":\"2022-08-18T20:00:26+00:00\",\"dateModified\":\"2022-08-18T20:03:16+00:00\",\"breadcrumb\":{\"@id\":\"https:\/\/physiotherapy.ca\/fr\/modifications-au-regime-de-soins-de-sante-de-la-fonction-publique-rssfp\/#breadcrumb\"},\"inLanguage\":\"fr-FR\",\"potentialAction\":[{\"@type\":\"ReadAction\",\"target\":[\"https:\/\/physiotherapy.ca\/fr\/modifications-au-regime-de-soins-de-sante-de-la-fonction-publique-rssfp\/\"]}]},{\"@type\":\"BreadcrumbList\",\"@id\":\"https:\/\/physiotherapy.ca\/fr\/modifications-au-regime-de-soins-de-sante-de-la-fonction-publique-rssfp\/#breadcrumb\",\"itemListElement\":[{\"@type\":\"ListItem\",\"position\":1,\"name\":\"Home\",\"item\":\"https:\/\/physiotherapy.ca\/fr\/\"},{\"@type\":\"ListItem\",\"position\":2,\"name\":\"Modifications au R\u00e9gime de soins de sant\u00e9 de la fonction publique (RSSFP)\"}]},{\"@type\":\"WebSite\",\"@id\":\"https:\/\/physiotherapy.ca\/#website\",\"url\":\"https:\/\/physiotherapy.ca\/\",\"name\":\"Canadian Physiotherapy Association\",\"description\":\"The Canadian Physiotherapy Association (CPA) represents over 16,000 physiotherapy professionals and students across Canada.\",\"potentialAction\":[{\"@type\":\"SearchAction\",\"target\":{\"@type\":\"EntryPoint\",\"urlTemplate\":\"https:\/\/physiotherapy.ca\/?s={search_term_string}\"},\"query-input\":{\"@type\":\"PropertyValueSpecification\",\"valueRequired\":true,\"valueName\":\"search_term_string\"}}],\"inLanguage\":\"fr-FR\"}]}<\/script>\n<!-- \/ Yoast SEO plugin. -->","yoast_head_json":{"title":"Modifications au R\u00e9gime de soins de sant\u00e9 de la fonction publique (RSSFP) - Canadian Physiotherapy Association","robots":{"index":"index","follow":"follow","max-snippet":"max-snippet:-1","max-image-preview":"max-image-preview:large","max-video-preview":"max-video-preview:-1"},"canonical":"https:\/\/physiotherapy.ca\/fr\/modifications-au-regime-de-soins-de-sante-de-la-fonction-publique-rssfp\/","og_locale":"fr_FR","og_type":"article","og_title":"Modifications au R\u00e9gime de soins de sant\u00e9 de la fonction publique (RSSFP) - Canadian Physiotherapy Association","og_description":"Le 8&nbsp;ao\u00fbt dernier, le gouvernement du Canada annon\u00e7ait avoir conclu une entente de principe avec les agents n\u00e9gociateurs et les repr\u00e9sentants de retrait\u00e9s pour le renouvellement du R\u00e9gime de soins de sant\u00e9 de la fonction publique (RSSFP). En avril&nbsp;2020, en [&hellip;]","og_url":"https:\/\/physiotherapy.ca\/fr\/modifications-au-regime-de-soins-de-sante-de-la-fonction-publique-rssfp\/","og_site_name":"Canadian Physiotherapy Association","article_modified_time":"2022-08-18T20:03:16+00:00","twitter_card":"summary_large_image","twitter_misc":{"Est. reading time":"3 minutes"},"schema":{"@context":"https:\/\/schema.org","@graph":[{"@type":"WebPage","@id":"https:\/\/physiotherapy.ca\/fr\/modifications-au-regime-de-soins-de-sante-de-la-fonction-publique-rssfp\/","url":"https:\/\/physiotherapy.ca\/fr\/modifications-au-regime-de-soins-de-sante-de-la-fonction-publique-rssfp\/","name":"Modifications au R\u00e9gime de soins de sant\u00e9 de la fonction publique (RSSFP) - Canadian Physiotherapy Association","isPartOf":{"@id":"https:\/\/physiotherapy.ca\/#website"},"datePublished":"2022-08-18T20:00:26+00:00","dateModified":"2022-08-18T20:03:16+00:00","breadcrumb":{"@id":"https:\/\/physiotherapy.ca\/fr\/modifications-au-regime-de-soins-de-sante-de-la-fonction-publique-rssfp\/#breadcrumb"},"inLanguage":"fr-FR","potentialAction":[{"@type":"ReadAction","target":["https:\/\/physiotherapy.ca\/fr\/modifications-au-regime-de-soins-de-sante-de-la-fonction-publique-rssfp\/"]}]},{"@type":"BreadcrumbList","@id":"https:\/\/physiotherapy.ca\/fr\/modifications-au-regime-de-soins-de-sante-de-la-fonction-publique-rssfp\/#breadcrumb","itemListElement":[{"@type":"ListItem","position":1,"name":"Home","item":"https:\/\/physiotherapy.ca\/fr\/"},{"@type":"ListItem","position":2,"name":"Modifications au R\u00e9gime de soins de sant\u00e9 de la fonction publique (RSSFP)"}]},{"@type":"WebSite","@id":"https:\/\/physiotherapy.ca\/#website","url":"https:\/\/physiotherapy.ca\/","name":"Canadian Physiotherapy Association","description":"The Canadian Physiotherapy Association (CPA) represents over 16,000 physiotherapy professionals and students across Canada.","potentialAction":[{"@type":"SearchAction","target":{"@type":"EntryPoint","urlTemplate":"https:\/\/physiotherapy.ca\/?s={search_term_string}"},"query-input":{"@type":"PropertyValueSpecification","valueRequired":true,"valueName":"search_term_string"}}],"inLanguage":"fr-FR"}]}},"_links":{"self":[{"href":"https:\/\/physiotherapy.ca\/fr\/wp-json\/wp\/v2\/pages\/10401","targetHints":{"allow":["GET"]}}],"collection":[{"href":"https:\/\/physiotherapy.ca\/fr\/wp-json\/wp\/v2\/pages"}],"about":[{"href":"https:\/\/physiotherapy.ca\/fr\/wp-json\/wp\/v2\/types\/page"}],"author":[{"embeddable":true,"href":"https:\/\/physiotherapy.ca\/fr\/wp-json\/wp\/v2\/users\/1851"}],"replies":[{"embeddable":true,"href":"https:\/\/physiotherapy.ca\/fr\/wp-json\/wp\/v2\/comments?post=10401"}],"version-history":[{"count":3,"href":"https:\/\/physiotherapy.ca\/fr\/wp-json\/wp\/v2\/pages\/10401\/revisions"}],"predecessor-version":[{"id":10405,"href":"https:\/\/physiotherapy.ca\/fr\/wp-json\/wp\/v2\/pages\/10401\/revisions\/10405"}],"wp:attachment":[{"href":"https:\/\/physiotherapy.ca\/fr\/wp-json\/wp\/v2\/media?parent=10401"}],"wp:term":[{"taxonomy":"topic","embeddable":true,"href":"https:\/\/physiotherapy.ca\/fr\/wp-json\/wp\/v2\/topic?post=10401"}],"curies":[{"name":"wp","href":"https:\/\/api.w.org\/{rel}","templated":true}]}}