{"id":104333,"date":"2023-06-02T14:20:42","date_gmt":"2023-06-02T18:20:42","guid":{"rendered":"https:\/\/physiotherapy.ca\/?page_id=104333"},"modified":"2023-06-02T14:25:11","modified_gmt":"2023-06-02T18:25:11","slug":"michel-landry-ancien-president-de-lacp-elu-president-de-world-physiotherapy","status":"publish","type":"page","link":"https:\/\/physiotherapy.ca\/fr\/michel-landry-ancien-president-de-lacp-elu-president-de-world-physiotherapy\/","title":{"rendered":"Michel Landry, ancien pr\u00e9sident de l\u2019ACP, \u00e9lu pr\u00e9sident de World Physiotherapy"},"content":{"rendered":"\n<p>L\u2019Association canadienne de physioth\u00e9rapie (ACP) f\u00e9licite chaudement Michel Landry pour son \u00e9lection comme pr\u00e9sident de World Physiotherapy. Physioth\u00e9rapeute de renom, M.&nbsp;Landry a occup\u00e9 des postes de cadre au sein de la profession pendant trois d\u00e9cennies, notamment celui de pr\u00e9sident de l\u2019ACP. Au cours de sa longue carri\u00e8re, il a travaill\u00e9 aupr\u00e8s d\u2019associations de physioth\u00e9rapie du monde entier, d\u2019organismes mondiaux de sant\u00e9, d\u2019entreprises, de cliniques priv\u00e9es et d\u2019\u00e9tablissements d\u2019enseignement.<\/p>\n\n\n\n<p>Nous sommes ravis que la direction de l\u2019organisme repr\u00e9sentant la physioth\u00e9rapie dans le monde ait \u00e9t\u00e9 confi\u00e9e \u00e0 un Canadien, ancien pr\u00e9sident de l\u2019ACP et leader d\u2019envergure.<\/p>\n\n\n\n<p>M.&nbsp;Landry commencera son mandat de quatre&nbsp;ans le 4&nbsp;juin&nbsp;2023. Nous avons h\u00e2te de collaborer avec lui pour faire rayonner la profession au Canada et ailleurs.<\/p>\n\n\n\n<p><strong>\u00c0 propos de Michel Landry<\/strong><\/p>\n\n\n\n<p>M.&nbsp;Landry est professeur \u00e0 la Western Norway University of Applied Sciences (Norv\u00e8ge). Auparavant, il a \u00e9t\u00e9 directeur et vice-recteur du D\u00e9partement de sant\u00e9 mondiale de la Virginia Commonwealth University, ainsi que chef de la division de doctorat en physioth\u00e9rapie de l\u2019Universit\u00e9 Duke. Ses innovations p\u00e9dagogiques sont ax\u00e9es sur la sant\u00e9 mondiale, le renforcement du syst\u00e8me de sant\u00e9 et les services et politiques de r\u00e9adaptation.&nbsp;<\/p>\n\n\n\n<p>Au cours de sa carri\u00e8re, M.&nbsp;Landry a occup\u00e9 divers postes de cadre \u2013 notamment celui de pr\u00e9sident de l\u2019Association canadienne de physioth\u00e9rapie \u2013 aupr\u00e8s d\u2019associations de physioth\u00e9rapie du monde entier, d\u2019organismes mondiaux de sant\u00e9, d\u2019entreprises, de cliniques priv\u00e9es et d\u2019\u00e9tablissements d\u2019enseignement.&nbsp;<\/p>\n\n\n\n<p>Il a \u00e9galement re\u00e7u le prix International Service Award de la Conf\u00e9d\u00e9ration mondiale pour la th\u00e9rapie physique (2015) ainsi que le prix de la Conf\u00e9rence comm\u00e9morative Enid-Graham (2020), la plus haute distinction accord\u00e9e par l\u2019ACP.&nbsp;<\/p>\n\n\n\n<p><strong>Ressources<\/strong><\/p>\n\n\n\n<ul class=\"wp-block-list\"><li>Pour en savoir plus sur <a href=\"https:\/\/drmikelandry.ca\/\">la vision d\u2019avenir de M.&nbsp;Landry pour World Physiotherapy, cliquez ici<\/a>.&nbsp;<\/li><li>Consultez l\u2019<a href=\"https:\/\/world.physio\/fr\/news\/physiotherapy-member-organisations-elect-world-physiotherapy-president-and-vice-president\">annonce de World Physiotherapy<\/a>.<\/li><\/ul>\n\n\n\n<p><strong>Publications de l\u2019ACP sur les m\u00e9dias sociaux<\/strong><\/p>\n\n\n\n<p>L\u2019Association canadienne de physioth\u00e9rapie (ACP) f\u00e9licite chaudement Michel Landry pour son \u00e9lection comme pr\u00e9sident de World Physiotherapy. Physioth\u00e9rapeute de renom, M.&nbsp;Landry a occup\u00e9 des postes de cadre au sein de la profession pendant trois d\u00e9cennies, notamment celui de pr\u00e9sident de l\u2019ACP.&nbsp;<\/p>\n\n\n\n<p>Nous sommes ravis que la direction de l\u2019organisme repr\u00e9sentant la physioth\u00e9rapie dans le monde ait \u00e9t\u00e9 confi\u00e9e \u00e0 un Canadien, ancien pr\u00e9sident de l\u2019ACP et leader d\u2019envergure.<\/p>\n\n\n\n<p>M.&nbsp;Landry commencera son mandat de quatre&nbsp;ans le 4&nbsp;juin&nbsp;2023. Nous avons h\u00e2te de collaborer avec lui pour faire rayonner la profession au Canada et ailleurs.<\/p>\n\n\n\n<p>Pour lire notre d\u00e9claration compl\u00e8te et en savoir plus sur la vision d\u2019avenir de M.\u00a0Landry pour World Physiotherapy, cliquez ici\/cliquez sur le lien dans notre bio.<\/p>\n","protected":false},"excerpt":{"rendered":"<p>L\u2019Association canadienne de physioth\u00e9rapie (ACP) f\u00e9licite chaudement Michel Landry pour son \u00e9lection comme pr\u00e9sident de World Physiotherapy. Physioth\u00e9rapeute de renom, M.&nbsp;Landry a occup\u00e9 des postes de cadre au sein de la profession pendant trois d\u00e9cennies, notamment celui de pr\u00e9sident de [&hellip;]<\/p>\n","protected":false},"author":22386,"featured_media":0,"parent":0,"menu_order":0,"comment_status":"closed","ping_status":"closed","template":"","meta":{"inline_featured_image":false,"ep_exclude_from_search":false,"footnotes":""},"topic":[],"class_list":["post-104333","page","type-page","status-publish","hentry"],"acf":[],"yoast_head":"<!-- This site is optimized with the Yoast SEO plugin v24.7 - https:\/\/yoast.com\/wordpress\/plugins\/seo\/ -->\n<title>Michel Landry, ancien pr\u00e9sident de l\u2019ACP, \u00e9lu pr\u00e9sident de World Physiotherapy - Canadian Physiotherapy Association<\/title>\n<meta name=\"robots\" content=\"index, follow, max-snippet:-1, max-image-preview:large, max-video-preview:-1\" \/>\n<link rel=\"canonical\" href=\"https:\/\/physiotherapy.ca\/fr\/michel-landry-ancien-president-de-lacp-elu-president-de-world-physiotherapy\/\" \/>\n<meta property=\"og:locale\" content=\"fr_FR\" \/>\n<meta property=\"og:type\" content=\"article\" \/>\n<meta property=\"og:title\" content=\"Michel Landry, ancien pr\u00e9sident de l\u2019ACP, \u00e9lu pr\u00e9sident de World Physiotherapy - Canadian Physiotherapy Association\" \/>\n<meta property=\"og:description\" content=\"L\u2019Association canadienne de physioth\u00e9rapie (ACP) f\u00e9licite chaudement Michel Landry pour son \u00e9lection comme pr\u00e9sident de World Physiotherapy. Physioth\u00e9rapeute de renom, M.&nbsp;Landry a occup\u00e9 des postes de cadre au sein de la profession pendant trois d\u00e9cennies, notamment celui de pr\u00e9sident de [&hellip;]\" \/>\n<meta property=\"og:url\" content=\"https:\/\/physiotherapy.ca\/fr\/michel-landry-ancien-president-de-lacp-elu-president-de-world-physiotherapy\/\" \/>\n<meta property=\"og:site_name\" content=\"Canadian Physiotherapy Association\" \/>\n<meta property=\"article:modified_time\" content=\"2023-06-02T18:25:11+00:00\" \/>\n<meta name=\"twitter:card\" content=\"summary_large_image\" \/>\n<meta name=\"twitter:label1\" content=\"Est. reading time\" \/>\n\t<meta name=\"twitter:data1\" content=\"2 minutes\" \/>\n<script type=\"application\/ld+json\" class=\"yoast-schema-graph\">{\"@context\":\"https:\/\/schema.org\",\"@graph\":[{\"@type\":\"WebPage\",\"@id\":\"https:\/\/physiotherapy.ca\/fr\/michel-landry-ancien-president-de-lacp-elu-president-de-world-physiotherapy\/\",\"url\":\"https:\/\/physiotherapy.ca\/fr\/michel-landry-ancien-president-de-lacp-elu-president-de-world-physiotherapy\/\",\"name\":\"Michel Landry, ancien pr\u00e9sident de l\u2019ACP, \u00e9lu pr\u00e9sident de World Physiotherapy - Canadian Physiotherapy Association\",\"isPartOf\":{\"@id\":\"https:\/\/physiotherapy.ca\/#website\"},\"datePublished\":\"2023-06-02T18:20:42+00:00\",\"dateModified\":\"2023-06-02T18:25:11+00:00\",\"breadcrumb\":{\"@id\":\"https:\/\/physiotherapy.ca\/fr\/michel-landry-ancien-president-de-lacp-elu-president-de-world-physiotherapy\/#breadcrumb\"},\"inLanguage\":\"fr-FR\",\"potentialAction\":[{\"@type\":\"ReadAction\",\"target\":[\"https:\/\/physiotherapy.ca\/fr\/michel-landry-ancien-president-de-lacp-elu-president-de-world-physiotherapy\/\"]}]},{\"@type\":\"BreadcrumbList\",\"@id\":\"https:\/\/physiotherapy.ca\/fr\/michel-landry-ancien-president-de-lacp-elu-president-de-world-physiotherapy\/#breadcrumb\",\"itemListElement\":[{\"@type\":\"ListItem\",\"position\":1,\"name\":\"Home\",\"item\":\"https:\/\/physiotherapy.ca\/fr\/\"},{\"@type\":\"ListItem\",\"position\":2,\"name\":\"Michel Landry, ancien pr\u00e9sident de l\u2019ACP, \u00e9lu pr\u00e9sident de World Physiotherapy\"}]},{\"@type\":\"WebSite\",\"@id\":\"https:\/\/physiotherapy.ca\/#website\",\"url\":\"https:\/\/physiotherapy.ca\/\",\"name\":\"Canadian Physiotherapy Association\",\"description\":\"The Canadian Physiotherapy Association (CPA) represents over 16,000 physiotherapy professionals and students across Canada.\",\"potentialAction\":[{\"@type\":\"SearchAction\",\"target\":{\"@type\":\"EntryPoint\",\"urlTemplate\":\"https:\/\/physiotherapy.ca\/?s={search_term_string}\"},\"query-input\":{\"@type\":\"PropertyValueSpecification\",\"valueRequired\":true,\"valueName\":\"search_term_string\"}}],\"inLanguage\":\"fr-FR\"}]}<\/script>\n<!-- \/ Yoast SEO plugin. -->","yoast_head_json":{"title":"Michel Landry, ancien pr\u00e9sident de l\u2019ACP, \u00e9lu pr\u00e9sident de World Physiotherapy - Canadian Physiotherapy Association","robots":{"index":"index","follow":"follow","max-snippet":"max-snippet:-1","max-image-preview":"max-image-preview:large","max-video-preview":"max-video-preview:-1"},"canonical":"https:\/\/physiotherapy.ca\/fr\/michel-landry-ancien-president-de-lacp-elu-president-de-world-physiotherapy\/","og_locale":"fr_FR","og_type":"article","og_title":"Michel Landry, ancien pr\u00e9sident de l\u2019ACP, \u00e9lu pr\u00e9sident de World Physiotherapy - Canadian Physiotherapy Association","og_description":"L\u2019Association canadienne de physioth\u00e9rapie (ACP) f\u00e9licite chaudement Michel Landry pour son \u00e9lection comme pr\u00e9sident de World Physiotherapy. Physioth\u00e9rapeute de renom, M.&nbsp;Landry a occup\u00e9 des postes de cadre au sein de la profession pendant trois d\u00e9cennies, notamment celui de pr\u00e9sident de [&hellip;]","og_url":"https:\/\/physiotherapy.ca\/fr\/michel-landry-ancien-president-de-lacp-elu-president-de-world-physiotherapy\/","og_site_name":"Canadian Physiotherapy Association","article_modified_time":"2023-06-02T18:25:11+00:00","twitter_card":"summary_large_image","twitter_misc":{"Est. reading time":"2 minutes"},"schema":{"@context":"https:\/\/schema.org","@graph":[{"@type":"WebPage","@id":"https:\/\/physiotherapy.ca\/fr\/michel-landry-ancien-president-de-lacp-elu-president-de-world-physiotherapy\/","url":"https:\/\/physiotherapy.ca\/fr\/michel-landry-ancien-president-de-lacp-elu-president-de-world-physiotherapy\/","name":"Michel Landry, ancien pr\u00e9sident de l\u2019ACP, \u00e9lu pr\u00e9sident de World Physiotherapy - Canadian Physiotherapy Association","isPartOf":{"@id":"https:\/\/physiotherapy.ca\/#website"},"datePublished":"2023-06-02T18:20:42+00:00","dateModified":"2023-06-02T18:25:11+00:00","breadcrumb":{"@id":"https:\/\/physiotherapy.ca\/fr\/michel-landry-ancien-president-de-lacp-elu-president-de-world-physiotherapy\/#breadcrumb"},"inLanguage":"fr-FR","potentialAction":[{"@type":"ReadAction","target":["https:\/\/physiotherapy.ca\/fr\/michel-landry-ancien-president-de-lacp-elu-president-de-world-physiotherapy\/"]}]},{"@type":"BreadcrumbList","@id":"https:\/\/physiotherapy.ca\/fr\/michel-landry-ancien-president-de-lacp-elu-president-de-world-physiotherapy\/#breadcrumb","itemListElement":[{"@type":"ListItem","position":1,"name":"Home","item":"https:\/\/physiotherapy.ca\/fr\/"},{"@type":"ListItem","position":2,"name":"Michel Landry, ancien pr\u00e9sident de l\u2019ACP, \u00e9lu pr\u00e9sident de World Physiotherapy"}]},{"@type":"WebSite","@id":"https:\/\/physiotherapy.ca\/#website","url":"https:\/\/physiotherapy.ca\/","name":"Canadian Physiotherapy Association","description":"The Canadian Physiotherapy Association (CPA) represents over 16,000 physiotherapy professionals and students across Canada.","potentialAction":[{"@type":"SearchAction","target":{"@type":"EntryPoint","urlTemplate":"https:\/\/physiotherapy.ca\/?s={search_term_string}"},"query-input":{"@type":"PropertyValueSpecification","valueRequired":true,"valueName":"search_term_string"}}],"inLanguage":"fr-FR"}]}},"_links":{"self":[{"href":"https:\/\/physiotherapy.ca\/fr\/wp-json\/wp\/v2\/pages\/104333","targetHints":{"allow":["GET"]}}],"collection":[{"href":"https:\/\/physiotherapy.ca\/fr\/wp-json\/wp\/v2\/pages"}],"about":[{"href":"https:\/\/physiotherapy.ca\/fr\/wp-json\/wp\/v2\/types\/page"}],"author":[{"embeddable":true,"href":"https:\/\/physiotherapy.ca\/fr\/wp-json\/wp\/v2\/users\/22386"}],"replies":[{"embeddable":true,"href":"https:\/\/physiotherapy.ca\/fr\/wp-json\/wp\/v2\/comments?post=104333"}],"version-history":[{"count":2,"href":"https:\/\/physiotherapy.ca\/fr\/wp-json\/wp\/v2\/pages\/104333\/revisions"}],"predecessor-version":[{"id":104342,"href":"https:\/\/physiotherapy.ca\/fr\/wp-json\/wp\/v2\/pages\/104333\/revisions\/104342"}],"wp:attachment":[{"href":"https:\/\/physiotherapy.ca\/fr\/wp-json\/wp\/v2\/media?parent=104333"}],"wp:term":[{"taxonomy":"topic","embeddable":true,"href":"https:\/\/physiotherapy.ca\/fr\/wp-json\/wp\/v2\/topic?post=104333"}],"curies":[{"name":"wp","href":"https:\/\/api.w.org\/{rel}","templated":true}]}}