{"id":155287,"date":"2023-10-30T15:46:23","date_gmt":"2023-10-30T19:46:23","guid":{"rendered":"https:\/\/physiotherapy.ca\/?page_id=155287"},"modified":"2024-02-21T15:57:20","modified_gmt":"2024-02-21T20:57:20","slug":"congres-2024","status":"publish","type":"page","link":"https:\/\/physiotherapy.ca\/fr\/congres-2024\/","title":{"rendered":"Congr\u00e8s 2024"},"content":{"rendered":"\n<figure class=\"wp-block-image size-large\"><img loading=\"lazy\" decoding=\"async\" width=\"1024\" height=\"208\" src=\"https:\/\/physiotherapy.ca\/app\/uploads\/2023\/10\/C24-WEB-BANNER-FR-2-1024x208.jpg\" alt=\"\" class=\"wp-image-155288\" srcset=\"https:\/\/physiotherapy.ca\/app\/uploads\/2023\/10\/C24-WEB-BANNER-FR-2-1024x208.jpg 1024w, https:\/\/physiotherapy.ca\/app\/uploads\/2023\/10\/C24-WEB-BANNER-FR-2-300x61.jpg 300w, https:\/\/physiotherapy.ca\/app\/uploads\/2023\/10\/C24-WEB-BANNER-FR-2-768x156.jpg 768w, https:\/\/physiotherapy.ca\/app\/uploads\/2023\/10\/C24-WEB-BANNER-FR-2-390x79.jpg 390w, https:\/\/physiotherapy.ca\/app\/uploads\/2023\/10\/C24-WEB-BANNER-FR-2-600x122.jpg 600w, https:\/\/physiotherapy.ca\/app\/uploads\/2023\/10\/C24-WEB-BANNER-FR-2.jpg 1169w\" sizes=\"auto, (max-width: 1024px) 100vw, 1024px\" \/><\/figure>\n\n\n\n<div style=\"height:15px\" aria-hidden=\"true\" class=\"wp-block-spacer\"><\/div>\n\n\n\n<p>Nous sommes ravi d\u2019annoncer que le Congr\u00e8s de l\u2019ACP 2024 aura lieu dans la belle ville de Vancouver, en Colombie-Britannique ! Joignez-vous \u00e0 nous du 25 au 27 avril au Sheraton Wall Centre pour rencontrer des coll\u00e8gues de partout au pays, apprendre et \u00eatre inspir\u00e9.<\/p>\n\n\n\n<p>Le Congr\u00e8s 2024 comprendra des occasions d\u2019engagement communautaire inclusives, de la recherche et de l\u2019\u00e9ducation, un salon professionnel unique en son genre, et bien plus encore !<\/p>\n\n\n\n<div class=\"wp-block-columns is-layout-flex wp-container-core-columns-is-layout-1 wp-block-columns-is-layout-flex\">\n<div class=\"wp-block-column is-layout-flow wp-block-column-is-layout-flow\">\n<div class=\"wp-block-media-text alignwide is-stacked-on-mobile\"><figure class=\"wp-block-media-text__media\"><img loading=\"lazy\" decoding=\"async\" width=\"1024\" height=\"1024\" src=\"https:\/\/physiotherapy.ca\/app\/uploads\/2023\/10\/Congress-2024_Registration3-1024x1024.png\" alt=\"Registration\" class=\"wp-image-155249 size-full\" srcset=\"https:\/\/physiotherapy.ca\/app\/uploads\/2023\/10\/Congress-2024_Registration3-1024x1024.png 1024w, https:\/\/physiotherapy.ca\/app\/uploads\/2023\/10\/Congress-2024_Registration3-300x300.png 300w, https:\/\/physiotherapy.ca\/app\/uploads\/2023\/10\/Congress-2024_Registration3-150x150.png 150w, https:\/\/physiotherapy.ca\/app\/uploads\/2023\/10\/Congress-2024_Registration3-768x768.png 768w, https:\/\/physiotherapy.ca\/app\/uploads\/2023\/10\/Congress-2024_Registration3-1536x1536.png 1536w, https:\/\/physiotherapy.ca\/app\/uploads\/2023\/10\/Congress-2024_Registration3-200x200.png 200w, https:\/\/physiotherapy.ca\/app\/uploads\/2023\/10\/Congress-2024_Registration3-100x100.png 100w, https:\/\/physiotherapy.ca\/app\/uploads\/2023\/10\/Congress-2024_Registration3-600x600.png 600w, https:\/\/physiotherapy.ca\/app\/uploads\/2023\/10\/Congress-2024_Registration3.png 1654w\" sizes=\"auto, (max-width: 1024px) 100vw, 1024px\" \/><\/figure><div class=\"wp-block-media-text__content\">\n<h4 class=\"wp-block-heading\">Inscription<\/h4>\n\n\n\n<p><a href=\"https:\/\/physiotherapy.ca\/fr\/congres-2024\/inscription-au-congres-2024\/\">En savoir plus<\/a><\/p>\n<\/div><\/div>\n<\/div>\n\n\n\n<div class=\"wp-block-column is-layout-flow wp-block-column-is-layout-flow\">\n<div class=\"wp-block-media-text alignwide is-stacked-on-mobile\"><figure class=\"wp-block-media-text__media\"><img loading=\"lazy\" decoding=\"async\" width=\"1024\" height=\"1024\" src=\"https:\/\/physiotherapy.ca\/app\/uploads\/2023\/10\/Congress-2024_Call-for-Presenters2-1024x1024.png\" alt=\"Call for presenters\" class=\"wp-image-155246 size-full\" srcset=\"https:\/\/physiotherapy.ca\/app\/uploads\/2023\/10\/Congress-2024_Call-for-Presenters2-1024x1024.png 1024w, https:\/\/physiotherapy.ca\/app\/uploads\/2023\/10\/Congress-2024_Call-for-Presenters2-300x300.png 300w, https:\/\/physiotherapy.ca\/app\/uploads\/2023\/10\/Congress-2024_Call-for-Presenters2-150x150.png 150w, https:\/\/physiotherapy.ca\/app\/uploads\/2023\/10\/Congress-2024_Call-for-Presenters2-768x768.png 768w, https:\/\/physiotherapy.ca\/app\/uploads\/2023\/10\/Congress-2024_Call-for-Presenters2-1536x1536.png 1536w, https:\/\/physiotherapy.ca\/app\/uploads\/2023\/10\/Congress-2024_Call-for-Presenters2-200x200.png 200w, https:\/\/physiotherapy.ca\/app\/uploads\/2023\/10\/Congress-2024_Call-for-Presenters2-100x100.png 100w, https:\/\/physiotherapy.ca\/app\/uploads\/2023\/10\/Congress-2024_Call-for-Presenters2-600x600.png 600w, https:\/\/physiotherapy.ca\/app\/uploads\/2023\/10\/Congress-2024_Call-for-Presenters2.png 1654w\" sizes=\"auto, (max-width: 1024px) 100vw, 1024px\" \/><\/figure><div class=\"wp-block-media-text__content\">\n<h4 class=\"wp-block-heading\">Appel de pr\u00e9sentations<\/h4>\n\n\n\n<p><a href=\"https:\/\/physiotherapy.ca\/fr\/appel-de-presentations-2024\/\">En savoir plus<\/a><\/p>\n<\/div><\/div>\n<\/div>\n<\/div>\n\n\n\n<div class=\"wp-block-columns is-layout-flex wp-container-core-columns-is-layout-2 wp-block-columns-is-layout-flex\">\n<div class=\"wp-block-column is-layout-flow wp-block-column-is-layout-flow\">\n<div class=\"wp-block-media-text alignwide is-stacked-on-mobile\"><figure class=\"wp-block-media-text__media\"><img loading=\"lazy\" decoding=\"async\" width=\"1024\" height=\"1024\" src=\"https:\/\/physiotherapy.ca\/app\/uploads\/2023\/11\/Congress2024_Hotel-travel-1024x1024.png\" alt=\"\" class=\"wp-image-159695 size-full\" srcset=\"https:\/\/physiotherapy.ca\/app\/uploads\/2023\/11\/Congress2024_Hotel-travel-1024x1024.png 1024w, https:\/\/physiotherapy.ca\/app\/uploads\/2023\/11\/Congress2024_Hotel-travel-300x300.png 300w, https:\/\/physiotherapy.ca\/app\/uploads\/2023\/11\/Congress2024_Hotel-travel-150x150.png 150w, https:\/\/physiotherapy.ca\/app\/uploads\/2023\/11\/Congress2024_Hotel-travel-768x768.png 768w, https:\/\/physiotherapy.ca\/app\/uploads\/2023\/11\/Congress2024_Hotel-travel-1536x1536.png 1536w, https:\/\/physiotherapy.ca\/app\/uploads\/2023\/11\/Congress2024_Hotel-travel-200x200.png 200w, https:\/\/physiotherapy.ca\/app\/uploads\/2023\/11\/Congress2024_Hotel-travel-100x100.png 100w, https:\/\/physiotherapy.ca\/app\/uploads\/2023\/11\/Congress2024_Hotel-travel-600x600.png 600w, https:\/\/physiotherapy.ca\/app\/uploads\/2023\/11\/Congress2024_Hotel-travel.png 1654w\" sizes=\"auto, (max-width: 1024px) 100vw, 1024px\" \/><\/figure><div class=\"wp-block-media-text__content\">\n<h4 class=\"wp-block-heading\">Informations sur l&#8217;h\u00f4tel<\/h4>\n\n\n\n<p><a href=\"https:\/\/physiotherapy.ca\/fr\/congres-2024\/informations-sur-lhotel\/\">En savoir plus<\/a><\/p>\n<\/div><\/div>\n\n\n\n<div class=\"wp-block-media-text alignwide is-stacked-on-mobile\"><figure class=\"wp-block-media-text__media\"><img loading=\"lazy\" decoding=\"async\" width=\"1024\" height=\"1024\" src=\"https:\/\/physiotherapy.ca\/app\/uploads\/2024\/02\/Congress2024_Speakers-1024x1024.png\" alt=\"\" class=\"wp-image-180997 size-full\" srcset=\"https:\/\/physiotherapy.ca\/app\/uploads\/2024\/02\/Congress2024_Speakers-1024x1024.png 1024w, https:\/\/physiotherapy.ca\/app\/uploads\/2024\/02\/Congress2024_Speakers-300x300.png 300w, https:\/\/physiotherapy.ca\/app\/uploads\/2024\/02\/Congress2024_Speakers-150x150.png 150w, https:\/\/physiotherapy.ca\/app\/uploads\/2024\/02\/Congress2024_Speakers-768x768.png 768w, https:\/\/physiotherapy.ca\/app\/uploads\/2024\/02\/Congress2024_Speakers-1536x1536.png 1536w, https:\/\/physiotherapy.ca\/app\/uploads\/2024\/02\/Congress2024_Speakers-200x200.png 200w, https:\/\/physiotherapy.ca\/app\/uploads\/2024\/02\/Congress2024_Speakers-100x100.png 100w, https:\/\/physiotherapy.ca\/app\/uploads\/2024\/02\/Congress2024_Speakers-600x600.png 600w, https:\/\/physiotherapy.ca\/app\/uploads\/2024\/02\/Congress2024_Speakers.png 1654w\" sizes=\"auto, (max-width: 1024px) 100vw, 1024px\" \/><\/figure><div class=\"wp-block-media-text__content\">\n<h4 class=\"wp-block-heading\">Orateurs principaux<\/h4>\n\n\n\n<p><a href=\"http:\/\/physiotherapy.ca\/fr\/congres-2024\/orateurs-principaux\/\">En savoir plus<\/a><\/p>\n<\/div><\/div>\n<\/div>\n\n\n\n<div class=\"wp-block-column is-layout-flow wp-block-column-is-layout-flow\">\n<div class=\"wp-block-media-text is-stacked-on-mobile\"><figure class=\"wp-block-media-text__media\"><a href=\"https:\/\/physiotherapy.ca\/app\/uploads\/2024\/02\/CONGRESS-2024-PROGRAM-SCHEDULE-FR-FINAL.pdf\"><img loading=\"lazy\" decoding=\"async\" width=\"1024\" height=\"1024\" src=\"https:\/\/physiotherapy.ca\/app\/uploads\/2024\/02\/Congress2024_Program-1-1024x1024.png\" alt=\"\" class=\"wp-image-180398 size-full\" srcset=\"https:\/\/physiotherapy.ca\/app\/uploads\/2024\/02\/Congress2024_Program-1-1024x1024.png 1024w, https:\/\/physiotherapy.ca\/app\/uploads\/2024\/02\/Congress2024_Program-1-300x300.png 300w, https:\/\/physiotherapy.ca\/app\/uploads\/2024\/02\/Congress2024_Program-1-150x150.png 150w, https:\/\/physiotherapy.ca\/app\/uploads\/2024\/02\/Congress2024_Program-1-768x768.png 768w, https:\/\/physiotherapy.ca\/app\/uploads\/2024\/02\/Congress2024_Program-1-1536x1536.png 1536w, https:\/\/physiotherapy.ca\/app\/uploads\/2024\/02\/Congress2024_Program-1-200x200.png 200w, https:\/\/physiotherapy.ca\/app\/uploads\/2024\/02\/Congress2024_Program-1-100x100.png 100w, https:\/\/physiotherapy.ca\/app\/uploads\/2024\/02\/Congress2024_Program-1-600x600.png 600w, https:\/\/physiotherapy.ca\/app\/uploads\/2024\/02\/Congress2024_Program-1.png 1654w\" sizes=\"auto, (max-width: 1024px) 100vw, 1024px\" \/><\/a><\/figure><div class=\"wp-block-media-text__content\">\n<h4 class=\"wp-block-heading\">Horaire du Programme<\/h4>\n\n\n\n<p><a href=\"https:\/\/physiotherapy.ca\/app\/uploads\/2024\/02\/CONGRESS-2024-PROGRAM-SCHEDULE-FR-FINAL.pdf\">En savoir plus<\/a><\/p>\n<\/div><\/div>\n<\/div>\n<\/div>\n","protected":false},"excerpt":{"rendered":"<p>Nous sommes ravi d\u2019annoncer que le Congr\u00e8s de l\u2019ACP 2024 aura lieu dans la belle ville de Vancouver, en Colombie-Britannique ! Joignez-vous \u00e0 nous du 25 au 27 avril au Sheraton Wall Centre pour rencontrer des coll\u00e8gues de partout au [&hellip;]<\/p>\n","protected":false},"author":23735,"featured_media":0,"parent":0,"menu_order":0,"comment_status":"closed","ping_status":"closed","template":"","meta":{"inline_featured_image":false,"ep_exclude_from_search":false,"footnotes":""},"topic":[],"class_list":["post-155287","page","type-page","status-publish","hentry"],"acf":[],"yoast_head":"<!-- This site is optimized with the Yoast SEO plugin v24.7 - https:\/\/yoast.com\/wordpress\/plugins\/seo\/ -->\n<title>Congr\u00e8s 2024 - Canadian Physiotherapy Association<\/title>\n<meta name=\"robots\" content=\"index, follow, max-snippet:-1, max-image-preview:large, max-video-preview:-1\" \/>\n<link rel=\"canonical\" href=\"https:\/\/physiotherapy.ca\/fr\/congres-2024\/\" \/>\n<meta property=\"og:locale\" content=\"fr_FR\" \/>\n<meta property=\"og:type\" content=\"article\" \/>\n<meta property=\"og:title\" content=\"Congr\u00e8s 2024 - Canadian Physiotherapy Association\" \/>\n<meta property=\"og:description\" content=\"Nous sommes ravi d\u2019annoncer que le Congr\u00e8s de l\u2019ACP 2024 aura lieu dans la belle ville de Vancouver, en Colombie-Britannique ! Joignez-vous \u00e0 nous du 25 au 27 avril au Sheraton Wall Centre pour rencontrer des coll\u00e8gues de partout au [&hellip;]\" \/>\n<meta property=\"og:url\" content=\"https:\/\/physiotherapy.ca\/fr\/congres-2024\/\" \/>\n<meta property=\"og:site_name\" content=\"Canadian Physiotherapy Association\" \/>\n<meta property=\"article:modified_time\" content=\"2024-02-21T20:57:20+00:00\" \/>\n<meta property=\"og:image\" content=\"https:\/\/physiotherapy.ca\/app\/uploads\/2023\/10\/C24-WEB-BANNER-FR-2-1024x208.jpg\" \/>\n<meta name=\"twitter:card\" content=\"summary_large_image\" \/>\n<meta name=\"twitter:label1\" content=\"Est. reading time\" \/>\n\t<meta name=\"twitter:data1\" content=\"2 minutes\" \/>\n<script type=\"application\/ld+json\" class=\"yoast-schema-graph\">{\"@context\":\"https:\/\/schema.org\",\"@graph\":[{\"@type\":\"WebPage\",\"@id\":\"https:\/\/physiotherapy.ca\/fr\/congres-2024\/\",\"url\":\"https:\/\/physiotherapy.ca\/fr\/congres-2024\/\",\"name\":\"Congr\u00e8s 2024 - Canadian Physiotherapy Association\",\"isPartOf\":{\"@id\":\"https:\/\/physiotherapy.ca\/#website\"},\"primaryImageOfPage\":{\"@id\":\"https:\/\/physiotherapy.ca\/fr\/congres-2024\/#primaryimage\"},\"image\":{\"@id\":\"https:\/\/physiotherapy.ca\/fr\/congres-2024\/#primaryimage\"},\"thumbnailUrl\":\"https:\/\/physiotherapy.ca\/app\/uploads\/2023\/10\/C24-WEB-BANNER-FR-2-1024x208.jpg\",\"datePublished\":\"2023-10-30T19:46:23+00:00\",\"dateModified\":\"2024-02-21T20:57:20+00:00\",\"breadcrumb\":{\"@id\":\"https:\/\/physiotherapy.ca\/fr\/congres-2024\/#breadcrumb\"},\"inLanguage\":\"fr-FR\",\"potentialAction\":[{\"@type\":\"ReadAction\",\"target\":[\"https:\/\/physiotherapy.ca\/fr\/congres-2024\/\"]}]},{\"@type\":\"ImageObject\",\"inLanguage\":\"fr-FR\",\"@id\":\"https:\/\/physiotherapy.ca\/fr\/congres-2024\/#primaryimage\",\"url\":\"https:\/\/physiotherapy.ca\/app\/uploads\/2023\/10\/C24-WEB-BANNER-FR-2-1024x208.jpg\",\"contentUrl\":\"https:\/\/physiotherapy.ca\/app\/uploads\/2023\/10\/C24-WEB-BANNER-FR-2-1024x208.jpg\"},{\"@type\":\"BreadcrumbList\",\"@id\":\"https:\/\/physiotherapy.ca\/fr\/congres-2024\/#breadcrumb\",\"itemListElement\":[{\"@type\":\"ListItem\",\"position\":1,\"name\":\"Home\",\"item\":\"https:\/\/physiotherapy.ca\/fr\/\"},{\"@type\":\"ListItem\",\"position\":2,\"name\":\"Congr\u00e8s 2024\"}]},{\"@type\":\"WebSite\",\"@id\":\"https:\/\/physiotherapy.ca\/#website\",\"url\":\"https:\/\/physiotherapy.ca\/\",\"name\":\"Canadian Physiotherapy Association\",\"description\":\"The Canadian Physiotherapy Association (CPA) represents over 16,000 physiotherapy professionals and students across Canada.\",\"potentialAction\":[{\"@type\":\"SearchAction\",\"target\":{\"@type\":\"EntryPoint\",\"urlTemplate\":\"https:\/\/physiotherapy.ca\/?s={search_term_string}\"},\"query-input\":{\"@type\":\"PropertyValueSpecification\",\"valueRequired\":true,\"valueName\":\"search_term_string\"}}],\"inLanguage\":\"fr-FR\"}]}<\/script>\n<!-- \/ Yoast SEO plugin. -->","yoast_head_json":{"title":"Congr\u00e8s 2024 - Canadian Physiotherapy Association","robots":{"index":"index","follow":"follow","max-snippet":"max-snippet:-1","max-image-preview":"max-image-preview:large","max-video-preview":"max-video-preview:-1"},"canonical":"https:\/\/physiotherapy.ca\/fr\/congres-2024\/","og_locale":"fr_FR","og_type":"article","og_title":"Congr\u00e8s 2024 - Canadian Physiotherapy Association","og_description":"Nous sommes ravi d\u2019annoncer que le Congr\u00e8s de l\u2019ACP 2024 aura lieu dans la belle ville de Vancouver, en Colombie-Britannique ! Joignez-vous \u00e0 nous du 25 au 27 avril au Sheraton Wall Centre pour rencontrer des coll\u00e8gues de partout au [&hellip;]","og_url":"https:\/\/physiotherapy.ca\/fr\/congres-2024\/","og_site_name":"Canadian Physiotherapy Association","article_modified_time":"2024-02-21T20:57:20+00:00","og_image":[{"url":"https:\/\/physiotherapy.ca\/app\/uploads\/2023\/10\/C24-WEB-BANNER-FR-2-1024x208.jpg","type":"","width":"","height":""}],"twitter_card":"summary_large_image","twitter_misc":{"Est. reading time":"2 minutes"},"schema":{"@context":"https:\/\/schema.org","@graph":[{"@type":"WebPage","@id":"https:\/\/physiotherapy.ca\/fr\/congres-2024\/","url":"https:\/\/physiotherapy.ca\/fr\/congres-2024\/","name":"Congr\u00e8s 2024 - Canadian Physiotherapy Association","isPartOf":{"@id":"https:\/\/physiotherapy.ca\/#website"},"primaryImageOfPage":{"@id":"https:\/\/physiotherapy.ca\/fr\/congres-2024\/#primaryimage"},"image":{"@id":"https:\/\/physiotherapy.ca\/fr\/congres-2024\/#primaryimage"},"thumbnailUrl":"https:\/\/physiotherapy.ca\/app\/uploads\/2023\/10\/C24-WEB-BANNER-FR-2-1024x208.jpg","datePublished":"2023-10-30T19:46:23+00:00","dateModified":"2024-02-21T20:57:20+00:00","breadcrumb":{"@id":"https:\/\/physiotherapy.ca\/fr\/congres-2024\/#breadcrumb"},"inLanguage":"fr-FR","potentialAction":[{"@type":"ReadAction","target":["https:\/\/physiotherapy.ca\/fr\/congres-2024\/"]}]},{"@type":"ImageObject","inLanguage":"fr-FR","@id":"https:\/\/physiotherapy.ca\/fr\/congres-2024\/#primaryimage","url":"https:\/\/physiotherapy.ca\/app\/uploads\/2023\/10\/C24-WEB-BANNER-FR-2-1024x208.jpg","contentUrl":"https:\/\/physiotherapy.ca\/app\/uploads\/2023\/10\/C24-WEB-BANNER-FR-2-1024x208.jpg"},{"@type":"BreadcrumbList","@id":"https:\/\/physiotherapy.ca\/fr\/congres-2024\/#breadcrumb","itemListElement":[{"@type":"ListItem","position":1,"name":"Home","item":"https:\/\/physiotherapy.ca\/fr\/"},{"@type":"ListItem","position":2,"name":"Congr\u00e8s 2024"}]},{"@type":"WebSite","@id":"https:\/\/physiotherapy.ca\/#website","url":"https:\/\/physiotherapy.ca\/","name":"Canadian Physiotherapy Association","description":"The Canadian Physiotherapy Association (CPA) represents over 16,000 physiotherapy professionals and students across Canada.","potentialAction":[{"@type":"SearchAction","target":{"@type":"EntryPoint","urlTemplate":"https:\/\/physiotherapy.ca\/?s={search_term_string}"},"query-input":{"@type":"PropertyValueSpecification","valueRequired":true,"valueName":"search_term_string"}}],"inLanguage":"fr-FR"}]}},"_links":{"self":[{"href":"https:\/\/physiotherapy.ca\/fr\/wp-json\/wp\/v2\/pages\/155287","targetHints":{"allow":["GET"]}}],"collection":[{"href":"https:\/\/physiotherapy.ca\/fr\/wp-json\/wp\/v2\/pages"}],"about":[{"href":"https:\/\/physiotherapy.ca\/fr\/wp-json\/wp\/v2\/types\/page"}],"author":[{"embeddable":true,"href":"https:\/\/physiotherapy.ca\/fr\/wp-json\/wp\/v2\/users\/23735"}],"replies":[{"embeddable":true,"href":"https:\/\/physiotherapy.ca\/fr\/wp-json\/wp\/v2\/comments?post=155287"}],"version-history":[{"count":7,"href":"https:\/\/physiotherapy.ca\/fr\/wp-json\/wp\/v2\/pages\/155287\/revisions"}],"predecessor-version":[{"id":181006,"href":"https:\/\/physiotherapy.ca\/fr\/wp-json\/wp\/v2\/pages\/155287\/revisions\/181006"}],"wp:attachment":[{"href":"https:\/\/physiotherapy.ca\/fr\/wp-json\/wp\/v2\/media?parent=155287"}],"wp:term":[{"taxonomy":"topic","embeddable":true,"href":"https:\/\/physiotherapy.ca\/fr\/wp-json\/wp\/v2\/topic?post=155287"}],"curies":[{"name":"wp","href":"https:\/\/api.w.org\/{rel}","templated":true}]}}