{"id":155300,"date":"2023-11-01T19:16:49","date_gmt":"2023-11-01T23:16:49","guid":{"rendered":"https:\/\/physiotherapy.ca\/?page_id=155300"},"modified":"2024-03-04T16:39:41","modified_gmt":"2024-03-04T21:39:41","slug":"inscription-au-congres-2024","status":"publish","type":"page","link":"https:\/\/physiotherapy.ca\/fr\/congres-2024\/inscription-au-congres-2024\/","title":{"rendered":"Inscription au congr\u00e8s 2024"},"content":{"rendered":"\n<figure class=\"wp-block-image size-large\"><img loading=\"lazy\" decoding=\"async\" width=\"1024\" height=\"208\" src=\"https:\/\/physiotherapy.ca\/app\/uploads\/2023\/10\/C24-WEB-BANNER-FR-2-1024x208.jpg\" alt=\"\" class=\"wp-image-155288\" srcset=\"https:\/\/physiotherapy.ca\/app\/uploads\/2023\/10\/C24-WEB-BANNER-FR-2-1024x208.jpg 1024w, https:\/\/physiotherapy.ca\/app\/uploads\/2023\/10\/C24-WEB-BANNER-FR-2-300x61.jpg 300w, https:\/\/physiotherapy.ca\/app\/uploads\/2023\/10\/C24-WEB-BANNER-FR-2-768x156.jpg 768w, https:\/\/physiotherapy.ca\/app\/uploads\/2023\/10\/C24-WEB-BANNER-FR-2-390x79.jpg 390w, https:\/\/physiotherapy.ca\/app\/uploads\/2023\/10\/C24-WEB-BANNER-FR-2-600x122.jpg 600w, https:\/\/physiotherapy.ca\/app\/uploads\/2023\/10\/C24-WEB-BANNER-FR-2.jpg 1169w\" sizes=\"auto, (max-width: 1024px) 100vw, 1024px\" \/><\/figure>\n\n\n\n<h2 class=\"wp-block-heading\">Inscription au congr\u00e9s<\/h2>\n\n\n\n<figure class=\"wp-block-table\"><table><tbody><tr><td><strong>Type d\u2019inscription<\/strong><\/td><td><strong>Tarif super pr\u00e9f\u00e9rentiel&nbsp;:<\/strong><br><strong>Jusqu\u2019au 29&nbsp;novembre&nbsp;2023 \u00e0 23&nbsp;h&nbsp;59 HNP<\/strong><\/td><td><strong>Tarif pr\u00e9f\u00e9rentiel&nbsp;:<br>Jusqu\u2019au 31&nbsp;janvier&nbsp;2024 \u00e0 23&nbsp;h&nbsp;59 HNP<\/strong><\/td><td><strong>Inscription avanc\u00e9e&nbsp;:<br>\u00c0 partir du 1<sup>er&nbsp;<\/sup>f\u00e9vrier&nbsp;2024<\/strong><\/td><\/tr><tr><td>Membres de l\u2019ACP*<\/td><td>525 $<\/td><td>575 $<\/td><td>625 $<\/td><\/tr><tr><td>\u00c9tudiants\/Nouveaux dipl\u00f4m\u00e9s\/AP\/T.&nbsp;phys*<\/td><td>275 $<\/td><td>325 $<\/td><td>375 $<\/td><\/tr><tr><td>Non-Membres<\/td><td>825 $<\/td><td>875 $<\/td><td>925 $<\/td><\/tr><tr><td>Laissez-passer d\u2019une journ\u00e9e (jeudi, vendredi ou samedi)<\/td><td>300 $<\/td><td>300 $<\/td><td>300 $<\/td><\/tr><tr><td>Laissez-passer d\u2019une journ\u00e9e PABC**<\/td><td>200 $<\/td><td>200 $<\/td><td>200 $<\/td><\/tr><tr><td>Forfait conditionnement physique pour la recherche<\/td><td>50 $<\/td><td>50 $<\/td><td>50 $<\/td><\/tr><tr><td>Vendredi yoga pour la recherche<\/td><td>25 $<\/td><td>25 $<\/td><td>25 $<\/td><\/tr><tr><td>Vendredi course pour la recherche<\/td><td>25 $<\/td><td>25 $<\/td><td>25 $<\/td><\/tr><tr><td>Samedi yoga pour la recherche<\/td><td>25 $<\/td><td>25 $<\/td><td>25 $<\/td><\/tr><tr><td>F\u00eate-collecte de fonds (billet pour invit\u00e9 et pour participant d\u2019une journ\u00e9e)<\/td><td>85 $<\/td><td>85 $<\/td><td>85 $<\/td><\/tr><\/tbody><\/table><\/figure>\n\n\n\n<p><strong><em>Remarque importante&nbsp;:<\/em><\/strong><\/p>\n\n\n\n<ul class=\"wp-block-list\">\n<li><em>* Pour avoir droit au tarif membre, il faut \u00eatre membre en r\u00e8gle de l\u2019ACP au moment de l\u2019\u00e9v\u00e9nement.<\/em><\/li>\n\n\n\n<li><em>** Seulement les membres de la PABC peuvent assister \u00e0 l\u2019\u00e9v\u00e9nement de la PABC le samedi apr\u00e8s-midi.<\/em> <\/li>\n\n\n\n<li><em>*** La TPS (5&nbsp;%) sera ajout\u00e9e \u00e0 vos frais d\u2019inscription et tout autre achat suppl\u00e9mentaire. (p.&nbsp;ex. conditionnement physique, f\u00eate-collecte de fonds, laissez-passer d\u2019une journ\u00e9e PABC).<\/em><\/li>\n\n\n\n<li><em>Si vous \u00eates accept\u00e9 en tant que pr\u00e9sentateur de r\u00e9sum\u00e9, \u00e0 l\u2019ACP&nbsp;2024, vous allez recevoir un rabais de 15&nbsp;% sur le tarif d\u2019inscription pr\u00e9f\u00e9rentiel. Cela s\u2019applique seulement \u00e0 une inscription compl\u00e8te au congr\u00e8s.<\/em><\/li>\n<\/ul>\n\n\n\n<div class=\"wp-block-buttons is-content-justification-center is-layout-flex wp-container-core-buttons-is-layout-1 wp-block-buttons-is-layout-flex\">\n<div class=\"wp-block-button\"><a class=\"wp-block-button__link wp-element-button\" href=\"https:\/\/physiocanada.eventsair.com\/congress2024\/congregfrench\/Site\/Register\" target=\"_blank\" rel=\"noreferrer noopener\">Inscrivez-vous d\u00e8s maintenant<\/a><\/div>\n<\/div>\n\n\n\n<h4 class=\"wp-block-heading\">Int\u00e9r\u00eat \u00e0 devenir b\u00e9n\u00e9vole au Congr\u00e8s de l\u2019ACP 2024?<\/h4>\n\n\n\n<p>Les personnes qui font 10 heures ou plus de b\u00e9n\u00e9volat dans le cadre du Congr\u00e8s 2024 auront droit \u00e0 <strong>une inscription GRATUITE<\/strong> pour assister aux activit\u00e9s du Congr\u00e8s dans leurs temps libres (<em>\u00e0 l\u2019exception de la f\u00eate-collecte de fonds du vendredi soir<\/em>) et des occasions de r\u00e9seauter avec des sp\u00e9cialistes de la physioth\u00e9rapie de partout au Canada.<\/p>\n\n\n\n<p>Inscrivez-vous d\u00e8s maintenant &#8212; <a href=\"https:\/\/physiocanada.eventsair.com\/congress2024\/volunteer-fr\" rel=\"noreferrer noopener\" target=\"_blank\">https:\/\/physiocanada.eventsair.com\/congress2024\/volunteer-fr<\/a><\/p>\n\n\n\n<p><em>Veuillez remplir le formulaire suivant d\u2019ici le mercredi 14 mars 2024.<\/em><\/p>\n\n\n\n<h4 class=\"wp-block-heading\"><strong>Laissez-passer d\u2019une journ\u00e9e<\/strong><\/h4>\n\n\n\n<p>Vous pouvez vous inscrire au congr\u00e8s pour une journ\u00e9e, soit le jeudi, le vendredi ou le samedi pour 300&nbsp;$&nbsp;CAD + taxes.<\/p>\n\n\n\n<ul class=\"wp-block-list\">\n<li>Vous aurez acc\u00e8s \u00e0 tout ce qui est \u00e9num\u00e9r\u00e9 ci-dessous seulement pour la journ\u00e9e pour laquelle vous vous \u00eates inscrit.<\/li>\n\n\n\n<li>Le laissez-passer d\u2019une journ\u00e9e ne comprend pas la F\u00eate-collecte de fonds. Si vous voulez y assister, vous pouvez vous procurer un billet lors de l\u2019inscription pour 85&nbsp;$&nbsp;CAD + taxes.<\/li>\n\n\n\n<li>L\u2019option d\u2019acheter un laissez-passer d\u2019une journ\u00e9e PABC (seulement si vous \u00eates membre de la PABC).<\/li>\n<\/ul>\n\n\n\n<h4 class=\"wp-block-heading\"><strong>Votre inscription au congr\u00e8s vous donne acc\u00e8s \u00e0 ce qui suit&nbsp;:<\/strong><\/h4>\n\n\n\n<ul class=\"wp-block-list\">\n<li>Programme complet des s\u00e9ances, des ateliers, des pl\u00e9ni\u00e8res, des discours liminaires, des pr\u00e9sentations visuelles et de la conf\u00e9rence comm\u00e9morative Enid-Graham durant le congr\u00e8s<\/li>\n\n\n\n<li>Acc\u00e8s complet au salon professionnel, y compris la r\u00e9ception d\u2019accueil<\/li>\n\n\n\n<li>D\u00e9jeuners, pauses-rafra\u00eechissements et d\u00eeners quotidiens (pas de d\u00e9jeuner offert le jeudi)<\/li>\n\n\n\n<li>Toutes les occasions de r\u00e9seautage, y compris la r\u00e9ception d\u2019accueil et la f\u00eate-collecte de fonds<\/li>\n\n\n\n<li>L\u2019option d\u2019acheter un laissez-passer d\u2019une journ\u00e9e PABC (seulement si vous \u00eates membre de la PABC)<\/li>\n\n\n\n<li>Sac des d\u00e9l\u00e9gu\u00e9s du congr\u00e8s<\/li>\n\n\n\n<li>Application mobile de l\u2019\u00e9v\u00e9nement<\/li>\n\n\n\n<li>Enregistrements des pl\u00e9ni\u00e8res pour une consultation sur demande jusqu\u2019\u00e0 trois mois apr\u00e8s le congr\u00e8s<\/li>\n<\/ul>\n\n\n\n<h4 class=\"wp-block-heading\"><strong><strong>Laissez-passer d\u2019une journ\u00e9e PABC<\/strong><\/strong><\/h4>\n\n\n\n<p>L\u2019\u00e9v\u00e9nement de la Physiotherapy Association of British Columbia (PABC) aura lieu le samedi&nbsp;27&nbsp;avril et seuls les membres de la PABC peuvent y assister.<\/p>\n\n\n\n<ul class=\"wp-block-list\">\n<li>Assembl\u00e9e g\u00e9n\u00e9rale annuelle (AGA)<\/li>\n\n\n\n<li>Gala des prix de la PABC<\/li>\n\n\n\n<li>vins et fromages<\/li>\n\n\n\n<li>annoncer les laur\u00e9ats et laur\u00e9ates 2024<\/li>\n<\/ul>\n\n\n\n<p>La PABC offre une autre occasion de d\u00e9veloppement professionnelle&nbsp;ouverte \u00e0 tous les gens qui vont assister au congr\u00e8s. Vous pouvez vous inscrire par l\u2019entremise de la PABC ici :&nbsp;<a href=\"https:\/\/www.eventbrite.ca\/e\/sensory-motor-dysregulation-a-key-exercise-target-for-persistent-pain-tickets-754797328127?aff=oddtdtcreator\">Sensory-Motor Dysregulation: A Key Exercise Target for Persistent Pain<\/a><\/p>\n\n\n\n<h4 class=\"wp-block-heading\"><strong>Politique en mati\u00e8re d\u2019annulation, de remboursement et de substitution<\/strong><\/h4>\n\n\n\n<p>Il est possible de se faire rembourser l\u2019inscription jusqu\u2019au <strong>mercredi&nbsp;27&nbsp;mars&nbsp;2024<\/strong>. Les remboursements entra\u00eeneront des frais d\u2019administration de 50&nbsp;$ par personne pour toutes les cat\u00e9gories d\u2019inscription. \u00c0 compter du jeudi&nbsp;28&nbsp;mars&nbsp;2024, aucun remboursement nesera effectu\u00e9. Cependant, des substitutions pourront \u00eatre faites jusqu\u2019au<strong> mercredi&nbsp;10&nbsp;avril&nbsp;2024. <\/strong>&nbsp;<\/p>\n\n\n\n<p>Les substitutions doivent \u00eatre faites dans une cat\u00e9gorie d\u2019inscription \u00e9gale ou inf\u00e9rieure. Aucun remboursement ne sera \u00e9mis pour les substitutions. Toutes les annulations ou demandes de substitution doivent \u00eatre faites par courriel \u00e0 <a href=\"mailto:cpa@seatoskymeetings.com\">cpa@seatoskymeetings.com<\/a>.<\/p>\n\n\n\n<div class=\"wp-block-buttons is-content-justification-center is-layout-flex wp-container-core-buttons-is-layout-2 wp-block-buttons-is-layout-flex\">\n<div class=\"wp-block-button\"><a class=\"wp-block-button__link wp-element-button\" href=\"https:\/\/physiocanada.eventsair.com\/congress2024\/congregfrench\/Site\/Register\" target=\"_blank\" rel=\"noreferrer noopener\">Inscrivez-vous d\u00e8s maintenant<\/a><\/div>\n<\/div>\n","protected":false},"excerpt":{"rendered":"<p>Inscription au congr\u00e9s Type d\u2019inscription Tarif super pr\u00e9f\u00e9rentiel&nbsp;:Jusqu\u2019au 29&nbsp;novembre&nbsp;2023 \u00e0 23&nbsp;h&nbsp;59 HNP Tarif pr\u00e9f\u00e9rentiel&nbsp;:Jusqu\u2019au 31&nbsp;janvier&nbsp;2024 \u00e0 23&nbsp;h&nbsp;59 HNP Inscription avanc\u00e9e&nbsp;:\u00c0 partir du 1er&nbsp;f\u00e9vrier&nbsp;2024 Membres de l\u2019ACP* 525 $ 575 $ 625 $ \u00c9tudiants\/Nouveaux dipl\u00f4m\u00e9s\/AP\/T.&nbsp;phys* 275 $ 325 $ 375 $ [&hellip;]<\/p>\n","protected":false},"author":23735,"featured_media":0,"parent":155287,"menu_order":0,"comment_status":"closed","ping_status":"closed","template":"","meta":{"inline_featured_image":false,"ep_exclude_from_search":false,"footnotes":""},"topic":[],"class_list":["post-155300","page","type-page","status-publish","hentry"],"acf":[],"yoast_head":"<!-- This site is optimized with the Yoast SEO plugin v24.7 - https:\/\/yoast.com\/wordpress\/plugins\/seo\/ -->\n<title>Inscription au congr\u00e8s 2024 - Canadian Physiotherapy Association<\/title>\n<meta name=\"robots\" content=\"index, follow, max-snippet:-1, max-image-preview:large, max-video-preview:-1\" \/>\n<link rel=\"canonical\" href=\"https:\/\/physiotherapy.ca\/fr\/congres-2024\/inscription-au-congres-2024\/\" \/>\n<meta property=\"og:locale\" content=\"fr_FR\" \/>\n<meta property=\"og:type\" content=\"article\" \/>\n<meta property=\"og:title\" content=\"Inscription au congr\u00e8s 2024 - Canadian Physiotherapy Association\" \/>\n<meta property=\"og:description\" content=\"Inscription au congr\u00e9s Type d\u2019inscription Tarif super pr\u00e9f\u00e9rentiel&nbsp;:Jusqu\u2019au 29&nbsp;novembre&nbsp;2023 \u00e0 23&nbsp;h&nbsp;59 HNP Tarif pr\u00e9f\u00e9rentiel&nbsp;:Jusqu\u2019au 31&nbsp;janvier&nbsp;2024 \u00e0 23&nbsp;h&nbsp;59 HNP Inscription avanc\u00e9e&nbsp;:\u00c0 partir du 1er&nbsp;f\u00e9vrier&nbsp;2024 Membres de l\u2019ACP* 525 $ 575 $ 625 $ \u00c9tudiants\/Nouveaux dipl\u00f4m\u00e9s\/AP\/T.&nbsp;phys* 275 $ 325 $ 375 $ [&hellip;]\" \/>\n<meta property=\"og:url\" content=\"https:\/\/physiotherapy.ca\/fr\/congres-2024\/inscription-au-congres-2024\/\" \/>\n<meta property=\"og:site_name\" content=\"Canadian Physiotherapy Association\" \/>\n<meta property=\"article:modified_time\" content=\"2024-03-04T21:39:41+00:00\" \/>\n<meta property=\"og:image\" content=\"https:\/\/physiotherapy.ca\/app\/uploads\/2023\/10\/C24-WEB-BANNER-FR-2-1024x208.jpg\" \/>\n<meta name=\"twitter:card\" content=\"summary_large_image\" \/>\n<meta name=\"twitter:label1\" content=\"Est. reading time\" \/>\n\t<meta name=\"twitter:data1\" content=\"4 minutes\" \/>\n<script type=\"application\/ld+json\" class=\"yoast-schema-graph\">{\"@context\":\"https:\/\/schema.org\",\"@graph\":[{\"@type\":\"WebPage\",\"@id\":\"https:\/\/physiotherapy.ca\/fr\/congres-2024\/inscription-au-congres-2024\/\",\"url\":\"https:\/\/physiotherapy.ca\/fr\/congres-2024\/inscription-au-congres-2024\/\",\"name\":\"Inscription au congr\u00e8s 2024 - Canadian Physiotherapy Association\",\"isPartOf\":{\"@id\":\"https:\/\/physiotherapy.ca\/#website\"},\"primaryImageOfPage\":{\"@id\":\"https:\/\/physiotherapy.ca\/fr\/congres-2024\/inscription-au-congres-2024\/#primaryimage\"},\"image\":{\"@id\":\"https:\/\/physiotherapy.ca\/fr\/congres-2024\/inscription-au-congres-2024\/#primaryimage\"},\"thumbnailUrl\":\"https:\/\/physiotherapy.ca\/app\/uploads\/2023\/10\/C24-WEB-BANNER-FR-2-1024x208.jpg\",\"datePublished\":\"2023-11-01T23:16:49+00:00\",\"dateModified\":\"2024-03-04T21:39:41+00:00\",\"breadcrumb\":{\"@id\":\"https:\/\/physiotherapy.ca\/fr\/congres-2024\/inscription-au-congres-2024\/#breadcrumb\"},\"inLanguage\":\"fr-FR\",\"potentialAction\":[{\"@type\":\"ReadAction\",\"target\":[\"https:\/\/physiotherapy.ca\/fr\/congres-2024\/inscription-au-congres-2024\/\"]}]},{\"@type\":\"ImageObject\",\"inLanguage\":\"fr-FR\",\"@id\":\"https:\/\/physiotherapy.ca\/fr\/congres-2024\/inscription-au-congres-2024\/#primaryimage\",\"url\":\"https:\/\/physiotherapy.ca\/app\/uploads\/2023\/10\/C24-WEB-BANNER-FR-2-1024x208.jpg\",\"contentUrl\":\"https:\/\/physiotherapy.ca\/app\/uploads\/2023\/10\/C24-WEB-BANNER-FR-2-1024x208.jpg\"},{\"@type\":\"BreadcrumbList\",\"@id\":\"https:\/\/physiotherapy.ca\/fr\/congres-2024\/inscription-au-congres-2024\/#breadcrumb\",\"itemListElement\":[{\"@type\":\"ListItem\",\"position\":1,\"name\":\"Home\",\"item\":\"https:\/\/physiotherapy.ca\/fr\/\"},{\"@type\":\"ListItem\",\"position\":2,\"name\":\"Congr\u00e8s 2024\",\"item\":\"https:\/\/physiotherapy.ca\/fr\/congres-2024\/\"},{\"@type\":\"ListItem\",\"position\":3,\"name\":\"Inscription au congr\u00e8s 2024\"}]},{\"@type\":\"WebSite\",\"@id\":\"https:\/\/physiotherapy.ca\/#website\",\"url\":\"https:\/\/physiotherapy.ca\/\",\"name\":\"Canadian Physiotherapy Association\",\"description\":\"The Canadian Physiotherapy Association (CPA) represents over 16,000 physiotherapy professionals and students across Canada.\",\"potentialAction\":[{\"@type\":\"SearchAction\",\"target\":{\"@type\":\"EntryPoint\",\"urlTemplate\":\"https:\/\/physiotherapy.ca\/?s={search_term_string}\"},\"query-input\":{\"@type\":\"PropertyValueSpecification\",\"valueRequired\":true,\"valueName\":\"search_term_string\"}}],\"inLanguage\":\"fr-FR\"}]}<\/script>\n<!-- \/ Yoast SEO plugin. -->","yoast_head_json":{"title":"Inscription au congr\u00e8s 2024 - Canadian Physiotherapy Association","robots":{"index":"index","follow":"follow","max-snippet":"max-snippet:-1","max-image-preview":"max-image-preview:large","max-video-preview":"max-video-preview:-1"},"canonical":"https:\/\/physiotherapy.ca\/fr\/congres-2024\/inscription-au-congres-2024\/","og_locale":"fr_FR","og_type":"article","og_title":"Inscription au congr\u00e8s 2024 - Canadian Physiotherapy Association","og_description":"Inscription au congr\u00e9s Type d\u2019inscription Tarif super pr\u00e9f\u00e9rentiel&nbsp;:Jusqu\u2019au 29&nbsp;novembre&nbsp;2023 \u00e0 23&nbsp;h&nbsp;59 HNP Tarif pr\u00e9f\u00e9rentiel&nbsp;:Jusqu\u2019au 31&nbsp;janvier&nbsp;2024 \u00e0 23&nbsp;h&nbsp;59 HNP Inscription avanc\u00e9e&nbsp;:\u00c0 partir du 1er&nbsp;f\u00e9vrier&nbsp;2024 Membres de l\u2019ACP* 525 $ 575 $ 625 $ \u00c9tudiants\/Nouveaux dipl\u00f4m\u00e9s\/AP\/T.&nbsp;phys* 275 $ 325 $ 375 $ [&hellip;]","og_url":"https:\/\/physiotherapy.ca\/fr\/congres-2024\/inscription-au-congres-2024\/","og_site_name":"Canadian Physiotherapy Association","article_modified_time":"2024-03-04T21:39:41+00:00","og_image":[{"url":"https:\/\/physiotherapy.ca\/app\/uploads\/2023\/10\/C24-WEB-BANNER-FR-2-1024x208.jpg","type":"","width":"","height":""}],"twitter_card":"summary_large_image","twitter_misc":{"Est. reading time":"4 minutes"},"schema":{"@context":"https:\/\/schema.org","@graph":[{"@type":"WebPage","@id":"https:\/\/physiotherapy.ca\/fr\/congres-2024\/inscription-au-congres-2024\/","url":"https:\/\/physiotherapy.ca\/fr\/congres-2024\/inscription-au-congres-2024\/","name":"Inscription au congr\u00e8s 2024 - Canadian Physiotherapy Association","isPartOf":{"@id":"https:\/\/physiotherapy.ca\/#website"},"primaryImageOfPage":{"@id":"https:\/\/physiotherapy.ca\/fr\/congres-2024\/inscription-au-congres-2024\/#primaryimage"},"image":{"@id":"https:\/\/physiotherapy.ca\/fr\/congres-2024\/inscription-au-congres-2024\/#primaryimage"},"thumbnailUrl":"https:\/\/physiotherapy.ca\/app\/uploads\/2023\/10\/C24-WEB-BANNER-FR-2-1024x208.jpg","datePublished":"2023-11-01T23:16:49+00:00","dateModified":"2024-03-04T21:39:41+00:00","breadcrumb":{"@id":"https:\/\/physiotherapy.ca\/fr\/congres-2024\/inscription-au-congres-2024\/#breadcrumb"},"inLanguage":"fr-FR","potentialAction":[{"@type":"ReadAction","target":["https:\/\/physiotherapy.ca\/fr\/congres-2024\/inscription-au-congres-2024\/"]}]},{"@type":"ImageObject","inLanguage":"fr-FR","@id":"https:\/\/physiotherapy.ca\/fr\/congres-2024\/inscription-au-congres-2024\/#primaryimage","url":"https:\/\/physiotherapy.ca\/app\/uploads\/2023\/10\/C24-WEB-BANNER-FR-2-1024x208.jpg","contentUrl":"https:\/\/physiotherapy.ca\/app\/uploads\/2023\/10\/C24-WEB-BANNER-FR-2-1024x208.jpg"},{"@type":"BreadcrumbList","@id":"https:\/\/physiotherapy.ca\/fr\/congres-2024\/inscription-au-congres-2024\/#breadcrumb","itemListElement":[{"@type":"ListItem","position":1,"name":"Home","item":"https:\/\/physiotherapy.ca\/fr\/"},{"@type":"ListItem","position":2,"name":"Congr\u00e8s 2024","item":"https:\/\/physiotherapy.ca\/fr\/congres-2024\/"},{"@type":"ListItem","position":3,"name":"Inscription au congr\u00e8s 2024"}]},{"@type":"WebSite","@id":"https:\/\/physiotherapy.ca\/#website","url":"https:\/\/physiotherapy.ca\/","name":"Canadian Physiotherapy Association","description":"The Canadian Physiotherapy Association (CPA) represents over 16,000 physiotherapy professionals and students across Canada.","potentialAction":[{"@type":"SearchAction","target":{"@type":"EntryPoint","urlTemplate":"https:\/\/physiotherapy.ca\/?s={search_term_string}"},"query-input":{"@type":"PropertyValueSpecification","valueRequired":true,"valueName":"search_term_string"}}],"inLanguage":"fr-FR"}]}},"_links":{"self":[{"href":"https:\/\/physiotherapy.ca\/fr\/wp-json\/wp\/v2\/pages\/155300","targetHints":{"allow":["GET"]}}],"collection":[{"href":"https:\/\/physiotherapy.ca\/fr\/wp-json\/wp\/v2\/pages"}],"about":[{"href":"https:\/\/physiotherapy.ca\/fr\/wp-json\/wp\/v2\/types\/page"}],"author":[{"embeddable":true,"href":"https:\/\/physiotherapy.ca\/fr\/wp-json\/wp\/v2\/users\/23735"}],"replies":[{"embeddable":true,"href":"https:\/\/physiotherapy.ca\/fr\/wp-json\/wp\/v2\/comments?post=155300"}],"version-history":[{"count":7,"href":"https:\/\/physiotherapy.ca\/fr\/wp-json\/wp\/v2\/pages\/155300\/revisions"}],"predecessor-version":[{"id":182718,"href":"https:\/\/physiotherapy.ca\/fr\/wp-json\/wp\/v2\/pages\/155300\/revisions\/182718"}],"up":[{"embeddable":true,"href":"https:\/\/physiotherapy.ca\/fr\/wp-json\/wp\/v2\/pages\/155287"}],"wp:attachment":[{"href":"https:\/\/physiotherapy.ca\/fr\/wp-json\/wp\/v2\/media?parent=155300"}],"wp:term":[{"taxonomy":"topic","embeddable":true,"href":"https:\/\/physiotherapy.ca\/fr\/wp-json\/wp\/v2\/topic?post=155300"}],"curies":[{"name":"wp","href":"https:\/\/api.w.org\/{rel}","templated":true}]}}