{"id":1558,"date":"2022-06-16T16:15:35","date_gmt":"2022-06-16T20:15:35","guid":{"rendered":"https:\/\/physiotherapy.ca\/?page_id=1558"},"modified":"2026-02-26T14:01:23","modified_gmt":"2026-02-26T19:01:23","slug":"nous-joindre","status":"publish","type":"page","link":"https:\/\/physiotherapy.ca\/fr\/nous-joindre\/","title":{"rendered":"Nous joindre"},"content":{"rendered":"\n<h1 class=\"wp-block-heading\">Association canadienne de physioth\u00e9rapie<\/h1>\n\n\n\n<p class=\"has-small-font-size\"><em>Veuillez noter que le personnel de l&#8217;Association canadienne de physioth\u00e9rapie travaille actuellement \u00e0 domicile et continuera de le faire dans un avenir pr\u00e9visible. Cela dit, nous sommes toujours l\u00e0 pour vous soutenir ! Nous vous sugg\u00e9rons fortement d&#8217;envoyer un courriel&nbsp;\u00e0 tout membre du personnel \u00e0 qui vous souhaitez parler, afin de fixer une heure pour un appel t\u00e9l\u00e9phonique. Si vous n&#8217;avez pas les coordonn\u00e9es du membre du personnel avec qui vous aimeriez parler, ou si vous ne savez pas \u00e0 qui adresser vos commentaires ou votre demande, veuillez contacter notre centre d&#8217;appels au num\u00e9ro ou au courriel indiqu\u00e9 ci-dessous et nous serions heureux pour adresser votre correspondance \u00e0 la personne appropri\u00e9e.<\/em><\/p>\n\n\n\n<div class=\"wp-block-group\"><div class=\"wp-block-group__inner-container is-layout-flow wp-block-group-is-layout-flow\">\n<hr class=\"wp-block-separator has-css-opacity\"\/>\n<\/div><\/div>\n\n\n\n<h2 class=\"wp-block-heading\">Le bureau national de l\u2019ACP est situ\u00e9 \u00e0 Ottawa.<\/h2>\n\n\n\n<div class=\"wp-block-columns is-layout-flex wp-container-core-columns-is-layout-1 wp-block-columns-is-layout-flex\">\n<div class=\"wp-block-column is-layout-flow wp-block-column-is-layout-flow\">\n<p><strong>Adresse<\/strong> :<br>350, rue Sparks<br>bureau&nbsp;1209<br>Ottawa, ON<br>K1R 7S8<br><a href=\"https:\/\/maps.app.goo.gl\/b5S57yzgBHX56bCy8\" target=\"_blank\" rel=\"noreferrer noopener\">Pour s\u2019y rendre<\/a><\/p>\n\n\n\n<p><\/p>\n\n\n\n<p><\/p>\n\n\n\n<p><\/p>\n<\/div>\n\n\n\n<div class=\"wp-block-column is-layout-flow wp-block-column-is-layout-flow\">\n<p><strong><strong>T\u00e9l\u00e9phone&nbsp;:<\/strong><\/strong><br>(613) 564-5454<br>(800) 387-8679<\/p>\n\n\n\n<p><strong>Courriel&nbsp;:<\/strong><br><a href=\"mailto:information@physiotherapy.ca\">information@physiotherapy.ca<\/a><\/p>\n<\/div>\n<\/div>\n\n\n\n<div class=\"wp-block-columns is-layout-flex wp-container-core-columns-is-layout-2 wp-block-columns-is-layout-flex\">\n<div class=\"wp-block-column is-layout-flow wp-block-column-is-layout-flow\">\n<h3 class=\"wp-block-heading\"><\/h3>\n\n\n\n<div class=\"wp-block-media-text alignwide is-stacked-on-mobile\" style=\"grid-template-columns:20% auto\"><figure class=\"wp-block-media-text__media\"><img loading=\"lazy\" decoding=\"async\" width=\"300\" height=\"300\" src=\"https:\/\/physiotherapy.ca\/app\/uploads\/2025\/01\/Untitled-design-1.png\" alt=\"\" class=\"wp-image-254133 size-full\" srcset=\"https:\/\/physiotherapy.ca\/app\/uploads\/2025\/01\/Untitled-design-1.png 300w, https:\/\/physiotherapy.ca\/app\/uploads\/2025\/01\/Untitled-design-1-150x150.png 150w, https:\/\/physiotherapy.ca\/app\/uploads\/2025\/01\/Untitled-design-1-200x200.png 200w, https:\/\/physiotherapy.ca\/app\/uploads\/2025\/01\/Untitled-design-1-100x100.png 100w\" sizes=\"auto, (max-width: 300px) 100vw, 300px\" \/><\/figure><div class=\"wp-block-media-text__content\">\n<p><strong>Krissy Bell<\/strong><br>Chef de la direction<br><a href=\"mailto:kbell@physiotherapy.ca\">kbell@physiotherapy.ca<\/a><\/p>\n<\/div><\/div>\n\n\n\n<div class=\"wp-block-media-text alignwide is-stacked-on-mobile\" style=\"grid-template-columns:20% auto\"><figure class=\"wp-block-media-text__media\"><img loading=\"lazy\" decoding=\"async\" width=\"300\" height=\"300\" src=\"https:\/\/physiotherapy.ca\/app\/uploads\/2023\/09\/Fiona.png\" alt=\"\" class=\"wp-image-132178 size-full\" srcset=\"https:\/\/physiotherapy.ca\/app\/uploads\/2023\/09\/Fiona.png 300w, https:\/\/physiotherapy.ca\/app\/uploads\/2023\/09\/Fiona-150x150.png 150w, https:\/\/physiotherapy.ca\/app\/uploads\/2023\/09\/Fiona-200x200.png 200w, https:\/\/physiotherapy.ca\/app\/uploads\/2023\/09\/Fiona-100x100.png 100w\" sizes=\"auto, (max-width: 300px) 100vw, 300px\" \/><\/figure><div class=\"wp-block-media-text__content\">\n<p><strong>Fiona Livingstone<\/strong><br>Chef des services corporatifs<br><a href=\"mailto:flivingstone@physiotherapy.ca\">flivingstone@physiotherapy.ca<\/a><\/p>\n<\/div><\/div>\n\n\n\n<div class=\"wp-block-media-text alignwide is-stacked-on-mobile\" style=\"grid-template-columns:20% auto\"><figure class=\"wp-block-media-text__media\"><img loading=\"lazy\" decoding=\"async\" width=\"1024\" height=\"1024\" src=\"https:\/\/physiotherapy.ca\/app\/uploads\/2025\/10\/Elisa-Beselt-Headshot-Colour_Oct-2025_circle-1024x1024.png\" alt=\"\" class=\"wp-image-278446 size-full\" srcset=\"https:\/\/physiotherapy.ca\/app\/uploads\/2025\/10\/Elisa-Beselt-Headshot-Colour_Oct-2025_circle-1024x1024.png 1024w, https:\/\/physiotherapy.ca\/app\/uploads\/2025\/10\/Elisa-Beselt-Headshot-Colour_Oct-2025_circle-300x300.png 300w, https:\/\/physiotherapy.ca\/app\/uploads\/2025\/10\/Elisa-Beselt-Headshot-Colour_Oct-2025_circle-150x150.png 150w, https:\/\/physiotherapy.ca\/app\/uploads\/2025\/10\/Elisa-Beselt-Headshot-Colour_Oct-2025_circle-768x768.png 768w, https:\/\/physiotherapy.ca\/app\/uploads\/2025\/10\/Elisa-Beselt-Headshot-Colour_Oct-2025_circle-1536x1536.png 1536w, https:\/\/physiotherapy.ca\/app\/uploads\/2025\/10\/Elisa-Beselt-Headshot-Colour_Oct-2025_circle-200x200.png 200w, https:\/\/physiotherapy.ca\/app\/uploads\/2025\/10\/Elisa-Beselt-Headshot-Colour_Oct-2025_circle-100x100.png 100w, https:\/\/physiotherapy.ca\/app\/uploads\/2025\/10\/Elisa-Beselt-Headshot-Colour_Oct-2025_circle-600x600.png 600w, https:\/\/physiotherapy.ca\/app\/uploads\/2025\/10\/Elisa-Beselt-Headshot-Colour_Oct-2025_circle.png 1920w\" sizes=\"auto, (max-width: 1024px) 100vw, 1024px\" \/><\/figure><div class=\"wp-block-media-text__content\">\n<p><strong>Elisa Beselt<\/strong><br>Chef de la strat\u00e9gie<br><a href=\"mailto:ebeselt@physiotherapy.ca\">ebeselt@physiotherapy.ca<\/a><\/p>\n<\/div><\/div>\n\n\n\n<div class=\"wp-block-media-text alignwide is-stacked-on-mobile\" style=\"grid-template-columns:20% auto\"><figure class=\"wp-block-media-text__media\"><img loading=\"lazy\" decoding=\"async\" width=\"819\" height=\"1024\" src=\"https:\/\/physiotherapy.ca\/app\/uploads\/2026\/02\/Caitlin-Drake-Smith_Headshot-Round-1-819x1024.png\" alt=\"\" class=\"wp-image-279575 size-full\" srcset=\"https:\/\/physiotherapy.ca\/app\/uploads\/2026\/02\/Caitlin-Drake-Smith_Headshot-Round-1-819x1024.png 819w, https:\/\/physiotherapy.ca\/app\/uploads\/2026\/02\/Caitlin-Drake-Smith_Headshot-Round-1-240x300.png 240w, https:\/\/physiotherapy.ca\/app\/uploads\/2026\/02\/Caitlin-Drake-Smith_Headshot-Round-1-768x960.png 768w, https:\/\/physiotherapy.ca\/app\/uploads\/2026\/02\/Caitlin-Drake-Smith_Headshot-Round-1-160x200.png 160w, https:\/\/physiotherapy.ca\/app\/uploads\/2026\/02\/Caitlin-Drake-Smith_Headshot-Round-1-600x750.png 600w, https:\/\/physiotherapy.ca\/app\/uploads\/2026\/02\/Caitlin-Drake-Smith_Headshot-Round-1.png 1080w\" sizes=\"auto, (max-width: 819px) 100vw, 819px\" \/><\/figure><div class=\"wp-block-media-text__content\">\n<p><strong>Caitlin Drake Smith<\/strong><br>Chef&nbsp;du marketing et du contenu<br><a href=\"mailto:cchoenmetz@physiotherapy.ca\">cdrakesmith@physiotherapy.ca<\/a><\/p>\n<\/div><\/div>\n\n\n\n<div class=\"wp-block-media-text alignwide is-stacked-on-mobile\" style=\"grid-template-columns:20% auto\"><figure class=\"wp-block-media-text__media\"><img loading=\"lazy\" decoding=\"async\" width=\"300\" height=\"300\" src=\"https:\/\/physiotherapy.ca\/app\/uploads\/2023\/09\/LCarroll_2023.png\" alt=\"Lisa Carroll\" class=\"wp-image-129791 size-full\" srcset=\"https:\/\/physiotherapy.ca\/app\/uploads\/2023\/09\/LCarroll_2023.png 300w, https:\/\/physiotherapy.ca\/app\/uploads\/2023\/09\/LCarroll_2023-150x150.png 150w, https:\/\/physiotherapy.ca\/app\/uploads\/2023\/09\/LCarroll_2023-200x200.png 200w, https:\/\/physiotherapy.ca\/app\/uploads\/2023\/09\/LCarroll_2023-100x100.png 100w\" sizes=\"auto, (max-width: 300px) 100vw, 300px\" \/><\/figure><div class=\"wp-block-media-text__content\">\n<p><strong>Lisa Carroll<\/strong><br>Directrice principale, Pratique professionnelle<br><a href=\"mailto:lcarroll@physiotherapy.ca\">lcarroll@physiotherapy.ca<\/a><\/p>\n<\/div><\/div>\n<\/div>\n<\/div>\n\n\n\n<h2 class=\"wp-block-heading\"><strong>Horaires du centre d&#8217;appel <\/strong><\/h2>\n\n\n\n<p>9 h HNE \u2013 17 h HNE du lundi au vendredi*<\/p>\n\n\n\n<p>Le personnel de notre centre d&#8217;appels est heureux de fournir un service en anglais ou en fran\u00e7ais par courriel ou par t\u00e9l\u00e9phone. Nous r\u00e9pondrons \u00e0 votre correspondance d\u00e8s que possible et r\u00e9pondons g\u00e9n\u00e9ralement dans les 24 heures ouvrables.<\/p>\n\n\n\n<p><em>*Veuillez noter que nous prolongeons souvent nos heures d&#8217;ouverture pour aider les membres qui ont besoin d&#8217;informations avant les d\u00e9lais de renouvellement des licences et des adh\u00e9sions des coll\u00e8ges et des associations.<\/em>&nbsp;<\/p>\n\n\n\n<h2 class=\"wp-block-heading\">Travailler avec nous<\/h2>\n\n\n\n<p>Si vous voulez avoir une influence sur la sant\u00e9 et le bien-\u00eatre des Canadiens, joignez-vous \u00e0 une \u00e9quipe gagnante.<\/p>\n\n\n\n<p>Si la sant\u00e9, l\u2019activit\u00e9 physique et le bien-\u00eatre des Canadiens vous passionnent, vous \u00eates au bon endroit. L\u2019Association canadienne de physioth\u00e9rapie fait la promotion d\u2019enjeux importants en r\u00e9adaptation physique, informe le public sur les avantages de la physioth\u00e9rapie et appuie plus de 15&nbsp;000&nbsp;physioth\u00e9rapeutes et assistants-physioth\u00e9rapeutes dans leur pratique clinique.<\/p>\n\n\n\n<p>Nous voulons que gr\u00e2ce \u00e0 la physioth\u00e9rapie, les Canadiens bougent plus et mieux. Jetez un coup d\u2019\u0153il aux postes ouverts et venez contribuer \u00e0 l\u2019am\u00e9lioration des soins de sant\u00e9 au Canada.<\/p>\n\n\n\n<p><strong><em>Nous vous remercions de votre int\u00e9r\u00eat, mais nous n&#8217;avons malheureusement pas d&#8217;offres d&#8217;emploi pour le moment.<\/em><\/strong><\/p>\n","protected":false},"excerpt":{"rendered":"<p>Association canadienne de physioth\u00e9rapie Veuillez noter que le personnel de l&#8217;Association canadienne de physioth\u00e9rapie travaille actuellement \u00e0 domicile et continuera de le faire dans un avenir pr\u00e9visible. Cela dit, nous sommes toujours l\u00e0 pour vous soutenir ! Nous vous sugg\u00e9rons [&hellip;]<\/p>\n","protected":false},"author":1,"featured_media":0,"parent":0,"menu_order":0,"comment_status":"closed","ping_status":"closed","template":"","meta":{"inline_featured_image":false,"ep_exclude_from_search":false,"footnotes":""},"topic":[],"class_list":["post-1558","page","type-page","status-publish","hentry"],"acf":[],"yoast_head":"<!-- This site is optimized with the Yoast SEO plugin v24.7 - https:\/\/yoast.com\/wordpress\/plugins\/seo\/ -->\n<title>Nous joindre - Canadian Physiotherapy Association<\/title>\n<meta name=\"robots\" content=\"index, follow, max-snippet:-1, max-image-preview:large, max-video-preview:-1\" \/>\n<link rel=\"canonical\" href=\"https:\/\/physiotherapy.ca\/fr\/nous-joindre\/\" \/>\n<meta property=\"og:locale\" content=\"fr_FR\" \/>\n<meta property=\"og:type\" content=\"article\" \/>\n<meta property=\"og:title\" content=\"Nous joindre - Canadian Physiotherapy Association\" \/>\n<meta property=\"og:description\" content=\"Association canadienne de physioth\u00e9rapie Veuillez noter que le personnel de l&#8217;Association canadienne de physioth\u00e9rapie travaille actuellement \u00e0 domicile et continuera de le faire dans un avenir pr\u00e9visible. Cela dit, nous sommes toujours l\u00e0 pour vous soutenir ! Nous vous sugg\u00e9rons [&hellip;]\" \/>\n<meta property=\"og:url\" content=\"https:\/\/physiotherapy.ca\/fr\/nous-joindre\/\" \/>\n<meta property=\"og:site_name\" content=\"Canadian Physiotherapy Association\" \/>\n<meta property=\"article:modified_time\" content=\"2026-02-26T19:01:23+00:00\" \/>\n<meta property=\"og:image\" content=\"https:\/\/physiotherapy.ca\/app\/uploads\/2025\/01\/Untitled-design-1.png\" \/>\n\t<meta property=\"og:image:width\" content=\"300\" \/>\n\t<meta property=\"og:image:height\" content=\"300\" \/>\n\t<meta property=\"og:image:type\" content=\"image\/png\" \/>\n<meta name=\"twitter:card\" content=\"summary_large_image\" \/>\n<meta name=\"twitter:label1\" content=\"Est. reading time\" \/>\n\t<meta name=\"twitter:data1\" content=\"3 minutes\" \/>\n<script type=\"application\/ld+json\" class=\"yoast-schema-graph\">{\"@context\":\"https:\/\/schema.org\",\"@graph\":[{\"@type\":\"WebPage\",\"@id\":\"https:\/\/physiotherapy.ca\/fr\/nous-joindre\/\",\"url\":\"https:\/\/physiotherapy.ca\/fr\/nous-joindre\/\",\"name\":\"Nous joindre - Canadian Physiotherapy Association\",\"isPartOf\":{\"@id\":\"https:\/\/physiotherapy.ca\/#website\"},\"primaryImageOfPage\":{\"@id\":\"https:\/\/physiotherapy.ca\/fr\/nous-joindre\/#primaryimage\"},\"image\":{\"@id\":\"https:\/\/physiotherapy.ca\/fr\/nous-joindre\/#primaryimage\"},\"thumbnailUrl\":\"https:\/\/physiotherapy.ca\/app\/uploads\/2025\/01\/Untitled-design-1.png\",\"datePublished\":\"2022-06-16T20:15:35+00:00\",\"dateModified\":\"2026-02-26T19:01:23+00:00\",\"breadcrumb\":{\"@id\":\"https:\/\/physiotherapy.ca\/fr\/nous-joindre\/#breadcrumb\"},\"inLanguage\":\"fr-FR\",\"potentialAction\":[{\"@type\":\"ReadAction\",\"target\":[\"https:\/\/physiotherapy.ca\/fr\/nous-joindre\/\"]}]},{\"@type\":\"ImageObject\",\"inLanguage\":\"fr-FR\",\"@id\":\"https:\/\/physiotherapy.ca\/fr\/nous-joindre\/#primaryimage\",\"url\":\"https:\/\/physiotherapy.ca\/app\/uploads\/2025\/01\/Untitled-design-1.png\",\"contentUrl\":\"https:\/\/physiotherapy.ca\/app\/uploads\/2025\/01\/Untitled-design-1.png\"},{\"@type\":\"BreadcrumbList\",\"@id\":\"https:\/\/physiotherapy.ca\/fr\/nous-joindre\/#breadcrumb\",\"itemListElement\":[{\"@type\":\"ListItem\",\"position\":1,\"name\":\"Home\",\"item\":\"https:\/\/physiotherapy.ca\/fr\/\"},{\"@type\":\"ListItem\",\"position\":2,\"name\":\"Nous joindre\"}]},{\"@type\":\"WebSite\",\"@id\":\"https:\/\/physiotherapy.ca\/#website\",\"url\":\"https:\/\/physiotherapy.ca\/\",\"name\":\"Canadian Physiotherapy Association\",\"description\":\"The Canadian Physiotherapy Association (CPA) represents over 16,000 physiotherapy professionals and students across Canada.\",\"potentialAction\":[{\"@type\":\"SearchAction\",\"target\":{\"@type\":\"EntryPoint\",\"urlTemplate\":\"https:\/\/physiotherapy.ca\/?s={search_term_string}\"},\"query-input\":{\"@type\":\"PropertyValueSpecification\",\"valueRequired\":true,\"valueName\":\"search_term_string\"}}],\"inLanguage\":\"fr-FR\"}]}<\/script>\n<!-- \/ Yoast SEO plugin. -->","yoast_head_json":{"title":"Nous joindre - Canadian Physiotherapy Association","robots":{"index":"index","follow":"follow","max-snippet":"max-snippet:-1","max-image-preview":"max-image-preview:large","max-video-preview":"max-video-preview:-1"},"canonical":"https:\/\/physiotherapy.ca\/fr\/nous-joindre\/","og_locale":"fr_FR","og_type":"article","og_title":"Nous joindre - Canadian Physiotherapy Association","og_description":"Association canadienne de physioth\u00e9rapie Veuillez noter que le personnel de l&#8217;Association canadienne de physioth\u00e9rapie travaille actuellement \u00e0 domicile et continuera de le faire dans un avenir pr\u00e9visible. Cela dit, nous sommes toujours l\u00e0 pour vous soutenir ! Nous vous sugg\u00e9rons [&hellip;]","og_url":"https:\/\/physiotherapy.ca\/fr\/nous-joindre\/","og_site_name":"Canadian Physiotherapy Association","article_modified_time":"2026-02-26T19:01:23+00:00","og_image":[{"width":300,"height":300,"url":"https:\/\/physiotherapy.ca\/app\/uploads\/2025\/01\/Untitled-design-1.png","type":"image\/png"}],"twitter_card":"summary_large_image","twitter_misc":{"Est. reading time":"3 minutes"},"schema":{"@context":"https:\/\/schema.org","@graph":[{"@type":"WebPage","@id":"https:\/\/physiotherapy.ca\/fr\/nous-joindre\/","url":"https:\/\/physiotherapy.ca\/fr\/nous-joindre\/","name":"Nous joindre - Canadian Physiotherapy Association","isPartOf":{"@id":"https:\/\/physiotherapy.ca\/#website"},"primaryImageOfPage":{"@id":"https:\/\/physiotherapy.ca\/fr\/nous-joindre\/#primaryimage"},"image":{"@id":"https:\/\/physiotherapy.ca\/fr\/nous-joindre\/#primaryimage"},"thumbnailUrl":"https:\/\/physiotherapy.ca\/app\/uploads\/2025\/01\/Untitled-design-1.png","datePublished":"2022-06-16T20:15:35+00:00","dateModified":"2026-02-26T19:01:23+00:00","breadcrumb":{"@id":"https:\/\/physiotherapy.ca\/fr\/nous-joindre\/#breadcrumb"},"inLanguage":"fr-FR","potentialAction":[{"@type":"ReadAction","target":["https:\/\/physiotherapy.ca\/fr\/nous-joindre\/"]}]},{"@type":"ImageObject","inLanguage":"fr-FR","@id":"https:\/\/physiotherapy.ca\/fr\/nous-joindre\/#primaryimage","url":"https:\/\/physiotherapy.ca\/app\/uploads\/2025\/01\/Untitled-design-1.png","contentUrl":"https:\/\/physiotherapy.ca\/app\/uploads\/2025\/01\/Untitled-design-1.png"},{"@type":"BreadcrumbList","@id":"https:\/\/physiotherapy.ca\/fr\/nous-joindre\/#breadcrumb","itemListElement":[{"@type":"ListItem","position":1,"name":"Home","item":"https:\/\/physiotherapy.ca\/fr\/"},{"@type":"ListItem","position":2,"name":"Nous joindre"}]},{"@type":"WebSite","@id":"https:\/\/physiotherapy.ca\/#website","url":"https:\/\/physiotherapy.ca\/","name":"Canadian Physiotherapy Association","description":"The Canadian Physiotherapy Association (CPA) represents over 16,000 physiotherapy professionals and students across Canada.","potentialAction":[{"@type":"SearchAction","target":{"@type":"EntryPoint","urlTemplate":"https:\/\/physiotherapy.ca\/?s={search_term_string}"},"query-input":{"@type":"PropertyValueSpecification","valueRequired":true,"valueName":"search_term_string"}}],"inLanguage":"fr-FR"}]}},"_links":{"self":[{"href":"https:\/\/physiotherapy.ca\/fr\/wp-json\/wp\/v2\/pages\/1558","targetHints":{"allow":["GET"]}}],"collection":[{"href":"https:\/\/physiotherapy.ca\/fr\/wp-json\/wp\/v2\/pages"}],"about":[{"href":"https:\/\/physiotherapy.ca\/fr\/wp-json\/wp\/v2\/types\/page"}],"author":[{"embeddable":true,"href":"https:\/\/physiotherapy.ca\/fr\/wp-json\/wp\/v2\/users\/1"}],"replies":[{"embeddable":true,"href":"https:\/\/physiotherapy.ca\/fr\/wp-json\/wp\/v2\/comments?post=1558"}],"version-history":[{"count":20,"href":"https:\/\/physiotherapy.ca\/fr\/wp-json\/wp\/v2\/pages\/1558\/revisions"}],"predecessor-version":[{"id":279577,"href":"https:\/\/physiotherapy.ca\/fr\/wp-json\/wp\/v2\/pages\/1558\/revisions\/279577"}],"wp:attachment":[{"href":"https:\/\/physiotherapy.ca\/fr\/wp-json\/wp\/v2\/media?parent=1558"}],"wp:term":[{"taxonomy":"topic","embeddable":true,"href":"https:\/\/physiotherapy.ca\/fr\/wp-json\/wp\/v2\/topic?post=1558"}],"curies":[{"name":"wp","href":"https:\/\/api.w.org\/{rel}","templated":true}]}}