{"id":159709,"date":"2023-11-06T16:06:27","date_gmt":"2023-11-06T21:06:27","guid":{"rendered":"https:\/\/physiotherapy.ca\/?page_id=159709"},"modified":"2024-02-26T14:16:41","modified_gmt":"2024-02-26T19:16:41","slug":"informations-sur-lhotel","status":"publish","type":"page","link":"https:\/\/physiotherapy.ca\/fr\/congres-2024\/informations-sur-lhotel\/","title":{"rendered":"Informations sur l&#8217;h\u00f4tel"},"content":{"rendered":"\n<figure class=\"wp-block-image size-large\"><img loading=\"lazy\" decoding=\"async\" width=\"1024\" height=\"683\" src=\"https:\/\/physiotherapy.ca\/app\/uploads\/2024\/01\/WALL-1024x683.png\" alt=\"\" class=\"wp-image-178402\" srcset=\"https:\/\/physiotherapy.ca\/app\/uploads\/2024\/01\/WALL-1024x683.png 1024w, https:\/\/physiotherapy.ca\/app\/uploads\/2024\/01\/WALL-300x200.png 300w, https:\/\/physiotherapy.ca\/app\/uploads\/2024\/01\/WALL-768x512.png 768w, https:\/\/physiotherapy.ca\/app\/uploads\/2024\/01\/WALL-600x400.png 600w, https:\/\/physiotherapy.ca\/app\/uploads\/2024\/01\/WALL.png 1215w\" sizes=\"auto, (max-width: 1024px) 100vw, 1024px\" \/><\/figure>\n\n\n\n<p>Pour rendre votre exp\u00e9rience au congr\u00e8s&nbsp;2024 la plus agr\u00e9able possible, l\u2019ACP a r\u00e9serv\u00e9 un bloc de chambres au <strong>Sheraton Vancouver Wall Centre<\/strong> et a n\u00e9goci\u00e9 un tarif fixe.<\/p>\n\n\n\n<p><strong>Tarif (occupation simple\/double)&nbsp;: 259&nbsp;$\/nuit + taxes<\/strong><\/p>\n\n\n\n<p><a href=\"https:\/\/url.emailprotection.link\/?b3TxFe8IKSNgtxDFR_rwv7HqTDl9ic67zYNyaCZarS0YhryXRB4RShMwwLzPe-uDkyBQ8yqNme13Qz91MrLni2G_CaRCey--L30U12exGyRrYs5RHcnyXW6RiXxTbXjp90AELXX8ttsgLAZoRcQNaqy_gYWOhBwSbwHKN7H80Epk~\" target=\"_blank\" rel=\"noreferrer noopener\">Cliquez ici<\/a><strong> pour r\u00e9server votre chambre d\u2019h\u00f4tel.<\/strong><\/p>\n\n\n\n<p><em>* Les chambres du bloc de chambres de l\u2019h\u00f4tel du congr\u00e8s de l\u2019ACP sont offertes selon le principe du premier arriv\u00e9 premier servi.<\/em><\/p>\n\n\n\n<p><em>* Les tarifs des chambres indiqu\u00e9s sont les tarifs les plus bas disponibles dans le bloc de chambres du congr\u00e8s de l\u2019ACP.<\/em><\/p>\n\n\n\n<p>*<em>La date limite pour r\u00e9server une chambre dans le bloc de chambres du congr\u00e8s de l\u2019ACP est le <strong>lundi&nbsp;25&nbsp;mars&nbsp;2024<\/strong>.<\/em><\/p>\n\n\n\n<p><em>* Pour toute question ou pour modifier votre r\u00e9servation, contactez l\u2019h\u00f4tel directement par courriel au <\/em><a href=\"mailto:reservations@wallcentre.com\"><em>reservations@wallcentre.com<\/em><\/a><em> ou par t\u00e9l\u00e9phone au 604&nbsp;331-1000.<\/em><\/p>\n\n\n\n<p><\/p>\n\n\n\n<h5 class=\"wp-block-heading\">Transport vers le Congr\u00e8s 2024<\/h5>\n\n\n\n<p>L&#8217;ACP a organis\u00e9 des tarifs r\u00e9duits pour les d\u00e9l\u00e9gu\u00e9s qui voyagent de et vers Vancouver pour le Congr\u00e8s 2024 en utilisant Air Canada et WestJet. Si vous souhaitez obtenir votre code promo personnel, veuillez contacter <a href=\"mailto:information@physiotherapy.ca\" target=\"_blank\" rel=\"noreferrer noopener\">information@physiotherapy.ca<\/a>.<\/p>\n","protected":false},"excerpt":{"rendered":"<p>Pour rendre votre exp\u00e9rience au congr\u00e8s&nbsp;2024 la plus agr\u00e9able possible, l\u2019ACP a r\u00e9serv\u00e9 un bloc de chambres au Sheraton Vancouver Wall Centre et a n\u00e9goci\u00e9 un tarif fixe. Tarif (occupation simple\/double)&nbsp;: 259&nbsp;$\/nuit + taxes Cliquez ici pour r\u00e9server votre chambre [&hellip;]<\/p>\n","protected":false},"author":23735,"featured_media":0,"parent":155287,"menu_order":0,"comment_status":"closed","ping_status":"closed","template":"","meta":{"inline_featured_image":false,"ep_exclude_from_search":false,"footnotes":""},"topic":[],"class_list":["post-159709","page","type-page","status-publish","hentry"],"acf":[],"yoast_head":"<!-- This site is optimized with the Yoast SEO plugin v24.7 - https:\/\/yoast.com\/wordpress\/plugins\/seo\/ -->\n<title>Informations sur l&#039;h\u00f4tel - Canadian Physiotherapy Association<\/title>\n<meta name=\"robots\" content=\"index, follow, max-snippet:-1, max-image-preview:large, max-video-preview:-1\" \/>\n<link rel=\"canonical\" href=\"https:\/\/physiotherapy.ca\/fr\/congres-2024\/informations-sur-lhotel\/\" \/>\n<meta property=\"og:locale\" content=\"fr_FR\" \/>\n<meta property=\"og:type\" content=\"article\" \/>\n<meta property=\"og:title\" content=\"Informations sur l&#039;h\u00f4tel - Canadian Physiotherapy Association\" \/>\n<meta property=\"og:description\" content=\"Pour rendre votre exp\u00e9rience au congr\u00e8s&nbsp;2024 la plus agr\u00e9able possible, l\u2019ACP a r\u00e9serv\u00e9 un bloc de chambres au Sheraton Vancouver Wall Centre et a n\u00e9goci\u00e9 un tarif fixe. Tarif (occupation simple\/double)&nbsp;: 259&nbsp;$\/nuit + taxes Cliquez ici pour r\u00e9server votre chambre [&hellip;]\" \/>\n<meta property=\"og:url\" content=\"https:\/\/physiotherapy.ca\/fr\/congres-2024\/informations-sur-lhotel\/\" \/>\n<meta property=\"og:site_name\" content=\"Canadian Physiotherapy Association\" \/>\n<meta property=\"article:modified_time\" content=\"2024-02-26T19:16:41+00:00\" \/>\n<meta property=\"og:image\" content=\"https:\/\/physiotherapy.ca\/app\/uploads\/2024\/01\/WALL-1024x683.png\" \/>\n<meta name=\"twitter:card\" content=\"summary_large_image\" \/>\n<meta name=\"twitter:label1\" content=\"Est. reading time\" \/>\n\t<meta name=\"twitter:data1\" content=\"1 minute\" \/>\n<script type=\"application\/ld+json\" class=\"yoast-schema-graph\">{\"@context\":\"https:\/\/schema.org\",\"@graph\":[{\"@type\":\"WebPage\",\"@id\":\"https:\/\/physiotherapy.ca\/fr\/congres-2024\/informations-sur-lhotel\/\",\"url\":\"https:\/\/physiotherapy.ca\/fr\/congres-2024\/informations-sur-lhotel\/\",\"name\":\"Informations sur l'h\u00f4tel - Canadian Physiotherapy Association\",\"isPartOf\":{\"@id\":\"https:\/\/physiotherapy.ca\/#website\"},\"primaryImageOfPage\":{\"@id\":\"https:\/\/physiotherapy.ca\/fr\/congres-2024\/informations-sur-lhotel\/#primaryimage\"},\"image\":{\"@id\":\"https:\/\/physiotherapy.ca\/fr\/congres-2024\/informations-sur-lhotel\/#primaryimage\"},\"thumbnailUrl\":\"https:\/\/physiotherapy.ca\/app\/uploads\/2024\/01\/WALL-1024x683.png\",\"datePublished\":\"2023-11-06T21:06:27+00:00\",\"dateModified\":\"2024-02-26T19:16:41+00:00\",\"breadcrumb\":{\"@id\":\"https:\/\/physiotherapy.ca\/fr\/congres-2024\/informations-sur-lhotel\/#breadcrumb\"},\"inLanguage\":\"fr-FR\",\"potentialAction\":[{\"@type\":\"ReadAction\",\"target\":[\"https:\/\/physiotherapy.ca\/fr\/congres-2024\/informations-sur-lhotel\/\"]}]},{\"@type\":\"ImageObject\",\"inLanguage\":\"fr-FR\",\"@id\":\"https:\/\/physiotherapy.ca\/fr\/congres-2024\/informations-sur-lhotel\/#primaryimage\",\"url\":\"https:\/\/physiotherapy.ca\/app\/uploads\/2024\/01\/WALL-1024x683.png\",\"contentUrl\":\"https:\/\/physiotherapy.ca\/app\/uploads\/2024\/01\/WALL-1024x683.png\"},{\"@type\":\"BreadcrumbList\",\"@id\":\"https:\/\/physiotherapy.ca\/fr\/congres-2024\/informations-sur-lhotel\/#breadcrumb\",\"itemListElement\":[{\"@type\":\"ListItem\",\"position\":1,\"name\":\"Home\",\"item\":\"https:\/\/physiotherapy.ca\/fr\/\"},{\"@type\":\"ListItem\",\"position\":2,\"name\":\"Congr\u00e8s 2024\",\"item\":\"https:\/\/physiotherapy.ca\/fr\/congres-2024\/\"},{\"@type\":\"ListItem\",\"position\":3,\"name\":\"Informations sur l&#8217;h\u00f4tel\"}]},{\"@type\":\"WebSite\",\"@id\":\"https:\/\/physiotherapy.ca\/#website\",\"url\":\"https:\/\/physiotherapy.ca\/\",\"name\":\"Canadian Physiotherapy Association\",\"description\":\"The Canadian Physiotherapy Association (CPA) represents over 16,000 physiotherapy professionals and students across Canada.\",\"potentialAction\":[{\"@type\":\"SearchAction\",\"target\":{\"@type\":\"EntryPoint\",\"urlTemplate\":\"https:\/\/physiotherapy.ca\/?s={search_term_string}\"},\"query-input\":{\"@type\":\"PropertyValueSpecification\",\"valueRequired\":true,\"valueName\":\"search_term_string\"}}],\"inLanguage\":\"fr-FR\"}]}<\/script>\n<!-- \/ Yoast SEO plugin. -->","yoast_head_json":{"title":"Informations sur l'h\u00f4tel - Canadian Physiotherapy Association","robots":{"index":"index","follow":"follow","max-snippet":"max-snippet:-1","max-image-preview":"max-image-preview:large","max-video-preview":"max-video-preview:-1"},"canonical":"https:\/\/physiotherapy.ca\/fr\/congres-2024\/informations-sur-lhotel\/","og_locale":"fr_FR","og_type":"article","og_title":"Informations sur l'h\u00f4tel - Canadian Physiotherapy Association","og_description":"Pour rendre votre exp\u00e9rience au congr\u00e8s&nbsp;2024 la plus agr\u00e9able possible, l\u2019ACP a r\u00e9serv\u00e9 un bloc de chambres au Sheraton Vancouver Wall Centre et a n\u00e9goci\u00e9 un tarif fixe. Tarif (occupation simple\/double)&nbsp;: 259&nbsp;$\/nuit + taxes Cliquez ici pour r\u00e9server votre chambre [&hellip;]","og_url":"https:\/\/physiotherapy.ca\/fr\/congres-2024\/informations-sur-lhotel\/","og_site_name":"Canadian Physiotherapy Association","article_modified_time":"2024-02-26T19:16:41+00:00","og_image":[{"url":"https:\/\/physiotherapy.ca\/app\/uploads\/2024\/01\/WALL-1024x683.png","type":"","width":"","height":""}],"twitter_card":"summary_large_image","twitter_misc":{"Est. reading time":"1 minute"},"schema":{"@context":"https:\/\/schema.org","@graph":[{"@type":"WebPage","@id":"https:\/\/physiotherapy.ca\/fr\/congres-2024\/informations-sur-lhotel\/","url":"https:\/\/physiotherapy.ca\/fr\/congres-2024\/informations-sur-lhotel\/","name":"Informations sur l'h\u00f4tel - Canadian Physiotherapy Association","isPartOf":{"@id":"https:\/\/physiotherapy.ca\/#website"},"primaryImageOfPage":{"@id":"https:\/\/physiotherapy.ca\/fr\/congres-2024\/informations-sur-lhotel\/#primaryimage"},"image":{"@id":"https:\/\/physiotherapy.ca\/fr\/congres-2024\/informations-sur-lhotel\/#primaryimage"},"thumbnailUrl":"https:\/\/physiotherapy.ca\/app\/uploads\/2024\/01\/WALL-1024x683.png","datePublished":"2023-11-06T21:06:27+00:00","dateModified":"2024-02-26T19:16:41+00:00","breadcrumb":{"@id":"https:\/\/physiotherapy.ca\/fr\/congres-2024\/informations-sur-lhotel\/#breadcrumb"},"inLanguage":"fr-FR","potentialAction":[{"@type":"ReadAction","target":["https:\/\/physiotherapy.ca\/fr\/congres-2024\/informations-sur-lhotel\/"]}]},{"@type":"ImageObject","inLanguage":"fr-FR","@id":"https:\/\/physiotherapy.ca\/fr\/congres-2024\/informations-sur-lhotel\/#primaryimage","url":"https:\/\/physiotherapy.ca\/app\/uploads\/2024\/01\/WALL-1024x683.png","contentUrl":"https:\/\/physiotherapy.ca\/app\/uploads\/2024\/01\/WALL-1024x683.png"},{"@type":"BreadcrumbList","@id":"https:\/\/physiotherapy.ca\/fr\/congres-2024\/informations-sur-lhotel\/#breadcrumb","itemListElement":[{"@type":"ListItem","position":1,"name":"Home","item":"https:\/\/physiotherapy.ca\/fr\/"},{"@type":"ListItem","position":2,"name":"Congr\u00e8s 2024","item":"https:\/\/physiotherapy.ca\/fr\/congres-2024\/"},{"@type":"ListItem","position":3,"name":"Informations sur l&#8217;h\u00f4tel"}]},{"@type":"WebSite","@id":"https:\/\/physiotherapy.ca\/#website","url":"https:\/\/physiotherapy.ca\/","name":"Canadian Physiotherapy Association","description":"The Canadian Physiotherapy Association (CPA) represents over 16,000 physiotherapy professionals and students across Canada.","potentialAction":[{"@type":"SearchAction","target":{"@type":"EntryPoint","urlTemplate":"https:\/\/physiotherapy.ca\/?s={search_term_string}"},"query-input":{"@type":"PropertyValueSpecification","valueRequired":true,"valueName":"search_term_string"}}],"inLanguage":"fr-FR"}]}},"_links":{"self":[{"href":"https:\/\/physiotherapy.ca\/fr\/wp-json\/wp\/v2\/pages\/159709","targetHints":{"allow":["GET"]}}],"collection":[{"href":"https:\/\/physiotherapy.ca\/fr\/wp-json\/wp\/v2\/pages"}],"about":[{"href":"https:\/\/physiotherapy.ca\/fr\/wp-json\/wp\/v2\/types\/page"}],"author":[{"embeddable":true,"href":"https:\/\/physiotherapy.ca\/fr\/wp-json\/wp\/v2\/users\/23735"}],"replies":[{"embeddable":true,"href":"https:\/\/physiotherapy.ca\/fr\/wp-json\/wp\/v2\/comments?post=159709"}],"version-history":[{"count":3,"href":"https:\/\/physiotherapy.ca\/fr\/wp-json\/wp\/v2\/pages\/159709\/revisions"}],"predecessor-version":[{"id":181431,"href":"https:\/\/physiotherapy.ca\/fr\/wp-json\/wp\/v2\/pages\/159709\/revisions\/181431"}],"up":[{"embeddable":true,"href":"https:\/\/physiotherapy.ca\/fr\/wp-json\/wp\/v2\/pages\/155287"}],"wp:attachment":[{"href":"https:\/\/physiotherapy.ca\/fr\/wp-json\/wp\/v2\/media?parent=159709"}],"wp:term":[{"taxonomy":"topic","embeddable":true,"href":"https:\/\/physiotherapy.ca\/fr\/wp-json\/wp\/v2\/topic?post=159709"}],"curies":[{"name":"wp","href":"https:\/\/api.w.org\/{rel}","templated":true}]}}