{"id":171765,"date":"2023-11-16T15:31:48","date_gmt":"2023-11-16T20:31:48","guid":{"rendered":"https:\/\/physiotherapy.ca\/?page_id=171765"},"modified":"2023-11-16T15:31:54","modified_gmt":"2023-11-16T20:31:54","slug":"belairdirect-assurances-habitation-et-auto","status":"publish","type":"page","link":"https:\/\/physiotherapy.ca\/fr\/membership-fr\/rabais-et-privileges\/belairdirect-assurances-habitation-et-auto\/","title":{"rendered":"belairdirect &#8211; Assurances habitation et auto"},"content":{"rendered":"<div class=\"wp-block-image\">\n<figure class=\"aligncenter size-full is-resized\"><img loading=\"lazy\" decoding=\"async\" src=\"https:\/\/physiotherapy.ca\/app\/uploads\/2023\/11\/belairdirect-AAH-RGB-F-AI-01.png\" alt=\"belairdirect logo\" class=\"wp-image-171753\" width=\"451\" height=\"225\" srcset=\"https:\/\/physiotherapy.ca\/app\/uploads\/2023\/11\/belairdirect-AAH-RGB-F-AI-01.png 901w, https:\/\/physiotherapy.ca\/app\/uploads\/2023\/11\/belairdirect-AAH-RGB-F-AI-01-300x150.png 300w, https:\/\/physiotherapy.ca\/app\/uploads\/2023\/11\/belairdirect-AAH-RGB-F-AI-01-768x384.png 768w, https:\/\/physiotherapy.ca\/app\/uploads\/2023\/11\/belairdirect-AAH-RGB-F-AI-01-390x195.png 390w, https:\/\/physiotherapy.ca\/app\/uploads\/2023\/11\/belairdirect-AAH-RGB-F-AI-01-600x300.png 600w\" sizes=\"auto, (max-width: 451px) 100vw, 451px\" \/><\/figure><\/div>\n\n\n<h2 class=\"wp-block-heading\">Dites bonjour \u00e0 des \u00e9conomies exclusives sur les assurances habitation et auto offertes par belairdirect.<\/h2>\n\n\n\n<p>Il est essentiel que vous ayez une bonne couverture d\u2019assurance pour vous accompagner au quotidien. Heureusement, notre partenaire officiel, belairdirect, a ce qu\u2019il vous faut.<\/p>\n\n\n\n<p>C\u2019est pourquoi nous faisons \u00e9quipe avec eux afin d\u2019obtenir des offres sp\u00e9ciales pour des assurances con\u00e7ues sp\u00e9cialement pour vous, en tant que membre de l&#8217;Association canadienne de physioth\u00e9rapie. belairdirect aide \u00e0 simplifier l\u2019assurance pour vous faciliter la vie. De plus, vous profiterez d\u2019une couverture bonifi\u00e9e en habitation et d\u2019options d\u2019assurance auto avantageuses gr\u00e2ce \u00e0 l\u2019avenant Privil\u00e8ge Groupe, sans oublier l\u2019acc\u00e8s \u00e0 des outils num\u00e9riques super pratiques qui rendent la gestion de votre assurance simple comme bonjour!<\/p>\n\n\n\n<p>C\u2019est plus qu&#8217;une simple police d\u2019assurance.<\/p>\n\n\n\n<p>En obtenant vos assurances par l&#8217;entremise de belairdirect, vous appuyez \u00e9galement l&#8217;Association canadienne de physioth\u00e9rapie.<\/p>\n\n\n\n<p>Obtenez votre soumission d\u00e8s aujourd\u2019hui!<\/p>\n\n\n\n<p>Visitez <a href=\"http:\/\/www.belairdirect.com\/sante\" target=\"_blank\" rel=\"noreferrer noopener\">belairdirect.com\/sante<\/a> ou composez le 1\u00a0833\u00a0887-4626<\/p>\n","protected":false},"excerpt":{"rendered":"<p>Dites bonjour \u00e0 des \u00e9conomies exclusives sur les assurances habitation et auto offertes par belairdirect. Il est essentiel que vous ayez une bonne couverture d\u2019assurance pour vous accompagner au quotidien. Heureusement, notre partenaire officiel, belairdirect, a ce qu\u2019il vous faut. [&hellip;]<\/p>\n","protected":false},"author":23735,"featured_media":0,"parent":5063,"menu_order":4,"comment_status":"closed","ping_status":"closed","template":"","meta":{"inline_featured_image":false,"ep_exclude_from_search":false,"footnotes":""},"topic":[],"class_list":["post-171765","page","type-page","status-publish","hentry"],"acf":[],"yoast_head":"<!-- This site is optimized with the Yoast SEO plugin v24.7 - https:\/\/yoast.com\/wordpress\/plugins\/seo\/ -->\n<title>belairdirect - Assurances habitation et auto - Canadian Physiotherapy Association<\/title>\n<meta name=\"robots\" content=\"index, follow, max-snippet:-1, max-image-preview:large, max-video-preview:-1\" \/>\n<link rel=\"canonical\" href=\"https:\/\/physiotherapy.ca\/fr\/membership-fr\/rabais-et-privileges\/belairdirect-assurances-habitation-et-auto\/\" \/>\n<meta property=\"og:locale\" content=\"fr_FR\" \/>\n<meta property=\"og:type\" content=\"article\" \/>\n<meta property=\"og:title\" content=\"belairdirect - Assurances habitation et auto - Canadian Physiotherapy Association\" \/>\n<meta property=\"og:description\" content=\"Dites bonjour \u00e0 des \u00e9conomies exclusives sur les assurances habitation et auto offertes par belairdirect. Il est essentiel que vous ayez une bonne couverture d\u2019assurance pour vous accompagner au quotidien. Heureusement, notre partenaire officiel, belairdirect, a ce qu\u2019il vous faut. [&hellip;]\" \/>\n<meta property=\"og:url\" content=\"https:\/\/physiotherapy.ca\/fr\/membership-fr\/rabais-et-privileges\/belairdirect-assurances-habitation-et-auto\/\" \/>\n<meta property=\"og:site_name\" content=\"Canadian Physiotherapy Association\" \/>\n<meta property=\"article:modified_time\" content=\"2023-11-16T20:31:54+00:00\" \/>\n<meta property=\"og:image\" content=\"https:\/\/physiotherapy.ca\/app\/uploads\/2023\/11\/belairdirect-AAH-RGB-F-AI-01.png\" \/>\n<meta name=\"twitter:card\" content=\"summary_large_image\" \/>\n<meta name=\"twitter:label1\" content=\"Est. reading time\" \/>\n\t<meta name=\"twitter:data1\" content=\"1 minute\" \/>\n<script type=\"application\/ld+json\" class=\"yoast-schema-graph\">{\"@context\":\"https:\/\/schema.org\",\"@graph\":[{\"@type\":\"WebPage\",\"@id\":\"https:\/\/physiotherapy.ca\/fr\/membership-fr\/rabais-et-privileges\/belairdirect-assurances-habitation-et-auto\/\",\"url\":\"https:\/\/physiotherapy.ca\/fr\/membership-fr\/rabais-et-privileges\/belairdirect-assurances-habitation-et-auto\/\",\"name\":\"belairdirect - Assurances habitation et auto - Canadian Physiotherapy Association\",\"isPartOf\":{\"@id\":\"https:\/\/physiotherapy.ca\/#website\"},\"primaryImageOfPage\":{\"@id\":\"https:\/\/physiotherapy.ca\/fr\/membership-fr\/rabais-et-privileges\/belairdirect-assurances-habitation-et-auto\/#primaryimage\"},\"image\":{\"@id\":\"https:\/\/physiotherapy.ca\/fr\/membership-fr\/rabais-et-privileges\/belairdirect-assurances-habitation-et-auto\/#primaryimage\"},\"thumbnailUrl\":\"https:\/\/physiotherapy.ca\/app\/uploads\/2023\/11\/belairdirect-AAH-RGB-F-AI-01.png\",\"datePublished\":\"2023-11-16T20:31:48+00:00\",\"dateModified\":\"2023-11-16T20:31:54+00:00\",\"breadcrumb\":{\"@id\":\"https:\/\/physiotherapy.ca\/fr\/membership-fr\/rabais-et-privileges\/belairdirect-assurances-habitation-et-auto\/#breadcrumb\"},\"inLanguage\":\"fr-FR\",\"potentialAction\":[{\"@type\":\"ReadAction\",\"target\":[\"https:\/\/physiotherapy.ca\/fr\/membership-fr\/rabais-et-privileges\/belairdirect-assurances-habitation-et-auto\/\"]}]},{\"@type\":\"ImageObject\",\"inLanguage\":\"fr-FR\",\"@id\":\"https:\/\/physiotherapy.ca\/fr\/membership-fr\/rabais-et-privileges\/belairdirect-assurances-habitation-et-auto\/#primaryimage\",\"url\":\"https:\/\/physiotherapy.ca\/app\/uploads\/2023\/11\/belairdirect-AAH-RGB-F-AI-01.png\",\"contentUrl\":\"https:\/\/physiotherapy.ca\/app\/uploads\/2023\/11\/belairdirect-AAH-RGB-F-AI-01.png\"},{\"@type\":\"BreadcrumbList\",\"@id\":\"https:\/\/physiotherapy.ca\/fr\/membership-fr\/rabais-et-privileges\/belairdirect-assurances-habitation-et-auto\/#breadcrumb\",\"itemListElement\":[{\"@type\":\"ListItem\",\"position\":1,\"name\":\"Home\",\"item\":\"https:\/\/physiotherapy.ca\/fr\/\"},{\"@type\":\"ListItem\",\"position\":2,\"name\":\"Membership FR\",\"item\":\"https:\/\/physiotherapy.ca\/fr\/membership-fr\/\"},{\"@type\":\"ListItem\",\"position\":3,\"name\":\"Rabais et privil\u00e8ges\",\"item\":\"https:\/\/physiotherapy.ca\/fr\/membership-fr\/rabais-et-privileges\/\"},{\"@type\":\"ListItem\",\"position\":4,\"name\":\"belairdirect &#8211; Assurances habitation et auto\"}]},{\"@type\":\"WebSite\",\"@id\":\"https:\/\/physiotherapy.ca\/#website\",\"url\":\"https:\/\/physiotherapy.ca\/\",\"name\":\"Canadian Physiotherapy Association\",\"description\":\"The Canadian Physiotherapy Association (CPA) represents over 16,000 physiotherapy professionals and students across Canada.\",\"potentialAction\":[{\"@type\":\"SearchAction\",\"target\":{\"@type\":\"EntryPoint\",\"urlTemplate\":\"https:\/\/physiotherapy.ca\/?s={search_term_string}\"},\"query-input\":{\"@type\":\"PropertyValueSpecification\",\"valueRequired\":true,\"valueName\":\"search_term_string\"}}],\"inLanguage\":\"fr-FR\"}]}<\/script>\n<!-- \/ Yoast SEO plugin. -->","yoast_head_json":{"title":"belairdirect - Assurances habitation et auto - Canadian Physiotherapy Association","robots":{"index":"index","follow":"follow","max-snippet":"max-snippet:-1","max-image-preview":"max-image-preview:large","max-video-preview":"max-video-preview:-1"},"canonical":"https:\/\/physiotherapy.ca\/fr\/membership-fr\/rabais-et-privileges\/belairdirect-assurances-habitation-et-auto\/","og_locale":"fr_FR","og_type":"article","og_title":"belairdirect - Assurances habitation et auto - Canadian Physiotherapy Association","og_description":"Dites bonjour \u00e0 des \u00e9conomies exclusives sur les assurances habitation et auto offertes par belairdirect. Il est essentiel que vous ayez une bonne couverture d\u2019assurance pour vous accompagner au quotidien. Heureusement, notre partenaire officiel, belairdirect, a ce qu\u2019il vous faut. [&hellip;]","og_url":"https:\/\/physiotherapy.ca\/fr\/membership-fr\/rabais-et-privileges\/belairdirect-assurances-habitation-et-auto\/","og_site_name":"Canadian Physiotherapy Association","article_modified_time":"2023-11-16T20:31:54+00:00","og_image":[{"url":"https:\/\/physiotherapy.ca\/app\/uploads\/2023\/11\/belairdirect-AAH-RGB-F-AI-01.png","type":"","width":"","height":""}],"twitter_card":"summary_large_image","twitter_misc":{"Est. reading time":"1 minute"},"schema":{"@context":"https:\/\/schema.org","@graph":[{"@type":"WebPage","@id":"https:\/\/physiotherapy.ca\/fr\/membership-fr\/rabais-et-privileges\/belairdirect-assurances-habitation-et-auto\/","url":"https:\/\/physiotherapy.ca\/fr\/membership-fr\/rabais-et-privileges\/belairdirect-assurances-habitation-et-auto\/","name":"belairdirect - Assurances habitation et auto - Canadian Physiotherapy Association","isPartOf":{"@id":"https:\/\/physiotherapy.ca\/#website"},"primaryImageOfPage":{"@id":"https:\/\/physiotherapy.ca\/fr\/membership-fr\/rabais-et-privileges\/belairdirect-assurances-habitation-et-auto\/#primaryimage"},"image":{"@id":"https:\/\/physiotherapy.ca\/fr\/membership-fr\/rabais-et-privileges\/belairdirect-assurances-habitation-et-auto\/#primaryimage"},"thumbnailUrl":"https:\/\/physiotherapy.ca\/app\/uploads\/2023\/11\/belairdirect-AAH-RGB-F-AI-01.png","datePublished":"2023-11-16T20:31:48+00:00","dateModified":"2023-11-16T20:31:54+00:00","breadcrumb":{"@id":"https:\/\/physiotherapy.ca\/fr\/membership-fr\/rabais-et-privileges\/belairdirect-assurances-habitation-et-auto\/#breadcrumb"},"inLanguage":"fr-FR","potentialAction":[{"@type":"ReadAction","target":["https:\/\/physiotherapy.ca\/fr\/membership-fr\/rabais-et-privileges\/belairdirect-assurances-habitation-et-auto\/"]}]},{"@type":"ImageObject","inLanguage":"fr-FR","@id":"https:\/\/physiotherapy.ca\/fr\/membership-fr\/rabais-et-privileges\/belairdirect-assurances-habitation-et-auto\/#primaryimage","url":"https:\/\/physiotherapy.ca\/app\/uploads\/2023\/11\/belairdirect-AAH-RGB-F-AI-01.png","contentUrl":"https:\/\/physiotherapy.ca\/app\/uploads\/2023\/11\/belairdirect-AAH-RGB-F-AI-01.png"},{"@type":"BreadcrumbList","@id":"https:\/\/physiotherapy.ca\/fr\/membership-fr\/rabais-et-privileges\/belairdirect-assurances-habitation-et-auto\/#breadcrumb","itemListElement":[{"@type":"ListItem","position":1,"name":"Home","item":"https:\/\/physiotherapy.ca\/fr\/"},{"@type":"ListItem","position":2,"name":"Membership FR","item":"https:\/\/physiotherapy.ca\/fr\/membership-fr\/"},{"@type":"ListItem","position":3,"name":"Rabais et privil\u00e8ges","item":"https:\/\/physiotherapy.ca\/fr\/membership-fr\/rabais-et-privileges\/"},{"@type":"ListItem","position":4,"name":"belairdirect &#8211; Assurances habitation et auto"}]},{"@type":"WebSite","@id":"https:\/\/physiotherapy.ca\/#website","url":"https:\/\/physiotherapy.ca\/","name":"Canadian Physiotherapy Association","description":"The Canadian Physiotherapy Association (CPA) represents over 16,000 physiotherapy professionals and students across Canada.","potentialAction":[{"@type":"SearchAction","target":{"@type":"EntryPoint","urlTemplate":"https:\/\/physiotherapy.ca\/?s={search_term_string}"},"query-input":{"@type":"PropertyValueSpecification","valueRequired":true,"valueName":"search_term_string"}}],"inLanguage":"fr-FR"}]}},"_links":{"self":[{"href":"https:\/\/physiotherapy.ca\/fr\/wp-json\/wp\/v2\/pages\/171765","targetHints":{"allow":["GET"]}}],"collection":[{"href":"https:\/\/physiotherapy.ca\/fr\/wp-json\/wp\/v2\/pages"}],"about":[{"href":"https:\/\/physiotherapy.ca\/fr\/wp-json\/wp\/v2\/types\/page"}],"author":[{"embeddable":true,"href":"https:\/\/physiotherapy.ca\/fr\/wp-json\/wp\/v2\/users\/23735"}],"replies":[{"embeddable":true,"href":"https:\/\/physiotherapy.ca\/fr\/wp-json\/wp\/v2\/comments?post=171765"}],"version-history":[{"count":1,"href":"https:\/\/physiotherapy.ca\/fr\/wp-json\/wp\/v2\/pages\/171765\/revisions"}],"predecessor-version":[{"id":171766,"href":"https:\/\/physiotherapy.ca\/fr\/wp-json\/wp\/v2\/pages\/171765\/revisions\/171766"}],"up":[{"embeddable":true,"href":"https:\/\/physiotherapy.ca\/fr\/wp-json\/wp\/v2\/pages\/5063"}],"wp:attachment":[{"href":"https:\/\/physiotherapy.ca\/fr\/wp-json\/wp\/v2\/media?parent=171765"}],"wp:term":[{"taxonomy":"topic","embeddable":true,"href":"https:\/\/physiotherapy.ca\/fr\/wp-json\/wp\/v2\/topic?post=171765"}],"curies":[{"name":"wp","href":"https:\/\/api.w.org\/{rel}","templated":true}]}}