{"id":181001,"date":"2024-02-21T15:56:51","date_gmt":"2024-02-21T20:56:51","guid":{"rendered":"https:\/\/physiotherapy.ca\/?page_id=181001"},"modified":"2024-03-26T11:17:34","modified_gmt":"2024-03-26T15:17:34","slug":"orateurs-principaux","status":"publish","type":"page","link":"https:\/\/physiotherapy.ca\/fr\/congres-2024\/orateurs-principaux\/","title":{"rendered":"Orateurs principaux"},"content":{"rendered":"\n<p><strong><em>Les orateurs sont list\u00e9s par ordre alphab\u00e9tique<\/em><\/strong><\/p>\n\n\n<div class=\"wp-block-image is-style-rounded\">\n<figure class=\"alignleft size-full\"><img loading=\"lazy\" decoding=\"async\" width=\"150\" height=\"150\" src=\"https:\/\/physiotherapy.ca\/app\/uploads\/2024\/02\/Mike_Landry-150x150-1.png\" alt=\"\" class=\"wp-image-180970\" srcset=\"https:\/\/physiotherapy.ca\/app\/uploads\/2024\/02\/Mike_Landry-150x150-1.png 150w, https:\/\/physiotherapy.ca\/app\/uploads\/2024\/02\/Mike_Landry-150x150-1-100x100.png 100w\" sizes=\"auto, (max-width: 150px) 100vw, 150px\" \/><\/figure><\/div>\n\n\n<p class=\"has-medium-font-size\"><strong>Michel Landry, Pr\u00e9sident de World Physiotherapy<\/strong>: <br><a href=\"https:\/\/physiotherapy.ca\/app\/uploads\/2024\/02\/CONGRESS-2024-PROGRAM-SCHEDULE-FR-FINAL.pdf\">Orateur principal- jeudi 25 avril 2024, 13 h \u2013 14 h 30<\/a><\/p>\n\n\n\n<p><strong><em>&#8220;Ne pas regarder en arri\u00e8re mais vouloir regarder autour de soi&#8221; ; R\u00e9flexion critique sur le village mondial de la physioth\u00e9rapie.<\/em><\/strong><\/p>\n\n\n\n<p>Dans son expos\u00e9, le Dr Landry fera valoir que le village mondial des physioth\u00e9rapeutes se trouve aujourd&#8217;hui \u00e0 la crois\u00e9e des chemins : choisir de s&#8217;adapter et de prosp\u00e9rer dans un monde nouveau en pleine mutation, ou choisir de r\u00e9sister, de s&#8217;enraciner et de prot\u00e9ger avec ferveur les valeurs et la culture qui ont pr\u00e9sid\u00e9 \u00e0 notre cr\u00e9ation il y a bien plus d&#8217;un si\u00e8cle.<\/p>\n\n\n\n<div style=\"height:60px\" aria-hidden=\"true\" class=\"wp-block-spacer\"><\/div>\n\n\n<div class=\"wp-block-image is-style-rounded\">\n<figure class=\"alignleft size-full\"><img loading=\"lazy\" decoding=\"async\" width=\"150\" height=\"150\" src=\"https:\/\/physiotherapy.ca\/app\/uploads\/2024\/03\/Stephanie-Lurch-150x150-1.png\" alt=\"\" class=\"wp-image-182969\" srcset=\"https:\/\/physiotherapy.ca\/app\/uploads\/2024\/03\/Stephanie-Lurch-150x150-1.png 150w, https:\/\/physiotherapy.ca\/app\/uploads\/2024\/03\/Stephanie-Lurch-150x150-1-100x100.png 100w\" sizes=\"auto, (max-width: 150px) 100vw, 150px\" \/><\/figure><\/div>\n\n\n<p class=\"has-medium-font-size\"><strong>Stephanie Lurch, physioth\u00e9rapeute contemporaine et professeure adjointe \u00e0 l&#8217;universit\u00e9 de Toronto. <\/strong><br><a href=\"https:\/\/physiotherapy.ca\/app\/uploads\/2024\/02\/CONGRESS-2024-PROGRAM-SCHEDULE-FR-FINAL.pdf\">Orateur principal- vendredi 26 avril 2024, 09 h 00 &#8211; 10 h 30<\/a><\/p>\n\n\n\n<p><strong><em>Manifesto of a Critical Consciousness<\/em><\/strong><\/p>\n\n\n\n<p>Cet expos\u00e9 explorera les notions d&#8217;injustice, d&#8217;interconnexion, d&#8217;action personnelle et de lib\u00e9ration dans l&#8217;espace contest\u00e9 de la profession de physioth\u00e9rapie.<\/p>\n\n\n\n<div style=\"height:60px\" aria-hidden=\"true\" class=\"wp-block-spacer\"><\/div>\n\n\n<div class=\"wp-block-image is-style-rounded\">\n<figure class=\"alignleft size-full\"><img loading=\"lazy\" decoding=\"async\" width=\"150\" height=\"150\" src=\"https:\/\/physiotherapy.ca\/app\/uploads\/2024\/03\/Andre-Picard-150x150-1.png\" alt=\"\" class=\"wp-image-183807\" srcset=\"https:\/\/physiotherapy.ca\/app\/uploads\/2024\/03\/Andre-Picard-150x150-1.png 150w, https:\/\/physiotherapy.ca\/app\/uploads\/2024\/03\/Andre-Picard-150x150-1-100x100.png 100w\" sizes=\"auto, (max-width: 150px) 100vw, 150px\" \/><\/figure><\/div>\n\n\n<p class=\"has-medium-font-size\"><strong>Andr\u00e9 Picard&nbsp;, journaliste sp\u00e9cialis\u00e9 en sant\u00e9 publique pour le <em>Globe and Mail<\/em><\/strong><br><a href=\"https:\/\/physiotherapy.ca\/app\/uploads\/2024\/02\/CONGRESS-2024-PROGRAM-SCHEDULE-FR-FINAL.pdf\">Orateur principal &#8211; samedi 27 avril 2024, 10 h 30 \u2013 12 h <\/a><\/p>\n\n\n\n<p><strong><em>Soins intensifs | Que se passe-t-il dans notre syst\u00e8me de sant\u00e9&nbsp;<\/em><\/strong><\/p>\n\n\n\n<p>O\u00f9 en est notre syst\u00e8me de sant\u00e9? Quels sont les d\u00e9fis et les possibilit\u00e9s d\u2019am\u00e9liorer la coordination et l\u2019efficacit\u00e9 des services dans l\u2019ensemble du pays? Comment pouvons-nous r\u00e9orienter notre attention et nos investissements pour b\u00e2tir un v\u00e9ritable \u00ab\u202fsyst\u00e8me de sant\u00e9\u202f\u00bb plut\u00f4t que le syst\u00e8me actuel de traitement de la maladie? Quel est le r\u00f4le particulier des organismes communautaires, y compris les centres de sant\u00e9 communautaire, et quelles sont les possibilit\u00e9s qui s\u2019offrent \u00e0 eux? Un des plus grands penseurs de l\u2019Am\u00e9rique du Nord nous fait part de ses observations et de sa vision.&nbsp;<\/p>\n\n\n\n<p><\/p>\n\n\n\n<div style=\"height:100px\" aria-hidden=\"true\" class=\"wp-block-spacer\"><\/div>\n\n\n\n<h3 class=\"wp-block-heading\">Orateurs<\/h3>\n\n\n\n<p class=\"has-medium-font-size\">Les orateurs sont list\u00e9s par ordre alphab\u00e9tique<\/p>\n\n\n\n<p><em>Les pr\u00e9sentations se feront en anglais, sauf indication contraire<\/em><\/p>\n\n\n\n<p><strong>Adriana Angarita-Fonseca<\/strong><br>The Effects of an Educational Intervention on Physiotherapists\u2019 Knowledge and Perceptions of Telerehabilitation<\/p>\n\n\n\n<p><strong>Lisa M.E. Arcobelli<\/strong><br>PEAC Accreditation Status and Decision-Making 101<\/p>\n\n\n\n<p><strong>Mohammad Auais<\/strong><br>The Stronger at Home Study: A Feasibility Randomised Controlled Trial of Home-Based Physiotherapy Program for Patients after a Hip Fracture<\/p>\n\n\n\n<p><strong>Mohammad Auais<\/strong><br>Stride with Confidence: Unveiling the Impact of Nordic Walking on Falls in Older Adults \u2013 A Randomized Feasibility Trial<\/p>\n\n\n\n<p><strong>Brittany Bagshawe<\/strong><br>Does as evidence-based quick guide promote use of performance measures in physical therapists\u2019 daily practice?<\/p>\n\n\n\n<p><strong>Krissy Bell<\/strong><br>CPA Strategic Update 2024<\/p>\n\n\n\n<p><strong>Edwin Betinol<\/strong><br>Exploring adaptive expertise as a threshold concept: A qualitative study on the graduating physical<br>therapy students\u2019 perception of expertise development<\/p>\n\n\n\n<p><strong>Lisa Carroll<\/strong><br>CPA Session Scope of Practice Presentation<\/p>\n\n\n\n<p><strong>Naomi Casiro<\/strong><br>Teaching Falls: Clinical application and practical training for Parkinsons and older adults populations<\/p>\n\n\n\n<p><strong>Maryl\u00e8ne Charette<\/strong><br>Geographic accessibility to pelvic health physiotherapy services across Ontario: A geographic information system analysis<\/p>\n\n\n\n<p><strong>Sarah Conci<\/strong><br>Reflection-for-Learning and Sharing Circles with Physiotherapy Students at the Neuro Rehab Clinic<\/p>\n\n\n\n<p><strong>Marcy Dayan<\/strong><br>Virtual (V) Compared to In-Person (IP) Pelvic Floor Physiotherapy (PFP) Training for Urinary Incontinence after Radical Prostatectomy (RP)<\/p>\n\n\n\n<p><strong>Robert de Fleuriot de la Colini\u00e8re<\/strong><br>Why stories matter: Integrating Orthopaedic, Trauma Informed and Biopsychosocial approaches to personalized care.<\/p>\n\n\n\n<p><strong>Jessica DeMars<\/strong><br>Identifying Long COVID in clinical practice: would you recognize Long COVID if you saw it?<\/p>\n\n\n\n<p><strong>Sarah Donkers<\/strong><br>Physiotherapists as physical activity behavioural coaches for people living with multiple sclerosis<\/p>\n\n\n\n<p><strong>Karin Eldred<\/strong><br>Youth with Cerebral Palsy get RIPT! Exploring Resistance Intensive Personalized Training programs delivered in a community setting.<\/p>\n\n\n\n<p><strong>Moni Fricke<\/strong><br>Tackling the \u2018How to\u2019 of integrating anti-racism and anti-oppressive teaching practices into physiotherapy curricula<\/p>\n\n\n\n<p><strong>Pradip Ghosh<\/strong><br>Pharmacology of Chemotherapeutic Drugs: What Physical Therapists Need to Know for Oncology Rehabilitation<\/p>\n\n\n\n<p><strong>Kim Hall<\/strong><br>Evolving Leadership<\/p>\n\n\n\n<p><strong>Liz Harvey<\/strong><br>On becoming a \u2018good\u2019 physiotherapist: exploring professional identity formation in physiotherapy students with multiple marginalized identities.<\/p>\n\n\n\n<p><strong>Julie Herrington<\/strong><br>What does an Advanced Physiotherapist Practitioner (APP) do?<br>A day in the life of an APP in Pediatric Rheumatology<\/p>\n\n\n\n<p><strong>Allyson Jones<\/strong><br>Burnout amongst Canadian physiotherapists during the COVID-19 pandemic: A national survey<\/p>\n\n\n\n<p><strong>Ania (Anna) Kania-Richmond<\/strong><br>Practical experiences of providers and clinic leaders implementing GLA:D for people with knee and hip osteoarthritis: A qualitative study<\/p>\n\n\n\n<p><strong>Dr. Heather King<\/strong><br>Co-designing a person-centred intervention to promote exercise and physical activity in individuals of South Asian origin following total knee arthroplasty<\/p>\n\n\n\n<p><strong>Katie Kowalski<\/strong><br>Use of the International IFOMPT Cervical Framework to inform clinical reasoning and clinical practice in postgraduate and entry-level physiotherapy students<\/p>\n\n\n\n<p><strong>Katie Kowalski<\/strong><br>Physical functioning in lumbar spinal surgery: systematic review and narrative synthesis of outcome measures and measurement properties of physical measures<\/p>\n\n\n\n<p><strong>Catherine Lafontaine<\/strong><br>Knee Osteoarthritis (OA) Education Session: A community hospital\u2019s effort to improve access to care for patients referred to the Hip and Knee Rapid Access Clinic.<\/p>\n\n\n\n<p><strong>Trisha Lawson<\/strong><br>Trauma-Informed Care: A Narrative Practice Workshop<\/p>\n\n\n\n<p><strong>Trisha Lawson<\/strong><br>The Choreography of Care: Physiotherapists on Film<\/p>\n\n\n\n<p><strong>Grace Liu<\/strong><br>Implementing the virtual and in-person DELIGHT programs for people living with dementia and their care partners (Ontario, Canada)<\/p>\n\n\n\n<p><strong>Sohrob Milani Zadeh<\/strong><\/p>\n\n\n\n<p>Jordan Miller<br>Competency Based Education in Physical Therapy (CBEPT) at Queen\u2019s: Opening a national dialogue about the transition to competency-based education<\/p>\n\n\n\n<p><strong>Jordan Miller<\/strong><br>Competency Based Education in Physical Therapy (CBEPT) at Queen\u2019s: Opening a national dialogue about the transition to competency-based education<\/p>\n\n\n\n<p><strong>Jordan Miller<\/strong><br>Physiotherapists in team-based primary care: building capacity to help address the health system\u2019s most pressing challenges<\/p>\n\n\n\n<p><strong>Stacey Miller<\/strong><br>Implementing Hip Surveillance for Children with Cerebral Palsy: Moving Beyond the Guidelines and Recognizing the Added Benefits<\/p>\n\n\n\n<p><strong>Dianne Millette<\/strong><br>Vision 2040: Imagining the Futures of Physical Therapy \u2013 What Will the Physical Therapy Profession Be if We Do Nothing?<\/p>\n\n\n\n<p><strong>Samantha Myers<\/strong><br>The Prostate Cancer Supportive Care Exercise Clinic: Process evaluation and changes in exercise levels<\/p>\n\n\n\n<p><strong>Kristin Nugent<\/strong><br>The relationship between concern for falling and history of falls in people with unilateral transtibial amputations<\/p>\n\n\n\n<p><strong>Dan Ogborn<\/strong><br>Defining the relationship between physical function and readiness to return to sport at six months following ACL reconstruction<\/p>\n\n\n\n<p><strong>Jennifer O\u2019Neil<\/strong><br>A Canadian Panel on telerehabilitation and digital health<\/p>\n\n\n\n<p><strong>Greg Padoni<\/strong><br>Predictors of Success in a Canadian Physiotherapy Program: From Admissions to Graduation<\/p>\n\n\n\n<p><strong>Dr. David Peachey<\/strong><br>Physiotherapy Profession Impact Report: Key Findings<\/p>\n\n\n\n<p><strong>\u00c9milie Petitclerc<\/strong><br>Les \u00e9tourdissements cervicog\u00e9niques : Et si le probl\u00e8me provenait aussi de la r\u00e9gion cervicale basse?<\/p>\n\n\n\n<p><strong>Courtney Pollock<\/strong><br>Co-creation of an Exposure-based Cognitive Behavioral Therapy based intervention for the rehabilitation of walking post-stroke<\/p>\n\n\n\n<p><strong>Codie Primeau<\/strong><br>Disrupting the Status Quo: 2SLGBTQQIA+ Inclusion in Physiotherapy<\/p>\n\n\n\n<p><strong>Codie Primeau<\/strong><br>Are Physiotherapists in Canada Prepared and Inclusive in Their Approach to Working with 2SLGBTQIPA+ Patients in Clinical Practice?<\/p>\n\n\n\n<p><strong>Codie Primeau<\/strong><br>What challenges and opportunities do physiotherapists encounter in integrating the 24-hour Movement Guidelines\u2019 sleep recommendations for individuals with arthritis?<\/p>\n\n\n\n<p><strong>Javad Raeesi<\/strong><br>Comparing the effect of physiotherapy and physiotherapy plus corticosteroid injection on patients with Subacromial Pain Syndrome: a randomized controlled trial<\/p>\n\n\n\n<p><strong>Dorra Rakia Allegue<\/strong><br>Factors influencing the implementation of telehealth in an early supported discharge program for stroke rehabilitation: Patients\u2019 and caregivers\u2019 perspectives.<\/p>\n\n\n\n<p><strong>Meaghan Ray Peters<\/strong><br>2SLGBTQ+ Inclusivity in Physiotherapy: A Practical Tool to Improve Your Personal Practice and Clinic Environment<\/p>\n\n\n\n<p><strong>Marzieh Rezaie<\/strong><br>Comparison of the physiotherapy with and without focus on the scapulothoracic joint on patients after arthroscopic shoulder rotator cuff tendon repair: A randomized controlled trial with short-term follow-up<\/p>\n\n\n\n<p><strong>Diana C. Sanchez-Ramirez<\/strong><br>Relationship between physical activity level and symptoms in patients with post-COVID syndrome<\/p>\n\n\n\n<p><strong>Jenna Smith-Turchyn<\/strong><br>Using physiotherapy and rehabilitation to improve the lives of older adults in Canada<\/p>\n\n\n\n<p><strong>Leslie Soever<\/strong><br>Advanced Clinician Practitioner in Arthritis Care (ACPAC) Program-trained Clinicians: A Workforce Addressing Health System Gaps<\/p>\n\n\n\n<p><strong>Michael Sullivan<\/strong><br>The Clinical Use of the Pain Catastrophizing Scale for Physiotherapists<\/p>\n\n\n\n<p><strong>Andrews Tawiah<\/strong><br>Patient experiences and perceptions of Advanced Practice Physiotherapy in an Urgent Care Centre: A mixed-methods study<\/p>\n\n\n\n<p><strong>Nathalie Trottier<\/strong><br>Understanding barriers and facilitators affecting parental adherence to plagiocephaly prevention: Multi-methods research findings<\/p>\n\n\n\n<p><strong>Carolyn Vandyken<\/strong><br>Creating Pelvic Health: Moving from Fixer to Facilitator<\/p>\n\n\n\n<p><strong>Sonia Vovan<\/strong><br>Concussion recovery and multi-domain integration in working-aged adults: Integrating cognition, balance, and visuomotor action for skilled performance in adults with persistent symptoms<\/p>\n\n\n\n<p><strong>Eric Walper<\/strong><br>Revolutionizing Physiotherapy: Integrating AI and ChatGPT for Enhanced Patient Care and Documentation Efficiency<\/p>\n\n\n\n<p><strong>Marie Westby<\/strong><br>Workshop: Introducing an online toolkit to help PTs choose and use outcome measures before\/after total joint arthroplasty<\/p>\n\n\n\n<p><strong>Dr. Jackie Whittaker<\/strong><br>Guiding rehabilitation to prevent post-traumatic osteoarthritis after knee injury: the 2022 OPTIKNEE international consensus statement<\/p>\n\n\n\n<p><strong>Dr. Jackie Whittaker<\/strong><br>The Stop OsteoARthritis (SOAR) program: a randomized delayed-controlled trial for persons at increased risk of early onset post-traumatic knee osteoarthritis<\/p>\n\n\n\n<p><strong>Lawrence Yu<\/strong><br>Enhancing the user experience of the Physiotherapy Entrustable Professional Activities Assessment (PEPAA): A quality improvement study.<\/p>\n\n\n\n<p><strong>Kendra Zadravec<\/strong><br>Arm morbidity after breast cancer treatment: Associations with sociodemographic and psychosocial characteristics<\/p>\n","protected":false},"excerpt":{"rendered":"<p>Les orateurs sont list\u00e9s par ordre alphab\u00e9tique Michel Landry, Pr\u00e9sident de World Physiotherapy: Orateur principal- jeudi 25 avril 2024, 13 h \u2013 14 h 30 &#8220;Ne pas regarder en arri\u00e8re mais vouloir regarder autour de soi&#8221; ; R\u00e9flexion critique sur [&hellip;]<\/p>\n","protected":false},"author":24447,"featured_media":155289,"parent":155287,"menu_order":5,"comment_status":"closed","ping_status":"closed","template":"","meta":{"inline_featured_image":false,"ep_exclude_from_search":false,"footnotes":""},"topic":[],"class_list":["post-181001","page","type-page","status-publish","has-post-thumbnail","hentry"],"acf":[],"yoast_head":"<!-- This site is optimized with the Yoast SEO plugin v24.7 - https:\/\/yoast.com\/wordpress\/plugins\/seo\/ -->\n<title>Orateurs principaux - Canadian Physiotherapy Association<\/title>\n<meta name=\"description\" content=\"Keynote speakers for the Canadian Physiotherapy Association&#039;s 2023 Congress\" \/>\n<meta name=\"robots\" content=\"index, follow, max-snippet:-1, max-image-preview:large, max-video-preview:-1\" \/>\n<link rel=\"canonical\" href=\"https:\/\/physiotherapy.ca\/fr\/congres-2024\/orateurs-principaux\/\" \/>\n<meta property=\"og:locale\" content=\"fr_FR\" \/>\n<meta property=\"og:type\" content=\"article\" \/>\n<meta property=\"og:title\" content=\"Orateurs principaux - Canadian Physiotherapy Association\" \/>\n<meta property=\"og:description\" content=\"Keynote speakers for the Canadian Physiotherapy Association&#039;s 2023 Congress\" \/>\n<meta property=\"og:url\" content=\"https:\/\/physiotherapy.ca\/fr\/congres-2024\/orateurs-principaux\/\" \/>\n<meta property=\"og:site_name\" content=\"Canadian Physiotherapy Association\" \/>\n<meta property=\"article:modified_time\" content=\"2024-03-26T15:17:34+00:00\" \/>\n<meta property=\"og:image\" content=\"https:\/\/physiotherapy.ca\/app\/uploads\/2023\/10\/C24-WEB-BANNER-FR-2.jpg\" \/>\n\t<meta property=\"og:image:width\" content=\"1169\" \/>\n\t<meta property=\"og:image:height\" content=\"237\" \/>\n\t<meta property=\"og:image:type\" content=\"image\/jpeg\" \/>\n<meta name=\"twitter:card\" content=\"summary_large_image\" \/>\n<meta name=\"twitter:label1\" content=\"Est. reading time\" \/>\n\t<meta name=\"twitter:data1\" content=\"7 minutes\" \/>\n<script type=\"application\/ld+json\" class=\"yoast-schema-graph\">{\"@context\":\"https:\/\/schema.org\",\"@graph\":[{\"@type\":\"WebPage\",\"@id\":\"https:\/\/physiotherapy.ca\/fr\/congres-2024\/orateurs-principaux\/\",\"url\":\"https:\/\/physiotherapy.ca\/fr\/congres-2024\/orateurs-principaux\/\",\"name\":\"Orateurs principaux - Canadian Physiotherapy Association\",\"isPartOf\":{\"@id\":\"https:\/\/physiotherapy.ca\/#website\"},\"primaryImageOfPage\":{\"@id\":\"https:\/\/physiotherapy.ca\/fr\/congres-2024\/orateurs-principaux\/#primaryimage\"},\"image\":{\"@id\":\"https:\/\/physiotherapy.ca\/fr\/congres-2024\/orateurs-principaux\/#primaryimage\"},\"thumbnailUrl\":\"https:\/\/physiotherapy.ca\/app\/uploads\/2023\/10\/C24-WEB-BANNER-FR-2.jpg\",\"datePublished\":\"2024-02-21T20:56:51+00:00\",\"dateModified\":\"2024-03-26T15:17:34+00:00\",\"description\":\"Keynote speakers for the Canadian Physiotherapy Association's 2023 Congress\",\"breadcrumb\":{\"@id\":\"https:\/\/physiotherapy.ca\/fr\/congres-2024\/orateurs-principaux\/#breadcrumb\"},\"inLanguage\":\"fr-FR\",\"potentialAction\":[{\"@type\":\"ReadAction\",\"target\":[\"https:\/\/physiotherapy.ca\/fr\/congres-2024\/orateurs-principaux\/\"]}]},{\"@type\":\"ImageObject\",\"inLanguage\":\"fr-FR\",\"@id\":\"https:\/\/physiotherapy.ca\/fr\/congres-2024\/orateurs-principaux\/#primaryimage\",\"url\":\"https:\/\/physiotherapy.ca\/app\/uploads\/2023\/10\/C24-WEB-BANNER-FR-2.jpg\",\"contentUrl\":\"https:\/\/physiotherapy.ca\/app\/uploads\/2023\/10\/C24-WEB-BANNER-FR-2.jpg\",\"width\":1169,\"height\":237},{\"@type\":\"BreadcrumbList\",\"@id\":\"https:\/\/physiotherapy.ca\/fr\/congres-2024\/orateurs-principaux\/#breadcrumb\",\"itemListElement\":[{\"@type\":\"ListItem\",\"position\":1,\"name\":\"Home\",\"item\":\"https:\/\/physiotherapy.ca\/fr\/\"},{\"@type\":\"ListItem\",\"position\":2,\"name\":\"Congr\u00e8s 2024\",\"item\":\"https:\/\/physiotherapy.ca\/fr\/congres-2024\/\"},{\"@type\":\"ListItem\",\"position\":3,\"name\":\"Orateurs principaux\"}]},{\"@type\":\"WebSite\",\"@id\":\"https:\/\/physiotherapy.ca\/#website\",\"url\":\"https:\/\/physiotherapy.ca\/\",\"name\":\"Canadian Physiotherapy Association\",\"description\":\"The Canadian Physiotherapy Association (CPA) represents over 16,000 physiotherapy professionals and students across Canada.\",\"potentialAction\":[{\"@type\":\"SearchAction\",\"target\":{\"@type\":\"EntryPoint\",\"urlTemplate\":\"https:\/\/physiotherapy.ca\/?s={search_term_string}\"},\"query-input\":{\"@type\":\"PropertyValueSpecification\",\"valueRequired\":true,\"valueName\":\"search_term_string\"}}],\"inLanguage\":\"fr-FR\"}]}<\/script>\n<!-- \/ Yoast SEO plugin. -->","yoast_head_json":{"title":"Orateurs principaux - Canadian Physiotherapy Association","description":"Keynote speakers for the Canadian Physiotherapy Association's 2023 Congress","robots":{"index":"index","follow":"follow","max-snippet":"max-snippet:-1","max-image-preview":"max-image-preview:large","max-video-preview":"max-video-preview:-1"},"canonical":"https:\/\/physiotherapy.ca\/fr\/congres-2024\/orateurs-principaux\/","og_locale":"fr_FR","og_type":"article","og_title":"Orateurs principaux - Canadian Physiotherapy Association","og_description":"Keynote speakers for the Canadian Physiotherapy Association's 2023 Congress","og_url":"https:\/\/physiotherapy.ca\/fr\/congres-2024\/orateurs-principaux\/","og_site_name":"Canadian Physiotherapy Association","article_modified_time":"2024-03-26T15:17:34+00:00","og_image":[{"width":1169,"height":237,"url":"https:\/\/physiotherapy.ca\/app\/uploads\/2023\/10\/C24-WEB-BANNER-FR-2.jpg","type":"image\/jpeg"}],"twitter_card":"summary_large_image","twitter_misc":{"Est. reading time":"7 minutes"},"schema":{"@context":"https:\/\/schema.org","@graph":[{"@type":"WebPage","@id":"https:\/\/physiotherapy.ca\/fr\/congres-2024\/orateurs-principaux\/","url":"https:\/\/physiotherapy.ca\/fr\/congres-2024\/orateurs-principaux\/","name":"Orateurs principaux - Canadian Physiotherapy Association","isPartOf":{"@id":"https:\/\/physiotherapy.ca\/#website"},"primaryImageOfPage":{"@id":"https:\/\/physiotherapy.ca\/fr\/congres-2024\/orateurs-principaux\/#primaryimage"},"image":{"@id":"https:\/\/physiotherapy.ca\/fr\/congres-2024\/orateurs-principaux\/#primaryimage"},"thumbnailUrl":"https:\/\/physiotherapy.ca\/app\/uploads\/2023\/10\/C24-WEB-BANNER-FR-2.jpg","datePublished":"2024-02-21T20:56:51+00:00","dateModified":"2024-03-26T15:17:34+00:00","description":"Keynote speakers for the Canadian Physiotherapy Association's 2023 Congress","breadcrumb":{"@id":"https:\/\/physiotherapy.ca\/fr\/congres-2024\/orateurs-principaux\/#breadcrumb"},"inLanguage":"fr-FR","potentialAction":[{"@type":"ReadAction","target":["https:\/\/physiotherapy.ca\/fr\/congres-2024\/orateurs-principaux\/"]}]},{"@type":"ImageObject","inLanguage":"fr-FR","@id":"https:\/\/physiotherapy.ca\/fr\/congres-2024\/orateurs-principaux\/#primaryimage","url":"https:\/\/physiotherapy.ca\/app\/uploads\/2023\/10\/C24-WEB-BANNER-FR-2.jpg","contentUrl":"https:\/\/physiotherapy.ca\/app\/uploads\/2023\/10\/C24-WEB-BANNER-FR-2.jpg","width":1169,"height":237},{"@type":"BreadcrumbList","@id":"https:\/\/physiotherapy.ca\/fr\/congres-2024\/orateurs-principaux\/#breadcrumb","itemListElement":[{"@type":"ListItem","position":1,"name":"Home","item":"https:\/\/physiotherapy.ca\/fr\/"},{"@type":"ListItem","position":2,"name":"Congr\u00e8s 2024","item":"https:\/\/physiotherapy.ca\/fr\/congres-2024\/"},{"@type":"ListItem","position":3,"name":"Orateurs principaux"}]},{"@type":"WebSite","@id":"https:\/\/physiotherapy.ca\/#website","url":"https:\/\/physiotherapy.ca\/","name":"Canadian Physiotherapy Association","description":"The Canadian Physiotherapy Association (CPA) represents over 16,000 physiotherapy professionals and students across Canada.","potentialAction":[{"@type":"SearchAction","target":{"@type":"EntryPoint","urlTemplate":"https:\/\/physiotherapy.ca\/?s={search_term_string}"},"query-input":{"@type":"PropertyValueSpecification","valueRequired":true,"valueName":"search_term_string"}}],"inLanguage":"fr-FR"}]}},"_links":{"self":[{"href":"https:\/\/physiotherapy.ca\/fr\/wp-json\/wp\/v2\/pages\/181001","targetHints":{"allow":["GET"]}}],"collection":[{"href":"https:\/\/physiotherapy.ca\/fr\/wp-json\/wp\/v2\/pages"}],"about":[{"href":"https:\/\/physiotherapy.ca\/fr\/wp-json\/wp\/v2\/types\/page"}],"author":[{"embeddable":true,"href":"https:\/\/physiotherapy.ca\/fr\/wp-json\/wp\/v2\/users\/24447"}],"replies":[{"embeddable":true,"href":"https:\/\/physiotherapy.ca\/fr\/wp-json\/wp\/v2\/comments?post=181001"}],"version-history":[{"count":7,"href":"https:\/\/physiotherapy.ca\/fr\/wp-json\/wp\/v2\/pages\/181001\/revisions"}],"predecessor-version":[{"id":184518,"href":"https:\/\/physiotherapy.ca\/fr\/wp-json\/wp\/v2\/pages\/181001\/revisions\/184518"}],"up":[{"embeddable":true,"href":"https:\/\/physiotherapy.ca\/fr\/wp-json\/wp\/v2\/pages\/155287"}],"wp:featuredmedia":[{"embeddable":true,"href":"https:\/\/physiotherapy.ca\/fr\/wp-json\/wp\/v2\/media\/155289"}],"wp:attachment":[{"href":"https:\/\/physiotherapy.ca\/fr\/wp-json\/wp\/v2\/media?parent=181001"}],"wp:term":[{"taxonomy":"topic","embeddable":true,"href":"https:\/\/physiotherapy.ca\/fr\/wp-json\/wp\/v2\/topic?post=181001"}],"curies":[{"name":"wp","href":"https:\/\/api.w.org\/{rel}","templated":true}]}}