{"id":181107,"date":"2024-02-22T11:52:34","date_gmt":"2024-02-22T16:52:34","guid":{"rendered":"https:\/\/physiotherapy.ca\/?page_id=181107"},"modified":"2026-02-20T10:58:01","modified_gmt":"2026-02-20T15:58:01","slug":"assemblee-generale-annuelle","status":"publish","type":"page","link":"https:\/\/physiotherapy.ca\/fr\/lassociation\/gouvernance\/assemblee-generale-annuelle\/","title":{"rendered":"Assembl\u00e9e g\u00e9n\u00e9rale annuelle 2026"},"content":{"rendered":"\n<p>R\u00e9servez la date de l\u2019assembl\u00e9e g\u00e9n\u00e9rale annuelle (AGA) 2026 virtuelle\u202f: Jeudi\u202f11\u202fjuin \u00e0 19\u202fh HNE.<br>\u202f<br>Les informations relatives \u00e0 l\u2019inscription et les documents n\u00e9cessaires seront envoy\u00e9s par courriel aux membres environ un mois avant l\u2019AGA.<\/p>\n\n\n\n<div style=\"height:100px\" aria-hidden=\"true\" class=\"wp-block-spacer\"><\/div>\n\n\n\n<p><\/p>\n","protected":false},"excerpt":{"rendered":"<p>R\u00e9servez la date de l\u2019assembl\u00e9e g\u00e9n\u00e9rale annuelle (AGA) 2026 virtuelle\u202f: Jeudi\u202f11\u202fjuin \u00e0 19\u202fh HNE.\u202fLes informations relatives \u00e0 l\u2019inscription et les documents n\u00e9cessaires seront envoy\u00e9s par courriel aux membres environ un mois avant l\u2019AGA.<\/p>\n","protected":false},"author":24447,"featured_media":0,"parent":4208,"menu_order":2,"comment_status":"closed","ping_status":"closed","template":"","meta":{"inline_featured_image":false,"ep_exclude_from_search":false,"footnotes":""},"topic":[],"class_list":["post-181107","page","type-page","status-publish","hentry"],"acf":[],"yoast_head":"<!-- This site is optimized with the Yoast SEO plugin v24.7 - https:\/\/yoast.com\/wordpress\/plugins\/seo\/ -->\n<title>Assembl\u00e9e g\u00e9n\u00e9rale annuelle 2026 - Canadian Physiotherapy Association<\/title>\n<meta name=\"description\" content=\"R\u00e9servez la date de l\u2019assembl\u00e9e g\u00e9n\u00e9rale annuelle\" \/>\n<meta name=\"robots\" content=\"index, follow, max-snippet:-1, max-image-preview:large, max-video-preview:-1\" \/>\n<link rel=\"canonical\" href=\"https:\/\/physiotherapy.ca\/fr\/lassociation\/gouvernance\/assemblee-generale-annuelle\/\" \/>\n<meta property=\"og:locale\" content=\"fr_FR\" \/>\n<meta property=\"og:type\" content=\"article\" \/>\n<meta property=\"og:title\" content=\"Assembl\u00e9e g\u00e9n\u00e9rale annuelle 2026 - Canadian Physiotherapy Association\" \/>\n<meta property=\"og:description\" content=\"R\u00e9servez la date de l\u2019assembl\u00e9e g\u00e9n\u00e9rale annuelle\" \/>\n<meta property=\"og:url\" content=\"https:\/\/physiotherapy.ca\/fr\/lassociation\/gouvernance\/assemblee-generale-annuelle\/\" \/>\n<meta property=\"og:site_name\" content=\"Canadian Physiotherapy Association\" \/>\n<meta property=\"article:modified_time\" content=\"2026-02-20T15:58:01+00:00\" \/>\n<meta name=\"twitter:card\" content=\"summary_large_image\" \/>\n<meta name=\"twitter:label1\" content=\"Est. reading time\" \/>\n\t<meta name=\"twitter:data1\" content=\"1 minute\" \/>\n<script type=\"application\/ld+json\" class=\"yoast-schema-graph\">{\"@context\":\"https:\/\/schema.org\",\"@graph\":[{\"@type\":\"WebPage\",\"@id\":\"https:\/\/physiotherapy.ca\/fr\/lassociation\/gouvernance\/assemblee-generale-annuelle\/\",\"url\":\"https:\/\/physiotherapy.ca\/fr\/lassociation\/gouvernance\/assemblee-generale-annuelle\/\",\"name\":\"Assembl\u00e9e g\u00e9n\u00e9rale annuelle 2026 - Canadian Physiotherapy Association\",\"isPartOf\":{\"@id\":\"https:\/\/physiotherapy.ca\/#website\"},\"datePublished\":\"2024-02-22T16:52:34+00:00\",\"dateModified\":\"2026-02-20T15:58:01+00:00\",\"description\":\"R\u00e9servez la date de l\u2019assembl\u00e9e g\u00e9n\u00e9rale annuelle\",\"breadcrumb\":{\"@id\":\"https:\/\/physiotherapy.ca\/fr\/lassociation\/gouvernance\/assemblee-generale-annuelle\/#breadcrumb\"},\"inLanguage\":\"fr-FR\",\"potentialAction\":[{\"@type\":\"ReadAction\",\"target\":[\"https:\/\/physiotherapy.ca\/fr\/lassociation\/gouvernance\/assemblee-generale-annuelle\/\"]}]},{\"@type\":\"BreadcrumbList\",\"@id\":\"https:\/\/physiotherapy.ca\/fr\/lassociation\/gouvernance\/assemblee-generale-annuelle\/#breadcrumb\",\"itemListElement\":[{\"@type\":\"ListItem\",\"position\":1,\"name\":\"Home\",\"item\":\"https:\/\/physiotherapy.ca\/fr\/\"},{\"@type\":\"ListItem\",\"position\":2,\"name\":\"L&#8217;Association\",\"item\":\"https:\/\/physiotherapy.ca\/fr\/lassociation\/\"},{\"@type\":\"ListItem\",\"position\":3,\"name\":\"Gouvernance\",\"item\":\"https:\/\/physiotherapy.ca\/fr\/lassociation\/gouvernance\/\"},{\"@type\":\"ListItem\",\"position\":4,\"name\":\"Assembl\u00e9e g\u00e9n\u00e9rale annuelle 2026\"}]},{\"@type\":\"WebSite\",\"@id\":\"https:\/\/physiotherapy.ca\/#website\",\"url\":\"https:\/\/physiotherapy.ca\/\",\"name\":\"Canadian Physiotherapy Association\",\"description\":\"The Canadian Physiotherapy Association (CPA) represents over 16,000 physiotherapy professionals and students across Canada.\",\"potentialAction\":[{\"@type\":\"SearchAction\",\"target\":{\"@type\":\"EntryPoint\",\"urlTemplate\":\"https:\/\/physiotherapy.ca\/?s={search_term_string}\"},\"query-input\":{\"@type\":\"PropertyValueSpecification\",\"valueRequired\":true,\"valueName\":\"search_term_string\"}}],\"inLanguage\":\"fr-FR\"}]}<\/script>\n<!-- \/ Yoast SEO plugin. -->","yoast_head_json":{"title":"Assembl\u00e9e g\u00e9n\u00e9rale annuelle 2026 - Canadian Physiotherapy Association","description":"R\u00e9servez la date de l\u2019assembl\u00e9e g\u00e9n\u00e9rale annuelle","robots":{"index":"index","follow":"follow","max-snippet":"max-snippet:-1","max-image-preview":"max-image-preview:large","max-video-preview":"max-video-preview:-1"},"canonical":"https:\/\/physiotherapy.ca\/fr\/lassociation\/gouvernance\/assemblee-generale-annuelle\/","og_locale":"fr_FR","og_type":"article","og_title":"Assembl\u00e9e g\u00e9n\u00e9rale annuelle 2026 - Canadian Physiotherapy Association","og_description":"R\u00e9servez la date de l\u2019assembl\u00e9e g\u00e9n\u00e9rale annuelle","og_url":"https:\/\/physiotherapy.ca\/fr\/lassociation\/gouvernance\/assemblee-generale-annuelle\/","og_site_name":"Canadian Physiotherapy Association","article_modified_time":"2026-02-20T15:58:01+00:00","twitter_card":"summary_large_image","twitter_misc":{"Est. reading time":"1 minute"},"schema":{"@context":"https:\/\/schema.org","@graph":[{"@type":"WebPage","@id":"https:\/\/physiotherapy.ca\/fr\/lassociation\/gouvernance\/assemblee-generale-annuelle\/","url":"https:\/\/physiotherapy.ca\/fr\/lassociation\/gouvernance\/assemblee-generale-annuelle\/","name":"Assembl\u00e9e g\u00e9n\u00e9rale annuelle 2026 - Canadian Physiotherapy Association","isPartOf":{"@id":"https:\/\/physiotherapy.ca\/#website"},"datePublished":"2024-02-22T16:52:34+00:00","dateModified":"2026-02-20T15:58:01+00:00","description":"R\u00e9servez la date de l\u2019assembl\u00e9e g\u00e9n\u00e9rale annuelle","breadcrumb":{"@id":"https:\/\/physiotherapy.ca\/fr\/lassociation\/gouvernance\/assemblee-generale-annuelle\/#breadcrumb"},"inLanguage":"fr-FR","potentialAction":[{"@type":"ReadAction","target":["https:\/\/physiotherapy.ca\/fr\/lassociation\/gouvernance\/assemblee-generale-annuelle\/"]}]},{"@type":"BreadcrumbList","@id":"https:\/\/physiotherapy.ca\/fr\/lassociation\/gouvernance\/assemblee-generale-annuelle\/#breadcrumb","itemListElement":[{"@type":"ListItem","position":1,"name":"Home","item":"https:\/\/physiotherapy.ca\/fr\/"},{"@type":"ListItem","position":2,"name":"L&#8217;Association","item":"https:\/\/physiotherapy.ca\/fr\/lassociation\/"},{"@type":"ListItem","position":3,"name":"Gouvernance","item":"https:\/\/physiotherapy.ca\/fr\/lassociation\/gouvernance\/"},{"@type":"ListItem","position":4,"name":"Assembl\u00e9e g\u00e9n\u00e9rale annuelle 2026"}]},{"@type":"WebSite","@id":"https:\/\/physiotherapy.ca\/#website","url":"https:\/\/physiotherapy.ca\/","name":"Canadian Physiotherapy Association","description":"The Canadian Physiotherapy Association (CPA) represents over 16,000 physiotherapy professionals and students across Canada.","potentialAction":[{"@type":"SearchAction","target":{"@type":"EntryPoint","urlTemplate":"https:\/\/physiotherapy.ca\/?s={search_term_string}"},"query-input":{"@type":"PropertyValueSpecification","valueRequired":true,"valueName":"search_term_string"}}],"inLanguage":"fr-FR"}]}},"_links":{"self":[{"href":"https:\/\/physiotherapy.ca\/fr\/wp-json\/wp\/v2\/pages\/181107","targetHints":{"allow":["GET"]}}],"collection":[{"href":"https:\/\/physiotherapy.ca\/fr\/wp-json\/wp\/v2\/pages"}],"about":[{"href":"https:\/\/physiotherapy.ca\/fr\/wp-json\/wp\/v2\/types\/page"}],"author":[{"embeddable":true,"href":"https:\/\/physiotherapy.ca\/fr\/wp-json\/wp\/v2\/users\/24447"}],"replies":[{"embeddable":true,"href":"https:\/\/physiotherapy.ca\/fr\/wp-json\/wp\/v2\/comments?post=181107"}],"version-history":[{"count":19,"href":"https:\/\/physiotherapy.ca\/fr\/wp-json\/wp\/v2\/pages\/181107\/revisions"}],"predecessor-version":[{"id":279473,"href":"https:\/\/physiotherapy.ca\/fr\/wp-json\/wp\/v2\/pages\/181107\/revisions\/279473"}],"up":[{"embeddable":true,"href":"https:\/\/physiotherapy.ca\/fr\/wp-json\/wp\/v2\/pages\/4208"}],"wp:attachment":[{"href":"https:\/\/physiotherapy.ca\/fr\/wp-json\/wp\/v2\/media?parent=181107"}],"wp:term":[{"taxonomy":"topic","embeddable":true,"href":"https:\/\/physiotherapy.ca\/fr\/wp-json\/wp\/v2\/topic?post=181107"}],"curies":[{"name":"wp","href":"https:\/\/api.w.org\/{rel}","templated":true}]}}