{"id":181125,"date":"2024-02-22T15:50:48","date_gmt":"2024-02-22T20:50:48","guid":{"rendered":"https:\/\/physiotherapy.ca\/?page_id=181125"},"modified":"2026-03-16T12:04:08","modified_gmt":"2026-03-16T16:04:08","slug":"recrutement-du-conseil-dadministration","status":"publish","type":"page","link":"https:\/\/physiotherapy.ca\/fr\/lassociation\/gouvernance\/recrutement-du-conseil-dadministration\/","title":{"rendered":"Recrutement du conseil d\u2019administration de 2026"},"content":{"rendered":"\n<p>Le Conseil d\u2019administration de l\u2019ACP ne recrute pas actuellement de nouveaux candidats. Les informations concernant le cycle de recrutement 2027 seront affich\u00e9es et partag\u00e9es avec les membres au d\u00e9but de l\u2019ann\u00e9e 2027.<\/p>\n","protected":false},"excerpt":{"rendered":"<p>Le Conseil d\u2019administration de l\u2019ACP ne recrute pas actuellement de nouveaux candidats. Les informations concernant le cycle de recrutement 2027 seront affich\u00e9es et partag\u00e9es avec les membres au d\u00e9but de l\u2019ann\u00e9e 2027.<\/p>\n","protected":false},"author":24447,"featured_media":0,"parent":4208,"menu_order":3,"comment_status":"closed","ping_status":"closed","template":"","meta":{"inline_featured_image":false,"ep_exclude_from_search":false,"footnotes":""},"topic":[],"class_list":["post-181125","page","type-page","status-publish","hentry"],"acf":[],"yoast_head":"<!-- This site is optimized with the Yoast SEO plugin v24.7 - https:\/\/yoast.com\/wordpress\/plugins\/seo\/ -->\n<title>Recrutement du conseil d\u2019administration de 2026 - Canadian Physiotherapy Association<\/title>\n<meta name=\"description\" content=\"\u2019Association canadienne de physioth\u00e9rapie (ACP) repr\u00e9sente les professionnels de la physioth\u00e9rapie, y compris les physioth\u00e9rapeutes agr\u00e9\u00e9s, les aides-physioth\u00e9rapeutes, les technologues en physioth\u00e9rapie et les \u00e9tudiants de tout le Canada.\" \/>\n<meta name=\"robots\" content=\"index, follow, max-snippet:-1, max-image-preview:large, max-video-preview:-1\" \/>\n<link rel=\"canonical\" href=\"https:\/\/physiotherapy.ca\/fr\/lassociation\/gouvernance\/recrutement-du-conseil-dadministration\/\" \/>\n<meta property=\"og:locale\" content=\"fr_FR\" \/>\n<meta property=\"og:type\" content=\"article\" \/>\n<meta property=\"og:title\" content=\"Recrutement du conseil d\u2019administration de 2026 - Canadian Physiotherapy Association\" \/>\n<meta property=\"og:description\" content=\"\u2019Association canadienne de physioth\u00e9rapie (ACP) repr\u00e9sente les professionnels de la physioth\u00e9rapie, y compris les physioth\u00e9rapeutes agr\u00e9\u00e9s, les aides-physioth\u00e9rapeutes, les technologues en physioth\u00e9rapie et les \u00e9tudiants de tout le Canada.\" \/>\n<meta property=\"og:url\" content=\"https:\/\/physiotherapy.ca\/fr\/lassociation\/gouvernance\/recrutement-du-conseil-dadministration\/\" \/>\n<meta property=\"og:site_name\" content=\"Canadian Physiotherapy Association\" \/>\n<meta property=\"article:modified_time\" content=\"2026-03-16T16:04:08+00:00\" \/>\n<meta name=\"twitter:card\" content=\"summary_large_image\" \/>\n<meta name=\"twitter:label1\" content=\"Est. reading time\" \/>\n\t<meta name=\"twitter:data1\" content=\"1 minute\" \/>\n<script type=\"application\/ld+json\" class=\"yoast-schema-graph\">{\"@context\":\"https:\/\/schema.org\",\"@graph\":[{\"@type\":\"WebPage\",\"@id\":\"https:\/\/physiotherapy.ca\/fr\/lassociation\/gouvernance\/recrutement-du-conseil-dadministration\/\",\"url\":\"https:\/\/physiotherapy.ca\/fr\/lassociation\/gouvernance\/recrutement-du-conseil-dadministration\/\",\"name\":\"Recrutement du conseil d\u2019administration de 2026 - Canadian Physiotherapy Association\",\"isPartOf\":{\"@id\":\"https:\/\/physiotherapy.ca\/#website\"},\"datePublished\":\"2024-02-22T20:50:48+00:00\",\"dateModified\":\"2026-03-16T16:04:08+00:00\",\"description\":\"\u2019Association canadienne de physioth\u00e9rapie (ACP) repr\u00e9sente les professionnels de la physioth\u00e9rapie, y compris les physioth\u00e9rapeutes agr\u00e9\u00e9s, les aides-physioth\u00e9rapeutes, les technologues en physioth\u00e9rapie et les \u00e9tudiants de tout le Canada.\",\"breadcrumb\":{\"@id\":\"https:\/\/physiotherapy.ca\/fr\/lassociation\/gouvernance\/recrutement-du-conseil-dadministration\/#breadcrumb\"},\"inLanguage\":\"fr-FR\",\"potentialAction\":[{\"@type\":\"ReadAction\",\"target\":[\"https:\/\/physiotherapy.ca\/fr\/lassociation\/gouvernance\/recrutement-du-conseil-dadministration\/\"]}]},{\"@type\":\"BreadcrumbList\",\"@id\":\"https:\/\/physiotherapy.ca\/fr\/lassociation\/gouvernance\/recrutement-du-conseil-dadministration\/#breadcrumb\",\"itemListElement\":[{\"@type\":\"ListItem\",\"position\":1,\"name\":\"Home\",\"item\":\"https:\/\/physiotherapy.ca\/fr\/\"},{\"@type\":\"ListItem\",\"position\":2,\"name\":\"L&#8217;Association\",\"item\":\"https:\/\/physiotherapy.ca\/fr\/lassociation\/\"},{\"@type\":\"ListItem\",\"position\":3,\"name\":\"Gouvernance\",\"item\":\"https:\/\/physiotherapy.ca\/fr\/lassociation\/gouvernance\/\"},{\"@type\":\"ListItem\",\"position\":4,\"name\":\"Recrutement du conseil d\u2019administration de 2026\"}]},{\"@type\":\"WebSite\",\"@id\":\"https:\/\/physiotherapy.ca\/#website\",\"url\":\"https:\/\/physiotherapy.ca\/\",\"name\":\"Canadian Physiotherapy Association\",\"description\":\"The Canadian Physiotherapy Association (CPA) represents over 16,000 physiotherapy professionals and students across Canada.\",\"potentialAction\":[{\"@type\":\"SearchAction\",\"target\":{\"@type\":\"EntryPoint\",\"urlTemplate\":\"https:\/\/physiotherapy.ca\/?s={search_term_string}\"},\"query-input\":{\"@type\":\"PropertyValueSpecification\",\"valueRequired\":true,\"valueName\":\"search_term_string\"}}],\"inLanguage\":\"fr-FR\"}]}<\/script>\n<!-- \/ Yoast SEO plugin. -->","yoast_head_json":{"title":"Recrutement du conseil d\u2019administration de 2026 - Canadian Physiotherapy Association","description":"\u2019Association canadienne de physioth\u00e9rapie (ACP) repr\u00e9sente les professionnels de la physioth\u00e9rapie, y compris les physioth\u00e9rapeutes agr\u00e9\u00e9s, les aides-physioth\u00e9rapeutes, les technologues en physioth\u00e9rapie et les \u00e9tudiants de tout le Canada.","robots":{"index":"index","follow":"follow","max-snippet":"max-snippet:-1","max-image-preview":"max-image-preview:large","max-video-preview":"max-video-preview:-1"},"canonical":"https:\/\/physiotherapy.ca\/fr\/lassociation\/gouvernance\/recrutement-du-conseil-dadministration\/","og_locale":"fr_FR","og_type":"article","og_title":"Recrutement du conseil d\u2019administration de 2026 - Canadian Physiotherapy Association","og_description":"\u2019Association canadienne de physioth\u00e9rapie (ACP) repr\u00e9sente les professionnels de la physioth\u00e9rapie, y compris les physioth\u00e9rapeutes agr\u00e9\u00e9s, les aides-physioth\u00e9rapeutes, les technologues en physioth\u00e9rapie et les \u00e9tudiants de tout le Canada.","og_url":"https:\/\/physiotherapy.ca\/fr\/lassociation\/gouvernance\/recrutement-du-conseil-dadministration\/","og_site_name":"Canadian Physiotherapy Association","article_modified_time":"2026-03-16T16:04:08+00:00","twitter_card":"summary_large_image","twitter_misc":{"Est. reading time":"1 minute"},"schema":{"@context":"https:\/\/schema.org","@graph":[{"@type":"WebPage","@id":"https:\/\/physiotherapy.ca\/fr\/lassociation\/gouvernance\/recrutement-du-conseil-dadministration\/","url":"https:\/\/physiotherapy.ca\/fr\/lassociation\/gouvernance\/recrutement-du-conseil-dadministration\/","name":"Recrutement du conseil d\u2019administration de 2026 - Canadian Physiotherapy Association","isPartOf":{"@id":"https:\/\/physiotherapy.ca\/#website"},"datePublished":"2024-02-22T20:50:48+00:00","dateModified":"2026-03-16T16:04:08+00:00","description":"\u2019Association canadienne de physioth\u00e9rapie (ACP) repr\u00e9sente les professionnels de la physioth\u00e9rapie, y compris les physioth\u00e9rapeutes agr\u00e9\u00e9s, les aides-physioth\u00e9rapeutes, les technologues en physioth\u00e9rapie et les \u00e9tudiants de tout le Canada.","breadcrumb":{"@id":"https:\/\/physiotherapy.ca\/fr\/lassociation\/gouvernance\/recrutement-du-conseil-dadministration\/#breadcrumb"},"inLanguage":"fr-FR","potentialAction":[{"@type":"ReadAction","target":["https:\/\/physiotherapy.ca\/fr\/lassociation\/gouvernance\/recrutement-du-conseil-dadministration\/"]}]},{"@type":"BreadcrumbList","@id":"https:\/\/physiotherapy.ca\/fr\/lassociation\/gouvernance\/recrutement-du-conseil-dadministration\/#breadcrumb","itemListElement":[{"@type":"ListItem","position":1,"name":"Home","item":"https:\/\/physiotherapy.ca\/fr\/"},{"@type":"ListItem","position":2,"name":"L&#8217;Association","item":"https:\/\/physiotherapy.ca\/fr\/lassociation\/"},{"@type":"ListItem","position":3,"name":"Gouvernance","item":"https:\/\/physiotherapy.ca\/fr\/lassociation\/gouvernance\/"},{"@type":"ListItem","position":4,"name":"Recrutement du conseil d\u2019administration de 2026"}]},{"@type":"WebSite","@id":"https:\/\/physiotherapy.ca\/#website","url":"https:\/\/physiotherapy.ca\/","name":"Canadian Physiotherapy Association","description":"The Canadian Physiotherapy Association (CPA) represents over 16,000 physiotherapy professionals and students across Canada.","potentialAction":[{"@type":"SearchAction","target":{"@type":"EntryPoint","urlTemplate":"https:\/\/physiotherapy.ca\/?s={search_term_string}"},"query-input":{"@type":"PropertyValueSpecification","valueRequired":true,"valueName":"search_term_string"}}],"inLanguage":"fr-FR"}]}},"_links":{"self":[{"href":"https:\/\/physiotherapy.ca\/fr\/wp-json\/wp\/v2\/pages\/181125","targetHints":{"allow":["GET"]}}],"collection":[{"href":"https:\/\/physiotherapy.ca\/fr\/wp-json\/wp\/v2\/pages"}],"about":[{"href":"https:\/\/physiotherapy.ca\/fr\/wp-json\/wp\/v2\/types\/page"}],"author":[{"embeddable":true,"href":"https:\/\/physiotherapy.ca\/fr\/wp-json\/wp\/v2\/users\/24447"}],"replies":[{"embeddable":true,"href":"https:\/\/physiotherapy.ca\/fr\/wp-json\/wp\/v2\/comments?post=181125"}],"version-history":[{"count":23,"href":"https:\/\/physiotherapy.ca\/fr\/wp-json\/wp\/v2\/pages\/181125\/revisions"}],"predecessor-version":[{"id":279711,"href":"https:\/\/physiotherapy.ca\/fr\/wp-json\/wp\/v2\/pages\/181125\/revisions\/279711"}],"up":[{"embeddable":true,"href":"https:\/\/physiotherapy.ca\/fr\/wp-json\/wp\/v2\/pages\/4208"}],"wp:attachment":[{"href":"https:\/\/physiotherapy.ca\/fr\/wp-json\/wp\/v2\/media?parent=181125"}],"wp:term":[{"taxonomy":"topic","embeddable":true,"href":"https:\/\/physiotherapy.ca\/fr\/wp-json\/wp\/v2\/topic?post=181125"}],"curies":[{"name":"wp","href":"https:\/\/api.w.org\/{rel}","templated":true}]}}