{"id":192853,"date":"2024-06-26T13:02:01","date_gmt":"2024-06-26T17:02:01","guid":{"rendered":"https:\/\/physiotherapy.ca\/core-professional-values1\/"},"modified":"2024-07-16T10:58:11","modified_gmt":"2024-07-16T14:58:11","slug":"core-professional-values","status":"publish","type":"page","link":"https:\/\/physiotherapy.ca\/fr\/core-professional-values\/","title":{"rendered":"Valeurs professionnelles fondamentales de l\u2019ACP"},"content":{"rendered":"\n<figure class=\"wp-block-image size-large\"><img loading=\"lazy\" decoding=\"async\" width=\"1024\" height=\"256\" src=\"https:\/\/physiotherapy.ca\/app\/uploads\/2024\/06\/CPA-Core-Values_WEB-header_FR-1024x256.png\" alt=\"\" class=\"wp-image-192858\" srcset=\"https:\/\/physiotherapy.ca\/app\/uploads\/2024\/06\/CPA-Core-Values_WEB-header_FR-1024x256.png 1024w, https:\/\/physiotherapy.ca\/app\/uploads\/2024\/06\/CPA-Core-Values_WEB-header_FR-300x75.png 300w, https:\/\/physiotherapy.ca\/app\/uploads\/2024\/06\/CPA-Core-Values_WEB-header_FR-768x192.png 768w, https:\/\/physiotherapy.ca\/app\/uploads\/2024\/06\/CPA-Core-Values_WEB-header_FR-390x98.png 390w, https:\/\/physiotherapy.ca\/app\/uploads\/2024\/06\/CPA-Core-Values_WEB-header_FR-600x150.png 600w, https:\/\/physiotherapy.ca\/app\/uploads\/2024\/06\/CPA-Core-Values_WEB-header_FR.png 1188w\" sizes=\"auto, (max-width: 1024px) 100vw, 1024px\" \/><\/figure>\n\n\n\n<h2 class=\"wp-block-heading has-text-color has-link-color wp-elements-2206bcf4c46033c1e2c4cf3933b4b29e\" style=\"color:#0e6b96\">Valeurs professionnelles fondamentales de l\u2019ACP<\/h2>\n\n\n\n<p>Dix valeurs professionnelles fondamentales (VPF) et leurs comportements associ\u00e9s, que tous les membres de l\u2019ACP devraient id\u00e9alement avoir, ont \u00e9t\u00e9 identifi\u00e9s par les membres en 2020. Une VPF est une croyance de base ou fondamentale qui guide notre prise de d\u00e9cision et nos comportements \u00e0 la fois en tant que professionnel et en tant qu\u2019organisation professionnelle.<\/p>\n\n\n\n<h2 class=\"wp-block-heading has-text-color has-link-color wp-elements-f2702a8f0dd5f1c2b5c84b4d613cb853\" style=\"color:#0e6b96\">Les 10 valeurs professionnelles fondamentales<\/h2>\n\n\n<div class=\"wp-block-image\">\n<figure class=\"aligncenter size-full\"><img loading=\"lazy\" decoding=\"async\" width=\"450\" height=\"450\" src=\"https:\/\/physiotherapy.ca\/app\/uploads\/2024\/06\/WEB-10-Core-Values_Outside-aligned_Final1-1.png\" alt=\"\" class=\"wp-image-192860\" srcset=\"https:\/\/physiotherapy.ca\/app\/uploads\/2024\/06\/WEB-10-Core-Values_Outside-aligned_Final1-1.png 450w, https:\/\/physiotherapy.ca\/app\/uploads\/2024\/06\/WEB-10-Core-Values_Outside-aligned_Final1-1-300x300.png 300w, https:\/\/physiotherapy.ca\/app\/uploads\/2024\/06\/WEB-10-Core-Values_Outside-aligned_Final1-1-150x150.png 150w, https:\/\/physiotherapy.ca\/app\/uploads\/2024\/06\/WEB-10-Core-Values_Outside-aligned_Final1-1-200x200.png 200w, https:\/\/physiotherapy.ca\/app\/uploads\/2024\/06\/WEB-10-Core-Values_Outside-aligned_Final1-1-100x100.png 100w\" sizes=\"auto, (max-width: 450px) 100vw, 450px\" \/><\/figure><\/div>\n\n\n<h2 class=\"wp-block-heading has-text-color has-link-color wp-elements-7afc600c7ece49cf13ac2afd033f9434\" style=\"color:#0e6b96\">Ressources<\/h2>\n","protected":false},"excerpt":{"rendered":"<p>Valeurs professionnelles fondamentales de l\u2019ACP Dix valeurs professionnelles fondamentales (VPF) et leurs comportements associ\u00e9s, que tous les membres de l\u2019ACP devraient id\u00e9alement avoir, ont \u00e9t\u00e9 identifi\u00e9s par les membres en 2020. Une VPF est une croyance de base ou fondamentale [&hellip;]<\/p>\n","protected":false},"author":24447,"featured_media":0,"parent":0,"menu_order":0,"comment_status":"closed","ping_status":"closed","template":"page-templates\/page-grid-landing.php","meta":{"inline_featured_image":false,"ep_exclude_from_search":false,"footnotes":""},"topic":[],"class_list":["post-192853","page","type-page","status-publish","hentry"],"acf":[],"yoast_head":"<!-- This site is optimized with the Yoast SEO plugin v24.7 - https:\/\/yoast.com\/wordpress\/plugins\/seo\/ -->\n<title>Valeurs professionnelles fondamentales de l\u2019ACP - Canadian Physiotherapy Association<\/title>\n<meta name=\"description\" content=\"Dix valeurs professionnelles fondamentales (VPF) et leurs comportements associ\u00e9s, que tous les membres de l\u2019ACP devraient id\u00e9alement avoir, ont \u00e9t\u00e9 identifi\u00e9s par les membres en 2020. Une VPF est une croyance de base ou fondamentale qui guide notre prise de d\u00e9cision et nos comportements \u00e0 la fois en tant que professionnel et en tant qu\u2019organisation professionnelle.\" \/>\n<meta name=\"robots\" content=\"index, follow, max-snippet:-1, max-image-preview:large, max-video-preview:-1\" \/>\n<link rel=\"canonical\" href=\"https:\/\/physiotherapy.ca\/fr\/core-professional-values\/\" \/>\n<meta property=\"og:locale\" content=\"fr_FR\" \/>\n<meta property=\"og:type\" content=\"article\" \/>\n<meta property=\"og:title\" content=\"Valeurs professionnelles fondamentales de l\u2019ACP - Canadian Physiotherapy Association\" \/>\n<meta property=\"og:description\" content=\"Dix valeurs professionnelles fondamentales (VPF) et leurs comportements associ\u00e9s, que tous les membres de l\u2019ACP devraient id\u00e9alement avoir, ont \u00e9t\u00e9 identifi\u00e9s par les membres en 2020. Une VPF est une croyance de base ou fondamentale qui guide notre prise de d\u00e9cision et nos comportements \u00e0 la fois en tant que professionnel et en tant qu\u2019organisation professionnelle.\" \/>\n<meta property=\"og:url\" content=\"https:\/\/physiotherapy.ca\/fr\/core-professional-values\/\" \/>\n<meta property=\"og:site_name\" content=\"Canadian Physiotherapy Association\" \/>\n<meta property=\"article:modified_time\" content=\"2024-07-16T14:58:11+00:00\" \/>\n<meta property=\"og:image\" content=\"https:\/\/physiotherapy.ca\/app\/uploads\/2024\/06\/CPA-Core-Values_WEB-header_FR-1024x256.png\" \/>\n<meta name=\"twitter:card\" content=\"summary_large_image\" \/>\n<meta name=\"twitter:label1\" content=\"Est. reading time\" \/>\n\t<meta name=\"twitter:data1\" content=\"1 minute\" \/>\n<script type=\"application\/ld+json\" class=\"yoast-schema-graph\">{\"@context\":\"https:\/\/schema.org\",\"@graph\":[{\"@type\":\"WebPage\",\"@id\":\"https:\/\/physiotherapy.ca\/fr\/core-professional-values\/\",\"url\":\"https:\/\/physiotherapy.ca\/fr\/core-professional-values\/\",\"name\":\"Valeurs professionnelles fondamentales de l\u2019ACP - Canadian Physiotherapy Association\",\"isPartOf\":{\"@id\":\"https:\/\/physiotherapy.ca\/#website\"},\"primaryImageOfPage\":{\"@id\":\"https:\/\/physiotherapy.ca\/fr\/core-professional-values\/#primaryimage\"},\"image\":{\"@id\":\"https:\/\/physiotherapy.ca\/fr\/core-professional-values\/#primaryimage\"},\"thumbnailUrl\":\"https:\/\/physiotherapy.ca\/app\/uploads\/2024\/06\/CPA-Core-Values_WEB-header_FR-1024x256.png\",\"datePublished\":\"2024-06-26T17:02:01+00:00\",\"dateModified\":\"2024-07-16T14:58:11+00:00\",\"description\":\"Dix valeurs professionnelles fondamentales (VPF) et leurs comportements associ\u00e9s, que tous les membres de l\u2019ACP devraient id\u00e9alement avoir, ont \u00e9t\u00e9 identifi\u00e9s par les membres en 2020. Une VPF est une croyance de base ou fondamentale qui guide notre prise de d\u00e9cision et nos comportements \u00e0 la fois en tant que professionnel et en tant qu\u2019organisation professionnelle.\",\"breadcrumb\":{\"@id\":\"https:\/\/physiotherapy.ca\/fr\/core-professional-values\/#breadcrumb\"},\"inLanguage\":\"fr-FR\",\"potentialAction\":[{\"@type\":\"ReadAction\",\"target\":[\"https:\/\/physiotherapy.ca\/fr\/core-professional-values\/\"]}]},{\"@type\":\"ImageObject\",\"inLanguage\":\"fr-FR\",\"@id\":\"https:\/\/physiotherapy.ca\/fr\/core-professional-values\/#primaryimage\",\"url\":\"https:\/\/physiotherapy.ca\/app\/uploads\/2024\/06\/CPA-Core-Values_WEB-header_FR-1024x256.png\",\"contentUrl\":\"https:\/\/physiotherapy.ca\/app\/uploads\/2024\/06\/CPA-Core-Values_WEB-header_FR-1024x256.png\"},{\"@type\":\"BreadcrumbList\",\"@id\":\"https:\/\/physiotherapy.ca\/fr\/core-professional-values\/#breadcrumb\",\"itemListElement\":[{\"@type\":\"ListItem\",\"position\":1,\"name\":\"Home\",\"item\":\"https:\/\/physiotherapy.ca\/fr\/\"},{\"@type\":\"ListItem\",\"position\":2,\"name\":\"Valeurs professionnelles fondamentales de l\u2019ACP\"}]},{\"@type\":\"WebSite\",\"@id\":\"https:\/\/physiotherapy.ca\/#website\",\"url\":\"https:\/\/physiotherapy.ca\/\",\"name\":\"Canadian Physiotherapy Association\",\"description\":\"The Canadian Physiotherapy Association (CPA) represents over 16,000 physiotherapy professionals and students across Canada.\",\"potentialAction\":[{\"@type\":\"SearchAction\",\"target\":{\"@type\":\"EntryPoint\",\"urlTemplate\":\"https:\/\/physiotherapy.ca\/?s={search_term_string}\"},\"query-input\":{\"@type\":\"PropertyValueSpecification\",\"valueRequired\":true,\"valueName\":\"search_term_string\"}}],\"inLanguage\":\"fr-FR\"}]}<\/script>\n<!-- \/ Yoast SEO plugin. -->","yoast_head_json":{"title":"Valeurs professionnelles fondamentales de l\u2019ACP - Canadian Physiotherapy Association","description":"Dix valeurs professionnelles fondamentales (VPF) et leurs comportements associ\u00e9s, que tous les membres de l\u2019ACP devraient id\u00e9alement avoir, ont \u00e9t\u00e9 identifi\u00e9s par les membres en 2020. Une VPF est une croyance de base ou fondamentale qui guide notre prise de d\u00e9cision et nos comportements \u00e0 la fois en tant que professionnel et en tant qu\u2019organisation professionnelle.","robots":{"index":"index","follow":"follow","max-snippet":"max-snippet:-1","max-image-preview":"max-image-preview:large","max-video-preview":"max-video-preview:-1"},"canonical":"https:\/\/physiotherapy.ca\/fr\/core-professional-values\/","og_locale":"fr_FR","og_type":"article","og_title":"Valeurs professionnelles fondamentales de l\u2019ACP - Canadian Physiotherapy Association","og_description":"Dix valeurs professionnelles fondamentales (VPF) et leurs comportements associ\u00e9s, que tous les membres de l\u2019ACP devraient id\u00e9alement avoir, ont \u00e9t\u00e9 identifi\u00e9s par les membres en 2020. Une VPF est une croyance de base ou fondamentale qui guide notre prise de d\u00e9cision et nos comportements \u00e0 la fois en tant que professionnel et en tant qu\u2019organisation professionnelle.","og_url":"https:\/\/physiotherapy.ca\/fr\/core-professional-values\/","og_site_name":"Canadian Physiotherapy Association","article_modified_time":"2024-07-16T14:58:11+00:00","og_image":[{"url":"https:\/\/physiotherapy.ca\/app\/uploads\/2024\/06\/CPA-Core-Values_WEB-header_FR-1024x256.png","type":"","width":"","height":""}],"twitter_card":"summary_large_image","twitter_misc":{"Est. reading time":"1 minute"},"schema":{"@context":"https:\/\/schema.org","@graph":[{"@type":"WebPage","@id":"https:\/\/physiotherapy.ca\/fr\/core-professional-values\/","url":"https:\/\/physiotherapy.ca\/fr\/core-professional-values\/","name":"Valeurs professionnelles fondamentales de l\u2019ACP - Canadian Physiotherapy Association","isPartOf":{"@id":"https:\/\/physiotherapy.ca\/#website"},"primaryImageOfPage":{"@id":"https:\/\/physiotherapy.ca\/fr\/core-professional-values\/#primaryimage"},"image":{"@id":"https:\/\/physiotherapy.ca\/fr\/core-professional-values\/#primaryimage"},"thumbnailUrl":"https:\/\/physiotherapy.ca\/app\/uploads\/2024\/06\/CPA-Core-Values_WEB-header_FR-1024x256.png","datePublished":"2024-06-26T17:02:01+00:00","dateModified":"2024-07-16T14:58:11+00:00","description":"Dix valeurs professionnelles fondamentales (VPF) et leurs comportements associ\u00e9s, que tous les membres de l\u2019ACP devraient id\u00e9alement avoir, ont \u00e9t\u00e9 identifi\u00e9s par les membres en 2020. Une VPF est une croyance de base ou fondamentale qui guide notre prise de d\u00e9cision et nos comportements \u00e0 la fois en tant que professionnel et en tant qu\u2019organisation professionnelle.","breadcrumb":{"@id":"https:\/\/physiotherapy.ca\/fr\/core-professional-values\/#breadcrumb"},"inLanguage":"fr-FR","potentialAction":[{"@type":"ReadAction","target":["https:\/\/physiotherapy.ca\/fr\/core-professional-values\/"]}]},{"@type":"ImageObject","inLanguage":"fr-FR","@id":"https:\/\/physiotherapy.ca\/fr\/core-professional-values\/#primaryimage","url":"https:\/\/physiotherapy.ca\/app\/uploads\/2024\/06\/CPA-Core-Values_WEB-header_FR-1024x256.png","contentUrl":"https:\/\/physiotherapy.ca\/app\/uploads\/2024\/06\/CPA-Core-Values_WEB-header_FR-1024x256.png"},{"@type":"BreadcrumbList","@id":"https:\/\/physiotherapy.ca\/fr\/core-professional-values\/#breadcrumb","itemListElement":[{"@type":"ListItem","position":1,"name":"Home","item":"https:\/\/physiotherapy.ca\/fr\/"},{"@type":"ListItem","position":2,"name":"Valeurs professionnelles fondamentales de l\u2019ACP"}]},{"@type":"WebSite","@id":"https:\/\/physiotherapy.ca\/#website","url":"https:\/\/physiotherapy.ca\/","name":"Canadian Physiotherapy Association","description":"The Canadian Physiotherapy Association (CPA) represents over 16,000 physiotherapy professionals and students across Canada.","potentialAction":[{"@type":"SearchAction","target":{"@type":"EntryPoint","urlTemplate":"https:\/\/physiotherapy.ca\/?s={search_term_string}"},"query-input":{"@type":"PropertyValueSpecification","valueRequired":true,"valueName":"search_term_string"}}],"inLanguage":"fr-FR"}]}},"_links":{"self":[{"href":"https:\/\/physiotherapy.ca\/fr\/wp-json\/wp\/v2\/pages\/192853","targetHints":{"allow":["GET"]}}],"collection":[{"href":"https:\/\/physiotherapy.ca\/fr\/wp-json\/wp\/v2\/pages"}],"about":[{"href":"https:\/\/physiotherapy.ca\/fr\/wp-json\/wp\/v2\/types\/page"}],"author":[{"embeddable":true,"href":"https:\/\/physiotherapy.ca\/fr\/wp-json\/wp\/v2\/users\/24447"}],"replies":[{"embeddable":true,"href":"https:\/\/physiotherapy.ca\/fr\/wp-json\/wp\/v2\/comments?post=192853"}],"version-history":[{"count":13,"href":"https:\/\/physiotherapy.ca\/fr\/wp-json\/wp\/v2\/pages\/192853\/revisions"}],"predecessor-version":[{"id":194934,"href":"https:\/\/physiotherapy.ca\/fr\/wp-json\/wp\/v2\/pages\/192853\/revisions\/194934"}],"wp:attachment":[{"href":"https:\/\/physiotherapy.ca\/fr\/wp-json\/wp\/v2\/media?parent=192853"}],"wp:term":[{"taxonomy":"topic","embeddable":true,"href":"https:\/\/physiotherapy.ca\/fr\/wp-json\/wp\/v2\/topic?post=192853"}],"curies":[{"name":"wp","href":"https:\/\/api.w.org\/{rel}","templated":true}]}}