{"id":198506,"date":"2024-07-19T15:21:00","date_gmt":"2024-07-19T19:21:00","guid":{"rendered":"https:\/\/physiotherapy.ca\/?page_id=198506"},"modified":"2024-07-19T15:21:02","modified_gmt":"2024-07-19T19:21:02","slug":"representation-2023","status":"publish","type":"page","link":"https:\/\/physiotherapy.ca\/fr\/representation-2023\/","title":{"rendered":"Repr\u00e9sentation 2023"},"content":{"rendered":"\n<h3 class=\"wp-block-heading\">Automne 2023<\/h3>\n\n\n\n<h3 class=\"wp-block-heading\"><a href=\"https:\/\/physiotherapy.ca\/fr\/news\/physiotherapie-un-plan-de-traitement-pour-le-systeme-de-sante-canadien\/\">Proposition pr\u00e9budg\u00e9taire f\u00e9d\u00e9rale<\/a><\/h3>\n\n\n\n<p>L\u2019ACP a intensifi\u00e9 ses efforts de plaidoyer aupr\u00e8s du gouvernement f\u00e9d\u00e9ral en 2023, y compris une proposition pr\u00e9budg\u00e9taire qui a \u00e9t\u00e9 r\u00e9cemment remise au Comit\u00e9 permanent f\u00e9d\u00e9ral des finances.<\/p>\n\n\n\n<h3 class=\"wp-block-heading\"><a href=\"https:\/\/physiotherapy.ca\/app\/uploads\/2023\/10\/FR_GHD_CPA.pdf\" target=\"_blank\" rel=\"noreferrer noopener\">Propositions \u00e0 la division de la Sant\u00e9 mondiale<\/a><\/h3>\n\n\n\n<p>Les professionnels de la physioth\u00e9rapie jouent un r\u00f4le essentiel dans la pr\u00e9vention et la planification des pand\u00e9mies. C\u2019est ce qu\u2019a soulign\u00e9 la Division de la sant\u00e9 mondiale de l\u2019ACP dans une pr\u00e9sentation au Comit\u00e9 permanent de la sant\u00e9 concernant le projet de loi&nbsp;C-293.<\/p>\n\n\n\n<h3 class=\"wp-block-heading\"><a href=\"https:\/\/physiotherapy.ca\/app\/uploads\/2023\/10\/FR_WHD_CPA.pdf\" target=\"_blank\" rel=\"noreferrer noopener\">Propositions \u00e0 la division de la Sant\u00e9 des femmes<\/a><\/h3>\n\n\n\n<p>Les professionnels de la physioth\u00e9rapie jouent un r\u00f4le crucial dans le traitement d\u2019une s\u00e9rie de probl\u00e8mes de sant\u00e9 des femmes. En octobre 2023, la division de la Sant\u00e9 des femmes de l\u2019ACP a soumis 5&nbsp;recommandations au Comit\u00e9 f\u00e9d\u00e9ral permanent de la sant\u00e9.<\/p>\n\n\n\n<h3 class=\"wp-block-heading\">Mars 2023<\/h3>\n\n\n\n<h3 class=\"wp-block-heading\"><a href=\"https:\/\/physiotherapy.ca\/fr\/news\/note-dinformation-publication-du-budget-federal-2023\/\">Note d\u2019information&nbsp;: Publication du budget f\u00e9d\u00e9ral&nbsp;2023<\/a><\/h3>\n\n\n\n<p>Hier, l\u2019honorable Chrystia Freeland, vice-premi\u00e8re ministre et ministre des Finances a pr\u00e9sent\u00e9 le budget f\u00e9d\u00e9ral&nbsp;2023&nbsp;:&nbsp;<em>Un plan canadien&nbsp;: une classe moyenne forte, une \u00e9conomie abordable, un avenir prosp\u00e8re<\/em>.<\/p>\n\n\n\n<p>L\u2019Association canadienne de physioth\u00e9rapie (ACP) est ravie de voir l\u2019engagement du gouvernement f\u00e9d\u00e9ral de renforcer le syst\u00e8me de sant\u00e9 public universel du Canada gr\u00e2ce \u00e0 un investissement de 198,3&nbsp;milliards de dollars sur les dix prochaines ann\u00e9es pour am\u00e9liorer le syst\u00e8me de sant\u00e9.<\/p>\n\n\n\n<h3 class=\"wp-block-heading\"><a href=\"https:\/\/physiotherapy.ca\/fr\/news\/budget-2023-on-comble-un-ecart-mais-pas-le-fosse\/\">Budget&nbsp;2023 \u2014 On comble un \u00e9cart, mais pas le foss\u00e9<\/a><\/h3>\n\n\n\n<p>L\u2019intervention d\u2019urgence du gouvernement du Canada en r\u00e9ponse \u00e0 la pand\u00e9mie de COVID-19 a mis en place des programmes \u00e9conomiques qui ont assur\u00e9 la stabilit\u00e9 des personnes en difficult\u00e9. La crise est pass\u00e9e de la sant\u00e9 imm\u00e9diate \u00e0 l\u2019instabilit\u00e9 \u00e9conomique et sociale \u00e0 long terme.<\/p>\n\n\n\n<h3 class=\"wp-block-heading\"><br>F\u00e9vrier 2023<\/h3>\n\n\n\n<h3 class=\"wp-block-heading\"><a href=\"https:\/\/physiotherapy.ca\/fr\/le-groupe-dintervention-action-sante-reagit-au-plan-de-financement-du-systeme-de-soins-de-sante\/\">Le Groupe d\u2019intervention action sant\u00e9 r\u00e9agit au plan de financement du syst\u00e8me de soins de sant\u00e9<\/a><\/h3>\n\n\n\n<p>GIAS, le Groupe d\u2019intervention action sant\u00e9, qui repr\u00e9sente les int\u00e9r\u00eats de 40 organisations nationales de sant\u00e9 qui se consacrent \u00e0 l\u2019am\u00e9lioration de la sant\u00e9 des Canadiens et de la qualit\u00e9 des soins qu\u2019ils re\u00e7oivent, ont r\u00e9agi aujourd\u2019hui \u00e0 la proposition de financement du gouvernement f\u00e9d\u00e9ral destin\u00e9 aux provinces et territoires.<\/p>\n\n\n\n<h3 class=\"wp-block-heading\"><a href=\"https:\/\/physiotherapy.ca\/fr\/la-cps-accueille-favorablement-les-investissements-proposes-par-le-gouvernement-federal-dans-les-services-de-soins-de-sante\/\">La CPS accueille favorablement les investissements propos\u00e9s par le gouvernement f\u00e9d\u00e9ral dans les services de soins de sant\u00e9<\/a><\/h3>\n\n\n\n<p>La Coalition des professionnels de la sant\u00e9 (CPS) est encourag\u00e9e par la r\u00e9cente proposition du gouvernement f\u00e9d\u00e9ral d\u2019investir 196,1 milliards de dollars sur 10 ans dans les services de sant\u00e9. Ces fonds sont un pas dans la bonne direction pour offrir un meilleur soutien aux travailleurs de la sant\u00e9, \u00e9largir l\u2019acc\u00e8s aux services, am\u00e9liorer l\u2019acc\u00e8s aux services de sant\u00e9 mentale et de toxicomanie, et am\u00e9liorer la performance et les responsabilit\u00e9s du syst\u00e8me.<\/p>\n\n\n\n<p>\u00a0<\/p>\n\n\n\n<div style=\"height:100px\" aria-hidden=\"true\" class=\"wp-block-spacer\"><\/div>\n","protected":false},"excerpt":{"rendered":"<p>Automne 2023 Proposition pr\u00e9budg\u00e9taire f\u00e9d\u00e9rale L\u2019ACP a intensifi\u00e9 ses efforts de plaidoyer aupr\u00e8s du gouvernement f\u00e9d\u00e9ral en 2023, y compris une proposition pr\u00e9budg\u00e9taire qui a \u00e9t\u00e9 r\u00e9cemment remise au Comit\u00e9 permanent f\u00e9d\u00e9ral des finances. Propositions \u00e0 la division de la [&hellip;]<\/p>\n","protected":false},"author":24447,"featured_media":0,"parent":0,"menu_order":0,"comment_status":"closed","ping_status":"closed","template":"page-templates\/page-topic-landing.php","meta":{"inline_featured_image":false,"ep_exclude_from_search":false,"footnotes":""},"topic":[],"class_list":["post-198506","page","type-page","status-publish","hentry"],"acf":[],"yoast_head":"<!-- This site is optimized with the Yoast SEO plugin v24.7 - https:\/\/yoast.com\/wordpress\/plugins\/seo\/ -->\n<title>Repr\u00e9sentation 2023 - Canadian Physiotherapy Association<\/title>\n<meta name=\"robots\" content=\"index, follow, max-snippet:-1, max-image-preview:large, max-video-preview:-1\" \/>\n<link rel=\"canonical\" href=\"https:\/\/physiotherapy.ca\/fr\/representation-2023\/\" \/>\n<meta property=\"og:locale\" content=\"fr_FR\" \/>\n<meta property=\"og:type\" content=\"article\" \/>\n<meta property=\"og:title\" content=\"Repr\u00e9sentation 2023 - Canadian Physiotherapy Association\" \/>\n<meta property=\"og:description\" content=\"Automne 2023 Proposition pr\u00e9budg\u00e9taire f\u00e9d\u00e9rale L\u2019ACP a intensifi\u00e9 ses efforts de plaidoyer aupr\u00e8s du gouvernement f\u00e9d\u00e9ral en 2023, y compris une proposition pr\u00e9budg\u00e9taire qui a \u00e9t\u00e9 r\u00e9cemment remise au Comit\u00e9 permanent f\u00e9d\u00e9ral des finances. Propositions \u00e0 la division de la [&hellip;]\" \/>\n<meta property=\"og:url\" content=\"https:\/\/physiotherapy.ca\/fr\/representation-2023\/\" \/>\n<meta property=\"og:site_name\" content=\"Canadian Physiotherapy Association\" \/>\n<meta property=\"article:modified_time\" content=\"2024-07-19T19:21:02+00:00\" \/>\n<meta name=\"twitter:card\" content=\"summary_large_image\" \/>\n<meta name=\"twitter:label1\" content=\"Est. reading time\" \/>\n\t<meta name=\"twitter:data1\" content=\"2 minutes\" \/>\n<script type=\"application\/ld+json\" class=\"yoast-schema-graph\">{\"@context\":\"https:\/\/schema.org\",\"@graph\":[{\"@type\":\"WebPage\",\"@id\":\"https:\/\/physiotherapy.ca\/fr\/representation-2023\/\",\"url\":\"https:\/\/physiotherapy.ca\/fr\/representation-2023\/\",\"name\":\"Repr\u00e9sentation 2023 - Canadian Physiotherapy Association\",\"isPartOf\":{\"@id\":\"https:\/\/physiotherapy.ca\/#website\"},\"datePublished\":\"2024-07-19T19:21:00+00:00\",\"dateModified\":\"2024-07-19T19:21:02+00:00\",\"breadcrumb\":{\"@id\":\"https:\/\/physiotherapy.ca\/fr\/representation-2023\/#breadcrumb\"},\"inLanguage\":\"fr-FR\",\"potentialAction\":[{\"@type\":\"ReadAction\",\"target\":[\"https:\/\/physiotherapy.ca\/fr\/representation-2023\/\"]}]},{\"@type\":\"BreadcrumbList\",\"@id\":\"https:\/\/physiotherapy.ca\/fr\/representation-2023\/#breadcrumb\",\"itemListElement\":[{\"@type\":\"ListItem\",\"position\":1,\"name\":\"Home\",\"item\":\"https:\/\/physiotherapy.ca\/fr\/\"},{\"@type\":\"ListItem\",\"position\":2,\"name\":\"Repr\u00e9sentation 2023\"}]},{\"@type\":\"WebSite\",\"@id\":\"https:\/\/physiotherapy.ca\/#website\",\"url\":\"https:\/\/physiotherapy.ca\/\",\"name\":\"Canadian Physiotherapy Association\",\"description\":\"The Canadian Physiotherapy Association (CPA) represents over 16,000 physiotherapy professionals and students across Canada.\",\"potentialAction\":[{\"@type\":\"SearchAction\",\"target\":{\"@type\":\"EntryPoint\",\"urlTemplate\":\"https:\/\/physiotherapy.ca\/?s={search_term_string}\"},\"query-input\":{\"@type\":\"PropertyValueSpecification\",\"valueRequired\":true,\"valueName\":\"search_term_string\"}}],\"inLanguage\":\"fr-FR\"}]}<\/script>\n<!-- \/ Yoast SEO plugin. -->","yoast_head_json":{"title":"Repr\u00e9sentation 2023 - Canadian Physiotherapy Association","robots":{"index":"index","follow":"follow","max-snippet":"max-snippet:-1","max-image-preview":"max-image-preview:large","max-video-preview":"max-video-preview:-1"},"canonical":"https:\/\/physiotherapy.ca\/fr\/representation-2023\/","og_locale":"fr_FR","og_type":"article","og_title":"Repr\u00e9sentation 2023 - Canadian Physiotherapy Association","og_description":"Automne 2023 Proposition pr\u00e9budg\u00e9taire f\u00e9d\u00e9rale L\u2019ACP a intensifi\u00e9 ses efforts de plaidoyer aupr\u00e8s du gouvernement f\u00e9d\u00e9ral en 2023, y compris une proposition pr\u00e9budg\u00e9taire qui a \u00e9t\u00e9 r\u00e9cemment remise au Comit\u00e9 permanent f\u00e9d\u00e9ral des finances. Propositions \u00e0 la division de la [&hellip;]","og_url":"https:\/\/physiotherapy.ca\/fr\/representation-2023\/","og_site_name":"Canadian Physiotherapy Association","article_modified_time":"2024-07-19T19:21:02+00:00","twitter_card":"summary_large_image","twitter_misc":{"Est. reading time":"2 minutes"},"schema":{"@context":"https:\/\/schema.org","@graph":[{"@type":"WebPage","@id":"https:\/\/physiotherapy.ca\/fr\/representation-2023\/","url":"https:\/\/physiotherapy.ca\/fr\/representation-2023\/","name":"Repr\u00e9sentation 2023 - Canadian Physiotherapy Association","isPartOf":{"@id":"https:\/\/physiotherapy.ca\/#website"},"datePublished":"2024-07-19T19:21:00+00:00","dateModified":"2024-07-19T19:21:02+00:00","breadcrumb":{"@id":"https:\/\/physiotherapy.ca\/fr\/representation-2023\/#breadcrumb"},"inLanguage":"fr-FR","potentialAction":[{"@type":"ReadAction","target":["https:\/\/physiotherapy.ca\/fr\/representation-2023\/"]}]},{"@type":"BreadcrumbList","@id":"https:\/\/physiotherapy.ca\/fr\/representation-2023\/#breadcrumb","itemListElement":[{"@type":"ListItem","position":1,"name":"Home","item":"https:\/\/physiotherapy.ca\/fr\/"},{"@type":"ListItem","position":2,"name":"Repr\u00e9sentation 2023"}]},{"@type":"WebSite","@id":"https:\/\/physiotherapy.ca\/#website","url":"https:\/\/physiotherapy.ca\/","name":"Canadian Physiotherapy Association","description":"The Canadian Physiotherapy Association (CPA) represents over 16,000 physiotherapy professionals and students across Canada.","potentialAction":[{"@type":"SearchAction","target":{"@type":"EntryPoint","urlTemplate":"https:\/\/physiotherapy.ca\/?s={search_term_string}"},"query-input":{"@type":"PropertyValueSpecification","valueRequired":true,"valueName":"search_term_string"}}],"inLanguage":"fr-FR"}]}},"_links":{"self":[{"href":"https:\/\/physiotherapy.ca\/fr\/wp-json\/wp\/v2\/pages\/198506","targetHints":{"allow":["GET"]}}],"collection":[{"href":"https:\/\/physiotherapy.ca\/fr\/wp-json\/wp\/v2\/pages"}],"about":[{"href":"https:\/\/physiotherapy.ca\/fr\/wp-json\/wp\/v2\/types\/page"}],"author":[{"embeddable":true,"href":"https:\/\/physiotherapy.ca\/fr\/wp-json\/wp\/v2\/users\/24447"}],"replies":[{"embeddable":true,"href":"https:\/\/physiotherapy.ca\/fr\/wp-json\/wp\/v2\/comments?post=198506"}],"version-history":[{"count":1,"href":"https:\/\/physiotherapy.ca\/fr\/wp-json\/wp\/v2\/pages\/198506\/revisions"}],"predecessor-version":[{"id":198508,"href":"https:\/\/physiotherapy.ca\/fr\/wp-json\/wp\/v2\/pages\/198506\/revisions\/198508"}],"wp:attachment":[{"href":"https:\/\/physiotherapy.ca\/fr\/wp-json\/wp\/v2\/media?parent=198506"}],"wp:term":[{"taxonomy":"topic","embeddable":true,"href":"https:\/\/physiotherapy.ca\/fr\/wp-json\/wp\/v2\/topic?post=198506"}],"curies":[{"name":"wp","href":"https:\/\/api.w.org\/{rel}","templated":true}]}}