{"id":21786,"date":"2022-09-07T10:39:34","date_gmt":"2022-09-07T14:39:34","guid":{"rendered":"https:\/\/physiotherapy.ca\/?page_id=21786"},"modified":"2025-09-22T16:43:32","modified_gmt":"2025-09-22T20:43:32","slug":"technologie-de-la-sante","status":"publish","type":"page","link":"https:\/\/physiotherapy.ca\/fr\/technologie-de-la-sante\/","title":{"rendered":"Technologie de la sant\u00e9"},"content":{"rendered":"<div class=\"wp-block-image\">\n<figure class=\"aligncenter size-large\"><img loading=\"lazy\" decoding=\"async\" width=\"1024\" height=\"233\" src=\"https:\/\/physiotherapy.ca\/app\/uploads\/2022\/09\/business_solutions_banner_fr_0-1024x233.png\" alt=\"\" class=\"wp-image-21787\" srcset=\"https:\/\/physiotherapy.ca\/app\/uploads\/2022\/09\/business_solutions_banner_fr_0-1024x233.png 1024w, https:\/\/physiotherapy.ca\/app\/uploads\/2022\/09\/business_solutions_banner_fr_0-600x137.png 600w, https:\/\/physiotherapy.ca\/app\/uploads\/2022\/09\/business_solutions_banner_fr_0-300x68.png 300w, https:\/\/physiotherapy.ca\/app\/uploads\/2022\/09\/business_solutions_banner_fr_0-768x175.png 768w, https:\/\/physiotherapy.ca\/app\/uploads\/2022\/09\/business_solutions_banner_fr_0-390x89.png 390w, https:\/\/physiotherapy.ca\/app\/uploads\/2022\/09\/business_solutions_banner_fr_0.png 1200w\" sizes=\"auto, (max-width: 1024px) 100vw, 1024px\" \/><\/figure><\/div>\n\n\n<p><\/p>\n\n\n\n<h4 class=\"wp-block-heading\"><em><em>\u00c9levez votre pratique \u00e0 l&#8217;aide de solutions sans papier.<\/em><\/em><\/h4>\n\n\n\n<hr class=\"wp-block-separator has-css-opacity alignwide is-style-wide\"\/>\n\n\n\n<h4 class=\"wp-block-heading\">Offres Exclusives<\/h4>\n\n\n\n<div class=\"wp-block-media-text alignwide is-stacked-on-mobile is-vertically-aligned-top\" style=\"grid-template-columns:20% auto\"><figure class=\"wp-block-media-text__media\"><img loading=\"lazy\" decoding=\"async\" width=\"600\" height=\"200\" src=\"https:\/\/physiotherapy.ca\/app\/uploads\/2025\/04\/ClinicSense-Logo-1.png\" alt=\"\" class=\"wp-image-262118 size-full\" srcset=\"https:\/\/physiotherapy.ca\/app\/uploads\/2025\/04\/ClinicSense-Logo-1.png 600w, https:\/\/physiotherapy.ca\/app\/uploads\/2025\/04\/ClinicSense-Logo-1-300x100.png 300w, https:\/\/physiotherapy.ca\/app\/uploads\/2025\/04\/ClinicSense-Logo-1-390x130.png 390w\" sizes=\"auto, (max-width: 600px) 100vw, 600px\" \/><\/figure><div class=\"wp-block-media-text__content\">\n<p><em>ClinicSense<\/em> est une solution de gestion de cabinet de physioth\u00e9rapie qui vous permet de r\u00e9duire la paperasse et de g\u00e9rer davantage vos patients.<\/p>\n\n\n\n<p>De plus, les membres de l\u2019ACP <a href=\"https:\/\/clinicsense.com\/cpa\"><strong><em>\u00e9conomisent 50\u00a0% sur les logiciels de gestion de cabinet de physioth\u00e9rapie, quel que soit leur forfait<\/em><\/strong><\/a>.<\/p>\n\n\n\n<p><strong>Pourquoi choisir <em>ClinicSense<\/em><\/strong><\/p>\n\n\n\n<ul class=\"wp-block-list\">\n<li><strong>Logiciel de physioth\u00e9rapie tout-en-un<\/strong>\u00a0: gestion des dossiers, planification, facturation et marketing.<\/li>\n\n\n\n<li><strong style=\"color: initial;\">Con\u00e7u pour les cliniques multidisciplinaires<\/strong><span style=\"color: initial;\">\u00a0: con\u00e7u pour les physioth\u00e9rapeutes, les massoth\u00e9rapeutes et autres professionnels.<\/span><\/li>\n\n\n\n<li><strong style=\"color: initial;\">Infonuagique et s\u00e9curis\u00e9<\/strong><span style=\"color: initial;\">\u00a0: acc\u00e8s aux dossiers patients \u00e0 tout moment et en tout lieu.<\/span><\/li>\n\n\n\n<li><strong style=\"color: initial;\">Approuv\u00e9 par plus de 8\u2009500\u00a0praticiens<\/strong><span style=\"color: initial;\">\u00a0: plus de 400\u00a0avis cinq \u00e9toiles.<\/span><\/li>\n\n\n\n<li><strong>Logiciel prim\u00e9\u00a0<\/strong>: class\u00e9 n<sup>o<\/sup>\u00a01 pour sa facilit\u00e9 d\u2019utilisation et son meilleur rapport qualit\u00e9-prix.<\/li>\n<\/ul>\n\n\n\n<p><strong>Fonctionnalit\u00e9s pour les physioth\u00e9rapeutes<\/strong><\/p>\n\n\n\n<ul class=\"wp-block-list\">\n<li><strong>R\u00e9servation en ligne, rappels, liste d\u2019attente\u00a0<\/strong>: r\u00e9duisez les absences et \u00e9liminez les temps morts entre les rendez-vous.<\/li>\n\n\n\n<li><strong style=\"color: initial;\">Notes personnalisables<\/strong><span style=\"color: initial;\">\u00a0: adapt\u00e9e aux flux de travail en physioth\u00e9rapie et multidisciplinaires.<\/span><\/li>\n\n\n\n<li><strong style=\"color: initial;\">Gardez une visibilit\u00e9<\/strong><span style=\"color: initial;\">\u00a0: les outils marketing et de fid\u00e9lisation incitent les patients \u00e0 revenir.<\/span><\/li>\n\n\n\n<li><strong>Facturation directe et outils financiers<\/strong>\u00a0: restez au fait de vos r\u00e9sultats financiers.<\/li>\n<\/ul>\n\n\n\n<p><strong>Les membres de l\u2019ACP b\u00e9n\u00e9ficient de 50\u00a0% de r\u00e9duction sur leurs six premiers mois. <\/strong><a href=\"https:\/\/clinicsense.com\/cpa\"><strong>EN SAVOIR PLUS<\/strong><\/a><strong>.<\/strong><\/p>\n\n\n\n<hr class=\"wp-block-separator has-css-opacity is-style-wide\"\/>\n<\/div><\/div>\n\n\n\n<div class=\"wp-block-media-text alignwide is-stacked-on-mobile is-vertically-aligned-top\" style=\"grid-template-columns:20% auto\"><figure class=\"wp-block-media-text__media\"><img loading=\"lazy\" decoding=\"async\" width=\"1024\" height=\"1024\" src=\"https:\/\/physiotherapy.ca\/app\/uploads\/2022\/07\/embodia_leaf_logo-1024x1024.png\" alt=\"\" class=\"wp-image-3713 size-full\" srcset=\"https:\/\/physiotherapy.ca\/app\/uploads\/2022\/07\/embodia_leaf_logo-1024x1024.png 1024w, https:\/\/physiotherapy.ca\/app\/uploads\/2022\/07\/embodia_leaf_logo-300x300.png 300w, https:\/\/physiotherapy.ca\/app\/uploads\/2022\/07\/embodia_leaf_logo-150x150.png 150w, https:\/\/physiotherapy.ca\/app\/uploads\/2022\/07\/embodia_leaf_logo-768x768.png 768w, https:\/\/physiotherapy.ca\/app\/uploads\/2022\/07\/embodia_leaf_logo-1536x1536.png 1536w, https:\/\/physiotherapy.ca\/app\/uploads\/2022\/07\/embodia_leaf_logo-200x200.png 200w, https:\/\/physiotherapy.ca\/app\/uploads\/2022\/07\/embodia_leaf_logo-100x100.png 100w, https:\/\/physiotherapy.ca\/app\/uploads\/2022\/07\/embodia_leaf_logo-600x600.png 600w, https:\/\/physiotherapy.ca\/app\/uploads\/2022\/07\/embodia_leaf_logo.png 2018w\" sizes=\"auto, (max-width: 1024px) 100vw, 1024px\" \/><\/figure><div class=\"wp-block-media-text__content\">\n<p>Embodia est une plateforme tout-en-un pour les physioth\u00e9rapeutes. Elle offre de la prescription d\u2019exercices \u00e0 la maison, de la messagerie bidirectionnelle, de la t\u00e9l\u00e9r\u00e9adaptation (individuelle et en groupe), un syst\u00e8me complet de gestion de la pratique (tenue de dossier, facturation, prise de rendez-vous en ligne, horaire, rapports) et de la formation continue.&nbsp;<\/p>\n\n\n\n<p>Vous pouvez cr\u00e9er un compte gratuitement sur Embodia. Une fois que c\u2019est fait, vous pouvez acc\u00e9der \u00e0 la biblioth\u00e8que de formation continue en ligne avec des formateurs de l\u2019ACP et d\u2019Embodia.&nbsp;<\/p>\n\n\n\n<p>Embodia offre aussi un syst\u00e8me d\u2019adh\u00e9sion \u00e0 trois niveaux qui permet aux cliniques et aux propri\u00e9taires uniques de choisir le plan d\u2019abonnement qui leur convient le mieux \u00e0 partir de 15&nbsp;$\/mois.<\/p>\n\n\n\n<p>Priv\u00e9 et s\u00e9curitaire (conform\u00e9ment \u00e0 la <em>Loi sur la protection des renseignements personnels sur la sant\u00e9<\/em>, \u00e0 la <em>Loi sur la protection des renseignements personnels et les documents \u00e9lectroniques<\/em> et au HIPAA) sur Web et mobile.<\/p>\n\n\n\n<p>En tant que membre de l\u2019ACP, vous b\u00e9n\u00e9ficiez de&nbsp;:<\/p>\n\n\n\n<ul class=\"wp-block-list\">\n<li>30&nbsp;% sur tous les cours sur demande de l\u2019ACP \u2013 <a href=\"https:\/\/www.embodiaapp.com\/courses?course_instructor_id=35-canadian-physiotherapy-association\">voir tous les cours ici<\/a><\/li>\n\n\n\n<li>20&nbsp;% sur tous les cours sur demande de Embodia \u2013 <a href=\"https:\/\/www.embodiaapp.com\/courses\">voir tous les cours ici<\/a><\/li>\n\n\n\n<li>Inscription gratuite ou r\u00e9duite sur les webinaires virtuels en direct \u2013 <a href=\"https:\/\/www.embodiaapp.com\/webinars\">voir tous les webinaires \u00e0 venir ici<\/a><\/li>\n\n\n\n<li>25&nbsp;% sur l\u2019adh\u00e9sion de niveau&nbsp;1 et 2 \u00e0 Embodia \u2013 <a href=\"https:\/\/www.embodiaapp.com\/h\/pricing\">en savoir plus sur nos options d\u2019adh\u00e9sion ici<\/a><\/li>\n<\/ul>\n\n\n\n<p>Pour toute question, \u00e9crivez \u00e0 <a href=\"mailto:support@embodiaapp.com\">support@embodiaapp.com<\/a> ou <a href=\"https:\/\/meetings.hubspot.com\/embodia\/round-robin-meeting\">inscrivez-vous pour une d\u00e9monstration gratuite pour en savoir plus!<\/a><\/p>\n\n\n\n<hr class=\"wp-block-separator has-css-opacity is-style-wide\"\/>\n<\/div><\/div>\n\n\n\n<div class=\"wp-block-media-text alignwide is-stacked-on-mobile is-vertically-aligned-top\" style=\"grid-template-columns:20% auto\"><figure class=\"wp-block-media-text__media\"><img loading=\"lazy\" decoding=\"async\" width=\"622\" height=\"126\" src=\"https:\/\/physiotherapy.ca\/app\/uploads\/2022\/07\/physitrack.png\" alt=\"\" class=\"wp-image-3717 size-full\" srcset=\"https:\/\/physiotherapy.ca\/app\/uploads\/2022\/07\/physitrack.png 622w, https:\/\/physiotherapy.ca\/app\/uploads\/2022\/07\/physitrack-300x61.png 300w, https:\/\/physiotherapy.ca\/app\/uploads\/2022\/07\/physitrack-390x79.png 390w, https:\/\/physiotherapy.ca\/app\/uploads\/2022\/07\/physitrack-600x122.png 600w\" sizes=\"auto, (max-width: 622px) 100vw, 622px\" \/><\/figure><div class=\"wp-block-media-text__content\">\n<p>Physitrack est constitu\u00e9 d\u2019outils faciles d\u2019acc\u00e8s qui aident les physioth\u00e9rapeutes et leurs patients \u00e0 rester connect\u00e9s aux plans de soins cliniques. Ces outils incluent&nbsp;:<\/p>\n\n\n\n<ul class=\"wp-block-list\">\n<li>La prescription d\u2019exercices \u00e0 domicile;<\/li>\n\n\n\n<li>L\u2019\u00e9ducation du patient;<\/li>\n\n\n\n<li>Les r\u00e9sultats cliniques;<\/li>\n\n\n\n<li>La t\u00e9l\u00e9sant\u00e9 int\u00e9gr\u00e9e;<\/li>\n\n\n\n<li>Le suivi en temps r\u00e9el du patient.<\/li>\n<\/ul>\n\n\n\n<p><strong>Offre exclusive pour les membres de l&#8217;ACP :&nbsp;\u00c0 titre de membre, vous pouvez maintenant acc\u00e9der \u00e0 Physitrack gr\u00e2ce \u00e0 une offre exclusive vous donnant un rabais de 20 %. Cette offre comprend un essai gratuit de 30&nbsp;jours, sans engagement. Une fois abonn\u00e9, vous pouvez annuler en tout temps parce que la licence Physitrack est mensuelle. Vous pouvez en apprendre plus et profitez de l&#8217;offre pour les membres de l&#8217;ACP&nbsp;<a href=\"https:\/\/www.physitrack.com\/partners\/cpa\">ici<\/a>.<\/strong><\/p>\n\n\n\n<p><strong><strong>Pourquoi choisir Physitrack?&nbsp;<\/strong><\/strong>Physitrack est la solution compl\u00e8te \u00e0 l&#8217;engagement des patients avec plus de 50 000 utilisateurs clinicques, et des millions de patients dans plus de 100 pays. Physitrack fait partie du programme d&#8217;acc\u00e9l\u00e9rateur d&#8217;Apple et est approuv\u00e9 par de nombreuses associations professionnelles parmi les plus respect\u00e9es au monde, comme l&#8217;ACP. Physitrack a un taux de r\u00e9tention des cliniciens de plus de 98 &amp;&nbsp;gr\u00e2ce aux praticiens prim\u00e9s et aux applications destin\u00e9es aux patients (Android, iOS et Web)<strong>.<\/strong><\/p>\n\n\n\n<h4 class=\"wp-block-heading\"><a href=\"https:\/\/www.physitrack.com\/partners\/cpa\"><\/a><a href=\"https:\/\/www.physitrack.com\/partners\/cpa\">Acc\u00e9dez \u00e0 votre offre<\/a><\/h4>\n<\/div><\/div>\n\n\n\n<hr class=\"wp-block-separator has-css-opacity alignwide is-style-wide\"\/>\n\n\n\n<h4 class=\"wp-block-heading\">Ressources<\/h4>\n\n\n\n<div class=\"wp-block-columns is-layout-flex wp-container-core-columns-is-layout-1 wp-block-columns-is-layout-flex\">\n<div class=\"wp-block-column is-layout-flow wp-block-column-is-layout-flow\" style=\"flex-basis:33.33%\">\n<div data-wp-interactive=\"core\/file\" class=\"wp-block-file\"><object data-wp-bind--hidden=\"!state.hasPdfPreview\" hidden class=\"wp-block-file__embed\" data=\"https:\/\/physiotherapy.ca\/app\/uploads\/2022\/07\/exercise_software_evaluation_chart-1.pdf\" type=\"application\/pdf\" style=\"width:100%;height:360px\" aria-label=\"Embed of exercise_software_evaluation_chart.\"><\/object><a id=\"wp-block-file--media-0dba566e-a500-478b-882b-921ab60e43bc\" href=\"https:\/\/physiotherapy.ca\/app\/uploads\/2022\/07\/exercise_software_evaluation_chart-1.pdf\">exercise_software_evaluation_chart<\/a><a href=\"https:\/\/physiotherapy.ca\/app\/uploads\/2022\/07\/exercise_software_evaluation_chart-1.pdf\" class=\"wp-block-file__button wp-element-button\" download aria-describedby=\"wp-block-file--media-0dba566e-a500-478b-882b-921ab60e43bc\">Download<\/a><\/div>\n<\/div>\n\n\n\n<div class=\"wp-block-column is-layout-flow wp-block-column-is-layout-flow\" style=\"flex-basis:66.66%\">\n<h4 class=\"wp-block-heading\">Tableau d\u2019\u00e9valuation des logiciels pour la pratique (en anglais)<\/h4>\n\n\n\n<p>Il y a de nombreux logiciels d\u2019exercices sur le march\u00e9. Chacun est l\u00e9g\u00e8rement diff\u00e9rent. Les cliniciens devraient les \u00e9valuer en fonction de leurs besoins et de ceux de la population qu\u2019ils soignent. La liste suivante des caract\u00e9ristiques des logiciels d\u2019exercices est con\u00e7ue pour vous aider \u00e0 \u00e9valuer et \u00e0 choisir le logiciel qui r\u00e9pond le mieux \u00e0 vos besoins.<\/p>\n\n\n\n<h4 class=\"wp-block-heading\"><a href=\"https:\/\/physiotherapy.ca\/app\/uploads\/2022\/07\/exercise_software_evaluation_chart.pdf\"><a href=\"https:\/\/legacy.physiotherapy.ca\/sites\/default\/files\/exercise_software_evaluation_chart.pdf\">Acc\u00e9dez<\/a><\/a><\/h4>\n<\/div>\n<\/div>\n\n\n\n<div class=\"wp-block-columns is-layout-flex wp-container-core-columns-is-layout-2 wp-block-columns-is-layout-flex\">\n<div class=\"wp-block-column is-layout-flow wp-block-column-is-layout-flow\" style=\"flex-basis:33.33%\">\n<div data-wp-interactive=\"core\/file\" class=\"wp-block-file\"><object data-wp-bind--hidden=\"!state.hasPdfPreview\" hidden class=\"wp-block-file__embed\" data=\"https:\/\/physiotherapy.ca\/app\/uploads\/2022\/07\/emr-toolkit_pabc-cpa_2016_1.pdf\" type=\"application\/pdf\" style=\"width:100%;height:370px\" aria-label=\"Embed of emr-toolkit_pabc-cpa_2016_1.\"><\/object><a id=\"wp-block-file--media-61d299c4-5834-4a1d-9a31-e7d97981700c\" href=\"https:\/\/physiotherapy.ca\/app\/uploads\/2022\/07\/emr-toolkit_pabc-cpa_2016_1.pdf\">emr-toolkit_pabc-cpa_2016_1<\/a><a href=\"https:\/\/physiotherapy.ca\/app\/uploads\/2022\/07\/emr-toolkit_pabc-cpa_2016_1.pdf\" class=\"wp-block-file__button wp-element-button\" download aria-describedby=\"wp-block-file--media-61d299c4-5834-4a1d-9a31-e7d97981700c\">Download<\/a><\/div>\n<\/div>\n\n\n\n<div class=\"wp-block-column is-layout-flow wp-block-column-is-layout-flow\" style=\"flex-basis:66.66%\">\n<h4 class=\"wp-block-heading\">Manuel sur les dossiers m\u00e9dicaux \u00e9lectroniques de la PABC et de l\u2019ACP (en anglais)<\/h4>\n\n\n\n<p>Cette bo\u00eete \u00e0 outils est fournie par la Physiotherapy Association of British Columbia pour aider les cliniques de physioth\u00e9rapie priv\u00e9es qui cherchent \u00e0 adopter les dossiers m\u00e9dicaux \u00e9lectroniques (DM\u00c9). Elle contient de l\u2019information pour orienter les physioth\u00e9rapeutes dans le processus d\u2019adoption du DM\u00c9, de l\u2019id\u00e9ation \u00e0 l\u2019optimisation.<\/p>\n\n\n\n<h4 class=\"wp-block-heading\"><a href=\"https:\/\/physiotherapy.ca\/app\/uploads\/2022\/07\/emr-toolkit_pabc-cpa_2016_1.pdf\"><a href=\"https:\/\/legacy.physiotherapy.ca\/sites\/default\/files\/emr-toolkit_pabc-cpa_2016_1.pdf\">Acc\u00e9dez<\/a><\/a><\/h4>\n<\/div>\n<\/div>\n\n\n\n<hr class=\"wp-block-separator has-css-opacity alignwide is-style-wide\"\/>\n\n\n\n<p>Devenez membre de la&nbsp;<a href=\"http:\/\/cpaprivatepractice.ca\/\">Division de cabinet priv\u00e9<\/a>&nbsp;de l\u2019ACP pour obtenir d\u2019autres ressources de gestion professionnelle et de gestion de la pratique, d\u00e9couvrir des webinaires et des cours et profiter de possibilit\u00e9s de r\u00e9seautage pour tendre vers l\u2019excellence dans votre entreprise du milieu de la sant\u00e9.<\/p>\n\n\n\n<p><\/p>\n\n\n\n<p style=\"font-size:14px\">*Cette page contient des liens vers des sites qui ne sont pas g\u00e9r\u00e9s par l\u2019ACP qui fournissent de l\u2019information suppl\u00e9mentaire sur les services offerts et \u00e0 partir desquels des produits et des services peuvent \u00eatre mis \u00e0 votre disposition. En cliquant sur ces liens,&nbsp;vous allez quitter le site legacy.physiotherapy.ca&nbsp;et entrer sur un site qui n\u2019est pas g\u00e9r\u00e9 par l\u2019ACP. Ces liens sont fournis exclusivement pour votre commodit\u00e9 et&nbsp;l\u2019inclusion d\u2019un lien ne signifie aucunement que l\u2019ACP a approuv\u00e9, valid\u00e9 ou v\u00e9rifi\u00e9 lesdits sites, les renseignements contenus sur ces derniers ou leurs politiques quant \u00e0 la protection de la vie priv\u00e9e et de la s\u00e9curit\u00e9. Si vous d\u00e9cidez d\u2019acc\u00e9der \u00e0 de tels sites qui ne sont pas g\u00e9r\u00e9s par l\u2019ACP ou d\u2019acheter des produits ou des services des propri\u00e9taires ou des exploitants de ces sites, vous le faites \u00e0 vos propres risques, et l\u2019ACP n\u2019est aucunement responsable envers vous pour un tel acc\u00e8s ou achat.<\/p>\n\n\n\n<p><\/p>\n\n\n<div class=\"wp-block-image\">\n<figure class=\"aligncenter size-full\"><img loading=\"lazy\" decoding=\"async\" width=\"1000\" height=\"434\" src=\"https:\/\/physiotherapy.ca\/app\/uploads\/2022\/09\/pat_bs_fr_0.png\" alt=\"\" class=\"wp-image-21819\" srcset=\"https:\/\/physiotherapy.ca\/app\/uploads\/2022\/09\/pat_bs_fr_0.png 1000w, https:\/\/physiotherapy.ca\/app\/uploads\/2022\/09\/pat_bs_fr_0-600x260.png 600w, https:\/\/physiotherapy.ca\/app\/uploads\/2022\/09\/pat_bs_fr_0-300x130.png 300w, https:\/\/physiotherapy.ca\/app\/uploads\/2022\/09\/pat_bs_fr_0-768x333.png 768w, https:\/\/physiotherapy.ca\/app\/uploads\/2022\/09\/pat_bs_fr_0-390x169.png 390w\" sizes=\"auto, (max-width: 1000px) 100vw, 1000px\" \/><\/figure><\/div>","protected":false},"excerpt":{"rendered":"<p>\u00c9levez votre pratique \u00e0 l&#8217;aide de solutions sans papier. Offres Exclusives Ressources Tableau d\u2019\u00e9valuation des logiciels pour la pratique (en anglais) Il y a de nombreux logiciels d\u2019exercices sur le march\u00e9. Chacun est l\u00e9g\u00e8rement diff\u00e9rent. Les cliniciens devraient les \u00e9valuer [&hellip;]<\/p>\n","protected":false},"author":2792,"featured_media":0,"parent":0,"menu_order":0,"comment_status":"closed","ping_status":"closed","template":"","meta":{"inline_featured_image":false,"ep_exclude_from_search":false,"footnotes":""},"topic":[],"class_list":["post-21786","page","type-page","status-publish","hentry"],"acf":[],"yoast_head":"<!-- This site is optimized with the Yoast SEO plugin v24.7 - https:\/\/yoast.com\/wordpress\/plugins\/seo\/ -->\n<title>Technologie de la sant\u00e9 - Canadian Physiotherapy Association<\/title>\n<meta name=\"robots\" content=\"index, follow, max-snippet:-1, max-image-preview:large, max-video-preview:-1\" \/>\n<link rel=\"canonical\" href=\"https:\/\/physiotherapy.ca\/fr\/technologie-de-la-sante\/\" \/>\n<meta property=\"og:locale\" content=\"fr_FR\" \/>\n<meta property=\"og:type\" content=\"article\" \/>\n<meta property=\"og:title\" content=\"Technologie de la sant\u00e9 - Canadian Physiotherapy Association\" \/>\n<meta property=\"og:description\" content=\"\u00c9levez votre pratique \u00e0 l&#8217;aide de solutions sans papier. Offres Exclusives Ressources Tableau d\u2019\u00e9valuation des logiciels pour la pratique (en anglais) Il y a de nombreux logiciels d\u2019exercices sur le march\u00e9. Chacun est l\u00e9g\u00e8rement diff\u00e9rent. Les cliniciens devraient les \u00e9valuer [&hellip;]\" \/>\n<meta property=\"og:url\" content=\"https:\/\/physiotherapy.ca\/fr\/technologie-de-la-sante\/\" \/>\n<meta property=\"og:site_name\" content=\"Canadian Physiotherapy Association\" \/>\n<meta property=\"article:modified_time\" content=\"2025-09-22T20:43:32+00:00\" \/>\n<meta property=\"og:image\" content=\"https:\/\/physiotherapy.ca\/app\/uploads\/2022\/09\/business_solutions_banner_fr_0.png\" \/>\n\t<meta property=\"og:image:width\" content=\"1200\" \/>\n\t<meta property=\"og:image:height\" content=\"273\" \/>\n\t<meta property=\"og:image:type\" content=\"image\/png\" \/>\n<meta name=\"twitter:card\" content=\"summary_large_image\" \/>\n<meta name=\"twitter:label1\" content=\"Est. reading time\" \/>\n\t<meta name=\"twitter:data1\" content=\"6 minutes\" \/>\n<script type=\"application\/ld+json\" class=\"yoast-schema-graph\">{\"@context\":\"https:\/\/schema.org\",\"@graph\":[{\"@type\":\"WebPage\",\"@id\":\"https:\/\/physiotherapy.ca\/fr\/technologie-de-la-sante\/\",\"url\":\"https:\/\/physiotherapy.ca\/fr\/technologie-de-la-sante\/\",\"name\":\"Technologie de la sant\u00e9 - Canadian Physiotherapy Association\",\"isPartOf\":{\"@id\":\"https:\/\/physiotherapy.ca\/#website\"},\"primaryImageOfPage\":{\"@id\":\"https:\/\/physiotherapy.ca\/fr\/technologie-de-la-sante\/#primaryimage\"},\"image\":{\"@id\":\"https:\/\/physiotherapy.ca\/fr\/technologie-de-la-sante\/#primaryimage\"},\"thumbnailUrl\":\"https:\/\/physiotherapy.ca\/app\/uploads\/2022\/09\/business_solutions_banner_fr_0-1024x233.png\",\"datePublished\":\"2022-09-07T14:39:34+00:00\",\"dateModified\":\"2025-09-22T20:43:32+00:00\",\"breadcrumb\":{\"@id\":\"https:\/\/physiotherapy.ca\/fr\/technologie-de-la-sante\/#breadcrumb\"},\"inLanguage\":\"fr-FR\",\"potentialAction\":[{\"@type\":\"ReadAction\",\"target\":[\"https:\/\/physiotherapy.ca\/fr\/technologie-de-la-sante\/\"]}]},{\"@type\":\"ImageObject\",\"inLanguage\":\"fr-FR\",\"@id\":\"https:\/\/physiotherapy.ca\/fr\/technologie-de-la-sante\/#primaryimage\",\"url\":\"https:\/\/physiotherapy.ca\/app\/uploads\/2022\/09\/business_solutions_banner_fr_0-1024x233.png\",\"contentUrl\":\"https:\/\/physiotherapy.ca\/app\/uploads\/2022\/09\/business_solutions_banner_fr_0-1024x233.png\"},{\"@type\":\"BreadcrumbList\",\"@id\":\"https:\/\/physiotherapy.ca\/fr\/technologie-de-la-sante\/#breadcrumb\",\"itemListElement\":[{\"@type\":\"ListItem\",\"position\":1,\"name\":\"Home\",\"item\":\"https:\/\/physiotherapy.ca\/fr\/\"},{\"@type\":\"ListItem\",\"position\":2,\"name\":\"Technologie de la sant\u00e9\"}]},{\"@type\":\"WebSite\",\"@id\":\"https:\/\/physiotherapy.ca\/#website\",\"url\":\"https:\/\/physiotherapy.ca\/\",\"name\":\"Canadian Physiotherapy Association\",\"description\":\"The Canadian Physiotherapy Association (CPA) represents over 16,000 physiotherapy professionals and students across Canada.\",\"potentialAction\":[{\"@type\":\"SearchAction\",\"target\":{\"@type\":\"EntryPoint\",\"urlTemplate\":\"https:\/\/physiotherapy.ca\/?s={search_term_string}\"},\"query-input\":{\"@type\":\"PropertyValueSpecification\",\"valueRequired\":true,\"valueName\":\"search_term_string\"}}],\"inLanguage\":\"fr-FR\"}]}<\/script>\n<!-- \/ Yoast SEO plugin. -->","yoast_head_json":{"title":"Technologie de la sant\u00e9 - Canadian Physiotherapy Association","robots":{"index":"index","follow":"follow","max-snippet":"max-snippet:-1","max-image-preview":"max-image-preview:large","max-video-preview":"max-video-preview:-1"},"canonical":"https:\/\/physiotherapy.ca\/fr\/technologie-de-la-sante\/","og_locale":"fr_FR","og_type":"article","og_title":"Technologie de la sant\u00e9 - Canadian Physiotherapy Association","og_description":"\u00c9levez votre pratique \u00e0 l&#8217;aide de solutions sans papier. Offres Exclusives Ressources Tableau d\u2019\u00e9valuation des logiciels pour la pratique (en anglais) Il y a de nombreux logiciels d\u2019exercices sur le march\u00e9. Chacun est l\u00e9g\u00e8rement diff\u00e9rent. Les cliniciens devraient les \u00e9valuer [&hellip;]","og_url":"https:\/\/physiotherapy.ca\/fr\/technologie-de-la-sante\/","og_site_name":"Canadian Physiotherapy Association","article_modified_time":"2025-09-22T20:43:32+00:00","og_image":[{"width":1200,"height":273,"url":"https:\/\/physiotherapy.ca\/app\/uploads\/2022\/09\/business_solutions_banner_fr_0.png","type":"image\/png"}],"twitter_card":"summary_large_image","twitter_misc":{"Est. reading time":"6 minutes"},"schema":{"@context":"https:\/\/schema.org","@graph":[{"@type":"WebPage","@id":"https:\/\/physiotherapy.ca\/fr\/technologie-de-la-sante\/","url":"https:\/\/physiotherapy.ca\/fr\/technologie-de-la-sante\/","name":"Technologie de la sant\u00e9 - Canadian Physiotherapy Association","isPartOf":{"@id":"https:\/\/physiotherapy.ca\/#website"},"primaryImageOfPage":{"@id":"https:\/\/physiotherapy.ca\/fr\/technologie-de-la-sante\/#primaryimage"},"image":{"@id":"https:\/\/physiotherapy.ca\/fr\/technologie-de-la-sante\/#primaryimage"},"thumbnailUrl":"https:\/\/physiotherapy.ca\/app\/uploads\/2022\/09\/business_solutions_banner_fr_0-1024x233.png","datePublished":"2022-09-07T14:39:34+00:00","dateModified":"2025-09-22T20:43:32+00:00","breadcrumb":{"@id":"https:\/\/physiotherapy.ca\/fr\/technologie-de-la-sante\/#breadcrumb"},"inLanguage":"fr-FR","potentialAction":[{"@type":"ReadAction","target":["https:\/\/physiotherapy.ca\/fr\/technologie-de-la-sante\/"]}]},{"@type":"ImageObject","inLanguage":"fr-FR","@id":"https:\/\/physiotherapy.ca\/fr\/technologie-de-la-sante\/#primaryimage","url":"https:\/\/physiotherapy.ca\/app\/uploads\/2022\/09\/business_solutions_banner_fr_0-1024x233.png","contentUrl":"https:\/\/physiotherapy.ca\/app\/uploads\/2022\/09\/business_solutions_banner_fr_0-1024x233.png"},{"@type":"BreadcrumbList","@id":"https:\/\/physiotherapy.ca\/fr\/technologie-de-la-sante\/#breadcrumb","itemListElement":[{"@type":"ListItem","position":1,"name":"Home","item":"https:\/\/physiotherapy.ca\/fr\/"},{"@type":"ListItem","position":2,"name":"Technologie de la sant\u00e9"}]},{"@type":"WebSite","@id":"https:\/\/physiotherapy.ca\/#website","url":"https:\/\/physiotherapy.ca\/","name":"Canadian Physiotherapy Association","description":"The Canadian Physiotherapy Association (CPA) represents over 16,000 physiotherapy professionals and students across Canada.","potentialAction":[{"@type":"SearchAction","target":{"@type":"EntryPoint","urlTemplate":"https:\/\/physiotherapy.ca\/?s={search_term_string}"},"query-input":{"@type":"PropertyValueSpecification","valueRequired":true,"valueName":"search_term_string"}}],"inLanguage":"fr-FR"}]}},"_links":{"self":[{"href":"https:\/\/physiotherapy.ca\/fr\/wp-json\/wp\/v2\/pages\/21786","targetHints":{"allow":["GET"]}}],"collection":[{"href":"https:\/\/physiotherapy.ca\/fr\/wp-json\/wp\/v2\/pages"}],"about":[{"href":"https:\/\/physiotherapy.ca\/fr\/wp-json\/wp\/v2\/types\/page"}],"author":[{"embeddable":true,"href":"https:\/\/physiotherapy.ca\/fr\/wp-json\/wp\/v2\/users\/2792"}],"replies":[{"embeddable":true,"href":"https:\/\/physiotherapy.ca\/fr\/wp-json\/wp\/v2\/comments?post=21786"}],"version-history":[{"count":16,"href":"https:\/\/physiotherapy.ca\/fr\/wp-json\/wp\/v2\/pages\/21786\/revisions"}],"predecessor-version":[{"id":277977,"href":"https:\/\/physiotherapy.ca\/fr\/wp-json\/wp\/v2\/pages\/21786\/revisions\/277977"}],"wp:attachment":[{"href":"https:\/\/physiotherapy.ca\/fr\/wp-json\/wp\/v2\/media?parent=21786"}],"wp:term":[{"taxonomy":"topic","embeddable":true,"href":"https:\/\/physiotherapy.ca\/fr\/wp-json\/wp\/v2\/topic?post=21786"}],"curies":[{"name":"wp","href":"https:\/\/api.w.org\/{rel}","templated":true}]}}