{"id":273826,"date":"2025-07-22T14:50:37","date_gmt":"2025-07-22T18:50:37","guid":{"rendered":"https:\/\/physiotherapy.ca\/?page_id=273826"},"modified":"2026-03-11T12:00:44","modified_gmt":"2026-03-11T16:00:44","slug":"congres-2026","status":"publish","type":"page","link":"https:\/\/physiotherapy.ca\/fr\/congres-2026\/","title":{"rendered":"Congr\u00e8s 2026"},"content":{"rendered":"<div class=\"wp-block-image\">\n<figure class=\"aligncenter size-large\"><img loading=\"lazy\" decoding=\"async\" width=\"1024\" height=\"1024\" src=\"https:\/\/physiotherapy.ca\/app\/uploads\/2025\/12\/C26-announcement_FR-1024x1024.jpg\" alt=\"\" class=\"wp-image-278839\" srcset=\"https:\/\/physiotherapy.ca\/app\/uploads\/2025\/12\/C26-announcement_FR-1024x1024.jpg 1024w, https:\/\/physiotherapy.ca\/app\/uploads\/2025\/12\/C26-announcement_FR-300x300.jpg 300w, https:\/\/physiotherapy.ca\/app\/uploads\/2025\/12\/C26-announcement_FR-150x150.jpg 150w, https:\/\/physiotherapy.ca\/app\/uploads\/2025\/12\/C26-announcement_FR-768x768.jpg 768w, https:\/\/physiotherapy.ca\/app\/uploads\/2025\/12\/C26-announcement_FR-200x200.jpg 200w, https:\/\/physiotherapy.ca\/app\/uploads\/2025\/12\/C26-announcement_FR-100x100.jpg 100w, https:\/\/physiotherapy.ca\/app\/uploads\/2025\/12\/C26-announcement_FR-600x600.jpg 600w, https:\/\/physiotherapy.ca\/app\/uploads\/2025\/12\/C26-announcement_FR.jpg 1080w\" sizes=\"auto, (max-width: 1024px) 100vw, 1024px\" \/><\/figure><\/div>\n\n\n<div style=\"height:15px\" aria-hidden=\"true\" class=\"wp-block-spacer\"><\/div>\n\n\n\n<p class=\"has-medium-font-size\">On se voit en 2026 \u00e0 Halifax!<\/p>\n\n\n\n<p class=\"has-medium-font-size\">Nous avons le plaisir d\u2019annoncer que le congr\u00e8s 2026 de l\u2019ACP se tiendra du <strong>29 au 30 mai 2026 dans la magnifique ville d\u2019Halifax, en Nouvelle-\u00c9cosse.<\/strong><\/p>\n\n\n\n<p class=\"has-medium-font-size\">Le congr\u00e8s 2026 de l\u2019ACP nous r\u00e9serve un programme attrayant avec des orateurs principaux, des s\u00e9ances de formation et des occasions de r\u00e9seautage. La ville d\u2019Halifax, reconnue pour son charme maritime, sa culture dynamique et son hospitalit\u00e9, sera le lieu parfait pour des collaborations et des apprentissages enrichissants.<\/p>\n\n\n\n<p class=\"has-medium-font-size\">Plus d\u2019information sera donn\u00e9e sur notre site Web et les m\u00e9dias sociaux \u00e0 l\u2019approche de l\u2019\u00e9v\u00e9nement, donc gardez l\u2019\u0153il ouvert!<\/p>\n\n\n\n<figure class=\"wp-block-table\"><table class=\"has-fixed-layout\"><tbody><tr><td><strong>Tarifs du congr\u00e8s 2026<\/strong><\/td><td>Membre de l&#8217;ACP<\/td><td>Non-membre<\/td><td>\u00c9tudiants\/APT\/T. phys.\/nouveaux dipl\u00f4m\u00e9s<\/td><td>Conf\u00e9rencier &#8211; Membre<\/td><td>Conf\u00e9rencier &#8211; Non-membre<\/td><\/tr><tr><td>Tarif de pr\u00e9inscription<\/td><td>$650<\/td><td>$950<\/td><td>$295<\/td><td>$560<\/td><td>$810<\/td><\/tr><tr><td>Prix r\u00e9gulier<\/td><td>$750<\/td><td>$1100<\/td><td>$350<\/td><td><\/td><td><\/td><\/tr><\/tbody><\/table><\/figure>\n\n\n\n<div class=\"wp-block-buttons is-layout-flex wp-block-buttons-is-layout-flex\">\n<div class=\"wp-block-button has-custom-width wp-block-button__width-75\"><a class=\"wp-block-button__link wp-element-button\" href=\"https:\/\/site.pheedloop.com\/event\/CPACongress2026\/home\">Plus d&#8217;informations<\/a><\/div>\n<\/div>\n\n\n\n<p class=\"has-medium-font-size\"><strong>Paiement des frais d&#8217;inscription, taxes, politiques d&#8217;annulation et de remboursement<\/strong><\/p>\n\n\n\n<p class=\"has-medium-font-size\"><strong>Paiements<\/strong> : Les frais d&#8217;inscription doivent \u00eatre pay\u00e9s en totalit\u00e9 par carte de cr\u00e9dit (VISA, Mastercard, Amex) au moment de l&#8217;inscription.<\/p>\n\n\n\n<p class=\"has-medium-font-size\"><strong>Taxes<\/strong> : Conform\u00e9ment \u00e0 la r\u00e8gle relative au lieu de fourniture de la TVH, les frais d&#8217;inscription sont tax\u00e9s en fonction du lieu o\u00f9 se tient le congr\u00e8s. En 2026, le congr\u00e8s se tiendra dans la province de Nouvelle-\u00c9cosse, et la TVH applicable de 14 % sera appliqu\u00e9e \u00e0 vos frais d&#8217;inscription.<\/p>\n\n\n\n<p class=\"has-medium-font-size\"><strong>Politique d&#8217;annulation et de remboursement<\/strong> : Si vous devez annuler votre inscription, veuillez consulter le tableau ci-dessous pour conna\u00eetre le pourcentage de remboursement auquel vous avez droit. Pour commencer le processus d&#8217;annulation, veuillez envoyer un courriel \u00e0 information@physiotherapy.ca.<\/p>\n\n\n\n<p><\/p>\n\n\n\n<figure class=\"wp-block-table\"><table class=\"has-fixed-layout\"><tbody><tr><td><strong>Avis d&#8217;annulation re\u00e7u<\/strong>&nbsp;<\/td><td><strong>Remboursement<\/strong><\/td><\/tr><tr><td>Avant le 26 mars 2026 (23 h 59, heure de l&#8217;Est)<\/td><td>75%&nbsp;<\/td><\/tr><tr><td>Entre le 27 mars et le 30 avril (23 h 59, heure de l&#8217;Est)<\/td><td>50%&nbsp;<\/td><\/tr><tr><td>\u00c0 compter du 1er mai<\/td><td>No Refund&nbsp;<\/td><\/tr><\/tbody><\/table><\/figure>\n\n\n\n<p class=\"has-medium-font-size\">Les remboursements seront cr\u00e9dit\u00e9s sur la carte de cr\u00e9dit utilis\u00e9e pour le paiement initial. Nous n&#8217;effectuons aucun remboursement ni cr\u00e9dit pour les parties du congr\u00e8s auxquelles vous n&#8217;avez pas assist\u00e9. Si vous avez des questions, veuillez contacter <a href=\"mailto:information@physiotherapy.ca\">information@physiotherapy.ca<\/a><\/p>\n\n\n\n<p class=\"has-medium-font-size\"><strong><a href=\"https:\/\/physiotherapy.ca\/app\/uploads\/2026\/01\/C26_Program-at-a-Glance_FR.pdf\">PROGRAMME DU CONGR\u00c8S<\/a><\/strong> <em>(Derni\u00e8re mise \u00e0 jour le 8 janvier 2026)<\/em><\/p>\n\n\n\n<p class=\"has-medium-font-size\"><strong>Opportunit\u00e9s de parrainage et de participation au salon professionnel <\/strong>: pour recevoir le prospectus et le formulaire d&#8217;inscription au congr\u00e8s 2026, veuillez envoyer un courriel \u00e0 <a href=\"mailto:dboxill@physiotherapy.ca\">dboxill@physiotherapy.ca<\/a><\/p>\n\n\n\n<p class=\"has-medium-font-size\"><br><strong>H\u00f4tels \u00e0 Halifax avec blocs de chambres r\u00e9serv\u00e9s<\/strong><\/p>\n\n\n\n<figure class=\"wp-block-table\"><table class=\"has-fixed-layout\"><tbody><tr><td><strong>Nom de l&#8217;h\u00f4tel<\/strong><\/td><td>Tarifs des chambres<\/td><td>Date limite de r\u00e9servation<\/td><td>Lien de r\u00e9servation<\/td><\/tr><tr><td>Cambridge Suites Hotel<\/td><td>Studio 229 $<br>Suite junior 259 $<br>1 chambre 289 $<\/td><td>26 avril<\/td><td><a href=\"https:\/\/reservations.travelclick.com\/13605?groupID=4748318\">Cambridge Suites<\/a><\/td><\/tr><tr><td>Four Points by Sheraton<\/td><td>Traditionnel 244 $<\/td><td>28 avril<\/td><td><a href=\"https:\/\/linklock.titanhq.com\/analyse?url=https%3A%2F%2Fapp.marriott.com%2Freslink%3Fid%3D1764949335270%26key%3DGRP%26app%3Dresvlink&amp;data=eJxMzs1q6zAUBOCnOV5ckLF09AtXpQXjbhoooS8g28exiB0LyUnJ25eULLqd4Rtm8EiKjFTEJMqByeAsCw0XbOqJxMjJTeSq0f-rVv_fGstRcatroaWtudHSSac4d0a8rpHRGuLCCuVbHIj1y5WYssM4mV73ls2neSovVfGHkHPc9v1I5SNeziCb9ZnUw7ZW2R-2S1hiCfVXuC9bBtl8z6ff7urnfU8F8A1EB6ILKdV_MYguU1keq9jFEbB9nkRUwjQg9JnugO378ROEDikBtpnK7SF-AgAA__8_VFMC\">Four Points<\/a><\/td><\/tr><tr><td><s>Residence Inn by Marriott<\/s> <strong>COMPLET<\/strong><\/td><td>Studio 1 lit 241 $<\/td><td>7 mai<\/td><td><\/td><\/tr><\/tbody><\/table><\/figure>\n\n\n\n<p><\/p>\n","protected":false},"excerpt":{"rendered":"<p>On se voit en 2026 \u00e0 Halifax! Nous avons le plaisir d\u2019annoncer que le congr\u00e8s 2026 de l\u2019ACP se tiendra du 29 au 30 mai 2026 dans la magnifique ville d\u2019Halifax, en Nouvelle-\u00c9cosse. Le congr\u00e8s 2026 de l\u2019ACP nous r\u00e9serve [&hellip;]<\/p>\n","protected":false},"author":22468,"featured_media":0,"parent":0,"menu_order":0,"comment_status":"closed","ping_status":"closed","template":"","meta":{"inline_featured_image":false,"ep_exclude_from_search":false,"footnotes":""},"topic":[],"class_list":["post-273826","page","type-page","status-publish","hentry"],"acf":[],"yoast_head":"<!-- This site is optimized with the Yoast SEO plugin v24.7 - https:\/\/yoast.com\/wordpress\/plugins\/seo\/ -->\n<title>Congr\u00e8s 2026 - Canadian Physiotherapy Association<\/title>\n<meta name=\"robots\" content=\"index, follow, max-snippet:-1, max-image-preview:large, max-video-preview:-1\" \/>\n<link rel=\"canonical\" href=\"https:\/\/physiotherapy.ca\/fr\/congres-2026\/\" \/>\n<meta property=\"og:locale\" content=\"fr_FR\" \/>\n<meta property=\"og:type\" content=\"article\" \/>\n<meta property=\"og:title\" content=\"Congr\u00e8s 2026 - Canadian Physiotherapy Association\" \/>\n<meta property=\"og:description\" content=\"On se voit en 2026 \u00e0 Halifax! Nous avons le plaisir d\u2019annoncer que le congr\u00e8s 2026 de l\u2019ACP se tiendra du 29 au 30 mai 2026 dans la magnifique ville d\u2019Halifax, en Nouvelle-\u00c9cosse. Le congr\u00e8s 2026 de l\u2019ACP nous r\u00e9serve [&hellip;]\" \/>\n<meta property=\"og:url\" content=\"https:\/\/physiotherapy.ca\/fr\/congres-2026\/\" \/>\n<meta property=\"og:site_name\" content=\"Canadian Physiotherapy Association\" \/>\n<meta property=\"article:modified_time\" content=\"2026-03-11T16:00:44+00:00\" \/>\n<meta property=\"og:image\" content=\"https:\/\/physiotherapy.ca\/app\/uploads\/2025\/12\/C26-announcement_FR.jpg\" \/>\n\t<meta property=\"og:image:width\" content=\"1080\" \/>\n\t<meta property=\"og:image:height\" content=\"1080\" \/>\n\t<meta property=\"og:image:type\" content=\"image\/jpeg\" \/>\n<meta name=\"twitter:card\" content=\"summary_large_image\" \/>\n<meta name=\"twitter:label1\" content=\"Est. reading time\" \/>\n\t<meta name=\"twitter:data1\" content=\"3 minutes\" \/>\n<script type=\"application\/ld+json\" class=\"yoast-schema-graph\">{\"@context\":\"https:\/\/schema.org\",\"@graph\":[{\"@type\":\"WebPage\",\"@id\":\"https:\/\/physiotherapy.ca\/fr\/congres-2026\/\",\"url\":\"https:\/\/physiotherapy.ca\/fr\/congres-2026\/\",\"name\":\"Congr\u00e8s 2026 - Canadian Physiotherapy Association\",\"isPartOf\":{\"@id\":\"https:\/\/physiotherapy.ca\/#website\"},\"primaryImageOfPage\":{\"@id\":\"https:\/\/physiotherapy.ca\/fr\/congres-2026\/#primaryimage\"},\"image\":{\"@id\":\"https:\/\/physiotherapy.ca\/fr\/congres-2026\/#primaryimage\"},\"thumbnailUrl\":\"https:\/\/physiotherapy.ca\/app\/uploads\/2025\/12\/C26-announcement_FR-1024x1024.jpg\",\"datePublished\":\"2025-07-22T18:50:37+00:00\",\"dateModified\":\"2026-03-11T16:00:44+00:00\",\"breadcrumb\":{\"@id\":\"https:\/\/physiotherapy.ca\/fr\/congres-2026\/#breadcrumb\"},\"inLanguage\":\"fr-FR\",\"potentialAction\":[{\"@type\":\"ReadAction\",\"target\":[\"https:\/\/physiotherapy.ca\/fr\/congres-2026\/\"]}]},{\"@type\":\"ImageObject\",\"inLanguage\":\"fr-FR\",\"@id\":\"https:\/\/physiotherapy.ca\/fr\/congres-2026\/#primaryimage\",\"url\":\"https:\/\/physiotherapy.ca\/app\/uploads\/2025\/12\/C26-announcement_FR-1024x1024.jpg\",\"contentUrl\":\"https:\/\/physiotherapy.ca\/app\/uploads\/2025\/12\/C26-announcement_FR-1024x1024.jpg\"},{\"@type\":\"BreadcrumbList\",\"@id\":\"https:\/\/physiotherapy.ca\/fr\/congres-2026\/#breadcrumb\",\"itemListElement\":[{\"@type\":\"ListItem\",\"position\":1,\"name\":\"Home\",\"item\":\"https:\/\/physiotherapy.ca\/fr\/\"},{\"@type\":\"ListItem\",\"position\":2,\"name\":\"Congr\u00e8s 2026\"}]},{\"@type\":\"WebSite\",\"@id\":\"https:\/\/physiotherapy.ca\/#website\",\"url\":\"https:\/\/physiotherapy.ca\/\",\"name\":\"Canadian Physiotherapy Association\",\"description\":\"The Canadian Physiotherapy Association (CPA) represents over 16,000 physiotherapy professionals and students across Canada.\",\"potentialAction\":[{\"@type\":\"SearchAction\",\"target\":{\"@type\":\"EntryPoint\",\"urlTemplate\":\"https:\/\/physiotherapy.ca\/?s={search_term_string}\"},\"query-input\":{\"@type\":\"PropertyValueSpecification\",\"valueRequired\":true,\"valueName\":\"search_term_string\"}}],\"inLanguage\":\"fr-FR\"}]}<\/script>\n<!-- \/ Yoast SEO plugin. -->","yoast_head_json":{"title":"Congr\u00e8s 2026 - Canadian Physiotherapy Association","robots":{"index":"index","follow":"follow","max-snippet":"max-snippet:-1","max-image-preview":"max-image-preview:large","max-video-preview":"max-video-preview:-1"},"canonical":"https:\/\/physiotherapy.ca\/fr\/congres-2026\/","og_locale":"fr_FR","og_type":"article","og_title":"Congr\u00e8s 2026 - Canadian Physiotherapy Association","og_description":"On se voit en 2026 \u00e0 Halifax! Nous avons le plaisir d\u2019annoncer que le congr\u00e8s 2026 de l\u2019ACP se tiendra du 29 au 30 mai 2026 dans la magnifique ville d\u2019Halifax, en Nouvelle-\u00c9cosse. Le congr\u00e8s 2026 de l\u2019ACP nous r\u00e9serve [&hellip;]","og_url":"https:\/\/physiotherapy.ca\/fr\/congres-2026\/","og_site_name":"Canadian Physiotherapy Association","article_modified_time":"2026-03-11T16:00:44+00:00","og_image":[{"width":1080,"height":1080,"url":"https:\/\/physiotherapy.ca\/app\/uploads\/2025\/12\/C26-announcement_FR.jpg","type":"image\/jpeg"}],"twitter_card":"summary_large_image","twitter_misc":{"Est. reading time":"3 minutes"},"schema":{"@context":"https:\/\/schema.org","@graph":[{"@type":"WebPage","@id":"https:\/\/physiotherapy.ca\/fr\/congres-2026\/","url":"https:\/\/physiotherapy.ca\/fr\/congres-2026\/","name":"Congr\u00e8s 2026 - Canadian Physiotherapy Association","isPartOf":{"@id":"https:\/\/physiotherapy.ca\/#website"},"primaryImageOfPage":{"@id":"https:\/\/physiotherapy.ca\/fr\/congres-2026\/#primaryimage"},"image":{"@id":"https:\/\/physiotherapy.ca\/fr\/congres-2026\/#primaryimage"},"thumbnailUrl":"https:\/\/physiotherapy.ca\/app\/uploads\/2025\/12\/C26-announcement_FR-1024x1024.jpg","datePublished":"2025-07-22T18:50:37+00:00","dateModified":"2026-03-11T16:00:44+00:00","breadcrumb":{"@id":"https:\/\/physiotherapy.ca\/fr\/congres-2026\/#breadcrumb"},"inLanguage":"fr-FR","potentialAction":[{"@type":"ReadAction","target":["https:\/\/physiotherapy.ca\/fr\/congres-2026\/"]}]},{"@type":"ImageObject","inLanguage":"fr-FR","@id":"https:\/\/physiotherapy.ca\/fr\/congres-2026\/#primaryimage","url":"https:\/\/physiotherapy.ca\/app\/uploads\/2025\/12\/C26-announcement_FR-1024x1024.jpg","contentUrl":"https:\/\/physiotherapy.ca\/app\/uploads\/2025\/12\/C26-announcement_FR-1024x1024.jpg"},{"@type":"BreadcrumbList","@id":"https:\/\/physiotherapy.ca\/fr\/congres-2026\/#breadcrumb","itemListElement":[{"@type":"ListItem","position":1,"name":"Home","item":"https:\/\/physiotherapy.ca\/fr\/"},{"@type":"ListItem","position":2,"name":"Congr\u00e8s 2026"}]},{"@type":"WebSite","@id":"https:\/\/physiotherapy.ca\/#website","url":"https:\/\/physiotherapy.ca\/","name":"Canadian Physiotherapy Association","description":"The Canadian Physiotherapy Association (CPA) represents over 16,000 physiotherapy professionals and students across Canada.","potentialAction":[{"@type":"SearchAction","target":{"@type":"EntryPoint","urlTemplate":"https:\/\/physiotherapy.ca\/?s={search_term_string}"},"query-input":{"@type":"PropertyValueSpecification","valueRequired":true,"valueName":"search_term_string"}}],"inLanguage":"fr-FR"}]}},"_links":{"self":[{"href":"https:\/\/physiotherapy.ca\/fr\/wp-json\/wp\/v2\/pages\/273826","targetHints":{"allow":["GET"]}}],"collection":[{"href":"https:\/\/physiotherapy.ca\/fr\/wp-json\/wp\/v2\/pages"}],"about":[{"href":"https:\/\/physiotherapy.ca\/fr\/wp-json\/wp\/v2\/types\/page"}],"author":[{"embeddable":true,"href":"https:\/\/physiotherapy.ca\/fr\/wp-json\/wp\/v2\/users\/22468"}],"replies":[{"embeddable":true,"href":"https:\/\/physiotherapy.ca\/fr\/wp-json\/wp\/v2\/comments?post=273826"}],"version-history":[{"count":10,"href":"https:\/\/physiotherapy.ca\/fr\/wp-json\/wp\/v2\/pages\/273826\/revisions"}],"predecessor-version":[{"id":279681,"href":"https:\/\/physiotherapy.ca\/fr\/wp-json\/wp\/v2\/pages\/273826\/revisions\/279681"}],"wp:attachment":[{"href":"https:\/\/physiotherapy.ca\/fr\/wp-json\/wp\/v2\/media?parent=273826"}],"wp:term":[{"taxonomy":"topic","embeddable":true,"href":"https:\/\/physiotherapy.ca\/fr\/wp-json\/wp\/v2\/topic?post=273826"}],"curies":[{"name":"wp","href":"https:\/\/api.w.org\/{rel}","templated":true}]}}