{"id":274349,"date":"2025-08-05T10:16:51","date_gmt":"2025-08-05T14:16:51","guid":{"rendered":"https:\/\/physiotherapy.ca\/?page_id=274349"},"modified":"2025-08-12T09:42:35","modified_gmt":"2025-08-12T13:42:35","slug":"a-propos-plaidoyer","status":"publish","type":"page","link":"https:\/\/physiotherapy.ca\/fr\/representation-2\/a-propos-plaidoyer\/","title":{"rendered":"\u00c0 propos du\u00a0plaidoyer"},"content":{"rendered":"\n<h2 class=\"wp-block-heading\">Votre voix en action. Un plaidoyer efficace.&nbsp;&nbsp;<\/h2>\n\n\n\n<p>En tant que membre de l\u2019ACP, vous faites partie d\u2019un puissant mouvement national qui \u0153uvre \u00e0 l\u2019avancement de la profession de physioth\u00e9rapeute et \u00e0 l\u2019am\u00e9lioration de l\u2019acc\u00e8s \u00e0 des soins de qualit\u00e9 pour tous les Canadiens. Notre plaidoyer est fond\u00e9 sur des donn\u00e9es probantes, fa\u00e7onn\u00e9 par la profession et aliment\u00e9 par votre soutien.&nbsp;<\/p>\n\n\n\n<p>L\u2019ACP et ses sections travaillent ensemble pour d\u00e9fendre les int\u00e9r\u00eats de la physioth\u00e9rapie \u00e0 tous les niveaux \u2014 f\u00e9d\u00e9ral, provincial et territorial \u2014 afin de renforcer son r\u00f4le dans le syst\u00e8me de sant\u00e9 canadien.&nbsp;<\/p>\n\n\n\n<hr class=\"wp-block-separator has-alpha-channel-opacity is-style-dots\"\/>\n\n\n\n<div class=\"wp-block-media-text is-stacked-on-mobile is-vertically-aligned-top\"><figure class=\"wp-block-media-text__media\"><a href=\"https:\/\/physiotherapy.ca\/fr\/advocacy-updates-fr\/\"><img loading=\"lazy\" decoding=\"async\" width=\"1024\" height=\"759\" src=\"https:\/\/physiotherapy.ca\/app\/uploads\/2025\/08\/Website-pics-1-1024x759.png\" alt=\"\" class=\"wp-image-275441 size-full\" srcset=\"https:\/\/physiotherapy.ca\/app\/uploads\/2025\/08\/Website-pics-1-1024x759.png 1024w, https:\/\/physiotherapy.ca\/app\/uploads\/2025\/08\/Website-pics-1-300x222.png 300w, https:\/\/physiotherapy.ca\/app\/uploads\/2025\/08\/Website-pics-1-768x569.png 768w, https:\/\/physiotherapy.ca\/app\/uploads\/2025\/08\/Website-pics-1-270x200.png 270w, https:\/\/physiotherapy.ca\/app\/uploads\/2025\/08\/Website-pics-1-600x444.png 600w, https:\/\/physiotherapy.ca\/app\/uploads\/2025\/08\/Website-pics-1.png 1080w\" sizes=\"auto, (max-width: 1024px) 100vw, 1024px\" \/><\/a><\/figure><div class=\"wp-block-media-text__content\">\n<h3 class=\"wp-block-heading\">Un impact r\u00e9el. Des r\u00e9sultats prouv\u00e9s.&nbsp;<\/h3>\n\n\n\n<p>Le plaidoyer de l\u2019ACP a contribu\u00e9 \u00e0 des <a href=\"https:\/\/physiotherapy.ca\/fr\/advocacy-updates-fr\/\">changements politiques significatifs<\/a> dans tout le pays, notamment\u202f:&nbsp;<\/p>\n\n\n\n<ul class=\"wp-block-list\">\n<li>\u00c9largissement du champ de pratique, notamment en mati\u00e8re d\u2019imagerie diagnostique;&nbsp;<\/li>\n<\/ul>\n\n\n\n<ul class=\"wp-block-list\">\n<li>Inclusion des physioth\u00e9rapeutes dans le Programme canadien d\u2019exon\u00e9ration du pr\u00eat d\u2019\u00e9tudes;&nbsp;<\/li>\n<\/ul>\n\n\n\n<ul class=\"wp-block-list\">\n<li>Am\u00e9lioration des voies d\u2019acc\u00e8s au march\u00e9 du travail pour les professionnels form\u00e9s \u00e0 l\u2019\u00e9tranger;&nbsp;<\/li>\n<\/ul>\n\n\n\n<ul class=\"wp-block-list\">\n<li>Meilleure reconnaissance de la physioth\u00e9rapie dans les strat\u00e9gies nationales de sant\u00e9.&nbsp;<\/li>\n<\/ul>\n<\/div><\/div>\n\n\n\n<hr class=\"wp-block-separator has-alpha-channel-opacity is-style-dots\"\/>\n\n\n\n<div class=\"wp-block-media-text has-media-on-the-right is-stacked-on-mobile\"><div class=\"wp-block-media-text__content\">\n<h3 class=\"wp-block-heading\">Plaidoyer fond\u00e9 sur des donn\u00e9es probantes&nbsp;<\/h3>\n\n\n\n<p>Nous \u00e9tayons <a href=\"https:\/\/physiotherapy.ca\/fr\/representation-2\/des-preuves-qui-alimentent-le-changement\/\">nos positions par des recherches et des donn\u00e9es<\/a>, notamment\u202f:\u00a0<\/p>\n\n\n\n<ul class=\"wp-block-list\">\n<li><a href=\"https:\/\/physiotherapy.ca\/app\/uploads\/2024\/05\/Deloitte-Report_FR.pdf\" target=\"_blank\" rel=\"noreferrer noopener\">R\u00e9percussions \u00e9conomiques de la physioth\u00e9rapie au Canada (Deloitte)&nbsp;<\/a><\/li>\n<\/ul>\n\n\n\n<ul class=\"wp-block-list\">\n<li><a href=\"https:\/\/physiotherapy.ca\/app\/uploads\/2024\/05\/NPM-Scope-of-Practice-Position-Paper_FR_FINAL-May-2024.pdf\" target=\"_blank\" rel=\"noreferrer noopener\">Rapports sur le champ de pratique de la physioth\u00e9rapie&nbsp;<\/a><\/li>\n<\/ul>\n\n\n\n<p>&nbsp;Ces outils nous aident \u00e0 d\u00e9montrer la rentabilit\u00e9 et la valeur syst\u00e9mique de la physioth\u00e9rapie aux d\u00e9cideurs de tout le pays.&nbsp;<\/p>\n<\/div><figure class=\"wp-block-media-text__media\"><a href=\"https:\/\/physiotherapy.ca\/fr\/representation-2\/des-preuves-qui-alimentent-le-changement\/\"><img loading=\"lazy\" decoding=\"async\" width=\"1024\" height=\"759\" src=\"https:\/\/physiotherapy.ca\/app\/uploads\/2025\/07\/Advocacy-reports-FR-1024x759.png\" alt=\"\" class=\"wp-image-274360 size-full\" srcset=\"https:\/\/physiotherapy.ca\/app\/uploads\/2025\/07\/Advocacy-reports-FR-1024x759.png 1024w, https:\/\/physiotherapy.ca\/app\/uploads\/2025\/07\/Advocacy-reports-FR-300x222.png 300w, https:\/\/physiotherapy.ca\/app\/uploads\/2025\/07\/Advocacy-reports-FR-768x569.png 768w, https:\/\/physiotherapy.ca\/app\/uploads\/2025\/07\/Advocacy-reports-FR-270x200.png 270w, https:\/\/physiotherapy.ca\/app\/uploads\/2025\/07\/Advocacy-reports-FR-600x444.png 600w, https:\/\/physiotherapy.ca\/app\/uploads\/2025\/07\/Advocacy-reports-FR.png 1080w\" sizes=\"auto, (max-width: 1024px) 100vw, 1024px\" \/><\/a><\/figure><\/div>\n\n\n\n<hr class=\"wp-block-separator has-alpha-channel-opacity is-style-dots\"\/>\n\n\n\n<div class=\"wp-block-media-text is-stacked-on-mobile\"><figure class=\"wp-block-media-text__media\"><a href=\"https:\/\/physiotherapy.ca\/fr\/membership-fr\/sections\/\"><img loading=\"lazy\" decoding=\"async\" width=\"1024\" height=\"759\" src=\"https:\/\/physiotherapy.ca\/app\/uploads\/2025\/07\/Advocacy-Branches-FR-1024x759.png\" alt=\"\" class=\"wp-image-274362 size-full\" srcset=\"https:\/\/physiotherapy.ca\/app\/uploads\/2025\/07\/Advocacy-Branches-FR-1024x759.png 1024w, https:\/\/physiotherapy.ca\/app\/uploads\/2025\/07\/Advocacy-Branches-FR-300x222.png 300w, https:\/\/physiotherapy.ca\/app\/uploads\/2025\/07\/Advocacy-Branches-FR-768x569.png 768w, https:\/\/physiotherapy.ca\/app\/uploads\/2025\/07\/Advocacy-Branches-FR-270x200.png 270w, https:\/\/physiotherapy.ca\/app\/uploads\/2025\/07\/Advocacy-Branches-FR-600x444.png 600w, https:\/\/physiotherapy.ca\/app\/uploads\/2025\/07\/Advocacy-Branches-FR.png 1080w\" sizes=\"auto, (max-width: 1024px) 100vw, 1024px\" \/><\/a><\/figure><div class=\"wp-block-media-text__content\">\n<h3 class=\"wp-block-heading\">Repr\u00e9sentation des sections en action&nbsp;<\/h3>\n\n\n\n<p>L\u2019ACP travaille en \u00e9troite collaboration avec ses <a href=\"https:\/\/physiotherapy.ca\/fr\/membership-fr\/sections\/\">sections pour promouvoir le changement \u00e0 l\u2019\u00e9chelle provinciale et territoriale<\/a>. Des mod\u00e8les de financement \u00e0 l\u2019acc\u00e8s public, nous nous attaquons aux enjeux les plus importants dans votre r\u00e9gion.&nbsp;<\/p>\n<\/div><\/div>\n\n\n\n<hr class=\"wp-block-separator has-alpha-channel-opacity is-style-dots\"\/>\n\n\n\n<h3 class=\"wp-block-heading\">La repr\u00e9sentation est plus efficace lorsque nous travaillons ensemble. Joignez-vous \u00e0 l\u2019ACP et contribuez \u00e0 fa\u00e7onner l\u2019avenir de la physioth\u00e9rapie au Canada.&nbsp;<\/h3>\n","protected":false},"excerpt":{"rendered":"<p>Votre voix en action. Un plaidoyer efficace.&nbsp;&nbsp; En tant que membre de l\u2019ACP, vous faites partie d\u2019un puissant mouvement national qui \u0153uvre \u00e0 l\u2019avancement de la profession de physioth\u00e9rapeute et \u00e0 l\u2019am\u00e9lioration de l\u2019acc\u00e8s \u00e0 des soins de qualit\u00e9 pour [&hellip;]<\/p>\n","protected":false},"author":30528,"featured_media":0,"parent":275262,"menu_order":5,"comment_status":"closed","ping_status":"closed","template":"page-templates\/page-grid-landing.php","meta":{"inline_featured_image":false,"ep_exclude_from_search":false,"footnotes":""},"topic":[],"class_list":["post-274349","page","type-page","status-publish","hentry"],"acf":[],"yoast_head":"<!-- This site is optimized with the Yoast SEO plugin v24.7 - https:\/\/yoast.com\/wordpress\/plugins\/seo\/ -->\n<title>\u00c0 propos du\u00a0plaidoyer - Canadian Physiotherapy Association<\/title>\n<meta name=\"robots\" content=\"index, follow, max-snippet:-1, max-image-preview:large, max-video-preview:-1\" \/>\n<link rel=\"canonical\" href=\"https:\/\/physiotherapy.ca\/fr\/representation-2\/a-propos-plaidoyer\/\" \/>\n<meta property=\"og:locale\" content=\"fr_FR\" \/>\n<meta property=\"og:type\" content=\"article\" \/>\n<meta property=\"og:title\" content=\"\u00c0 propos du\u00a0plaidoyer - Canadian Physiotherapy Association\" \/>\n<meta property=\"og:description\" content=\"Votre voix en action. Un plaidoyer efficace.&nbsp;&nbsp; En tant que membre de l\u2019ACP, vous faites partie d\u2019un puissant mouvement national qui \u0153uvre \u00e0 l\u2019avancement de la profession de physioth\u00e9rapeute et \u00e0 l\u2019am\u00e9lioration de l\u2019acc\u00e8s \u00e0 des soins de qualit\u00e9 pour [&hellip;]\" \/>\n<meta property=\"og:url\" content=\"https:\/\/physiotherapy.ca\/fr\/representation-2\/a-propos-plaidoyer\/\" \/>\n<meta property=\"og:site_name\" content=\"Canadian Physiotherapy Association\" \/>\n<meta property=\"article:modified_time\" content=\"2025-08-12T13:42:35+00:00\" \/>\n<meta property=\"og:image\" content=\"https:\/\/physiotherapy.ca\/app\/uploads\/2025\/08\/Website-pics-1.png\" \/>\n\t<meta property=\"og:image:width\" content=\"1080\" \/>\n\t<meta property=\"og:image:height\" content=\"800\" \/>\n\t<meta property=\"og:image:type\" content=\"image\/png\" \/>\n<meta name=\"twitter:card\" content=\"summary_large_image\" \/>\n<meta name=\"twitter:label1\" content=\"Est. reading time\" \/>\n\t<meta name=\"twitter:data1\" content=\"2 minutes\" \/>\n<script type=\"application\/ld+json\" class=\"yoast-schema-graph\">{\"@context\":\"https:\/\/schema.org\",\"@graph\":[{\"@type\":\"WebPage\",\"@id\":\"https:\/\/physiotherapy.ca\/fr\/representation-2\/a-propos-plaidoyer\/\",\"url\":\"https:\/\/physiotherapy.ca\/fr\/representation-2\/a-propos-plaidoyer\/\",\"name\":\"\u00c0 propos du\u00a0plaidoyer - Canadian Physiotherapy Association\",\"isPartOf\":{\"@id\":\"https:\/\/physiotherapy.ca\/#website\"},\"primaryImageOfPage\":{\"@id\":\"https:\/\/physiotherapy.ca\/fr\/representation-2\/a-propos-plaidoyer\/#primaryimage\"},\"image\":{\"@id\":\"https:\/\/physiotherapy.ca\/fr\/representation-2\/a-propos-plaidoyer\/#primaryimage\"},\"thumbnailUrl\":\"https:\/\/physiotherapy.ca\/app\/uploads\/2025\/08\/Website-pics-1-1024x759.png\",\"datePublished\":\"2025-08-05T14:16:51+00:00\",\"dateModified\":\"2025-08-12T13:42:35+00:00\",\"breadcrumb\":{\"@id\":\"https:\/\/physiotherapy.ca\/fr\/representation-2\/a-propos-plaidoyer\/#breadcrumb\"},\"inLanguage\":\"fr-FR\",\"potentialAction\":[{\"@type\":\"ReadAction\",\"target\":[\"https:\/\/physiotherapy.ca\/fr\/representation-2\/a-propos-plaidoyer\/\"]}]},{\"@type\":\"ImageObject\",\"inLanguage\":\"fr-FR\",\"@id\":\"https:\/\/physiotherapy.ca\/fr\/representation-2\/a-propos-plaidoyer\/#primaryimage\",\"url\":\"https:\/\/physiotherapy.ca\/app\/uploads\/2025\/08\/Website-pics-1-1024x759.png\",\"contentUrl\":\"https:\/\/physiotherapy.ca\/app\/uploads\/2025\/08\/Website-pics-1-1024x759.png\"},{\"@type\":\"BreadcrumbList\",\"@id\":\"https:\/\/physiotherapy.ca\/fr\/representation-2\/a-propos-plaidoyer\/#breadcrumb\",\"itemListElement\":[{\"@type\":\"ListItem\",\"position\":1,\"name\":\"Home\",\"item\":\"https:\/\/physiotherapy.ca\/fr\/\"},{\"@type\":\"ListItem\",\"position\":2,\"name\":\"Repr\u00e9sentation\",\"item\":\"https:\/\/physiotherapy.ca\/fr\/representation-2\/\"},{\"@type\":\"ListItem\",\"position\":3,\"name\":\"\u00c0 propos du\u00a0plaidoyer\"}]},{\"@type\":\"WebSite\",\"@id\":\"https:\/\/physiotherapy.ca\/#website\",\"url\":\"https:\/\/physiotherapy.ca\/\",\"name\":\"Canadian Physiotherapy Association\",\"description\":\"The Canadian Physiotherapy Association (CPA) represents over 16,000 physiotherapy professionals and students across Canada.\",\"potentialAction\":[{\"@type\":\"SearchAction\",\"target\":{\"@type\":\"EntryPoint\",\"urlTemplate\":\"https:\/\/physiotherapy.ca\/?s={search_term_string}\"},\"query-input\":{\"@type\":\"PropertyValueSpecification\",\"valueRequired\":true,\"valueName\":\"search_term_string\"}}],\"inLanguage\":\"fr-FR\"}]}<\/script>\n<!-- \/ Yoast SEO plugin. -->","yoast_head_json":{"title":"\u00c0 propos du\u00a0plaidoyer - Canadian Physiotherapy Association","robots":{"index":"index","follow":"follow","max-snippet":"max-snippet:-1","max-image-preview":"max-image-preview:large","max-video-preview":"max-video-preview:-1"},"canonical":"https:\/\/physiotherapy.ca\/fr\/representation-2\/a-propos-plaidoyer\/","og_locale":"fr_FR","og_type":"article","og_title":"\u00c0 propos du\u00a0plaidoyer - Canadian Physiotherapy Association","og_description":"Votre voix en action. Un plaidoyer efficace.&nbsp;&nbsp; En tant que membre de l\u2019ACP, vous faites partie d\u2019un puissant mouvement national qui \u0153uvre \u00e0 l\u2019avancement de la profession de physioth\u00e9rapeute et \u00e0 l\u2019am\u00e9lioration de l\u2019acc\u00e8s \u00e0 des soins de qualit\u00e9 pour [&hellip;]","og_url":"https:\/\/physiotherapy.ca\/fr\/representation-2\/a-propos-plaidoyer\/","og_site_name":"Canadian Physiotherapy Association","article_modified_time":"2025-08-12T13:42:35+00:00","og_image":[{"width":1080,"height":800,"url":"https:\/\/physiotherapy.ca\/app\/uploads\/2025\/08\/Website-pics-1.png","type":"image\/png"}],"twitter_card":"summary_large_image","twitter_misc":{"Est. reading time":"2 minutes"},"schema":{"@context":"https:\/\/schema.org","@graph":[{"@type":"WebPage","@id":"https:\/\/physiotherapy.ca\/fr\/representation-2\/a-propos-plaidoyer\/","url":"https:\/\/physiotherapy.ca\/fr\/representation-2\/a-propos-plaidoyer\/","name":"\u00c0 propos du\u00a0plaidoyer - Canadian Physiotherapy Association","isPartOf":{"@id":"https:\/\/physiotherapy.ca\/#website"},"primaryImageOfPage":{"@id":"https:\/\/physiotherapy.ca\/fr\/representation-2\/a-propos-plaidoyer\/#primaryimage"},"image":{"@id":"https:\/\/physiotherapy.ca\/fr\/representation-2\/a-propos-plaidoyer\/#primaryimage"},"thumbnailUrl":"https:\/\/physiotherapy.ca\/app\/uploads\/2025\/08\/Website-pics-1-1024x759.png","datePublished":"2025-08-05T14:16:51+00:00","dateModified":"2025-08-12T13:42:35+00:00","breadcrumb":{"@id":"https:\/\/physiotherapy.ca\/fr\/representation-2\/a-propos-plaidoyer\/#breadcrumb"},"inLanguage":"fr-FR","potentialAction":[{"@type":"ReadAction","target":["https:\/\/physiotherapy.ca\/fr\/representation-2\/a-propos-plaidoyer\/"]}]},{"@type":"ImageObject","inLanguage":"fr-FR","@id":"https:\/\/physiotherapy.ca\/fr\/representation-2\/a-propos-plaidoyer\/#primaryimage","url":"https:\/\/physiotherapy.ca\/app\/uploads\/2025\/08\/Website-pics-1-1024x759.png","contentUrl":"https:\/\/physiotherapy.ca\/app\/uploads\/2025\/08\/Website-pics-1-1024x759.png"},{"@type":"BreadcrumbList","@id":"https:\/\/physiotherapy.ca\/fr\/representation-2\/a-propos-plaidoyer\/#breadcrumb","itemListElement":[{"@type":"ListItem","position":1,"name":"Home","item":"https:\/\/physiotherapy.ca\/fr\/"},{"@type":"ListItem","position":2,"name":"Repr\u00e9sentation","item":"https:\/\/physiotherapy.ca\/fr\/representation-2\/"},{"@type":"ListItem","position":3,"name":"\u00c0 propos du\u00a0plaidoyer"}]},{"@type":"WebSite","@id":"https:\/\/physiotherapy.ca\/#website","url":"https:\/\/physiotherapy.ca\/","name":"Canadian Physiotherapy Association","description":"The Canadian Physiotherapy Association (CPA) represents over 16,000 physiotherapy professionals and students across Canada.","potentialAction":[{"@type":"SearchAction","target":{"@type":"EntryPoint","urlTemplate":"https:\/\/physiotherapy.ca\/?s={search_term_string}"},"query-input":{"@type":"PropertyValueSpecification","valueRequired":true,"valueName":"search_term_string"}}],"inLanguage":"fr-FR"}]}},"_links":{"self":[{"href":"https:\/\/physiotherapy.ca\/fr\/wp-json\/wp\/v2\/pages\/274349","targetHints":{"allow":["GET"]}}],"collection":[{"href":"https:\/\/physiotherapy.ca\/fr\/wp-json\/wp\/v2\/pages"}],"about":[{"href":"https:\/\/physiotherapy.ca\/fr\/wp-json\/wp\/v2\/types\/page"}],"author":[{"embeddable":true,"href":"https:\/\/physiotherapy.ca\/fr\/wp-json\/wp\/v2\/users\/30528"}],"replies":[{"embeddable":true,"href":"https:\/\/physiotherapy.ca\/fr\/wp-json\/wp\/v2\/comments?post=274349"}],"version-history":[{"count":12,"href":"https:\/\/physiotherapy.ca\/fr\/wp-json\/wp\/v2\/pages\/274349\/revisions"}],"predecessor-version":[{"id":275819,"href":"https:\/\/physiotherapy.ca\/fr\/wp-json\/wp\/v2\/pages\/274349\/revisions\/275819"}],"up":[{"embeddable":true,"href":"https:\/\/physiotherapy.ca\/fr\/wp-json\/wp\/v2\/pages\/275262"}],"wp:attachment":[{"href":"https:\/\/physiotherapy.ca\/fr\/wp-json\/wp\/v2\/media?parent=274349"}],"wp:term":[{"taxonomy":"topic","embeddable":true,"href":"https:\/\/physiotherapy.ca\/fr\/wp-json\/wp\/v2\/topic?post=274349"}],"curies":[{"name":"wp","href":"https:\/\/api.w.org\/{rel}","templated":true}]}}