{"id":274353,"date":"2025-08-05T10:24:58","date_gmt":"2025-08-05T14:24:58","guid":{"rendered":"https:\/\/physiotherapy.ca\/?page_id=274353"},"modified":"2025-08-21T10:11:30","modified_gmt":"2025-08-21T14:11:30","slug":"propos-des-avantages-pour-les-membres","status":"publish","type":"page","link":"https:\/\/physiotherapy.ca\/fr\/membership-fr\/propos-des-avantages-pour-les-membres\/","title":{"rendered":"\u00c0 propos des avantages pour les membres"},"content":{"rendered":"\n<h2 class=\"wp-block-heading\">Valeur r\u00e9elle. Avantages concrets. Acc\u00e8s r\u00e9serv\u00e9 aux membres.&nbsp;<\/h2>\n\n\n\n<p>L\u2019adh\u00e9sion \u00e0 l\u2019ACP est bien plus qu\u2019un simple lien avec votre profession\u202f: c\u2019est un investissement judicieux pour votre bien-\u00eatre personnel et professionnel. Des r\u00e9ductions exclusives aux ressources et services essentiels, nous sommes l\u00e0 pour vous aider \u00e0 r\u00e9ussir, \u00e0 \u00e9conomiser et \u00e0 prosp\u00e9rer.&nbsp;<\/p>\n\n\n\n<p>En tant que membre de l\u2019ACP, vous acc\u00e9dez \u00e0 une gamme d\u2019avantages personnalis\u00e9s con\u00e7us pour vous accompagner \u00e0 chaque \u00e9tape de votre carri\u00e8re\u202f:&nbsp;<\/p>\n\n\n\n<hr class=\"wp-block-separator has-alpha-channel-opacity is-style-dots\"\/>\n\n\n\n<div class=\"wp-block-media-text is-stacked-on-mobile\"><figure class=\"wp-block-media-text__media\"><a href=\"https:\/\/physiotherapy.ca\/fr\/membership-fr\/rabais-et-privileges\/\"><img loading=\"lazy\" decoding=\"async\" width=\"1024\" height=\"759\" src=\"https:\/\/physiotherapy.ca\/app\/uploads\/2025\/07\/Member-Benefits-saving-FR-1024x759.png\" alt=\"\" class=\"wp-image-274372 size-full\" srcset=\"https:\/\/physiotherapy.ca\/app\/uploads\/2025\/07\/Member-Benefits-saving-FR-1024x759.png 1024w, https:\/\/physiotherapy.ca\/app\/uploads\/2025\/07\/Member-Benefits-saving-FR-300x222.png 300w, https:\/\/physiotherapy.ca\/app\/uploads\/2025\/07\/Member-Benefits-saving-FR-768x569.png 768w, https:\/\/physiotherapy.ca\/app\/uploads\/2025\/07\/Member-Benefits-saving-FR-270x200.png 270w, https:\/\/physiotherapy.ca\/app\/uploads\/2025\/07\/Member-Benefits-saving-FR-600x444.png 600w, https:\/\/physiotherapy.ca\/app\/uploads\/2025\/07\/Member-Benefits-saving-FR.png 1080w\" sizes=\"auto, (max-width: 1024px) 100vw, 1024px\" \/><\/a><\/figure><div class=\"wp-block-media-text__content\">\n<h3 class=\"wp-block-heading\">\u00c9conomies exclusives&nbsp;<\/h3>\n\n\n\n<p>Profitez de r\u00e9ductions importantes sur une large gamme de produits et services, notamment\u202f:&nbsp;<\/p>\n\n\n\n<ul class=\"wp-block-list\">\n<li><a href=\"https:\/\/physiotherapy.ca\/fr\/membership-fr\/divisions-2\/\">Responsabilit\u00e9 civile professionnelle<\/a> et <a href=\"https:\/\/www.cpa.bmsgroup.com\/fr\/accueil.html\" target=\"_blank\" rel=\"noreferrer noopener\">assurance commerciale<\/a>;&nbsp;<\/li>\n<\/ul>\n\n\n\n<ul class=\"wp-block-list\">\n<li><a href=\"https:\/\/physiotherapy.ca\/fr\/membership-fr\/rabais-et-privileges\/assurance-manuvie\/\">Assurances maladie compl\u00e9mentaire, dentaire, vie et invalidit\u00e9<\/a>;&nbsp;<\/li>\n<\/ul>\n\n\n\n<ul class=\"wp-block-list\">\n<li><a href=\"https:\/\/physiotherapy.ca\/fr\/membership-fr\/rabais-et-privileges\/\">Solutions d\u2019entreprise et outils de gestion clinique<\/a>;&nbsp;<\/li>\n<\/ul>\n\n\n\n<ul class=\"wp-block-list\">\n<li><a href=\"https:\/\/physiotherapy.ca\/fr\/membership-fr\/rabais-et-privileges\/\">Offres \u00e9ducatives et formation continue<\/a>;&nbsp;<\/li>\n<\/ul>\n\n\n\n<ul class=\"wp-block-list\">\n<li><a href=\"https:\/\/physiotherapy.ca\/fr\/membership-fr\/rabais-et-privileges\/\">R\u00e9ductions sur les achats au d\u00e9tail et les voyages nationaux<\/a>.&nbsp;<\/li>\n<\/ul>\n<\/div><\/div>\n\n\n\n<hr class=\"wp-block-separator has-alpha-channel-opacity is-style-dots\"\/>\n\n\n\n<div class=\"wp-block-media-text has-media-on-the-right is-stacked-on-mobile\"><div class=\"wp-block-media-text__content\">\n<h3 class=\"wp-block-heading\">Couverture d\u2019assurance fiable&nbsp;<\/h3>\n\n\n\n<p>Gr\u00e2ce \u00e0 notre partenariat avec <a href=\"https:\/\/www.cpa.bmsgroup.com\/fr\/accueil.html\" target=\"_blank\" rel=\"noreferrer noopener\">BMS<\/a>, l\u2019ACP offre des produits d\u2019assurance con\u00e7us sp\u00e9cialement pour les physioth\u00e9rapeutes du Canada, avec une couverture adapt\u00e9e \u00e0 vos exigences r\u00e9glementaires, \u00e0 votre milieu de pratique et \u00e0 l\u2019\u00e9volution de votre champ de pratique.&nbsp;<\/p>\n<\/div><figure class=\"wp-block-media-text__media\"><a href=\"https:\/\/physiotherapy.ca\/fr\/membership-fr\/assurance-2\/\"><img loading=\"lazy\" decoding=\"async\" width=\"1024\" height=\"759\" src=\"https:\/\/physiotherapy.ca\/app\/uploads\/2025\/07\/Member-Benefits-insurance-FR-1024x759.png\" alt=\"\" class=\"wp-image-274374 size-full\" srcset=\"https:\/\/physiotherapy.ca\/app\/uploads\/2025\/07\/Member-Benefits-insurance-FR-1024x759.png 1024w, https:\/\/physiotherapy.ca\/app\/uploads\/2025\/07\/Member-Benefits-insurance-FR-300x222.png 300w, https:\/\/physiotherapy.ca\/app\/uploads\/2025\/07\/Member-Benefits-insurance-FR-768x569.png 768w, https:\/\/physiotherapy.ca\/app\/uploads\/2025\/07\/Member-Benefits-insurance-FR-270x200.png 270w, https:\/\/physiotherapy.ca\/app\/uploads\/2025\/07\/Member-Benefits-insurance-FR-600x444.png 600w, https:\/\/physiotherapy.ca\/app\/uploads\/2025\/07\/Member-Benefits-insurance-FR.png 1080w\" sizes=\"auto, (max-width: 1024px) 100vw, 1024px\" \/><\/a><\/figure><\/div>\n\n\n\n<hr class=\"wp-block-separator has-alpha-channel-opacity is-style-dots\"\/>\n\n\n\n<div class=\"wp-block-media-text is-stacked-on-mobile\"><figure class=\"wp-block-media-text__media\"><a href=\"https:\/\/physiotherapy.ca\/congress-2026\/\"><img loading=\"lazy\" decoding=\"async\" width=\"1024\" height=\"759\" src=\"https:\/\/physiotherapy.ca\/app\/uploads\/2025\/07\/Member-Benefits-events-FR-1024x759.png\" alt=\"\" class=\"wp-image-274376 size-full\" srcset=\"https:\/\/physiotherapy.ca\/app\/uploads\/2025\/07\/Member-Benefits-events-FR-1024x759.png 1024w, https:\/\/physiotherapy.ca\/app\/uploads\/2025\/07\/Member-Benefits-events-FR-300x222.png 300w, https:\/\/physiotherapy.ca\/app\/uploads\/2025\/07\/Member-Benefits-events-FR-768x569.png 768w, https:\/\/physiotherapy.ca\/app\/uploads\/2025\/07\/Member-Benefits-events-FR-270x200.png 270w, https:\/\/physiotherapy.ca\/app\/uploads\/2025\/07\/Member-Benefits-events-FR-600x444.png 600w, https:\/\/physiotherapy.ca\/app\/uploads\/2025\/07\/Member-Benefits-events-FR.png 1080w\" sizes=\"auto, (max-width: 1024px) 100vw, 1024px\" \/><\/a><\/figure><div class=\"wp-block-media-text__content\">\n<h3 class=\"wp-block-heading\">Acc\u00e8s aux \u00e9v\u00e9nements et possibilit\u00e9s d\u2019apprentissage&nbsp;<\/h3>\n\n\n\n<p>Votre adh\u00e9sion donne acc\u00e8s \u00e0 des \u00e9v\u00e9nements de grande valeur comme le <a href=\"https:\/\/physiotherapy.ca\/congress-2026\/\">Congr\u00e8s de l\u2019ACP<\/a>, o\u00f9 les professionnels de la physioth\u00e9rapie se r\u00e9unissent pour approfondir leurs connaissances, b\u00e2tir des r\u00e9seaux et c\u00e9l\u00e9brer l\u2019impact de leur travail collectif.&nbsp;<\/p>\n<\/div><\/div>\n\n\n\n<hr class=\"wp-block-separator has-alpha-channel-opacity is-style-dots\"\/>\n\n\n\n<div class=\"wp-block-media-text has-media-on-the-right is-stacked-on-mobile\"><div class=\"wp-block-media-text__content\">\n<h3 class=\"wp-block-heading\"><strong>\u00c9changez, collaborez et \u00e9panouissez-vous<\/strong>&nbsp;<\/h3>\n\n\n\n<p>Gr\u00e2ce \u00e0 votre adh\u00e9sion \u00e0 l\u2019ACP, qui comprend l\u2019adh\u00e9sion automatique \u00e0 votre<strong> <\/strong><a href=\"https:\/\/physiotherapy.ca\/fr\/membership-fr\/sections\/\">section provinciale ou territoriale<\/a> et l\u2019acc\u00e8s aux <a href=\"https:\/\/physiotherapy.ca\/fr\/membership-fr\/divisions-2\/\">divisions et assembl\u00e9es<\/a> de l\u2019ACP, vous faites partie d\u2019un puissant r\u00e9seau national qui vous met en contact avec des professionnels de la physioth\u00e9rapie des quatre coins du pays. Gr\u00e2ce \u00e0 votre section, votre division ou l\u2019Assembl\u00e9e des \u00e9tudiants, vous allez trouver des cliniciens, des chercheurs et des formateurs qui am\u00e8nent des changements, transforment les donn\u00e9es probantes en pratique et qui fa\u00e7onnent l\u2019avenir des soins de sant\u00e9 au Canada.\u00a0<\/p>\n\n\n\n<p>Une nouveaut\u00e9 cette ann\u00e9e\u202f: l\u2019ACP est heureuse d\u2019offrir du contenu ax\u00e9 sur le leadership, des id\u00e9es, du perfectionnement professionnel et des occasions de r\u00e9seautage, exclusivement pour les membres et sans frais suppl\u00e9mentaires.&nbsp;<\/p>\n<\/div><figure class=\"wp-block-media-text__media\"><a href=\"https:\/\/physiotherapy.ca\/fr\/membership-fr\/sections\/\"><img loading=\"lazy\" decoding=\"async\" width=\"1024\" height=\"759\" src=\"https:\/\/physiotherapy.ca\/app\/uploads\/2025\/08\/PD-Branch-FR-1024x759.png\" alt=\"\" class=\"wp-image-276308 size-full\" srcset=\"https:\/\/physiotherapy.ca\/app\/uploads\/2025\/08\/PD-Branch-FR-1024x759.png 1024w, https:\/\/physiotherapy.ca\/app\/uploads\/2025\/08\/PD-Branch-FR-300x222.png 300w, https:\/\/physiotherapy.ca\/app\/uploads\/2025\/08\/PD-Branch-FR-768x569.png 768w, https:\/\/physiotherapy.ca\/app\/uploads\/2025\/08\/PD-Branch-FR-270x200.png 270w, https:\/\/physiotherapy.ca\/app\/uploads\/2025\/08\/PD-Branch-FR-600x444.png 600w, https:\/\/physiotherapy.ca\/app\/uploads\/2025\/08\/PD-Branch-FR.png 1080w\" sizes=\"auto, (max-width: 1024px) 100vw, 1024px\" \/><\/a><\/figure><\/div>\n\n\n\n<hr class=\"wp-block-separator has-alpha-channel-opacity is-style-dots\"\/>\n\n\n\n<h3 class=\"wp-block-heading\">Optimisez votre adh\u00e9sion. D\u00e9couvrez tous les avantages de faire partie de la communaut\u00e9 nationale de la physioth\u00e9rapie au Canada.&nbsp;<\/h3>\n\n\n\n<p><\/p>\n","protected":false},"excerpt":{"rendered":"<p>Valeur r\u00e9elle. Avantages concrets. Acc\u00e8s r\u00e9serv\u00e9 aux membres.&nbsp; L\u2019adh\u00e9sion \u00e0 l\u2019ACP est bien plus qu\u2019un simple lien avec votre profession\u202f: c\u2019est un investissement judicieux pour votre bien-\u00eatre personnel et professionnel. Des r\u00e9ductions exclusives aux ressources et services essentiels, nous sommes [&hellip;]<\/p>\n","protected":false},"author":30528,"featured_media":0,"parent":2178,"menu_order":5,"comment_status":"closed","ping_status":"closed","template":"page-templates\/page-grid-landing.php","meta":{"inline_featured_image":false,"ep_exclude_from_search":false,"footnotes":""},"topic":[],"class_list":["post-274353","page","type-page","status-publish","hentry"],"acf":[],"yoast_head":"<!-- This site is optimized with the Yoast SEO plugin v24.7 - https:\/\/yoast.com\/wordpress\/plugins\/seo\/ -->\n<title>\u00c0 propos des avantages pour les membres - Canadian Physiotherapy Association<\/title>\n<meta name=\"robots\" content=\"index, follow, max-snippet:-1, max-image-preview:large, max-video-preview:-1\" \/>\n<link rel=\"canonical\" href=\"https:\/\/physiotherapy.ca\/fr\/membership-fr\/propos-des-avantages-pour-les-membres\/\" \/>\n<meta property=\"og:locale\" content=\"fr_FR\" \/>\n<meta property=\"og:type\" content=\"article\" \/>\n<meta property=\"og:title\" content=\"\u00c0 propos des avantages pour les membres - Canadian Physiotherapy Association\" \/>\n<meta property=\"og:description\" content=\"Valeur r\u00e9elle. Avantages concrets. Acc\u00e8s r\u00e9serv\u00e9 aux membres.&nbsp; L\u2019adh\u00e9sion \u00e0 l\u2019ACP est bien plus qu\u2019un simple lien avec votre profession\u202f: c\u2019est un investissement judicieux pour votre bien-\u00eatre personnel et professionnel. Des r\u00e9ductions exclusives aux ressources et services essentiels, nous sommes [&hellip;]\" \/>\n<meta property=\"og:url\" content=\"https:\/\/physiotherapy.ca\/fr\/membership-fr\/propos-des-avantages-pour-les-membres\/\" \/>\n<meta property=\"og:site_name\" content=\"Canadian Physiotherapy Association\" \/>\n<meta property=\"article:modified_time\" content=\"2025-08-21T14:11:30+00:00\" \/>\n<meta property=\"og:image\" content=\"https:\/\/physiotherapy.ca\/app\/uploads\/2025\/07\/Member-Benefits-saving-FR.png\" \/>\n\t<meta property=\"og:image:width\" content=\"1080\" \/>\n\t<meta property=\"og:image:height\" content=\"800\" \/>\n\t<meta property=\"og:image:type\" content=\"image\/png\" \/>\n<meta name=\"twitter:card\" content=\"summary_large_image\" \/>\n<meta name=\"twitter:label1\" content=\"Est. reading time\" \/>\n\t<meta name=\"twitter:data1\" content=\"3 minutes\" \/>\n<script type=\"application\/ld+json\" class=\"yoast-schema-graph\">{\"@context\":\"https:\/\/schema.org\",\"@graph\":[{\"@type\":\"WebPage\",\"@id\":\"https:\/\/physiotherapy.ca\/fr\/membership-fr\/propos-des-avantages-pour-les-membres\/\",\"url\":\"https:\/\/physiotherapy.ca\/fr\/membership-fr\/propos-des-avantages-pour-les-membres\/\",\"name\":\"\u00c0 propos des avantages pour les membres - Canadian Physiotherapy Association\",\"isPartOf\":{\"@id\":\"https:\/\/physiotherapy.ca\/#website\"},\"primaryImageOfPage\":{\"@id\":\"https:\/\/physiotherapy.ca\/fr\/membership-fr\/propos-des-avantages-pour-les-membres\/#primaryimage\"},\"image\":{\"@id\":\"https:\/\/physiotherapy.ca\/fr\/membership-fr\/propos-des-avantages-pour-les-membres\/#primaryimage\"},\"thumbnailUrl\":\"https:\/\/physiotherapy.ca\/app\/uploads\/2025\/07\/Member-Benefits-saving-FR-1024x759.png\",\"datePublished\":\"2025-08-05T14:24:58+00:00\",\"dateModified\":\"2025-08-21T14:11:30+00:00\",\"breadcrumb\":{\"@id\":\"https:\/\/physiotherapy.ca\/fr\/membership-fr\/propos-des-avantages-pour-les-membres\/#breadcrumb\"},\"inLanguage\":\"fr-FR\",\"potentialAction\":[{\"@type\":\"ReadAction\",\"target\":[\"https:\/\/physiotherapy.ca\/fr\/membership-fr\/propos-des-avantages-pour-les-membres\/\"]}]},{\"@type\":\"ImageObject\",\"inLanguage\":\"fr-FR\",\"@id\":\"https:\/\/physiotherapy.ca\/fr\/membership-fr\/propos-des-avantages-pour-les-membres\/#primaryimage\",\"url\":\"https:\/\/physiotherapy.ca\/app\/uploads\/2025\/07\/Member-Benefits-saving-FR-1024x759.png\",\"contentUrl\":\"https:\/\/physiotherapy.ca\/app\/uploads\/2025\/07\/Member-Benefits-saving-FR-1024x759.png\"},{\"@type\":\"BreadcrumbList\",\"@id\":\"https:\/\/physiotherapy.ca\/fr\/membership-fr\/propos-des-avantages-pour-les-membres\/#breadcrumb\",\"itemListElement\":[{\"@type\":\"ListItem\",\"position\":1,\"name\":\"Home\",\"item\":\"https:\/\/physiotherapy.ca\/fr\/\"},{\"@type\":\"ListItem\",\"position\":2,\"name\":\"Membership FR\",\"item\":\"https:\/\/physiotherapy.ca\/fr\/membership-fr\/\"},{\"@type\":\"ListItem\",\"position\":3,\"name\":\"\u00c0 propos des avantages pour les membres\"}]},{\"@type\":\"WebSite\",\"@id\":\"https:\/\/physiotherapy.ca\/#website\",\"url\":\"https:\/\/physiotherapy.ca\/\",\"name\":\"Canadian Physiotherapy Association\",\"description\":\"The Canadian Physiotherapy Association (CPA) represents over 16,000 physiotherapy professionals and students across Canada.\",\"potentialAction\":[{\"@type\":\"SearchAction\",\"target\":{\"@type\":\"EntryPoint\",\"urlTemplate\":\"https:\/\/physiotherapy.ca\/?s={search_term_string}\"},\"query-input\":{\"@type\":\"PropertyValueSpecification\",\"valueRequired\":true,\"valueName\":\"search_term_string\"}}],\"inLanguage\":\"fr-FR\"}]}<\/script>\n<!-- \/ Yoast SEO plugin. -->","yoast_head_json":{"title":"\u00c0 propos des avantages pour les membres - Canadian Physiotherapy Association","robots":{"index":"index","follow":"follow","max-snippet":"max-snippet:-1","max-image-preview":"max-image-preview:large","max-video-preview":"max-video-preview:-1"},"canonical":"https:\/\/physiotherapy.ca\/fr\/membership-fr\/propos-des-avantages-pour-les-membres\/","og_locale":"fr_FR","og_type":"article","og_title":"\u00c0 propos des avantages pour les membres - Canadian Physiotherapy Association","og_description":"Valeur r\u00e9elle. Avantages concrets. Acc\u00e8s r\u00e9serv\u00e9 aux membres.&nbsp; L\u2019adh\u00e9sion \u00e0 l\u2019ACP est bien plus qu\u2019un simple lien avec votre profession\u202f: c\u2019est un investissement judicieux pour votre bien-\u00eatre personnel et professionnel. Des r\u00e9ductions exclusives aux ressources et services essentiels, nous sommes [&hellip;]","og_url":"https:\/\/physiotherapy.ca\/fr\/membership-fr\/propos-des-avantages-pour-les-membres\/","og_site_name":"Canadian Physiotherapy Association","article_modified_time":"2025-08-21T14:11:30+00:00","og_image":[{"width":1080,"height":800,"url":"https:\/\/physiotherapy.ca\/app\/uploads\/2025\/07\/Member-Benefits-saving-FR.png","type":"image\/png"}],"twitter_card":"summary_large_image","twitter_misc":{"Est. reading time":"3 minutes"},"schema":{"@context":"https:\/\/schema.org","@graph":[{"@type":"WebPage","@id":"https:\/\/physiotherapy.ca\/fr\/membership-fr\/propos-des-avantages-pour-les-membres\/","url":"https:\/\/physiotherapy.ca\/fr\/membership-fr\/propos-des-avantages-pour-les-membres\/","name":"\u00c0 propos des avantages pour les membres - Canadian Physiotherapy Association","isPartOf":{"@id":"https:\/\/physiotherapy.ca\/#website"},"primaryImageOfPage":{"@id":"https:\/\/physiotherapy.ca\/fr\/membership-fr\/propos-des-avantages-pour-les-membres\/#primaryimage"},"image":{"@id":"https:\/\/physiotherapy.ca\/fr\/membership-fr\/propos-des-avantages-pour-les-membres\/#primaryimage"},"thumbnailUrl":"https:\/\/physiotherapy.ca\/app\/uploads\/2025\/07\/Member-Benefits-saving-FR-1024x759.png","datePublished":"2025-08-05T14:24:58+00:00","dateModified":"2025-08-21T14:11:30+00:00","breadcrumb":{"@id":"https:\/\/physiotherapy.ca\/fr\/membership-fr\/propos-des-avantages-pour-les-membres\/#breadcrumb"},"inLanguage":"fr-FR","potentialAction":[{"@type":"ReadAction","target":["https:\/\/physiotherapy.ca\/fr\/membership-fr\/propos-des-avantages-pour-les-membres\/"]}]},{"@type":"ImageObject","inLanguage":"fr-FR","@id":"https:\/\/physiotherapy.ca\/fr\/membership-fr\/propos-des-avantages-pour-les-membres\/#primaryimage","url":"https:\/\/physiotherapy.ca\/app\/uploads\/2025\/07\/Member-Benefits-saving-FR-1024x759.png","contentUrl":"https:\/\/physiotherapy.ca\/app\/uploads\/2025\/07\/Member-Benefits-saving-FR-1024x759.png"},{"@type":"BreadcrumbList","@id":"https:\/\/physiotherapy.ca\/fr\/membership-fr\/propos-des-avantages-pour-les-membres\/#breadcrumb","itemListElement":[{"@type":"ListItem","position":1,"name":"Home","item":"https:\/\/physiotherapy.ca\/fr\/"},{"@type":"ListItem","position":2,"name":"Membership FR","item":"https:\/\/physiotherapy.ca\/fr\/membership-fr\/"},{"@type":"ListItem","position":3,"name":"\u00c0 propos des avantages pour les membres"}]},{"@type":"WebSite","@id":"https:\/\/physiotherapy.ca\/#website","url":"https:\/\/physiotherapy.ca\/","name":"Canadian Physiotherapy Association","description":"The Canadian Physiotherapy Association (CPA) represents over 16,000 physiotherapy professionals and students across Canada.","potentialAction":[{"@type":"SearchAction","target":{"@type":"EntryPoint","urlTemplate":"https:\/\/physiotherapy.ca\/?s={search_term_string}"},"query-input":{"@type":"PropertyValueSpecification","valueRequired":true,"valueName":"search_term_string"}}],"inLanguage":"fr-FR"}]}},"_links":{"self":[{"href":"https:\/\/physiotherapy.ca\/fr\/wp-json\/wp\/v2\/pages\/274353","targetHints":{"allow":["GET"]}}],"collection":[{"href":"https:\/\/physiotherapy.ca\/fr\/wp-json\/wp\/v2\/pages"}],"about":[{"href":"https:\/\/physiotherapy.ca\/fr\/wp-json\/wp\/v2\/types\/page"}],"author":[{"embeddable":true,"href":"https:\/\/physiotherapy.ca\/fr\/wp-json\/wp\/v2\/users\/30528"}],"replies":[{"embeddable":true,"href":"https:\/\/physiotherapy.ca\/fr\/wp-json\/wp\/v2\/comments?post=274353"}],"version-history":[{"count":10,"href":"https:\/\/physiotherapy.ca\/fr\/wp-json\/wp\/v2\/pages\/274353\/revisions"}],"predecessor-version":[{"id":276311,"href":"https:\/\/physiotherapy.ca\/fr\/wp-json\/wp\/v2\/pages\/274353\/revisions\/276311"}],"up":[{"embeddable":true,"href":"https:\/\/physiotherapy.ca\/fr\/wp-json\/wp\/v2\/pages\/2178"}],"wp:attachment":[{"href":"https:\/\/physiotherapy.ca\/fr\/wp-json\/wp\/v2\/media?parent=274353"}],"wp:term":[{"taxonomy":"topic","embeddable":true,"href":"https:\/\/physiotherapy.ca\/fr\/wp-json\/wp\/v2\/topic?post=274353"}],"curies":[{"name":"wp","href":"https:\/\/api.w.org\/{rel}","templated":true}]}}