{"id":274355,"date":"2025-08-05T10:23:32","date_gmt":"2025-08-05T14:23:32","guid":{"rendered":"https:\/\/physiotherapy.ca\/?page_id=274355"},"modified":"2025-08-21T10:31:58","modified_gmt":"2025-08-21T14:31:58","slug":"perfectionnement-professionnel","status":"publish","type":"page","link":"https:\/\/physiotherapy.ca\/fr\/education-et-evenements\/perfectionnement-professionnel\/","title":{"rendered":"Perfectionnement professionnel\u00a0"},"content":{"rendered":"\n<h2 class=\"wp-block-heading\">Grandir en toute confiance. Apprendre avec d\u00e9termination.&nbsp;<\/h2>\n\n\n\n<p>L\u2019ACP vous accompagne dans votre parcours professionnel gr\u00e2ce \u00e0 des opportunit\u00e9s d\u2019apprentissage et des ressources adapt\u00e9es \u00e0 vos besoins, \u00e0 vos objectifs et \u00e0 votre \u00e9volution professionnelle. Des comp\u00e9tences fondamentales \u00e0 la pratique avanc\u00e9e, nous vous fournissons les outils pour vous aider \u00e0 vous \u00e9panouir.&nbsp;<\/p>\n\n\n\n<p>Que vous soyez \u00e9tudiant, jeune dipl\u00f4m\u00e9, clinicien exp\u00e9riment\u00e9, chercheur ou propri\u00e9taire d\u2019une pratique priv\u00e9e, l\u2019ACP vous propose un perfectionnement professionnel pertinent, fond\u00e9 sur des donn\u00e9es probantes et accessibles.&nbsp;<\/p>\n\n\n\n<hr class=\"wp-block-separator has-alpha-channel-opacity is-style-dots\"\/>\n\n\n\n<div class=\"wp-block-media-text is-stacked-on-mobile\"><figure class=\"wp-block-media-text__media\"><a href=\"https:\/\/physiotherapy.ca\/fr\/membership-fr\/divisions-2\/\"><img loading=\"lazy\" decoding=\"async\" width=\"1024\" height=\"759\" src=\"https:\/\/physiotherapy.ca\/app\/uploads\/2025\/07\/PD-Divisions-FR-1024x759.png\" alt=\"\" class=\"wp-image-274365 size-full\" srcset=\"https:\/\/physiotherapy.ca\/app\/uploads\/2025\/07\/PD-Divisions-FR-1024x759.png 1024w, https:\/\/physiotherapy.ca\/app\/uploads\/2025\/07\/PD-Divisions-FR-300x222.png 300w, https:\/\/physiotherapy.ca\/app\/uploads\/2025\/07\/PD-Divisions-FR-768x569.png 768w, https:\/\/physiotherapy.ca\/app\/uploads\/2025\/07\/PD-Divisions-FR-270x200.png 270w, https:\/\/physiotherapy.ca\/app\/uploads\/2025\/07\/PD-Divisions-FR-600x444.png 600w, https:\/\/physiotherapy.ca\/app\/uploads\/2025\/07\/PD-Divisions-FR.png 1080w\" sizes=\"auto, (max-width: 1024px) 100vw, 1024px\" \/><\/a><\/figure><div class=\"wp-block-media-text__content\">\n<h3 class=\"wp-block-heading\">Opportunit\u00e9s d\u2019apprentissage en division et en assembl\u00e9e&nbsp;<\/h3>\n\n\n\n<p>Avec plus d\u2019une douzaine de <a href=\"https:\/\/physiotherapy.ca\/fr\/membership-fr\/divisions-2\/\">divisions<\/a> et <a href=\"https:\/\/physiotherapy.ca\/fr\/membership-fr\/assemblees\/\">d\u2019assembl\u00e9es<\/a> cliniques et ax\u00e9es sur les int\u00e9r\u00eats, vous pouvez\u202f approfondir votre domaine de pratique;&nbsp;participer \u00e0 des programmes de mentorat;&nbsp;acc\u00e9der \u00e0 des webinaires, revues et groupes de discussion exclusifs et \u00e9changer avec des pairs partageant vos int\u00e9r\u00eats cliniques.&nbsp;<\/p>\n\n\n\n<p>Et cette ann\u00e9e, nous allons encore plus loin. Les membres de l\u2019ACP ont maintenant acc\u00e8s,<strong> sans frais suppl\u00e9mentaires,<\/strong> \u00e0 du contenu ax\u00e9 sur le leadership, des id\u00e9es, du perfectionnement professionnel et des occasions de r\u00e9seautage pour parfaire vos comp\u00e9tences, accro\u00eetre votre influence et vous pr\u00e9parer \u00e0 diriger, pas seulement dans votre pratique, mais dans la profession.&nbsp;<\/p>\n<\/div><\/div>\n\n\n\n<hr class=\"wp-block-separator has-alpha-channel-opacity is-style-dots\"\/>\n\n\n\n<div class=\"wp-block-media-text has-media-on-the-right is-stacked-on-mobile\"><div class=\"wp-block-media-text__content\">\n<h3 class=\"wp-block-heading\">Ressources sur le leadership et la pratique&nbsp;&nbsp;<\/h3>\n\n\n\n<p>Nous proposons une <a href=\"https:\/\/physiotherapy.ca\/fr\/education-et-evenements\/ressources\/\">biblioth\u00e8que croissante de guides<\/a>, d\u2019outils et de <a href=\"https:\/\/physiotherapy.ca\/fr\/education-et-evenements\/cours-et-evenements\/\">cours exclusifs aux membres<\/a>, notamment\u202f:&nbsp;<\/p>\n\n\n\n<ul class=\"wp-block-list\">\n<li>Ressources pratiques pour la pratique priv\u00e9e;&nbsp;<\/li>\n<\/ul>\n\n\n\n<ul class=\"wp-block-list\">\n<li>Outils de planification de la gestion des dossiers et des risques;&nbsp;<\/li>\n<\/ul>\n\n\n\n<ul class=\"wp-block-list\">\n<li>Aide \u00e0 l\u2019orientation pour les physioth\u00e9rapeutes form\u00e9s \u00e0 l\u2019\u00e9tranger;&nbsp;<\/li>\n<\/ul>\n\n\n\n<ul class=\"wp-block-list\">\n<li>Formation en soins primaires en \u00e9quipe.&nbsp;<\/li>\n<\/ul>\n<\/div><figure class=\"wp-block-media-text__media\"><a href=\"https:\/\/physiotherapy.ca\/fr\/education-et-evenements\/ressources\/\"><img loading=\"lazy\" decoding=\"async\" width=\"1024\" height=\"759\" src=\"https:\/\/physiotherapy.ca\/app\/uploads\/2025\/07\/PD-Tools-FR-1024x759.png\" alt=\"\" class=\"wp-image-274367 size-full\" srcset=\"https:\/\/physiotherapy.ca\/app\/uploads\/2025\/07\/PD-Tools-FR-1024x759.png 1024w, https:\/\/physiotherapy.ca\/app\/uploads\/2025\/07\/PD-Tools-FR-300x222.png 300w, https:\/\/physiotherapy.ca\/app\/uploads\/2025\/07\/PD-Tools-FR-768x569.png 768w, https:\/\/physiotherapy.ca\/app\/uploads\/2025\/07\/PD-Tools-FR-270x200.png 270w, https:\/\/physiotherapy.ca\/app\/uploads\/2025\/07\/PD-Tools-FR-600x444.png 600w, https:\/\/physiotherapy.ca\/app\/uploads\/2025\/07\/PD-Tools-FR.png 1080w\" sizes=\"auto, (max-width: 1024px) 100vw, 1024px\" \/><\/a><\/figure><\/div>\n\n\n\n<hr class=\"wp-block-separator has-alpha-channel-opacity is-style-dots\"\/>\n\n\n\n<div class=\"wp-block-media-text is-stacked-on-mobile\"><figure class=\"wp-block-media-text__media\"><a href=\"https:\/\/physiotherapy.ca\/congress-2026\/\"><img loading=\"lazy\" decoding=\"async\" width=\"1024\" height=\"759\" src=\"https:\/\/physiotherapy.ca\/app\/uploads\/2025\/07\/PD-Events-FR-1024x759.png\" alt=\"\" class=\"wp-image-274369 size-full\" srcset=\"https:\/\/physiotherapy.ca\/app\/uploads\/2025\/07\/PD-Events-FR-1024x759.png 1024w, https:\/\/physiotherapy.ca\/app\/uploads\/2025\/07\/PD-Events-FR-300x222.png 300w, https:\/\/physiotherapy.ca\/app\/uploads\/2025\/07\/PD-Events-FR-768x569.png 768w, https:\/\/physiotherapy.ca\/app\/uploads\/2025\/07\/PD-Events-FR-270x200.png 270w, https:\/\/physiotherapy.ca\/app\/uploads\/2025\/07\/PD-Events-FR-600x444.png 600w, https:\/\/physiotherapy.ca\/app\/uploads\/2025\/07\/PD-Events-FR.png 1080w\" sizes=\"auto, (max-width: 1024px) 100vw, 1024px\" \/><\/a><\/figure><div class=\"wp-block-media-text__content\">\n<h3 class=\"wp-block-heading\">Des \u00e9v\u00e9nements inspirants et enrichissants&nbsp;<\/h3>\n\n\n\n<p>Joignez-vous \u00e0 nous au <a href=\"https:\/\/physiotherapy.ca\/congress-2026\/\">Congr\u00e8s<\/a> et \u00e0 d\u2019autres \u00e9v\u00e9nements nationaux pour apprendre des leaders, d\u00e9velopper votre r\u00e9seau et rester \u00e0 la pointe de la pratique fond\u00e9e sur des donn\u00e9es probantes.&nbsp;<\/p>\n<\/div><\/div>\n\n\n\n<hr class=\"wp-block-separator has-alpha-channel-opacity is-style-dots\"\/>\n\n\n\n<div class=\"wp-block-media-text has-media-on-the-right is-stacked-on-mobile\"><div class=\"wp-block-media-text__content\">\n<h3 class=\"wp-block-heading\"><strong>Votre section d\u00e9veloppe votre communaut\u00e9 <\/strong><\/h3>\n\n\n\n<p>Gr\u00e2ce \u00e0 votre adh\u00e9sion \u00e0 l\u2019ACP, qui comprend l\u2019adh\u00e9sion automatique \u00e0 votre<strong> <\/strong><a href=\"https:\/\/physiotherapy.ca\/fr\/membership-fr\/sections\/\">section provinciale ou territoriale<\/a>, vous \u00eates en lien avec une puissante communaut\u00e9 de cliniciens, de chercheurs et de formateurs de partout au pays. Les sections offrent des ressources et des formations pour le perfectionnement professionnel, du mentorat, de l\u2019application des connaissances, du r\u00e9seautage et d\u2019autres services utiles qui vous permettent de garder contact avec votre profession, vos coll\u00e8gues et vos communaut\u00e9s locales.&nbsp;&nbsp;<\/p>\n<\/div><figure class=\"wp-block-media-text__media\"><a href=\"https:\/\/physiotherapy.ca\/fr\/membership-fr\/sections\/\"><img loading=\"lazy\" decoding=\"async\" width=\"1024\" height=\"759\" src=\"https:\/\/physiotherapy.ca\/app\/uploads\/2025\/08\/12-1024x759.png\" alt=\"\" class=\"wp-image-276321 size-full\" srcset=\"https:\/\/physiotherapy.ca\/app\/uploads\/2025\/08\/12-1024x759.png 1024w, https:\/\/physiotherapy.ca\/app\/uploads\/2025\/08\/12-300x222.png 300w, https:\/\/physiotherapy.ca\/app\/uploads\/2025\/08\/12-768x569.png 768w, https:\/\/physiotherapy.ca\/app\/uploads\/2025\/08\/12-270x200.png 270w, https:\/\/physiotherapy.ca\/app\/uploads\/2025\/08\/12-600x444.png 600w, https:\/\/physiotherapy.ca\/app\/uploads\/2025\/08\/12.png 1080w\" sizes=\"auto, (max-width: 1024px) 100vw, 1024px\" \/><\/a><\/figure><\/div>\n\n\n\n<hr class=\"wp-block-separator has-alpha-channel-opacity is-style-dots\"\/>\n\n\n\n<h3 class=\"wp-block-heading\">O\u00f9 que vous soyez dans votre carri\u00e8re, l\u2019ACP est l\u00e0 pour vous accompagner dans votre d\u00e9veloppement.&nbsp;<\/h3>\n\n\n\n<p><\/p>\n","protected":false},"excerpt":{"rendered":"<p>Grandir en toute confiance. Apprendre avec d\u00e9termination.&nbsp; L\u2019ACP vous accompagne dans votre parcours professionnel gr\u00e2ce \u00e0 des opportunit\u00e9s d\u2019apprentissage et des ressources adapt\u00e9es \u00e0 vos besoins, \u00e0 vos objectifs et \u00e0 votre \u00e9volution professionnelle. Des comp\u00e9tences fondamentales \u00e0 la pratique [&hellip;]<\/p>\n","protected":false},"author":30528,"featured_media":0,"parent":3479,"menu_order":5,"comment_status":"closed","ping_status":"closed","template":"page-templates\/page-grid-landing.php","meta":{"inline_featured_image":false,"ep_exclude_from_search":false,"footnotes":""},"topic":[],"class_list":["post-274355","page","type-page","status-publish","hentry"],"acf":[],"yoast_head":"<!-- This site is optimized with the Yoast SEO plugin v24.7 - https:\/\/yoast.com\/wordpress\/plugins\/seo\/ -->\n<title>Perfectionnement professionnel\u00a0 - Canadian Physiotherapy Association<\/title>\n<meta name=\"robots\" content=\"index, follow, max-snippet:-1, max-image-preview:large, max-video-preview:-1\" \/>\n<link rel=\"canonical\" href=\"https:\/\/physiotherapy.ca\/fr\/education-et-evenements\/perfectionnement-professionnel\/\" \/>\n<meta property=\"og:locale\" content=\"fr_FR\" \/>\n<meta property=\"og:type\" content=\"article\" \/>\n<meta property=\"og:title\" content=\"Perfectionnement professionnel\u00a0 - Canadian Physiotherapy Association\" \/>\n<meta property=\"og:description\" content=\"Grandir en toute confiance. Apprendre avec d\u00e9termination.&nbsp; L\u2019ACP vous accompagne dans votre parcours professionnel gr\u00e2ce \u00e0 des opportunit\u00e9s d\u2019apprentissage et des ressources adapt\u00e9es \u00e0 vos besoins, \u00e0 vos objectifs et \u00e0 votre \u00e9volution professionnelle. Des comp\u00e9tences fondamentales \u00e0 la pratique [&hellip;]\" \/>\n<meta property=\"og:url\" content=\"https:\/\/physiotherapy.ca\/fr\/education-et-evenements\/perfectionnement-professionnel\/\" \/>\n<meta property=\"og:site_name\" content=\"Canadian Physiotherapy Association\" \/>\n<meta property=\"article:modified_time\" content=\"2025-08-21T14:31:58+00:00\" \/>\n<meta property=\"og:image\" content=\"https:\/\/physiotherapy.ca\/app\/uploads\/2025\/07\/PD-Divisions-FR.png\" \/>\n\t<meta property=\"og:image:width\" content=\"1080\" \/>\n\t<meta property=\"og:image:height\" content=\"800\" \/>\n\t<meta property=\"og:image:type\" content=\"image\/png\" \/>\n<meta name=\"twitter:card\" content=\"summary_large_image\" \/>\n<meta name=\"twitter:label1\" content=\"Est. reading time\" \/>\n\t<meta name=\"twitter:data1\" content=\"3 minutes\" \/>\n<script type=\"application\/ld+json\" class=\"yoast-schema-graph\">{\"@context\":\"https:\/\/schema.org\",\"@graph\":[{\"@type\":\"WebPage\",\"@id\":\"https:\/\/physiotherapy.ca\/fr\/education-et-evenements\/perfectionnement-professionnel\/\",\"url\":\"https:\/\/physiotherapy.ca\/fr\/education-et-evenements\/perfectionnement-professionnel\/\",\"name\":\"Perfectionnement professionnel\u00a0 - Canadian Physiotherapy Association\",\"isPartOf\":{\"@id\":\"https:\/\/physiotherapy.ca\/#website\"},\"primaryImageOfPage\":{\"@id\":\"https:\/\/physiotherapy.ca\/fr\/education-et-evenements\/perfectionnement-professionnel\/#primaryimage\"},\"image\":{\"@id\":\"https:\/\/physiotherapy.ca\/fr\/education-et-evenements\/perfectionnement-professionnel\/#primaryimage\"},\"thumbnailUrl\":\"https:\/\/physiotherapy.ca\/app\/uploads\/2025\/07\/PD-Divisions-FR-1024x759.png\",\"datePublished\":\"2025-08-05T14:23:32+00:00\",\"dateModified\":\"2025-08-21T14:31:58+00:00\",\"breadcrumb\":{\"@id\":\"https:\/\/physiotherapy.ca\/fr\/education-et-evenements\/perfectionnement-professionnel\/#breadcrumb\"},\"inLanguage\":\"fr-FR\",\"potentialAction\":[{\"@type\":\"ReadAction\",\"target\":[\"https:\/\/physiotherapy.ca\/fr\/education-et-evenements\/perfectionnement-professionnel\/\"]}]},{\"@type\":\"ImageObject\",\"inLanguage\":\"fr-FR\",\"@id\":\"https:\/\/physiotherapy.ca\/fr\/education-et-evenements\/perfectionnement-professionnel\/#primaryimage\",\"url\":\"https:\/\/physiotherapy.ca\/app\/uploads\/2025\/07\/PD-Divisions-FR-1024x759.png\",\"contentUrl\":\"https:\/\/physiotherapy.ca\/app\/uploads\/2025\/07\/PD-Divisions-FR-1024x759.png\"},{\"@type\":\"BreadcrumbList\",\"@id\":\"https:\/\/physiotherapy.ca\/fr\/education-et-evenements\/perfectionnement-professionnel\/#breadcrumb\",\"itemListElement\":[{\"@type\":\"ListItem\",\"position\":1,\"name\":\"Home\",\"item\":\"https:\/\/physiotherapy.ca\/fr\/\"},{\"@type\":\"ListItem\",\"position\":2,\"name\":\"\u00c9ducation et \u00e9v\u00e9nements\",\"item\":\"https:\/\/physiotherapy.ca\/fr\/education-et-evenements\/\"},{\"@type\":\"ListItem\",\"position\":3,\"name\":\"Perfectionnement professionnel\u00a0\"}]},{\"@type\":\"WebSite\",\"@id\":\"https:\/\/physiotherapy.ca\/#website\",\"url\":\"https:\/\/physiotherapy.ca\/\",\"name\":\"Canadian Physiotherapy Association\",\"description\":\"The Canadian Physiotherapy Association (CPA) represents over 16,000 physiotherapy professionals and students across Canada.\",\"potentialAction\":[{\"@type\":\"SearchAction\",\"target\":{\"@type\":\"EntryPoint\",\"urlTemplate\":\"https:\/\/physiotherapy.ca\/?s={search_term_string}\"},\"query-input\":{\"@type\":\"PropertyValueSpecification\",\"valueRequired\":true,\"valueName\":\"search_term_string\"}}],\"inLanguage\":\"fr-FR\"}]}<\/script>\n<!-- \/ Yoast SEO plugin. -->","yoast_head_json":{"title":"Perfectionnement professionnel\u00a0 - Canadian Physiotherapy Association","robots":{"index":"index","follow":"follow","max-snippet":"max-snippet:-1","max-image-preview":"max-image-preview:large","max-video-preview":"max-video-preview:-1"},"canonical":"https:\/\/physiotherapy.ca\/fr\/education-et-evenements\/perfectionnement-professionnel\/","og_locale":"fr_FR","og_type":"article","og_title":"Perfectionnement professionnel\u00a0 - Canadian Physiotherapy Association","og_description":"Grandir en toute confiance. Apprendre avec d\u00e9termination.&nbsp; L\u2019ACP vous accompagne dans votre parcours professionnel gr\u00e2ce \u00e0 des opportunit\u00e9s d\u2019apprentissage et des ressources adapt\u00e9es \u00e0 vos besoins, \u00e0 vos objectifs et \u00e0 votre \u00e9volution professionnelle. Des comp\u00e9tences fondamentales \u00e0 la pratique [&hellip;]","og_url":"https:\/\/physiotherapy.ca\/fr\/education-et-evenements\/perfectionnement-professionnel\/","og_site_name":"Canadian Physiotherapy Association","article_modified_time":"2025-08-21T14:31:58+00:00","og_image":[{"width":1080,"height":800,"url":"https:\/\/physiotherapy.ca\/app\/uploads\/2025\/07\/PD-Divisions-FR.png","type":"image\/png"}],"twitter_card":"summary_large_image","twitter_misc":{"Est. reading time":"3 minutes"},"schema":{"@context":"https:\/\/schema.org","@graph":[{"@type":"WebPage","@id":"https:\/\/physiotherapy.ca\/fr\/education-et-evenements\/perfectionnement-professionnel\/","url":"https:\/\/physiotherapy.ca\/fr\/education-et-evenements\/perfectionnement-professionnel\/","name":"Perfectionnement professionnel\u00a0 - Canadian Physiotherapy Association","isPartOf":{"@id":"https:\/\/physiotherapy.ca\/#website"},"primaryImageOfPage":{"@id":"https:\/\/physiotherapy.ca\/fr\/education-et-evenements\/perfectionnement-professionnel\/#primaryimage"},"image":{"@id":"https:\/\/physiotherapy.ca\/fr\/education-et-evenements\/perfectionnement-professionnel\/#primaryimage"},"thumbnailUrl":"https:\/\/physiotherapy.ca\/app\/uploads\/2025\/07\/PD-Divisions-FR-1024x759.png","datePublished":"2025-08-05T14:23:32+00:00","dateModified":"2025-08-21T14:31:58+00:00","breadcrumb":{"@id":"https:\/\/physiotherapy.ca\/fr\/education-et-evenements\/perfectionnement-professionnel\/#breadcrumb"},"inLanguage":"fr-FR","potentialAction":[{"@type":"ReadAction","target":["https:\/\/physiotherapy.ca\/fr\/education-et-evenements\/perfectionnement-professionnel\/"]}]},{"@type":"ImageObject","inLanguage":"fr-FR","@id":"https:\/\/physiotherapy.ca\/fr\/education-et-evenements\/perfectionnement-professionnel\/#primaryimage","url":"https:\/\/physiotherapy.ca\/app\/uploads\/2025\/07\/PD-Divisions-FR-1024x759.png","contentUrl":"https:\/\/physiotherapy.ca\/app\/uploads\/2025\/07\/PD-Divisions-FR-1024x759.png"},{"@type":"BreadcrumbList","@id":"https:\/\/physiotherapy.ca\/fr\/education-et-evenements\/perfectionnement-professionnel\/#breadcrumb","itemListElement":[{"@type":"ListItem","position":1,"name":"Home","item":"https:\/\/physiotherapy.ca\/fr\/"},{"@type":"ListItem","position":2,"name":"\u00c9ducation et \u00e9v\u00e9nements","item":"https:\/\/physiotherapy.ca\/fr\/education-et-evenements\/"},{"@type":"ListItem","position":3,"name":"Perfectionnement professionnel\u00a0"}]},{"@type":"WebSite","@id":"https:\/\/physiotherapy.ca\/#website","url":"https:\/\/physiotherapy.ca\/","name":"Canadian Physiotherapy Association","description":"The Canadian Physiotherapy Association (CPA) represents over 16,000 physiotherapy professionals and students across Canada.","potentialAction":[{"@type":"SearchAction","target":{"@type":"EntryPoint","urlTemplate":"https:\/\/physiotherapy.ca\/?s={search_term_string}"},"query-input":{"@type":"PropertyValueSpecification","valueRequired":true,"valueName":"search_term_string"}}],"inLanguage":"fr-FR"}]}},"_links":{"self":[{"href":"https:\/\/physiotherapy.ca\/fr\/wp-json\/wp\/v2\/pages\/274355","targetHints":{"allow":["GET"]}}],"collection":[{"href":"https:\/\/physiotherapy.ca\/fr\/wp-json\/wp\/v2\/pages"}],"about":[{"href":"https:\/\/physiotherapy.ca\/fr\/wp-json\/wp\/v2\/types\/page"}],"author":[{"embeddable":true,"href":"https:\/\/physiotherapy.ca\/fr\/wp-json\/wp\/v2\/users\/30528"}],"replies":[{"embeddable":true,"href":"https:\/\/physiotherapy.ca\/fr\/wp-json\/wp\/v2\/comments?post=274355"}],"version-history":[{"count":10,"href":"https:\/\/physiotherapy.ca\/fr\/wp-json\/wp\/v2\/pages\/274355\/revisions"}],"predecessor-version":[{"id":276325,"href":"https:\/\/physiotherapy.ca\/fr\/wp-json\/wp\/v2\/pages\/274355\/revisions\/276325"}],"up":[{"embeddable":true,"href":"https:\/\/physiotherapy.ca\/fr\/wp-json\/wp\/v2\/pages\/3479"}],"wp:attachment":[{"href":"https:\/\/physiotherapy.ca\/fr\/wp-json\/wp\/v2\/media?parent=274355"}],"wp:term":[{"taxonomy":"topic","embeddable":true,"href":"https:\/\/physiotherapy.ca\/fr\/wp-json\/wp\/v2\/topic?post=274355"}],"curies":[{"name":"wp","href":"https:\/\/api.w.org\/{rel}","templated":true}]}}