{"id":275239,"date":"2025-08-08T15:24:42","date_gmt":"2025-08-08T19:24:42","guid":{"rendered":"https:\/\/physiotherapy.ca\/?page_id=275239"},"modified":"2026-02-18T17:03:29","modified_gmt":"2026-02-18T22:03:29","slug":"des-preuves-qui-alimentent-le-changement","status":"publish","type":"page","link":"https:\/\/physiotherapy.ca\/fr\/representation-2\/des-preuves-qui-alimentent-le-changement\/","title":{"rendered":"Des preuves qui alimentent le changement\u00a0"},"content":{"rendered":"\n<figure class=\"wp-block-image size-large\"><img loading=\"lazy\" decoding=\"async\" width=\"1024\" height=\"459\" src=\"https:\/\/physiotherapy.ca\/app\/uploads\/2025\/08\/Knowledge-Hub-1-1024x459.png\" alt=\"\" class=\"wp-image-275241\" srcset=\"https:\/\/physiotherapy.ca\/app\/uploads\/2025\/08\/Knowledge-Hub-1-1024x459.png 1024w, https:\/\/physiotherapy.ca\/app\/uploads\/2025\/08\/Knowledge-Hub-1-300x135.png 300w, https:\/\/physiotherapy.ca\/app\/uploads\/2025\/08\/Knowledge-Hub-1-768x344.png 768w, https:\/\/physiotherapy.ca\/app\/uploads\/2025\/08\/Knowledge-Hub-1-390x175.png 390w, https:\/\/physiotherapy.ca\/app\/uploads\/2025\/08\/Knowledge-Hub-1-600x269.png 600w, https:\/\/physiotherapy.ca\/app\/uploads\/2025\/08\/Knowledge-Hub-1.png 1200w\" sizes=\"auto, (max-width: 1024px) 100vw, 1024px\" \/><\/figure>\n\n\n\n<p>La physioth\u00e9rapie transforme les soins de sant\u00e9 au Canada, et les membres de l\u2019ACP m\u00e8nent la charge.&nbsp;<\/p>\n\n\n\n<p>En tant que communaut\u00e9 nationale unie, nous fa\u00e7onnons les politiques f\u00e9d\u00e9rales, influen\u00e7ons la couverture d\u2019assurance et faisons progresser le r\u00f4le des physioth\u00e9rapeutes dans l\u2019ensemble du syst\u00e8me de sant\u00e9. Ensemble, nous cr\u00e9ons un changement r\u00e9el et durable, fond\u00e9 sur des preuves et aliment\u00e9 par l\u2019expertise professionnelle.&nbsp;<\/p>\n\n\n\n<p>Nous savons que pour renforcer la profession, surmonter les d\u00e9fis syst\u00e9miques et positionner les physioth\u00e9rapeutes comme chefs de file en soins de sant\u00e9, il faut plus que de la passion\u202f: il faut des preuves. C\u2019est pourquoi notre plaidoyer s\u2019appuie sur la recherche, les donn\u00e9es et un impact clair.&nbsp;&nbsp;<\/p>\n\n\n\n<h3 class=\"wp-block-heading\"><strong>Des id\u00e9es qui incitent \u00e0 l\u2019action&nbsp;<\/strong>&nbsp;&nbsp;<\/h3>\n\n\n\n<h4 class=\"wp-block-heading\"><strong>Rapports&nbsp;<\/strong>&nbsp;<\/h4>\n\n\n\n<p>Nos rapports d\u00e9montrent la valeur tangible de la physioth\u00e9rapie et les possibilit\u00e9s futures d\u2019am\u00e9liorer les r\u00e9sultats des patients, de r\u00e9duire la pression sur le syst\u00e8me de sant\u00e9 et de g\u00e9n\u00e9rer des \u00e9conomies partout au Canada.&nbsp;&nbsp;<\/p>\n\n\n\n<ul class=\"wp-block-list\">\n<li><a href=\"https:\/\/physiotherapy.ca\/app\/uploads\/2024\/04\/NPM-Scope-of-Practice-Position-Paper_FR.pdf\" target=\"_blank\" rel=\"noreferrer noopener\"><strong>Champ de pratique de la physioth\u00e9rapie\u202f: optimiser les soins pour les Canadiens<\/strong>&nbsp;<\/a><br><em>Publi\u00e9 en mai 2024<\/em>&nbsp;<br>Ce rapport d\u00e9crit comment un champ de pratique \u00e9largi permet aux physioth\u00e9rapeutes de fournir des soins plus rapides et plus efficaces, am\u00e9liorant ainsi l\u2019acc\u00e8s et les r\u00e9sultats. &nbsp;<br>&nbsp;<\/li>\n<\/ul>\n\n\n\n<ul class=\"wp-block-list\">\n<li><a href=\"https:\/\/physiotherapy.ca\/app\/uploads\/2024\/05\/Deloitte-Report_FR.pdf\" target=\"_blank\" rel=\"noreferrer noopener\"><strong>R\u00e9percussions \u00e9conomiques de la physioth\u00e9rapie au Canada<\/strong> &nbsp;<\/a><br><em>Deloitte, d\u00e9cembre 2023<\/em> &nbsp;<br>Une analyse \u00e9conomique approfondie montrant comment la physioth\u00e9rapie contribue \u00e0 des soins rentables, \u00e0 l\u2019efficacit\u00e9 du syst\u00e8me et \u00e0 une meilleure sant\u00e9 pour les Canadiens.&nbsp;&nbsp;<\/li>\n<\/ul>\n\n\n\n<h4 class=\"wp-block-heading\"><strong>Notes d\u2019information f\u00e9d\u00e9rales&nbsp;&nbsp;<\/strong>&nbsp;<\/h4>\n\n\n\n<p>Des recommandations strat\u00e9giques pour un v\u00e9ritable changement de politique permettant aux physioth\u00e9rapeutes d\u2019\u00eatre plus efficaces pour les patients, de r\u00e9duire les goulots d\u2019\u00e9tranglement dans les soins de sant\u00e9 et de soutenir des am\u00e9liorations durables \u00e0 l\u2019\u00e9chelle du syst\u00e8me. \u00c9labor\u00e9es \u00e0 partir des connaissances de professionnels du domaine, ces ressources renforcent nos \u00e9changes avec les d\u00e9cideurs et soutiennent les efforts de plaidoyer \u00e0 l\u2019\u00e9chelle nationale.&nbsp;<\/p>\n\n\n\n<ul class=\"wp-block-list\">\n<li><strong><a href=\"https:\/\/physiotherapy.ca\/app\/uploads\/2025\/12\/Creer-un-champ-dexercice-unifie-a-lechelle-nationale-pour-les-physiotherapeutes.pdf\" target=\"_blank\" rel=\"noreferrer noopener\">Cr\u00e9er un champ d\u2019exercice unifi\u00e9 \u00e0 l\u2019\u00e9chelle nationale pour les physioth\u00e9rapeutes<\/a><\/strong><br><em>D\u00e9cembre 2025<\/em><\/li>\n<\/ul>\n\n\n\n<ul class=\"wp-block-list\">\n<li><strong><a href=\"https:\/\/physiotherapy.ca\/app\/uploads\/2025\/12\/Augmenter-le-nombre-de-places-dans-les-programmes-de-formation-en-physiotherapie-au-Canada.pdf\" target=\"_blank\" rel=\"noreferrer noopener\">Augmenter le nombre de places dans les programmes de formation en physioth\u00e9rapie au Canada<\/a><\/strong><br><em>D\u00e9cembre 2025<\/em><\/li>\n<\/ul>\n\n\n\n<ul class=\"wp-block-list\">\n<li><strong><a href=\"https:\/\/physiotherapy.ca\/app\/uploads\/2025\/12\/Groupe-de-travail-sur-linnovation-en-soins-de-sante-publique.pdf\" target=\"_blank\" rel=\"noreferrer noopener\">Inclure les professionnels de la physioth\u00e9rapie parmi les principaux collaborateurs du Groupe de travail sur l\u2019innovation en soins de sant\u00e9 publique<\/a><\/strong><br><em>D\u00e9cembre 2025<\/em><\/li>\n<\/ul>\n\n\n\n<p><\/p>\n\n\n\n<ul class=\"wp-block-list\">\n<li><strong><a href=\"https:\/\/physiotherapy.ca\/app\/uploads\/2025\/12\/Accroitre-le-nombre-de-physiotherapeutes-titulaires-dun-permis-dexercice-au-Canada.pdf\" target=\"_blank\" rel=\"noreferrer noopener\">Accro\u00eetre le nombre de physioth\u00e9rapeutes titulaires d\u2019un permis d\u2019exercice au Canada en facilitant l\u2019int\u00e9gration des physioth\u00e9rapeutes form\u00e9s \u00e0 l\u2019\u00e9tranger<\/a><\/strong><br><em>D\u00e9cembre 2025<\/em><\/li>\n<\/ul>\n\n\n\n<ul class=\"wp-block-list\">\n<li><strong><a href=\"https:\/\/physiotherapy.ca\/app\/uploads\/2025\/12\/Services-de-physiotherapie-en-reeducation-perineale-et-pelvienne-afin-den-ameliorer-lacces.pdf\" target=\"_blank\" rel=\"noreferrer noopener\">Assurer la couverture des services de physioth\u00e9rapie en r\u00e9\u00e9ducation p\u00e9rin\u00e9ale et pelvienne afin d\u2019en am\u00e9liorer l\u2019acc\u00e8s<\/a><\/strong><br><em>D\u00e9cembre 2025<\/em><\/li>\n<\/ul>\n\n\n\n<ul class=\"wp-block-list\">\n<li><a href=\"https:\/\/physiotherapy.ca\/app\/uploads\/2025\/08\/Foot-Orthoses-Briefing-Note_FR_FINAL_rev-2.pdf\" target=\"_blank\" rel=\"noreferrer noopener\"><strong>Inclure les orth\u00e8ses plantaires pour les patients atteints de diab\u00e8te dans le<em> Fonds pour les dispositifs et fournitures pour le traitement du diab\u00e8te<\/em> du gouvernement<\/strong><\/a><br><em>Novembre 2024<\/em> &nbsp;<br>Combler une lacune critique dans les soins du diab\u00e8te gr\u00e2ce \u00e0 des solutions de physioth\u00e9rapie ax\u00e9es sur la pr\u00e9vention.&nbsp;<br><\/li>\n<\/ul>\n\n\n\n<ul class=\"wp-block-list\">\n<li><a href=\"https:\/\/physiotherapy.ca\/app\/uploads\/2025\/08\/Diagnostic-Imaging-Briefing-Note_FR_FINAL.pdf\" target=\"_blank\" rel=\"noreferrer noopener\"><strong>Autoriser les physioth\u00e9rapeutes de chaque province et territoire \u00e0 demander des examens d\u2019imagerie diagnostique<\/strong><\/a> &nbsp;<br><em>Octobre 2024<\/em> &nbsp;<br>Une recommandation visant \u00e0 am\u00e9liorer les parcours de soins, \u00e0 r\u00e9duire les d\u00e9lais et \u00e0 am\u00e9liorer l\u2019accessibilit\u00e9 \u00e0 l\u2019imagerie diagnostique en permettant aux physioth\u00e9rapeutes qualifi\u00e9s de commander des examens d\u2019imagerie. &nbsp;&nbsp;<\/li>\n<\/ul>\n\n\n\n<ul class=\"wp-block-list\">\n<li><a href=\"https:\/\/physiotherapy.ca\/app\/uploads\/2025\/08\/Pelvic-Health-Briefing-Note_FR_FINAL.pdf\"><strong>Favoriser l\u2019acc\u00e8s \u00e0 des physioth\u00e9rapeutes en r\u00e9\u00e9ducation p\u00e9rin\u00e9ale et pelvienne<\/strong> &nbsp;<\/a><br><em>Septembre 2024<\/em> &nbsp;<br>Soutenir l\u2019\u00e9quit\u00e9 dans les soins de sant\u00e9 gr\u00e2ce \u00e0 des strat\u00e9gies fond\u00e9es sur des donn\u00e9es probantes visant \u00e0 \u00e9tendre les services de sant\u00e9 pelvienne \u00e0 travers le pays. &nbsp;<br>&nbsp;<\/li>\n<\/ul>\n\n\n\n<h4 class=\"wp-block-heading\"><strong>Perspectives publiques&nbsp;&nbsp;<\/strong>&nbsp;<\/h4>\n\n\n\n<p>Gr\u00e2ce \u00e0 des enqu\u00eates fond\u00e9es sur des donn\u00e9es et \u00e0 la mobilisation du public, nous identifions les domaines dans lesquels la physioth\u00e9rapie doit \u00e9voluer pour r\u00e9pondre aux besoins r\u00e9els des Canadiens. Ces donn\u00e9es contribuent \u00e0 fa\u00e7onner les politiques, \u00e0 am\u00e9liorer les normes de soins et \u00e0 renforcer la confiance du public.&nbsp;&nbsp;<\/p>\n\n\n\n<ul class=\"wp-block-list\">\n<li><strong><a href=\"https:\/\/physiotherapy.ca\/app\/uploads\/2025\/08\/Polling-Report-2025-FR-FINAL.pdf\">Charting the Future of Physiotherapy Care in Canada: Public Input on Access, Standards &amp; Scope<\/a><\/strong> &nbsp;<br><em>Rapport d\u2019enqu\u00eate | 15\u202fjanvier 2025<\/em> &nbsp;<br>Un aper\u00e7u national de la fa\u00e7on dont les Canadiens per\u00e7oivent la physioth\u00e9rapie et de ce qu\u2019ils attendent de la profession \u00e0 l\u2019avenir.&nbsp;&nbsp;<\/li>\n<\/ul>\n\n\n\n<h4 class=\"wp-block-heading\"><strong>Faites partie du mouvement<\/strong>&nbsp;&nbsp;<\/h4>\n\n\n\n<p>Le changement ne se produit pas par hasard; il se produit lorsque les experts s\u2019expriment, que les donn\u00e9es guident le d\u00e9bat et que les communaut\u00e9s s\u2019unissent. Joignez-vous \u00e0 nous pour faire progresser la physioth\u00e9rapie gr\u00e2ce \u00e0 un plaidoyer \u00e9clair\u00e9 et fond\u00e9 sur des donn\u00e9es probantes.&nbsp;<\/p>\n\n\n\n<p>La physioth\u00e9rapie transforme les soins de sant\u00e9 au Canada, et les membres de l\u2019ACP m\u00e8nent la charge.&nbsp;&nbsp;<\/p>\n","protected":false},"excerpt":{"rendered":"<p>La physioth\u00e9rapie transforme les soins de sant\u00e9 au Canada, et les membres de l\u2019ACP m\u00e8nent la charge.&nbsp; En tant que communaut\u00e9 nationale unie, nous fa\u00e7onnons les politiques f\u00e9d\u00e9rales, influen\u00e7ons la couverture d\u2019assurance et faisons progresser le r\u00f4le des physioth\u00e9rapeutes dans [&hellip;]<\/p>\n","protected":false},"author":30528,"featured_media":0,"parent":275262,"menu_order":0,"comment_status":"closed","ping_status":"closed","template":"","meta":{"inline_featured_image":false,"ep_exclude_from_search":false,"footnotes":""},"topic":[],"class_list":["post-275239","page","type-page","status-publish","hentry"],"acf":[],"yoast_head":"<!-- This site is optimized with the Yoast SEO plugin v24.7 - https:\/\/yoast.com\/wordpress\/plugins\/seo\/ -->\n<title>Des preuves qui alimentent le changement\u00a0 - Canadian Physiotherapy Association<\/title>\n<meta name=\"robots\" content=\"index, follow, max-snippet:-1, max-image-preview:large, max-video-preview:-1\" \/>\n<link rel=\"canonical\" href=\"https:\/\/physiotherapy.ca\/fr\/representation-2\/des-preuves-qui-alimentent-le-changement\/\" \/>\n<meta property=\"og:locale\" content=\"fr_FR\" \/>\n<meta property=\"og:type\" content=\"article\" \/>\n<meta property=\"og:title\" content=\"Des preuves qui alimentent le changement\u00a0 - Canadian Physiotherapy Association\" \/>\n<meta property=\"og:description\" content=\"La physioth\u00e9rapie transforme les soins de sant\u00e9 au Canada, et les membres de l\u2019ACP m\u00e8nent la charge.&nbsp; En tant que communaut\u00e9 nationale unie, nous fa\u00e7onnons les politiques f\u00e9d\u00e9rales, influen\u00e7ons la couverture d\u2019assurance et faisons progresser le r\u00f4le des physioth\u00e9rapeutes dans [&hellip;]\" \/>\n<meta property=\"og:url\" content=\"https:\/\/physiotherapy.ca\/fr\/representation-2\/des-preuves-qui-alimentent-le-changement\/\" \/>\n<meta property=\"og:site_name\" content=\"Canadian Physiotherapy Association\" \/>\n<meta property=\"article:modified_time\" content=\"2026-02-18T22:03:29+00:00\" \/>\n<meta property=\"og:image\" content=\"https:\/\/physiotherapy.ca\/app\/uploads\/2025\/08\/Knowledge-Hub-1.png\" \/>\n\t<meta property=\"og:image:width\" content=\"1200\" \/>\n\t<meta property=\"og:image:height\" content=\"538\" \/>\n\t<meta property=\"og:image:type\" content=\"image\/png\" \/>\n<meta name=\"twitter:card\" content=\"summary_large_image\" \/>\n<meta name=\"twitter:label1\" content=\"Est. reading time\" \/>\n\t<meta name=\"twitter:data1\" content=\"4 minutes\" \/>\n<script type=\"application\/ld+json\" class=\"yoast-schema-graph\">{\"@context\":\"https:\/\/schema.org\",\"@graph\":[{\"@type\":\"WebPage\",\"@id\":\"https:\/\/physiotherapy.ca\/fr\/representation-2\/des-preuves-qui-alimentent-le-changement\/\",\"url\":\"https:\/\/physiotherapy.ca\/fr\/representation-2\/des-preuves-qui-alimentent-le-changement\/\",\"name\":\"Des preuves qui alimentent le changement\u00a0 - Canadian Physiotherapy Association\",\"isPartOf\":{\"@id\":\"https:\/\/physiotherapy.ca\/#website\"},\"primaryImageOfPage\":{\"@id\":\"https:\/\/physiotherapy.ca\/fr\/representation-2\/des-preuves-qui-alimentent-le-changement\/#primaryimage\"},\"image\":{\"@id\":\"https:\/\/physiotherapy.ca\/fr\/representation-2\/des-preuves-qui-alimentent-le-changement\/#primaryimage\"},\"thumbnailUrl\":\"https:\/\/physiotherapy.ca\/app\/uploads\/2025\/08\/Knowledge-Hub-1-1024x459.png\",\"datePublished\":\"2025-08-08T19:24:42+00:00\",\"dateModified\":\"2026-02-18T22:03:29+00:00\",\"breadcrumb\":{\"@id\":\"https:\/\/physiotherapy.ca\/fr\/representation-2\/des-preuves-qui-alimentent-le-changement\/#breadcrumb\"},\"inLanguage\":\"fr-FR\",\"potentialAction\":[{\"@type\":\"ReadAction\",\"target\":[\"https:\/\/physiotherapy.ca\/fr\/representation-2\/des-preuves-qui-alimentent-le-changement\/\"]}]},{\"@type\":\"ImageObject\",\"inLanguage\":\"fr-FR\",\"@id\":\"https:\/\/physiotherapy.ca\/fr\/representation-2\/des-preuves-qui-alimentent-le-changement\/#primaryimage\",\"url\":\"https:\/\/physiotherapy.ca\/app\/uploads\/2025\/08\/Knowledge-Hub-1-1024x459.png\",\"contentUrl\":\"https:\/\/physiotherapy.ca\/app\/uploads\/2025\/08\/Knowledge-Hub-1-1024x459.png\"},{\"@type\":\"BreadcrumbList\",\"@id\":\"https:\/\/physiotherapy.ca\/fr\/representation-2\/des-preuves-qui-alimentent-le-changement\/#breadcrumb\",\"itemListElement\":[{\"@type\":\"ListItem\",\"position\":1,\"name\":\"Home\",\"item\":\"https:\/\/physiotherapy.ca\/fr\/\"},{\"@type\":\"ListItem\",\"position\":2,\"name\":\"Repr\u00e9sentation\",\"item\":\"https:\/\/physiotherapy.ca\/fr\/representation-2\/\"},{\"@type\":\"ListItem\",\"position\":3,\"name\":\"Des preuves qui alimentent le changement\u00a0\"}]},{\"@type\":\"WebSite\",\"@id\":\"https:\/\/physiotherapy.ca\/#website\",\"url\":\"https:\/\/physiotherapy.ca\/\",\"name\":\"Canadian Physiotherapy Association\",\"description\":\"The Canadian Physiotherapy Association (CPA) represents over 16,000 physiotherapy professionals and students across Canada.\",\"potentialAction\":[{\"@type\":\"SearchAction\",\"target\":{\"@type\":\"EntryPoint\",\"urlTemplate\":\"https:\/\/physiotherapy.ca\/?s={search_term_string}\"},\"query-input\":{\"@type\":\"PropertyValueSpecification\",\"valueRequired\":true,\"valueName\":\"search_term_string\"}}],\"inLanguage\":\"fr-FR\"}]}<\/script>\n<!-- \/ Yoast SEO plugin. -->","yoast_head_json":{"title":"Des preuves qui alimentent le changement\u00a0 - Canadian Physiotherapy Association","robots":{"index":"index","follow":"follow","max-snippet":"max-snippet:-1","max-image-preview":"max-image-preview:large","max-video-preview":"max-video-preview:-1"},"canonical":"https:\/\/physiotherapy.ca\/fr\/representation-2\/des-preuves-qui-alimentent-le-changement\/","og_locale":"fr_FR","og_type":"article","og_title":"Des preuves qui alimentent le changement\u00a0 - Canadian Physiotherapy Association","og_description":"La physioth\u00e9rapie transforme les soins de sant\u00e9 au Canada, et les membres de l\u2019ACP m\u00e8nent la charge.&nbsp; En tant que communaut\u00e9 nationale unie, nous fa\u00e7onnons les politiques f\u00e9d\u00e9rales, influen\u00e7ons la couverture d\u2019assurance et faisons progresser le r\u00f4le des physioth\u00e9rapeutes dans [&hellip;]","og_url":"https:\/\/physiotherapy.ca\/fr\/representation-2\/des-preuves-qui-alimentent-le-changement\/","og_site_name":"Canadian Physiotherapy Association","article_modified_time":"2026-02-18T22:03:29+00:00","og_image":[{"width":1200,"height":538,"url":"https:\/\/physiotherapy.ca\/app\/uploads\/2025\/08\/Knowledge-Hub-1.png","type":"image\/png"}],"twitter_card":"summary_large_image","twitter_misc":{"Est. reading time":"4 minutes"},"schema":{"@context":"https:\/\/schema.org","@graph":[{"@type":"WebPage","@id":"https:\/\/physiotherapy.ca\/fr\/representation-2\/des-preuves-qui-alimentent-le-changement\/","url":"https:\/\/physiotherapy.ca\/fr\/representation-2\/des-preuves-qui-alimentent-le-changement\/","name":"Des preuves qui alimentent le changement\u00a0 - Canadian Physiotherapy Association","isPartOf":{"@id":"https:\/\/physiotherapy.ca\/#website"},"primaryImageOfPage":{"@id":"https:\/\/physiotherapy.ca\/fr\/representation-2\/des-preuves-qui-alimentent-le-changement\/#primaryimage"},"image":{"@id":"https:\/\/physiotherapy.ca\/fr\/representation-2\/des-preuves-qui-alimentent-le-changement\/#primaryimage"},"thumbnailUrl":"https:\/\/physiotherapy.ca\/app\/uploads\/2025\/08\/Knowledge-Hub-1-1024x459.png","datePublished":"2025-08-08T19:24:42+00:00","dateModified":"2026-02-18T22:03:29+00:00","breadcrumb":{"@id":"https:\/\/physiotherapy.ca\/fr\/representation-2\/des-preuves-qui-alimentent-le-changement\/#breadcrumb"},"inLanguage":"fr-FR","potentialAction":[{"@type":"ReadAction","target":["https:\/\/physiotherapy.ca\/fr\/representation-2\/des-preuves-qui-alimentent-le-changement\/"]}]},{"@type":"ImageObject","inLanguage":"fr-FR","@id":"https:\/\/physiotherapy.ca\/fr\/representation-2\/des-preuves-qui-alimentent-le-changement\/#primaryimage","url":"https:\/\/physiotherapy.ca\/app\/uploads\/2025\/08\/Knowledge-Hub-1-1024x459.png","contentUrl":"https:\/\/physiotherapy.ca\/app\/uploads\/2025\/08\/Knowledge-Hub-1-1024x459.png"},{"@type":"BreadcrumbList","@id":"https:\/\/physiotherapy.ca\/fr\/representation-2\/des-preuves-qui-alimentent-le-changement\/#breadcrumb","itemListElement":[{"@type":"ListItem","position":1,"name":"Home","item":"https:\/\/physiotherapy.ca\/fr\/"},{"@type":"ListItem","position":2,"name":"Repr\u00e9sentation","item":"https:\/\/physiotherapy.ca\/fr\/representation-2\/"},{"@type":"ListItem","position":3,"name":"Des preuves qui alimentent le changement\u00a0"}]},{"@type":"WebSite","@id":"https:\/\/physiotherapy.ca\/#website","url":"https:\/\/physiotherapy.ca\/","name":"Canadian Physiotherapy Association","description":"The Canadian Physiotherapy Association (CPA) represents over 16,000 physiotherapy professionals and students across Canada.","potentialAction":[{"@type":"SearchAction","target":{"@type":"EntryPoint","urlTemplate":"https:\/\/physiotherapy.ca\/?s={search_term_string}"},"query-input":{"@type":"PropertyValueSpecification","valueRequired":true,"valueName":"search_term_string"}}],"inLanguage":"fr-FR"}]}},"_links":{"self":[{"href":"https:\/\/physiotherapy.ca\/fr\/wp-json\/wp\/v2\/pages\/275239","targetHints":{"allow":["GET"]}}],"collection":[{"href":"https:\/\/physiotherapy.ca\/fr\/wp-json\/wp\/v2\/pages"}],"about":[{"href":"https:\/\/physiotherapy.ca\/fr\/wp-json\/wp\/v2\/types\/page"}],"author":[{"embeddable":true,"href":"https:\/\/physiotherapy.ca\/fr\/wp-json\/wp\/v2\/users\/30528"}],"replies":[{"embeddable":true,"href":"https:\/\/physiotherapy.ca\/fr\/wp-json\/wp\/v2\/comments?post=275239"}],"version-history":[{"count":17,"href":"https:\/\/physiotherapy.ca\/fr\/wp-json\/wp\/v2\/pages\/275239\/revisions"}],"predecessor-version":[{"id":279457,"href":"https:\/\/physiotherapy.ca\/fr\/wp-json\/wp\/v2\/pages\/275239\/revisions\/279457"}],"up":[{"embeddable":true,"href":"https:\/\/physiotherapy.ca\/fr\/wp-json\/wp\/v2\/pages\/275262"}],"wp:attachment":[{"href":"https:\/\/physiotherapy.ca\/fr\/wp-json\/wp\/v2\/media?parent=275239"}],"wp:term":[{"taxonomy":"topic","embeddable":true,"href":"https:\/\/physiotherapy.ca\/fr\/wp-json\/wp\/v2\/topic?post=275239"}],"curies":[{"name":"wp","href":"https:\/\/api.w.org\/{rel}","templated":true}]}}