{"id":275317,"date":"2025-08-08T15:25:56","date_gmt":"2025-08-08T19:25:56","guid":{"rendered":"https:\/\/physiotherapy.ca\/?page_id=275317"},"modified":"2025-08-12T09:48:29","modified_gmt":"2025-08-12T13:48:29","slug":"plus-quune-adhesion","status":"publish","type":"page","link":"https:\/\/physiotherapy.ca\/fr\/plus-quune-adhesion\/","title":{"rendered":"Plus qu\u2019une adh\u00e9sion."},"content":{"rendered":"\n<h2 class=\"wp-block-heading\"><strong><strong>Plus qu\u2019une adh\u00e9sion. C\u2019est un mouvement.<\/strong>&nbsp;<\/strong><\/h2>\n\n\n\n<p>En adh\u00e9rant \u00e0 l\u2019Association canadienne de physioth\u00e9rapie (ACP), vous n\u2019avez pas seulement acc\u00e8s \u00e0 des ressources\u202f: vous faites partie d\u2019un mouvement national visant \u00e0 faire progresser la physioth\u00e9rapie et \u00e0 fa\u00e7onner l\u2019avenir des soins de sant\u00e9 au Canada.&nbsp;<\/p>\n\n\n\n<p>En tant que membre de l\u2019ACP, vous avez acc\u00e8s \u00e0\u202f:&nbsp;&nbsp;<\/p>\n\n\n\n<div class=\"wp-block-media-text is-stacked-on-mobile\"><figure class=\"wp-block-media-text__media\"><img loading=\"lazy\" decoding=\"async\" width=\"500\" height=\"500\" src=\"https:\/\/physiotherapy.ca\/app\/uploads\/2025\/08\/1.png\" alt=\"Minister Mark Holland, with the President of the CPA at Congress 2024\" class=\"wp-image-275287 size-full\"\/><\/figure><div class=\"wp-block-media-text__content\">\n<h2 class=\"wp-block-heading\"><strong>Un plaidoyer qui a un impact<\/strong><\/h2>\n\n\n\n<p>Faites entendre votre voix dans un puissant mouvement national de plaidoyer qui engendre un r\u00e9el changement\u202f: de l\u2019\u00e9largissement du champ de pratique \u00e0 l\u2019acc\u00e8s \u00e0 l\u2019imagerie diagnostique, en passant par l\u2019am\u00e9lioration des parcours d\u2019immigration et l\u2019obtention de l\u2019exon\u00e9ration de remboursement de pr\u00eats \u00e9tudiants. Ensemble, nous influen\u00e7ons les politiques qui valorisent la physioth\u00e9rapie et am\u00e9liorent l\u2019acc\u00e8s aux soins partout au pays.<\/p>\n\n\n\n<div class=\"wp-block-buttons is-layout-flex wp-block-buttons-is-layout-flex\">\n<div class=\"wp-block-button\"><a class=\"wp-block-button__link wp-element-button\" href=\"https:\/\/physiotherapy.ca\/fr\/representation-2\/a-propos-plaidoyer\/\">\u00c0 propos&nbsp;du plaidoyer<\/a><\/div>\n\n\n\n<div class=\"wp-block-button\"><a class=\"wp-block-button__link wp-element-button\" href=\"https:\/\/physiotherapy.ca\/fr\/representation-2\/des-preuves-qui-alimentent-le-changement\/\">Des preuves qui alimentent le changement\u00a0<\/a><\/div>\n<\/div>\n<\/div><\/div>\n\n\n\n<hr class=\"wp-block-separator has-alpha-channel-opacity is-style-dots\"\/>\n\n\n\n<div class=\"wp-block-media-text is-stacked-on-mobile\"><figure class=\"wp-block-media-text__media\"><img loading=\"lazy\" decoding=\"async\" width=\"500\" height=\"500\" src=\"https:\/\/physiotherapy.ca\/app\/uploads\/2025\/08\/6.png\" alt=\"\" class=\"wp-image-275289 size-full\" srcset=\"https:\/\/physiotherapy.ca\/app\/uploads\/2025\/08\/6.png 500w, https:\/\/physiotherapy.ca\/app\/uploads\/2025\/08\/6-300x300.png 300w, https:\/\/physiotherapy.ca\/app\/uploads\/2025\/08\/6-150x150.png 150w, https:\/\/physiotherapy.ca\/app\/uploads\/2025\/08\/6-200x200.png 200w, https:\/\/physiotherapy.ca\/app\/uploads\/2025\/08\/6-100x100.png 100w\" sizes=\"auto, (max-width: 500px) 100vw, 500px\" \/><\/figure><div class=\"wp-block-media-text__content\">\n<h2 class=\"wp-block-heading\"><strong>Perfectionnement professionnel \u00e0 chaque \u00e9tape<\/strong><\/h2>\n\n\n\n<p>L\u2019ACP vous accompagne \u00e0 chaque \u00e9tape de votre carri\u00e8re. Que vous soyez \u00e9tudiant en pr\u00e9paration \u00e0 la pratique, un clinicien en d\u00e9veloppement de comp\u00e9tences ou praticien d\u2019exercice priv\u00e9 en expansion, vous trouverez des formations fond\u00e9es sur des donn\u00e9es probantes, du mentorat et des opportunit\u00e9s de leadership gr\u00e2ce \u00e0 nos divisions sp\u00e9cialis\u00e9es, nos assembl\u00e9es professionnelles et nos \u00e9v\u00e9nements nationaux comme le Congr\u00e8s.<\/p>\n\n\n\n<div class=\"wp-block-buttons is-layout-flex wp-block-buttons-is-layout-flex\">\n<div class=\"wp-block-button\"><a class=\"wp-block-button__link wp-element-button\" href=\"https:\/\/physiotherapy.ca\/fr\/education-et-evenements\/perfectionnement-professionnel\/\"><strong>Perfectionnement professionnel&nbsp;<\/strong><\/a><\/div>\n<\/div>\n<\/div><\/div>\n\n\n\n<hr class=\"wp-block-separator has-alpha-channel-opacity is-style-dots\"\/>\n\n\n\n<div class=\"wp-block-media-text is-stacked-on-mobile\"><figure class=\"wp-block-media-text__media\"><img loading=\"lazy\" decoding=\"async\" width=\"500\" height=\"500\" src=\"https:\/\/physiotherapy.ca\/app\/uploads\/2025\/08\/5.png\" alt=\"\" class=\"wp-image-275291 size-full\" srcset=\"https:\/\/physiotherapy.ca\/app\/uploads\/2025\/08\/5.png 500w, https:\/\/physiotherapy.ca\/app\/uploads\/2025\/08\/5-300x300.png 300w, https:\/\/physiotherapy.ca\/app\/uploads\/2025\/08\/5-150x150.png 150w, https:\/\/physiotherapy.ca\/app\/uploads\/2025\/08\/5-200x200.png 200w, https:\/\/physiotherapy.ca\/app\/uploads\/2025\/08\/5-100x100.png 100w\" sizes=\"auto, (max-width: 500px) 100vw, 500px\" \/><\/figure><div class=\"wp-block-media-text__content\">\n<h2 class=\"wp-block-heading\"><strong><strong>Des avantages pour les membres qui ajoutent une r\u00e9elle valeur<\/strong><\/strong>&nbsp;<\/h2>\n\n\n\n<p>B\u00e9n\u00e9ficiez de r\u00e9ductions exclusives sur des produits et services professionnels et personnels, notamment des assurances responsabilit\u00e9 civile et sant\u00e9 compl\u00e9mentaires, des solutions d\u2019affaires, des forfaits de formation, des voyages et des r\u00e9ductions sur les achats. L\u2019adh\u00e9sion \u00e0 l\u2019ACP vous permet de vivre plus facilement tout en soutenant vos objectifs personnels et professionnels.<\/p>\n\n\n\n<div class=\"wp-block-buttons is-layout-flex wp-block-buttons-is-layout-flex\">\n<div class=\"wp-block-button\"><a class=\"wp-block-button__link wp-element-button\" href=\"https:\/\/physiotherapy.ca\/fr\/membership-fr\/propos-des-avantages-pour-les-membres\/\">\u00c0 propos&nbsp;des avantages pour les membres<\/a><\/div>\n<\/div>\n<\/div><\/div>\n\n\n\n<hr class=\"wp-block-separator has-alpha-channel-opacity is-style-dots\"\/>\n\n\n\n<div class=\"wp-block-media-text is-stacked-on-mobile\"><figure class=\"wp-block-media-text__media\"><img loading=\"lazy\" decoding=\"async\" width=\"500\" height=\"500\" src=\"https:\/\/physiotherapy.ca\/app\/uploads\/2025\/08\/3.png\" alt=\"\" class=\"wp-image-275297 size-full\" srcset=\"https:\/\/physiotherapy.ca\/app\/uploads\/2025\/08\/3.png 500w, https:\/\/physiotherapy.ca\/app\/uploads\/2025\/08\/3-300x300.png 300w, https:\/\/physiotherapy.ca\/app\/uploads\/2025\/08\/3-150x150.png 150w, https:\/\/physiotherapy.ca\/app\/uploads\/2025\/08\/3-200x200.png 200w, https:\/\/physiotherapy.ca\/app\/uploads\/2025\/08\/3-100x100.png 100w\" sizes=\"auto, (max-width: 500px) 100vw, 500px\" \/><\/figure><div class=\"wp-block-media-text__content\">\n<h2 class=\"wp-block-heading\"><strong>Un r\u00e9seau national qui a une touche locale<\/strong><\/h2>\n\n\n\n<p><br>Gr\u00e2ce \u00e0 votre section, vos divisions et vos assembl\u00e9es provinciales, vous \u00eates en contact avec une communaut\u00e9 dynamique de physioth\u00e9rapeutes professionnels partout au pays. Ces groupes offrent un apprentissage cibl\u00e9, un soutien par les pairs et des occasions de fa\u00e7onner la profession l\u00e0 o\u00f9 vous vivez et travaillez, tout en vous tenant au courant d\u2019une conversation nationale plus large.<\/p>\n\n\n\n<div class=\"wp-block-buttons is-layout-flex wp-block-buttons-is-layout-flex\">\n<div class=\"wp-block-button\"><a class=\"wp-block-button__link wp-element-button\" href=\"https:\/\/physiotherapy.ca\/fr\/membership-fr\/sections\/\">Sections<\/a><\/div>\n<\/div>\n<\/div><\/div>\n\n\n\n<hr class=\"wp-block-separator has-alpha-channel-opacity is-style-dots\"\/>\n\n\n\n<div class=\"wp-block-media-text is-stacked-on-mobile\"><figure class=\"wp-block-media-text__media\"><img loading=\"lazy\" decoding=\"async\" width=\"500\" height=\"500\" src=\"https:\/\/physiotherapy.ca\/app\/uploads\/2025\/08\/4.png\" alt=\"\" class=\"wp-image-275295 size-full\" srcset=\"https:\/\/physiotherapy.ca\/app\/uploads\/2025\/08\/4.png 500w, https:\/\/physiotherapy.ca\/app\/uploads\/2025\/08\/4-300x300.png 300w, https:\/\/physiotherapy.ca\/app\/uploads\/2025\/08\/4-150x150.png 150w, https:\/\/physiotherapy.ca\/app\/uploads\/2025\/08\/4-200x200.png 200w, https:\/\/physiotherapy.ca\/app\/uploads\/2025\/08\/4-100x100.png 100w\" sizes=\"auto, (max-width: 500px) 100vw, 500px\" \/><\/figure><div class=\"wp-block-media-text__content\">\n<h2 class=\"wp-block-heading\"><strong>Une assurance responsabilit\u00e9 civile professionnelle \u00e0 laquelle vous pouvez faire confiance<\/strong><\/h2>\n\n\n\n<p><br>Gr\u00e2ce \u00e0 notre partenariat avec BMS, les membres de l\u2019ACP ont acc\u00e8s \u00e0 une couverture d\u2019assurance compl\u00e8te et sp\u00e9cifique \u00e0 leur profession, qui refl\u00e8te leur champ de pratique et leur environnement r\u00e9glementaire, vous procurant ainsi tranquillit\u00e9 d\u2019esprit et confiance dans votre travail quotidien.<\/p>\n\n\n\n<div class=\"wp-block-buttons is-layout-flex wp-block-buttons-is-layout-flex\">\n<div class=\"wp-block-button\"><a class=\"wp-block-button__link wp-element-button\" href=\"https:\/\/physiotherapy.ca\/fr\/membership-fr\/assurance-2\/\">Assurance<\/a><\/div>\n<\/div>\n\n\n\n<p><\/p>\n<\/div><\/div>\n\n\n\n<hr class=\"wp-block-separator has-alpha-channel-opacity is-style-dots\"\/>\n\n\n\n<div class=\"wp-block-media-text is-stacked-on-mobile\"><figure class=\"wp-block-media-text__media\"><img loading=\"lazy\" decoding=\"async\" width=\"500\" height=\"500\" src=\"https:\/\/physiotherapy.ca\/app\/uploads\/2025\/08\/2.png\" alt=\"\" class=\"wp-image-275293 size-full\" srcset=\"https:\/\/physiotherapy.ca\/app\/uploads\/2025\/08\/2.png 500w, https:\/\/physiotherapy.ca\/app\/uploads\/2025\/08\/2-300x300.png 300w, https:\/\/physiotherapy.ca\/app\/uploads\/2025\/08\/2-150x150.png 150w, https:\/\/physiotherapy.ca\/app\/uploads\/2025\/08\/2-200x200.png 200w, https:\/\/physiotherapy.ca\/app\/uploads\/2025\/08\/2-100x100.png 100w\" sizes=\"auto, (max-width: 500px) 100vw, 500px\" \/><\/figure><div class=\"wp-block-media-text__content\">\n<h2 class=\"wp-block-heading\"><strong>L\u2019adh\u00e9sion est synonyme d\u2019\u00e9lan<\/strong><br><\/h2>\n\n\n\n<p>\u00catre membre de l\u2019ACP, c\u2019est avant tout cr\u00e9er des liens, faire partie d\u2019une communaut\u00e9 et agir collectivement. Cela signifie que vous faites partie d\u2019une communaut\u00e9 dynamique de plus de 14\u2009000\u202fphysioth\u00e9rapeutes partout au Canada qui partagent vos valeurs, vos d\u00e9fis et votre volont\u00e9 de faire une diff\u00e9rence. Ensemble, nous b\u00e2tissons l\u2019avenir de la physioth\u00e9rapie avec <strong>d\u00e9termination, fiert\u00e9 et passion<\/strong>.\u202f<\/p>\n\n\n\n<div class=\"wp-block-buttons is-layout-flex wp-block-buttons-is-layout-flex\">\n<div class=\"wp-block-button\"><a class=\"wp-block-button__link wp-element-button\" href=\"https:\/\/physiotherapy.ca\/fr\/membership-fr\/propos-des-avantages-pour-les-membres\/\">Joignez-vous au mouvement aujourd\u2019hui!<\/a><\/div>\n<\/div>\n\n\n\n<p><\/p>\n<\/div><\/div>\n\n\n\n<p><\/p>\n","protected":false},"excerpt":{"rendered":"<p>Plus qu\u2019une adh\u00e9sion. C\u2019est un mouvement.&nbsp; En adh\u00e9rant \u00e0 l\u2019Association canadienne de physioth\u00e9rapie (ACP), vous n\u2019avez pas seulement acc\u00e8s \u00e0 des ressources\u202f: vous faites partie d\u2019un mouvement national visant \u00e0 faire progresser la physioth\u00e9rapie et \u00e0 fa\u00e7onner l\u2019avenir des soins [&hellip;]<\/p>\n","protected":false},"author":30528,"featured_media":0,"parent":0,"menu_order":5,"comment_status":"closed","ping_status":"closed","template":"page-templates\/page-grid-landing.php","meta":{"inline_featured_image":false,"ep_exclude_from_search":false,"footnotes":""},"topic":[],"class_list":["post-275317","page","type-page","status-publish","hentry"],"acf":[],"yoast_head":"<!-- This site is optimized with the Yoast SEO plugin v24.7 - https:\/\/yoast.com\/wordpress\/plugins\/seo\/ -->\n<title>Plus qu\u2019une adh\u00e9sion. - Canadian Physiotherapy Association<\/title>\n<meta name=\"robots\" content=\"index, follow, max-snippet:-1, max-image-preview:large, max-video-preview:-1\" \/>\n<link rel=\"canonical\" href=\"https:\/\/physiotherapy.ca\/fr\/plus-quune-adhesion\/\" \/>\n<meta property=\"og:locale\" content=\"fr_FR\" \/>\n<meta property=\"og:type\" content=\"article\" \/>\n<meta property=\"og:title\" content=\"Plus qu\u2019une adh\u00e9sion. - Canadian Physiotherapy Association\" \/>\n<meta property=\"og:description\" content=\"Plus qu\u2019une adh\u00e9sion. C\u2019est un mouvement.&nbsp; En adh\u00e9rant \u00e0 l\u2019Association canadienne de physioth\u00e9rapie (ACP), vous n\u2019avez pas seulement acc\u00e8s \u00e0 des ressources\u202f: vous faites partie d\u2019un mouvement national visant \u00e0 faire progresser la physioth\u00e9rapie et \u00e0 fa\u00e7onner l\u2019avenir des soins [&hellip;]\" \/>\n<meta property=\"og:url\" content=\"https:\/\/physiotherapy.ca\/fr\/plus-quune-adhesion\/\" \/>\n<meta property=\"og:site_name\" content=\"Canadian Physiotherapy Association\" \/>\n<meta property=\"article:modified_time\" content=\"2025-08-12T13:48:29+00:00\" \/>\n<meta property=\"og:image\" content=\"https:\/\/physiotherapy.ca\/app\/uploads\/2025\/08\/1.png\" \/>\n\t<meta property=\"og:image:width\" content=\"500\" \/>\n\t<meta property=\"og:image:height\" content=\"500\" \/>\n\t<meta property=\"og:image:type\" content=\"image\/png\" \/>\n<meta name=\"twitter:card\" content=\"summary_large_image\" \/>\n<meta name=\"twitter:label1\" content=\"Est. reading time\" \/>\n\t<meta name=\"twitter:data1\" content=\"4 minutes\" \/>\n<script type=\"application\/ld+json\" class=\"yoast-schema-graph\">{\"@context\":\"https:\/\/schema.org\",\"@graph\":[{\"@type\":\"WebPage\",\"@id\":\"https:\/\/physiotherapy.ca\/fr\/plus-quune-adhesion\/\",\"url\":\"https:\/\/physiotherapy.ca\/fr\/plus-quune-adhesion\/\",\"name\":\"Plus qu\u2019une adh\u00e9sion. - Canadian Physiotherapy Association\",\"isPartOf\":{\"@id\":\"https:\/\/physiotherapy.ca\/#website\"},\"primaryImageOfPage\":{\"@id\":\"https:\/\/physiotherapy.ca\/fr\/plus-quune-adhesion\/#primaryimage\"},\"image\":{\"@id\":\"https:\/\/physiotherapy.ca\/fr\/plus-quune-adhesion\/#primaryimage\"},\"thumbnailUrl\":\"https:\/\/physiotherapy.ca\/app\/uploads\/2025\/08\/1.png\",\"datePublished\":\"2025-08-08T19:25:56+00:00\",\"dateModified\":\"2025-08-12T13:48:29+00:00\",\"breadcrumb\":{\"@id\":\"https:\/\/physiotherapy.ca\/fr\/plus-quune-adhesion\/#breadcrumb\"},\"inLanguage\":\"fr-FR\",\"potentialAction\":[{\"@type\":\"ReadAction\",\"target\":[\"https:\/\/physiotherapy.ca\/fr\/plus-quune-adhesion\/\"]}]},{\"@type\":\"ImageObject\",\"inLanguage\":\"fr-FR\",\"@id\":\"https:\/\/physiotherapy.ca\/fr\/plus-quune-adhesion\/#primaryimage\",\"url\":\"https:\/\/physiotherapy.ca\/app\/uploads\/2025\/08\/1.png\",\"contentUrl\":\"https:\/\/physiotherapy.ca\/app\/uploads\/2025\/08\/1.png\"},{\"@type\":\"BreadcrumbList\",\"@id\":\"https:\/\/physiotherapy.ca\/fr\/plus-quune-adhesion\/#breadcrumb\",\"itemListElement\":[{\"@type\":\"ListItem\",\"position\":1,\"name\":\"Home\",\"item\":\"https:\/\/physiotherapy.ca\/fr\/\"},{\"@type\":\"ListItem\",\"position\":2,\"name\":\"Plus qu\u2019une adh\u00e9sion.\"}]},{\"@type\":\"WebSite\",\"@id\":\"https:\/\/physiotherapy.ca\/#website\",\"url\":\"https:\/\/physiotherapy.ca\/\",\"name\":\"Canadian Physiotherapy Association\",\"description\":\"The Canadian Physiotherapy Association (CPA) represents over 16,000 physiotherapy professionals and students across Canada.\",\"potentialAction\":[{\"@type\":\"SearchAction\",\"target\":{\"@type\":\"EntryPoint\",\"urlTemplate\":\"https:\/\/physiotherapy.ca\/?s={search_term_string}\"},\"query-input\":{\"@type\":\"PropertyValueSpecification\",\"valueRequired\":true,\"valueName\":\"search_term_string\"}}],\"inLanguage\":\"fr-FR\"}]}<\/script>\n<!-- \/ Yoast SEO plugin. -->","yoast_head_json":{"title":"Plus qu\u2019une adh\u00e9sion. - Canadian Physiotherapy Association","robots":{"index":"index","follow":"follow","max-snippet":"max-snippet:-1","max-image-preview":"max-image-preview:large","max-video-preview":"max-video-preview:-1"},"canonical":"https:\/\/physiotherapy.ca\/fr\/plus-quune-adhesion\/","og_locale":"fr_FR","og_type":"article","og_title":"Plus qu\u2019une adh\u00e9sion. - Canadian Physiotherapy Association","og_description":"Plus qu\u2019une adh\u00e9sion. C\u2019est un mouvement.&nbsp; En adh\u00e9rant \u00e0 l\u2019Association canadienne de physioth\u00e9rapie (ACP), vous n\u2019avez pas seulement acc\u00e8s \u00e0 des ressources\u202f: vous faites partie d\u2019un mouvement national visant \u00e0 faire progresser la physioth\u00e9rapie et \u00e0 fa\u00e7onner l\u2019avenir des soins [&hellip;]","og_url":"https:\/\/physiotherapy.ca\/fr\/plus-quune-adhesion\/","og_site_name":"Canadian Physiotherapy Association","article_modified_time":"2025-08-12T13:48:29+00:00","og_image":[{"width":500,"height":500,"url":"https:\/\/physiotherapy.ca\/app\/uploads\/2025\/08\/1.png","type":"image\/png"}],"twitter_card":"summary_large_image","twitter_misc":{"Est. reading time":"4 minutes"},"schema":{"@context":"https:\/\/schema.org","@graph":[{"@type":"WebPage","@id":"https:\/\/physiotherapy.ca\/fr\/plus-quune-adhesion\/","url":"https:\/\/physiotherapy.ca\/fr\/plus-quune-adhesion\/","name":"Plus qu\u2019une adh\u00e9sion. - Canadian Physiotherapy Association","isPartOf":{"@id":"https:\/\/physiotherapy.ca\/#website"},"primaryImageOfPage":{"@id":"https:\/\/physiotherapy.ca\/fr\/plus-quune-adhesion\/#primaryimage"},"image":{"@id":"https:\/\/physiotherapy.ca\/fr\/plus-quune-adhesion\/#primaryimage"},"thumbnailUrl":"https:\/\/physiotherapy.ca\/app\/uploads\/2025\/08\/1.png","datePublished":"2025-08-08T19:25:56+00:00","dateModified":"2025-08-12T13:48:29+00:00","breadcrumb":{"@id":"https:\/\/physiotherapy.ca\/fr\/plus-quune-adhesion\/#breadcrumb"},"inLanguage":"fr-FR","potentialAction":[{"@type":"ReadAction","target":["https:\/\/physiotherapy.ca\/fr\/plus-quune-adhesion\/"]}]},{"@type":"ImageObject","inLanguage":"fr-FR","@id":"https:\/\/physiotherapy.ca\/fr\/plus-quune-adhesion\/#primaryimage","url":"https:\/\/physiotherapy.ca\/app\/uploads\/2025\/08\/1.png","contentUrl":"https:\/\/physiotherapy.ca\/app\/uploads\/2025\/08\/1.png"},{"@type":"BreadcrumbList","@id":"https:\/\/physiotherapy.ca\/fr\/plus-quune-adhesion\/#breadcrumb","itemListElement":[{"@type":"ListItem","position":1,"name":"Home","item":"https:\/\/physiotherapy.ca\/fr\/"},{"@type":"ListItem","position":2,"name":"Plus qu\u2019une adh\u00e9sion."}]},{"@type":"WebSite","@id":"https:\/\/physiotherapy.ca\/#website","url":"https:\/\/physiotherapy.ca\/","name":"Canadian Physiotherapy Association","description":"The Canadian Physiotherapy Association (CPA) represents over 16,000 physiotherapy professionals and students across Canada.","potentialAction":[{"@type":"SearchAction","target":{"@type":"EntryPoint","urlTemplate":"https:\/\/physiotherapy.ca\/?s={search_term_string}"},"query-input":{"@type":"PropertyValueSpecification","valueRequired":true,"valueName":"search_term_string"}}],"inLanguage":"fr-FR"}]}},"_links":{"self":[{"href":"https:\/\/physiotherapy.ca\/fr\/wp-json\/wp\/v2\/pages\/275317","targetHints":{"allow":["GET"]}}],"collection":[{"href":"https:\/\/physiotherapy.ca\/fr\/wp-json\/wp\/v2\/pages"}],"about":[{"href":"https:\/\/physiotherapy.ca\/fr\/wp-json\/wp\/v2\/types\/page"}],"author":[{"embeddable":true,"href":"https:\/\/physiotherapy.ca\/fr\/wp-json\/wp\/v2\/users\/30528"}],"replies":[{"embeddable":true,"href":"https:\/\/physiotherapy.ca\/fr\/wp-json\/wp\/v2\/comments?post=275317"}],"version-history":[{"count":6,"href":"https:\/\/physiotherapy.ca\/fr\/wp-json\/wp\/v2\/pages\/275317\/revisions"}],"predecessor-version":[{"id":275821,"href":"https:\/\/physiotherapy.ca\/fr\/wp-json\/wp\/v2\/pages\/275317\/revisions\/275821"}],"wp:attachment":[{"href":"https:\/\/physiotherapy.ca\/fr\/wp-json\/wp\/v2\/media?parent=275317"}],"wp:term":[{"taxonomy":"topic","embeddable":true,"href":"https:\/\/physiotherapy.ca\/fr\/wp-json\/wp\/v2\/topic?post=275317"}],"curies":[{"name":"wp","href":"https:\/\/api.w.org\/{rel}","templated":true}]}}