{"id":32370,"date":"2022-09-15T14:03:16","date_gmt":"2022-09-15T18:03:16","guid":{"rendered":"https:\/\/physiotherapy.ca\/?page_id=32370"},"modified":"2025-01-20T15:35:27","modified_gmt":"2025-01-20T20:35:27","slug":"goodlife-energie-cardio","status":"publish","type":"page","link":"https:\/\/physiotherapy.ca\/fr\/membership-fr\/rabais-et-privileges\/goodlife-energie-cardio\/","title":{"rendered":"Goodlife \/ \u00c9nergie Cardio"},"content":{"rendered":"\n<h3 class=\"wp-block-heading\">Toute la journ\u00e9e, vous travaillez \u00e0 prendre soin des Canadiens. N\u2019oubliez pas de prendre soin de vous-m\u00eame!<\/h3>\n\n\n\n<h4 class=\"wp-block-heading\">L\u2019Association canadienne de physioth\u00e9rapie offre un rabais de 30&nbsp;% sur l\u2019abonnement \u00e0 GoodLife Fitness, et ce, sans frais d\u2019adh\u00e9sion*!<\/h4>\n\n\n<div class=\"wp-block-image\">\n<figure class=\"aligncenter size-full is-resized\"><img loading=\"lazy\" decoding=\"async\" width=\"770\" height=\"124\" src=\"https:\/\/physiotherapy.ca\/app\/uploads\/2022\/07\/goodlife_banner.png\" alt=\"\" class=\"wp-image-3850\" style=\"width:862px;height:139px\" srcset=\"https:\/\/physiotherapy.ca\/app\/uploads\/2022\/07\/goodlife_banner.png 770w, https:\/\/physiotherapy.ca\/app\/uploads\/2022\/07\/goodlife_banner-300x48.png 300w, https:\/\/physiotherapy.ca\/app\/uploads\/2022\/07\/goodlife_banner-768x124.png 768w, https:\/\/physiotherapy.ca\/app\/uploads\/2022\/07\/goodlife_banner-390x63.png 390w, https:\/\/physiotherapy.ca\/app\/uploads\/2022\/07\/goodlife_banner-600x97.png 600w\" sizes=\"auto, (max-width: 770px) 100vw, 770px\" \/><\/figure><\/div>\n\n\n<p>Cliquez&nbsp;<a href=\"https:\/\/www.goodlifefitness.com\/membership.html\">ici<\/a>&nbsp;pour r\u00e9server une visite et un laissez-passer d\u2019essai d\u2019une journ\u00e9e.<\/p>\n\n\n\n<h4 class=\"wp-block-heading\">D\u00e9j\u00e0 abonn\u00e9 \u00e0 GoodLife Fitness? Aucun probl\u00e8me!<\/h4>\n\n\n\n<p>Vous avez quand m\u00eame droit au tarif d\u2019abonnement corporatif.<\/p>\n\n\n\n<p>Il suffit de fournir votre num\u00e9ro de membre ou votre code-barres pendant l\u2019inscription.<\/p>\n\n\n\n<h4 class=\"wp-block-heading\">Entra\u00eenez-vous avec toute votre famille!<\/h4>\n\n\n\n<p>Lorsque vous vous inscrivez chez GoodLife, jusqu\u2019\u00e0 deux (2) membres de votre famille peuvent \u00e9galement b\u00e9n\u00e9ficier de ce tarif sp\u00e9cial. Les membres de la famille sont d\u00e9finis comme le mari, la femme, le partenaire de m\u00eame sexe, le petit ami ou la petite amie, ou la personne \u00e0 charge du membre \u00e9ligible, conform\u00e9ment \u00e0 la politique de GoodLife en mati\u00e8re d\u2019\u00e2ge minimum. Le tarif d\u2019entreprise est \u00e9tendu \u00e0 deux (2) membres suppl\u00e9mentaires de la famille (il n\u2019est plus n\u00e9cessaire de vivre sous le m\u00eame toit).<\/p>\n\n\n\n<h4 class=\"wp-block-heading\">Membres du Qu\u00e9bec<\/h4>\n\n\n\n<p>Lorsque vous indiquez que \u00ab&nbsp;l\u2019emplacement principal o\u00f9 je m\u2019entra\u00eenerai est Qu\u00e9bec&nbsp;\u00bb, vous serez envoy\u00e9 \u00e0 \u00c9conofitness, une cha\u00eene de salles de sport appartenant \u00e0 GoodLife Fitness. Le rabais corporatif ne s\u2019applique pas \u00e0 cet abonnement distinct.&nbsp;<a href=\"https:\/\/econofitness.ca\/fr\">https:\/\/econofitness.ca\/fr<\/a><\/p>\n\n\n\n<h4 class=\"wp-block-heading\">Nouveaux membres de l&#8217;ACP<\/h4>\n\n\n\n<p>Les nouveaux membres de l\u2019ACP pourront profiter du rabais sur l\u2019abonnement \u00e0 GoodLife Fitness le premier du mois suivant leur adh\u00e9sion \u00e0 l\u2019ACP. (D\u00e9lai minimal de deux jours ouvrables, sans quoi il faudra attendre le premier du mois suivant.)&nbsp;<\/p>\n\n\n\n<h4 class=\"wp-block-heading\">Renseignements pour le formulaire d\u2019abonnement<\/h4>\n\n\n\n<ul class=\"wp-block-list\">\n<li>Entreprise\/organisation =&nbsp;Association canadienne de physioth\u00e9rapie<\/li>\n\n\n\n<li>Assurez-vous d\u2019avoir votre num\u00e9ro de membre de l\u2019ACP \u00e0 port\u00e9e de main.<\/li>\n\n\n\n<li>Si vous renouvelez votre abonnement \u00e0 GoodLife Fitness, assurez-vous d\u2019avoir votre num\u00e9ro de membre ou votre code-barres GoodLife Fitness (et ceux des membres de votre famille, le cas \u00e9ch\u00e9ant) \u00e0 port\u00e9e de main.<\/li>\n\n\n\n<li>Imprimez votre confirmation d\u2019abonnement et gardez-la pour vos dossiers.<\/li>\n<\/ul>\n\n\n\n<h4 class=\"wp-block-heading\">C\u2019est plus facile que jamais de s\u2019abonner!<\/h4>\n\n\n\n<p><strong>Si vous \u00eates un nouveau membre de GoodLife Fitness&nbsp;:<\/strong>&nbsp;Vous pouvez profiter du club imm\u00e9diatement apr\u00e8s vous \u00eatre abonn\u00e9, \u00e0 condition d\u2019apporter votre confirmation d\u2019abonnement. Lors de votre premi\u00e8re visite, on vous remettra une puce d\u2019acc\u00e8s et on prendra votre photo.<\/p>\n\n\n\n<h4 class=\"wp-block-heading\"><a href=\"https:\/\/corporate.goodlifefitness.com\/\">S\u2019abonner dans le portail d\u2019abonnement corporatif de GoodLife Fitness<\/a><\/h4>\n\n\n\n<p>Des questions?<\/p>\n\n\n\n<p>Communiquez avec GoodLife Fitness par courriel (<a href=\"mailto:corporateprograms@goodlifefitness.com\">corporateprograms@goodlifefitness.com<\/a>)&nbsp;ou par t\u00e9l\u00e9phone (1-800-287-4631).<\/p>\n\n\n\n<p style=\"font-size:14px\"><em>*Cette page contient des liens renvoyant \u00e0 des sites Web non administr\u00e9s par l\u2019ACP. Vous y trouverez des renseignements sur des services et des produits qui pourraient vous \u00eatre offerts. En cliquant sur ces liens, vous quitterez le site Web de l\u2019ACP pour acc\u00e9der au site d\u2019un tiers. Ces liens ne sont offerts que pour la commodit\u00e9. Leur pr\u00e9sence sur cette page ne signifie pas que l\u2019ACP a endoss\u00e9, examin\u00e9 ou v\u00e9rifi\u00e9 les sites Web auxquels ils renvoient, leur contenu ou leurs politiques de s\u00e9curit\u00e9 et de confidentialit\u00e9. En acc\u00e9dant \u00e0 ces sites de tiers ou en vous procurant les produits ou les services qui y sont offerts, vous assumez l\u2019int\u00e9gralit\u00e9 des risques et d\u00e9gagez l\u2019ACP de toute responsabilit\u00e9.<\/em><\/p>\n\n\n\n<p><\/p>\n\n\n\n<p class=\"has-small-font-size\"><em>*Rabais corporatif offert exclusivement aux membres actifs de l\u2019ACP. Vous devez rester membre actif de l\u2019ACP tout au long de la p\u00e9riode d\u2019abonnement \u00e0 GoodLife Fitness pour profiter du rabais.<\/em><\/p>\n\n\n\n<p><\/p>\n","protected":false},"excerpt":{"rendered":"<p>Toute la journ\u00e9e, vous travaillez \u00e0 prendre soin des Canadiens. N\u2019oubliez pas de prendre soin de vous-m\u00eame! L\u2019Association canadienne de physioth\u00e9rapie offre un rabais de 30&nbsp;% sur l\u2019abonnement \u00e0 GoodLife Fitness, et ce, sans frais d\u2019adh\u00e9sion*! Cliquez&nbsp;ici&nbsp;pour r\u00e9server une visite [&hellip;]<\/p>\n","protected":false},"author":2792,"featured_media":0,"parent":5063,"menu_order":2,"comment_status":"closed","ping_status":"closed","template":"","meta":{"inline_featured_image":false,"ep_exclude_from_search":false,"footnotes":""},"topic":[],"class_list":["post-32370","page","type-page","status-publish","hentry"],"acf":[],"yoast_head":"<!-- This site is optimized with the Yoast SEO plugin v24.7 - https:\/\/yoast.com\/wordpress\/plugins\/seo\/ -->\n<title>Goodlife \/ \u00c9nergie Cardio - Canadian Physiotherapy Association<\/title>\n<meta name=\"robots\" content=\"index, follow, max-snippet:-1, max-image-preview:large, max-video-preview:-1\" \/>\n<link rel=\"canonical\" href=\"https:\/\/physiotherapy.ca\/fr\/membership-fr\/rabais-et-privileges\/goodlife-energie-cardio\/\" \/>\n<meta property=\"og:locale\" content=\"fr_FR\" \/>\n<meta property=\"og:type\" content=\"article\" \/>\n<meta property=\"og:title\" content=\"Goodlife \/ \u00c9nergie Cardio - Canadian Physiotherapy Association\" \/>\n<meta property=\"og:description\" content=\"Toute la journ\u00e9e, vous travaillez \u00e0 prendre soin des Canadiens. N\u2019oubliez pas de prendre soin de vous-m\u00eame! L\u2019Association canadienne de physioth\u00e9rapie offre un rabais de 30&nbsp;% sur l\u2019abonnement \u00e0 GoodLife Fitness, et ce, sans frais d\u2019adh\u00e9sion*! Cliquez&nbsp;ici&nbsp;pour r\u00e9server une visite [&hellip;]\" \/>\n<meta property=\"og:url\" content=\"https:\/\/physiotherapy.ca\/fr\/membership-fr\/rabais-et-privileges\/goodlife-energie-cardio\/\" \/>\n<meta property=\"og:site_name\" content=\"Canadian Physiotherapy Association\" \/>\n<meta property=\"article:modified_time\" content=\"2025-01-20T20:35:27+00:00\" \/>\n<meta property=\"og:image\" content=\"https:\/\/physiotherapy.ca\/app\/uploads\/2022\/07\/goodlife_banner.png\" \/>\n<meta name=\"twitter:card\" content=\"summary_large_image\" \/>\n<meta name=\"twitter:label1\" content=\"Est. reading time\" \/>\n\t<meta name=\"twitter:data1\" content=\"3 minutes\" \/>\n<script type=\"application\/ld+json\" class=\"yoast-schema-graph\">{\"@context\":\"https:\/\/schema.org\",\"@graph\":[{\"@type\":\"WebPage\",\"@id\":\"https:\/\/physiotherapy.ca\/fr\/membership-fr\/rabais-et-privileges\/goodlife-energie-cardio\/\",\"url\":\"https:\/\/physiotherapy.ca\/fr\/membership-fr\/rabais-et-privileges\/goodlife-energie-cardio\/\",\"name\":\"Goodlife \/ \u00c9nergie Cardio - Canadian Physiotherapy Association\",\"isPartOf\":{\"@id\":\"https:\/\/physiotherapy.ca\/#website\"},\"primaryImageOfPage\":{\"@id\":\"https:\/\/physiotherapy.ca\/fr\/membership-fr\/rabais-et-privileges\/goodlife-energie-cardio\/#primaryimage\"},\"image\":{\"@id\":\"https:\/\/physiotherapy.ca\/fr\/membership-fr\/rabais-et-privileges\/goodlife-energie-cardio\/#primaryimage\"},\"thumbnailUrl\":\"https:\/\/physiotherapy.ca\/app\/uploads\/2022\/07\/goodlife_banner.png\",\"datePublished\":\"2022-09-15T18:03:16+00:00\",\"dateModified\":\"2025-01-20T20:35:27+00:00\",\"breadcrumb\":{\"@id\":\"https:\/\/physiotherapy.ca\/fr\/membership-fr\/rabais-et-privileges\/goodlife-energie-cardio\/#breadcrumb\"},\"inLanguage\":\"fr-FR\",\"potentialAction\":[{\"@type\":\"ReadAction\",\"target\":[\"https:\/\/physiotherapy.ca\/fr\/membership-fr\/rabais-et-privileges\/goodlife-energie-cardio\/\"]}]},{\"@type\":\"ImageObject\",\"inLanguage\":\"fr-FR\",\"@id\":\"https:\/\/physiotherapy.ca\/fr\/membership-fr\/rabais-et-privileges\/goodlife-energie-cardio\/#primaryimage\",\"url\":\"https:\/\/physiotherapy.ca\/app\/uploads\/2022\/07\/goodlife_banner.png\",\"contentUrl\":\"https:\/\/physiotherapy.ca\/app\/uploads\/2022\/07\/goodlife_banner.png\"},{\"@type\":\"BreadcrumbList\",\"@id\":\"https:\/\/physiotherapy.ca\/fr\/membership-fr\/rabais-et-privileges\/goodlife-energie-cardio\/#breadcrumb\",\"itemListElement\":[{\"@type\":\"ListItem\",\"position\":1,\"name\":\"Home\",\"item\":\"https:\/\/physiotherapy.ca\/fr\/\"},{\"@type\":\"ListItem\",\"position\":2,\"name\":\"Membership FR\",\"item\":\"https:\/\/physiotherapy.ca\/fr\/membership-fr\/\"},{\"@type\":\"ListItem\",\"position\":3,\"name\":\"Rabais et privil\u00e8ges\",\"item\":\"https:\/\/physiotherapy.ca\/fr\/membership-fr\/rabais-et-privileges\/\"},{\"@type\":\"ListItem\",\"position\":4,\"name\":\"Goodlife \/ \u00c9nergie Cardio\"}]},{\"@type\":\"WebSite\",\"@id\":\"https:\/\/physiotherapy.ca\/#website\",\"url\":\"https:\/\/physiotherapy.ca\/\",\"name\":\"Canadian Physiotherapy Association\",\"description\":\"The Canadian Physiotherapy Association (CPA) represents over 16,000 physiotherapy professionals and students across Canada.\",\"potentialAction\":[{\"@type\":\"SearchAction\",\"target\":{\"@type\":\"EntryPoint\",\"urlTemplate\":\"https:\/\/physiotherapy.ca\/?s={search_term_string}\"},\"query-input\":{\"@type\":\"PropertyValueSpecification\",\"valueRequired\":true,\"valueName\":\"search_term_string\"}}],\"inLanguage\":\"fr-FR\"}]}<\/script>\n<!-- \/ Yoast SEO plugin. -->","yoast_head_json":{"title":"Goodlife \/ \u00c9nergie Cardio - Canadian Physiotherapy Association","robots":{"index":"index","follow":"follow","max-snippet":"max-snippet:-1","max-image-preview":"max-image-preview:large","max-video-preview":"max-video-preview:-1"},"canonical":"https:\/\/physiotherapy.ca\/fr\/membership-fr\/rabais-et-privileges\/goodlife-energie-cardio\/","og_locale":"fr_FR","og_type":"article","og_title":"Goodlife \/ \u00c9nergie Cardio - Canadian Physiotherapy Association","og_description":"Toute la journ\u00e9e, vous travaillez \u00e0 prendre soin des Canadiens. N\u2019oubliez pas de prendre soin de vous-m\u00eame! L\u2019Association canadienne de physioth\u00e9rapie offre un rabais de 30&nbsp;% sur l\u2019abonnement \u00e0 GoodLife Fitness, et ce, sans frais d\u2019adh\u00e9sion*! Cliquez&nbsp;ici&nbsp;pour r\u00e9server une visite [&hellip;]","og_url":"https:\/\/physiotherapy.ca\/fr\/membership-fr\/rabais-et-privileges\/goodlife-energie-cardio\/","og_site_name":"Canadian Physiotherapy Association","article_modified_time":"2025-01-20T20:35:27+00:00","og_image":[{"url":"https:\/\/physiotherapy.ca\/app\/uploads\/2022\/07\/goodlife_banner.png","type":"","width":"","height":""}],"twitter_card":"summary_large_image","twitter_misc":{"Est. reading time":"3 minutes"},"schema":{"@context":"https:\/\/schema.org","@graph":[{"@type":"WebPage","@id":"https:\/\/physiotherapy.ca\/fr\/membership-fr\/rabais-et-privileges\/goodlife-energie-cardio\/","url":"https:\/\/physiotherapy.ca\/fr\/membership-fr\/rabais-et-privileges\/goodlife-energie-cardio\/","name":"Goodlife \/ \u00c9nergie Cardio - Canadian Physiotherapy Association","isPartOf":{"@id":"https:\/\/physiotherapy.ca\/#website"},"primaryImageOfPage":{"@id":"https:\/\/physiotherapy.ca\/fr\/membership-fr\/rabais-et-privileges\/goodlife-energie-cardio\/#primaryimage"},"image":{"@id":"https:\/\/physiotherapy.ca\/fr\/membership-fr\/rabais-et-privileges\/goodlife-energie-cardio\/#primaryimage"},"thumbnailUrl":"https:\/\/physiotherapy.ca\/app\/uploads\/2022\/07\/goodlife_banner.png","datePublished":"2022-09-15T18:03:16+00:00","dateModified":"2025-01-20T20:35:27+00:00","breadcrumb":{"@id":"https:\/\/physiotherapy.ca\/fr\/membership-fr\/rabais-et-privileges\/goodlife-energie-cardio\/#breadcrumb"},"inLanguage":"fr-FR","potentialAction":[{"@type":"ReadAction","target":["https:\/\/physiotherapy.ca\/fr\/membership-fr\/rabais-et-privileges\/goodlife-energie-cardio\/"]}]},{"@type":"ImageObject","inLanguage":"fr-FR","@id":"https:\/\/physiotherapy.ca\/fr\/membership-fr\/rabais-et-privileges\/goodlife-energie-cardio\/#primaryimage","url":"https:\/\/physiotherapy.ca\/app\/uploads\/2022\/07\/goodlife_banner.png","contentUrl":"https:\/\/physiotherapy.ca\/app\/uploads\/2022\/07\/goodlife_banner.png"},{"@type":"BreadcrumbList","@id":"https:\/\/physiotherapy.ca\/fr\/membership-fr\/rabais-et-privileges\/goodlife-energie-cardio\/#breadcrumb","itemListElement":[{"@type":"ListItem","position":1,"name":"Home","item":"https:\/\/physiotherapy.ca\/fr\/"},{"@type":"ListItem","position":2,"name":"Membership FR","item":"https:\/\/physiotherapy.ca\/fr\/membership-fr\/"},{"@type":"ListItem","position":3,"name":"Rabais et privil\u00e8ges","item":"https:\/\/physiotherapy.ca\/fr\/membership-fr\/rabais-et-privileges\/"},{"@type":"ListItem","position":4,"name":"Goodlife \/ \u00c9nergie Cardio"}]},{"@type":"WebSite","@id":"https:\/\/physiotherapy.ca\/#website","url":"https:\/\/physiotherapy.ca\/","name":"Canadian Physiotherapy Association","description":"The Canadian Physiotherapy Association (CPA) represents over 16,000 physiotherapy professionals and students across Canada.","potentialAction":[{"@type":"SearchAction","target":{"@type":"EntryPoint","urlTemplate":"https:\/\/physiotherapy.ca\/?s={search_term_string}"},"query-input":{"@type":"PropertyValueSpecification","valueRequired":true,"valueName":"search_term_string"}}],"inLanguage":"fr-FR"}]}},"_links":{"self":[{"href":"https:\/\/physiotherapy.ca\/fr\/wp-json\/wp\/v2\/pages\/32370","targetHints":{"allow":["GET"]}}],"collection":[{"href":"https:\/\/physiotherapy.ca\/fr\/wp-json\/wp\/v2\/pages"}],"about":[{"href":"https:\/\/physiotherapy.ca\/fr\/wp-json\/wp\/v2\/types\/page"}],"author":[{"embeddable":true,"href":"https:\/\/physiotherapy.ca\/fr\/wp-json\/wp\/v2\/users\/2792"}],"replies":[{"embeddable":true,"href":"https:\/\/physiotherapy.ca\/fr\/wp-json\/wp\/v2\/comments?post=32370"}],"version-history":[{"count":4,"href":"https:\/\/physiotherapy.ca\/fr\/wp-json\/wp\/v2\/pages\/32370\/revisions"}],"predecessor-version":[{"id":254904,"href":"https:\/\/physiotherapy.ca\/fr\/wp-json\/wp\/v2\/pages\/32370\/revisions\/254904"}],"up":[{"embeddable":true,"href":"https:\/\/physiotherapy.ca\/fr\/wp-json\/wp\/v2\/pages\/5063"}],"wp:attachment":[{"href":"https:\/\/physiotherapy.ca\/fr\/wp-json\/wp\/v2\/media?parent=32370"}],"wp:term":[{"taxonomy":"topic","embeddable":true,"href":"https:\/\/physiotherapy.ca\/fr\/wp-json\/wp\/v2\/topic?post=32370"}],"curies":[{"name":"wp","href":"https:\/\/api.w.org\/{rel}","templated":true}]}}