{"id":33316,"date":"2022-09-16T09:53:15","date_gmt":"2022-09-16T13:53:15","guid":{"rendered":"https:\/\/physiotherapy.ca\/?page_id=33316"},"modified":"2022-09-16T09:53:18","modified_gmt":"2022-09-16T13:53:18","slug":"first-defence-face-masks","status":"publish","type":"page","link":"https:\/\/physiotherapy.ca\/fr\/first-defence-face-masks\/","title":{"rendered":"First Defence Face Masks"},"content":{"rendered":"<div class=\"wp-block-image\">\n<figure class=\"aligncenter size-full\"><img loading=\"lazy\" decoding=\"async\" width=\"768\" height=\"155\" src=\"https:\/\/physiotherapy.ca\/app\/uploads\/2022\/07\/first_defence_face_masks_en.png\" alt=\"\" class=\"wp-image-3734\" srcset=\"https:\/\/physiotherapy.ca\/app\/uploads\/2022\/07\/first_defence_face_masks_en.png 768w, https:\/\/physiotherapy.ca\/app\/uploads\/2022\/07\/first_defence_face_masks_en-300x61.png 300w, https:\/\/physiotherapy.ca\/app\/uploads\/2022\/07\/first_defence_face_masks_en-390x79.png 390w, https:\/\/physiotherapy.ca\/app\/uploads\/2022\/07\/first_defence_face_masks_en-600x121.png 600w\" sizes=\"auto, (max-width: 768px) 100vw, 768px\" \/><\/figure><\/div>\n\n<div class=\"wp-block-image\">\n<figure class=\"aligncenter size-full is-resized\"><img loading=\"lazy\" decoding=\"async\" src=\"https:\/\/physiotherapy.ca\/app\/uploads\/2022\/07\/first_defence_face_masks_03_-_resized.jpg\" alt=\"\" class=\"wp-image-3845\" width=\"513\" height=\"361\" srcset=\"https:\/\/physiotherapy.ca\/app\/uploads\/2022\/07\/first_defence_face_masks_03_-_resized.jpg 712w, https:\/\/physiotherapy.ca\/app\/uploads\/2022\/07\/first_defence_face_masks_03_-_resized-300x211.jpg 300w, https:\/\/physiotherapy.ca\/app\/uploads\/2022\/07\/first_defence_face_masks_03_-_resized-285x200.jpg 285w, https:\/\/physiotherapy.ca\/app\/uploads\/2022\/07\/first_defence_face_masks_03_-_resized-600x421.jpg 600w\" sizes=\"auto, (max-width: 513px) 100vw, 513px\" \/><\/figure><\/div>\n\n\n<p>First Defence Face Masks est une entreprise de Calgary qui produit des masques m\u00e9dicaux ASTM niveau\u00a03. Elle a \u00e9t\u00e9 fond\u00e9e avec la vision de rapatrier au Canada la production de fournitures m\u00e9dicales essentielles. Les masques First Defence r\u00e9pondent \u00e0 la norme ASTM\u00a0F2100 et sont approuv\u00e9s par Sant\u00e9 Canada.<\/p>\n\n\n\n<p>Les membres de l\u2019ACP peuvent obtenir une r\u00e9duction de 20\u00a0% sur toutes les commandes ainsi que la livraison gratuite partout au Canada.<\/p>\n\n\n\n<h4 class=\"wp-block-heading\">Pour profiter de votre rabais, c&#8217;est tr\u00e8s simple :<\/h4>\n\n\n\n<ol class=\"wp-block-list\"><li>Magasinez sur le\u00a0<a href=\"https:\/\/firstdefencefacemasks.com\/products-face-masks\/\">site Web de First Defence Face Masks<\/a>.<\/li><li>Au moment de passer votre commande, entrez le code promotionnel\u00a0:\u00a0<strong>CPA20<\/strong><\/li><\/ol>\n\n\n\n<p><\/p>\n\n\n\n<p>Le plan strat\u00e9gique de l\u2019entreprise pr\u00e9voit la cr\u00e9ation de plus de 112\u00a0emplois et des retomb\u00e9es de plus de 7,5\u00a0millions de dollars pour l\u2019\u00e9conomie canadienne en\u00a02021. Parce que les masques sont fabriqu\u00e9s au Canada, l\u2019entreprise peut s\u00e9lectionner les meilleurs mat\u00e9riaux et superviser le processus de production de A \u00e0 Z. Cela lui permet aussi d\u2019adapter rapidement le produit en fonction du retour des utilisateurs.<\/p>\n\n\n\n<p>First Defence Face Masks\u00a0est d\u00e9j\u00e0 en bonne voie de concr\u00e9tiser sa vision\u00a0d\u2019utiliser des mat\u00e9riaux\u00a0100\u00a0% canadiens. Entre autres, la couche filtrante \u00e0 fusion souffl\u00e9e, une composante importante des masques, provient d\u2019une entreprise albertaine.<\/p>\n\n\n\n<div class=\"wp-block-columns is-layout-flex wp-container-core-columns-is-layout-1 wp-block-columns-is-layout-flex\">\n<div class=\"wp-block-column is-layout-flow wp-block-column-is-layout-flow\">\n<figure class=\"wp-block-image size-full\"><img loading=\"lazy\" decoding=\"async\" width=\"551\" height=\"500\" src=\"https:\/\/physiotherapy.ca\/app\/uploads\/2022\/07\/first_defence_face_masks_04_-_resized.jpg\" alt=\"\" class=\"wp-image-3843\" srcset=\"https:\/\/physiotherapy.ca\/app\/uploads\/2022\/07\/first_defence_face_masks_04_-_resized.jpg 551w, https:\/\/physiotherapy.ca\/app\/uploads\/2022\/07\/first_defence_face_masks_04_-_resized-300x272.jpg 300w, https:\/\/physiotherapy.ca\/app\/uploads\/2022\/07\/first_defence_face_masks_04_-_resized-220x200.jpg 220w\" sizes=\"auto, (max-width: 551px) 100vw, 551px\" \/><\/figure>\n<\/div>\n\n\n\n<div class=\"wp-block-column is-layout-flow wp-block-column-is-layout-flow\">\n<figure class=\"wp-block-image size-full is-resized\"><img loading=\"lazy\" decoding=\"async\" src=\"https:\/\/physiotherapy.ca\/app\/uploads\/2022\/07\/first_defence_face_masks_05_-_resized.jpg\" alt=\"\" class=\"wp-image-3841\" width=\"433\" height=\"362\" srcset=\"https:\/\/physiotherapy.ca\/app\/uploads\/2022\/07\/first_defence_face_masks_05_-_resized.jpg 597w, https:\/\/physiotherapy.ca\/app\/uploads\/2022\/07\/first_defence_face_masks_05_-_resized-300x251.jpg 300w, https:\/\/physiotherapy.ca\/app\/uploads\/2022\/07\/first_defence_face_masks_05_-_resized-239x200.jpg 239w\" sizes=\"auto, (max-width: 433px) 100vw, 433px\" \/><\/figure>\n<\/div>\n<\/div>\n\n\n\n<p>Quand vous portez un masque First Defence, vous savez que vous b\u00e9n\u00e9ficiez de la meilleure protection et d\u2019un produit fabriqu\u00e9 au Canada.\u00a0<\/p>\n\n\n\n<ul class=\"wp-block-list\"><li><strong><strong>Test\u00e9s et approuv\u00e9s niveau\u00a03\u00a0<\/strong><\/strong>\u2013<strong> <\/strong>Les masques m\u00e9dicaux fabriqu\u00e9s au Canada sont conformes \u00e0 la norme ASTM\u00a0F2100 niveau\u00a03.<br>\u00a0<\/li><li><strong><strong>Fabriqu\u00e9s au Canada<\/strong>\u00a0<\/strong>\u2013 Les masques sont fabriqu\u00e9s \u00e0 Calgary. First Defence Face Masks\u00a0peut ainsi r\u00e9investir dans l\u2019\u00e9conomie canadienne, employer des travailleurs locaux et imposer un processus de contr\u00f4le de la qualit\u00e9 rigoureux.<br>\u00a0<\/li><li><strong><strong>Filtre fabriqu\u00e9 au Canada<\/strong><\/strong>\u00a0\u2013 La couche filtrante est fabriqu\u00e9e en Alberta et a \u00e9t\u00e9 test\u00e9e conform\u00e9ment \u00e0 la norme ASTM\u00a0F2100. L\u2019utilisation de mat\u00e9riaux canadiens soutient notre \u00e9conomie et r\u00e9duit notre vuln\u00e9rabilit\u00e9 \u00e0 une rupture de la cha\u00eene d\u2019approvisionnement.<br>\u00a0<\/li><\/ul>\n\n\n\n<div class=\"wp-block-columns is-layout-flex wp-container-core-columns-is-layout-2 wp-block-columns-is-layout-flex\">\n<div class=\"wp-block-column is-layout-flow wp-block-column-is-layout-flow\">\n<figure class=\"wp-block-image size-large\"><img loading=\"lazy\" decoding=\"async\" width=\"768\" height=\"1024\" src=\"https:\/\/physiotherapy.ca\/app\/uploads\/2022\/07\/first_defence_face_masks_01-768x1024.jpg\" alt=\"\" class=\"wp-image-3839\" srcset=\"https:\/\/physiotherapy.ca\/app\/uploads\/2022\/07\/first_defence_face_masks_01-768x1024.jpg 768w, https:\/\/physiotherapy.ca\/app\/uploads\/2022\/07\/first_defence_face_masks_01-600x800.jpg 600w, https:\/\/physiotherapy.ca\/app\/uploads\/2022\/07\/first_defence_face_masks_01-225x300.jpg 225w, https:\/\/physiotherapy.ca\/app\/uploads\/2022\/07\/first_defence_face_masks_01-1152x1536.jpg 1152w, https:\/\/physiotherapy.ca\/app\/uploads\/2022\/07\/first_defence_face_masks_01-1536x2048.jpg 1536w, https:\/\/physiotherapy.ca\/app\/uploads\/2022\/07\/first_defence_face_masks_01-150x200.jpg 150w, https:\/\/physiotherapy.ca\/app\/uploads\/2022\/07\/first_defence_face_masks_01-scaled.jpg 1920w\" sizes=\"auto, (max-width: 768px) 100vw, 768px\" \/><\/figure>\n<\/div>\n\n\n\n<div class=\"wp-block-column is-layout-flow wp-block-column-is-layout-flow\">\n<figure class=\"wp-block-image size-large\"><img loading=\"lazy\" decoding=\"async\" width=\"768\" height=\"1024\" src=\"https:\/\/physiotherapy.ca\/app\/uploads\/2022\/07\/first_defence_face_masks_02-768x1024.jpg\" alt=\"\" class=\"wp-image-3837\" srcset=\"https:\/\/physiotherapy.ca\/app\/uploads\/2022\/07\/first_defence_face_masks_02-768x1024.jpg 768w, https:\/\/physiotherapy.ca\/app\/uploads\/2022\/07\/first_defence_face_masks_02-600x800.jpg 600w, https:\/\/physiotherapy.ca\/app\/uploads\/2022\/07\/first_defence_face_masks_02-225x300.jpg 225w, https:\/\/physiotherapy.ca\/app\/uploads\/2022\/07\/first_defence_face_masks_02-1152x1536.jpg 1152w, https:\/\/physiotherapy.ca\/app\/uploads\/2022\/07\/first_defence_face_masks_02-1536x2048.jpg 1536w, https:\/\/physiotherapy.ca\/app\/uploads\/2022\/07\/first_defence_face_masks_02-150x200.jpg 150w, https:\/\/physiotherapy.ca\/app\/uploads\/2022\/07\/first_defence_face_masks_02-scaled.jpg 1920w\" sizes=\"auto, (max-width: 768px) 100vw, 768px\" \/><\/figure>\n<\/div>\n<\/div>\n\n\n\n<div class=\"wp-block-buttons is-layout-flex wp-block-buttons-is-layout-flex\">\n<div class=\"wp-block-button aligncenter has-custom-font-size has-medium-font-size\"><a class=\"wp-block-button__link\" href=\"https:\/\/firstdefencefacemasks.com\/products-face-masks\/\">Achetez Maintenant<\/a><\/div>\n<\/div>\n","protected":false},"excerpt":{"rendered":"<p>First Defence Face Masks est une entreprise de Calgary qui produit des masques m\u00e9dicaux ASTM niveau\u00a03. Elle a \u00e9t\u00e9 fond\u00e9e avec la vision de rapatrier au Canada la production de fournitures m\u00e9dicales essentielles. Les masques First Defence r\u00e9pondent \u00e0 la [&hellip;]<\/p>\n","protected":false},"author":2792,"featured_media":0,"parent":0,"menu_order":0,"comment_status":"closed","ping_status":"closed","template":"","meta":{"inline_featured_image":false,"ep_exclude_from_search":false,"footnotes":""},"topic":[],"class_list":["post-33316","page","type-page","status-publish","hentry"],"acf":[],"yoast_head":"<!-- This site is optimized with the Yoast SEO plugin v24.7 - https:\/\/yoast.com\/wordpress\/plugins\/seo\/ -->\n<title>First Defence Face Masks - Canadian Physiotherapy Association<\/title>\n<meta name=\"robots\" content=\"index, follow, max-snippet:-1, max-image-preview:large, max-video-preview:-1\" \/>\n<link rel=\"canonical\" href=\"https:\/\/physiotherapy.ca\/fr\/first-defence-face-masks\/\" \/>\n<meta property=\"og:locale\" content=\"fr_FR\" \/>\n<meta property=\"og:type\" content=\"article\" \/>\n<meta property=\"og:title\" content=\"First Defence Face Masks - Canadian Physiotherapy Association\" \/>\n<meta property=\"og:description\" content=\"First Defence Face Masks est une entreprise de Calgary qui produit des masques m\u00e9dicaux ASTM niveau\u00a03. Elle a \u00e9t\u00e9 fond\u00e9e avec la vision de rapatrier au Canada la production de fournitures m\u00e9dicales essentielles. Les masques First Defence r\u00e9pondent \u00e0 la [&hellip;]\" \/>\n<meta property=\"og:url\" content=\"https:\/\/physiotherapy.ca\/fr\/first-defence-face-masks\/\" \/>\n<meta property=\"og:site_name\" content=\"Canadian Physiotherapy Association\" \/>\n<meta property=\"article:modified_time\" content=\"2022-09-16T13:53:18+00:00\" \/>\n<meta property=\"og:image\" content=\"https:\/\/physiotherapy.ca\/app\/uploads\/2022\/07\/first_defence_face_masks_en.png\" \/>\n<meta name=\"twitter:card\" content=\"summary_large_image\" \/>\n<meta name=\"twitter:label1\" content=\"Est. reading time\" \/>\n\t<meta name=\"twitter:data1\" content=\"3 minutes\" \/>\n<script type=\"application\/ld+json\" class=\"yoast-schema-graph\">{\"@context\":\"https:\/\/schema.org\",\"@graph\":[{\"@type\":\"WebPage\",\"@id\":\"https:\/\/physiotherapy.ca\/fr\/first-defence-face-masks\/\",\"url\":\"https:\/\/physiotherapy.ca\/fr\/first-defence-face-masks\/\",\"name\":\"First Defence Face Masks - Canadian Physiotherapy Association\",\"isPartOf\":{\"@id\":\"https:\/\/physiotherapy.ca\/#website\"},\"primaryImageOfPage\":{\"@id\":\"https:\/\/physiotherapy.ca\/fr\/first-defence-face-masks\/#primaryimage\"},\"image\":{\"@id\":\"https:\/\/physiotherapy.ca\/fr\/first-defence-face-masks\/#primaryimage\"},\"thumbnailUrl\":\"https:\/\/physiotherapy.ca\/app\/uploads\/2022\/07\/first_defence_face_masks_en.png\",\"datePublished\":\"2022-09-16T13:53:15+00:00\",\"dateModified\":\"2022-09-16T13:53:18+00:00\",\"breadcrumb\":{\"@id\":\"https:\/\/physiotherapy.ca\/fr\/first-defence-face-masks\/#breadcrumb\"},\"inLanguage\":\"fr-FR\",\"potentialAction\":[{\"@type\":\"ReadAction\",\"target\":[\"https:\/\/physiotherapy.ca\/fr\/first-defence-face-masks\/\"]}]},{\"@type\":\"ImageObject\",\"inLanguage\":\"fr-FR\",\"@id\":\"https:\/\/physiotherapy.ca\/fr\/first-defence-face-masks\/#primaryimage\",\"url\":\"https:\/\/physiotherapy.ca\/app\/uploads\/2022\/07\/first_defence_face_masks_en.png\",\"contentUrl\":\"https:\/\/physiotherapy.ca\/app\/uploads\/2022\/07\/first_defence_face_masks_en.png\"},{\"@type\":\"BreadcrumbList\",\"@id\":\"https:\/\/physiotherapy.ca\/fr\/first-defence-face-masks\/#breadcrumb\",\"itemListElement\":[{\"@type\":\"ListItem\",\"position\":1,\"name\":\"Home\",\"item\":\"https:\/\/physiotherapy.ca\/fr\/\"},{\"@type\":\"ListItem\",\"position\":2,\"name\":\"First Defence Face Masks\"}]},{\"@type\":\"WebSite\",\"@id\":\"https:\/\/physiotherapy.ca\/#website\",\"url\":\"https:\/\/physiotherapy.ca\/\",\"name\":\"Canadian Physiotherapy Association\",\"description\":\"The Canadian Physiotherapy Association (CPA) represents over 16,000 physiotherapy professionals and students across Canada.\",\"potentialAction\":[{\"@type\":\"SearchAction\",\"target\":{\"@type\":\"EntryPoint\",\"urlTemplate\":\"https:\/\/physiotherapy.ca\/?s={search_term_string}\"},\"query-input\":{\"@type\":\"PropertyValueSpecification\",\"valueRequired\":true,\"valueName\":\"search_term_string\"}}],\"inLanguage\":\"fr-FR\"}]}<\/script>\n<!-- \/ Yoast SEO plugin. -->","yoast_head_json":{"title":"First Defence Face Masks - Canadian Physiotherapy Association","robots":{"index":"index","follow":"follow","max-snippet":"max-snippet:-1","max-image-preview":"max-image-preview:large","max-video-preview":"max-video-preview:-1"},"canonical":"https:\/\/physiotherapy.ca\/fr\/first-defence-face-masks\/","og_locale":"fr_FR","og_type":"article","og_title":"First Defence Face Masks - Canadian Physiotherapy Association","og_description":"First Defence Face Masks est une entreprise de Calgary qui produit des masques m\u00e9dicaux ASTM niveau\u00a03. Elle a \u00e9t\u00e9 fond\u00e9e avec la vision de rapatrier au Canada la production de fournitures m\u00e9dicales essentielles. Les masques First Defence r\u00e9pondent \u00e0 la [&hellip;]","og_url":"https:\/\/physiotherapy.ca\/fr\/first-defence-face-masks\/","og_site_name":"Canadian Physiotherapy Association","article_modified_time":"2022-09-16T13:53:18+00:00","og_image":[{"url":"https:\/\/physiotherapy.ca\/app\/uploads\/2022\/07\/first_defence_face_masks_en.png","type":"","width":"","height":""}],"twitter_card":"summary_large_image","twitter_misc":{"Est. reading time":"3 minutes"},"schema":{"@context":"https:\/\/schema.org","@graph":[{"@type":"WebPage","@id":"https:\/\/physiotherapy.ca\/fr\/first-defence-face-masks\/","url":"https:\/\/physiotherapy.ca\/fr\/first-defence-face-masks\/","name":"First Defence Face Masks - Canadian Physiotherapy Association","isPartOf":{"@id":"https:\/\/physiotherapy.ca\/#website"},"primaryImageOfPage":{"@id":"https:\/\/physiotherapy.ca\/fr\/first-defence-face-masks\/#primaryimage"},"image":{"@id":"https:\/\/physiotherapy.ca\/fr\/first-defence-face-masks\/#primaryimage"},"thumbnailUrl":"https:\/\/physiotherapy.ca\/app\/uploads\/2022\/07\/first_defence_face_masks_en.png","datePublished":"2022-09-16T13:53:15+00:00","dateModified":"2022-09-16T13:53:18+00:00","breadcrumb":{"@id":"https:\/\/physiotherapy.ca\/fr\/first-defence-face-masks\/#breadcrumb"},"inLanguage":"fr-FR","potentialAction":[{"@type":"ReadAction","target":["https:\/\/physiotherapy.ca\/fr\/first-defence-face-masks\/"]}]},{"@type":"ImageObject","inLanguage":"fr-FR","@id":"https:\/\/physiotherapy.ca\/fr\/first-defence-face-masks\/#primaryimage","url":"https:\/\/physiotherapy.ca\/app\/uploads\/2022\/07\/first_defence_face_masks_en.png","contentUrl":"https:\/\/physiotherapy.ca\/app\/uploads\/2022\/07\/first_defence_face_masks_en.png"},{"@type":"BreadcrumbList","@id":"https:\/\/physiotherapy.ca\/fr\/first-defence-face-masks\/#breadcrumb","itemListElement":[{"@type":"ListItem","position":1,"name":"Home","item":"https:\/\/physiotherapy.ca\/fr\/"},{"@type":"ListItem","position":2,"name":"First Defence Face Masks"}]},{"@type":"WebSite","@id":"https:\/\/physiotherapy.ca\/#website","url":"https:\/\/physiotherapy.ca\/","name":"Canadian Physiotherapy Association","description":"The Canadian Physiotherapy Association (CPA) represents over 16,000 physiotherapy professionals and students across Canada.","potentialAction":[{"@type":"SearchAction","target":{"@type":"EntryPoint","urlTemplate":"https:\/\/physiotherapy.ca\/?s={search_term_string}"},"query-input":{"@type":"PropertyValueSpecification","valueRequired":true,"valueName":"search_term_string"}}],"inLanguage":"fr-FR"}]}},"_links":{"self":[{"href":"https:\/\/physiotherapy.ca\/fr\/wp-json\/wp\/v2\/pages\/33316","targetHints":{"allow":["GET"]}}],"collection":[{"href":"https:\/\/physiotherapy.ca\/fr\/wp-json\/wp\/v2\/pages"}],"about":[{"href":"https:\/\/physiotherapy.ca\/fr\/wp-json\/wp\/v2\/types\/page"}],"author":[{"embeddable":true,"href":"https:\/\/physiotherapy.ca\/fr\/wp-json\/wp\/v2\/users\/2792"}],"replies":[{"embeddable":true,"href":"https:\/\/physiotherapy.ca\/fr\/wp-json\/wp\/v2\/comments?post=33316"}],"version-history":[{"count":1,"href":"https:\/\/physiotherapy.ca\/fr\/wp-json\/wp\/v2\/pages\/33316\/revisions"}],"predecessor-version":[{"id":33318,"href":"https:\/\/physiotherapy.ca\/fr\/wp-json\/wp\/v2\/pages\/33316\/revisions\/33318"}],"wp:attachment":[{"href":"https:\/\/physiotherapy.ca\/fr\/wp-json\/wp\/v2\/media?parent=33316"}],"wp:term":[{"taxonomy":"topic","embeddable":true,"href":"https:\/\/physiotherapy.ca\/fr\/wp-json\/wp\/v2\/topic?post=33316"}],"curies":[{"name":"wp","href":"https:\/\/api.w.org\/{rel}","templated":true}]}}