{"id":4204,"date":"2022-07-28T15:47:24","date_gmt":"2022-07-28T19:47:24","guid":{"rendered":"https:\/\/physiotherapy.ca\/?page_id=4204"},"modified":"2022-08-08T21:04:34","modified_gmt":"2022-08-09T01:04:34","slug":"a-propos-de-lacp","status":"publish","type":"page","link":"https:\/\/physiotherapy.ca\/fr\/lassociation\/a-propos-de-lacp\/","title":{"rendered":"\u00c0 propos de l\u2019ACP"},"content":{"rendered":"\n<h3 class=\"wp-block-heading\">L\u2019Association canadienne de physioth\u00e9rapie (ACP) repr\u00e9sente&nbsp;16&nbsp;000&nbsp;professionnels et \u00e9tudiants en physioth\u00e9rapie \u00e0 travers le Canada.<\/h3>\n\n\n\n<p>Ses membres sont des professionnels de la r\u00e9adaptation qui se consacrent \u00e0 l\u2019am\u00e9lioration de la sant\u00e9, de la mobilit\u00e9 et de la condition physique de la population canadienne. En collaboration avec ses sections provinciales et territoriales et avec ses divisions, l\u2019ACP permet \u00e0 ses membres d\u2019approfondir et de mettre en commun leurs connaissances et d\u2019enrichir leur pratique. Elle offre des ressources, organise des formations, contribue \u00e0 l\u2019avancement du savoir et fait valoir la profession afin de permettre aux physioth\u00e9rapeutes de mieux servir la population.<\/p>\n\n\n\n<div class=\"wp-block-buttons is-layout-flex wp-block-buttons-is-layout-flex\">\n<div class=\"wp-block-button\"><a class=\"wp-block-button__link\" href=\"https:\/\/physiotherapy.ca\/app\/uploads\/2022\/08\/code-of-conduct-fr.pdf\">Code d\u2019\u00e9thique de l\u2019ACP<\/a><\/div>\n<\/div>\n\n\n\n<figure class=\"wp-block-image size-large\"><a href=\"https:\/\/physiotherapy.ca\/app\/uploads\/2022\/08\/bubble_graphicfr.pdf\"><img loading=\"lazy\" decoding=\"async\" width=\"1024\" height=\"663\" src=\"https:\/\/physiotherapy.ca\/app\/uploads\/2022\/08\/bubble_graphicfr-1024x663.jpg\" alt=\"\" class=\"wp-image-6757\" srcset=\"https:\/\/physiotherapy.ca\/app\/uploads\/2022\/08\/bubble_graphicfr-1024x663.jpg 1024w, https:\/\/physiotherapy.ca\/app\/uploads\/2022\/08\/bubble_graphicfr-600x388.jpg 600w, https:\/\/physiotherapy.ca\/app\/uploads\/2022\/08\/bubble_graphicfr-300x194.jpg 300w, https:\/\/physiotherapy.ca\/app\/uploads\/2022\/08\/bubble_graphicfr-768x497.jpg 768w, https:\/\/physiotherapy.ca\/app\/uploads\/2022\/08\/bubble_graphicfr-1536x994.jpg 1536w, https:\/\/physiotherapy.ca\/app\/uploads\/2022\/08\/bubble_graphicfr-2048x1325.jpg 2048w, https:\/\/physiotherapy.ca\/app\/uploads\/2022\/08\/bubble_graphicfr-309x200.jpg 309w\" sizes=\"auto, (max-width: 1024px) 100vw, 1024px\" \/><\/a><\/figure>\n","protected":false},"excerpt":{"rendered":"<p>L\u2019Association canadienne de physioth\u00e9rapie (ACP) repr\u00e9sente&nbsp;16&nbsp;000&nbsp;professionnels et \u00e9tudiants en physioth\u00e9rapie \u00e0 travers le Canada. Ses membres sont des professionnels de la r\u00e9adaptation qui se consacrent \u00e0 l\u2019am\u00e9lioration de la sant\u00e9, de la mobilit\u00e9 et de la condition physique de la [&hellip;]<\/p>\n","protected":false},"author":1,"featured_media":0,"parent":4210,"menu_order":0,"comment_status":"closed","ping_status":"closed","template":"","meta":{"inline_featured_image":false,"ep_exclude_from_search":false,"footnotes":""},"topic":[],"class_list":["post-4204","page","type-page","status-publish","hentry"],"acf":[],"yoast_head":"<!-- This site is optimized with the Yoast SEO plugin v24.7 - https:\/\/yoast.com\/wordpress\/plugins\/seo\/ -->\n<title>\u00c0 propos de l\u2019ACP - Canadian Physiotherapy Association<\/title>\n<meta name=\"robots\" content=\"index, follow, max-snippet:-1, max-image-preview:large, max-video-preview:-1\" \/>\n<link rel=\"canonical\" href=\"https:\/\/physiotherapy.ca\/fr\/lassociation\/a-propos-de-lacp\/\" \/>\n<meta property=\"og:locale\" content=\"fr_FR\" \/>\n<meta property=\"og:type\" content=\"article\" \/>\n<meta property=\"og:title\" content=\"\u00c0 propos de l\u2019ACP - Canadian Physiotherapy Association\" \/>\n<meta property=\"og:description\" content=\"L\u2019Association canadienne de physioth\u00e9rapie (ACP) repr\u00e9sente&nbsp;16&nbsp;000&nbsp;professionnels et \u00e9tudiants en physioth\u00e9rapie \u00e0 travers le Canada. Ses membres sont des professionnels de la r\u00e9adaptation qui se consacrent \u00e0 l\u2019am\u00e9lioration de la sant\u00e9, de la mobilit\u00e9 et de la condition physique de la [&hellip;]\" \/>\n<meta property=\"og:url\" content=\"https:\/\/physiotherapy.ca\/fr\/lassociation\/a-propos-de-lacp\/\" \/>\n<meta property=\"og:site_name\" content=\"Canadian Physiotherapy Association\" \/>\n<meta property=\"article:modified_time\" content=\"2022-08-09T01:04:34+00:00\" \/>\n<meta property=\"og:image\" content=\"https:\/\/physiotherapy.ca\/app\/uploads\/2022\/08\/bubble_graphicfr-1024x663.jpg\" \/>\n<meta name=\"twitter:card\" content=\"summary_large_image\" \/>\n<meta name=\"twitter:label1\" content=\"Est. reading time\" \/>\n\t<meta name=\"twitter:data1\" content=\"1 minute\" \/>\n<script type=\"application\/ld+json\" class=\"yoast-schema-graph\">{\"@context\":\"https:\/\/schema.org\",\"@graph\":[{\"@type\":\"WebPage\",\"@id\":\"https:\/\/physiotherapy.ca\/fr\/lassociation\/a-propos-de-lacp\/\",\"url\":\"https:\/\/physiotherapy.ca\/fr\/lassociation\/a-propos-de-lacp\/\",\"name\":\"\u00c0 propos de l\u2019ACP - Canadian Physiotherapy Association\",\"isPartOf\":{\"@id\":\"https:\/\/physiotherapy.ca\/#website\"},\"primaryImageOfPage\":{\"@id\":\"https:\/\/physiotherapy.ca\/fr\/lassociation\/a-propos-de-lacp\/#primaryimage\"},\"image\":{\"@id\":\"https:\/\/physiotherapy.ca\/fr\/lassociation\/a-propos-de-lacp\/#primaryimage\"},\"thumbnailUrl\":\"https:\/\/physiotherapy.ca\/app\/uploads\/2022\/08\/bubble_graphicfr-1024x663.jpg\",\"datePublished\":\"2022-07-28T19:47:24+00:00\",\"dateModified\":\"2022-08-09T01:04:34+00:00\",\"breadcrumb\":{\"@id\":\"https:\/\/physiotherapy.ca\/fr\/lassociation\/a-propos-de-lacp\/#breadcrumb\"},\"inLanguage\":\"fr-FR\",\"potentialAction\":[{\"@type\":\"ReadAction\",\"target\":[\"https:\/\/physiotherapy.ca\/fr\/lassociation\/a-propos-de-lacp\/\"]}]},{\"@type\":\"ImageObject\",\"inLanguage\":\"fr-FR\",\"@id\":\"https:\/\/physiotherapy.ca\/fr\/lassociation\/a-propos-de-lacp\/#primaryimage\",\"url\":\"https:\/\/physiotherapy.ca\/app\/uploads\/2022\/08\/bubble_graphicfr-1024x663.jpg\",\"contentUrl\":\"https:\/\/physiotherapy.ca\/app\/uploads\/2022\/08\/bubble_graphicfr-1024x663.jpg\"},{\"@type\":\"BreadcrumbList\",\"@id\":\"https:\/\/physiotherapy.ca\/fr\/lassociation\/a-propos-de-lacp\/#breadcrumb\",\"itemListElement\":[{\"@type\":\"ListItem\",\"position\":1,\"name\":\"Home\",\"item\":\"https:\/\/physiotherapy.ca\/fr\/\"},{\"@type\":\"ListItem\",\"position\":2,\"name\":\"L&#8217;Association\",\"item\":\"https:\/\/physiotherapy.ca\/fr\/lassociation\/\"},{\"@type\":\"ListItem\",\"position\":3,\"name\":\"\u00c0 propos de l\u2019ACP\"}]},{\"@type\":\"WebSite\",\"@id\":\"https:\/\/physiotherapy.ca\/#website\",\"url\":\"https:\/\/physiotherapy.ca\/\",\"name\":\"Canadian Physiotherapy Association\",\"description\":\"The Canadian Physiotherapy Association (CPA) represents over 16,000 physiotherapy professionals and students across Canada.\",\"potentialAction\":[{\"@type\":\"SearchAction\",\"target\":{\"@type\":\"EntryPoint\",\"urlTemplate\":\"https:\/\/physiotherapy.ca\/?s={search_term_string}\"},\"query-input\":{\"@type\":\"PropertyValueSpecification\",\"valueRequired\":true,\"valueName\":\"search_term_string\"}}],\"inLanguage\":\"fr-FR\"}]}<\/script>\n<!-- \/ Yoast SEO plugin. -->","yoast_head_json":{"title":"\u00c0 propos de l\u2019ACP - Canadian Physiotherapy Association","robots":{"index":"index","follow":"follow","max-snippet":"max-snippet:-1","max-image-preview":"max-image-preview:large","max-video-preview":"max-video-preview:-1"},"canonical":"https:\/\/physiotherapy.ca\/fr\/lassociation\/a-propos-de-lacp\/","og_locale":"fr_FR","og_type":"article","og_title":"\u00c0 propos de l\u2019ACP - Canadian Physiotherapy Association","og_description":"L\u2019Association canadienne de physioth\u00e9rapie (ACP) repr\u00e9sente&nbsp;16&nbsp;000&nbsp;professionnels et \u00e9tudiants en physioth\u00e9rapie \u00e0 travers le Canada. Ses membres sont des professionnels de la r\u00e9adaptation qui se consacrent \u00e0 l\u2019am\u00e9lioration de la sant\u00e9, de la mobilit\u00e9 et de la condition physique de la [&hellip;]","og_url":"https:\/\/physiotherapy.ca\/fr\/lassociation\/a-propos-de-lacp\/","og_site_name":"Canadian Physiotherapy Association","article_modified_time":"2022-08-09T01:04:34+00:00","og_image":[{"url":"https:\/\/physiotherapy.ca\/app\/uploads\/2022\/08\/bubble_graphicfr-1024x663.jpg","type":"","width":"","height":""}],"twitter_card":"summary_large_image","twitter_misc":{"Est. reading time":"1 minute"},"schema":{"@context":"https:\/\/schema.org","@graph":[{"@type":"WebPage","@id":"https:\/\/physiotherapy.ca\/fr\/lassociation\/a-propos-de-lacp\/","url":"https:\/\/physiotherapy.ca\/fr\/lassociation\/a-propos-de-lacp\/","name":"\u00c0 propos de l\u2019ACP - Canadian Physiotherapy Association","isPartOf":{"@id":"https:\/\/physiotherapy.ca\/#website"},"primaryImageOfPage":{"@id":"https:\/\/physiotherapy.ca\/fr\/lassociation\/a-propos-de-lacp\/#primaryimage"},"image":{"@id":"https:\/\/physiotherapy.ca\/fr\/lassociation\/a-propos-de-lacp\/#primaryimage"},"thumbnailUrl":"https:\/\/physiotherapy.ca\/app\/uploads\/2022\/08\/bubble_graphicfr-1024x663.jpg","datePublished":"2022-07-28T19:47:24+00:00","dateModified":"2022-08-09T01:04:34+00:00","breadcrumb":{"@id":"https:\/\/physiotherapy.ca\/fr\/lassociation\/a-propos-de-lacp\/#breadcrumb"},"inLanguage":"fr-FR","potentialAction":[{"@type":"ReadAction","target":["https:\/\/physiotherapy.ca\/fr\/lassociation\/a-propos-de-lacp\/"]}]},{"@type":"ImageObject","inLanguage":"fr-FR","@id":"https:\/\/physiotherapy.ca\/fr\/lassociation\/a-propos-de-lacp\/#primaryimage","url":"https:\/\/physiotherapy.ca\/app\/uploads\/2022\/08\/bubble_graphicfr-1024x663.jpg","contentUrl":"https:\/\/physiotherapy.ca\/app\/uploads\/2022\/08\/bubble_graphicfr-1024x663.jpg"},{"@type":"BreadcrumbList","@id":"https:\/\/physiotherapy.ca\/fr\/lassociation\/a-propos-de-lacp\/#breadcrumb","itemListElement":[{"@type":"ListItem","position":1,"name":"Home","item":"https:\/\/physiotherapy.ca\/fr\/"},{"@type":"ListItem","position":2,"name":"L&#8217;Association","item":"https:\/\/physiotherapy.ca\/fr\/lassociation\/"},{"@type":"ListItem","position":3,"name":"\u00c0 propos de l\u2019ACP"}]},{"@type":"WebSite","@id":"https:\/\/physiotherapy.ca\/#website","url":"https:\/\/physiotherapy.ca\/","name":"Canadian Physiotherapy Association","description":"The Canadian Physiotherapy Association (CPA) represents over 16,000 physiotherapy professionals and students across Canada.","potentialAction":[{"@type":"SearchAction","target":{"@type":"EntryPoint","urlTemplate":"https:\/\/physiotherapy.ca\/?s={search_term_string}"},"query-input":{"@type":"PropertyValueSpecification","valueRequired":true,"valueName":"search_term_string"}}],"inLanguage":"fr-FR"}]}},"_links":{"self":[{"href":"https:\/\/physiotherapy.ca\/fr\/wp-json\/wp\/v2\/pages\/4204","targetHints":{"allow":["GET"]}}],"collection":[{"href":"https:\/\/physiotherapy.ca\/fr\/wp-json\/wp\/v2\/pages"}],"about":[{"href":"https:\/\/physiotherapy.ca\/fr\/wp-json\/wp\/v2\/types\/page"}],"author":[{"embeddable":true,"href":"https:\/\/physiotherapy.ca\/fr\/wp-json\/wp\/v2\/users\/1"}],"replies":[{"embeddable":true,"href":"https:\/\/physiotherapy.ca\/fr\/wp-json\/wp\/v2\/comments?post=4204"}],"version-history":[{"count":4,"href":"https:\/\/physiotherapy.ca\/fr\/wp-json\/wp\/v2\/pages\/4204\/revisions"}],"predecessor-version":[{"id":6765,"href":"https:\/\/physiotherapy.ca\/fr\/wp-json\/wp\/v2\/pages\/4204\/revisions\/6765"}],"up":[{"embeddable":true,"href":"https:\/\/physiotherapy.ca\/fr\/wp-json\/wp\/v2\/pages\/4210"}],"wp:attachment":[{"href":"https:\/\/physiotherapy.ca\/fr\/wp-json\/wp\/v2\/media?parent=4204"}],"wp:term":[{"taxonomy":"topic","embeddable":true,"href":"https:\/\/physiotherapy.ca\/fr\/wp-json\/wp\/v2\/topic?post=4204"}],"curies":[{"name":"wp","href":"https:\/\/api.w.org\/{rel}","templated":true}]}}