{"id":4206,"date":"2022-07-28T15:48:42","date_gmt":"2022-07-28T19:48:42","guid":{"rendered":"https:\/\/physiotherapy.ca\/?page_id=4206"},"modified":"2025-07-04T09:17:45","modified_gmt":"2025-07-04T13:17:45","slug":"vision-mission-et-strategie","status":"publish","type":"page","link":"https:\/\/physiotherapy.ca\/fr\/lassociation\/vision-mission-et-strategie\/","title":{"rendered":"Vision, mission et strat\u00e9gie"},"content":{"rendered":"\n<h3 class=\"wp-block-heading\">Vision<\/h3>\n\n\n\n<p>La physioth\u00e9rapie est votre partenaire essentiel pour optimiser la sant\u00e9.<br>&nbsp;<\/p>\n\n\n\n<h3 class=\"wp-block-heading\">Mission<\/h3>\n\n\n\n<p>Partenaire incontournable de la profession, l\u2019ACP dirige, d\u00e9fend et inspire l\u2019excellence et l\u2019innovation pour promouvoir la sant\u00e9.<br>&nbsp;<\/p>\n\n\n\n<h3 class=\"wp-block-heading\">Valeurs<\/h3>\n\n\n\n<p>L\u2019ACP fait en tout temps preuve d\u2019int\u00e9grit\u00e9 et de loyaut\u00e9 envers ses membres.<br>&nbsp;<\/p>\n\n\n\n<h3 class=\"wp-block-heading\">Les valeurs de l\u2019ACP<\/h3>\n\n\n\n<ul class=\"wp-block-list\">\n<li>Int\u00e9gration des donn\u00e9es probantes, du raisonnement clinique et des comp\u00e9tences th\u00e9rapeutiques dans la pratique<\/li>\n\n\n\n<li>Responsabilit\u00e9 devant les membres, les intervenants et le grand public<\/li>\n\n\n\n<li>Unit\u00e9 de la profession \u00e0 travers le Canada<\/li>\n\n\n\n<li>Gouvernance \u00e9quitable et d\u00e9mocratique<\/li>\n\n\n\n<li>Partenariats coop\u00e9ratifs et porteurs<\/li>\n\n\n\n<li>Innovation et esprit d\u2019initiative<\/li>\n\n\n\n<li>Valorisation de la diversit\u00e9 canadienne<\/li>\n\n\n\n<li>Clart\u00e9 et concision des communications<br>&nbsp;<\/li>\n<\/ul>\n\n\n\n<h3 class=\"wp-block-heading\">Engagement<\/h3>\n\n\n\n<p>L\u2019ACP s\u2019engage \u00e0 offrir \u00e0 ses membres un service exceptionnel, des renseignements utiles et des contacts au sein de la profession de physioth\u00e9rapeute, partout au Canada et dans le monde.<br>&nbsp;<\/p>\n\n\n\n<h3 class=\"wp-block-heading\">Priorit\u00e9s strat\u00e9giques<\/h3>\n\n\n\n<h4 class=\"wp-block-heading\"><a href=\"https:\/\/physiotherapy.ca\/app\/uploads\/2023\/03\/CPA-Strategic-Plan-2023-25-FR-2.pdf\">Plan strat\u00e9gique 2023-2025<\/a><\/h4>\n\n\n\n<h4 class=\"wp-block-heading\"><a href=\"https:\/\/physiotherapy.ca\/app\/uploads\/2023\/03\/2023-25-Strategic-Plan-One-Pager-FR.pdf\">Plan strat\u00e9gique 2023-2025 en bref<\/a><\/h4>\n\n\n\n<p>D&#8217;ici 2025, l&#8217;Association canadienne de physioth\u00e9rapie sera reconnue comme l&#8217;autorit\u00e9 de confiance pour l&#8217;avancement de la profession de physioth\u00e9rapeute au Canada. En collaboration avec nos succursales, divisions, assembl\u00e9es et membres, nous repr\u00e9senterons la voix unifi\u00e9e des physioth\u00e9rapeutes au Canada.<\/p>\n\n\n\n<p>L\u2019ACP vise l\u2019excellence dans trois&nbsp;secteurs prioritaires&nbsp;: les avantages aux membres, l\u2019excellence dans la pratique et la sensibilisation de la population aux bienfaits de la physioth\u00e9rapie.<\/p>\n\n\n\n<h3 class=\"wp-block-heading\">Rapports Annuels<\/h3>\n\n\n\n<p><a href=\"https:\/\/physiotherapy.ca\/app\/uploads\/2025\/07\/CPA-2024-ANNUAL-REPORT-FR-FINAL-UPDATED-070325.pdf\" target=\"_blank\" rel=\"noreferrer noopener\">Rapport annuel 2024<\/a><\/p>\n\n\n\n<p>l\u2019Association canadienne de physioth\u00e9rapie est fi\u00e8re de d\u00e9voiler son rapport annuel 2024. Le rapport d\u00e9crit comment l\u2019Association a mobilis\u00e9 des investissements dans nos activit\u00e9s de plaidoyer, nos partenariats et nos capacit\u00e9s op\u00e9rationnelles pour \u00e9largir consid\u00e9rablement l\u2019incidence de la physioth\u00e9rapie au Canada.<\/p>\n\n\n\n<div class=\"wp-block-buttons is-layout-flex wp-block-buttons-is-layout-flex\">\n<div class=\"wp-block-button\"><a class=\"wp-block-button__link wp-element-button\" href=\"https:\/\/physiotherapy.ca\/fr\/lassociation\/vision-mission-et-strategie\/partenaires-strategiques\/\">Partenaires strat\u00e9giques<\/a><\/div>\n<\/div>\n\n\n\n<p><\/p>\n","protected":false},"excerpt":{"rendered":"<p>Vision La physioth\u00e9rapie est votre partenaire essentiel pour optimiser la sant\u00e9.&nbsp; Mission Partenaire incontournable de la profession, l\u2019ACP dirige, d\u00e9fend et inspire l\u2019excellence et l\u2019innovation pour promouvoir la sant\u00e9.&nbsp; Valeurs L\u2019ACP fait en tout temps preuve d\u2019int\u00e9grit\u00e9 et de loyaut\u00e9 [&hellip;]<\/p>\n","protected":false},"author":1,"featured_media":0,"parent":4210,"menu_order":2,"comment_status":"closed","ping_status":"closed","template":"","meta":{"inline_featured_image":false,"ep_exclude_from_search":false,"footnotes":""},"topic":[],"class_list":["post-4206","page","type-page","status-publish","hentry"],"acf":[],"yoast_head":"<!-- This site is optimized with the Yoast SEO plugin v24.7 - https:\/\/yoast.com\/wordpress\/plugins\/seo\/ -->\n<title>Vision, mission et strat\u00e9gie - Canadian Physiotherapy Association<\/title>\n<meta name=\"robots\" content=\"index, follow, max-snippet:-1, max-image-preview:large, max-video-preview:-1\" \/>\n<link rel=\"canonical\" href=\"https:\/\/physiotherapy.ca\/fr\/lassociation\/vision-mission-et-strategie\/\" \/>\n<meta property=\"og:locale\" content=\"fr_FR\" \/>\n<meta property=\"og:type\" content=\"article\" \/>\n<meta property=\"og:title\" content=\"Vision, mission et strat\u00e9gie - Canadian Physiotherapy Association\" \/>\n<meta property=\"og:description\" content=\"Vision La physioth\u00e9rapie est votre partenaire essentiel pour optimiser la sant\u00e9.&nbsp; Mission Partenaire incontournable de la profession, l\u2019ACP dirige, d\u00e9fend et inspire l\u2019excellence et l\u2019innovation pour promouvoir la sant\u00e9.&nbsp; Valeurs L\u2019ACP fait en tout temps preuve d\u2019int\u00e9grit\u00e9 et de loyaut\u00e9 [&hellip;]\" \/>\n<meta property=\"og:url\" content=\"https:\/\/physiotherapy.ca\/fr\/lassociation\/vision-mission-et-strategie\/\" \/>\n<meta property=\"og:site_name\" content=\"Canadian Physiotherapy Association\" \/>\n<meta property=\"article:modified_time\" content=\"2025-07-04T13:17:45+00:00\" \/>\n<meta name=\"twitter:card\" content=\"summary_large_image\" \/>\n<meta name=\"twitter:label1\" content=\"Est. reading time\" \/>\n\t<meta name=\"twitter:data1\" content=\"2 minutes\" \/>\n<script type=\"application\/ld+json\" class=\"yoast-schema-graph\">{\"@context\":\"https:\/\/schema.org\",\"@graph\":[{\"@type\":\"WebPage\",\"@id\":\"https:\/\/physiotherapy.ca\/fr\/lassociation\/vision-mission-et-strategie\/\",\"url\":\"https:\/\/physiotherapy.ca\/fr\/lassociation\/vision-mission-et-strategie\/\",\"name\":\"Vision, mission et strat\u00e9gie - Canadian Physiotherapy Association\",\"isPartOf\":{\"@id\":\"https:\/\/physiotherapy.ca\/#website\"},\"datePublished\":\"2022-07-28T19:48:42+00:00\",\"dateModified\":\"2025-07-04T13:17:45+00:00\",\"breadcrumb\":{\"@id\":\"https:\/\/physiotherapy.ca\/fr\/lassociation\/vision-mission-et-strategie\/#breadcrumb\"},\"inLanguage\":\"fr-FR\",\"potentialAction\":[{\"@type\":\"ReadAction\",\"target\":[\"https:\/\/physiotherapy.ca\/fr\/lassociation\/vision-mission-et-strategie\/\"]}]},{\"@type\":\"BreadcrumbList\",\"@id\":\"https:\/\/physiotherapy.ca\/fr\/lassociation\/vision-mission-et-strategie\/#breadcrumb\",\"itemListElement\":[{\"@type\":\"ListItem\",\"position\":1,\"name\":\"Home\",\"item\":\"https:\/\/physiotherapy.ca\/fr\/\"},{\"@type\":\"ListItem\",\"position\":2,\"name\":\"L&#8217;Association\",\"item\":\"https:\/\/physiotherapy.ca\/fr\/lassociation\/\"},{\"@type\":\"ListItem\",\"position\":3,\"name\":\"Vision, mission et strat\u00e9gie\"}]},{\"@type\":\"WebSite\",\"@id\":\"https:\/\/physiotherapy.ca\/#website\",\"url\":\"https:\/\/physiotherapy.ca\/\",\"name\":\"Canadian Physiotherapy Association\",\"description\":\"The Canadian Physiotherapy Association (CPA) represents over 16,000 physiotherapy professionals and students across Canada.\",\"potentialAction\":[{\"@type\":\"SearchAction\",\"target\":{\"@type\":\"EntryPoint\",\"urlTemplate\":\"https:\/\/physiotherapy.ca\/?s={search_term_string}\"},\"query-input\":{\"@type\":\"PropertyValueSpecification\",\"valueRequired\":true,\"valueName\":\"search_term_string\"}}],\"inLanguage\":\"fr-FR\"}]}<\/script>\n<!-- \/ Yoast SEO plugin. -->","yoast_head_json":{"title":"Vision, mission et strat\u00e9gie - Canadian Physiotherapy Association","robots":{"index":"index","follow":"follow","max-snippet":"max-snippet:-1","max-image-preview":"max-image-preview:large","max-video-preview":"max-video-preview:-1"},"canonical":"https:\/\/physiotherapy.ca\/fr\/lassociation\/vision-mission-et-strategie\/","og_locale":"fr_FR","og_type":"article","og_title":"Vision, mission et strat\u00e9gie - Canadian Physiotherapy Association","og_description":"Vision La physioth\u00e9rapie est votre partenaire essentiel pour optimiser la sant\u00e9.&nbsp; Mission Partenaire incontournable de la profession, l\u2019ACP dirige, d\u00e9fend et inspire l\u2019excellence et l\u2019innovation pour promouvoir la sant\u00e9.&nbsp; Valeurs L\u2019ACP fait en tout temps preuve d\u2019int\u00e9grit\u00e9 et de loyaut\u00e9 [&hellip;]","og_url":"https:\/\/physiotherapy.ca\/fr\/lassociation\/vision-mission-et-strategie\/","og_site_name":"Canadian Physiotherapy Association","article_modified_time":"2025-07-04T13:17:45+00:00","twitter_card":"summary_large_image","twitter_misc":{"Est. reading time":"2 minutes"},"schema":{"@context":"https:\/\/schema.org","@graph":[{"@type":"WebPage","@id":"https:\/\/physiotherapy.ca\/fr\/lassociation\/vision-mission-et-strategie\/","url":"https:\/\/physiotherapy.ca\/fr\/lassociation\/vision-mission-et-strategie\/","name":"Vision, mission et strat\u00e9gie - Canadian Physiotherapy Association","isPartOf":{"@id":"https:\/\/physiotherapy.ca\/#website"},"datePublished":"2022-07-28T19:48:42+00:00","dateModified":"2025-07-04T13:17:45+00:00","breadcrumb":{"@id":"https:\/\/physiotherapy.ca\/fr\/lassociation\/vision-mission-et-strategie\/#breadcrumb"},"inLanguage":"fr-FR","potentialAction":[{"@type":"ReadAction","target":["https:\/\/physiotherapy.ca\/fr\/lassociation\/vision-mission-et-strategie\/"]}]},{"@type":"BreadcrumbList","@id":"https:\/\/physiotherapy.ca\/fr\/lassociation\/vision-mission-et-strategie\/#breadcrumb","itemListElement":[{"@type":"ListItem","position":1,"name":"Home","item":"https:\/\/physiotherapy.ca\/fr\/"},{"@type":"ListItem","position":2,"name":"L&#8217;Association","item":"https:\/\/physiotherapy.ca\/fr\/lassociation\/"},{"@type":"ListItem","position":3,"name":"Vision, mission et strat\u00e9gie"}]},{"@type":"WebSite","@id":"https:\/\/physiotherapy.ca\/#website","url":"https:\/\/physiotherapy.ca\/","name":"Canadian Physiotherapy Association","description":"The Canadian Physiotherapy Association (CPA) represents over 16,000 physiotherapy professionals and students across Canada.","potentialAction":[{"@type":"SearchAction","target":{"@type":"EntryPoint","urlTemplate":"https:\/\/physiotherapy.ca\/?s={search_term_string}"},"query-input":{"@type":"PropertyValueSpecification","valueRequired":true,"valueName":"search_term_string"}}],"inLanguage":"fr-FR"}]}},"_links":{"self":[{"href":"https:\/\/physiotherapy.ca\/fr\/wp-json\/wp\/v2\/pages\/4206","targetHints":{"allow":["GET"]}}],"collection":[{"href":"https:\/\/physiotherapy.ca\/fr\/wp-json\/wp\/v2\/pages"}],"about":[{"href":"https:\/\/physiotherapy.ca\/fr\/wp-json\/wp\/v2\/types\/page"}],"author":[{"embeddable":true,"href":"https:\/\/physiotherapy.ca\/fr\/wp-json\/wp\/v2\/users\/1"}],"replies":[{"embeddable":true,"href":"https:\/\/physiotherapy.ca\/fr\/wp-json\/wp\/v2\/comments?post=4206"}],"version-history":[{"count":9,"href":"https:\/\/physiotherapy.ca\/fr\/wp-json\/wp\/v2\/pages\/4206\/revisions"}],"predecessor-version":[{"id":272309,"href":"https:\/\/physiotherapy.ca\/fr\/wp-json\/wp\/v2\/pages\/4206\/revisions\/272309"}],"up":[{"embeddable":true,"href":"https:\/\/physiotherapy.ca\/fr\/wp-json\/wp\/v2\/pages\/4210"}],"wp:attachment":[{"href":"https:\/\/physiotherapy.ca\/fr\/wp-json\/wp\/v2\/media?parent=4206"}],"wp:term":[{"taxonomy":"topic","embeddable":true,"href":"https:\/\/physiotherapy.ca\/fr\/wp-json\/wp\/v2\/topic?post=4206"}],"curies":[{"name":"wp","href":"https:\/\/api.w.org\/{rel}","templated":true}]}}