{"id":4208,"date":"2022-07-28T15:55:05","date_gmt":"2022-07-28T19:55:05","guid":{"rendered":"https:\/\/physiotherapy.ca\/?page_id=4208"},"modified":"2026-03-16T12:01:26","modified_gmt":"2026-03-16T16:01:26","slug":"gouvernance","status":"publish","type":"page","link":"https:\/\/physiotherapy.ca\/fr\/lassociation\/gouvernance\/","title":{"rendered":"Gouvernance"},"content":{"rendered":"\n<h4 class=\"wp-block-heading\">L\u2019Association canadienne de physioth\u00e9rapie (ACP) est assujettie \u00e0 la&nbsp;<em>Loi canadienne sur les organisations \u00e0 but non lucratif<\/em>, qui conf\u00e8re certains pouvoirs et impose certaines responsabilit\u00e9s aux membre<\/h4>\n\n\n\n<div class=\"wp-block-group\"><div class=\"wp-block-group__inner-container is-layout-flow wp-block-group-is-layout-flow\">\n<div class=\"wp-block-buttons is-layout-flex wp-block-buttons-is-layout-flex\">\n<div class=\"wp-block-button\"><a class=\"wp-block-button__link wp-element-button\" href=\"https:\/\/physiotherapy.ca\/fr\/lassociation\/gouvernance\/conseil-dadministration\/\">Conseil d\u2019administration<\/a><\/div>\n<\/div>\n<\/div><\/div>\n\n\n\n<h3 class=\"wp-block-heading\"><br>Statuts<\/h3>\n\n\n\n<p>Les statuts rev\u00eatent une grande importance pour les organisations comme l\u2019ACP, puisqu\u2019ils \u00e9noncent les r\u00e8gles encadrant leur gouvernance et leur fonctionnement. Selon la&nbsp;<em>Loi<\/em>, les statuts doivent \u00eatre approuv\u00e9s par les membres. Les statuts de l\u2019ACP se trouvent&nbsp;<a href=\"https:\/\/physiotherapy.ca\/app\/uploads\/2022\/11\/2022-Bylaws-FR.pdf\">ici.<\/a><\/p>\n\n\n\n<p>Pour obtenir de l\u2019information sur les AGA et les s\u00e9ances de discussion, connectez-vous en tant que membre de l\u2019ACP.<\/p>\n\n\n\n<div style=\"height:30px\" aria-hidden=\"true\" class=\"wp-block-spacer\"><\/div>\n\n\n\n<h3 class=\"wp-block-heading\">Politiques de l&#8217;ACP<\/h3>\n\n\n\n<div class=\"wp-block-buttons is-layout-flex wp-block-buttons-is-layout-flex\">\n<div class=\"wp-block-button\"><a class=\"wp-block-button__link wp-element-button\" href=\"https:\/\/physiotherapy.ca\/fr\/politiques-de-lacp\/\">Politiques g\u00e9n\u00e9rales<\/a><\/div>\n<\/div>\n\n\n\n<div style=\"height:30px\" aria-hidden=\"true\" class=\"wp-block-spacer\"><\/div>\n\n\n\n<h3 class=\"wp-block-heading\">Proc\u00e9dures d\u2019adh\u00e9sion<\/h3>\n\n\n\n<p>Pour plus d&#8217;informations sur les proc\u00e9dures d&#8217;adh\u00e9sion, <a href=\"https:\/\/physiotherapy.ca\/app\/uploads\/2023\/03\/1-GOV-E-Membership-Procedures-FR.pdf\">cliquez ici.<\/a><\/p>\n\n\n\n<h3 class=\"wp-block-heading\">Divisions<\/h3>\n\n\n\n<p>Pour avoir plus d\u2019information sur l\u2019ACP et la fa\u00e7on dont elle travaille avec ses divisions, <a href=\"https:\/\/physiotherapy.ca\/app\/uploads\/2024\/10\/Plan-strategique-2023-2025_Un-apercu-de-lACP-et-de-ses-divisions.pdf\" target=\"_blank\" rel=\"noreferrer noopener\">cliquez ici<\/a>.<\/p>\n","protected":false},"excerpt":{"rendered":"<p>L\u2019Association canadienne de physioth\u00e9rapie (ACP) est assujettie \u00e0 la&nbsp;Loi canadienne sur les organisations \u00e0 but non lucratif, qui conf\u00e8re certains pouvoirs et impose certaines responsabilit\u00e9s aux membre Statuts Les statuts rev\u00eatent une grande importance pour les organisations comme l\u2019ACP, puisqu\u2019ils [&hellip;]<\/p>\n","protected":false},"author":1,"featured_media":0,"parent":4210,"menu_order":3,"comment_status":"closed","ping_status":"closed","template":"","meta":{"inline_featured_image":false,"ep_exclude_from_search":false,"footnotes":""},"topic":[],"class_list":["post-4208","page","type-page","status-publish","hentry"],"acf":[],"yoast_head":"<!-- This site is optimized with the Yoast SEO plugin v24.7 - https:\/\/yoast.com\/wordpress\/plugins\/seo\/ -->\n<title>Gouvernance - Canadian Physiotherapy Association<\/title>\n<meta name=\"robots\" content=\"index, follow, max-snippet:-1, max-image-preview:large, max-video-preview:-1\" \/>\n<link rel=\"canonical\" href=\"https:\/\/physiotherapy.ca\/fr\/lassociation\/gouvernance\/\" \/>\n<meta property=\"og:locale\" content=\"fr_FR\" \/>\n<meta property=\"og:type\" content=\"article\" \/>\n<meta property=\"og:title\" content=\"Gouvernance - Canadian Physiotherapy Association\" \/>\n<meta property=\"og:description\" content=\"L\u2019Association canadienne de physioth\u00e9rapie (ACP) est assujettie \u00e0 la&nbsp;Loi canadienne sur les organisations \u00e0 but non lucratif, qui conf\u00e8re certains pouvoirs et impose certaines responsabilit\u00e9s aux membre Statuts Les statuts rev\u00eatent une grande importance pour les organisations comme l\u2019ACP, puisqu\u2019ils [&hellip;]\" \/>\n<meta property=\"og:url\" content=\"https:\/\/physiotherapy.ca\/fr\/lassociation\/gouvernance\/\" \/>\n<meta property=\"og:site_name\" content=\"Canadian Physiotherapy Association\" \/>\n<meta property=\"article:modified_time\" content=\"2026-03-16T16:01:26+00:00\" \/>\n<meta name=\"twitter:card\" content=\"summary_large_image\" \/>\n<meta name=\"twitter:label1\" content=\"Est. reading time\" \/>\n\t<meta name=\"twitter:data1\" content=\"1 minute\" \/>\n<script type=\"application\/ld+json\" class=\"yoast-schema-graph\">{\"@context\":\"https:\/\/schema.org\",\"@graph\":[{\"@type\":\"WebPage\",\"@id\":\"https:\/\/physiotherapy.ca\/fr\/lassociation\/gouvernance\/\",\"url\":\"https:\/\/physiotherapy.ca\/fr\/lassociation\/gouvernance\/\",\"name\":\"Gouvernance - Canadian Physiotherapy Association\",\"isPartOf\":{\"@id\":\"https:\/\/physiotherapy.ca\/#website\"},\"datePublished\":\"2022-07-28T19:55:05+00:00\",\"dateModified\":\"2026-03-16T16:01:26+00:00\",\"breadcrumb\":{\"@id\":\"https:\/\/physiotherapy.ca\/fr\/lassociation\/gouvernance\/#breadcrumb\"},\"inLanguage\":\"fr-FR\",\"potentialAction\":[{\"@type\":\"ReadAction\",\"target\":[\"https:\/\/physiotherapy.ca\/fr\/lassociation\/gouvernance\/\"]}]},{\"@type\":\"BreadcrumbList\",\"@id\":\"https:\/\/physiotherapy.ca\/fr\/lassociation\/gouvernance\/#breadcrumb\",\"itemListElement\":[{\"@type\":\"ListItem\",\"position\":1,\"name\":\"Home\",\"item\":\"https:\/\/physiotherapy.ca\/fr\/\"},{\"@type\":\"ListItem\",\"position\":2,\"name\":\"L&#8217;Association\",\"item\":\"https:\/\/physiotherapy.ca\/fr\/lassociation\/\"},{\"@type\":\"ListItem\",\"position\":3,\"name\":\"Gouvernance\"}]},{\"@type\":\"WebSite\",\"@id\":\"https:\/\/physiotherapy.ca\/#website\",\"url\":\"https:\/\/physiotherapy.ca\/\",\"name\":\"Canadian Physiotherapy Association\",\"description\":\"The Canadian Physiotherapy Association (CPA) represents over 16,000 physiotherapy professionals and students across Canada.\",\"potentialAction\":[{\"@type\":\"SearchAction\",\"target\":{\"@type\":\"EntryPoint\",\"urlTemplate\":\"https:\/\/physiotherapy.ca\/?s={search_term_string}\"},\"query-input\":{\"@type\":\"PropertyValueSpecification\",\"valueRequired\":true,\"valueName\":\"search_term_string\"}}],\"inLanguage\":\"fr-FR\"}]}<\/script>\n<!-- \/ Yoast SEO plugin. -->","yoast_head_json":{"title":"Gouvernance - Canadian Physiotherapy Association","robots":{"index":"index","follow":"follow","max-snippet":"max-snippet:-1","max-image-preview":"max-image-preview:large","max-video-preview":"max-video-preview:-1"},"canonical":"https:\/\/physiotherapy.ca\/fr\/lassociation\/gouvernance\/","og_locale":"fr_FR","og_type":"article","og_title":"Gouvernance - Canadian Physiotherapy Association","og_description":"L\u2019Association canadienne de physioth\u00e9rapie (ACP) est assujettie \u00e0 la&nbsp;Loi canadienne sur les organisations \u00e0 but non lucratif, qui conf\u00e8re certains pouvoirs et impose certaines responsabilit\u00e9s aux membre Statuts Les statuts rev\u00eatent une grande importance pour les organisations comme l\u2019ACP, puisqu\u2019ils [&hellip;]","og_url":"https:\/\/physiotherapy.ca\/fr\/lassociation\/gouvernance\/","og_site_name":"Canadian Physiotherapy Association","article_modified_time":"2026-03-16T16:01:26+00:00","twitter_card":"summary_large_image","twitter_misc":{"Est. reading time":"1 minute"},"schema":{"@context":"https:\/\/schema.org","@graph":[{"@type":"WebPage","@id":"https:\/\/physiotherapy.ca\/fr\/lassociation\/gouvernance\/","url":"https:\/\/physiotherapy.ca\/fr\/lassociation\/gouvernance\/","name":"Gouvernance - Canadian Physiotherapy Association","isPartOf":{"@id":"https:\/\/physiotherapy.ca\/#website"},"datePublished":"2022-07-28T19:55:05+00:00","dateModified":"2026-03-16T16:01:26+00:00","breadcrumb":{"@id":"https:\/\/physiotherapy.ca\/fr\/lassociation\/gouvernance\/#breadcrumb"},"inLanguage":"fr-FR","potentialAction":[{"@type":"ReadAction","target":["https:\/\/physiotherapy.ca\/fr\/lassociation\/gouvernance\/"]}]},{"@type":"BreadcrumbList","@id":"https:\/\/physiotherapy.ca\/fr\/lassociation\/gouvernance\/#breadcrumb","itemListElement":[{"@type":"ListItem","position":1,"name":"Home","item":"https:\/\/physiotherapy.ca\/fr\/"},{"@type":"ListItem","position":2,"name":"L&#8217;Association","item":"https:\/\/physiotherapy.ca\/fr\/lassociation\/"},{"@type":"ListItem","position":3,"name":"Gouvernance"}]},{"@type":"WebSite","@id":"https:\/\/physiotherapy.ca\/#website","url":"https:\/\/physiotherapy.ca\/","name":"Canadian Physiotherapy Association","description":"The Canadian Physiotherapy Association (CPA) represents over 16,000 physiotherapy professionals and students across Canada.","potentialAction":[{"@type":"SearchAction","target":{"@type":"EntryPoint","urlTemplate":"https:\/\/physiotherapy.ca\/?s={search_term_string}"},"query-input":{"@type":"PropertyValueSpecification","valueRequired":true,"valueName":"search_term_string"}}],"inLanguage":"fr-FR"}]}},"_links":{"self":[{"href":"https:\/\/physiotherapy.ca\/fr\/wp-json\/wp\/v2\/pages\/4208","targetHints":{"allow":["GET"]}}],"collection":[{"href":"https:\/\/physiotherapy.ca\/fr\/wp-json\/wp\/v2\/pages"}],"about":[{"href":"https:\/\/physiotherapy.ca\/fr\/wp-json\/wp\/v2\/types\/page"}],"author":[{"embeddable":true,"href":"https:\/\/physiotherapy.ca\/fr\/wp-json\/wp\/v2\/users\/1"}],"replies":[{"embeddable":true,"href":"https:\/\/physiotherapy.ca\/fr\/wp-json\/wp\/v2\/comments?post=4208"}],"version-history":[{"count":51,"href":"https:\/\/physiotherapy.ca\/fr\/wp-json\/wp\/v2\/pages\/4208\/revisions"}],"predecessor-version":[{"id":279709,"href":"https:\/\/physiotherapy.ca\/fr\/wp-json\/wp\/v2\/pages\/4208\/revisions\/279709"}],"up":[{"embeddable":true,"href":"https:\/\/physiotherapy.ca\/fr\/wp-json\/wp\/v2\/pages\/4210"}],"wp:attachment":[{"href":"https:\/\/physiotherapy.ca\/fr\/wp-json\/wp\/v2\/media?parent=4208"}],"wp:term":[{"taxonomy":"topic","embeddable":true,"href":"https:\/\/physiotherapy.ca\/fr\/wp-json\/wp\/v2\/topic?post=4208"}],"curies":[{"name":"wp","href":"https:\/\/api.w.org\/{rel}","templated":true}]}}