{"id":4214,"date":"2022-07-28T16:01:55","date_gmt":"2022-07-28T20:01:55","guid":{"rendered":"https:\/\/physiotherapy.ca\/?page_id=4214"},"modified":"2025-10-22T11:18:14","modified_gmt":"2025-10-22T15:18:14","slug":"devenir-membre","status":"publish","type":"page","link":"https:\/\/physiotherapy.ca\/fr\/membership-fr\/devenir-membre\/","title":{"rendered":"Devenir membre"},"content":{"rendered":"\n<figure class=\"wp-block-image size-large\"><img loading=\"lazy\" decoding=\"async\" width=\"1024\" height=\"172\" src=\"https:\/\/physiotherapy.ca\/app\/uploads\/2025\/08\/SOCIAL-BANNER-FR-1024x172.png\" alt=\"\" class=\"wp-image-276129\" srcset=\"https:\/\/physiotherapy.ca\/app\/uploads\/2025\/08\/SOCIAL-BANNER-FR-1024x172.png 1024w, https:\/\/physiotherapy.ca\/app\/uploads\/2025\/08\/SOCIAL-BANNER-FR-300x50.png 300w, https:\/\/physiotherapy.ca\/app\/uploads\/2025\/08\/SOCIAL-BANNER-FR-768x129.png 768w, https:\/\/physiotherapy.ca\/app\/uploads\/2025\/08\/SOCIAL-BANNER-FR-390x65.png 390w, https:\/\/physiotherapy.ca\/app\/uploads\/2025\/08\/SOCIAL-BANNER-FR-600x101.png 600w, https:\/\/physiotherapy.ca\/app\/uploads\/2025\/08\/SOCIAL-BANNER-FR.png 1080w\" sizes=\"auto, (max-width: 1024px) 100vw, 1024px\" \/><\/figure>\n\n\n\n<p>Les membres&nbsp;de l\u2019ACP forment un r\u00e9seau national de&nbsp;16&nbsp;000 physioth\u00e9rapeutes, assistants-physioth\u00e9rapeutes et&nbsp;technologues en physioth\u00e9rapie&nbsp;de tous les horizons&nbsp;: cliniciens, \u00e9tudiants, enseignants, chercheurs, propri\u00e9taires de clinique. L\u2019adh\u00e9sion \u00e0 l\u2019ACP vous donne acc\u00e8s \u00e0 un r\u00e9seau de ressources, d\u2019information, de conseils et de pratiques exemplaires pour vous aider dans votre cheminement professionnel, peu importe o\u00f9 il vous m\u00e8ne. L\u2019adh\u00e9sion vous donne \u00e9galement voix au chapitre dans les discussions avec les l\u00e9gislateurs, les organismes de r\u00e9glementation et les responsables de l\u2019\u00e9laboration des politiques partout au pays.<\/p>\n\n\n\n<h2 class=\"wp-block-heading\">Je veux&#8230;<\/h2>\n\n\n\n<div class=\"wp-block-buttons is-layout-flex wp-block-buttons-is-layout-flex\">\n<div class=\"wp-block-button is-style-fill\"><a class=\"wp-block-button__link wp-element-button\" href=\"https:\/\/physiotherapy.ca\/fr\/mon-compte\/\">Renouveler mon adh\u00e9sion<\/a><\/div>\n\n\n\n<div class=\"wp-block-button is-style-fill\"><a class=\"wp-block-button__link wp-element-button\" href=\"https:\/\/physiotherapy.ca\/fr\/create-account\/\">Devenir membre<\/a><\/div>\n\n\n\n<div class=\"wp-block-button is-style-fill\"><a class=\"wp-block-button__link wp-element-button\" href=\"mailto:information@physiotherapy.ca\">Demander un devis<\/a><\/div>\n<\/div>\n\n\n\n<hr class=\"wp-block-separator has-css-opacity aligncenter\"\/>\n\n\n\n<h2 class=\"wp-block-heading\">Types d\u2019adh\u00e9sion<\/h2>\n\n\n\n<h3 class=\"wp-block-heading\">Physioth\u00e9rapeutes<\/h3>\n\n\n\n<p>Pour les physioth\u00e9rapeutes qui d\u00e9tiennent un permis d\u2019exercice au Canada et les personnes qui d\u00e9tiennent un dipl\u00f4me professionnel en physioth\u00e9rapie d\u2019un programme universitaire reconnu par l\u2019Agr\u00e9ment de l\u2019enseignement de la physioth\u00e9rapie au Canada.<\/p>\n\n\n\n<div class=\"wp-block-columns is-layout-flex wp-container-core-columns-is-layout-1 wp-block-columns-is-layout-flex\">\n<div class=\"wp-block-column is-layout-flow wp-block-column-is-layout-flow\">\n<h3 class=\"wp-block-heading\">Cliniciens pratiquants&nbsp;:<\/h3>\n\n\n\n<h4 class=\"wp-block-heading\">Pratique&nbsp;A&nbsp;<\/h4>\n\n\n\n<p>Vous pratiquez come physioth\u00e9rapeute&nbsp;a temps plein (plus que 15 heures par semaine).<\/p>\n\n\n\n<h4 class=\"wp-block-heading\">Pratique&nbsp;B&nbsp;<\/h4>\n\n\n\n<p>Vous pratiquez come physioth\u00e9rapeute a temps partiel (moins que 15 heures par semaine)<\/p>\n\n\n\n<h4 class=\"wp-block-heading\">Nouveau dipl\u00f4m\u00e9&nbsp;<\/h4>\n\n\n\n<p>Vous venez d\u2019obtenir un dipl\u00f4me d\u2019un programme d\u2019une universit\u00e9 canadienne reconnue et vous avez \u00e9t\u00e9 membre \u00e9tudiant de l&#8217;ACP pendant au moins deux ann\u00e9es auparavant (admissible pour la premi\u00e8re ann\u00e9e d\u2019exercice ou une partie de celle-ci).<\/p>\n\n\n\n<h4 class=\"wp-block-heading\">PhF\u00c9<\/h4>\n\n\n\n<p>Physioth\u00e9rapeutes ayant re\u00e7u une formation \u00e0 l\u2019\u00e9tranger durant leur premi\u00e8re ann\u00e9e en tant que membre s\u2019ils n\u2019ont jamais \u00e9t\u00e9 membre avant.<\/p>\n<\/div>\n\n\n\n<div class=\"wp-block-column is-layout-flow wp-block-column-is-layout-flow\">\n<h3 class=\"wp-block-heading\">Autres types de membres&nbsp;:<\/h3>\n\n\n\n<h4 class=\"wp-block-heading\">Non pratiquant&nbsp;<\/h4>\n\n\n\n<p>Vous travaillez comme gestionnaire, chercheur ou enseignant.<\/p>\n\n\n\n<p>*&nbsp;Une personne en cong\u00e9 n&#8217;est PAS un membre Non Pratiquant. Si vous \u00eates en cong\u00e9, communiquez avec l&#8217;ACP au 1-800-387-8679 ou \u00e0&nbsp;<a href=\"mailto:information@physiotherapy.ca\">information@physiotherapy.ca<\/a><\/p>\n\n\n\n<h4 class=\"wp-block-heading\">\u00c0 l\u2019\u00e9tranger&nbsp;<\/h4>\n\n\n\n<p>Vous vivez actuellement hors du Canada, mais autrement vous auriez droit \u00e0 l\u2019adh\u00e9sion compl\u00e8te.<\/p>\n\n\n\n<h4 class=\"wp-block-heading\">Retrait\u00e9&nbsp;<\/h4>\n\n\n\n<p>Vous avez d\u00e9finitivement pris votre retraite d\u2019un emploi significatif en physioth\u00e9rapie ET vous avez au moins 55&nbsp;ans ET vous avez \u00e9t\u00e9 membre de l\u2019ACP ou d\u2019un organisme de la CMTP pendant au moins 20&nbsp;ans au cours des 30&nbsp;derni\u00e8res ann\u00e9es.<\/p>\n\n\n\n<h4 class=\"wp-block-heading\">**Cong\u00e9 de maternit\u00e9\/de paternit\u00e9\/de maladie d&#8217;invalidit\u00e9<\/h4>\n\n\n\n<ul class=\"wp-block-list\">\n<li>Un membre \u00e0 part enti\u00e8re qui sera, ou qui pr\u00e9voit d&#8217;\u00eatre, en cong\u00e9 de maternit\u00e9\/paternit\u00e9\/maladie d&#8217;invalidit\u00e9 pendant au moins trois mois cons\u00e9cutifs de l&#8217;ann\u00e9e d&#8217;adh\u00e9sion en cours\/\u00e0 venir (ann\u00e9e d&#8217;adh\u00e9sion = du 1er octobre au 30 septembre de chaque ann\u00e9e).<\/li>\n<\/ul>\n<\/div>\n<\/div>\n\n\n\n<p>Veuillez communiquer avec un repr\u00e9sentant des Services aux membres pour vous aider avec votre adh\u00e9sion le renouvellement de celle-ci.&nbsp;<a href=\"mailto:information@physiotherapy.ca\">information@physiotherapy.ca<\/a>&nbsp;ou 1-800-387-8679.<\/p>\n\n\n\n<h3 class=\"wp-block-heading\">Technologue en physioth\u00e9rapie<\/h3>\n\n\n\n<p> Le technologue en physioth\u00e9rapie\u00a0est un professionnel de la sant\u00e9 qui travaille dans le domaine de la physioth\u00e9rapie au Qu\u00e9bec. Il y a donc deux professions (les physioth\u00e9rapeutes et les technologues en physioth\u00e9rapie) qui font partie du m\u00eame ordre professionnel: l&#8217;Ordre professionnel de la physioth\u00e9rapie du Qu\u00e9bec (OPPQ). Pour devenir\u00a0technologue en physioth\u00e9rapie, l&#8217;\u00e9tudiant doit tout d&#8217;abord r\u00e9ussir son d\u00eeplome d&#8217;\u00e9tude coll\u00e9giale en Techniques de physioth\u00e9rapie d&#8217;une dur\u00e9e de trois ans dans l&#8217;un des 10 C\u00e9geps offrant ce programme dans la province du Qu\u00e9bec puis dans un deuxi\u00e8me temps, \u00eatre membre de l&#8217;OPPQ.<\/p>\n\n\n\n<h3 class=\"wp-block-heading\">Assistants-physioth\u00e9rapeutes<\/h3>\n\n\n\n<p>Pour les personnes qui ont suivi un programme de formation officiel d\u2019assistant\u2011physioth\u00e9rapeute agr\u00e9\u00e9 par le&nbsp;<a href=\"http:\/\/www.otapta.ca\/\" target=\"_blank\" rel=\"noreferrer noopener\">Programme de l\u2019enseignement \u00e0 l\u2019assistant de l\u2019ergoth\u00e9rapeute et \u00e0 l\u2019assistant du physioth\u00e9rapeute<\/a>&nbsp;et les personnes qui ont r\u00e9ussi le processus de rendement observ\u00e9 de l\u2019Association canadienne de physioth\u00e9rapie.<\/p>\n\n\n\n<p>Pour vous renseigner sur le processus d\u2019adh\u00e9sion des assistants\u2011physioth\u00e9rapeutes&nbsp;:<\/p>\n\n\n\n<ul class=\"wp-block-list\">\n<li><a href=\"https:\/\/physiotherapy.ca\/app\/uploads\/2022\/08\/introduction-to-cpa-observed-performance-criteria-form_fr.pdf\" target=\"_blank\" rel=\"noreferrer noopener\">Processus d\u2019application des crit\u00e8res relatifs au rendement observ\u00e9<\/a><\/li>\n\n\n\n<li><a href=\"https:\/\/physiotherapy.ca\/app\/uploads\/2022\/08\/cpa-observed-performance-criteria-checklist_fr.pdf\">Liste de contr\u00f4le pour les&nbsp;AP&nbsp;<\/a><\/li>\n<\/ul>\n\n\n\n<h3 class=\"wp-block-heading\">\u00c9tudiants<\/h3>\n\n\n\n<p>L\u2019adh\u00e9sion \u00e0 l\u2019ACP est gratuite pour&nbsp;:<\/p>\n\n\n\n<ul class=\"wp-block-list\">\n<li>Les \u00e9tudiants en physioth\u00e9rapie inscrits \u00e0 un programme reconnu par l\u2019<a href=\"http:\/\/www.peac-aepc.ca\/\">Agr\u00e9ment de l\u2019enseignement de la physioth\u00e9rapie au Canada<\/a>&nbsp;ou \u00e0 un programme reconnu de transition pour les professionnels form\u00e9s \u00e0 l\u2019\u00e9tranger;<\/li>\n\n\n\n<li>les \u00e9tudiants assistants-physioth\u00e9rapeutes inscrits dans un programme d\u2019enseignement officiel (<a href=\"http:\/\/otapta.ca\/french\/accreditation\/accreditation-status.php\">statut d\u2019agr\u00e9ment<\/a>&nbsp;ou&nbsp;<a href=\"http:\/\/otapta.ca\/french\/accreditation\/candidacy-status.php\">statut de candidat<\/a>).<\/li>\n<\/ul>\n\n\n\n<h3 class=\"wp-block-heading\">Membres affili\u00e9s<\/h3>\n\n\n\n<p>Pour les personnes qui ne sont admissibles \u00e0 aucune des cat\u00e9gories de physioth\u00e9rapeutes ou d\u2019assistants-physioth\u00e9rapeutes, mais qui appuient les objectifs et les buts de l\u2019Association canadienne de physioth\u00e9rapie. Si vous souhaitez devenir membre affili\u00e9,&nbsp;<a href=\"mailto:information@physiotherapy.ca\">communiquez&nbsp;avec nous<\/a>.<\/p>\n\n\n\n<div class=\"wp-block-buttons is-layout-flex wp-block-buttons-is-layout-flex\">\n<div class=\"wp-block-button aligncenter\"><a class=\"wp-block-button__link wp-element-button\" href=\"https:\/\/physiotherapy.ca\/fr\/create-account\/\">Devenir membre<\/a><\/div>\n<\/div>\n\n\n\n<p><\/p>\n\n\n\n<figure class=\"wp-block-gallery has-nested-images columns-default is-cropped wp-block-gallery-1 is-layout-flex wp-block-gallery-is-layout-flex\"><\/figure>\n\n\n\n\n\n\n\n\n\n\n","protected":false},"excerpt":{"rendered":"<p>Les membres&nbsp;de l\u2019ACP forment un r\u00e9seau national de&nbsp;16&nbsp;000 physioth\u00e9rapeutes, assistants-physioth\u00e9rapeutes et&nbsp;technologues en physioth\u00e9rapie&nbsp;de tous les horizons&nbsp;: cliniciens, \u00e9tudiants, enseignants, chercheurs, propri\u00e9taires de clinique. L\u2019adh\u00e9sion \u00e0 l\u2019ACP vous donne acc\u00e8s \u00e0 un r\u00e9seau de ressources, d\u2019information, de conseils et de pratiques [&hellip;]<\/p>\n","protected":false},"author":1,"featured_media":0,"parent":2178,"menu_order":-1,"comment_status":"closed","ping_status":"closed","template":"","meta":{"inline_featured_image":false,"ep_exclude_from_search":false,"footnotes":""},"topic":[],"class_list":["post-4214","page","type-page","status-publish","hentry"],"acf":[],"yoast_head":"<!-- This site is optimized with the Yoast SEO plugin v24.7 - https:\/\/yoast.com\/wordpress\/plugins\/seo\/ -->\n<title>Devenir membre - Canadian Physiotherapy Association<\/title>\n<meta name=\"robots\" content=\"index, follow, max-snippet:-1, max-image-preview:large, max-video-preview:-1\" \/>\n<link rel=\"canonical\" href=\"https:\/\/physiotherapy.ca\/fr\/membership-fr\/devenir-membre\/\" \/>\n<meta property=\"og:locale\" content=\"fr_FR\" \/>\n<meta property=\"og:type\" content=\"article\" \/>\n<meta property=\"og:title\" content=\"Devenir membre - Canadian Physiotherapy Association\" \/>\n<meta property=\"og:description\" content=\"Les membres&nbsp;de l\u2019ACP forment un r\u00e9seau national de&nbsp;16&nbsp;000 physioth\u00e9rapeutes, assistants-physioth\u00e9rapeutes et&nbsp;technologues en physioth\u00e9rapie&nbsp;de tous les horizons&nbsp;: cliniciens, \u00e9tudiants, enseignants, chercheurs, propri\u00e9taires de clinique. L\u2019adh\u00e9sion \u00e0 l\u2019ACP vous donne acc\u00e8s \u00e0 un r\u00e9seau de ressources, d\u2019information, de conseils et de pratiques [&hellip;]\" \/>\n<meta property=\"og:url\" content=\"https:\/\/physiotherapy.ca\/fr\/membership-fr\/devenir-membre\/\" \/>\n<meta property=\"og:site_name\" content=\"Canadian Physiotherapy Association\" \/>\n<meta property=\"article:modified_time\" content=\"2025-10-22T15:18:14+00:00\" \/>\n<meta property=\"og:image\" content=\"https:\/\/physiotherapy.ca\/app\/uploads\/2025\/08\/SOCIAL-BANNER-FR.png\" \/>\n\t<meta property=\"og:image:width\" content=\"1080\" \/>\n\t<meta property=\"og:image:height\" content=\"181\" \/>\n\t<meta property=\"og:image:type\" content=\"image\/png\" \/>\n<meta name=\"twitter:card\" content=\"summary_large_image\" \/>\n<meta name=\"twitter:label1\" content=\"Est. reading time\" \/>\n\t<meta name=\"twitter:data1\" content=\"5 minutes\" \/>\n<script type=\"application\/ld+json\" class=\"yoast-schema-graph\">{\"@context\":\"https:\/\/schema.org\",\"@graph\":[{\"@type\":\"WebPage\",\"@id\":\"https:\/\/physiotherapy.ca\/fr\/membership-fr\/devenir-membre\/\",\"url\":\"https:\/\/physiotherapy.ca\/fr\/membership-fr\/devenir-membre\/\",\"name\":\"Devenir membre - Canadian Physiotherapy Association\",\"isPartOf\":{\"@id\":\"https:\/\/physiotherapy.ca\/#website\"},\"primaryImageOfPage\":{\"@id\":\"https:\/\/physiotherapy.ca\/fr\/membership-fr\/devenir-membre\/#primaryimage\"},\"image\":{\"@id\":\"https:\/\/physiotherapy.ca\/fr\/membership-fr\/devenir-membre\/#primaryimage\"},\"thumbnailUrl\":\"https:\/\/physiotherapy.ca\/app\/uploads\/2025\/08\/SOCIAL-BANNER-FR-1024x172.png\",\"datePublished\":\"2022-07-28T20:01:55+00:00\",\"dateModified\":\"2025-10-22T15:18:14+00:00\",\"breadcrumb\":{\"@id\":\"https:\/\/physiotherapy.ca\/fr\/membership-fr\/devenir-membre\/#breadcrumb\"},\"inLanguage\":\"fr-FR\",\"potentialAction\":[{\"@type\":\"ReadAction\",\"target\":[\"https:\/\/physiotherapy.ca\/fr\/membership-fr\/devenir-membre\/\"]}]},{\"@type\":\"ImageObject\",\"inLanguage\":\"fr-FR\",\"@id\":\"https:\/\/physiotherapy.ca\/fr\/membership-fr\/devenir-membre\/#primaryimage\",\"url\":\"https:\/\/physiotherapy.ca\/app\/uploads\/2025\/08\/SOCIAL-BANNER-FR-1024x172.png\",\"contentUrl\":\"https:\/\/physiotherapy.ca\/app\/uploads\/2025\/08\/SOCIAL-BANNER-FR-1024x172.png\"},{\"@type\":\"BreadcrumbList\",\"@id\":\"https:\/\/physiotherapy.ca\/fr\/membership-fr\/devenir-membre\/#breadcrumb\",\"itemListElement\":[{\"@type\":\"ListItem\",\"position\":1,\"name\":\"Home\",\"item\":\"https:\/\/physiotherapy.ca\/fr\/\"},{\"@type\":\"ListItem\",\"position\":2,\"name\":\"Membership FR\",\"item\":\"https:\/\/physiotherapy.ca\/fr\/membership-fr\/\"},{\"@type\":\"ListItem\",\"position\":3,\"name\":\"Devenir membre\"}]},{\"@type\":\"WebSite\",\"@id\":\"https:\/\/physiotherapy.ca\/#website\",\"url\":\"https:\/\/physiotherapy.ca\/\",\"name\":\"Canadian Physiotherapy Association\",\"description\":\"The Canadian Physiotherapy Association (CPA) represents over 16,000 physiotherapy professionals and students across Canada.\",\"potentialAction\":[{\"@type\":\"SearchAction\",\"target\":{\"@type\":\"EntryPoint\",\"urlTemplate\":\"https:\/\/physiotherapy.ca\/?s={search_term_string}\"},\"query-input\":{\"@type\":\"PropertyValueSpecification\",\"valueRequired\":true,\"valueName\":\"search_term_string\"}}],\"inLanguage\":\"fr-FR\"}]}<\/script>\n<!-- \/ Yoast SEO plugin. -->","yoast_head_json":{"title":"Devenir membre - Canadian Physiotherapy Association","robots":{"index":"index","follow":"follow","max-snippet":"max-snippet:-1","max-image-preview":"max-image-preview:large","max-video-preview":"max-video-preview:-1"},"canonical":"https:\/\/physiotherapy.ca\/fr\/membership-fr\/devenir-membre\/","og_locale":"fr_FR","og_type":"article","og_title":"Devenir membre - Canadian Physiotherapy Association","og_description":"Les membres&nbsp;de l\u2019ACP forment un r\u00e9seau national de&nbsp;16&nbsp;000 physioth\u00e9rapeutes, assistants-physioth\u00e9rapeutes et&nbsp;technologues en physioth\u00e9rapie&nbsp;de tous les horizons&nbsp;: cliniciens, \u00e9tudiants, enseignants, chercheurs, propri\u00e9taires de clinique. L\u2019adh\u00e9sion \u00e0 l\u2019ACP vous donne acc\u00e8s \u00e0 un r\u00e9seau de ressources, d\u2019information, de conseils et de pratiques [&hellip;]","og_url":"https:\/\/physiotherapy.ca\/fr\/membership-fr\/devenir-membre\/","og_site_name":"Canadian Physiotherapy Association","article_modified_time":"2025-10-22T15:18:14+00:00","og_image":[{"width":1080,"height":181,"url":"https:\/\/physiotherapy.ca\/app\/uploads\/2025\/08\/SOCIAL-BANNER-FR.png","type":"image\/png"}],"twitter_card":"summary_large_image","twitter_misc":{"Est. reading time":"5 minutes"},"schema":{"@context":"https:\/\/schema.org","@graph":[{"@type":"WebPage","@id":"https:\/\/physiotherapy.ca\/fr\/membership-fr\/devenir-membre\/","url":"https:\/\/physiotherapy.ca\/fr\/membership-fr\/devenir-membre\/","name":"Devenir membre - Canadian Physiotherapy Association","isPartOf":{"@id":"https:\/\/physiotherapy.ca\/#website"},"primaryImageOfPage":{"@id":"https:\/\/physiotherapy.ca\/fr\/membership-fr\/devenir-membre\/#primaryimage"},"image":{"@id":"https:\/\/physiotherapy.ca\/fr\/membership-fr\/devenir-membre\/#primaryimage"},"thumbnailUrl":"https:\/\/physiotherapy.ca\/app\/uploads\/2025\/08\/SOCIAL-BANNER-FR-1024x172.png","datePublished":"2022-07-28T20:01:55+00:00","dateModified":"2025-10-22T15:18:14+00:00","breadcrumb":{"@id":"https:\/\/physiotherapy.ca\/fr\/membership-fr\/devenir-membre\/#breadcrumb"},"inLanguage":"fr-FR","potentialAction":[{"@type":"ReadAction","target":["https:\/\/physiotherapy.ca\/fr\/membership-fr\/devenir-membre\/"]}]},{"@type":"ImageObject","inLanguage":"fr-FR","@id":"https:\/\/physiotherapy.ca\/fr\/membership-fr\/devenir-membre\/#primaryimage","url":"https:\/\/physiotherapy.ca\/app\/uploads\/2025\/08\/SOCIAL-BANNER-FR-1024x172.png","contentUrl":"https:\/\/physiotherapy.ca\/app\/uploads\/2025\/08\/SOCIAL-BANNER-FR-1024x172.png"},{"@type":"BreadcrumbList","@id":"https:\/\/physiotherapy.ca\/fr\/membership-fr\/devenir-membre\/#breadcrumb","itemListElement":[{"@type":"ListItem","position":1,"name":"Home","item":"https:\/\/physiotherapy.ca\/fr\/"},{"@type":"ListItem","position":2,"name":"Membership FR","item":"https:\/\/physiotherapy.ca\/fr\/membership-fr\/"},{"@type":"ListItem","position":3,"name":"Devenir membre"}]},{"@type":"WebSite","@id":"https:\/\/physiotherapy.ca\/#website","url":"https:\/\/physiotherapy.ca\/","name":"Canadian Physiotherapy Association","description":"The Canadian Physiotherapy Association (CPA) represents over 16,000 physiotherapy professionals and students across Canada.","potentialAction":[{"@type":"SearchAction","target":{"@type":"EntryPoint","urlTemplate":"https:\/\/physiotherapy.ca\/?s={search_term_string}"},"query-input":{"@type":"PropertyValueSpecification","valueRequired":true,"valueName":"search_term_string"}}],"inLanguage":"fr-FR"}]}},"_links":{"self":[{"href":"https:\/\/physiotherapy.ca\/fr\/wp-json\/wp\/v2\/pages\/4214","targetHints":{"allow":["GET"]}}],"collection":[{"href":"https:\/\/physiotherapy.ca\/fr\/wp-json\/wp\/v2\/pages"}],"about":[{"href":"https:\/\/physiotherapy.ca\/fr\/wp-json\/wp\/v2\/types\/page"}],"author":[{"embeddable":true,"href":"https:\/\/physiotherapy.ca\/fr\/wp-json\/wp\/v2\/users\/1"}],"replies":[{"embeddable":true,"href":"https:\/\/physiotherapy.ca\/fr\/wp-json\/wp\/v2\/comments?post=4214"}],"version-history":[{"count":14,"href":"https:\/\/physiotherapy.ca\/fr\/wp-json\/wp\/v2\/pages\/4214\/revisions"}],"predecessor-version":[{"id":278459,"href":"https:\/\/physiotherapy.ca\/fr\/wp-json\/wp\/v2\/pages\/4214\/revisions\/278459"}],"up":[{"embeddable":true,"href":"https:\/\/physiotherapy.ca\/fr\/wp-json\/wp\/v2\/pages\/2178"}],"wp:attachment":[{"href":"https:\/\/physiotherapy.ca\/fr\/wp-json\/wp\/v2\/media?parent=4214"}],"wp:term":[{"taxonomy":"topic","embeddable":true,"href":"https:\/\/physiotherapy.ca\/fr\/wp-json\/wp\/v2\/topic?post=4214"}],"curies":[{"name":"wp","href":"https:\/\/api.w.org\/{rel}","templated":true}]}}