{"id":4216,"date":"2022-07-28T16:02:50","date_gmt":"2022-07-28T20:02:50","guid":{"rendered":"https:\/\/physiotherapy.ca\/?page_id=4216"},"modified":"2022-09-08T14:05:18","modified_gmt":"2022-09-08T18:05:18","slug":"avantages","status":"publish","type":"page","link":"https:\/\/physiotherapy.ca\/fr\/membership-fr\/avantages\/","title":{"rendered":"Avantages"},"content":{"rendered":"\n<h3 class=\"wp-block-heading\">L\u2019Association canadienne de physioth\u00e9rapie est une communaut\u00e9 nationale des professionnels de la physioth\u00e9rapie les plus d\u00e9vou\u00e9s au Canada.<\/h3>\n\n\n\n<p>Que vous soyez praticien, propri\u00e9taire d\u2019entreprise, chercheur, \u00e9ducateur, administrateur ou \u00e9tudiant, l\u2019adh\u00e9sion \u00e0 l\u2019ACP vous donne un acc\u00e8s exclusif \u00e0 des r\u00e9seaux, des ressources et les meilleures pratiques pour vous aider \u00e0 atteindre vos objectifs professionnels.<\/p>\n\n\n\n<p><\/p>\n\n\n\n<p><\/p>\n\n\n\n<h4 class=\"wp-block-heading\">En tant que membre de l\u2019ACP, vous avez acc\u00e8s \u00e0&nbsp;:<\/h4>\n","protected":false},"excerpt":{"rendered":"<p>L\u2019Association canadienne de physioth\u00e9rapie est une communaut\u00e9 nationale des professionnels de la physioth\u00e9rapie les plus d\u00e9vou\u00e9s au Canada. Que vous soyez praticien, propri\u00e9taire d\u2019entreprise, chercheur, \u00e9ducateur, administrateur ou \u00e9tudiant, l\u2019adh\u00e9sion \u00e0 l\u2019ACP vous donne un acc\u00e8s exclusif \u00e0 des r\u00e9seaux, [&hellip;]<\/p>\n","protected":false},"author":1,"featured_media":0,"parent":2178,"menu_order":2,"comment_status":"closed","ping_status":"closed","template":"page-templates\/page-grid-landing.php","meta":{"inline_featured_image":false,"ep_exclude_from_search":false,"footnotes":""},"topic":[],"class_list":["post-4216","page","type-page","status-publish","hentry"],"acf":[],"yoast_head":"<!-- This site is optimized with the Yoast SEO plugin v24.7 - https:\/\/yoast.com\/wordpress\/plugins\/seo\/ -->\n<title>Avantages - Canadian Physiotherapy Association<\/title>\n<meta name=\"robots\" content=\"index, follow, max-snippet:-1, max-image-preview:large, max-video-preview:-1\" \/>\n<link rel=\"canonical\" href=\"https:\/\/physiotherapy.ca\/fr\/membership-fr\/avantages\/\" \/>\n<meta property=\"og:locale\" content=\"fr_FR\" \/>\n<meta property=\"og:type\" content=\"article\" \/>\n<meta property=\"og:title\" content=\"Avantages - Canadian Physiotherapy Association\" \/>\n<meta property=\"og:description\" content=\"L\u2019Association canadienne de physioth\u00e9rapie est une communaut\u00e9 nationale des professionnels de la physioth\u00e9rapie les plus d\u00e9vou\u00e9s au Canada. Que vous soyez praticien, propri\u00e9taire d\u2019entreprise, chercheur, \u00e9ducateur, administrateur ou \u00e9tudiant, l\u2019adh\u00e9sion \u00e0 l\u2019ACP vous donne un acc\u00e8s exclusif \u00e0 des r\u00e9seaux, [&hellip;]\" \/>\n<meta property=\"og:url\" content=\"https:\/\/physiotherapy.ca\/fr\/membership-fr\/avantages\/\" \/>\n<meta property=\"og:site_name\" content=\"Canadian Physiotherapy Association\" \/>\n<meta property=\"article:modified_time\" content=\"2022-09-08T18:05:18+00:00\" \/>\n<meta name=\"twitter:card\" content=\"summary_large_image\" \/>\n<meta name=\"twitter:label1\" content=\"Est. reading time\" \/>\n\t<meta name=\"twitter:data1\" content=\"1 minute\" \/>\n<script type=\"application\/ld+json\" class=\"yoast-schema-graph\">{\"@context\":\"https:\/\/schema.org\",\"@graph\":[{\"@type\":\"WebPage\",\"@id\":\"https:\/\/physiotherapy.ca\/fr\/membership-fr\/avantages\/\",\"url\":\"https:\/\/physiotherapy.ca\/fr\/membership-fr\/avantages\/\",\"name\":\"Avantages - Canadian Physiotherapy Association\",\"isPartOf\":{\"@id\":\"https:\/\/physiotherapy.ca\/#website\"},\"datePublished\":\"2022-07-28T20:02:50+00:00\",\"dateModified\":\"2022-09-08T18:05:18+00:00\",\"breadcrumb\":{\"@id\":\"https:\/\/physiotherapy.ca\/fr\/membership-fr\/avantages\/#breadcrumb\"},\"inLanguage\":\"fr-FR\",\"potentialAction\":[{\"@type\":\"ReadAction\",\"target\":[\"https:\/\/physiotherapy.ca\/fr\/membership-fr\/avantages\/\"]}]},{\"@type\":\"BreadcrumbList\",\"@id\":\"https:\/\/physiotherapy.ca\/fr\/membership-fr\/avantages\/#breadcrumb\",\"itemListElement\":[{\"@type\":\"ListItem\",\"position\":1,\"name\":\"Home\",\"item\":\"https:\/\/physiotherapy.ca\/fr\/\"},{\"@type\":\"ListItem\",\"position\":2,\"name\":\"Membership FR\",\"item\":\"https:\/\/physiotherapy.ca\/fr\/membership-fr\/\"},{\"@type\":\"ListItem\",\"position\":3,\"name\":\"Avantages\"}]},{\"@type\":\"WebSite\",\"@id\":\"https:\/\/physiotherapy.ca\/#website\",\"url\":\"https:\/\/physiotherapy.ca\/\",\"name\":\"Canadian Physiotherapy Association\",\"description\":\"The Canadian Physiotherapy Association (CPA) represents over 16,000 physiotherapy professionals and students across Canada.\",\"potentialAction\":[{\"@type\":\"SearchAction\",\"target\":{\"@type\":\"EntryPoint\",\"urlTemplate\":\"https:\/\/physiotherapy.ca\/?s={search_term_string}\"},\"query-input\":{\"@type\":\"PropertyValueSpecification\",\"valueRequired\":true,\"valueName\":\"search_term_string\"}}],\"inLanguage\":\"fr-FR\"}]}<\/script>\n<!-- \/ Yoast SEO plugin. -->","yoast_head_json":{"title":"Avantages - Canadian Physiotherapy Association","robots":{"index":"index","follow":"follow","max-snippet":"max-snippet:-1","max-image-preview":"max-image-preview:large","max-video-preview":"max-video-preview:-1"},"canonical":"https:\/\/physiotherapy.ca\/fr\/membership-fr\/avantages\/","og_locale":"fr_FR","og_type":"article","og_title":"Avantages - Canadian Physiotherapy Association","og_description":"L\u2019Association canadienne de physioth\u00e9rapie est une communaut\u00e9 nationale des professionnels de la physioth\u00e9rapie les plus d\u00e9vou\u00e9s au Canada. Que vous soyez praticien, propri\u00e9taire d\u2019entreprise, chercheur, \u00e9ducateur, administrateur ou \u00e9tudiant, l\u2019adh\u00e9sion \u00e0 l\u2019ACP vous donne un acc\u00e8s exclusif \u00e0 des r\u00e9seaux, [&hellip;]","og_url":"https:\/\/physiotherapy.ca\/fr\/membership-fr\/avantages\/","og_site_name":"Canadian Physiotherapy Association","article_modified_time":"2022-09-08T18:05:18+00:00","twitter_card":"summary_large_image","twitter_misc":{"Est. reading time":"1 minute"},"schema":{"@context":"https:\/\/schema.org","@graph":[{"@type":"WebPage","@id":"https:\/\/physiotherapy.ca\/fr\/membership-fr\/avantages\/","url":"https:\/\/physiotherapy.ca\/fr\/membership-fr\/avantages\/","name":"Avantages - Canadian Physiotherapy Association","isPartOf":{"@id":"https:\/\/physiotherapy.ca\/#website"},"datePublished":"2022-07-28T20:02:50+00:00","dateModified":"2022-09-08T18:05:18+00:00","breadcrumb":{"@id":"https:\/\/physiotherapy.ca\/fr\/membership-fr\/avantages\/#breadcrumb"},"inLanguage":"fr-FR","potentialAction":[{"@type":"ReadAction","target":["https:\/\/physiotherapy.ca\/fr\/membership-fr\/avantages\/"]}]},{"@type":"BreadcrumbList","@id":"https:\/\/physiotherapy.ca\/fr\/membership-fr\/avantages\/#breadcrumb","itemListElement":[{"@type":"ListItem","position":1,"name":"Home","item":"https:\/\/physiotherapy.ca\/fr\/"},{"@type":"ListItem","position":2,"name":"Membership FR","item":"https:\/\/physiotherapy.ca\/fr\/membership-fr\/"},{"@type":"ListItem","position":3,"name":"Avantages"}]},{"@type":"WebSite","@id":"https:\/\/physiotherapy.ca\/#website","url":"https:\/\/physiotherapy.ca\/","name":"Canadian Physiotherapy Association","description":"The Canadian Physiotherapy Association (CPA) represents over 16,000 physiotherapy professionals and students across Canada.","potentialAction":[{"@type":"SearchAction","target":{"@type":"EntryPoint","urlTemplate":"https:\/\/physiotherapy.ca\/?s={search_term_string}"},"query-input":{"@type":"PropertyValueSpecification","valueRequired":true,"valueName":"search_term_string"}}],"inLanguage":"fr-FR"}]}},"_links":{"self":[{"href":"https:\/\/physiotherapy.ca\/fr\/wp-json\/wp\/v2\/pages\/4216","targetHints":{"allow":["GET"]}}],"collection":[{"href":"https:\/\/physiotherapy.ca\/fr\/wp-json\/wp\/v2\/pages"}],"about":[{"href":"https:\/\/physiotherapy.ca\/fr\/wp-json\/wp\/v2\/types\/page"}],"author":[{"embeddable":true,"href":"https:\/\/physiotherapy.ca\/fr\/wp-json\/wp\/v2\/users\/1"}],"replies":[{"embeddable":true,"href":"https:\/\/physiotherapy.ca\/fr\/wp-json\/wp\/v2\/comments?post=4216"}],"version-history":[{"count":13,"href":"https:\/\/physiotherapy.ca\/fr\/wp-json\/wp\/v2\/pages\/4216\/revisions"}],"predecessor-version":[{"id":23050,"href":"https:\/\/physiotherapy.ca\/fr\/wp-json\/wp\/v2\/pages\/4216\/revisions\/23050"}],"up":[{"embeddable":true,"href":"https:\/\/physiotherapy.ca\/fr\/wp-json\/wp\/v2\/pages\/2178"}],"wp:attachment":[{"href":"https:\/\/physiotherapy.ca\/fr\/wp-json\/wp\/v2\/media?parent=4216"}],"wp:term":[{"taxonomy":"topic","embeddable":true,"href":"https:\/\/physiotherapy.ca\/fr\/wp-json\/wp\/v2\/topic?post=4216"}],"curies":[{"name":"wp","href":"https:\/\/api.w.org\/{rel}","templated":true}]}}