{"id":4220,"date":"2022-07-28T16:08:52","date_gmt":"2022-07-28T20:08:52","guid":{"rendered":"https:\/\/physiotherapy.ca\/?page_id=4220"},"modified":"2025-08-21T10:38:14","modified_gmt":"2025-08-21T14:38:14","slug":"sections","status":"publish","type":"page","link":"https:\/\/physiotherapy.ca\/fr\/membership-fr\/sections\/","title":{"rendered":"Sections"},"content":{"rendered":"\n<h4 class=\"wp-block-heading\">L\u2019adh\u00e9sion \u00e0 l\u2019ACP permet l\u2019adh\u00e9sion simultan\u00e9e \u00e0 votre section provinciale ou votre conseil territorial. <\/h4>\n\n\n\n<p>L\u2019ACP et les sections travaillent ensemble pour r\u00e9pondre aux plus grandes priorit\u00e9s de la profession, que ce soit en plaidant pour \u00e9largir le champ de pratique des physioth\u00e9rapeutes ou en collaborant \u00e0 des projets de recherche pour mieux comprendre les questions cl\u00e9s. Les sections organisent des activit\u00e9s de plaidoyer \u00e0 l\u2019\u00e9chelle provinciale et territoriale, offrent des ressources et des formations pour le perfectionnement professionnel et vous aident \u00e0 entrer en contact avec des coll\u00e8gues et des communaut\u00e9s dans votre r\u00e9gion.\u00a0\u00a0\u00a0<\/p>\n","protected":false},"excerpt":{"rendered":"<p>L\u2019adh\u00e9sion \u00e0 l\u2019ACP permet l\u2019adh\u00e9sion simultan\u00e9e \u00e0 votre section provinciale ou votre conseil territorial. L\u2019ACP et les sections travaillent ensemble pour r\u00e9pondre aux plus grandes priorit\u00e9s de la profession, que ce soit en plaidant pour \u00e9largir le champ de pratique [&hellip;]<\/p>\n","protected":false},"author":1,"featured_media":0,"parent":2178,"menu_order":4,"comment_status":"closed","ping_status":"closed","template":"page-templates\/page-grid-landing.php","meta":{"inline_featured_image":false,"ep_exclude_from_search":false,"footnotes":""},"topic":[],"class_list":["post-4220","page","type-page","status-publish","hentry"],"acf":[],"yoast_head":"<!-- This site is optimized with the Yoast SEO plugin v24.7 - https:\/\/yoast.com\/wordpress\/plugins\/seo\/ -->\n<title>Sections - Canadian Physiotherapy Association<\/title>\n<meta name=\"robots\" content=\"index, follow, max-snippet:-1, max-image-preview:large, max-video-preview:-1\" \/>\n<link rel=\"canonical\" href=\"https:\/\/physiotherapy.ca\/fr\/membership-fr\/sections\/\" \/>\n<meta property=\"og:locale\" content=\"fr_FR\" \/>\n<meta property=\"og:type\" content=\"article\" \/>\n<meta property=\"og:title\" content=\"Sections - Canadian Physiotherapy Association\" \/>\n<meta property=\"og:description\" content=\"L\u2019adh\u00e9sion \u00e0 l\u2019ACP permet l\u2019adh\u00e9sion simultan\u00e9e \u00e0 votre section provinciale ou votre conseil territorial. L\u2019ACP et les sections travaillent ensemble pour r\u00e9pondre aux plus grandes priorit\u00e9s de la profession, que ce soit en plaidant pour \u00e9largir le champ de pratique [&hellip;]\" \/>\n<meta property=\"og:url\" content=\"https:\/\/physiotherapy.ca\/fr\/membership-fr\/sections\/\" \/>\n<meta property=\"og:site_name\" content=\"Canadian Physiotherapy Association\" \/>\n<meta property=\"article:modified_time\" content=\"2025-08-21T14:38:14+00:00\" \/>\n<meta name=\"twitter:card\" content=\"summary_large_image\" \/>\n<meta name=\"twitter:label1\" content=\"Est. reading time\" \/>\n\t<meta name=\"twitter:data1\" content=\"1 minute\" \/>\n<script type=\"application\/ld+json\" class=\"yoast-schema-graph\">{\"@context\":\"https:\/\/schema.org\",\"@graph\":[{\"@type\":\"WebPage\",\"@id\":\"https:\/\/physiotherapy.ca\/fr\/membership-fr\/sections\/\",\"url\":\"https:\/\/physiotherapy.ca\/fr\/membership-fr\/sections\/\",\"name\":\"Sections - Canadian Physiotherapy Association\",\"isPartOf\":{\"@id\":\"https:\/\/physiotherapy.ca\/#website\"},\"datePublished\":\"2022-07-28T20:08:52+00:00\",\"dateModified\":\"2025-08-21T14:38:14+00:00\",\"breadcrumb\":{\"@id\":\"https:\/\/physiotherapy.ca\/fr\/membership-fr\/sections\/#breadcrumb\"},\"inLanguage\":\"fr-FR\",\"potentialAction\":[{\"@type\":\"ReadAction\",\"target\":[\"https:\/\/physiotherapy.ca\/fr\/membership-fr\/sections\/\"]}]},{\"@type\":\"BreadcrumbList\",\"@id\":\"https:\/\/physiotherapy.ca\/fr\/membership-fr\/sections\/#breadcrumb\",\"itemListElement\":[{\"@type\":\"ListItem\",\"position\":1,\"name\":\"Home\",\"item\":\"https:\/\/physiotherapy.ca\/fr\/\"},{\"@type\":\"ListItem\",\"position\":2,\"name\":\"Membership FR\",\"item\":\"https:\/\/physiotherapy.ca\/fr\/membership-fr\/\"},{\"@type\":\"ListItem\",\"position\":3,\"name\":\"Sections\"}]},{\"@type\":\"WebSite\",\"@id\":\"https:\/\/physiotherapy.ca\/#website\",\"url\":\"https:\/\/physiotherapy.ca\/\",\"name\":\"Canadian Physiotherapy Association\",\"description\":\"The Canadian Physiotherapy Association (CPA) represents over 16,000 physiotherapy professionals and students across Canada.\",\"potentialAction\":[{\"@type\":\"SearchAction\",\"target\":{\"@type\":\"EntryPoint\",\"urlTemplate\":\"https:\/\/physiotherapy.ca\/?s={search_term_string}\"},\"query-input\":{\"@type\":\"PropertyValueSpecification\",\"valueRequired\":true,\"valueName\":\"search_term_string\"}}],\"inLanguage\":\"fr-FR\"}]}<\/script>\n<!-- \/ Yoast SEO plugin. -->","yoast_head_json":{"title":"Sections - Canadian Physiotherapy Association","robots":{"index":"index","follow":"follow","max-snippet":"max-snippet:-1","max-image-preview":"max-image-preview:large","max-video-preview":"max-video-preview:-1"},"canonical":"https:\/\/physiotherapy.ca\/fr\/membership-fr\/sections\/","og_locale":"fr_FR","og_type":"article","og_title":"Sections - Canadian Physiotherapy Association","og_description":"L\u2019adh\u00e9sion \u00e0 l\u2019ACP permet l\u2019adh\u00e9sion simultan\u00e9e \u00e0 votre section provinciale ou votre conseil territorial. L\u2019ACP et les sections travaillent ensemble pour r\u00e9pondre aux plus grandes priorit\u00e9s de la profession, que ce soit en plaidant pour \u00e9largir le champ de pratique [&hellip;]","og_url":"https:\/\/physiotherapy.ca\/fr\/membership-fr\/sections\/","og_site_name":"Canadian Physiotherapy Association","article_modified_time":"2025-08-21T14:38:14+00:00","twitter_card":"summary_large_image","twitter_misc":{"Est. reading time":"1 minute"},"schema":{"@context":"https:\/\/schema.org","@graph":[{"@type":"WebPage","@id":"https:\/\/physiotherapy.ca\/fr\/membership-fr\/sections\/","url":"https:\/\/physiotherapy.ca\/fr\/membership-fr\/sections\/","name":"Sections - Canadian Physiotherapy Association","isPartOf":{"@id":"https:\/\/physiotherapy.ca\/#website"},"datePublished":"2022-07-28T20:08:52+00:00","dateModified":"2025-08-21T14:38:14+00:00","breadcrumb":{"@id":"https:\/\/physiotherapy.ca\/fr\/membership-fr\/sections\/#breadcrumb"},"inLanguage":"fr-FR","potentialAction":[{"@type":"ReadAction","target":["https:\/\/physiotherapy.ca\/fr\/membership-fr\/sections\/"]}]},{"@type":"BreadcrumbList","@id":"https:\/\/physiotherapy.ca\/fr\/membership-fr\/sections\/#breadcrumb","itemListElement":[{"@type":"ListItem","position":1,"name":"Home","item":"https:\/\/physiotherapy.ca\/fr\/"},{"@type":"ListItem","position":2,"name":"Membership FR","item":"https:\/\/physiotherapy.ca\/fr\/membership-fr\/"},{"@type":"ListItem","position":3,"name":"Sections"}]},{"@type":"WebSite","@id":"https:\/\/physiotherapy.ca\/#website","url":"https:\/\/physiotherapy.ca\/","name":"Canadian Physiotherapy Association","description":"The Canadian Physiotherapy Association (CPA) represents over 16,000 physiotherapy professionals and students across Canada.","potentialAction":[{"@type":"SearchAction","target":{"@type":"EntryPoint","urlTemplate":"https:\/\/physiotherapy.ca\/?s={search_term_string}"},"query-input":{"@type":"PropertyValueSpecification","valueRequired":true,"valueName":"search_term_string"}}],"inLanguage":"fr-FR"}]}},"_links":{"self":[{"href":"https:\/\/physiotherapy.ca\/fr\/wp-json\/wp\/v2\/pages\/4220","targetHints":{"allow":["GET"]}}],"collection":[{"href":"https:\/\/physiotherapy.ca\/fr\/wp-json\/wp\/v2\/pages"}],"about":[{"href":"https:\/\/physiotherapy.ca\/fr\/wp-json\/wp\/v2\/types\/page"}],"author":[{"embeddable":true,"href":"https:\/\/physiotherapy.ca\/fr\/wp-json\/wp\/v2\/users\/1"}],"replies":[{"embeddable":true,"href":"https:\/\/physiotherapy.ca\/fr\/wp-json\/wp\/v2\/comments?post=4220"}],"version-history":[{"count":12,"href":"https:\/\/physiotherapy.ca\/fr\/wp-json\/wp\/v2\/pages\/4220\/revisions"}],"predecessor-version":[{"id":276329,"href":"https:\/\/physiotherapy.ca\/fr\/wp-json\/wp\/v2\/pages\/4220\/revisions\/276329"}],"up":[{"embeddable":true,"href":"https:\/\/physiotherapy.ca\/fr\/wp-json\/wp\/v2\/pages\/2178"}],"wp:attachment":[{"href":"https:\/\/physiotherapy.ca\/fr\/wp-json\/wp\/v2\/media?parent=4220"}],"wp:term":[{"taxonomy":"topic","embeddable":true,"href":"https:\/\/physiotherapy.ca\/fr\/wp-json\/wp\/v2\/topic?post=4220"}],"curies":[{"name":"wp","href":"https:\/\/api.w.org\/{rel}","templated":true}]}}