{"id":4224,"date":"2022-07-28T16:12:04","date_gmt":"2022-07-28T20:12:04","guid":{"rendered":"https:\/\/physiotherapy.ca\/?page_id=4224"},"modified":"2022-08-11T15:04:25","modified_gmt":"2022-08-11T19:04:25","slug":"assemblees","status":"publish","type":"page","link":"https:\/\/physiotherapy.ca\/fr\/membership-fr\/assemblees\/","title":{"rendered":"Assembl\u00e9es"},"content":{"rendered":"\n<h2 class=\"wp-block-heading\">Assembl\u00e9es L&#8217;ACP<\/h2>\n\n\n\n<hr class=\"wp-block-separator is-style-wide\"\/>\n\n\n\n<div class=\"wp-block-media-text is-stacked-on-mobile is-vertically-aligned-top\" style=\"grid-template-columns:29% auto\"><figure class=\"wp-block-media-text__media\"><img decoding=\"async\" src=\"https:\/\/physiotherapy.ca\/app\/uploads\/2022\/08\/AdobeStock_281856227-1024x683.jpeg\" alt=\"\" class=\"wp-image-7687 size-full\"\/><\/figure><div class=\"wp-block-media-text__content\">\n<h4 class=\"wp-block-heading\">L\u2019Assembl\u00e9e nationale des assistants-physioth\u00e9rapeutes (ANAP)<\/h4>\n\n\n\n<p>Mission : L\u2019Assembl\u00e9e nationale des assistants-physioth\u00e9rapeutes (ANAP) d\u00e9fend les int\u00e9r\u00eats et r\u00e9pond aux besoins des assistants-physioth\u00e9rapeutes qui pratiquent ou \u00e9tudient au Canada, et participe activement \u00e0 la croissance et \u00e0 l\u2019\u00e9volution de leur r\u00f4le en physioth\u00e9rapie.<\/p>\n\n\n\n<div class=\"wp-block-buttons is-layout-flex wp-block-buttons-is-layout-flex\">\n<div class=\"wp-block-button\"><a class=\"wp-block-button__link\" href=\"https:\/\/physiotherapy.ca\/fr\/membership-fr\/assemblees\/lassemblee-nationale-des-assistants-physiotherapeutes-anap\/\"><strong>Apprendre encore plus<\/strong><\/a><\/div>\n<\/div>\n<\/div><\/div>\n\n\n\n<hr class=\"wp-block-separator is-style-wide\"\/>\n\n\n\n<div style=\"height:17px\" aria-hidden=\"true\" class=\"wp-block-spacer\"><\/div>\n\n\n\n<div class=\"wp-block-media-text is-stacked-on-mobile is-vertically-aligned-top\" style=\"grid-template-columns:29% auto\"><figure class=\"wp-block-media-text__media\"><img loading=\"lazy\" decoding=\"async\" width=\"1024\" height=\"672\" src=\"https:\/\/physiotherapy.ca\/app\/uploads\/2022\/08\/AdobeStock_125116512-1024x672.jpeg\" alt=\"\" class=\"wp-image-7692 size-full\" srcset=\"https:\/\/physiotherapy.ca\/app\/uploads\/2022\/08\/AdobeStock_125116512-1024x672.jpeg 1024w, https:\/\/physiotherapy.ca\/app\/uploads\/2022\/08\/AdobeStock_125116512-600x394.jpeg 600w, https:\/\/physiotherapy.ca\/app\/uploads\/2022\/08\/AdobeStock_125116512-300x197.jpeg 300w, https:\/\/physiotherapy.ca\/app\/uploads\/2022\/08\/AdobeStock_125116512-768x504.jpeg 768w, https:\/\/physiotherapy.ca\/app\/uploads\/2022\/08\/AdobeStock_125116512-1536x1009.jpeg 1536w, https:\/\/physiotherapy.ca\/app\/uploads\/2022\/08\/AdobeStock_125116512-2048x1345.jpeg 2048w, https:\/\/physiotherapy.ca\/app\/uploads\/2022\/08\/AdobeStock_125116512-305x200.jpeg 305w\" sizes=\"auto, (max-width: 1024px) 100vw, 1024px\" \/><\/figure><div class=\"wp-block-media-text__content\">\n<h4 class=\"wp-block-heading\">Assembl\u00e9e nationale des \u00e9tudiants (AN\u00c9)<\/h4>\n\n\n\n<p>Mission : Promouvoir le r\u00f4le de l\u2019ACP dans la formation et l\u2019avancement professionnels des \u00e9tudiants en physioth\u00e9rapie.&nbsp;Repr\u00e9sente la voix des \u00e9tudiants de l\u2019ACP.<\/p>\n\n\n\n<div class=\"wp-block-buttons is-layout-flex wp-block-buttons-is-layout-flex\">\n<div class=\"wp-block-button\"><a class=\"wp-block-button__link\" href=\"https:\/\/physiotherapy.ca\/fr\/membership-fr\/assemblees\/assemblee-nationale-des-etudiants\/\"><strong>Apprendre encore plus<\/strong><\/a><\/div>\n<\/div>\n<\/div><\/div>\n\n\n\n<hr class=\"wp-block-separator is-style-wide\"\/>\n","protected":false},"excerpt":{"rendered":"<p>Assembl\u00e9es L&#8217;ACP<\/p>\n","protected":false},"author":1,"featured_media":0,"parent":2178,"menu_order":6,"comment_status":"closed","ping_status":"closed","template":"","meta":{"inline_featured_image":false,"ep_exclude_from_search":false,"footnotes":""},"topic":[],"class_list":["post-4224","page","type-page","status-publish","hentry"],"acf":[],"yoast_head":"<!-- This site is optimized with the Yoast SEO plugin v24.7 - https:\/\/yoast.com\/wordpress\/plugins\/seo\/ -->\n<title>Assembl\u00e9es - Canadian Physiotherapy Association<\/title>\n<meta name=\"robots\" content=\"index, follow, max-snippet:-1, max-image-preview:large, max-video-preview:-1\" \/>\n<link rel=\"canonical\" href=\"https:\/\/physiotherapy.ca\/fr\/membership-fr\/assemblees\/\" \/>\n<meta property=\"og:locale\" content=\"fr_FR\" \/>\n<meta property=\"og:type\" content=\"article\" \/>\n<meta property=\"og:title\" content=\"Assembl\u00e9es - Canadian Physiotherapy Association\" \/>\n<meta property=\"og:description\" content=\"Assembl\u00e9es L&#8217;ACP\" \/>\n<meta property=\"og:url\" content=\"https:\/\/physiotherapy.ca\/fr\/membership-fr\/assemblees\/\" \/>\n<meta property=\"og:site_name\" content=\"Canadian Physiotherapy Association\" \/>\n<meta property=\"article:modified_time\" content=\"2022-08-11T19:04:25+00:00\" \/>\n<meta property=\"og:image\" content=\"https:\/\/physiotherapy.ca\/app\/uploads\/2022\/08\/AdobeStock_281856227-1024x683.jpeg\" \/>\n<meta name=\"twitter:card\" content=\"summary_large_image\" \/>\n<meta name=\"twitter:label1\" content=\"Est. reading time\" \/>\n\t<meta name=\"twitter:data1\" content=\"1 minute\" \/>\n<script type=\"application\/ld+json\" class=\"yoast-schema-graph\">{\"@context\":\"https:\/\/schema.org\",\"@graph\":[{\"@type\":\"WebPage\",\"@id\":\"https:\/\/physiotherapy.ca\/fr\/membership-fr\/assemblees\/\",\"url\":\"https:\/\/physiotherapy.ca\/fr\/membership-fr\/assemblees\/\",\"name\":\"Assembl\u00e9es - Canadian Physiotherapy Association\",\"isPartOf\":{\"@id\":\"https:\/\/physiotherapy.ca\/#website\"},\"primaryImageOfPage\":{\"@id\":\"https:\/\/physiotherapy.ca\/fr\/membership-fr\/assemblees\/#primaryimage\"},\"image\":{\"@id\":\"https:\/\/physiotherapy.ca\/fr\/membership-fr\/assemblees\/#primaryimage\"},\"thumbnailUrl\":\"https:\/\/physiotherapy.ca\/app\/uploads\/2022\/08\/AdobeStock_281856227-1024x683.jpeg\",\"datePublished\":\"2022-07-28T20:12:04+00:00\",\"dateModified\":\"2022-08-11T19:04:25+00:00\",\"breadcrumb\":{\"@id\":\"https:\/\/physiotherapy.ca\/fr\/membership-fr\/assemblees\/#breadcrumb\"},\"inLanguage\":\"fr-FR\",\"potentialAction\":[{\"@type\":\"ReadAction\",\"target\":[\"https:\/\/physiotherapy.ca\/fr\/membership-fr\/assemblees\/\"]}]},{\"@type\":\"ImageObject\",\"inLanguage\":\"fr-FR\",\"@id\":\"https:\/\/physiotherapy.ca\/fr\/membership-fr\/assemblees\/#primaryimage\",\"url\":\"https:\/\/physiotherapy.ca\/app\/uploads\/2022\/08\/AdobeStock_281856227-1024x683.jpeg\",\"contentUrl\":\"https:\/\/physiotherapy.ca\/app\/uploads\/2022\/08\/AdobeStock_281856227-1024x683.jpeg\"},{\"@type\":\"BreadcrumbList\",\"@id\":\"https:\/\/physiotherapy.ca\/fr\/membership-fr\/assemblees\/#breadcrumb\",\"itemListElement\":[{\"@type\":\"ListItem\",\"position\":1,\"name\":\"Home\",\"item\":\"https:\/\/physiotherapy.ca\/fr\/\"},{\"@type\":\"ListItem\",\"position\":2,\"name\":\"Membership FR\",\"item\":\"https:\/\/physiotherapy.ca\/fr\/membership-fr\/\"},{\"@type\":\"ListItem\",\"position\":3,\"name\":\"Assembl\u00e9es\"}]},{\"@type\":\"WebSite\",\"@id\":\"https:\/\/physiotherapy.ca\/#website\",\"url\":\"https:\/\/physiotherapy.ca\/\",\"name\":\"Canadian Physiotherapy Association\",\"description\":\"The Canadian Physiotherapy Association (CPA) represents over 16,000 physiotherapy professionals and students across Canada.\",\"potentialAction\":[{\"@type\":\"SearchAction\",\"target\":{\"@type\":\"EntryPoint\",\"urlTemplate\":\"https:\/\/physiotherapy.ca\/?s={search_term_string}\"},\"query-input\":{\"@type\":\"PropertyValueSpecification\",\"valueRequired\":true,\"valueName\":\"search_term_string\"}}],\"inLanguage\":\"fr-FR\"}]}<\/script>\n<!-- \/ Yoast SEO plugin. -->","yoast_head_json":{"title":"Assembl\u00e9es - Canadian Physiotherapy Association","robots":{"index":"index","follow":"follow","max-snippet":"max-snippet:-1","max-image-preview":"max-image-preview:large","max-video-preview":"max-video-preview:-1"},"canonical":"https:\/\/physiotherapy.ca\/fr\/membership-fr\/assemblees\/","og_locale":"fr_FR","og_type":"article","og_title":"Assembl\u00e9es - Canadian Physiotherapy Association","og_description":"Assembl\u00e9es L&#8217;ACP","og_url":"https:\/\/physiotherapy.ca\/fr\/membership-fr\/assemblees\/","og_site_name":"Canadian Physiotherapy Association","article_modified_time":"2022-08-11T19:04:25+00:00","og_image":[{"url":"https:\/\/physiotherapy.ca\/app\/uploads\/2022\/08\/AdobeStock_281856227-1024x683.jpeg","type":"","width":"","height":""}],"twitter_card":"summary_large_image","twitter_misc":{"Est. reading time":"1 minute"},"schema":{"@context":"https:\/\/schema.org","@graph":[{"@type":"WebPage","@id":"https:\/\/physiotherapy.ca\/fr\/membership-fr\/assemblees\/","url":"https:\/\/physiotherapy.ca\/fr\/membership-fr\/assemblees\/","name":"Assembl\u00e9es - Canadian Physiotherapy Association","isPartOf":{"@id":"https:\/\/physiotherapy.ca\/#website"},"primaryImageOfPage":{"@id":"https:\/\/physiotherapy.ca\/fr\/membership-fr\/assemblees\/#primaryimage"},"image":{"@id":"https:\/\/physiotherapy.ca\/fr\/membership-fr\/assemblees\/#primaryimage"},"thumbnailUrl":"https:\/\/physiotherapy.ca\/app\/uploads\/2022\/08\/AdobeStock_281856227-1024x683.jpeg","datePublished":"2022-07-28T20:12:04+00:00","dateModified":"2022-08-11T19:04:25+00:00","breadcrumb":{"@id":"https:\/\/physiotherapy.ca\/fr\/membership-fr\/assemblees\/#breadcrumb"},"inLanguage":"fr-FR","potentialAction":[{"@type":"ReadAction","target":["https:\/\/physiotherapy.ca\/fr\/membership-fr\/assemblees\/"]}]},{"@type":"ImageObject","inLanguage":"fr-FR","@id":"https:\/\/physiotherapy.ca\/fr\/membership-fr\/assemblees\/#primaryimage","url":"https:\/\/physiotherapy.ca\/app\/uploads\/2022\/08\/AdobeStock_281856227-1024x683.jpeg","contentUrl":"https:\/\/physiotherapy.ca\/app\/uploads\/2022\/08\/AdobeStock_281856227-1024x683.jpeg"},{"@type":"BreadcrumbList","@id":"https:\/\/physiotherapy.ca\/fr\/membership-fr\/assemblees\/#breadcrumb","itemListElement":[{"@type":"ListItem","position":1,"name":"Home","item":"https:\/\/physiotherapy.ca\/fr\/"},{"@type":"ListItem","position":2,"name":"Membership FR","item":"https:\/\/physiotherapy.ca\/fr\/membership-fr\/"},{"@type":"ListItem","position":3,"name":"Assembl\u00e9es"}]},{"@type":"WebSite","@id":"https:\/\/physiotherapy.ca\/#website","url":"https:\/\/physiotherapy.ca\/","name":"Canadian Physiotherapy Association","description":"The Canadian Physiotherapy Association (CPA) represents over 16,000 physiotherapy professionals and students across Canada.","potentialAction":[{"@type":"SearchAction","target":{"@type":"EntryPoint","urlTemplate":"https:\/\/physiotherapy.ca\/?s={search_term_string}"},"query-input":{"@type":"PropertyValueSpecification","valueRequired":true,"valueName":"search_term_string"}}],"inLanguage":"fr-FR"}]}},"_links":{"self":[{"href":"https:\/\/physiotherapy.ca\/fr\/wp-json\/wp\/v2\/pages\/4224","targetHints":{"allow":["GET"]}}],"collection":[{"href":"https:\/\/physiotherapy.ca\/fr\/wp-json\/wp\/v2\/pages"}],"about":[{"href":"https:\/\/physiotherapy.ca\/fr\/wp-json\/wp\/v2\/types\/page"}],"author":[{"embeddable":true,"href":"https:\/\/physiotherapy.ca\/fr\/wp-json\/wp\/v2\/users\/1"}],"replies":[{"embeddable":true,"href":"https:\/\/physiotherapy.ca\/fr\/wp-json\/wp\/v2\/comments?post=4224"}],"version-history":[{"count":7,"href":"https:\/\/physiotherapy.ca\/fr\/wp-json\/wp\/v2\/pages\/4224\/revisions"}],"predecessor-version":[{"id":8225,"href":"https:\/\/physiotherapy.ca\/fr\/wp-json\/wp\/v2\/pages\/4224\/revisions\/8225"}],"up":[{"embeddable":true,"href":"https:\/\/physiotherapy.ca\/fr\/wp-json\/wp\/v2\/pages\/2178"}],"wp:attachment":[{"href":"https:\/\/physiotherapy.ca\/fr\/wp-json\/wp\/v2\/media?parent=4224"}],"wp:term":[{"taxonomy":"topic","embeddable":true,"href":"https:\/\/physiotherapy.ca\/fr\/wp-json\/wp\/v2\/topic?post=4224"}],"curies":[{"name":"wp","href":"https:\/\/api.w.org\/{rel}","templated":true}]}}