{"id":4230,"date":"2022-07-28T16:19:09","date_gmt":"2022-07-28T20:19:09","guid":{"rendered":"https:\/\/physiotherapy.ca\/?page_id=4230"},"modified":"2022-11-18T10:47:15","modified_gmt":"2022-11-18T15:47:15","slug":"a-propos-de-la-physiotherapie-au-canada","status":"publish","type":"page","link":"https:\/\/physiotherapy.ca\/fr\/representation-2\/a-propos-de-la-physiotherapie-au-canada\/","title":{"rendered":"\u00c0 propos de la physioth\u00e9rapie au Canada"},"content":{"rendered":"\n<h4 class=\"wp-block-heading\">Les physioth\u00e9rapeutes sont des professionnels de la sant\u00e9 en soins primaires qui, gr\u00e2ce \u00e0 leur connaissance approfondie du fonctionnement du corps et \u00e0 leurs comp\u00e9tences cliniques sp\u00e9cialis\u00e9es, \u00e9valuent, diagnostiquent et traitent les sympt\u00f4mes de maladies, blessures et handicaps.<\/h4>\n\n\n\n<p>Tous les physioth\u00e9rapeutes autoris\u00e9s \u00e0 exercer au Canada ont les comp\u00e9tences n\u00e9cessaires pour exercer la physioth\u00e9rapie de fa\u00e7on s\u00e9curitaire et efficace. Ils r\u00e9pondent \u00e0 des normes nationales de formation et de pratique, et ont r\u00e9ussi un examen uniforme de comp\u00e9tences en physioth\u00e9rapie avant d\u2019obtenir l\u2019autorisation d\u2019exercer aupr\u00e8s de l\u2019ordre professionnel de leur province ou territoire.<\/p>\n\n\n\n<p>Plus de 20 000 physioth\u00e9rapeutes pratiquent au Canada, dans les cliniques priv\u00e9es, les h\u00f4pitaux, les centres de r\u00e9adaptation, les centres de sant\u00e9 communautaires, les centres d&#8217;h\u00e9bergement, les services de soins \u00e0 domicile, les lieux de travail et les \u00e9coles.<\/p>\n\n\n\n<h4 class=\"wp-block-heading\"><a href=\"https:\/\/physiotherapy.ca\/fr\/la-valeur-de-la-physiotherapie\/\">La\u00a0valeur\u00a0de la physioth\u00e9rapie<\/a><\/h4>\n\n\n\n<h4 class=\"wp-block-heading\"><a href=\"https:\/\/physiotherapy.ca\/fr\/la-physiotherapie-au-canada\/\">La physioth\u00e9rapie au Canada<\/a><\/h4>\n\n\n\n<h4 class=\"wp-block-heading\"><a href=\"https:\/\/physiotherapy.ca\/fr\/devenir-physiotherapeute-ou-assistant-physiotherapeute\/\">Devenir physioth\u00e9rapeute ou assistant-physioth\u00e9rapeute<\/a><\/h4>\n\n\n\n<h4 class=\"wp-block-heading\"><a href=\"https:\/\/physiotherapy.ca\/fr\/pratiquer-au-canada\/\">Pratiquer\u00a0au\u00a0Canada<\/a><\/h4>\n","protected":false},"excerpt":{"rendered":"<p>Les physioth\u00e9rapeutes sont des professionnels de la sant\u00e9 en soins primaires qui, gr\u00e2ce \u00e0 leur connaissance approfondie du fonctionnement du corps et \u00e0 leurs comp\u00e9tences cliniques sp\u00e9cialis\u00e9es, \u00e9valuent, diagnostiquent et traitent les sympt\u00f4mes de maladies, blessures et handicaps. Tous les [&hellip;]<\/p>\n","protected":false},"author":1,"featured_media":0,"parent":275262,"menu_order":2,"comment_status":"closed","ping_status":"closed","template":"","meta":{"inline_featured_image":false,"ep_exclude_from_search":false,"footnotes":""},"topic":[],"class_list":["post-4230","page","type-page","status-publish","hentry"],"acf":[],"yoast_head":"<!-- This site is optimized with the Yoast SEO plugin v24.7 - https:\/\/yoast.com\/wordpress\/plugins\/seo\/ -->\n<title>\u00c0 propos de la physioth\u00e9rapie au Canada - Canadian Physiotherapy Association<\/title>\n<meta name=\"robots\" content=\"index, follow, max-snippet:-1, max-image-preview:large, max-video-preview:-1\" \/>\n<link rel=\"canonical\" href=\"https:\/\/physiotherapy.ca\/fr\/representation\/a-propos-de-la-physiotherapie-au-canada\/\" \/>\n<meta property=\"og:locale\" content=\"fr_FR\" \/>\n<meta property=\"og:type\" content=\"article\" \/>\n<meta property=\"og:title\" content=\"\u00c0 propos de la physioth\u00e9rapie au Canada - Canadian Physiotherapy Association\" \/>\n<meta property=\"og:description\" content=\"Les physioth\u00e9rapeutes sont des professionnels de la sant\u00e9 en soins primaires qui, gr\u00e2ce \u00e0 leur connaissance approfondie du fonctionnement du corps et \u00e0 leurs comp\u00e9tences cliniques sp\u00e9cialis\u00e9es, \u00e9valuent, diagnostiquent et traitent les sympt\u00f4mes de maladies, blessures et handicaps. Tous les [&hellip;]\" \/>\n<meta property=\"og:url\" content=\"https:\/\/physiotherapy.ca\/fr\/representation\/a-propos-de-la-physiotherapie-au-canada\/\" \/>\n<meta property=\"og:site_name\" content=\"Canadian Physiotherapy Association\" \/>\n<meta property=\"article:modified_time\" content=\"2022-11-18T15:47:15+00:00\" \/>\n<meta name=\"twitter:card\" content=\"summary_large_image\" \/>\n<meta name=\"twitter:label1\" content=\"Est. reading time\" \/>\n\t<meta name=\"twitter:data1\" content=\"1 minute\" \/>\n<script type=\"application\/ld+json\" class=\"yoast-schema-graph\">{\"@context\":\"https:\/\/schema.org\",\"@graph\":[{\"@type\":\"WebPage\",\"@id\":\"https:\/\/physiotherapy.ca\/fr\/representation\/a-propos-de-la-physiotherapie-au-canada\/\",\"url\":\"https:\/\/physiotherapy.ca\/fr\/representation\/a-propos-de-la-physiotherapie-au-canada\/\",\"name\":\"\u00c0 propos de la physioth\u00e9rapie au Canada - Canadian Physiotherapy Association\",\"isPartOf\":{\"@id\":\"https:\/\/physiotherapy.ca\/#website\"},\"datePublished\":\"2022-07-28T20:19:09+00:00\",\"dateModified\":\"2022-11-18T15:47:15+00:00\",\"breadcrumb\":{\"@id\":\"https:\/\/physiotherapy.ca\/fr\/representation\/a-propos-de-la-physiotherapie-au-canada\/#breadcrumb\"},\"inLanguage\":\"fr-FR\",\"potentialAction\":[{\"@type\":\"ReadAction\",\"target\":[\"https:\/\/physiotherapy.ca\/fr\/representation\/a-propos-de-la-physiotherapie-au-canada\/\"]}]},{\"@type\":\"BreadcrumbList\",\"@id\":\"https:\/\/physiotherapy.ca\/fr\/representation\/a-propos-de-la-physiotherapie-au-canada\/#breadcrumb\",\"itemListElement\":[{\"@type\":\"ListItem\",\"position\":1,\"name\":\"Home\",\"item\":\"https:\/\/physiotherapy.ca\/fr\/\"},{\"@type\":\"ListItem\",\"position\":2,\"name\":\"Repr\u00e9sentation\",\"item\":\"https:\/\/physiotherapy.ca\/fr\/representation\/\"},{\"@type\":\"ListItem\",\"position\":3,\"name\":\"\u00c0 propos de la physioth\u00e9rapie au Canada\"}]},{\"@type\":\"WebSite\",\"@id\":\"https:\/\/physiotherapy.ca\/#website\",\"url\":\"https:\/\/physiotherapy.ca\/\",\"name\":\"Canadian Physiotherapy Association\",\"description\":\"The Canadian Physiotherapy Association (CPA) represents over 16,000 physiotherapy professionals and students across Canada.\",\"potentialAction\":[{\"@type\":\"SearchAction\",\"target\":{\"@type\":\"EntryPoint\",\"urlTemplate\":\"https:\/\/physiotherapy.ca\/?s={search_term_string}\"},\"query-input\":{\"@type\":\"PropertyValueSpecification\",\"valueRequired\":true,\"valueName\":\"search_term_string\"}}],\"inLanguage\":\"fr-FR\"}]}<\/script>\n<!-- \/ Yoast SEO plugin. -->","yoast_head_json":{"title":"\u00c0 propos de la physioth\u00e9rapie au Canada - Canadian Physiotherapy Association","robots":{"index":"index","follow":"follow","max-snippet":"max-snippet:-1","max-image-preview":"max-image-preview:large","max-video-preview":"max-video-preview:-1"},"canonical":"https:\/\/physiotherapy.ca\/fr\/representation\/a-propos-de-la-physiotherapie-au-canada\/","og_locale":"fr_FR","og_type":"article","og_title":"\u00c0 propos de la physioth\u00e9rapie au Canada - Canadian Physiotherapy Association","og_description":"Les physioth\u00e9rapeutes sont des professionnels de la sant\u00e9 en soins primaires qui, gr\u00e2ce \u00e0 leur connaissance approfondie du fonctionnement du corps et \u00e0 leurs comp\u00e9tences cliniques sp\u00e9cialis\u00e9es, \u00e9valuent, diagnostiquent et traitent les sympt\u00f4mes de maladies, blessures et handicaps. Tous les [&hellip;]","og_url":"https:\/\/physiotherapy.ca\/fr\/representation\/a-propos-de-la-physiotherapie-au-canada\/","og_site_name":"Canadian Physiotherapy Association","article_modified_time":"2022-11-18T15:47:15+00:00","twitter_card":"summary_large_image","twitter_misc":{"Est. reading time":"1 minute"},"schema":{"@context":"https:\/\/schema.org","@graph":[{"@type":"WebPage","@id":"https:\/\/physiotherapy.ca\/fr\/representation\/a-propos-de-la-physiotherapie-au-canada\/","url":"https:\/\/physiotherapy.ca\/fr\/representation\/a-propos-de-la-physiotherapie-au-canada\/","name":"\u00c0 propos de la physioth\u00e9rapie au Canada - Canadian Physiotherapy Association","isPartOf":{"@id":"https:\/\/physiotherapy.ca\/#website"},"datePublished":"2022-07-28T20:19:09+00:00","dateModified":"2022-11-18T15:47:15+00:00","breadcrumb":{"@id":"https:\/\/physiotherapy.ca\/fr\/representation\/a-propos-de-la-physiotherapie-au-canada\/#breadcrumb"},"inLanguage":"fr-FR","potentialAction":[{"@type":"ReadAction","target":["https:\/\/physiotherapy.ca\/fr\/representation\/a-propos-de-la-physiotherapie-au-canada\/"]}]},{"@type":"BreadcrumbList","@id":"https:\/\/physiotherapy.ca\/fr\/representation\/a-propos-de-la-physiotherapie-au-canada\/#breadcrumb","itemListElement":[{"@type":"ListItem","position":1,"name":"Home","item":"https:\/\/physiotherapy.ca\/fr\/"},{"@type":"ListItem","position":2,"name":"Repr\u00e9sentation","item":"https:\/\/physiotherapy.ca\/fr\/representation\/"},{"@type":"ListItem","position":3,"name":"\u00c0 propos de la physioth\u00e9rapie au Canada"}]},{"@type":"WebSite","@id":"https:\/\/physiotherapy.ca\/#website","url":"https:\/\/physiotherapy.ca\/","name":"Canadian Physiotherapy Association","description":"The Canadian Physiotherapy Association (CPA) represents over 16,000 physiotherapy professionals and students across Canada.","potentialAction":[{"@type":"SearchAction","target":{"@type":"EntryPoint","urlTemplate":"https:\/\/physiotherapy.ca\/?s={search_term_string}"},"query-input":{"@type":"PropertyValueSpecification","valueRequired":true,"valueName":"search_term_string"}}],"inLanguage":"fr-FR"}]}},"_links":{"self":[{"href":"https:\/\/physiotherapy.ca\/fr\/wp-json\/wp\/v2\/pages\/4230","targetHints":{"allow":["GET"]}}],"collection":[{"href":"https:\/\/physiotherapy.ca\/fr\/wp-json\/wp\/v2\/pages"}],"about":[{"href":"https:\/\/physiotherapy.ca\/fr\/wp-json\/wp\/v2\/types\/page"}],"author":[{"embeddable":true,"href":"https:\/\/physiotherapy.ca\/fr\/wp-json\/wp\/v2\/users\/1"}],"replies":[{"embeddable":true,"href":"https:\/\/physiotherapy.ca\/fr\/wp-json\/wp\/v2\/comments?post=4230"}],"version-history":[{"count":6,"href":"https:\/\/physiotherapy.ca\/fr\/wp-json\/wp\/v2\/pages\/4230\/revisions"}],"predecessor-version":[{"id":81897,"href":"https:\/\/physiotherapy.ca\/fr\/wp-json\/wp\/v2\/pages\/4230\/revisions\/81897"}],"up":[{"embeddable":true,"href":"https:\/\/physiotherapy.ca\/fr\/wp-json\/wp\/v2\/pages\/275262"}],"wp:attachment":[{"href":"https:\/\/physiotherapy.ca\/fr\/wp-json\/wp\/v2\/media?parent=4230"}],"wp:term":[{"taxonomy":"topic","embeddable":true,"href":"https:\/\/physiotherapy.ca\/fr\/wp-json\/wp\/v2\/topic?post=4230"}],"curies":[{"name":"wp","href":"https:\/\/api.w.org\/{rel}","templated":true}]}}