{"id":4243,"date":"2022-07-28T16:28:21","date_gmt":"2022-07-28T20:28:21","guid":{"rendered":"https:\/\/physiotherapy.ca\/?page_id=4243"},"modified":"2023-07-05T12:41:40","modified_gmt":"2023-07-05T16:41:40","slug":"programme-de-specialite-clinique","status":"publish","type":"page","link":"https:\/\/physiotherapy.ca\/fr\/education-et-evenements\/programme-de-specialite-clinique\/","title":{"rendered":"Programme de sp\u00e9cialit\u00e9 clinique"},"content":{"rendered":"\n<figure class=\"wp-block-image size-full\"><img loading=\"lazy\" decoding=\"async\" width=\"757\" height=\"314\" src=\"https:\/\/physiotherapy.ca\/app\/uploads\/2022\/08\/clinical_specialty_program_fr.jpg\" alt=\"\" class=\"wp-image-6081\" srcset=\"https:\/\/physiotherapy.ca\/app\/uploads\/2022\/08\/clinical_specialty_program_fr.jpg 757w, https:\/\/physiotherapy.ca\/app\/uploads\/2022\/08\/clinical_specialty_program_fr-600x249.jpg 600w, https:\/\/physiotherapy.ca\/app\/uploads\/2022\/08\/clinical_specialty_program_fr-300x124.jpg 300w, https:\/\/physiotherapy.ca\/app\/uploads\/2022\/08\/clinical_specialty_program_fr-390x162.jpg 390w\" sizes=\"auto, (max-width: 757px) 100vw, 757px\" \/><\/figure>\n\n\n\n<h2 class=\"wp-block-heading\"><strong>Veuillez noter que le programme de sp\u00e9cialisation clinique de l&#8217;Association canadienne de physioth\u00e9rapie est actuellement suspendu jusqu&#8217;\u00e0 nouvel ordre.<\/strong><\/h2>\n\n\n\n<h4 class=\"wp-block-heading\">Le programme de sp\u00e9cialit\u00e9 clinique de l\u2019ACP d\u00e9livre une certification aux physioth\u00e9rapeutes qui ont ax\u00e9 leur carri\u00e8re sur la comp\u00e9tence clinique, le leadership, le perfectionnement professionnel continu et la participation \u00e0 la recherche dans un domaine de pratique donn\u00e9, et qui peuvent en faire la d\u00e9monstration.<\/h4>\n\n\n\n<p>Ce programme autonome pr\u00e9voit la pr\u00e9sentation d\u2019un portfolio \u00e9crit ainsi qu\u2019un expos\u00e9 devant un comit\u00e9 de pairs. Les diff\u00e9rents volets du programme permettent aux candidats de faire la d\u00e9monstration de leurs comp\u00e9tences professionnelles et de leur sp\u00e9cialit\u00e9 clinique.<\/p>\n\n\n\n<p>Le programme s\u2019adresse aux candidats qui ont au moins cinq&nbsp;ans d\u2019exp\u00e9rience clinique appliqu\u00e9e \u00e0 temps plein et qui ont eu au moins 300&nbsp;heures de contact avec des patients en clinique chaque ann\u00e9e, pendant les cinq&nbsp;derni\u00e8res ann\u00e9es, dans leur domaine de sp\u00e9cialit\u00e9.<\/p>\n\n\n\n<div class=\"wp-block-buttons is-layout-flex wp-block-buttons-is-layout-flex\">\n<div class=\"wp-block-button aligncenter\"><a class=\"wp-block-button__link\" href=\"https:\/\/physiotherapy.ca\/fr\/education-et-evenements\/programme-de-specialite-clinique\/poser-sa-candidature\/\">Processus de demande<\/a><\/div>\n<\/div>\n\n\n\n<div class=\"wp-block-columns is-layout-flex wp-container-core-columns-is-layout-1 wp-block-columns-is-layout-flex\">\n<div class=\"wp-block-column is-layout-flow wp-block-column-is-layout-flow\">\n<h3 class=\"wp-block-heading\">Pourquoi devenir sp\u00e9cialiste clinique?<\/h3>\n\n\n\n<div style=\"height:34px\" aria-hidden=\"true\" class=\"wp-block-spacer\"><\/div>\n\n\n\n<h4 class=\"wp-block-heading\"><strong>Croissance professionnelle<\/strong><\/h4>\n\n\n\n<ul class=\"wp-block-list\"><li>Pour am\u00e9liorer ses comp\u00e9tences cliniques et son raisonnement clinique avanc\u00e9 dans le domaine de pratique choisi \u200b<\/li><li>Pour documenter et d\u00e9montrer la qualit\u00e9 de sa candidature sous la forme d\u2019un rapport d\u2019\u00e9valuation exhaustif qui aide le candidat \u00e0 cerner ses forces et ses lacunes<\/li><\/ul>\n\n\n\n<h4 class=\"wp-block-heading\"><strong>Reconnaissance<\/strong><\/h4>\n\n\n\n<ul class=\"wp-block-list\"><li>Pour obtenir la reconnaissance de ses pairs et du public, et ainsi multiplier les occasions de faire des pr\u00e9sentations aupr\u00e8s d\u2019autres professionnels de la sant\u00e9, de groupes de soutien aux patients et d\u2019autres groupes du domaine de la sant\u00e9<\/li><\/ul>\n\n\n\n<h4 class=\"wp-block-heading\"><strong>Qualit\u00e9 des soins<\/strong><\/h4>\n\n\n\n<ul class=\"wp-block-list\"><li>Pour faire reconna\u00eetre \u00e0 l\u2019\u00e9chelle nationale sa volont\u00e9 d\u2019excellence, gr\u00e2ce \u00e0 une certification reconnue dans toutes les provinces<\/li><li>Pour projeter une image positive et documenter son travail et ses r\u00e9alisations<\/li><li>Pour accro\u00eetre sa cr\u00e9dibilit\u00e9 aupr\u00e8s des bailleurs de fonds<\/li><li>Pour avoir l\u2019occasion, comme employ\u00e9 ou comme gestionnaire, de r\u00e9fl\u00e9chir sur sa pratique<\/li><\/ul>\n\n\n\n<h4 class=\"wp-block-heading\"><strong>Avantages du processus autonome<\/strong><\/h4>\n\n\n\n<ul class=\"wp-block-list\"><li>Fixez votre propre rythme de participation au processus de sp\u00e9cialisation<\/li><li>Saisissez l\u2019occasion de prendre du recul, d\u2019\u00e9valuer votre carri\u00e8re et de voir l\u2019ensemble du tableau<\/li><li>Comparez vos comp\u00e9tences aux seuils du programme d\u00e9finis dans les quatre exigences et les neuf secteurs de comp\u00e9tence<\/li><\/ul>\n<\/div>\n\n\n\n<div class=\"wp-block-column is-layout-flow wp-block-column-is-layout-flow\">\n<h3 class=\"wp-block-heading\">Pourquoi votre organisation devrait-elle compter un sp\u00e9cialiste clinique dans ses rangs?<\/h3>\n\n\n\n<ul class=\"wp-block-list\"><li>Parce que les entreprises tirent avantage du statut et du processus de sp\u00e9cialisation lui-m\u00eame, qui am\u00e9liore les connaissances dans un domaine de sp\u00e9cialit\u00e9<\/li><li>Parce que le public est de mieux en mieux renseign\u00e9 et de plus en plus exigeant envers les sp\u00e9cialistes<\/li><li>Pour que les autorit\u00e9s soient mieux au fait de la port\u00e9e des normes de pratique<\/li><li>Pour rehausser le professionnalisme de son organisation<\/li><\/ul>\n\n\n\n<h4 class=\"wp-block-heading\"><strong>Avantages et soutien<\/strong><\/h4>\n\n\n\n<ul class=\"wp-block-list\"><li>C\u2019est un outil pr\u00e9cieux de lobbying aupr\u00e8s de tous les gouvernements<\/li><li>La certification am\u00e9liore les relations avec les autres organisations ayant les m\u00eames valeurs, dans le secteur public et priv\u00e9<\/li><\/ul>\n\n\n\n<div style=\"height:29px\" aria-hidden=\"true\" class=\"wp-block-spacer\"><\/div>\n\n\n\n<h4 class=\"wp-block-heading\"><strong>Avantages du processus d\u2019examen par les pairs<\/strong><\/h4>\n\n\n\n<ul class=\"wp-block-list\"><li>Obtenez un point de vue ext\u00e9rieur sur vos forces et vos lacunes<\/li><li>Am\u00e9liorez-vous et attaquez-vous aux aspects que vous avez n\u00e9glig\u00e9s<\/li><\/ul>\n\n\n\n<p>Le processus autor\u00e9gul\u00e9 de sp\u00e9cialisation fonctionne. Il aide \u00e0 cr\u00e9er dans l\u2019Association un syst\u00e8me d\u2019apprentissage avanc\u00e9 de qualit\u00e9, diversifi\u00e9 et efficace, tout en \u00e9tant accessible \u00e0 toutes les organisations.<\/p>\n\n\n\n<p>L\u2019autor\u00e9gulation garantit la responsabilit\u00e9, suscite la fiert\u00e9 et renforce les comp\u00e9tences de l\u2019effectif.<\/p>\n<\/div>\n<\/div>\n\n\n\n<div class=\"wp-block-buttons is-layout-flex wp-block-buttons-is-layout-flex\">\n<div class=\"wp-block-button aligncenter\"><a class=\"wp-block-button__link\" href=\"https:\/\/physiotherapy.ca\/fr\/education-et-evenements\/programme-de-specialite-clinique\/poser-sa-candidature\/\">Processus de demande<\/a><\/div>\n<\/div>\n","protected":false},"excerpt":{"rendered":"<p>Veuillez noter que le programme de sp\u00e9cialisation clinique de l&#8217;Association canadienne de physioth\u00e9rapie est actuellement suspendu jusqu&#8217;\u00e0 nouvel ordre. Le programme de sp\u00e9cialit\u00e9 clinique de l\u2019ACP d\u00e9livre une certification aux physioth\u00e9rapeutes qui ont ax\u00e9 leur carri\u00e8re sur la comp\u00e9tence clinique, [&hellip;]<\/p>\n","protected":false},"author":1,"featured_media":0,"parent":3479,"menu_order":3,"comment_status":"closed","ping_status":"closed","template":"","meta":{"inline_featured_image":false,"ep_exclude_from_search":false,"footnotes":""},"topic":[],"class_list":["post-4243","page","type-page","status-publish","hentry"],"acf":[],"yoast_head":"<!-- This site is optimized with the Yoast SEO plugin v24.7 - https:\/\/yoast.com\/wordpress\/plugins\/seo\/ -->\n<title>Programme de sp\u00e9cialit\u00e9 clinique - Canadian Physiotherapy Association<\/title>\n<meta name=\"robots\" content=\"index, follow, max-snippet:-1, max-image-preview:large, max-video-preview:-1\" \/>\n<link rel=\"canonical\" href=\"https:\/\/physiotherapy.ca\/fr\/education-et-evenements\/programme-de-specialite-clinique\/\" \/>\n<meta property=\"og:locale\" content=\"fr_FR\" \/>\n<meta property=\"og:type\" content=\"article\" \/>\n<meta property=\"og:title\" content=\"Programme de sp\u00e9cialit\u00e9 clinique - Canadian Physiotherapy Association\" \/>\n<meta property=\"og:description\" content=\"Veuillez noter que le programme de sp\u00e9cialisation clinique de l&#8217;Association canadienne de physioth\u00e9rapie est actuellement suspendu jusqu&#8217;\u00e0 nouvel ordre. Le programme de sp\u00e9cialit\u00e9 clinique de l\u2019ACP d\u00e9livre une certification aux physioth\u00e9rapeutes qui ont ax\u00e9 leur carri\u00e8re sur la comp\u00e9tence clinique, [&hellip;]\" \/>\n<meta property=\"og:url\" content=\"https:\/\/physiotherapy.ca\/fr\/education-et-evenements\/programme-de-specialite-clinique\/\" \/>\n<meta property=\"og:site_name\" content=\"Canadian Physiotherapy Association\" \/>\n<meta property=\"article:modified_time\" content=\"2023-07-05T16:41:40+00:00\" \/>\n<meta property=\"og:image\" content=\"https:\/\/physiotherapy.ca\/app\/uploads\/2022\/08\/clinical_specialty_program_fr.jpg\" \/>\n<meta name=\"twitter:card\" content=\"summary_large_image\" \/>\n<meta name=\"twitter:label1\" content=\"Est. reading time\" \/>\n\t<meta name=\"twitter:data1\" content=\"3 minutes\" \/>\n<script type=\"application\/ld+json\" class=\"yoast-schema-graph\">{\"@context\":\"https:\/\/schema.org\",\"@graph\":[{\"@type\":\"WebPage\",\"@id\":\"https:\/\/physiotherapy.ca\/fr\/education-et-evenements\/programme-de-specialite-clinique\/\",\"url\":\"https:\/\/physiotherapy.ca\/fr\/education-et-evenements\/programme-de-specialite-clinique\/\",\"name\":\"Programme de sp\u00e9cialit\u00e9 clinique - Canadian Physiotherapy Association\",\"isPartOf\":{\"@id\":\"https:\/\/physiotherapy.ca\/#website\"},\"primaryImageOfPage\":{\"@id\":\"https:\/\/physiotherapy.ca\/fr\/education-et-evenements\/programme-de-specialite-clinique\/#primaryimage\"},\"image\":{\"@id\":\"https:\/\/physiotherapy.ca\/fr\/education-et-evenements\/programme-de-specialite-clinique\/#primaryimage\"},\"thumbnailUrl\":\"https:\/\/physiotherapy.ca\/app\/uploads\/2022\/08\/clinical_specialty_program_fr.jpg\",\"datePublished\":\"2022-07-28T20:28:21+00:00\",\"dateModified\":\"2023-07-05T16:41:40+00:00\",\"breadcrumb\":{\"@id\":\"https:\/\/physiotherapy.ca\/fr\/education-et-evenements\/programme-de-specialite-clinique\/#breadcrumb\"},\"inLanguage\":\"fr-FR\",\"potentialAction\":[{\"@type\":\"ReadAction\",\"target\":[\"https:\/\/physiotherapy.ca\/fr\/education-et-evenements\/programme-de-specialite-clinique\/\"]}]},{\"@type\":\"ImageObject\",\"inLanguage\":\"fr-FR\",\"@id\":\"https:\/\/physiotherapy.ca\/fr\/education-et-evenements\/programme-de-specialite-clinique\/#primaryimage\",\"url\":\"https:\/\/physiotherapy.ca\/app\/uploads\/2022\/08\/clinical_specialty_program_fr.jpg\",\"contentUrl\":\"https:\/\/physiotherapy.ca\/app\/uploads\/2022\/08\/clinical_specialty_program_fr.jpg\"},{\"@type\":\"BreadcrumbList\",\"@id\":\"https:\/\/physiotherapy.ca\/fr\/education-et-evenements\/programme-de-specialite-clinique\/#breadcrumb\",\"itemListElement\":[{\"@type\":\"ListItem\",\"position\":1,\"name\":\"Home\",\"item\":\"https:\/\/physiotherapy.ca\/fr\/\"},{\"@type\":\"ListItem\",\"position\":2,\"name\":\"\u00c9ducation et \u00e9v\u00e9nements\",\"item\":\"https:\/\/physiotherapy.ca\/fr\/education-et-evenements\/\"},{\"@type\":\"ListItem\",\"position\":3,\"name\":\"Programme de sp\u00e9cialit\u00e9 clinique\"}]},{\"@type\":\"WebSite\",\"@id\":\"https:\/\/physiotherapy.ca\/#website\",\"url\":\"https:\/\/physiotherapy.ca\/\",\"name\":\"Canadian Physiotherapy Association\",\"description\":\"The Canadian Physiotherapy Association (CPA) represents over 16,000 physiotherapy professionals and students across Canada.\",\"potentialAction\":[{\"@type\":\"SearchAction\",\"target\":{\"@type\":\"EntryPoint\",\"urlTemplate\":\"https:\/\/physiotherapy.ca\/?s={search_term_string}\"},\"query-input\":{\"@type\":\"PropertyValueSpecification\",\"valueRequired\":true,\"valueName\":\"search_term_string\"}}],\"inLanguage\":\"fr-FR\"}]}<\/script>\n<!-- \/ Yoast SEO plugin. -->","yoast_head_json":{"title":"Programme de sp\u00e9cialit\u00e9 clinique - Canadian Physiotherapy Association","robots":{"index":"index","follow":"follow","max-snippet":"max-snippet:-1","max-image-preview":"max-image-preview:large","max-video-preview":"max-video-preview:-1"},"canonical":"https:\/\/physiotherapy.ca\/fr\/education-et-evenements\/programme-de-specialite-clinique\/","og_locale":"fr_FR","og_type":"article","og_title":"Programme de sp\u00e9cialit\u00e9 clinique - Canadian Physiotherapy Association","og_description":"Veuillez noter que le programme de sp\u00e9cialisation clinique de l&#8217;Association canadienne de physioth\u00e9rapie est actuellement suspendu jusqu&#8217;\u00e0 nouvel ordre. Le programme de sp\u00e9cialit\u00e9 clinique de l\u2019ACP d\u00e9livre une certification aux physioth\u00e9rapeutes qui ont ax\u00e9 leur carri\u00e8re sur la comp\u00e9tence clinique, [&hellip;]","og_url":"https:\/\/physiotherapy.ca\/fr\/education-et-evenements\/programme-de-specialite-clinique\/","og_site_name":"Canadian Physiotherapy Association","article_modified_time":"2023-07-05T16:41:40+00:00","og_image":[{"url":"https:\/\/physiotherapy.ca\/app\/uploads\/2022\/08\/clinical_specialty_program_fr.jpg","type":"","width":"","height":""}],"twitter_card":"summary_large_image","twitter_misc":{"Est. reading time":"3 minutes"},"schema":{"@context":"https:\/\/schema.org","@graph":[{"@type":"WebPage","@id":"https:\/\/physiotherapy.ca\/fr\/education-et-evenements\/programme-de-specialite-clinique\/","url":"https:\/\/physiotherapy.ca\/fr\/education-et-evenements\/programme-de-specialite-clinique\/","name":"Programme de sp\u00e9cialit\u00e9 clinique - Canadian Physiotherapy Association","isPartOf":{"@id":"https:\/\/physiotherapy.ca\/#website"},"primaryImageOfPage":{"@id":"https:\/\/physiotherapy.ca\/fr\/education-et-evenements\/programme-de-specialite-clinique\/#primaryimage"},"image":{"@id":"https:\/\/physiotherapy.ca\/fr\/education-et-evenements\/programme-de-specialite-clinique\/#primaryimage"},"thumbnailUrl":"https:\/\/physiotherapy.ca\/app\/uploads\/2022\/08\/clinical_specialty_program_fr.jpg","datePublished":"2022-07-28T20:28:21+00:00","dateModified":"2023-07-05T16:41:40+00:00","breadcrumb":{"@id":"https:\/\/physiotherapy.ca\/fr\/education-et-evenements\/programme-de-specialite-clinique\/#breadcrumb"},"inLanguage":"fr-FR","potentialAction":[{"@type":"ReadAction","target":["https:\/\/physiotherapy.ca\/fr\/education-et-evenements\/programme-de-specialite-clinique\/"]}]},{"@type":"ImageObject","inLanguage":"fr-FR","@id":"https:\/\/physiotherapy.ca\/fr\/education-et-evenements\/programme-de-specialite-clinique\/#primaryimage","url":"https:\/\/physiotherapy.ca\/app\/uploads\/2022\/08\/clinical_specialty_program_fr.jpg","contentUrl":"https:\/\/physiotherapy.ca\/app\/uploads\/2022\/08\/clinical_specialty_program_fr.jpg"},{"@type":"BreadcrumbList","@id":"https:\/\/physiotherapy.ca\/fr\/education-et-evenements\/programme-de-specialite-clinique\/#breadcrumb","itemListElement":[{"@type":"ListItem","position":1,"name":"Home","item":"https:\/\/physiotherapy.ca\/fr\/"},{"@type":"ListItem","position":2,"name":"\u00c9ducation et \u00e9v\u00e9nements","item":"https:\/\/physiotherapy.ca\/fr\/education-et-evenements\/"},{"@type":"ListItem","position":3,"name":"Programme de sp\u00e9cialit\u00e9 clinique"}]},{"@type":"WebSite","@id":"https:\/\/physiotherapy.ca\/#website","url":"https:\/\/physiotherapy.ca\/","name":"Canadian Physiotherapy Association","description":"The Canadian Physiotherapy Association (CPA) represents over 16,000 physiotherapy professionals and students across Canada.","potentialAction":[{"@type":"SearchAction","target":{"@type":"EntryPoint","urlTemplate":"https:\/\/physiotherapy.ca\/?s={search_term_string}"},"query-input":{"@type":"PropertyValueSpecification","valueRequired":true,"valueName":"search_term_string"}}],"inLanguage":"fr-FR"}]}},"_links":{"self":[{"href":"https:\/\/physiotherapy.ca\/fr\/wp-json\/wp\/v2\/pages\/4243","targetHints":{"allow":["GET"]}}],"collection":[{"href":"https:\/\/physiotherapy.ca\/fr\/wp-json\/wp\/v2\/pages"}],"about":[{"href":"https:\/\/physiotherapy.ca\/fr\/wp-json\/wp\/v2\/types\/page"}],"author":[{"embeddable":true,"href":"https:\/\/physiotherapy.ca\/fr\/wp-json\/wp\/v2\/users\/1"}],"replies":[{"embeddable":true,"href":"https:\/\/physiotherapy.ca\/fr\/wp-json\/wp\/v2\/comments?post=4243"}],"version-history":[{"count":5,"href":"https:\/\/physiotherapy.ca\/fr\/wp-json\/wp\/v2\/pages\/4243\/revisions"}],"predecessor-version":[{"id":108007,"href":"https:\/\/physiotherapy.ca\/fr\/wp-json\/wp\/v2\/pages\/4243\/revisions\/108007"}],"up":[{"embeddable":true,"href":"https:\/\/physiotherapy.ca\/fr\/wp-json\/wp\/v2\/pages\/3479"}],"wp:attachment":[{"href":"https:\/\/physiotherapy.ca\/fr\/wp-json\/wp\/v2\/media?parent=4243"}],"wp:term":[{"taxonomy":"topic","embeddable":true,"href":"https:\/\/physiotherapy.ca\/fr\/wp-json\/wp\/v2\/topic?post=4243"}],"curies":[{"name":"wp","href":"https:\/\/api.w.org\/{rel}","templated":true}]}}