{"id":42544,"date":"2024-02-14T09:00:00","date_gmt":"2024-02-14T14:00:00","guid":{"rendered":"https:\/\/physiotherapy.ca\/?page_id=42544"},"modified":"2026-01-30T16:52:50","modified_gmt":"2026-01-30T21:52:50","slug":"bell-programme-de-partenariat-exclusif","status":"publish","type":"page","link":"https:\/\/physiotherapy.ca\/fr\/bell-programme-de-partenariat-exclusif\/","title":{"rendered":"Bell Programme de Partenariat Exclusif"},"content":{"rendered":"\n<figure class=\"wp-block-image size-large is-resized\"><img loading=\"lazy\" decoding=\"async\" width=\"1024\" height=\"535\" src=\"https:\/\/physiotherapy.ca\/app\/uploads\/2026\/01\/CPA_WebsiteAds_1200x627_FR-1024x535.png\" alt=\"\" class=\"wp-image-279241\" style=\"width:671px;height:auto\" srcset=\"https:\/\/physiotherapy.ca\/app\/uploads\/2026\/01\/CPA_WebsiteAds_1200x627_FR-1024x535.png 1024w, https:\/\/physiotherapy.ca\/app\/uploads\/2026\/01\/CPA_WebsiteAds_1200x627_FR-300x157.png 300w, https:\/\/physiotherapy.ca\/app\/uploads\/2026\/01\/CPA_WebsiteAds_1200x627_FR-768x401.png 768w, https:\/\/physiotherapy.ca\/app\/uploads\/2026\/01\/CPA_WebsiteAds_1200x627_FR-383x200.png 383w, https:\/\/physiotherapy.ca\/app\/uploads\/2026\/01\/CPA_WebsiteAds_1200x627_FR-600x314.png 600w, https:\/\/physiotherapy.ca\/app\/uploads\/2026\/01\/CPA_WebsiteAds_1200x627_FR.png 1200w\" sizes=\"auto, (max-width: 1024px) 100vw, 1024px\" \/><\/figure>\n\n\n\n<p>Passez \u00e0 Bell d\u00e8s aujourd\u2019hui et profitez du r\u00e9seau 5G le plus rapide au pays<sup>1<\/sup>. En tant qu\u2019employ\u00e9 ou membre de l\u2019un de nos partenaires privil\u00e9gi\u00e9s, vous pouvez obtenir :<\/p>\n\n\n\n<ul class=\"wp-block-list\">\n<li>Des rabais allant jusqu\u2019\u00e0 30 % sur des forfaits avec des tonnes de donn\u00e9es<sup>2<\/sup><\/li>\n\n\n\n<li>Des tarifs pr\u00e9f\u00e9rentiels sur les t\u00e9l\u00e9phones populaires<sup>3<\/sup><\/li>\n\n\n\n<li>Les m\u00eames super prix pour jusqu\u2019\u00e0 5 membres de votre famille lorsque vous les ajoutez \u00e0 votre compte<sup>4<\/sup><\/li>\n<\/ul>\n\n\n\n<p>Pour profiter de cette offre exclusive, suivez ces cinq \u00e9tapes faciles :<\/p>\n\n\n\n<ol class=\"wp-block-list\">\n<li>Visitez <a href=\"https:\/\/www.bell.ca\/Mobilite\/Programme-de-partenariat-exclusif\/connexion\"><strong>bell.ca\/ppe<\/strong><\/a> ou appelez au <strong>1 833 964-4484<\/strong><strong><\/strong><\/li>\n\n\n\n<li>Inscrivez-vous en tant que nouvel utilisateur, choisissez l\u2019option \u00ab Courriel personnel \u00bb<\/li>\n\n\n\n<li>Entrez <strong>Physiotherapy Association<\/strong> dans le champ correspondant \u00e0 l\u2019entreprise\/association<\/li>\n\n\n\n<li>Soumettez la carte de membre de <strong>Physiotherapy Association<\/strong> (format PDF ou JPG)<\/li>\n\n\n\n<li>D\u00e9couvrez vos offres exclusives de Bell.<strong><\/strong><\/li>\n<\/ol>\n\n\n\n<div class=\"wp-block-buttons is-layout-flex wp-block-buttons-is-layout-flex\">\n<div class=\"wp-block-button\"><a class=\"wp-block-button__link wp-element-button\" href=\"https:\/\/www.bell.ca\/Mobilite\/Programme-de-partenariat-exclusif#EXT=MOB_Net_ExtSite_URL_EPP_Acq_010123_KT_PhysioAssociation-FR\" target=\"_blank\" rel=\"noreferrer noopener\">En savoir plus<\/a><\/div>\n<\/div>\n\n\n\n<h6 class=\"wp-block-heading\">&nbsp;<\/h6>\n\n\n\n<p style=\"font-size:10px\">\u00c0 jour en date du 1<sup>er<\/sup> juillet 2025. Offert avec des appareils compatibles dans les zones de couverture de Bell Mobilit\u00e9. La vitesse et la force du signal peuvent varier en fonction du trafic, de la topographie, des conditions ambiantes et d\u2019autres facteurs, comme la gestion par Bell des ressources du r\u00e9seau, en utilisant des m\u00e9thodes qui incluent des pratiques de gestion du trafic Internet. Voir bell.ca\/PGTI. Des frais uniques de connexion au service (75 $) s\u2019appliquent sur votre premi\u00e8re facture. Des frais mensuels gouvernementaux pour le service 9-1-1 s\u2019appliquent : Alb. : 0,95 $, N.-B. : 0,97 $, T.-N.-L. : 0,75 $, N.-\u00c9. : 0,43 $, \u00ce.-P.-\u00c9. : 0,70 $, Qc : 0,54 $, T.N.-O. : 3,00 $, Sask. : 2,17 $. Bell est tenue de verser le montant au gouvernement. Taxes en sus. D\u2019autres conditions s\u2019appliquent. Modifiable sans pr\u00e9avis et ne peut \u00eatre combin\u00e9 avec aucune autre offre. Les clients actuels de Bell qui choisissent de passer au programme de partenariat exclusif avant la fin de leur contrat sont assujettis \u00e0 des frais de migration de 50 $ et, le cas \u00e9ch\u00e9ant, doivent payer le solde de leur appareil. <strong>(1)<\/strong> D\u2019apr\u00e8s une \u00e9tude effectu\u00e9e par une tierce partie (Global Wireless Solutions OneScore<sup>MC<\/sup>), selon les r\u00e9sultats de tests de r\u00e9seaux sans fil au Canada par rapport \u00e0 d\u2019autres r\u00e9seaux sans fil nationaux. Bell.ca\/reseau. <strong>(2)<\/strong> Au-del\u00e0 des donn\u00e9es \u00e0 vitesse maximale, des vitesses allant jusqu\u2019\u00e0 512 kbit\/s sont offertes. <strong>(3)<\/strong> Bas\u00e9 sur les prix de Bell sur le march\u00e9 au 1<sup>er<\/sup> juillet 2025. Seulement applicable \u00e0 certains t\u00e9l\u00e9phones. <strong>(4)<\/strong> Un maximum de 5 amis ou membres de la famille peuvent \u00eatre ajout\u00e9s au compte de l\u2019abonn\u00e9 principal. \u00a9 Bell Canada, 2025. Tous droits r\u00e9serv\u00e9s.&nbsp;<\/p>\n\n\n\n<p><\/p>\n","protected":false},"excerpt":{"rendered":"<p>Passez \u00e0 Bell d\u00e8s aujourd\u2019hui et profitez du r\u00e9seau 5G le plus rapide au pays1. En tant qu\u2019employ\u00e9 ou membre de l\u2019un de nos partenaires privil\u00e9gi\u00e9s, vous pouvez obtenir : Pour profiter de cette offre exclusive, suivez ces cinq \u00e9tapes [&hellip;]<\/p>\n","protected":false},"author":2792,"featured_media":0,"parent":0,"menu_order":0,"comment_status":"closed","ping_status":"closed","template":"","meta":{"inline_featured_image":false,"ep_exclude_from_search":false,"footnotes":""},"topic":[],"class_list":["post-42544","page","type-page","status-publish","hentry"],"acf":[],"yoast_head":"<!-- This site is optimized with the Yoast SEO plugin v24.7 - https:\/\/yoast.com\/wordpress\/plugins\/seo\/ -->\n<title>Bell Programme de Partenariat Exclusif - Canadian Physiotherapy Association<\/title>\n<meta name=\"robots\" content=\"index, follow, max-snippet:-1, max-image-preview:large, max-video-preview:-1\" \/>\n<link rel=\"canonical\" href=\"https:\/\/physiotherapy.ca\/fr\/bell-programme-de-partenariat-exclusif\/\" \/>\n<meta property=\"og:locale\" content=\"fr_FR\" \/>\n<meta property=\"og:type\" content=\"article\" \/>\n<meta property=\"og:title\" content=\"Bell Programme de Partenariat Exclusif - Canadian Physiotherapy Association\" \/>\n<meta property=\"og:description\" content=\"Passez \u00e0 Bell d\u00e8s aujourd\u2019hui et profitez du r\u00e9seau 5G le plus rapide au pays1. En tant qu\u2019employ\u00e9 ou membre de l\u2019un de nos partenaires privil\u00e9gi\u00e9s, vous pouvez obtenir : Pour profiter de cette offre exclusive, suivez ces cinq \u00e9tapes [&hellip;]\" \/>\n<meta property=\"og:url\" content=\"https:\/\/physiotherapy.ca\/fr\/bell-programme-de-partenariat-exclusif\/\" \/>\n<meta property=\"og:site_name\" content=\"Canadian Physiotherapy Association\" \/>\n<meta property=\"article:modified_time\" content=\"2026-01-30T21:52:50+00:00\" \/>\n<meta property=\"og:image\" content=\"https:\/\/physiotherapy.ca\/app\/uploads\/2026\/01\/CPA_WebsiteAds_1200x627_FR.png\" \/>\n\t<meta property=\"og:image:width\" content=\"1200\" \/>\n\t<meta property=\"og:image:height\" content=\"627\" \/>\n\t<meta property=\"og:image:type\" content=\"image\/png\" \/>\n<meta name=\"twitter:card\" content=\"summary_large_image\" \/>\n<meta name=\"twitter:label1\" content=\"Est. reading time\" \/>\n\t<meta name=\"twitter:data1\" content=\"2 minutes\" \/>\n<script type=\"application\/ld+json\" class=\"yoast-schema-graph\">{\"@context\":\"https:\/\/schema.org\",\"@graph\":[{\"@type\":\"WebPage\",\"@id\":\"https:\/\/physiotherapy.ca\/fr\/bell-programme-de-partenariat-exclusif\/\",\"url\":\"https:\/\/physiotherapy.ca\/fr\/bell-programme-de-partenariat-exclusif\/\",\"name\":\"Bell Programme de Partenariat Exclusif - Canadian Physiotherapy Association\",\"isPartOf\":{\"@id\":\"https:\/\/physiotherapy.ca\/#website\"},\"primaryImageOfPage\":{\"@id\":\"https:\/\/physiotherapy.ca\/fr\/bell-programme-de-partenariat-exclusif\/#primaryimage\"},\"image\":{\"@id\":\"https:\/\/physiotherapy.ca\/fr\/bell-programme-de-partenariat-exclusif\/#primaryimage\"},\"thumbnailUrl\":\"https:\/\/physiotherapy.ca\/app\/uploads\/2026\/01\/CPA_WebsiteAds_1200x627_FR-1024x535.png\",\"datePublished\":\"2024-02-14T14:00:00+00:00\",\"dateModified\":\"2026-01-30T21:52:50+00:00\",\"breadcrumb\":{\"@id\":\"https:\/\/physiotherapy.ca\/fr\/bell-programme-de-partenariat-exclusif\/#breadcrumb\"},\"inLanguage\":\"fr-FR\",\"potentialAction\":[{\"@type\":\"ReadAction\",\"target\":[\"https:\/\/physiotherapy.ca\/fr\/bell-programme-de-partenariat-exclusif\/\"]}]},{\"@type\":\"ImageObject\",\"inLanguage\":\"fr-FR\",\"@id\":\"https:\/\/physiotherapy.ca\/fr\/bell-programme-de-partenariat-exclusif\/#primaryimage\",\"url\":\"https:\/\/physiotherapy.ca\/app\/uploads\/2026\/01\/CPA_WebsiteAds_1200x627_FR-1024x535.png\",\"contentUrl\":\"https:\/\/physiotherapy.ca\/app\/uploads\/2026\/01\/CPA_WebsiteAds_1200x627_FR-1024x535.png\"},{\"@type\":\"BreadcrumbList\",\"@id\":\"https:\/\/physiotherapy.ca\/fr\/bell-programme-de-partenariat-exclusif\/#breadcrumb\",\"itemListElement\":[{\"@type\":\"ListItem\",\"position\":1,\"name\":\"Home\",\"item\":\"https:\/\/physiotherapy.ca\/fr\/\"},{\"@type\":\"ListItem\",\"position\":2,\"name\":\"Bell Programme de Partenariat Exclusif\"}]},{\"@type\":\"WebSite\",\"@id\":\"https:\/\/physiotherapy.ca\/#website\",\"url\":\"https:\/\/physiotherapy.ca\/\",\"name\":\"Canadian Physiotherapy Association\",\"description\":\"The Canadian Physiotherapy Association (CPA) represents over 16,000 physiotherapy professionals and students across Canada.\",\"potentialAction\":[{\"@type\":\"SearchAction\",\"target\":{\"@type\":\"EntryPoint\",\"urlTemplate\":\"https:\/\/physiotherapy.ca\/?s={search_term_string}\"},\"query-input\":{\"@type\":\"PropertyValueSpecification\",\"valueRequired\":true,\"valueName\":\"search_term_string\"}}],\"inLanguage\":\"fr-FR\"}]}<\/script>\n<!-- \/ Yoast SEO plugin. -->","yoast_head_json":{"title":"Bell Programme de Partenariat Exclusif - Canadian Physiotherapy Association","robots":{"index":"index","follow":"follow","max-snippet":"max-snippet:-1","max-image-preview":"max-image-preview:large","max-video-preview":"max-video-preview:-1"},"canonical":"https:\/\/physiotherapy.ca\/fr\/bell-programme-de-partenariat-exclusif\/","og_locale":"fr_FR","og_type":"article","og_title":"Bell Programme de Partenariat Exclusif - Canadian Physiotherapy Association","og_description":"Passez \u00e0 Bell d\u00e8s aujourd\u2019hui et profitez du r\u00e9seau 5G le plus rapide au pays1. En tant qu\u2019employ\u00e9 ou membre de l\u2019un de nos partenaires privil\u00e9gi\u00e9s, vous pouvez obtenir : Pour profiter de cette offre exclusive, suivez ces cinq \u00e9tapes [&hellip;]","og_url":"https:\/\/physiotherapy.ca\/fr\/bell-programme-de-partenariat-exclusif\/","og_site_name":"Canadian Physiotherapy Association","article_modified_time":"2026-01-30T21:52:50+00:00","og_image":[{"width":1200,"height":627,"url":"https:\/\/physiotherapy.ca\/app\/uploads\/2026\/01\/CPA_WebsiteAds_1200x627_FR.png","type":"image\/png"}],"twitter_card":"summary_large_image","twitter_misc":{"Est. reading time":"2 minutes"},"schema":{"@context":"https:\/\/schema.org","@graph":[{"@type":"WebPage","@id":"https:\/\/physiotherapy.ca\/fr\/bell-programme-de-partenariat-exclusif\/","url":"https:\/\/physiotherapy.ca\/fr\/bell-programme-de-partenariat-exclusif\/","name":"Bell Programme de Partenariat Exclusif - Canadian Physiotherapy Association","isPartOf":{"@id":"https:\/\/physiotherapy.ca\/#website"},"primaryImageOfPage":{"@id":"https:\/\/physiotherapy.ca\/fr\/bell-programme-de-partenariat-exclusif\/#primaryimage"},"image":{"@id":"https:\/\/physiotherapy.ca\/fr\/bell-programme-de-partenariat-exclusif\/#primaryimage"},"thumbnailUrl":"https:\/\/physiotherapy.ca\/app\/uploads\/2026\/01\/CPA_WebsiteAds_1200x627_FR-1024x535.png","datePublished":"2024-02-14T14:00:00+00:00","dateModified":"2026-01-30T21:52:50+00:00","breadcrumb":{"@id":"https:\/\/physiotherapy.ca\/fr\/bell-programme-de-partenariat-exclusif\/#breadcrumb"},"inLanguage":"fr-FR","potentialAction":[{"@type":"ReadAction","target":["https:\/\/physiotherapy.ca\/fr\/bell-programme-de-partenariat-exclusif\/"]}]},{"@type":"ImageObject","inLanguage":"fr-FR","@id":"https:\/\/physiotherapy.ca\/fr\/bell-programme-de-partenariat-exclusif\/#primaryimage","url":"https:\/\/physiotherapy.ca\/app\/uploads\/2026\/01\/CPA_WebsiteAds_1200x627_FR-1024x535.png","contentUrl":"https:\/\/physiotherapy.ca\/app\/uploads\/2026\/01\/CPA_WebsiteAds_1200x627_FR-1024x535.png"},{"@type":"BreadcrumbList","@id":"https:\/\/physiotherapy.ca\/fr\/bell-programme-de-partenariat-exclusif\/#breadcrumb","itemListElement":[{"@type":"ListItem","position":1,"name":"Home","item":"https:\/\/physiotherapy.ca\/fr\/"},{"@type":"ListItem","position":2,"name":"Bell Programme de Partenariat Exclusif"}]},{"@type":"WebSite","@id":"https:\/\/physiotherapy.ca\/#website","url":"https:\/\/physiotherapy.ca\/","name":"Canadian Physiotherapy Association","description":"The Canadian Physiotherapy Association (CPA) represents over 16,000 physiotherapy professionals and students across Canada.","potentialAction":[{"@type":"SearchAction","target":{"@type":"EntryPoint","urlTemplate":"https:\/\/physiotherapy.ca\/?s={search_term_string}"},"query-input":{"@type":"PropertyValueSpecification","valueRequired":true,"valueName":"search_term_string"}}],"inLanguage":"fr-FR"}]}},"_links":{"self":[{"href":"https:\/\/physiotherapy.ca\/fr\/wp-json\/wp\/v2\/pages\/42544","targetHints":{"allow":["GET"]}}],"collection":[{"href":"https:\/\/physiotherapy.ca\/fr\/wp-json\/wp\/v2\/pages"}],"about":[{"href":"https:\/\/physiotherapy.ca\/fr\/wp-json\/wp\/v2\/types\/page"}],"author":[{"embeddable":true,"href":"https:\/\/physiotherapy.ca\/fr\/wp-json\/wp\/v2\/users\/2792"}],"replies":[{"embeddable":true,"href":"https:\/\/physiotherapy.ca\/fr\/wp-json\/wp\/v2\/comments?post=42544"}],"version-history":[{"count":35,"href":"https:\/\/physiotherapy.ca\/fr\/wp-json\/wp\/v2\/pages\/42544\/revisions"}],"predecessor-version":[{"id":279244,"href":"https:\/\/physiotherapy.ca\/fr\/wp-json\/wp\/v2\/pages\/42544\/revisions\/279244"}],"wp:attachment":[{"href":"https:\/\/physiotherapy.ca\/fr\/wp-json\/wp\/v2\/media?parent=42544"}],"wp:term":[{"taxonomy":"topic","embeddable":true,"href":"https:\/\/physiotherapy.ca\/fr\/wp-json\/wp\/v2\/topic?post=42544"}],"curies":[{"name":"wp","href":"https:\/\/api.w.org\/{rel}","templated":true}]}}