{"id":42577,"date":"2022-09-23T10:19:09","date_gmt":"2022-09-23T14:19:09","guid":{"rendered":"https:\/\/physiotherapy.ca\/?page_id=42577"},"modified":"2022-09-23T10:19:11","modified_gmt":"2022-09-23T14:19:11","slug":"gowlings","status":"publish","type":"page","link":"https:\/\/physiotherapy.ca\/fr\/membership-fr\/rabais-et-privileges\/gowlings\/","title":{"rendered":"Gowlings"},"content":{"rendered":"\n<h3 class=\"wp-block-heading\">Gowling WLG (\u00ab\u2009Gowlings\u2009\u00bb), l\u2019un des plus grands cabinets d\u2019avocats au Canada, a le plaisir de proposer des services juridiques b\u00e9n\u00e9voles sommaires \u00e0 tous les membres qui participent au programme d\u2019assurance responsabilit\u00e9 professionnelle de l\u2019ACP.<\/h3>\n\n\n<div class=\"wp-block-image\">\n<figure class=\"aligncenter size-large\"><img loading=\"lazy\" decoding=\"async\" width=\"1024\" height=\"202\" src=\"https:\/\/physiotherapy.ca\/app\/uploads\/2022\/07\/gowling_en-1024x202.jpg\" alt=\"\" class=\"wp-image-3691\" srcset=\"https:\/\/physiotherapy.ca\/app\/uploads\/2022\/07\/gowling_en-1024x202.jpg 1024w, https:\/\/physiotherapy.ca\/app\/uploads\/2022\/07\/gowling_en-300x59.jpg 300w, https:\/\/physiotherapy.ca\/app\/uploads\/2022\/07\/gowling_en-768x152.jpg 768w, https:\/\/physiotherapy.ca\/app\/uploads\/2022\/07\/gowling_en-1536x303.jpg 1536w, https:\/\/physiotherapy.ca\/app\/uploads\/2022\/07\/gowling_en-2048x404.jpg 2048w, https:\/\/physiotherapy.ca\/app\/uploads\/2022\/07\/gowling_en-390x77.jpg 390w, https:\/\/physiotherapy.ca\/app\/uploads\/2022\/07\/gowling_en-600x118.jpg 600w\" sizes=\"auto, (max-width: 1024px) 100vw, 1024px\" \/><\/figure><\/div>\n\n\n<h4 class=\"wp-block-heading\">Pour que les membres re\u00e7oivent un accompagnement de qualit\u00e9 en cas de r\u00e9clamation ou de plainte, l\u2019ACP a retenu les services de Gowlings dans le cadre de son programme d\u2019assurance responsabilit\u00e9 professionnelle.<\/h4>\n\n\n\n<p>Les membres peuvent profiter de ces services gratuits s\u2019ils sont vis\u00e9s par une r\u00e9clamation (r\u00e9elle ou potentielle) et qu\u2019ils ont des questions sur\u00a0:<\/p>\n\n\n\n<ul class=\"wp-block-list\"><li>la confidentialit\u00e9 et les renseignements personnels<\/li><li>les conflits d\u2019int\u00e9r\u00eats<\/li><li>la fa\u00e7on de r\u00e9pondre aux demandes d\u2019information de tiers<\/li><li>les demandes provenant de l\u2019ordre professionnel<\/li><li>la fa\u00e7on de r\u00e9pondre \u00e0 une assignation \u00e0 compara\u00eetre<\/li><li>les fautes professionnelles<\/li><li>les obligations \u00e9thiques<\/li><\/ul>\n\n\n\n<p>Pour obtenir ce service, t\u00e9l\u00e9phonez au num\u00e9ro qui suit. Apr\u00e8s le message, laissez une explication d\u00e9taill\u00e9e. Soyez pr\u00eat \u00e0 fournir les renseignements suivants\u00a0:<\/p>\n\n\n\n<ul class=\"wp-block-list\"><li>nom, num\u00e9ro de t\u00e9l\u00e9phone et adresse<\/li><li>num\u00e9ros de certificat et de police d\u2019assurance<\/li><li>bref r\u00e9sum\u00e9 du probl\u00e8me<\/li><\/ul>\n\n\n\n<p>Si vous appelez de la Colombie-Britannique, de l\u2019Alberta, de l\u2019Ontario ou du Qu\u00e9bec, Gowlings communiquera avec vous d\u00e8s que possible. Si vous t\u00e9l\u00e9phonez d\u2019une autre province ou d\u2019un autre territoire, Gowlings fera parvenir votre dossier \u00e0 un avocat de votre r\u00e9gion.<\/p>\n\n\n\n<p>L\u2019avocat \u00e0 qui vous parlerez vous donnera des conseils juridiques gratuits et confidentiels afin de tenter de r\u00e9duire la probabilit\u00e9 d\u2019une r\u00e9clamation ou d\u2019une plainte. Chaque consultation t\u00e9l\u00e9phonique est limit\u00e9e \u00e0 30\u00a0minutes par question. L\u2019avocat peut juger appropri\u00e9 d\u2019\u00e9tudier les enjeux et la jurisprudence avant de vous rappeler. Les conseils que vous recevrez d\u00e9pendront de la pr\u00e9cision et de l\u2019exhaustivit\u00e9 des renseignements que vous aurez fournis.<\/p>\n\n\n\n<p>Dans certains cas, on vous demandera de communiquer directement avec le Groupe BMS, car votre probl\u00e8me pourrait d\u00e9j\u00e0 faire l\u2019objet d\u2019une couverture en vertu de votre police d\u2019assurance et vous pourriez avoir droit aux services d\u2019un conseiller juridique. Si vous avez re\u00e7u une plainte ou une r\u00e9clamation officielle, communiquez directement avec le Groupe BMS.<\/p>\n\n\n\n<p><\/p>\n\n\n\n<h4 class=\"wp-block-heading\">Communiquer avec Gowlings<\/h4>\n\n\n\n<p>Gowlings est l\u2019un des plus grands cabinets juridiques canadiens. Il repr\u00e9sente depuis longtemps les professionnels de la sant\u00e9 dans divers dossiers de responsabilit\u00e9 professionnelle. Les professionnels de Gowlings qui offrent des services \u00e0 nos membres ont une vaste exp\u00e9rience des enjeux du droit m\u00e9dical, de la d\u00e9fense de professionnels lors de litiges d\u00e9coulant de traitements et de soins m\u00e9dicaux, de la repr\u00e9sentation de professionnels devant des organismes d\u2019attribution de permis provinciaux et l\u2019offre de conseils sur d\u2019autres questions juridiques, administratives ou r\u00e9glementaires.<\/p>\n\n\n\n<p><strong>Gowling WLG<\/strong><br>Suite 2000, 160 Elgin Street, Ottawa, ON K1P 1C3<br><a href=\"http:\/\/www.gowlingwlg.com\/\" target=\"_blank\" rel=\"noreferrer noopener\">www.gowlingwlg.com<\/a><br><strong><strong>Sans frais\u00a0<\/strong>: 1-888-943-0953<\/strong><\/p>\n\n\n\n<p><\/p>\n\n\n\n<p style=\"font-size:14px\">*Cette page contient des liens vers des sites qui ne sont pas g\u00e9r\u00e9s par l\u2019ACP qui fournissent de l\u2019information suppl\u00e9mentaire sur les services offerts et \u00e0 partir desquels des produits et des services peuvent \u00eatre mis \u00e0 votre disposition. En cliquant sur ces liens,\u00a0vous allez quitter le site legacy.physiotherapy.ca\u00a0et entrer sur un site qui n\u2019est pas g\u00e9r\u00e9 par l\u2019ACP. Ces liens sont fournis exclusivement pour votre commodit\u00e9 et\u00a0l\u2019inclusion d\u2019un lien ne signifie aucunement que l\u2019ACP a approuv\u00e9, valid\u00e9 ou v\u00e9rifi\u00e9 lesdits sites, les renseignements contenus sur ces derniers ou leurs politiques quant \u00e0 la protection de la vie priv\u00e9e et de la s\u00e9curit\u00e9. Si vous d\u00e9cidez d\u2019acc\u00e9der \u00e0 de tels sites qui ne sont pas g\u00e9r\u00e9s par l\u2019ACP ou d\u2019acheter des produits ou des services des propri\u00e9taires ou des exploitants de ces sites, vous le faites \u00e0 vos propres risques, et l\u2019ACP n\u2019est aucunement responsable envers vous pour un tel acc\u00e8s ou achat.<\/p>\n","protected":false},"excerpt":{"rendered":"<p>Gowling WLG (\u00ab\u2009Gowlings\u2009\u00bb), l\u2019un des plus grands cabinets d\u2019avocats au Canada, a le plaisir de proposer des services juridiques b\u00e9n\u00e9voles sommaires \u00e0 tous les membres qui participent au programme d\u2019assurance responsabilit\u00e9 professionnelle de l\u2019ACP. Pour que les membres re\u00e7oivent un [&hellip;]<\/p>\n","protected":false},"author":2792,"featured_media":0,"parent":5063,"menu_order":3,"comment_status":"closed","ping_status":"closed","template":"","meta":{"inline_featured_image":false,"ep_exclude_from_search":false,"footnotes":""},"topic":[],"class_list":["post-42577","page","type-page","status-publish","hentry"],"acf":[],"yoast_head":"<!-- This site is optimized with the Yoast SEO plugin v24.7 - https:\/\/yoast.com\/wordpress\/plugins\/seo\/ -->\n<title>Gowlings - Canadian Physiotherapy Association<\/title>\n<meta name=\"robots\" content=\"index, follow, max-snippet:-1, max-image-preview:large, max-video-preview:-1\" \/>\n<link rel=\"canonical\" href=\"https:\/\/physiotherapy.ca\/fr\/membership-fr\/rabais-et-privileges\/gowlings\/\" \/>\n<meta property=\"og:locale\" content=\"fr_FR\" \/>\n<meta property=\"og:type\" content=\"article\" \/>\n<meta property=\"og:title\" content=\"Gowlings - Canadian Physiotherapy Association\" \/>\n<meta property=\"og:description\" content=\"Gowling WLG (\u00ab\u2009Gowlings\u2009\u00bb), l\u2019un des plus grands cabinets d\u2019avocats au Canada, a le plaisir de proposer des services juridiques b\u00e9n\u00e9voles sommaires \u00e0 tous les membres qui participent au programme d\u2019assurance responsabilit\u00e9 professionnelle de l\u2019ACP. Pour que les membres re\u00e7oivent un [&hellip;]\" \/>\n<meta property=\"og:url\" content=\"https:\/\/physiotherapy.ca\/fr\/membership-fr\/rabais-et-privileges\/gowlings\/\" \/>\n<meta property=\"og:site_name\" content=\"Canadian Physiotherapy Association\" \/>\n<meta property=\"article:modified_time\" content=\"2022-09-23T14:19:11+00:00\" \/>\n<meta property=\"og:image\" content=\"https:\/\/physiotherapy.ca\/app\/uploads\/2022\/07\/gowling_en-1024x202.jpg\" \/>\n<meta name=\"twitter:card\" content=\"summary_large_image\" \/>\n<meta name=\"twitter:label1\" content=\"Est. reading time\" \/>\n\t<meta name=\"twitter:data1\" content=\"3 minutes\" \/>\n<script type=\"application\/ld+json\" class=\"yoast-schema-graph\">{\"@context\":\"https:\/\/schema.org\",\"@graph\":[{\"@type\":\"WebPage\",\"@id\":\"https:\/\/physiotherapy.ca\/fr\/membership-fr\/rabais-et-privileges\/gowlings\/\",\"url\":\"https:\/\/physiotherapy.ca\/fr\/membership-fr\/rabais-et-privileges\/gowlings\/\",\"name\":\"Gowlings - Canadian Physiotherapy Association\",\"isPartOf\":{\"@id\":\"https:\/\/physiotherapy.ca\/#website\"},\"primaryImageOfPage\":{\"@id\":\"https:\/\/physiotherapy.ca\/fr\/membership-fr\/rabais-et-privileges\/gowlings\/#primaryimage\"},\"image\":{\"@id\":\"https:\/\/physiotherapy.ca\/fr\/membership-fr\/rabais-et-privileges\/gowlings\/#primaryimage\"},\"thumbnailUrl\":\"https:\/\/physiotherapy.ca\/app\/uploads\/2022\/07\/gowling_en-1024x202.jpg\",\"datePublished\":\"2022-09-23T14:19:09+00:00\",\"dateModified\":\"2022-09-23T14:19:11+00:00\",\"breadcrumb\":{\"@id\":\"https:\/\/physiotherapy.ca\/fr\/membership-fr\/rabais-et-privileges\/gowlings\/#breadcrumb\"},\"inLanguage\":\"fr-FR\",\"potentialAction\":[{\"@type\":\"ReadAction\",\"target\":[\"https:\/\/physiotherapy.ca\/fr\/membership-fr\/rabais-et-privileges\/gowlings\/\"]}]},{\"@type\":\"ImageObject\",\"inLanguage\":\"fr-FR\",\"@id\":\"https:\/\/physiotherapy.ca\/fr\/membership-fr\/rabais-et-privileges\/gowlings\/#primaryimage\",\"url\":\"https:\/\/physiotherapy.ca\/app\/uploads\/2022\/07\/gowling_en-1024x202.jpg\",\"contentUrl\":\"https:\/\/physiotherapy.ca\/app\/uploads\/2022\/07\/gowling_en-1024x202.jpg\"},{\"@type\":\"BreadcrumbList\",\"@id\":\"https:\/\/physiotherapy.ca\/fr\/membership-fr\/rabais-et-privileges\/gowlings\/#breadcrumb\",\"itemListElement\":[{\"@type\":\"ListItem\",\"position\":1,\"name\":\"Home\",\"item\":\"https:\/\/physiotherapy.ca\/fr\/\"},{\"@type\":\"ListItem\",\"position\":2,\"name\":\"Membership FR\",\"item\":\"https:\/\/physiotherapy.ca\/fr\/membership-fr\/\"},{\"@type\":\"ListItem\",\"position\":3,\"name\":\"Rabais et privil\u00e8ges\",\"item\":\"https:\/\/physiotherapy.ca\/fr\/membership-fr\/rabais-et-privileges\/\"},{\"@type\":\"ListItem\",\"position\":4,\"name\":\"Gowlings\"}]},{\"@type\":\"WebSite\",\"@id\":\"https:\/\/physiotherapy.ca\/#website\",\"url\":\"https:\/\/physiotherapy.ca\/\",\"name\":\"Canadian Physiotherapy Association\",\"description\":\"The Canadian Physiotherapy Association (CPA) represents over 16,000 physiotherapy professionals and students across Canada.\",\"potentialAction\":[{\"@type\":\"SearchAction\",\"target\":{\"@type\":\"EntryPoint\",\"urlTemplate\":\"https:\/\/physiotherapy.ca\/?s={search_term_string}\"},\"query-input\":{\"@type\":\"PropertyValueSpecification\",\"valueRequired\":true,\"valueName\":\"search_term_string\"}}],\"inLanguage\":\"fr-FR\"}]}<\/script>\n<!-- \/ Yoast SEO plugin. -->","yoast_head_json":{"title":"Gowlings - Canadian Physiotherapy Association","robots":{"index":"index","follow":"follow","max-snippet":"max-snippet:-1","max-image-preview":"max-image-preview:large","max-video-preview":"max-video-preview:-1"},"canonical":"https:\/\/physiotherapy.ca\/fr\/membership-fr\/rabais-et-privileges\/gowlings\/","og_locale":"fr_FR","og_type":"article","og_title":"Gowlings - Canadian Physiotherapy Association","og_description":"Gowling WLG (\u00ab\u2009Gowlings\u2009\u00bb), l\u2019un des plus grands cabinets d\u2019avocats au Canada, a le plaisir de proposer des services juridiques b\u00e9n\u00e9voles sommaires \u00e0 tous les membres qui participent au programme d\u2019assurance responsabilit\u00e9 professionnelle de l\u2019ACP. Pour que les membres re\u00e7oivent un [&hellip;]","og_url":"https:\/\/physiotherapy.ca\/fr\/membership-fr\/rabais-et-privileges\/gowlings\/","og_site_name":"Canadian Physiotherapy Association","article_modified_time":"2022-09-23T14:19:11+00:00","og_image":[{"url":"https:\/\/physiotherapy.ca\/app\/uploads\/2022\/07\/gowling_en-1024x202.jpg","type":"","width":"","height":""}],"twitter_card":"summary_large_image","twitter_misc":{"Est. reading time":"3 minutes"},"schema":{"@context":"https:\/\/schema.org","@graph":[{"@type":"WebPage","@id":"https:\/\/physiotherapy.ca\/fr\/membership-fr\/rabais-et-privileges\/gowlings\/","url":"https:\/\/physiotherapy.ca\/fr\/membership-fr\/rabais-et-privileges\/gowlings\/","name":"Gowlings - Canadian Physiotherapy Association","isPartOf":{"@id":"https:\/\/physiotherapy.ca\/#website"},"primaryImageOfPage":{"@id":"https:\/\/physiotherapy.ca\/fr\/membership-fr\/rabais-et-privileges\/gowlings\/#primaryimage"},"image":{"@id":"https:\/\/physiotherapy.ca\/fr\/membership-fr\/rabais-et-privileges\/gowlings\/#primaryimage"},"thumbnailUrl":"https:\/\/physiotherapy.ca\/app\/uploads\/2022\/07\/gowling_en-1024x202.jpg","datePublished":"2022-09-23T14:19:09+00:00","dateModified":"2022-09-23T14:19:11+00:00","breadcrumb":{"@id":"https:\/\/physiotherapy.ca\/fr\/membership-fr\/rabais-et-privileges\/gowlings\/#breadcrumb"},"inLanguage":"fr-FR","potentialAction":[{"@type":"ReadAction","target":["https:\/\/physiotherapy.ca\/fr\/membership-fr\/rabais-et-privileges\/gowlings\/"]}]},{"@type":"ImageObject","inLanguage":"fr-FR","@id":"https:\/\/physiotherapy.ca\/fr\/membership-fr\/rabais-et-privileges\/gowlings\/#primaryimage","url":"https:\/\/physiotherapy.ca\/app\/uploads\/2022\/07\/gowling_en-1024x202.jpg","contentUrl":"https:\/\/physiotherapy.ca\/app\/uploads\/2022\/07\/gowling_en-1024x202.jpg"},{"@type":"BreadcrumbList","@id":"https:\/\/physiotherapy.ca\/fr\/membership-fr\/rabais-et-privileges\/gowlings\/#breadcrumb","itemListElement":[{"@type":"ListItem","position":1,"name":"Home","item":"https:\/\/physiotherapy.ca\/fr\/"},{"@type":"ListItem","position":2,"name":"Membership FR","item":"https:\/\/physiotherapy.ca\/fr\/membership-fr\/"},{"@type":"ListItem","position":3,"name":"Rabais et privil\u00e8ges","item":"https:\/\/physiotherapy.ca\/fr\/membership-fr\/rabais-et-privileges\/"},{"@type":"ListItem","position":4,"name":"Gowlings"}]},{"@type":"WebSite","@id":"https:\/\/physiotherapy.ca\/#website","url":"https:\/\/physiotherapy.ca\/","name":"Canadian Physiotherapy Association","description":"The Canadian Physiotherapy Association (CPA) represents over 16,000 physiotherapy professionals and students across Canada.","potentialAction":[{"@type":"SearchAction","target":{"@type":"EntryPoint","urlTemplate":"https:\/\/physiotherapy.ca\/?s={search_term_string}"},"query-input":{"@type":"PropertyValueSpecification","valueRequired":true,"valueName":"search_term_string"}}],"inLanguage":"fr-FR"}]}},"_links":{"self":[{"href":"https:\/\/physiotherapy.ca\/fr\/wp-json\/wp\/v2\/pages\/42577","targetHints":{"allow":["GET"]}}],"collection":[{"href":"https:\/\/physiotherapy.ca\/fr\/wp-json\/wp\/v2\/pages"}],"about":[{"href":"https:\/\/physiotherapy.ca\/fr\/wp-json\/wp\/v2\/types\/page"}],"author":[{"embeddable":true,"href":"https:\/\/physiotherapy.ca\/fr\/wp-json\/wp\/v2\/users\/2792"}],"replies":[{"embeddable":true,"href":"https:\/\/physiotherapy.ca\/fr\/wp-json\/wp\/v2\/comments?post=42577"}],"version-history":[{"count":2,"href":"https:\/\/physiotherapy.ca\/fr\/wp-json\/wp\/v2\/pages\/42577\/revisions"}],"predecessor-version":[{"id":42584,"href":"https:\/\/physiotherapy.ca\/fr\/wp-json\/wp\/v2\/pages\/42577\/revisions\/42584"}],"up":[{"embeddable":true,"href":"https:\/\/physiotherapy.ca\/fr\/wp-json\/wp\/v2\/pages\/5063"}],"wp:attachment":[{"href":"https:\/\/physiotherapy.ca\/fr\/wp-json\/wp\/v2\/media?parent=42577"}],"wp:term":[{"taxonomy":"topic","embeddable":true,"href":"https:\/\/physiotherapy.ca\/fr\/wp-json\/wp\/v2\/topic?post=42577"}],"curies":[{"name":"wp","href":"https:\/\/api.w.org\/{rel}","templated":true}]}}