{"id":4280,"date":"2022-07-28T16:59:15","date_gmt":"2022-07-28T20:59:15","guid":{"rendered":"https:\/\/physiotherapy.ca\/?page_id=4280"},"modified":"2026-01-23T09:18:47","modified_gmt":"2026-01-23T14:18:47","slug":"publicite","status":"publish","type":"page","link":"https:\/\/physiotherapy.ca\/fr\/publicite\/","title":{"rendered":"Publicit\u00e9"},"content":{"rendered":"\n<h2 class=\"wp-block-heading\">Vous souhaitez faire la piblicit\u00e9 de produits, services ou cours relatifs \u00e0 la physioth\u00e9rapie?<\/h2>\n\n\n\n<p>Puisqu&#8217;elle compte plus de 15 000 membres au Canada, l&#8217;Association canadienne de physioth\u00e9rapie est la voie privil\u00e9gi\u00e9e par les organisations qui souhaitent publiciser des produits, services, \u00e9v\u00e9nements et cours li\u00e9s \u00e0 la physioth\u00e9rapie aux professionels du domaine, aux propri\u00e9taires de clinique&nbsp;et au grand public.<\/p>\n\n\n\n<p>Que vous cherchiez \u00e0 faire de la publicit\u00e9 ou&nbsp;de l&#8217;enseignement, \u00e0 verser une commandite ou \u00e0 trouver des exposants, vous trouverez d&#8217;innombrales possibilit\u00e9s de r\u00e9aliser vos objectifs de commercialisation aupr\u00e8s de l&#8217;Association canadienne de physioth\u00e9rapie.<\/p>\n\n\n\n<p><strong>Nouvelle occasion de publicit\u00e9&nbsp;:<\/strong> Il est maintenant possible d\u2019acheter un espace publireportage dans le bulletin \u00e9lectronique mensuel Ce qui bouge \u00e0 l\u2019ACP.<\/p>\n\n\n\n<p>Pour avoir plus d\u2019information et pour conna\u00eetre les exigences de soumission, <a href=\"https:\/\/physiotherapy.ca\/app\/uploads\/2026\/01\/Contenu-publicitaire_2026.pdf\" target=\"_blank\" rel=\"noreferrer noopener\">cliquez ici<\/a>.<\/p>\n\n\n\n<div class=\"wp-block-columns is-layout-flex wp-container-core-columns-is-layout-1 wp-block-columns-is-layout-flex\">\n<div class=\"wp-block-column is-layout-flow wp-block-column-is-layout-flow\">\n<figure class=\"wp-block-image size-full is-resized\"><a href=\"https:\/\/physiotherapy.ca\/app\/uploads\/2026\/01\/CPA-Media-Kit-2026-FR.pdf\" target=\"_blank\" rel=\" noreferrer noopener\"><img loading=\"lazy\" decoding=\"async\" width=\"3300\" height=\"2550\" src=\"https:\/\/physiotherapy.ca\/app\/uploads\/2026\/01\/CPA-Media-Kit-2026-FR_Page_01.png\" alt=\"\" class=\"wp-image-279065\" style=\"width:286px;height:auto\" srcset=\"https:\/\/physiotherapy.ca\/app\/uploads\/2026\/01\/CPA-Media-Kit-2026-FR_Page_01.png 3300w, https:\/\/physiotherapy.ca\/app\/uploads\/2026\/01\/CPA-Media-Kit-2026-FR_Page_01-300x232.png 300w, https:\/\/physiotherapy.ca\/app\/uploads\/2026\/01\/CPA-Media-Kit-2026-FR_Page_01-1024x791.png 1024w, https:\/\/physiotherapy.ca\/app\/uploads\/2026\/01\/CPA-Media-Kit-2026-FR_Page_01-768x593.png 768w, https:\/\/physiotherapy.ca\/app\/uploads\/2026\/01\/CPA-Media-Kit-2026-FR_Page_01-1536x1187.png 1536w, https:\/\/physiotherapy.ca\/app\/uploads\/2026\/01\/CPA-Media-Kit-2026-FR_Page_01-2048x1583.png 2048w, https:\/\/physiotherapy.ca\/app\/uploads\/2026\/01\/CPA-Media-Kit-2026-FR_Page_01-259x200.png 259w, https:\/\/physiotherapy.ca\/app\/uploads\/2026\/01\/CPA-Media-Kit-2026-FR_Page_01-600x464.png 600w\" sizes=\"auto, (max-width: 3300px) 100vw, 3300px\" \/><\/a><figcaption class=\"wp-element-caption\"><br><a href=\"https:\/\/physiotherapy.ca\/app\/uploads\/2026\/01\/CPA-Media-Kit-2026-FR.pdf\" target=\"_blank\" rel=\"noreferrer noopener\">Dossier de presse 2026<\/a><\/figcaption><\/figure>\n<\/div>\n\n\n\n<div class=\"wp-block-column is-layout-flow wp-block-column-is-layout-flow\">\n<figure class=\"wp-block-image size-medium is-resized\"><a href=\"https:\/\/physiotherapy.ca\/app\/uploads\/2026\/01\/2026-French-Specifications.pdf\" target=\"_blank\" rel=\" noreferrer noopener\"><img loading=\"lazy\" decoding=\"async\" width=\"300\" height=\"232\" src=\"https:\/\/physiotherapy.ca\/app\/uploads\/2026\/01\/2026-French-Specifications_Page_1-300x232.png\" alt=\"\" class=\"wp-image-279063\" style=\"width:286px;height:auto\" srcset=\"https:\/\/physiotherapy.ca\/app\/uploads\/2026\/01\/2026-French-Specifications_Page_1-300x232.png 300w, https:\/\/physiotherapy.ca\/app\/uploads\/2026\/01\/2026-French-Specifications_Page_1-1024x791.png 1024w, https:\/\/physiotherapy.ca\/app\/uploads\/2026\/01\/2026-French-Specifications_Page_1-768x593.png 768w, https:\/\/physiotherapy.ca\/app\/uploads\/2026\/01\/2026-French-Specifications_Page_1-1536x1187.png 1536w, https:\/\/physiotherapy.ca\/app\/uploads\/2026\/01\/2026-French-Specifications_Page_1-2048x1583.png 2048w, https:\/\/physiotherapy.ca\/app\/uploads\/2026\/01\/2026-French-Specifications_Page_1-259x200.png 259w, https:\/\/physiotherapy.ca\/app\/uploads\/2026\/01\/2026-French-Specifications_Page_1-600x464.png 600w\" sizes=\"auto, (max-width: 300px) 100vw, 300px\" \/><\/a><figcaption class=\"wp-element-caption\"><br><a href=\"https:\/\/physiotherapy.ca\/app\/uploads\/2026\/01\/2026-French-Specifications.pdf\" target=\"_blank\" rel=\"noreferrer noopener\">Caract\u00e9ristiques techniques et calendrier pour 2026<\/a><\/figcaption><\/figure>\n<\/div>\n<\/div>\n\n\n\n<h4 class=\"wp-block-heading\">\u00c9crivez-nous, \u00e0&nbsp;<a href=\"mailto:advertising@legacy.physiotherapy.ca\">advertising@legacy.physiotherapy.ca<\/a>, pour cr\u00e9er un forfait personnalis\u00e9.<\/h4>\n\n\n\n<p>Parcourez la&nbsp;<a href=\"https:\/\/physiotherapy.ca\/app\/uploads\/2022\/10\/corporate_relationship_policy_january_2019_-_french.pdf\">politique de l\u2019ACP en mati\u00e8re de publicit\u00e9<\/a>&nbsp;pour en savoir plus sur les directives relatives \u00e0 la commandite et \u00e0 la publicit\u00e9.<\/p>\n\n\n\n<p><\/p>\n","protected":false},"excerpt":{"rendered":"<p>Vous souhaitez faire la piblicit\u00e9 de produits, services ou cours relatifs \u00e0 la physioth\u00e9rapie? Puisqu&#8217;elle compte plus de 15 000 membres au Canada, l&#8217;Association canadienne de physioth\u00e9rapie est la voie privil\u00e9gi\u00e9e par les organisations qui souhaitent publiciser des produits, services, [&hellip;]<\/p>\n","protected":false},"author":1,"featured_media":0,"parent":0,"menu_order":0,"comment_status":"closed","ping_status":"closed","template":"","meta":{"inline_featured_image":false,"ep_exclude_from_search":false,"footnotes":""},"topic":[],"class_list":["post-4280","page","type-page","status-publish","hentry"],"acf":[],"yoast_head":"<!-- This site is optimized with the Yoast SEO plugin v24.7 - https:\/\/yoast.com\/wordpress\/plugins\/seo\/ -->\n<title>Publicit\u00e9 - Canadian Physiotherapy Association<\/title>\n<meta name=\"robots\" content=\"index, follow, max-snippet:-1, max-image-preview:large, max-video-preview:-1\" \/>\n<link rel=\"canonical\" href=\"https:\/\/physiotherapy.ca\/fr\/publicite\/\" \/>\n<meta property=\"og:locale\" content=\"fr_FR\" \/>\n<meta property=\"og:type\" content=\"article\" \/>\n<meta property=\"og:title\" content=\"Publicit\u00e9 - Canadian Physiotherapy Association\" \/>\n<meta property=\"og:description\" content=\"Vous souhaitez faire la piblicit\u00e9 de produits, services ou cours relatifs \u00e0 la physioth\u00e9rapie? Puisqu&#8217;elle compte plus de 15 000 membres au Canada, l&#8217;Association canadienne de physioth\u00e9rapie est la voie privil\u00e9gi\u00e9e par les organisations qui souhaitent publiciser des produits, services, [&hellip;]\" \/>\n<meta property=\"og:url\" content=\"https:\/\/physiotherapy.ca\/fr\/publicite\/\" \/>\n<meta property=\"og:site_name\" content=\"Canadian Physiotherapy Association\" \/>\n<meta property=\"article:modified_time\" content=\"2026-01-23T14:18:47+00:00\" \/>\n<meta property=\"og:image\" content=\"https:\/\/physiotherapy.ca\/app\/uploads\/2026\/01\/CPA-Media-Kit-2026-FR_Page_01-1024x791.png\" \/>\n\t<meta property=\"og:image:width\" content=\"1024\" \/>\n\t<meta property=\"og:image:height\" content=\"791\" \/>\n\t<meta property=\"og:image:type\" content=\"image\/png\" \/>\n<meta name=\"twitter:card\" content=\"summary_large_image\" \/>\n<meta name=\"twitter:label1\" content=\"Est. reading time\" \/>\n\t<meta name=\"twitter:data1\" content=\"2 minutes\" \/>\n<script type=\"application\/ld+json\" class=\"yoast-schema-graph\">{\"@context\":\"https:\/\/schema.org\",\"@graph\":[{\"@type\":\"WebPage\",\"@id\":\"https:\/\/physiotherapy.ca\/fr\/publicite\/\",\"url\":\"https:\/\/physiotherapy.ca\/fr\/publicite\/\",\"name\":\"Publicit\u00e9 - Canadian Physiotherapy Association\",\"isPartOf\":{\"@id\":\"https:\/\/physiotherapy.ca\/#website\"},\"primaryImageOfPage\":{\"@id\":\"https:\/\/physiotherapy.ca\/fr\/publicite\/#primaryimage\"},\"image\":{\"@id\":\"https:\/\/physiotherapy.ca\/fr\/publicite\/#primaryimage\"},\"thumbnailUrl\":\"https:\/\/physiotherapy.ca\/app\/uploads\/2026\/01\/CPA-Media-Kit-2026-FR_Page_01.png\",\"datePublished\":\"2022-07-28T20:59:15+00:00\",\"dateModified\":\"2026-01-23T14:18:47+00:00\",\"breadcrumb\":{\"@id\":\"https:\/\/physiotherapy.ca\/fr\/publicite\/#breadcrumb\"},\"inLanguage\":\"fr-FR\",\"potentialAction\":[{\"@type\":\"ReadAction\",\"target\":[\"https:\/\/physiotherapy.ca\/fr\/publicite\/\"]}]},{\"@type\":\"ImageObject\",\"inLanguage\":\"fr-FR\",\"@id\":\"https:\/\/physiotherapy.ca\/fr\/publicite\/#primaryimage\",\"url\":\"https:\/\/physiotherapy.ca\/app\/uploads\/2026\/01\/CPA-Media-Kit-2026-FR_Page_01.png\",\"contentUrl\":\"https:\/\/physiotherapy.ca\/app\/uploads\/2026\/01\/CPA-Media-Kit-2026-FR_Page_01.png\"},{\"@type\":\"BreadcrumbList\",\"@id\":\"https:\/\/physiotherapy.ca\/fr\/publicite\/#breadcrumb\",\"itemListElement\":[{\"@type\":\"ListItem\",\"position\":1,\"name\":\"Home\",\"item\":\"https:\/\/physiotherapy.ca\/fr\/\"},{\"@type\":\"ListItem\",\"position\":2,\"name\":\"Publicit\u00e9\"}]},{\"@type\":\"WebSite\",\"@id\":\"https:\/\/physiotherapy.ca\/#website\",\"url\":\"https:\/\/physiotherapy.ca\/\",\"name\":\"Canadian Physiotherapy Association\",\"description\":\"The Canadian Physiotherapy Association (CPA) represents over 16,000 physiotherapy professionals and students across Canada.\",\"potentialAction\":[{\"@type\":\"SearchAction\",\"target\":{\"@type\":\"EntryPoint\",\"urlTemplate\":\"https:\/\/physiotherapy.ca\/?s={search_term_string}\"},\"query-input\":{\"@type\":\"PropertyValueSpecification\",\"valueRequired\":true,\"valueName\":\"search_term_string\"}}],\"inLanguage\":\"fr-FR\"}]}<\/script>\n<!-- \/ Yoast SEO plugin. -->","yoast_head_json":{"title":"Publicit\u00e9 - Canadian Physiotherapy Association","robots":{"index":"index","follow":"follow","max-snippet":"max-snippet:-1","max-image-preview":"max-image-preview:large","max-video-preview":"max-video-preview:-1"},"canonical":"https:\/\/physiotherapy.ca\/fr\/publicite\/","og_locale":"fr_FR","og_type":"article","og_title":"Publicit\u00e9 - Canadian Physiotherapy Association","og_description":"Vous souhaitez faire la piblicit\u00e9 de produits, services ou cours relatifs \u00e0 la physioth\u00e9rapie? Puisqu&#8217;elle compte plus de 15 000 membres au Canada, l&#8217;Association canadienne de physioth\u00e9rapie est la voie privil\u00e9gi\u00e9e par les organisations qui souhaitent publiciser des produits, services, [&hellip;]","og_url":"https:\/\/physiotherapy.ca\/fr\/publicite\/","og_site_name":"Canadian Physiotherapy Association","article_modified_time":"2026-01-23T14:18:47+00:00","og_image":[{"width":1024,"height":791,"url":"https:\/\/physiotherapy.ca\/app\/uploads\/2026\/01\/CPA-Media-Kit-2026-FR_Page_01-1024x791.png","type":"image\/png"}],"twitter_card":"summary_large_image","twitter_misc":{"Est. reading time":"2 minutes"},"schema":{"@context":"https:\/\/schema.org","@graph":[{"@type":"WebPage","@id":"https:\/\/physiotherapy.ca\/fr\/publicite\/","url":"https:\/\/physiotherapy.ca\/fr\/publicite\/","name":"Publicit\u00e9 - Canadian Physiotherapy Association","isPartOf":{"@id":"https:\/\/physiotherapy.ca\/#website"},"primaryImageOfPage":{"@id":"https:\/\/physiotherapy.ca\/fr\/publicite\/#primaryimage"},"image":{"@id":"https:\/\/physiotherapy.ca\/fr\/publicite\/#primaryimage"},"thumbnailUrl":"https:\/\/physiotherapy.ca\/app\/uploads\/2026\/01\/CPA-Media-Kit-2026-FR_Page_01.png","datePublished":"2022-07-28T20:59:15+00:00","dateModified":"2026-01-23T14:18:47+00:00","breadcrumb":{"@id":"https:\/\/physiotherapy.ca\/fr\/publicite\/#breadcrumb"},"inLanguage":"fr-FR","potentialAction":[{"@type":"ReadAction","target":["https:\/\/physiotherapy.ca\/fr\/publicite\/"]}]},{"@type":"ImageObject","inLanguage":"fr-FR","@id":"https:\/\/physiotherapy.ca\/fr\/publicite\/#primaryimage","url":"https:\/\/physiotherapy.ca\/app\/uploads\/2026\/01\/CPA-Media-Kit-2026-FR_Page_01.png","contentUrl":"https:\/\/physiotherapy.ca\/app\/uploads\/2026\/01\/CPA-Media-Kit-2026-FR_Page_01.png"},{"@type":"BreadcrumbList","@id":"https:\/\/physiotherapy.ca\/fr\/publicite\/#breadcrumb","itemListElement":[{"@type":"ListItem","position":1,"name":"Home","item":"https:\/\/physiotherapy.ca\/fr\/"},{"@type":"ListItem","position":2,"name":"Publicit\u00e9"}]},{"@type":"WebSite","@id":"https:\/\/physiotherapy.ca\/#website","url":"https:\/\/physiotherapy.ca\/","name":"Canadian Physiotherapy Association","description":"The Canadian Physiotherapy Association (CPA) represents over 16,000 physiotherapy professionals and students across Canada.","potentialAction":[{"@type":"SearchAction","target":{"@type":"EntryPoint","urlTemplate":"https:\/\/physiotherapy.ca\/?s={search_term_string}"},"query-input":{"@type":"PropertyValueSpecification","valueRequired":true,"valueName":"search_term_string"}}],"inLanguage":"fr-FR"}]}},"_links":{"self":[{"href":"https:\/\/physiotherapy.ca\/fr\/wp-json\/wp\/v2\/pages\/4280","targetHints":{"allow":["GET"]}}],"collection":[{"href":"https:\/\/physiotherapy.ca\/fr\/wp-json\/wp\/v2\/pages"}],"about":[{"href":"https:\/\/physiotherapy.ca\/fr\/wp-json\/wp\/v2\/types\/page"}],"author":[{"embeddable":true,"href":"https:\/\/physiotherapy.ca\/fr\/wp-json\/wp\/v2\/users\/1"}],"replies":[{"embeddable":true,"href":"https:\/\/physiotherapy.ca\/fr\/wp-json\/wp\/v2\/comments?post=4280"}],"version-history":[{"count":11,"href":"https:\/\/physiotherapy.ca\/fr\/wp-json\/wp\/v2\/pages\/4280\/revisions"}],"predecessor-version":[{"id":279180,"href":"https:\/\/physiotherapy.ca\/fr\/wp-json\/wp\/v2\/pages\/4280\/revisions\/279180"}],"wp:attachment":[{"href":"https:\/\/physiotherapy.ca\/fr\/wp-json\/wp\/v2\/media?parent=4280"}],"wp:term":[{"taxonomy":"topic","embeddable":true,"href":"https:\/\/physiotherapy.ca\/fr\/wp-json\/wp\/v2\/topic?post=4280"}],"curies":[{"name":"wp","href":"https:\/\/api.w.org\/{rel}","templated":true}]}}