{"id":4287,"date":"2022-07-29T11:02:44","date_gmt":"2022-07-29T15:02:44","guid":{"rendered":"https:\/\/physiotherapy.ca\/?page_id=4287"},"modified":"2023-05-18T16:54:36","modified_gmt":"2023-05-18T20:54:36","slug":"inscription","status":"publish","type":"page","link":"https:\/\/physiotherapy.ca\/fr\/education-et-evenements\/cours-et-evenements\/congres-2023\/inscription\/","title":{"rendered":"Inscription"},"content":{"rendered":"\n<figure class=\"wp-block-table is-style-regular\"><table><thead><tr><th><strong>Type d\u2019inscription<\/strong><\/th><th><strong>Tarif super pr\u00e9f\u00e9rentiel \u2013 en pr\u00e9sentiel**<\/strong><br><strong>Jusqu\u2019au 31&nbsp;d\u00e9cembre&nbsp;2022<\/strong><\/th><th><strong>Tarif pr\u00e9f\u00e9rentiel \u2013 en pr\u00e9sentiel**<\/strong><br><strong>Jusqu\u2019au 30&nbsp;avril&nbsp;2023<\/strong><\/th><th><strong>Tarif r\u00e9gulier \u2013 en pr\u00e9sentiel**<\/strong><br><strong>\u00c0 partir du 30&nbsp;avril&nbsp;2023<\/strong><\/th><\/tr><\/thead><tbody><tr><td>Membres de l\u2019ACP*<\/td><td>525&nbsp;$<\/td><td>575&nbsp;$<\/td><td>625&nbsp;$<\/td><\/tr><tr><td>\u00c9tudiants, AP et nouveaux dipl\u00f4m\u00e9s*<\/td><td>275&nbsp;$<\/td><td>325&nbsp;$<\/td><td>375&nbsp;$<\/td><\/tr><tr><td>Non-membres<\/td><td>825&nbsp;$<\/td><td>875&nbsp;$<\/td><td>925&nbsp;$<\/td><\/tr><tr><td>Programme complet de sant\u00e9 et de mieux-\u00eatre (comprend la course pour la recherche et le yoga matinal quotidien)<\/td><td>50&nbsp;$<\/td><td>50&nbsp;$<\/td><td>50&nbsp;$<\/td><\/tr><tr><td>Individuel&nbsp;: course pour la recherche<\/td><td>25&nbsp;$<\/td><td>25&nbsp;$<\/td><td>25&nbsp;$<\/td><\/tr><tr><td>Individuel&nbsp;: yoga matinal jour&nbsp;1<\/td><td>20&nbsp;$<\/td><td>20&nbsp;$<\/td><td>20&nbsp;$<\/td><\/tr><tr><td>Individuel&nbsp;: Yoga matinal jour&nbsp;2<\/td><td>20&nbsp;$<\/td><td>20&nbsp;$<\/td><td>20&nbsp;$<\/td><\/tr><tr><td>Individuel&nbsp;: Yoga matinal jour&nbsp;3<\/td><td>20&nbsp;$<\/td><td>20&nbsp;$<\/td><td>20&nbsp;$<\/td><\/tr><tr><td>Billet suppl\u00e9mentaire pour la f\u00eate-collecte de fonds<\/td><td>85&nbsp;$<\/td><td>85&nbsp;$<\/td><td>85&nbsp;$<\/td><\/tr><\/tbody><\/table><\/figure>\n\n\n\n<p class=\"has-small-font-size\"><em>*&nbsp;Pour avoir droit au tarif membre, il faut \u00eatre membre en r\u00e8gle de l\u2019ACP au moment de l\u2019\u00e9v\u00e9nement.<\/em><\/p>\n\n\n\n<p class=\"has-small-font-size\"><em>**&nbsp;La TPS et la TVQ (14,975&nbsp;%) seront ajout\u00e9es \u00e0 vos frais d\u2019inscription<\/em><\/p>\n\n\n\n<div class=\"wp-block-buttons is-layout-flex wp-block-buttons-is-layout-flex\">\n<div class=\"wp-block-button aligncenter\"><a class=\"wp-block-button__link\" href=\"https:\/\/physiocanada.eventsair.com\/congress2023\/congregfr\">Inscrivez-vous d\u00e8s maintenant<\/a><\/div>\n<\/div>\n\n\n\n<h3 class=\"wp-block-heading\">Laissez-passer d\u2019une journ\u00e9e<\/h3>\n\n\n\n<p>Vous pouvez vous inscrire pour une journ\u00e9e (soit le jeudi, le vendredi ou le samedi) pour 300&nbsp;$ CAD + taxes.<\/p>\n\n\n\n<ul class=\"wp-block-list\"><li>Vous aurez acc\u00e8s \u00e0 tout ce qui est \u00e9num\u00e9r\u00e9 ci-dessous seulement pour la journ\u00e9e pour laquelle vous vous \u00eates inscrit.<\/li><li>Le laissez-passer d\u2019une journ\u00e9e ne comprend pas la F\u00eate-collecte de fonds. Si vous voulez y assister, vous pouvez vous procurer un billet lors de l\u2019inscription pour 85&nbsp;$&nbsp;CAD + taxes.<\/li><\/ul>\n\n\n\n<h4 class=\"wp-block-heading\"><strong>Votre inscription vous donne acc\u00e8s \u00e0 ce qui suit&nbsp;:<\/strong><\/h4>\n\n\n\n<h5 class=\"wp-block-heading\">Participants en pr\u00e9sentiel<\/h5>\n\n\n\n<ul class=\"wp-block-list\"><li>Programme complet des s\u00e9ances, des ateliers, des pl\u00e9ni\u00e8res, des discours liminaires, des pr\u00e9sentations visuelles et de la conf\u00e9rence comm\u00e9morative Enid-Graham<\/li><li>Acc\u00e8s complet au salon professionnel, y compris la r\u00e9ception d\u2019accueil<\/li><li>D\u00e9jeuners, pauses-rafra\u00eechissements et d\u00eeners quotidiens<\/li><li>Toutes les occasions de r\u00e9seautage, y compris la r\u00e9ception d\u2019accueil et la f\u00eate-collecte de fonds<\/li><li>Sac des d\u00e9l\u00e9gu\u00e9s du congr\u00e8s<\/li><li>Application mobile de l\u2019\u00e9v\u00e9nement<\/li><li>Enregistrements des pl\u00e9ni\u00e8res pour une consultation sur demande jusqu\u2019\u00e0 trois mois apr\u00e8s la fin du congr\u00e8s<\/li><\/ul>\n\n\n\n<p>Pour plus de d\u00e9tails en ce qui concerne la sant\u00e9 et la s\u00e9curit\u00e9, veuillez <a href=\"https:\/\/physiotherapy.ca\/fr\/education-et-evenements\/cours-et-evenements\/congres-2023\/sante-et-securite\/\">cliquer ici.<\/a><\/p>\n\n\n\n<h5 class=\"wp-block-heading\"><strong>Participants de l\u2019\u00e9tranger<\/strong><\/h5>\n\n\n\n<p>Les coll\u00e8gues internationaux peuvent assister au congr\u00e8s&nbsp;2023. Les frais d\u2019inscription sont \u00e9tablis en fonction des niveaux de revenu du pays ou territoire d\u2019origine du participant. Ainsi, les participants provenant des pays d\u00e9sign\u00e9s par la Banque mondiale comme \u00e9tant \u00e0 faible revenu ou \u00e0 revenu interm\u00e9diaire de la tranche inf\u00e9rieure sont admissibles \u00e0 un rabais sur les frais d\u2019inscription au Congr\u00e8s&nbsp;2023.<\/p>\n\n\n\n<p>Pour savoir si vous \u00eates admissibles \u00e0 ce rabais, <a href=\"https:\/\/physiocanada.eventsair.com\/congress2023\/intlattendfr\">remplissez le formulaire ici<\/a>. Le personnel de l\u2019ACP vous enverra ensuite un courriel vous indiquant le rabais auquel vous avez droit et le code \u00e0 utiliser pour l\u2019appliquer lors de votre inscription au Congr\u00e8s.<\/p>\n\n\n\n<h5 class=\"wp-block-heading\"><strong>Niveaux de revenu du pays ou territoire<\/strong><\/h5>\n\n\n\n<p>Revenu \u00e9lev\u00e9 et revenu interm\u00e9diaire de la tranche sup\u00e9rieure&nbsp;: Selon la classification actuelle de la Banque mondiale, il s\u2019agit des pays dont le revenu national brut (RNB) par habitant est de 4&nbsp;046&nbsp;$ et plus.<\/p>\n\n\n\n<p>Revenu interm\u00e9diaire de la tranche inf\u00e9rieure&nbsp;: Il s\u2019agit des \u00e9conomies dont le RNB par habitant se situe entre 1&nbsp;036&nbsp;$ et 4&nbsp;045&nbsp;$.<\/p>\n\n\n\n<p>Faible revenu&nbsp;: Les \u00e9conomies \u00e0 faible revenu sont celles dont le RNB par habitant est de 1&nbsp;035&nbsp;$ ou moins.<\/p>\n\n\n\n<p>Les physioth\u00e9rapeutes, les assistants-physioth\u00e9rapeutes, les technologues en physioth\u00e9rapie, les physioth\u00e9rapeutes \u00e0 la retraite et les \u00e9tudiants de premier cycle des pays et territoires \u00e0 faible revenu ou \u00e0 revenu interm\u00e9diaire de la tranche inf\u00e9rieure sont admissibles \u00e0 un rabais sur l\u2019inscription.<\/p>\n\n\n\n<p>Merci \u00e0 la Division de sant\u00e9 mondiale de l\u2019ACP qui s\u2019occupe de la logistique pour nos coll\u00e8gues et pairs de l\u2019\u00e9tranger lors du Congr\u00e8s&nbsp;2023.<\/p>\n\n\n\n<div class=\"wp-block-buttons is-layout-flex wp-block-buttons-is-layout-flex\">\n<div class=\"wp-block-button aligncenter\"><a class=\"wp-block-button__link\" href=\"https:\/\/physiocanada.eventsair.com\/congress2023\/congregfr\">Inscrivez-vous d\u00e8s maintenant<\/a><\/div>\n<\/div>\n","protected":false},"excerpt":{"rendered":"<p>Type d\u2019inscription Tarif super pr\u00e9f\u00e9rentiel \u2013 en pr\u00e9sentiel**Jusqu\u2019au 31&nbsp;d\u00e9cembre&nbsp;2022 Tarif pr\u00e9f\u00e9rentiel \u2013 en pr\u00e9sentiel**Jusqu\u2019au 30&nbsp;avril&nbsp;2023 Tarif r\u00e9gulier \u2013 en pr\u00e9sentiel**\u00c0 partir du 30&nbsp;avril&nbsp;2023 Membres de l\u2019ACP* 525&nbsp;$ 575&nbsp;$ 625&nbsp;$ \u00c9tudiants, AP et nouveaux dipl\u00f4m\u00e9s* 275&nbsp;$ 325&nbsp;$ 375&nbsp;$ Non-membres 825&nbsp;$ 875&nbsp;$ [&hellip;]<\/p>\n","protected":false},"author":1,"featured_media":0,"parent":4148,"menu_order":1,"comment_status":"closed","ping_status":"closed","template":"","meta":{"inline_featured_image":false,"ep_exclude_from_search":false,"footnotes":""},"topic":[],"class_list":["post-4287","page","type-page","status-publish","hentry"],"acf":[],"yoast_head":"<!-- This site is optimized with the Yoast SEO plugin v24.7 - https:\/\/yoast.com\/wordpress\/plugins\/seo\/ -->\n<title>Inscription - Canadian Physiotherapy Association<\/title>\n<meta name=\"robots\" content=\"index, follow, max-snippet:-1, max-image-preview:large, max-video-preview:-1\" \/>\n<link rel=\"canonical\" href=\"https:\/\/physiotherapy.ca\/fr\/education-et-evenements\/cours-et-evenements\/congres-2023\/inscription\/\" \/>\n<meta property=\"og:locale\" content=\"fr_FR\" \/>\n<meta property=\"og:type\" content=\"article\" \/>\n<meta property=\"og:title\" content=\"Inscription - Canadian Physiotherapy Association\" \/>\n<meta property=\"og:description\" content=\"Type d\u2019inscription Tarif super pr\u00e9f\u00e9rentiel \u2013 en pr\u00e9sentiel**Jusqu\u2019au 31&nbsp;d\u00e9cembre&nbsp;2022 Tarif pr\u00e9f\u00e9rentiel \u2013 en pr\u00e9sentiel**Jusqu\u2019au 30&nbsp;avril&nbsp;2023 Tarif r\u00e9gulier \u2013 en pr\u00e9sentiel**\u00c0 partir du 30&nbsp;avril&nbsp;2023 Membres de l\u2019ACP* 525&nbsp;$ 575&nbsp;$ 625&nbsp;$ \u00c9tudiants, AP et nouveaux dipl\u00f4m\u00e9s* 275&nbsp;$ 325&nbsp;$ 375&nbsp;$ Non-membres 825&nbsp;$ 875&nbsp;$ [&hellip;]\" \/>\n<meta property=\"og:url\" content=\"https:\/\/physiotherapy.ca\/fr\/education-et-evenements\/cours-et-evenements\/congres-2023\/inscription\/\" \/>\n<meta property=\"og:site_name\" content=\"Canadian Physiotherapy Association\" \/>\n<meta property=\"article:modified_time\" content=\"2023-05-18T20:54:36+00:00\" \/>\n<meta name=\"twitter:card\" content=\"summary_large_image\" \/>\n<meta name=\"twitter:label1\" content=\"Est. reading time\" \/>\n\t<meta name=\"twitter:data1\" content=\"3 minutes\" \/>\n<script type=\"application\/ld+json\" class=\"yoast-schema-graph\">{\"@context\":\"https:\/\/schema.org\",\"@graph\":[{\"@type\":\"WebPage\",\"@id\":\"https:\/\/physiotherapy.ca\/fr\/education-et-evenements\/cours-et-evenements\/congres-2023\/inscription\/\",\"url\":\"https:\/\/physiotherapy.ca\/fr\/education-et-evenements\/cours-et-evenements\/congres-2023\/inscription\/\",\"name\":\"Inscription - Canadian Physiotherapy Association\",\"isPartOf\":{\"@id\":\"https:\/\/physiotherapy.ca\/#website\"},\"datePublished\":\"2022-07-29T15:02:44+00:00\",\"dateModified\":\"2023-05-18T20:54:36+00:00\",\"breadcrumb\":{\"@id\":\"https:\/\/physiotherapy.ca\/fr\/education-et-evenements\/cours-et-evenements\/congres-2023\/inscription\/#breadcrumb\"},\"inLanguage\":\"fr-FR\",\"potentialAction\":[{\"@type\":\"ReadAction\",\"target\":[\"https:\/\/physiotherapy.ca\/fr\/education-et-evenements\/cours-et-evenements\/congres-2023\/inscription\/\"]}]},{\"@type\":\"BreadcrumbList\",\"@id\":\"https:\/\/physiotherapy.ca\/fr\/education-et-evenements\/cours-et-evenements\/congres-2023\/inscription\/#breadcrumb\",\"itemListElement\":[{\"@type\":\"ListItem\",\"position\":1,\"name\":\"Home\",\"item\":\"https:\/\/physiotherapy.ca\/fr\/\"},{\"@type\":\"ListItem\",\"position\":2,\"name\":\"\u00c9ducation et \u00e9v\u00e9nements\",\"item\":\"https:\/\/physiotherapy.ca\/fr\/education-et-evenements\/\"},{\"@type\":\"ListItem\",\"position\":3,\"name\":\"Cours et \u00e9v\u00e9nements\",\"item\":\"https:\/\/physiotherapy.ca\/fr\/education-et-evenements\/cours-et-evenements\/\"},{\"@type\":\"ListItem\",\"position\":4,\"name\":\"Congr\u00e8s\u00a02023\",\"item\":\"https:\/\/physiotherapy.ca\/fr\/education-et-evenements\/cours-et-evenements\/congres-2023\/\"},{\"@type\":\"ListItem\",\"position\":5,\"name\":\"Inscription\"}]},{\"@type\":\"WebSite\",\"@id\":\"https:\/\/physiotherapy.ca\/#website\",\"url\":\"https:\/\/physiotherapy.ca\/\",\"name\":\"Canadian Physiotherapy Association\",\"description\":\"The Canadian Physiotherapy Association (CPA) represents over 16,000 physiotherapy professionals and students across Canada.\",\"potentialAction\":[{\"@type\":\"SearchAction\",\"target\":{\"@type\":\"EntryPoint\",\"urlTemplate\":\"https:\/\/physiotherapy.ca\/?s={search_term_string}\"},\"query-input\":{\"@type\":\"PropertyValueSpecification\",\"valueRequired\":true,\"valueName\":\"search_term_string\"}}],\"inLanguage\":\"fr-FR\"}]}<\/script>\n<!-- \/ Yoast SEO plugin. -->","yoast_head_json":{"title":"Inscription - Canadian Physiotherapy Association","robots":{"index":"index","follow":"follow","max-snippet":"max-snippet:-1","max-image-preview":"max-image-preview:large","max-video-preview":"max-video-preview:-1"},"canonical":"https:\/\/physiotherapy.ca\/fr\/education-et-evenements\/cours-et-evenements\/congres-2023\/inscription\/","og_locale":"fr_FR","og_type":"article","og_title":"Inscription - Canadian Physiotherapy Association","og_description":"Type d\u2019inscription Tarif super pr\u00e9f\u00e9rentiel \u2013 en pr\u00e9sentiel**Jusqu\u2019au 31&nbsp;d\u00e9cembre&nbsp;2022 Tarif pr\u00e9f\u00e9rentiel \u2013 en pr\u00e9sentiel**Jusqu\u2019au 30&nbsp;avril&nbsp;2023 Tarif r\u00e9gulier \u2013 en pr\u00e9sentiel**\u00c0 partir du 30&nbsp;avril&nbsp;2023 Membres de l\u2019ACP* 525&nbsp;$ 575&nbsp;$ 625&nbsp;$ \u00c9tudiants, AP et nouveaux dipl\u00f4m\u00e9s* 275&nbsp;$ 325&nbsp;$ 375&nbsp;$ Non-membres 825&nbsp;$ 875&nbsp;$ [&hellip;]","og_url":"https:\/\/physiotherapy.ca\/fr\/education-et-evenements\/cours-et-evenements\/congres-2023\/inscription\/","og_site_name":"Canadian Physiotherapy Association","article_modified_time":"2023-05-18T20:54:36+00:00","twitter_card":"summary_large_image","twitter_misc":{"Est. reading time":"3 minutes"},"schema":{"@context":"https:\/\/schema.org","@graph":[{"@type":"WebPage","@id":"https:\/\/physiotherapy.ca\/fr\/education-et-evenements\/cours-et-evenements\/congres-2023\/inscription\/","url":"https:\/\/physiotherapy.ca\/fr\/education-et-evenements\/cours-et-evenements\/congres-2023\/inscription\/","name":"Inscription - Canadian Physiotherapy Association","isPartOf":{"@id":"https:\/\/physiotherapy.ca\/#website"},"datePublished":"2022-07-29T15:02:44+00:00","dateModified":"2023-05-18T20:54:36+00:00","breadcrumb":{"@id":"https:\/\/physiotherapy.ca\/fr\/education-et-evenements\/cours-et-evenements\/congres-2023\/inscription\/#breadcrumb"},"inLanguage":"fr-FR","potentialAction":[{"@type":"ReadAction","target":["https:\/\/physiotherapy.ca\/fr\/education-et-evenements\/cours-et-evenements\/congres-2023\/inscription\/"]}]},{"@type":"BreadcrumbList","@id":"https:\/\/physiotherapy.ca\/fr\/education-et-evenements\/cours-et-evenements\/congres-2023\/inscription\/#breadcrumb","itemListElement":[{"@type":"ListItem","position":1,"name":"Home","item":"https:\/\/physiotherapy.ca\/fr\/"},{"@type":"ListItem","position":2,"name":"\u00c9ducation et \u00e9v\u00e9nements","item":"https:\/\/physiotherapy.ca\/fr\/education-et-evenements\/"},{"@type":"ListItem","position":3,"name":"Cours et \u00e9v\u00e9nements","item":"https:\/\/physiotherapy.ca\/fr\/education-et-evenements\/cours-et-evenements\/"},{"@type":"ListItem","position":4,"name":"Congr\u00e8s\u00a02023","item":"https:\/\/physiotherapy.ca\/fr\/education-et-evenements\/cours-et-evenements\/congres-2023\/"},{"@type":"ListItem","position":5,"name":"Inscription"}]},{"@type":"WebSite","@id":"https:\/\/physiotherapy.ca\/#website","url":"https:\/\/physiotherapy.ca\/","name":"Canadian Physiotherapy Association","description":"The Canadian Physiotherapy Association (CPA) represents over 16,000 physiotherapy professionals and students across Canada.","potentialAction":[{"@type":"SearchAction","target":{"@type":"EntryPoint","urlTemplate":"https:\/\/physiotherapy.ca\/?s={search_term_string}"},"query-input":{"@type":"PropertyValueSpecification","valueRequired":true,"valueName":"search_term_string"}}],"inLanguage":"fr-FR"}]}},"_links":{"self":[{"href":"https:\/\/physiotherapy.ca\/fr\/wp-json\/wp\/v2\/pages\/4287","targetHints":{"allow":["GET"]}}],"collection":[{"href":"https:\/\/physiotherapy.ca\/fr\/wp-json\/wp\/v2\/pages"}],"about":[{"href":"https:\/\/physiotherapy.ca\/fr\/wp-json\/wp\/v2\/types\/page"}],"author":[{"embeddable":true,"href":"https:\/\/physiotherapy.ca\/fr\/wp-json\/wp\/v2\/users\/1"}],"replies":[{"embeddable":true,"href":"https:\/\/physiotherapy.ca\/fr\/wp-json\/wp\/v2\/comments?post=4287"}],"version-history":[{"count":5,"href":"https:\/\/physiotherapy.ca\/fr\/wp-json\/wp\/v2\/pages\/4287\/revisions"}],"predecessor-version":[{"id":102392,"href":"https:\/\/physiotherapy.ca\/fr\/wp-json\/wp\/v2\/pages\/4287\/revisions\/102392"}],"up":[{"embeddable":true,"href":"https:\/\/physiotherapy.ca\/fr\/wp-json\/wp\/v2\/pages\/4148"}],"wp:attachment":[{"href":"https:\/\/physiotherapy.ca\/fr\/wp-json\/wp\/v2\/media?parent=4287"}],"wp:term":[{"taxonomy":"topic","embeddable":true,"href":"https:\/\/physiotherapy.ca\/fr\/wp-json\/wp\/v2\/topic?post=4287"}],"curies":[{"name":"wp","href":"https:\/\/api.w.org\/{rel}","templated":true}]}}