{"id":4438,"date":"2022-08-02T11:40:29","date_gmt":"2022-08-02T15:40:29","guid":{"rendered":"https:\/\/physiotherapy.ca\/?page_id=4438"},"modified":"2023-05-18T16:53:14","modified_gmt":"2023-05-18T20:53:14","slug":"hotel-et-deplacements","status":"publish","type":"page","link":"https:\/\/physiotherapy.ca\/fr\/education-et-evenements\/cours-et-evenements\/congres-2023\/hotel-et-deplacements\/","title":{"rendered":"H\u00f4tel et d\u00e9placements"},"content":{"rendered":"\n<h3 class=\"wp-block-heading\"><strong>R\u00e9servez votre h\u00f4tel<\/strong><\/h3>\n\n\n\n<p>Afin de soutenir notre association et d\u2019obtenir le meilleur tarif, l\u2019ACP encourage tous les participants \u00e0 utiliser le bloc de chambres officiel du congr\u00e8s&nbsp;2023&nbsp;: Hilton Qu\u00e9bec<\/p>\n\n\n\n<div class=\"wp-block-media-text is-stacked-on-mobile\"><figure class=\"wp-block-media-text__media\"><img loading=\"lazy\" decoding=\"async\" width=\"900\" height=\"600\" src=\"https:\/\/physiotherapy.ca\/app\/uploads\/2022\/07\/hilton-quebec.jpg\" alt=\"\" class=\"wp-image-3348 size-full\" srcset=\"https:\/\/physiotherapy.ca\/app\/uploads\/2022\/07\/hilton-quebec.jpg 900w, https:\/\/physiotherapy.ca\/app\/uploads\/2022\/07\/hilton-quebec-600x400.jpg 600w, https:\/\/physiotherapy.ca\/app\/uploads\/2022\/07\/hilton-quebec-300x200.jpg 300w, https:\/\/physiotherapy.ca\/app\/uploads\/2022\/07\/hilton-quebec-768x512.jpg 768w\" sizes=\"auto, (max-width: 900px) 100vw, 900px\" \/><\/figure><div class=\"wp-block-media-text__content\">\n\n<p><strong>Hilton Qu\u00e9bec<\/strong><\/p>\n\n\n<p>1100,&nbsp;boul.&nbsp;Ren\u00e9-Levesque&nbsp;Est<br>CP&nbsp;157, succ.&nbsp;Haute-Ville<br>Qu\u00e9bec&nbsp;(Qu\u00e9bec)&nbsp; G1R&nbsp;4P3<\/p>\n\n<\/div><\/div>\n\n\n\n<div style=\"height:33px\" aria-hidden=\"true\" class=\"wp-block-spacer\"><\/div>\n\n\n\n<p><strong>Distance jusqu\u2019au Centre des congr\u00e8s de Qu\u00e9bec (passage int\u00e9rieur direct)&nbsp;:<\/strong><\/p>\n\n\n\n<figure class=\"wp-block-image size-full\"><img loading=\"lazy\" decoding=\"async\" width=\"410\" height=\"206\" src=\"https:\/\/physiotherapy.ca\/app\/uploads\/2022\/07\/Hilton-Quebec-Map.png\" alt=\"\" class=\"wp-image-3356\" srcset=\"https:\/\/physiotherapy.ca\/app\/uploads\/2022\/07\/Hilton-Quebec-Map.png 410w, https:\/\/physiotherapy.ca\/app\/uploads\/2022\/07\/Hilton-Quebec-Map-300x151.png 300w, https:\/\/physiotherapy.ca\/app\/uploads\/2022\/07\/Hilton-Quebec-Map-390x196.png 390w\" sizes=\"auto, (max-width: 410px) 100vw, 410px\" \/><\/figure>\n\n\n\n<p><strong>Tarif (chambre pour une personne ou pour deux personnes)&nbsp;:<\/strong> &nbsp;&nbsp;<\/p>\n\n\n\n<p>329&nbsp;$ par nuit \u2013 Vue sur les Laurentides, le Parlement et le Vieux-Qu\u00e9bec<\/p>\n\n\n\n<p><strong><a href=\"https:\/\/book.passkey.com\/e\/50387911\">Cliquez ici<\/a> pour r\u00e9server votre chambre d\u2019h\u00f4tel.<\/strong> <\/p>\n\n\n\n<p class=\"has-small-font-size\">*&nbsp;Les chambres du bloc de chambres du congr\u00e8s de l\u2019ACP sont offertes selon le principe du premier arriv\u00e9, premier servi.<br>*&nbsp;Les tarifs indiqu\u00e9s sont les plus bas offerts dans le bloc de chambres du congr\u00e8s de l\u2019ACP.<br>*&nbsp;La date limite de r\u00e9servation pour une chambre dans le bloc de chambres du congr\u00e8s de l\u2019ACP est&nbsp;: <strong>le 21&nbsp;mai&nbsp;2023<\/strong><br>*&nbsp;Un acc\u00e8s Wi-Fi gratuit est offert dans les chambres du bloc de chambres du congr\u00e8s de l\u2019ACP.<\/p>\n\n\n\n<hr class=\"wp-block-separator has-css-opacity is-style-wide\"\/>\n\n\n\n<p class=\"has-text-align-center\"><strong>Appels ou courriels de tiers pour les r\u00e9servations d\u2019h\u00f4tel du congr\u00e8s de l\u2019ACP<\/strong><\/p>\n\n\n\n<p class=\"has-text-align-center\">Si vous recevez un appel t\u00e9l\u00e9phonique ou un courriel d\u2019une entreprise autre que l\u2019ACP vous invitant \u00e0 r\u00e9server une chambre d\u2019h\u00f4tel \u00e0 Qu\u00e9bec pour le congr\u00e8s de l\u2019ACP, sachez que ces tierces parties ne sont pas affili\u00e9es \u00e0 l\u2019ACP. Nous ne pouvons garantir que les tarifs qu\u2019elles offrent sont l\u00e9gitimes, et nous dissuadons les participants de l\u2019ACP de fournir \u00e0 ces entreprises des renseignements personnels, comme des renseignements de carte de cr\u00e9dit. Les renseignements valides relatifs \u00e0 l\u2019h\u00e9bergement pour le congr\u00e8s de l\u2019ACP ne seront envoy\u00e9s que par courriel de l\u2019ACP ou directement de l\u2019h\u00f4tel si vous avez d\u00e9j\u00e0 une r\u00e9servation.<\/p>\n\n\n\n<hr class=\"wp-block-separator has-css-opacity is-style-wide\"\/>\n\n\n\n<h4 class=\"wp-block-heading\"><strong>R\u00e9servez vos billets pour vos d\u00e9placements<\/strong><\/h4>\n\n\n\n<p>Il incombe aux participants d\u2019organiser leurs propres d\u00e9placements. L\u2019ACP a obtenu des tarifs r\u00e9duits pour les d\u00e9l\u00e9gu\u00e9s du congr\u00e8s qui se rendent \u00e0 Qu\u00e9bec et en reviennent en utilisant Air&nbsp;Canada, WestJet et VIA&nbsp;Rail.<\/p>\n\n\n\n<p><strong>Avion<\/strong><\/p>\n\n\n\n<p>L\u2019a\u00e9roport international Jean-Lesage de Qu\u00e9bec (YQB) est situ\u00e9 \u00e0 15,4&nbsp;km de l\u2019h\u00f4tel Hilton Qu\u00e9bec. Vous pouvez prendre un taxi ou utiliser un service de covoiturage (Eva, Uber).<\/p>\n\n\n\n<p><strong>Air&nbsp;Canada<\/strong> offre les r\u00e9ductions sp\u00e9ciales suivantes aux d\u00e9l\u00e9gu\u00e9s du congr\u00e8s&nbsp;2023 qui se rendent \u00e0 Qu\u00e9bec&nbsp;: 5&nbsp;% sur les tarifs standard, 10&nbsp;% sur les tarifs flexibles ou sup\u00e9rieurs. Pour les vols internationaux, 10&nbsp;% sur les tarifs standard ou sup\u00e9rieurs.<\/p>\n\n\n\n<p><strong>WestJet<\/strong> offre une r\u00e9duction de 5&nbsp;% sur les tarifs Econo et de 10&nbsp;% sur les tarifs EconoFlex et Premium pour les vols int\u00e9rieurs. Pour les vols internationaux, elle offre une r\u00e9duction de 2&nbsp;% sur les tarifs Econo, de 5&nbsp;% sur les tarifs EconoFlex et de 10&nbsp;% sur les tarifs de base Premium.<\/p>\n\n\n\n<figure class=\"wp-block-table is-style-regular\"><table><thead><tr><th><strong>Transporteur<\/strong><\/th><th><strong>Code promotionnel<\/strong><\/th><th><strong>R\u00e9server en ligne<\/strong><\/th><\/tr><\/thead><tbody><tr><td>Air&nbsp;Canada<\/td><td>EDJPCY41 (code promotionnel \u00e0 saisir dans le champ pr\u00e9vu \u00e0 cet effet)<\/td><td><a href=\"https:\/\/www.aircanada.com\">aircanada.com<\/a><\/td><\/tr><tr><td>WestJet<\/td><td>3K3H6EL<\/td><td><a href=\"http:\/\/www.westjet.com\/conventions\">www.westjet.com\/conventions<\/a><\/td><\/tr><\/tbody><\/table><\/figure>\n\n\n\n<p>Visitez le site Web de l\u2019<a href=\"http:\/\/aeroportdequebec.com\/fr\">a\u00e9roport international Jean-Lesage de Qu\u00e9bec<\/a> pour obtenir des renseignements sur le transport terrestre, les horaires de vol et plus encore.<\/p>\n\n\n\n<p><strong>Train<\/strong><\/p>\n\n\n\n<p>Si vous souhaitez voyager en train, le code de r\u00e9duction de VIA\u00a0Rail pour les membres de l\u2019ACP est le <strong>820056<\/strong>. La r\u00e9duction s\u2019applique \u00e0 toutes les destinations et \u00e0 toutes les cat\u00e9gories de tarifs, \u00e0 l\u2019exception des tarifs Escape et Prestige. Pour de plus amples renseignements sur la r\u00e9duction de VIA\u00a0Rail offerte aux membres de l\u2019ACP et pour r\u00e9server votre billet, veuillez cliquer <a href=\"https:\/\/www.viarail.ca\/en\" target=\"_blank\" rel=\"noreferrer noopener\">ici<\/a>.<\/p>\n\n\n\n<div class=\"wp-block-buttons is-layout-flex wp-block-buttons-is-layout-flex\">\n<div class=\"wp-block-button aligncenter\"><a class=\"wp-block-button__link\" href=\"https:\/\/physiocanada.eventsair.com\/congress2023\/congregfr\">Inscrivez-vous d\u00e8s maintenant<\/a><\/div>\n<\/div>\n","protected":false},"excerpt":{"rendered":"<p>R\u00e9servez votre h\u00f4tel Afin de soutenir notre association et d\u2019obtenir le meilleur tarif, l\u2019ACP encourage tous les participants \u00e0 utiliser le bloc de chambres officiel du congr\u00e8s&nbsp;2023&nbsp;: Hilton Qu\u00e9bec Hilton Qu\u00e9bec 1100,&nbsp;boul.&nbsp;Ren\u00e9-Levesque&nbsp;EstCP&nbsp;157, succ.&nbsp;Haute-VilleQu\u00e9bec&nbsp;(Qu\u00e9bec)&nbsp; G1R&nbsp;4P3 Distance jusqu\u2019au Centre des congr\u00e8s de [&hellip;]<\/p>\n","protected":false},"author":1,"featured_media":0,"parent":4148,"menu_order":8,"comment_status":"closed","ping_status":"closed","template":"","meta":{"inline_featured_image":false,"ep_exclude_from_search":false,"footnotes":""},"topic":[],"class_list":["post-4438","page","type-page","status-publish","hentry"],"acf":[],"yoast_head":"<!-- This site is optimized with the Yoast SEO plugin v24.7 - https:\/\/yoast.com\/wordpress\/plugins\/seo\/ -->\n<title>H\u00f4tel et d\u00e9placements - Canadian Physiotherapy Association<\/title>\n<meta name=\"robots\" content=\"index, follow, max-snippet:-1, max-image-preview:large, max-video-preview:-1\" \/>\n<link rel=\"canonical\" href=\"https:\/\/physiotherapy.ca\/fr\/education-et-evenements\/cours-et-evenements\/congres-2023\/hotel-et-deplacements\/\" \/>\n<meta property=\"og:locale\" content=\"fr_FR\" \/>\n<meta property=\"og:type\" content=\"article\" \/>\n<meta property=\"og:title\" content=\"H\u00f4tel et d\u00e9placements - Canadian Physiotherapy Association\" \/>\n<meta property=\"og:description\" content=\"R\u00e9servez votre h\u00f4tel Afin de soutenir notre association et d\u2019obtenir le meilleur tarif, l\u2019ACP encourage tous les participants \u00e0 utiliser le bloc de chambres officiel du congr\u00e8s&nbsp;2023&nbsp;: Hilton Qu\u00e9bec Hilton Qu\u00e9bec 1100,&nbsp;boul.&nbsp;Ren\u00e9-Levesque&nbsp;EstCP&nbsp;157, succ.&nbsp;Haute-VilleQu\u00e9bec&nbsp;(Qu\u00e9bec)&nbsp; G1R&nbsp;4P3 Distance jusqu\u2019au Centre des congr\u00e8s de [&hellip;]\" \/>\n<meta property=\"og:url\" content=\"https:\/\/physiotherapy.ca\/fr\/education-et-evenements\/cours-et-evenements\/congres-2023\/hotel-et-deplacements\/\" \/>\n<meta property=\"og:site_name\" content=\"Canadian Physiotherapy Association\" \/>\n<meta property=\"article:modified_time\" content=\"2023-05-18T20:53:14+00:00\" \/>\n<meta property=\"og:image\" content=\"https:\/\/physiotherapy.ca\/app\/uploads\/2022\/07\/hilton-quebec.jpg\" \/>\n<meta name=\"twitter:card\" content=\"summary_large_image\" \/>\n<meta name=\"twitter:label1\" content=\"Est. reading time\" \/>\n\t<meta name=\"twitter:data1\" content=\"3 minutes\" \/>\n<script type=\"application\/ld+json\" class=\"yoast-schema-graph\">{\"@context\":\"https:\/\/schema.org\",\"@graph\":[{\"@type\":\"WebPage\",\"@id\":\"https:\/\/physiotherapy.ca\/fr\/education-et-evenements\/cours-et-evenements\/congres-2023\/hotel-et-deplacements\/\",\"url\":\"https:\/\/physiotherapy.ca\/fr\/education-et-evenements\/cours-et-evenements\/congres-2023\/hotel-et-deplacements\/\",\"name\":\"H\u00f4tel et d\u00e9placements - Canadian Physiotherapy Association\",\"isPartOf\":{\"@id\":\"https:\/\/physiotherapy.ca\/#website\"},\"primaryImageOfPage\":{\"@id\":\"https:\/\/physiotherapy.ca\/fr\/education-et-evenements\/cours-et-evenements\/congres-2023\/hotel-et-deplacements\/#primaryimage\"},\"image\":{\"@id\":\"https:\/\/physiotherapy.ca\/fr\/education-et-evenements\/cours-et-evenements\/congres-2023\/hotel-et-deplacements\/#primaryimage\"},\"thumbnailUrl\":\"https:\/\/physiotherapy.ca\/app\/uploads\/2022\/07\/hilton-quebec.jpg\",\"datePublished\":\"2022-08-02T15:40:29+00:00\",\"dateModified\":\"2023-05-18T20:53:14+00:00\",\"breadcrumb\":{\"@id\":\"https:\/\/physiotherapy.ca\/fr\/education-et-evenements\/cours-et-evenements\/congres-2023\/hotel-et-deplacements\/#breadcrumb\"},\"inLanguage\":\"fr-FR\",\"potentialAction\":[{\"@type\":\"ReadAction\",\"target\":[\"https:\/\/physiotherapy.ca\/fr\/education-et-evenements\/cours-et-evenements\/congres-2023\/hotel-et-deplacements\/\"]}]},{\"@type\":\"ImageObject\",\"inLanguage\":\"fr-FR\",\"@id\":\"https:\/\/physiotherapy.ca\/fr\/education-et-evenements\/cours-et-evenements\/congres-2023\/hotel-et-deplacements\/#primaryimage\",\"url\":\"https:\/\/physiotherapy.ca\/app\/uploads\/2022\/07\/hilton-quebec.jpg\",\"contentUrl\":\"https:\/\/physiotherapy.ca\/app\/uploads\/2022\/07\/hilton-quebec.jpg\"},{\"@type\":\"BreadcrumbList\",\"@id\":\"https:\/\/physiotherapy.ca\/fr\/education-et-evenements\/cours-et-evenements\/congres-2023\/hotel-et-deplacements\/#breadcrumb\",\"itemListElement\":[{\"@type\":\"ListItem\",\"position\":1,\"name\":\"Home\",\"item\":\"https:\/\/physiotherapy.ca\/fr\/\"},{\"@type\":\"ListItem\",\"position\":2,\"name\":\"\u00c9ducation et \u00e9v\u00e9nements\",\"item\":\"https:\/\/physiotherapy.ca\/fr\/education-et-evenements\/\"},{\"@type\":\"ListItem\",\"position\":3,\"name\":\"Cours et \u00e9v\u00e9nements\",\"item\":\"https:\/\/physiotherapy.ca\/fr\/education-et-evenements\/cours-et-evenements\/\"},{\"@type\":\"ListItem\",\"position\":4,\"name\":\"Congr\u00e8s\u00a02023\",\"item\":\"https:\/\/physiotherapy.ca\/fr\/education-et-evenements\/cours-et-evenements\/congres-2023\/\"},{\"@type\":\"ListItem\",\"position\":5,\"name\":\"H\u00f4tel et d\u00e9placements\"}]},{\"@type\":\"WebSite\",\"@id\":\"https:\/\/physiotherapy.ca\/#website\",\"url\":\"https:\/\/physiotherapy.ca\/\",\"name\":\"Canadian Physiotherapy Association\",\"description\":\"The Canadian Physiotherapy Association (CPA) represents over 16,000 physiotherapy professionals and students across Canada.\",\"potentialAction\":[{\"@type\":\"SearchAction\",\"target\":{\"@type\":\"EntryPoint\",\"urlTemplate\":\"https:\/\/physiotherapy.ca\/?s={search_term_string}\"},\"query-input\":{\"@type\":\"PropertyValueSpecification\",\"valueRequired\":true,\"valueName\":\"search_term_string\"}}],\"inLanguage\":\"fr-FR\"}]}<\/script>\n<!-- \/ Yoast SEO plugin. -->","yoast_head_json":{"title":"H\u00f4tel et d\u00e9placements - Canadian Physiotherapy Association","robots":{"index":"index","follow":"follow","max-snippet":"max-snippet:-1","max-image-preview":"max-image-preview:large","max-video-preview":"max-video-preview:-1"},"canonical":"https:\/\/physiotherapy.ca\/fr\/education-et-evenements\/cours-et-evenements\/congres-2023\/hotel-et-deplacements\/","og_locale":"fr_FR","og_type":"article","og_title":"H\u00f4tel et d\u00e9placements - Canadian Physiotherapy Association","og_description":"R\u00e9servez votre h\u00f4tel Afin de soutenir notre association et d\u2019obtenir le meilleur tarif, l\u2019ACP encourage tous les participants \u00e0 utiliser le bloc de chambres officiel du congr\u00e8s&nbsp;2023&nbsp;: Hilton Qu\u00e9bec Hilton Qu\u00e9bec 1100,&nbsp;boul.&nbsp;Ren\u00e9-Levesque&nbsp;EstCP&nbsp;157, succ.&nbsp;Haute-VilleQu\u00e9bec&nbsp;(Qu\u00e9bec)&nbsp; G1R&nbsp;4P3 Distance jusqu\u2019au Centre des congr\u00e8s de [&hellip;]","og_url":"https:\/\/physiotherapy.ca\/fr\/education-et-evenements\/cours-et-evenements\/congres-2023\/hotel-et-deplacements\/","og_site_name":"Canadian Physiotherapy Association","article_modified_time":"2023-05-18T20:53:14+00:00","og_image":[{"url":"https:\/\/physiotherapy.ca\/app\/uploads\/2022\/07\/hilton-quebec.jpg","type":"","width":"","height":""}],"twitter_card":"summary_large_image","twitter_misc":{"Est. reading time":"3 minutes"},"schema":{"@context":"https:\/\/schema.org","@graph":[{"@type":"WebPage","@id":"https:\/\/physiotherapy.ca\/fr\/education-et-evenements\/cours-et-evenements\/congres-2023\/hotel-et-deplacements\/","url":"https:\/\/physiotherapy.ca\/fr\/education-et-evenements\/cours-et-evenements\/congres-2023\/hotel-et-deplacements\/","name":"H\u00f4tel et d\u00e9placements - Canadian Physiotherapy Association","isPartOf":{"@id":"https:\/\/physiotherapy.ca\/#website"},"primaryImageOfPage":{"@id":"https:\/\/physiotherapy.ca\/fr\/education-et-evenements\/cours-et-evenements\/congres-2023\/hotel-et-deplacements\/#primaryimage"},"image":{"@id":"https:\/\/physiotherapy.ca\/fr\/education-et-evenements\/cours-et-evenements\/congres-2023\/hotel-et-deplacements\/#primaryimage"},"thumbnailUrl":"https:\/\/physiotherapy.ca\/app\/uploads\/2022\/07\/hilton-quebec.jpg","datePublished":"2022-08-02T15:40:29+00:00","dateModified":"2023-05-18T20:53:14+00:00","breadcrumb":{"@id":"https:\/\/physiotherapy.ca\/fr\/education-et-evenements\/cours-et-evenements\/congres-2023\/hotel-et-deplacements\/#breadcrumb"},"inLanguage":"fr-FR","potentialAction":[{"@type":"ReadAction","target":["https:\/\/physiotherapy.ca\/fr\/education-et-evenements\/cours-et-evenements\/congres-2023\/hotel-et-deplacements\/"]}]},{"@type":"ImageObject","inLanguage":"fr-FR","@id":"https:\/\/physiotherapy.ca\/fr\/education-et-evenements\/cours-et-evenements\/congres-2023\/hotel-et-deplacements\/#primaryimage","url":"https:\/\/physiotherapy.ca\/app\/uploads\/2022\/07\/hilton-quebec.jpg","contentUrl":"https:\/\/physiotherapy.ca\/app\/uploads\/2022\/07\/hilton-quebec.jpg"},{"@type":"BreadcrumbList","@id":"https:\/\/physiotherapy.ca\/fr\/education-et-evenements\/cours-et-evenements\/congres-2023\/hotel-et-deplacements\/#breadcrumb","itemListElement":[{"@type":"ListItem","position":1,"name":"Home","item":"https:\/\/physiotherapy.ca\/fr\/"},{"@type":"ListItem","position":2,"name":"\u00c9ducation et \u00e9v\u00e9nements","item":"https:\/\/physiotherapy.ca\/fr\/education-et-evenements\/"},{"@type":"ListItem","position":3,"name":"Cours et \u00e9v\u00e9nements","item":"https:\/\/physiotherapy.ca\/fr\/education-et-evenements\/cours-et-evenements\/"},{"@type":"ListItem","position":4,"name":"Congr\u00e8s\u00a02023","item":"https:\/\/physiotherapy.ca\/fr\/education-et-evenements\/cours-et-evenements\/congres-2023\/"},{"@type":"ListItem","position":5,"name":"H\u00f4tel et d\u00e9placements"}]},{"@type":"WebSite","@id":"https:\/\/physiotherapy.ca\/#website","url":"https:\/\/physiotherapy.ca\/","name":"Canadian Physiotherapy Association","description":"The Canadian Physiotherapy Association (CPA) represents over 16,000 physiotherapy professionals and students across Canada.","potentialAction":[{"@type":"SearchAction","target":{"@type":"EntryPoint","urlTemplate":"https:\/\/physiotherapy.ca\/?s={search_term_string}"},"query-input":{"@type":"PropertyValueSpecification","valueRequired":true,"valueName":"search_term_string"}}],"inLanguage":"fr-FR"}]}},"_links":{"self":[{"href":"https:\/\/physiotherapy.ca\/fr\/wp-json\/wp\/v2\/pages\/4438","targetHints":{"allow":["GET"]}}],"collection":[{"href":"https:\/\/physiotherapy.ca\/fr\/wp-json\/wp\/v2\/pages"}],"about":[{"href":"https:\/\/physiotherapy.ca\/fr\/wp-json\/wp\/v2\/types\/page"}],"author":[{"embeddable":true,"href":"https:\/\/physiotherapy.ca\/fr\/wp-json\/wp\/v2\/users\/1"}],"replies":[{"embeddable":true,"href":"https:\/\/physiotherapy.ca\/fr\/wp-json\/wp\/v2\/comments?post=4438"}],"version-history":[{"count":21,"href":"https:\/\/physiotherapy.ca\/fr\/wp-json\/wp\/v2\/pages\/4438\/revisions"}],"predecessor-version":[{"id":102391,"href":"https:\/\/physiotherapy.ca\/fr\/wp-json\/wp\/v2\/pages\/4438\/revisions\/102391"}],"up":[{"embeddable":true,"href":"https:\/\/physiotherapy.ca\/fr\/wp-json\/wp\/v2\/pages\/4148"}],"wp:attachment":[{"href":"https:\/\/physiotherapy.ca\/fr\/wp-json\/wp\/v2\/media?parent=4438"}],"wp:term":[{"taxonomy":"topic","embeddable":true,"href":"https:\/\/physiotherapy.ca\/fr\/wp-json\/wp\/v2\/topic?post=4438"}],"curies":[{"name":"wp","href":"https:\/\/api.w.org\/{rel}","templated":true}]}}