{"id":4451,"date":"2022-08-02T11:47:12","date_gmt":"2022-08-02T15:47:12","guid":{"rendered":"https:\/\/physiotherapy.ca\/?page_id=4451"},"modified":"2023-03-24T16:05:04","modified_gmt":"2023-03-24T20:05:04","slug":"politiques-relatives-au-congres","status":"publish","type":"page","link":"https:\/\/physiotherapy.ca\/fr\/education-et-evenements\/cours-et-evenements\/congres-2023\/politiques-relatives-au-congres\/","title":{"rendered":"Politiques relatives au congr\u00e8s"},"content":{"rendered":"\n<p><strong>Paiements&nbsp;<\/strong>: Les frais d\u2019inscription doivent \u00eatre pay\u00e9s en entier par carte de cr\u00e9dit (VISA ou MasterCard) au moment de l\u2019inscription.<\/p>\n\n\n\n<p><strong>Taxes<\/strong>&nbsp;: Conform\u00e9ment \u00e0 la r\u00e8gle d\u2019imposition concernant le lieu des prestations, la TPS et la TVH s\u2019appliquent aux frais d\u2019inscription en fonction de l\u2019endroit o\u00f9 se tient le congr\u00e8s. En 2023, le congr\u00e8s se tiendra dans la province de Qu\u00e9bec et comportera un volet virtuel. Par cons\u00e9quent, deux r\u00e8gles fiscales s\u2019appliquent. Pour les participants en pr\u00e9sentiel, la TVQ de 9,975&nbsp;% et la TPS de 5&nbsp;% s\u2019appliqueront aux frais d\u2019inscription.&nbsp;<\/p>\n\n\n\n<p><strong>Politique d\u2019annulation et de remboursement<\/strong>\u00a0: Vous pourriez avoir droit \u00e0 un remboursement partiel si vous devez annuler votre inscription. Les d\u00e9tails se trouvent dans le calendrier ci-dessous. Une fois la date limite pass\u00e9e, aucun remboursement ne sera accord\u00e9 en cas d\u2019annulation. Une autre personne pourra cependant participer au congr\u00e8s \u00e0 votre place. Veuillez envoyer un courriel \u00e0 <a href=\"mailto:cpa@seatoskymeetings.com\">cpa@seatoskymeetings.com<\/a><\/p>\n\n\n\n<figure class=\"wp-block-table is-style-regular\"><table><thead><tr><th>R\u00e9ception de l\u2019avis d\u2019annulation<\/th><th>Remboursement<\/th><\/tr><\/thead><tbody><tr><td>Jusqu\u2019au 31&nbsp;mars&nbsp;2023 (23&nbsp;h&nbsp;59&nbsp;HE)<\/td><td>75&nbsp;%<\/td><\/tr><tr><td>Jusqu\u2019au 22&nbsp;mai&nbsp;2023 (23&nbsp;h&nbsp;59&nbsp;HE)<\/td><td>50&nbsp;%<\/td><\/tr><tr><td>\u00c0 partir du 24&nbsp;mai&nbsp;2023<\/td><td>Aucun remboursement<\/td><\/tr><\/tbody><\/table><\/figure>\n\n\n\n<p>Les remboursements vous seront cr\u00e9dit\u00e9s sur la carte de cr\u00e9dit utilis\u00e9e pour le paiement original.<\/p>\n\n\n\n<p>Nous n\u2019accordons pas de remboursement ou de cr\u00e9dit pour des \u00e9v\u00e9nements du congr\u00e8s auxquels vous n\u2019avez pas assist\u00e9.&nbsp;<\/p>\n\n\n\n<p>V<a href=\"https:\/\/physiotherapy.ca\/fr\/education-et-evenements\/cours-et-evenements\/congres-2023\/conditions-%ef%bf%bc\/\">euillez lire nos modalit\u00e9s.<\/a><\/p>\n\n\n\n<p>Veuillez envoyer toute question \u00e0 <a href=\"mailto:cpa@seatoskymeetings.com\">cpa@seatoskymeetings.com<\/a><\/p>\n\n\n\n<div class=\"wp-block-buttons is-layout-flex wp-block-buttons-is-layout-flex\">\n<div class=\"wp-block-button aligncenter\"><a class=\"wp-block-button__link\" href=\"https:\/\/physiocanada.eventsair.com\/congress2023\/congregfr\">Inscrivez-vous d\u00e8s maintenant<\/a><\/div>\n<\/div>\n","protected":false},"excerpt":{"rendered":"<p>Paiements&nbsp;: Les frais d\u2019inscription doivent \u00eatre pay\u00e9s en entier par carte de cr\u00e9dit (VISA ou MasterCard) au moment de l\u2019inscription. Taxes&nbsp;: Conform\u00e9ment \u00e0 la r\u00e8gle d\u2019imposition concernant le lieu des prestations, la TPS et la TVH s\u2019appliquent aux frais d\u2019inscription [&hellip;]<\/p>\n","protected":false},"author":1,"featured_media":0,"parent":4148,"menu_order":9,"comment_status":"closed","ping_status":"closed","template":"","meta":{"inline_featured_image":false,"ep_exclude_from_search":false,"footnotes":""},"topic":[],"class_list":["post-4451","page","type-page","status-publish","hentry"],"acf":[],"yoast_head":"<!-- This site is optimized with the Yoast SEO plugin v24.7 - https:\/\/yoast.com\/wordpress\/plugins\/seo\/ -->\n<title>Politiques relatives au congr\u00e8s - Canadian Physiotherapy Association<\/title>\n<meta name=\"robots\" content=\"index, follow, max-snippet:-1, max-image-preview:large, max-video-preview:-1\" \/>\n<link rel=\"canonical\" href=\"https:\/\/physiotherapy.ca\/fr\/education-et-evenements\/cours-et-evenements\/congres-2023\/politiques-relatives-au-congres\/\" \/>\n<meta property=\"og:locale\" content=\"fr_FR\" \/>\n<meta property=\"og:type\" content=\"article\" \/>\n<meta property=\"og:title\" content=\"Politiques relatives au congr\u00e8s - Canadian Physiotherapy Association\" \/>\n<meta property=\"og:description\" content=\"Paiements&nbsp;: Les frais d\u2019inscription doivent \u00eatre pay\u00e9s en entier par carte de cr\u00e9dit (VISA ou MasterCard) au moment de l\u2019inscription. Taxes&nbsp;: Conform\u00e9ment \u00e0 la r\u00e8gle d\u2019imposition concernant le lieu des prestations, la TPS et la TVH s\u2019appliquent aux frais d\u2019inscription [&hellip;]\" \/>\n<meta property=\"og:url\" content=\"https:\/\/physiotherapy.ca\/fr\/education-et-evenements\/cours-et-evenements\/congres-2023\/politiques-relatives-au-congres\/\" \/>\n<meta property=\"og:site_name\" content=\"Canadian Physiotherapy Association\" \/>\n<meta property=\"article:modified_time\" content=\"2023-03-24T20:05:04+00:00\" \/>\n<meta name=\"twitter:card\" content=\"summary_large_image\" \/>\n<meta name=\"twitter:label1\" content=\"Est. reading time\" \/>\n\t<meta name=\"twitter:data1\" content=\"2 minutes\" \/>\n<script type=\"application\/ld+json\" class=\"yoast-schema-graph\">{\"@context\":\"https:\/\/schema.org\",\"@graph\":[{\"@type\":\"WebPage\",\"@id\":\"https:\/\/physiotherapy.ca\/fr\/education-et-evenements\/cours-et-evenements\/congres-2023\/politiques-relatives-au-congres\/\",\"url\":\"https:\/\/physiotherapy.ca\/fr\/education-et-evenements\/cours-et-evenements\/congres-2023\/politiques-relatives-au-congres\/\",\"name\":\"Politiques relatives au congr\u00e8s - Canadian Physiotherapy Association\",\"isPartOf\":{\"@id\":\"https:\/\/physiotherapy.ca\/#website\"},\"datePublished\":\"2022-08-02T15:47:12+00:00\",\"dateModified\":\"2023-03-24T20:05:04+00:00\",\"breadcrumb\":{\"@id\":\"https:\/\/physiotherapy.ca\/fr\/education-et-evenements\/cours-et-evenements\/congres-2023\/politiques-relatives-au-congres\/#breadcrumb\"},\"inLanguage\":\"fr-FR\",\"potentialAction\":[{\"@type\":\"ReadAction\",\"target\":[\"https:\/\/physiotherapy.ca\/fr\/education-et-evenements\/cours-et-evenements\/congres-2023\/politiques-relatives-au-congres\/\"]}]},{\"@type\":\"BreadcrumbList\",\"@id\":\"https:\/\/physiotherapy.ca\/fr\/education-et-evenements\/cours-et-evenements\/congres-2023\/politiques-relatives-au-congres\/#breadcrumb\",\"itemListElement\":[{\"@type\":\"ListItem\",\"position\":1,\"name\":\"Home\",\"item\":\"https:\/\/physiotherapy.ca\/fr\/\"},{\"@type\":\"ListItem\",\"position\":2,\"name\":\"\u00c9ducation et \u00e9v\u00e9nements\",\"item\":\"https:\/\/physiotherapy.ca\/fr\/education-et-evenements\/\"},{\"@type\":\"ListItem\",\"position\":3,\"name\":\"Cours et \u00e9v\u00e9nements\",\"item\":\"https:\/\/physiotherapy.ca\/fr\/education-et-evenements\/cours-et-evenements\/\"},{\"@type\":\"ListItem\",\"position\":4,\"name\":\"Congr\u00e8s\u00a02023\",\"item\":\"https:\/\/physiotherapy.ca\/fr\/education-et-evenements\/cours-et-evenements\/congres-2023\/\"},{\"@type\":\"ListItem\",\"position\":5,\"name\":\"Politiques relatives au congr\u00e8s\"}]},{\"@type\":\"WebSite\",\"@id\":\"https:\/\/physiotherapy.ca\/#website\",\"url\":\"https:\/\/physiotherapy.ca\/\",\"name\":\"Canadian Physiotherapy Association\",\"description\":\"The Canadian Physiotherapy Association (CPA) represents over 16,000 physiotherapy professionals and students across Canada.\",\"potentialAction\":[{\"@type\":\"SearchAction\",\"target\":{\"@type\":\"EntryPoint\",\"urlTemplate\":\"https:\/\/physiotherapy.ca\/?s={search_term_string}\"},\"query-input\":{\"@type\":\"PropertyValueSpecification\",\"valueRequired\":true,\"valueName\":\"search_term_string\"}}],\"inLanguage\":\"fr-FR\"}]}<\/script>\n<!-- \/ Yoast SEO plugin. -->","yoast_head_json":{"title":"Politiques relatives au congr\u00e8s - Canadian Physiotherapy Association","robots":{"index":"index","follow":"follow","max-snippet":"max-snippet:-1","max-image-preview":"max-image-preview:large","max-video-preview":"max-video-preview:-1"},"canonical":"https:\/\/physiotherapy.ca\/fr\/education-et-evenements\/cours-et-evenements\/congres-2023\/politiques-relatives-au-congres\/","og_locale":"fr_FR","og_type":"article","og_title":"Politiques relatives au congr\u00e8s - Canadian Physiotherapy Association","og_description":"Paiements&nbsp;: Les frais d\u2019inscription doivent \u00eatre pay\u00e9s en entier par carte de cr\u00e9dit (VISA ou MasterCard) au moment de l\u2019inscription. Taxes&nbsp;: Conform\u00e9ment \u00e0 la r\u00e8gle d\u2019imposition concernant le lieu des prestations, la TPS et la TVH s\u2019appliquent aux frais d\u2019inscription [&hellip;]","og_url":"https:\/\/physiotherapy.ca\/fr\/education-et-evenements\/cours-et-evenements\/congres-2023\/politiques-relatives-au-congres\/","og_site_name":"Canadian Physiotherapy Association","article_modified_time":"2023-03-24T20:05:04+00:00","twitter_card":"summary_large_image","twitter_misc":{"Est. reading time":"2 minutes"},"schema":{"@context":"https:\/\/schema.org","@graph":[{"@type":"WebPage","@id":"https:\/\/physiotherapy.ca\/fr\/education-et-evenements\/cours-et-evenements\/congres-2023\/politiques-relatives-au-congres\/","url":"https:\/\/physiotherapy.ca\/fr\/education-et-evenements\/cours-et-evenements\/congres-2023\/politiques-relatives-au-congres\/","name":"Politiques relatives au congr\u00e8s - Canadian Physiotherapy Association","isPartOf":{"@id":"https:\/\/physiotherapy.ca\/#website"},"datePublished":"2022-08-02T15:47:12+00:00","dateModified":"2023-03-24T20:05:04+00:00","breadcrumb":{"@id":"https:\/\/physiotherapy.ca\/fr\/education-et-evenements\/cours-et-evenements\/congres-2023\/politiques-relatives-au-congres\/#breadcrumb"},"inLanguage":"fr-FR","potentialAction":[{"@type":"ReadAction","target":["https:\/\/physiotherapy.ca\/fr\/education-et-evenements\/cours-et-evenements\/congres-2023\/politiques-relatives-au-congres\/"]}]},{"@type":"BreadcrumbList","@id":"https:\/\/physiotherapy.ca\/fr\/education-et-evenements\/cours-et-evenements\/congres-2023\/politiques-relatives-au-congres\/#breadcrumb","itemListElement":[{"@type":"ListItem","position":1,"name":"Home","item":"https:\/\/physiotherapy.ca\/fr\/"},{"@type":"ListItem","position":2,"name":"\u00c9ducation et \u00e9v\u00e9nements","item":"https:\/\/physiotherapy.ca\/fr\/education-et-evenements\/"},{"@type":"ListItem","position":3,"name":"Cours et \u00e9v\u00e9nements","item":"https:\/\/physiotherapy.ca\/fr\/education-et-evenements\/cours-et-evenements\/"},{"@type":"ListItem","position":4,"name":"Congr\u00e8s\u00a02023","item":"https:\/\/physiotherapy.ca\/fr\/education-et-evenements\/cours-et-evenements\/congres-2023\/"},{"@type":"ListItem","position":5,"name":"Politiques relatives au congr\u00e8s"}]},{"@type":"WebSite","@id":"https:\/\/physiotherapy.ca\/#website","url":"https:\/\/physiotherapy.ca\/","name":"Canadian Physiotherapy Association","description":"The Canadian Physiotherapy Association (CPA) represents over 16,000 physiotherapy professionals and students across Canada.","potentialAction":[{"@type":"SearchAction","target":{"@type":"EntryPoint","urlTemplate":"https:\/\/physiotherapy.ca\/?s={search_term_string}"},"query-input":{"@type":"PropertyValueSpecification","valueRequired":true,"valueName":"search_term_string"}}],"inLanguage":"fr-FR"}]}},"_links":{"self":[{"href":"https:\/\/physiotherapy.ca\/fr\/wp-json\/wp\/v2\/pages\/4451","targetHints":{"allow":["GET"]}}],"collection":[{"href":"https:\/\/physiotherapy.ca\/fr\/wp-json\/wp\/v2\/pages"}],"about":[{"href":"https:\/\/physiotherapy.ca\/fr\/wp-json\/wp\/v2\/types\/page"}],"author":[{"embeddable":true,"href":"https:\/\/physiotherapy.ca\/fr\/wp-json\/wp\/v2\/users\/1"}],"replies":[{"embeddable":true,"href":"https:\/\/physiotherapy.ca\/fr\/wp-json\/wp\/v2\/comments?post=4451"}],"version-history":[{"count":4,"href":"https:\/\/physiotherapy.ca\/fr\/wp-json\/wp\/v2\/pages\/4451\/revisions"}],"predecessor-version":[{"id":96269,"href":"https:\/\/physiotherapy.ca\/fr\/wp-json\/wp\/v2\/pages\/4451\/revisions\/96269"}],"up":[{"embeddable":true,"href":"https:\/\/physiotherapy.ca\/fr\/wp-json\/wp\/v2\/pages\/4148"}],"wp:attachment":[{"href":"https:\/\/physiotherapy.ca\/fr\/wp-json\/wp\/v2\/media?parent=4451"}],"wp:term":[{"taxonomy":"topic","embeddable":true,"href":"https:\/\/physiotherapy.ca\/fr\/wp-json\/wp\/v2\/topic?post=4451"}],"curies":[{"name":"wp","href":"https:\/\/api.w.org\/{rel}","templated":true}]}}