{"id":4534,"date":"2022-08-02T14:30:48","date_gmt":"2022-08-02T18:30:48","guid":{"rendered":"https:\/\/physiotherapy.ca\/?page_id=4534"},"modified":"2022-08-02T16:19:33","modified_gmt":"2022-08-02T20:19:33","slug":"conditions","status":"publish","type":"page","link":"https:\/\/physiotherapy.ca\/fr\/education-et-evenements\/cours-et-evenements\/congres-2023\/conditions\/","title":{"rendered":"Conditions"},"content":{"rendered":"\n<h3 class=\"wp-block-heading\"><strong>Code de conduite du congr\u00e8s<\/strong><\/h3>\n\n\n\n<p><strong>Norme de conduite<\/strong><br>Tous les participants au congr\u00e8s de l\u2019ACP ont droit \u00e0 un environnement s\u00e9curitaire et accueillant, exempt de harc\u00e8lement ou de discrimination, lors des \u00e9v\u00e9nements du congr\u00e8s, y compris les activit\u00e9s sociales, les ateliers, les pl\u00e9ni\u00e8res, les r\u00e9unions connexes et les rassemblements sociaux. Les participants doivent, en tout temps, se conduire avec le plus grand respect et la plus grande dignit\u00e9 lorsqu\u2019ils participent aux \u00e9v\u00e9nements de l\u2019ACP. &nbsp;&nbsp;<\/p>\n\n\n\n<p>\u00c0 titre de rappel \u00e0 tous les participants au congr\u00e8s annuel, l\u2019ACP s\u2019engage \u00e0 offrir un environnement de travail sain et s\u00e9curitaire, o\u00f9 chacun est trait\u00e9 avec respect et dignit\u00e9, et exempt de toute forme de harc\u00e8lement, de discrimination, de violence, d\u2019intimidation ou de racisme. &nbsp; Si un participant est victime ou t\u00e9moin d\u2019un comportement physique ou verbal inappropri\u00e9 ou mena\u00e7ant, il doit en aviser le personnel de l\u2019ACP au bureau d\u2019inscription ou envoyer un courriel \u00e0 vconstantineau@physiotherapy.ca.<\/p>\n\n\n\n<p><strong>Activit\u00e9s de marketing et d\u2019accueil non autoris\u00e9es<\/strong><br>\u00c0 l\u2019exception des commanditaires et des exposants autoris\u00e9s, les d\u00e9l\u00e9gu\u00e9s et les autres participants ne sont pas autoris\u00e9s \u00e0 utiliser le congr\u00e8s comme tribune \u00e0 des fins de sollicitation et de marketing.&nbsp; &nbsp; Les personnes qui souhaitent b\u00e9n\u00e9ficier de ces privil\u00e8ges doivent s\u2019inscrire \u00e0 titre de commanditaire ou d\u2019exposant du congr\u00e8s de l\u2019ACP.&nbsp;<\/p>\n\n\n\n<p>Les d\u00e9l\u00e9gu\u00e9s doivent refuser les invitations provenant d\u2019organisations qui ne sont ni exposants ni commanditaires et signaler \u00e0 l\u2019ACP toute violation de l\u2019interdiction susmentionn\u00e9e. &nbsp;<\/p>\n\n\n\n<p><strong>Conformit\u00e9 aux lois, aux politiques et aux proc\u00e9dures ainsi qu\u2019aux protocoles de sant\u00e9 et de s\u00e9curit\u00e9<\/strong><\/p>\n\n\n\n<p>Tous les participants doivent respecter a)&nbsp;les lois et les r\u00e8glements applicables, et b)&nbsp;les proc\u00e9dures, y compris celles qui ont trait \u00e0 la sant\u00e9 et \u00e0 la s\u00e9curit\u00e9, qu\u2019elles soient \u00e9mises par l\u2019ACP, le lieu o\u00f9 se tient le congr\u00e8s ou les organisateurs.<\/p>\n\n\n\n<p><strong>Consentement \u00e0 l\u2019utilisation de renseignements personnels et d\u2019images<\/strong><\/p>\n\n\n\n<p><strong>Renseignements personnels des d\u00e9l\u00e9gu\u00e9s<\/strong><br>Les d\u00e9l\u00e9gu\u00e9s en pr\u00e9sentiel qui consentent \u00e0 ce que leur badge de conf\u00e9rence soit balay\u00e9 au kiosque d\u2019un exposant sont r\u00e9put\u00e9s consentir \u00e0 ce que leurs coordonn\u00e9es (nom, titre, organisation, adresse et courriel) soient communiqu\u00e9es \u00e0 cet exposant aux fins de marketing. Toute personne qui ne souhaite pas communiquer ses renseignements personnels aux exposants ne doit pas pr\u00e9senter son badge.<\/p>\n\n\n\n<p>Les d\u00e9l\u00e9gu\u00e9s qui participent au congr\u00e8s et aux \u00e9v\u00e9nements au moyen d\u2019une plateforme virtuelle sont r\u00e9put\u00e9s consentir \u00e0 ce que les coordonn\u00e9es de leur profil virtuel soient communiqu\u00e9es afin de permettre leur pr\u00e9sence virtuelle et d\u2019enregistrer leur pr\u00e9sence.<\/p>\n\n\n\n<p><strong>Photos et vid\u00e9os<\/strong><br>L\u2019ACP peut prendre des photos et des vid\u00e9os des participants aux \u00e9v\u00e9nements du congr\u00e8s. Les participants sont r\u00e9put\u00e9s consentir \u00e0 l\u2019utilisation de ces photos ou vid\u00e9os dans tout m\u00e9dia, y compris les m\u00e9dias sociaux, \u00e0 des fins de marketing et de promotion d\u2019\u00e9v\u00e9nements futurs de l\u2019ACP. Les photos et les vid\u00e9os ne seront pas distribu\u00e9es \u00e0 des tiers.<\/p>\n\n\n\n<p><strong>Droit de l\u2019ACP de modifier ou d\u2019annuler des \u00e9v\u00e9nements du congr\u00e8s<\/strong><\/p>\n\n\n\n<p>L\u2019ACP se r\u00e9serve le droit d\u2019apporter des modifications au programme du congr\u00e8s en tout temps, sans pr\u00e9avis aux participants. L\u2019ACP se r\u00e9serve \u00e9galement le droit d\u2019annuler ou de modifier des \u00e9v\u00e9nements du congr\u00e8s en raison d\u2019un nombre insuffisant d\u2019inscriptions ou pour toute autre raison. L\u2019ACP n\u2019est pas responsable des frais d\u2019annulation impos\u00e9s \u00e0 un participant qui peuvent \u00eatre appliqu\u00e9s par les h\u00f4tels, les compagnies a\u00e9riennes ou les agences de voyage, ni de toute autre perte subie par les participants en raison d\u2019une annulation ou d\u2019une modification d\u2019un \u00e9v\u00e9nement du congr\u00e8s.<\/p>\n\n\n\n<p><strong>Limitation de responsabilit\u00e9<\/strong><\/p>\n\n\n\n<p>L\u2019ACP n\u2019est pas responsable envers les participants des pertes \u00e9conomiques directes ou indirectes, des profits perdus, des occasions manqu\u00e9es ou des co\u00fbts sp\u00e9ciaux, cons\u00e9cutifs, accessoires, exemplaires ou indirects, quelle qu\u2019en soit la cause, m\u00eame si l\u2019ACP a \u00e9t\u00e9 avis\u00e9e de la possibilit\u00e9 de tels co\u00fbts ou dommages. &nbsp;<\/p>\n\n\n\n<p>On encourage les participants \u00e0 maintenir une distance physique avec les autres et \u00e0 porter un couvre-visage lors des \u00e9v\u00e9nements du congr\u00e8s. L\u2019ACP d\u00e9cline toute responsabilit\u00e9 \u00e0 l\u2019\u00e9gard des r\u00e9clamations ou des pertes li\u00e9es \u00e0 la COVID-19 d\u00e9coulant de la participation \u00e0 un \u00e9v\u00e9nement du congr\u00e8s ou autre.<\/p>\n\n\n\n<div class=\"wp-block-buttons is-layout-flex wp-block-buttons-is-layout-flex\">\n<div class=\"wp-block-button aligncenter\"><a class=\"wp-block-button__link\" href=\"https:\/\/physiocanada.eventsair.com\/congress2023\/congregfr\">Inscrivez-vous d\u00e8s maintenant<\/a><\/div>\n<\/div>\n","protected":false},"excerpt":{"rendered":"<p>Code de conduite du congr\u00e8s Norme de conduiteTous les participants au congr\u00e8s de l\u2019ACP ont droit \u00e0 un environnement s\u00e9curitaire et accueillant, exempt de harc\u00e8lement ou de discrimination, lors des \u00e9v\u00e9nements du congr\u00e8s, y compris les activit\u00e9s sociales, les ateliers, [&hellip;]<\/p>\n","protected":false},"author":1,"featured_media":0,"parent":4148,"menu_order":10,"comment_status":"closed","ping_status":"closed","template":"","meta":{"inline_featured_image":false,"ep_exclude_from_search":false,"footnotes":""},"topic":[],"class_list":["post-4534","page","type-page","status-publish","hentry"],"acf":[],"yoast_head":"<!-- This site is optimized with the Yoast SEO plugin v24.7 - https:\/\/yoast.com\/wordpress\/plugins\/seo\/ -->\n<title>Conditions - Canadian Physiotherapy Association<\/title>\n<meta name=\"robots\" content=\"index, follow, max-snippet:-1, max-image-preview:large, max-video-preview:-1\" \/>\n<link rel=\"canonical\" href=\"https:\/\/physiotherapy.ca\/fr\/education-et-evenements\/cours-et-evenements\/congres-2023\/conditions\/\" \/>\n<meta property=\"og:locale\" content=\"fr_FR\" \/>\n<meta property=\"og:type\" content=\"article\" \/>\n<meta property=\"og:title\" content=\"Conditions - Canadian Physiotherapy Association\" \/>\n<meta property=\"og:description\" content=\"Code de conduite du congr\u00e8s Norme de conduiteTous les participants au congr\u00e8s de l\u2019ACP ont droit \u00e0 un environnement s\u00e9curitaire et accueillant, exempt de harc\u00e8lement ou de discrimination, lors des \u00e9v\u00e9nements du congr\u00e8s, y compris les activit\u00e9s sociales, les ateliers, [&hellip;]\" \/>\n<meta property=\"og:url\" content=\"https:\/\/physiotherapy.ca\/fr\/education-et-evenements\/cours-et-evenements\/congres-2023\/conditions\/\" \/>\n<meta property=\"og:site_name\" content=\"Canadian Physiotherapy Association\" \/>\n<meta property=\"article:modified_time\" content=\"2022-08-02T20:19:33+00:00\" \/>\n<meta name=\"twitter:card\" content=\"summary_large_image\" \/>\n<meta name=\"twitter:label1\" content=\"Est. reading time\" \/>\n\t<meta name=\"twitter:data1\" content=\"3 minutes\" \/>\n<script type=\"application\/ld+json\" class=\"yoast-schema-graph\">{\"@context\":\"https:\/\/schema.org\",\"@graph\":[{\"@type\":\"WebPage\",\"@id\":\"https:\/\/physiotherapy.ca\/fr\/education-et-evenements\/cours-et-evenements\/congres-2023\/conditions\/\",\"url\":\"https:\/\/physiotherapy.ca\/fr\/education-et-evenements\/cours-et-evenements\/congres-2023\/conditions\/\",\"name\":\"Conditions - Canadian Physiotherapy Association\",\"isPartOf\":{\"@id\":\"https:\/\/physiotherapy.ca\/#website\"},\"datePublished\":\"2022-08-02T18:30:48+00:00\",\"dateModified\":\"2022-08-02T20:19:33+00:00\",\"breadcrumb\":{\"@id\":\"https:\/\/physiotherapy.ca\/fr\/education-et-evenements\/cours-et-evenements\/congres-2023\/conditions\/#breadcrumb\"},\"inLanguage\":\"fr-FR\",\"potentialAction\":[{\"@type\":\"ReadAction\",\"target\":[\"https:\/\/physiotherapy.ca\/fr\/education-et-evenements\/cours-et-evenements\/congres-2023\/conditions\/\"]}]},{\"@type\":\"BreadcrumbList\",\"@id\":\"https:\/\/physiotherapy.ca\/fr\/education-et-evenements\/cours-et-evenements\/congres-2023\/conditions\/#breadcrumb\",\"itemListElement\":[{\"@type\":\"ListItem\",\"position\":1,\"name\":\"Home\",\"item\":\"https:\/\/physiotherapy.ca\/fr\/\"},{\"@type\":\"ListItem\",\"position\":2,\"name\":\"\u00c9ducation et \u00e9v\u00e9nements\",\"item\":\"https:\/\/physiotherapy.ca\/fr\/education-et-evenements\/\"},{\"@type\":\"ListItem\",\"position\":3,\"name\":\"Cours et \u00e9v\u00e9nements\",\"item\":\"https:\/\/physiotherapy.ca\/fr\/education-et-evenements\/cours-et-evenements\/\"},{\"@type\":\"ListItem\",\"position\":4,\"name\":\"Congr\u00e8s\u00a02023\",\"item\":\"https:\/\/physiotherapy.ca\/fr\/education-et-evenements\/cours-et-evenements\/congres-2023\/\"},{\"@type\":\"ListItem\",\"position\":5,\"name\":\"Conditions\"}]},{\"@type\":\"WebSite\",\"@id\":\"https:\/\/physiotherapy.ca\/#website\",\"url\":\"https:\/\/physiotherapy.ca\/\",\"name\":\"Canadian Physiotherapy Association\",\"description\":\"The Canadian Physiotherapy Association (CPA) represents over 16,000 physiotherapy professionals and students across Canada.\",\"potentialAction\":[{\"@type\":\"SearchAction\",\"target\":{\"@type\":\"EntryPoint\",\"urlTemplate\":\"https:\/\/physiotherapy.ca\/?s={search_term_string}\"},\"query-input\":{\"@type\":\"PropertyValueSpecification\",\"valueRequired\":true,\"valueName\":\"search_term_string\"}}],\"inLanguage\":\"fr-FR\"}]}<\/script>\n<!-- \/ Yoast SEO plugin. -->","yoast_head_json":{"title":"Conditions - Canadian Physiotherapy Association","robots":{"index":"index","follow":"follow","max-snippet":"max-snippet:-1","max-image-preview":"max-image-preview:large","max-video-preview":"max-video-preview:-1"},"canonical":"https:\/\/physiotherapy.ca\/fr\/education-et-evenements\/cours-et-evenements\/congres-2023\/conditions\/","og_locale":"fr_FR","og_type":"article","og_title":"Conditions - Canadian Physiotherapy Association","og_description":"Code de conduite du congr\u00e8s Norme de conduiteTous les participants au congr\u00e8s de l\u2019ACP ont droit \u00e0 un environnement s\u00e9curitaire et accueillant, exempt de harc\u00e8lement ou de discrimination, lors des \u00e9v\u00e9nements du congr\u00e8s, y compris les activit\u00e9s sociales, les ateliers, [&hellip;]","og_url":"https:\/\/physiotherapy.ca\/fr\/education-et-evenements\/cours-et-evenements\/congres-2023\/conditions\/","og_site_name":"Canadian Physiotherapy Association","article_modified_time":"2022-08-02T20:19:33+00:00","twitter_card":"summary_large_image","twitter_misc":{"Est. reading time":"3 minutes"},"schema":{"@context":"https:\/\/schema.org","@graph":[{"@type":"WebPage","@id":"https:\/\/physiotherapy.ca\/fr\/education-et-evenements\/cours-et-evenements\/congres-2023\/conditions\/","url":"https:\/\/physiotherapy.ca\/fr\/education-et-evenements\/cours-et-evenements\/congres-2023\/conditions\/","name":"Conditions - Canadian Physiotherapy Association","isPartOf":{"@id":"https:\/\/physiotherapy.ca\/#website"},"datePublished":"2022-08-02T18:30:48+00:00","dateModified":"2022-08-02T20:19:33+00:00","breadcrumb":{"@id":"https:\/\/physiotherapy.ca\/fr\/education-et-evenements\/cours-et-evenements\/congres-2023\/conditions\/#breadcrumb"},"inLanguage":"fr-FR","potentialAction":[{"@type":"ReadAction","target":["https:\/\/physiotherapy.ca\/fr\/education-et-evenements\/cours-et-evenements\/congres-2023\/conditions\/"]}]},{"@type":"BreadcrumbList","@id":"https:\/\/physiotherapy.ca\/fr\/education-et-evenements\/cours-et-evenements\/congres-2023\/conditions\/#breadcrumb","itemListElement":[{"@type":"ListItem","position":1,"name":"Home","item":"https:\/\/physiotherapy.ca\/fr\/"},{"@type":"ListItem","position":2,"name":"\u00c9ducation et \u00e9v\u00e9nements","item":"https:\/\/physiotherapy.ca\/fr\/education-et-evenements\/"},{"@type":"ListItem","position":3,"name":"Cours et \u00e9v\u00e9nements","item":"https:\/\/physiotherapy.ca\/fr\/education-et-evenements\/cours-et-evenements\/"},{"@type":"ListItem","position":4,"name":"Congr\u00e8s\u00a02023","item":"https:\/\/physiotherapy.ca\/fr\/education-et-evenements\/cours-et-evenements\/congres-2023\/"},{"@type":"ListItem","position":5,"name":"Conditions"}]},{"@type":"WebSite","@id":"https:\/\/physiotherapy.ca\/#website","url":"https:\/\/physiotherapy.ca\/","name":"Canadian Physiotherapy Association","description":"The Canadian Physiotherapy Association (CPA) represents over 16,000 physiotherapy professionals and students across Canada.","potentialAction":[{"@type":"SearchAction","target":{"@type":"EntryPoint","urlTemplate":"https:\/\/physiotherapy.ca\/?s={search_term_string}"},"query-input":{"@type":"PropertyValueSpecification","valueRequired":true,"valueName":"search_term_string"}}],"inLanguage":"fr-FR"}]}},"_links":{"self":[{"href":"https:\/\/physiotherapy.ca\/fr\/wp-json\/wp\/v2\/pages\/4534","targetHints":{"allow":["GET"]}}],"collection":[{"href":"https:\/\/physiotherapy.ca\/fr\/wp-json\/wp\/v2\/pages"}],"about":[{"href":"https:\/\/physiotherapy.ca\/fr\/wp-json\/wp\/v2\/types\/page"}],"author":[{"embeddable":true,"href":"https:\/\/physiotherapy.ca\/fr\/wp-json\/wp\/v2\/users\/1"}],"replies":[{"embeddable":true,"href":"https:\/\/physiotherapy.ca\/fr\/wp-json\/wp\/v2\/comments?post=4534"}],"version-history":[{"count":2,"href":"https:\/\/physiotherapy.ca\/fr\/wp-json\/wp\/v2\/pages\/4534\/revisions"}],"predecessor-version":[{"id":4667,"href":"https:\/\/physiotherapy.ca\/fr\/wp-json\/wp\/v2\/pages\/4534\/revisions\/4667"}],"up":[{"embeddable":true,"href":"https:\/\/physiotherapy.ca\/fr\/wp-json\/wp\/v2\/pages\/4148"}],"wp:attachment":[{"href":"https:\/\/physiotherapy.ca\/fr\/wp-json\/wp\/v2\/media?parent=4534"}],"wp:term":[{"taxonomy":"topic","embeddable":true,"href":"https:\/\/physiotherapy.ca\/fr\/wp-json\/wp\/v2\/topic?post=4534"}],"curies":[{"name":"wp","href":"https:\/\/api.w.org\/{rel}","templated":true}]}}