{"id":4571,"date":"2022-08-02T14:39:50","date_gmt":"2022-08-02T18:39:50","guid":{"rendered":"https:\/\/physiotherapy.ca\/?page_id=4571"},"modified":"2022-08-02T14:39:52","modified_gmt":"2022-08-02T18:39:52","slug":"sante-et-securite","status":"publish","type":"page","link":"https:\/\/physiotherapy.ca\/fr\/education-et-evenements\/cours-et-evenements\/congres-2023\/sante-et-securite\/","title":{"rendered":"Sant\u00e9 et s\u00e9curit\u00e9"},"content":{"rendered":"\n<p>Nous suivons de pr\u00e8s et respectons les restrictions, les obligations et les recommandations de Sant\u00e9 publique Canada et de la province de Qu\u00e9bec, y compris le port du couvre-visage, la distanciation physique et la conformit\u00e9 en mati\u00e8re de vaccination au moment de l\u2019inscription et de l\u2019enregistrement.<\/p>\n\n\n\n<p>Conform\u00e9ment \u00e0 la politique de l\u2019ACP sur la COVID-19, une preuve valide de vaccination contre la COVID-19 doit \u00eatre pr\u00e9sent\u00e9e pour pouvoir participer aux \u00e9v\u00e9nements, aux expositions et aux activit\u00e9s sociales du congr\u00e8s&nbsp;2023. Aucun remboursement ne sera accord\u00e9 aux personnes qui ne sont pas en mesure de pr\u00e9senter une preuve de vaccination valide.<\/p>\n\n\n\n<p>Plusieurs mesures sanitaires sont en place au Centre des congr\u00e8s de Qu\u00e9bec\u00a0:<\/p>\n\n\n\n<ul class=\"wp-block-list\"><li>Postes de d\u00e9sinfection sur les lieux de l\u2019\u00e9v\u00e9nement;<\/li><li>Approvisionnement constant en air frais;<\/li><li>Augmentation de la fr\u00e9quence de nettoyage et de d\u00e9sinfection des objets et des surfaces fr\u00e9quemment utilis\u00e9s;<\/li><li>Ouvre-portes automatiques sans contact pour les toilettes;<\/li><li>Aliments pr\u00eats \u00e0 servir et \u00e9limination des postes libre-service afin de limiter la manipulation et de r\u00e9duire les files d\u2019attente;<\/li><li>Consignes de s\u00e9curit\u00e9 affich\u00e9es au sol et sur les murs;<\/li><li>Promotion des fontaines automatiques ainsi que des stations de gel d\u00e9sinfectant et des lavabos sans contact.<\/li><\/ul>\n\n\n\n<p>Politique vaccinale de l\u2019ACP&nbsp;: Ajouter le lien ici (voir la politique en format&nbsp;PDF en pi\u00e8ce jointe)<\/p>\n\n\n\n<p>Mise \u00e0 jour sur la COVID-19 de la ville de Qu\u00e9bec&nbsp;: <a href=\"https:\/\/www.quebec-cite.com\/fr\/a-propos\/coronavirus\">https:\/\/www.quebec-cite.com\/fr\/a-propos\/coronavirus<\/a><\/p>\n\n\n\n<p>Mise \u00e0 jour sur la COVID-19 de la province de Qu\u00e9bec&nbsp;: <a href=\"https:\/\/www.quebec.ca\/sante\/problemes-de-sante\/a-z\/coronavirus-2019\">https:\/\/www.quebec.ca\/sante\/problemes-de-sante\/a-z\/coronavirus-2019<\/a><\/p>\n","protected":false},"excerpt":{"rendered":"<p>Nous suivons de pr\u00e8s et respectons les restrictions, les obligations et les recommandations de Sant\u00e9 publique Canada et de la province de Qu\u00e9bec, y compris le port du couvre-visage, la distanciation physique et la conformit\u00e9 en mati\u00e8re de vaccination au [&hellip;]<\/p>\n","protected":false},"author":1,"featured_media":0,"parent":4148,"menu_order":2,"comment_status":"closed","ping_status":"closed","template":"","meta":{"inline_featured_image":false,"ep_exclude_from_search":false,"footnotes":""},"topic":[],"class_list":["post-4571","page","type-page","status-publish","hentry"],"acf":[],"yoast_head":"<!-- This site is optimized with the Yoast SEO plugin v24.7 - https:\/\/yoast.com\/wordpress\/plugins\/seo\/ -->\n<title>Sant\u00e9 et s\u00e9curit\u00e9 - Canadian Physiotherapy Association<\/title>\n<meta name=\"robots\" content=\"index, follow, max-snippet:-1, max-image-preview:large, max-video-preview:-1\" \/>\n<link rel=\"canonical\" href=\"https:\/\/physiotherapy.ca\/fr\/education-et-evenements\/cours-et-evenements\/congres-2023\/sante-et-securite\/\" \/>\n<meta property=\"og:locale\" content=\"fr_FR\" \/>\n<meta property=\"og:type\" content=\"article\" \/>\n<meta property=\"og:title\" content=\"Sant\u00e9 et s\u00e9curit\u00e9 - Canadian Physiotherapy Association\" \/>\n<meta property=\"og:description\" content=\"Nous suivons de pr\u00e8s et respectons les restrictions, les obligations et les recommandations de Sant\u00e9 publique Canada et de la province de Qu\u00e9bec, y compris le port du couvre-visage, la distanciation physique et la conformit\u00e9 en mati\u00e8re de vaccination au [&hellip;]\" \/>\n<meta property=\"og:url\" content=\"https:\/\/physiotherapy.ca\/fr\/education-et-evenements\/cours-et-evenements\/congres-2023\/sante-et-securite\/\" \/>\n<meta property=\"og:site_name\" content=\"Canadian Physiotherapy Association\" \/>\n<meta property=\"article:modified_time\" content=\"2022-08-02T18:39:52+00:00\" \/>\n<meta name=\"twitter:card\" content=\"summary_large_image\" \/>\n<meta name=\"twitter:label1\" content=\"Est. reading time\" \/>\n\t<meta name=\"twitter:data1\" content=\"2 minutes\" \/>\n<script type=\"application\/ld+json\" class=\"yoast-schema-graph\">{\"@context\":\"https:\/\/schema.org\",\"@graph\":[{\"@type\":\"WebPage\",\"@id\":\"https:\/\/physiotherapy.ca\/fr\/education-et-evenements\/cours-et-evenements\/congres-2023\/sante-et-securite\/\",\"url\":\"https:\/\/physiotherapy.ca\/fr\/education-et-evenements\/cours-et-evenements\/congres-2023\/sante-et-securite\/\",\"name\":\"Sant\u00e9 et s\u00e9curit\u00e9 - Canadian Physiotherapy Association\",\"isPartOf\":{\"@id\":\"https:\/\/physiotherapy.ca\/#website\"},\"datePublished\":\"2022-08-02T18:39:50+00:00\",\"dateModified\":\"2022-08-02T18:39:52+00:00\",\"breadcrumb\":{\"@id\":\"https:\/\/physiotherapy.ca\/fr\/education-et-evenements\/cours-et-evenements\/congres-2023\/sante-et-securite\/#breadcrumb\"},\"inLanguage\":\"fr-FR\",\"potentialAction\":[{\"@type\":\"ReadAction\",\"target\":[\"https:\/\/physiotherapy.ca\/fr\/education-et-evenements\/cours-et-evenements\/congres-2023\/sante-et-securite\/\"]}]},{\"@type\":\"BreadcrumbList\",\"@id\":\"https:\/\/physiotherapy.ca\/fr\/education-et-evenements\/cours-et-evenements\/congres-2023\/sante-et-securite\/#breadcrumb\",\"itemListElement\":[{\"@type\":\"ListItem\",\"position\":1,\"name\":\"Home\",\"item\":\"https:\/\/physiotherapy.ca\/fr\/\"},{\"@type\":\"ListItem\",\"position\":2,\"name\":\"\u00c9ducation et \u00e9v\u00e9nements\",\"item\":\"https:\/\/physiotherapy.ca\/fr\/education-et-evenements\/\"},{\"@type\":\"ListItem\",\"position\":3,\"name\":\"Cours et \u00e9v\u00e9nements\",\"item\":\"https:\/\/physiotherapy.ca\/fr\/education-et-evenements\/cours-et-evenements\/\"},{\"@type\":\"ListItem\",\"position\":4,\"name\":\"Congr\u00e8s\u00a02023\",\"item\":\"https:\/\/physiotherapy.ca\/fr\/education-et-evenements\/cours-et-evenements\/congres-2023\/\"},{\"@type\":\"ListItem\",\"position\":5,\"name\":\"Sant\u00e9 et s\u00e9curit\u00e9\"}]},{\"@type\":\"WebSite\",\"@id\":\"https:\/\/physiotherapy.ca\/#website\",\"url\":\"https:\/\/physiotherapy.ca\/\",\"name\":\"Canadian Physiotherapy Association\",\"description\":\"The Canadian Physiotherapy Association (CPA) represents over 16,000 physiotherapy professionals and students across Canada.\",\"potentialAction\":[{\"@type\":\"SearchAction\",\"target\":{\"@type\":\"EntryPoint\",\"urlTemplate\":\"https:\/\/physiotherapy.ca\/?s={search_term_string}\"},\"query-input\":{\"@type\":\"PropertyValueSpecification\",\"valueRequired\":true,\"valueName\":\"search_term_string\"}}],\"inLanguage\":\"fr-FR\"}]}<\/script>\n<!-- \/ Yoast SEO plugin. -->","yoast_head_json":{"title":"Sant\u00e9 et s\u00e9curit\u00e9 - Canadian Physiotherapy Association","robots":{"index":"index","follow":"follow","max-snippet":"max-snippet:-1","max-image-preview":"max-image-preview:large","max-video-preview":"max-video-preview:-1"},"canonical":"https:\/\/physiotherapy.ca\/fr\/education-et-evenements\/cours-et-evenements\/congres-2023\/sante-et-securite\/","og_locale":"fr_FR","og_type":"article","og_title":"Sant\u00e9 et s\u00e9curit\u00e9 - Canadian Physiotherapy Association","og_description":"Nous suivons de pr\u00e8s et respectons les restrictions, les obligations et les recommandations de Sant\u00e9 publique Canada et de la province de Qu\u00e9bec, y compris le port du couvre-visage, la distanciation physique et la conformit\u00e9 en mati\u00e8re de vaccination au [&hellip;]","og_url":"https:\/\/physiotherapy.ca\/fr\/education-et-evenements\/cours-et-evenements\/congres-2023\/sante-et-securite\/","og_site_name":"Canadian Physiotherapy Association","article_modified_time":"2022-08-02T18:39:52+00:00","twitter_card":"summary_large_image","twitter_misc":{"Est. reading time":"2 minutes"},"schema":{"@context":"https:\/\/schema.org","@graph":[{"@type":"WebPage","@id":"https:\/\/physiotherapy.ca\/fr\/education-et-evenements\/cours-et-evenements\/congres-2023\/sante-et-securite\/","url":"https:\/\/physiotherapy.ca\/fr\/education-et-evenements\/cours-et-evenements\/congres-2023\/sante-et-securite\/","name":"Sant\u00e9 et s\u00e9curit\u00e9 - Canadian Physiotherapy Association","isPartOf":{"@id":"https:\/\/physiotherapy.ca\/#website"},"datePublished":"2022-08-02T18:39:50+00:00","dateModified":"2022-08-02T18:39:52+00:00","breadcrumb":{"@id":"https:\/\/physiotherapy.ca\/fr\/education-et-evenements\/cours-et-evenements\/congres-2023\/sante-et-securite\/#breadcrumb"},"inLanguage":"fr-FR","potentialAction":[{"@type":"ReadAction","target":["https:\/\/physiotherapy.ca\/fr\/education-et-evenements\/cours-et-evenements\/congres-2023\/sante-et-securite\/"]}]},{"@type":"BreadcrumbList","@id":"https:\/\/physiotherapy.ca\/fr\/education-et-evenements\/cours-et-evenements\/congres-2023\/sante-et-securite\/#breadcrumb","itemListElement":[{"@type":"ListItem","position":1,"name":"Home","item":"https:\/\/physiotherapy.ca\/fr\/"},{"@type":"ListItem","position":2,"name":"\u00c9ducation et \u00e9v\u00e9nements","item":"https:\/\/physiotherapy.ca\/fr\/education-et-evenements\/"},{"@type":"ListItem","position":3,"name":"Cours et \u00e9v\u00e9nements","item":"https:\/\/physiotherapy.ca\/fr\/education-et-evenements\/cours-et-evenements\/"},{"@type":"ListItem","position":4,"name":"Congr\u00e8s\u00a02023","item":"https:\/\/physiotherapy.ca\/fr\/education-et-evenements\/cours-et-evenements\/congres-2023\/"},{"@type":"ListItem","position":5,"name":"Sant\u00e9 et s\u00e9curit\u00e9"}]},{"@type":"WebSite","@id":"https:\/\/physiotherapy.ca\/#website","url":"https:\/\/physiotherapy.ca\/","name":"Canadian Physiotherapy Association","description":"The Canadian Physiotherapy Association (CPA) represents over 16,000 physiotherapy professionals and students across Canada.","potentialAction":[{"@type":"SearchAction","target":{"@type":"EntryPoint","urlTemplate":"https:\/\/physiotherapy.ca\/?s={search_term_string}"},"query-input":{"@type":"PropertyValueSpecification","valueRequired":true,"valueName":"search_term_string"}}],"inLanguage":"fr-FR"}]}},"_links":{"self":[{"href":"https:\/\/physiotherapy.ca\/fr\/wp-json\/wp\/v2\/pages\/4571","targetHints":{"allow":["GET"]}}],"collection":[{"href":"https:\/\/physiotherapy.ca\/fr\/wp-json\/wp\/v2\/pages"}],"about":[{"href":"https:\/\/physiotherapy.ca\/fr\/wp-json\/wp\/v2\/types\/page"}],"author":[{"embeddable":true,"href":"https:\/\/physiotherapy.ca\/fr\/wp-json\/wp\/v2\/users\/1"}],"replies":[{"embeddable":true,"href":"https:\/\/physiotherapy.ca\/fr\/wp-json\/wp\/v2\/comments?post=4571"}],"version-history":[{"count":5,"href":"https:\/\/physiotherapy.ca\/fr\/wp-json\/wp\/v2\/pages\/4571\/revisions"}],"predecessor-version":[{"id":4578,"href":"https:\/\/physiotherapy.ca\/fr\/wp-json\/wp\/v2\/pages\/4571\/revisions\/4578"}],"up":[{"embeddable":true,"href":"https:\/\/physiotherapy.ca\/fr\/wp-json\/wp\/v2\/pages\/4148"}],"wp:attachment":[{"href":"https:\/\/physiotherapy.ca\/fr\/wp-json\/wp\/v2\/media?parent=4571"}],"wp:term":[{"taxonomy":"topic","embeddable":true,"href":"https:\/\/physiotherapy.ca\/fr\/wp-json\/wp\/v2\/topic?post=4571"}],"curies":[{"name":"wp","href":"https:\/\/api.w.org\/{rel}","templated":true}]}}