{"id":4594,"date":"2022-08-02T14:50:02","date_gmt":"2022-08-02T18:50:02","guid":{"rendered":"https:\/\/physiotherapy.ca\/?page_id=4594"},"modified":"2022-10-12T14:06:32","modified_gmt":"2022-10-12T18:06:32","slug":"exposants-et-commanditaires","status":"publish","type":"page","link":"https:\/\/physiotherapy.ca\/fr\/education-et-evenements\/cours-et-evenements\/congres-2023\/exposants-et-commanditaires\/","title":{"rendered":"Exposants et commanditaires"},"content":{"rendered":"\n<h3 class=\"wp-block-heading\">Des rencontres en pr\u00e9sentiel qui comptent!<\/h3>\n\n\n\n<p>Le salon professionnel du congr\u00e8s&nbsp;2023 de l\u2019ACP est la principale vitrine pour la technologie de pointe, les solutions novatrices, les services et bien plus encore. Discutez avec des professionnels et des d\u00e9cideurs du secteur. \u00c9tablissez des partenariats et g\u00e9n\u00e9rez de nouvelles id\u00e9es. Pr\u00e9sentez vos produits ou services et d\u00e9couvrez de nouvelles pistes en faisant du r\u00e9seautage avec des professionnels de la physioth\u00e9rapie!<\/p>\n\n\n\n<p>Pourquoi devenir un commanditaire?<\/p>\n\n\n\n<p>Faites conna\u00eetre votre entreprise au sein de la communaut\u00e9 de la physioth\u00e9rapie. En devenant commanditaire du congr\u00e8s&nbsp;2023, vous pr\u00e9sentez votre organisation, ses services et ses produits \u00e0 un public diversifi\u00e9 qui comprend des propri\u00e9taires de cliniques de physioth\u00e9rapie, des influenceurs du secteur de la physioth\u00e9rapie, des physioth\u00e9rapeutes, des assistants et des \u00e9tudiants en physioth\u00e9rapie ainsi que des professionnels de l\u2019\u00e9ducation.<\/p>\n\n\n\n<p>Les commandites contribueront \u00e0 l\u2019avancement des connaissances en physioth\u00e9rapie, offriront des occasions de r\u00e9seautage avec les d\u00e9l\u00e9gu\u00e9s de l\u2019ACP et permettront d\u2019accro\u00eetre la visibilit\u00e9 au moyen de mat\u00e9riel promotionnel et de contacts personnels.<\/p>\n\n\n\n<p><strong>T\u00e9l\u00e9chargez le prospectus de parrainage du Congr\u00e8s 2023 <a href=\"https:\/\/physiotherapy.ca\/app\/uploads\/2022\/10\/CPA-Congress-2023-Sponsorship-Prospectus-FR.pdf\">ici.<\/a><\/strong><\/p>\n\n\n\n<p>Occasions d\u2019exposition et de commandite&nbsp;: Communiquez avec Amit&nbsp;Acharya, gestionnaire du d\u00e9veloppement des affaires, \u00e0 <strong>aacharya@physiotherapy.ca.<\/strong><\/p>\n","protected":false},"excerpt":{"rendered":"<p>Des rencontres en pr\u00e9sentiel qui comptent! Le salon professionnel du congr\u00e8s&nbsp;2023 de l\u2019ACP est la principale vitrine pour la technologie de pointe, les solutions novatrices, les services et bien plus encore. Discutez avec des professionnels et des d\u00e9cideurs du secteur. [&hellip;]<\/p>\n","protected":false},"author":1,"featured_media":0,"parent":4148,"menu_order":13,"comment_status":"closed","ping_status":"closed","template":"","meta":{"inline_featured_image":false,"ep_exclude_from_search":false,"footnotes":""},"topic":[],"class_list":["post-4594","page","type-page","status-publish","hentry"],"acf":[],"yoast_head":"<!-- This site is optimized with the Yoast SEO plugin v24.7 - https:\/\/yoast.com\/wordpress\/plugins\/seo\/ -->\n<title>Exposants et commanditaires - Canadian Physiotherapy Association<\/title>\n<meta name=\"robots\" content=\"index, follow, max-snippet:-1, max-image-preview:large, max-video-preview:-1\" \/>\n<link rel=\"canonical\" href=\"https:\/\/physiotherapy.ca\/fr\/education-et-evenements\/cours-et-evenements\/congres-2023\/exposants-et-commanditaires\/\" \/>\n<meta property=\"og:locale\" content=\"fr_FR\" \/>\n<meta property=\"og:type\" content=\"article\" \/>\n<meta property=\"og:title\" content=\"Exposants et commanditaires - Canadian Physiotherapy Association\" \/>\n<meta property=\"og:description\" content=\"Des rencontres en pr\u00e9sentiel qui comptent! Le salon professionnel du congr\u00e8s&nbsp;2023 de l\u2019ACP est la principale vitrine pour la technologie de pointe, les solutions novatrices, les services et bien plus encore. Discutez avec des professionnels et des d\u00e9cideurs du secteur. [&hellip;]\" \/>\n<meta property=\"og:url\" content=\"https:\/\/physiotherapy.ca\/fr\/education-et-evenements\/cours-et-evenements\/congres-2023\/exposants-et-commanditaires\/\" \/>\n<meta property=\"og:site_name\" content=\"Canadian Physiotherapy Association\" \/>\n<meta property=\"article:modified_time\" content=\"2022-10-12T18:06:32+00:00\" \/>\n<meta name=\"twitter:card\" content=\"summary_large_image\" \/>\n<meta name=\"twitter:label1\" content=\"Est. reading time\" \/>\n\t<meta name=\"twitter:data1\" content=\"1 minute\" \/>\n<script type=\"application\/ld+json\" class=\"yoast-schema-graph\">{\"@context\":\"https:\/\/schema.org\",\"@graph\":[{\"@type\":\"WebPage\",\"@id\":\"https:\/\/physiotherapy.ca\/fr\/education-et-evenements\/cours-et-evenements\/congres-2023\/exposants-et-commanditaires\/\",\"url\":\"https:\/\/physiotherapy.ca\/fr\/education-et-evenements\/cours-et-evenements\/congres-2023\/exposants-et-commanditaires\/\",\"name\":\"Exposants et commanditaires - Canadian Physiotherapy Association\",\"isPartOf\":{\"@id\":\"https:\/\/physiotherapy.ca\/#website\"},\"datePublished\":\"2022-08-02T18:50:02+00:00\",\"dateModified\":\"2022-10-12T18:06:32+00:00\",\"breadcrumb\":{\"@id\":\"https:\/\/physiotherapy.ca\/fr\/education-et-evenements\/cours-et-evenements\/congres-2023\/exposants-et-commanditaires\/#breadcrumb\"},\"inLanguage\":\"fr-FR\",\"potentialAction\":[{\"@type\":\"ReadAction\",\"target\":[\"https:\/\/physiotherapy.ca\/fr\/education-et-evenements\/cours-et-evenements\/congres-2023\/exposants-et-commanditaires\/\"]}]},{\"@type\":\"BreadcrumbList\",\"@id\":\"https:\/\/physiotherapy.ca\/fr\/education-et-evenements\/cours-et-evenements\/congres-2023\/exposants-et-commanditaires\/#breadcrumb\",\"itemListElement\":[{\"@type\":\"ListItem\",\"position\":1,\"name\":\"Home\",\"item\":\"https:\/\/physiotherapy.ca\/fr\/\"},{\"@type\":\"ListItem\",\"position\":2,\"name\":\"\u00c9ducation et \u00e9v\u00e9nements\",\"item\":\"https:\/\/physiotherapy.ca\/fr\/education-et-evenements\/\"},{\"@type\":\"ListItem\",\"position\":3,\"name\":\"Cours et \u00e9v\u00e9nements\",\"item\":\"https:\/\/physiotherapy.ca\/fr\/education-et-evenements\/cours-et-evenements\/\"},{\"@type\":\"ListItem\",\"position\":4,\"name\":\"Congr\u00e8s\u00a02023\",\"item\":\"https:\/\/physiotherapy.ca\/fr\/education-et-evenements\/cours-et-evenements\/congres-2023\/\"},{\"@type\":\"ListItem\",\"position\":5,\"name\":\"Exposants et commanditaires\"}]},{\"@type\":\"WebSite\",\"@id\":\"https:\/\/physiotherapy.ca\/#website\",\"url\":\"https:\/\/physiotherapy.ca\/\",\"name\":\"Canadian Physiotherapy Association\",\"description\":\"The Canadian Physiotherapy Association (CPA) represents over 16,000 physiotherapy professionals and students across Canada.\",\"potentialAction\":[{\"@type\":\"SearchAction\",\"target\":{\"@type\":\"EntryPoint\",\"urlTemplate\":\"https:\/\/physiotherapy.ca\/?s={search_term_string}\"},\"query-input\":{\"@type\":\"PropertyValueSpecification\",\"valueRequired\":true,\"valueName\":\"search_term_string\"}}],\"inLanguage\":\"fr-FR\"}]}<\/script>\n<!-- \/ Yoast SEO plugin. -->","yoast_head_json":{"title":"Exposants et commanditaires - Canadian Physiotherapy Association","robots":{"index":"index","follow":"follow","max-snippet":"max-snippet:-1","max-image-preview":"max-image-preview:large","max-video-preview":"max-video-preview:-1"},"canonical":"https:\/\/physiotherapy.ca\/fr\/education-et-evenements\/cours-et-evenements\/congres-2023\/exposants-et-commanditaires\/","og_locale":"fr_FR","og_type":"article","og_title":"Exposants et commanditaires - Canadian Physiotherapy Association","og_description":"Des rencontres en pr\u00e9sentiel qui comptent! Le salon professionnel du congr\u00e8s&nbsp;2023 de l\u2019ACP est la principale vitrine pour la technologie de pointe, les solutions novatrices, les services et bien plus encore. Discutez avec des professionnels et des d\u00e9cideurs du secteur. [&hellip;]","og_url":"https:\/\/physiotherapy.ca\/fr\/education-et-evenements\/cours-et-evenements\/congres-2023\/exposants-et-commanditaires\/","og_site_name":"Canadian Physiotherapy Association","article_modified_time":"2022-10-12T18:06:32+00:00","twitter_card":"summary_large_image","twitter_misc":{"Est. reading time":"1 minute"},"schema":{"@context":"https:\/\/schema.org","@graph":[{"@type":"WebPage","@id":"https:\/\/physiotherapy.ca\/fr\/education-et-evenements\/cours-et-evenements\/congres-2023\/exposants-et-commanditaires\/","url":"https:\/\/physiotherapy.ca\/fr\/education-et-evenements\/cours-et-evenements\/congres-2023\/exposants-et-commanditaires\/","name":"Exposants et commanditaires - Canadian Physiotherapy Association","isPartOf":{"@id":"https:\/\/physiotherapy.ca\/#website"},"datePublished":"2022-08-02T18:50:02+00:00","dateModified":"2022-10-12T18:06:32+00:00","breadcrumb":{"@id":"https:\/\/physiotherapy.ca\/fr\/education-et-evenements\/cours-et-evenements\/congres-2023\/exposants-et-commanditaires\/#breadcrumb"},"inLanguage":"fr-FR","potentialAction":[{"@type":"ReadAction","target":["https:\/\/physiotherapy.ca\/fr\/education-et-evenements\/cours-et-evenements\/congres-2023\/exposants-et-commanditaires\/"]}]},{"@type":"BreadcrumbList","@id":"https:\/\/physiotherapy.ca\/fr\/education-et-evenements\/cours-et-evenements\/congres-2023\/exposants-et-commanditaires\/#breadcrumb","itemListElement":[{"@type":"ListItem","position":1,"name":"Home","item":"https:\/\/physiotherapy.ca\/fr\/"},{"@type":"ListItem","position":2,"name":"\u00c9ducation et \u00e9v\u00e9nements","item":"https:\/\/physiotherapy.ca\/fr\/education-et-evenements\/"},{"@type":"ListItem","position":3,"name":"Cours et \u00e9v\u00e9nements","item":"https:\/\/physiotherapy.ca\/fr\/education-et-evenements\/cours-et-evenements\/"},{"@type":"ListItem","position":4,"name":"Congr\u00e8s\u00a02023","item":"https:\/\/physiotherapy.ca\/fr\/education-et-evenements\/cours-et-evenements\/congres-2023\/"},{"@type":"ListItem","position":5,"name":"Exposants et commanditaires"}]},{"@type":"WebSite","@id":"https:\/\/physiotherapy.ca\/#website","url":"https:\/\/physiotherapy.ca\/","name":"Canadian Physiotherapy Association","description":"The Canadian Physiotherapy Association (CPA) represents over 16,000 physiotherapy professionals and students across Canada.","potentialAction":[{"@type":"SearchAction","target":{"@type":"EntryPoint","urlTemplate":"https:\/\/physiotherapy.ca\/?s={search_term_string}"},"query-input":{"@type":"PropertyValueSpecification","valueRequired":true,"valueName":"search_term_string"}}],"inLanguage":"fr-FR"}]}},"_links":{"self":[{"href":"https:\/\/physiotherapy.ca\/fr\/wp-json\/wp\/v2\/pages\/4594","targetHints":{"allow":["GET"]}}],"collection":[{"href":"https:\/\/physiotherapy.ca\/fr\/wp-json\/wp\/v2\/pages"}],"about":[{"href":"https:\/\/physiotherapy.ca\/fr\/wp-json\/wp\/v2\/types\/page"}],"author":[{"embeddable":true,"href":"https:\/\/physiotherapy.ca\/fr\/wp-json\/wp\/v2\/users\/1"}],"replies":[{"embeddable":true,"href":"https:\/\/physiotherapy.ca\/fr\/wp-json\/wp\/v2\/comments?post=4594"}],"version-history":[{"count":5,"href":"https:\/\/physiotherapy.ca\/fr\/wp-json\/wp\/v2\/pages\/4594\/revisions"}],"predecessor-version":[{"id":76167,"href":"https:\/\/physiotherapy.ca\/fr\/wp-json\/wp\/v2\/pages\/4594\/revisions\/76167"}],"up":[{"embeddable":true,"href":"https:\/\/physiotherapy.ca\/fr\/wp-json\/wp\/v2\/pages\/4148"}],"wp:attachment":[{"href":"https:\/\/physiotherapy.ca\/fr\/wp-json\/wp\/v2\/media?parent=4594"}],"wp:term":[{"taxonomy":"topic","embeddable":true,"href":"https:\/\/physiotherapy.ca\/fr\/wp-json\/wp\/v2\/topic?post=4594"}],"curies":[{"name":"wp","href":"https:\/\/api.w.org\/{rel}","templated":true}]}}