{"id":4630,"date":"2022-08-02T15:28:27","date_gmt":"2022-08-02T19:28:27","guid":{"rendered":"https:\/\/physiotherapy.ca\/?page_id=4630"},"modified":"2022-09-07T11:16:07","modified_gmt":"2022-09-07T15:16:07","slug":"la-place-du-marche-du-pp","status":"publish","type":"page","link":"https:\/\/physiotherapy.ca\/fr\/education-et-evenements\/cours-et-evenements\/la-place-du-marche-du-pp\/","title":{"rendered":"La Place du march\u00e9 du PP"},"content":{"rendered":"\n<figure class=\"wp-block-image size-full\"><img loading=\"lazy\" decoding=\"async\" width=\"786\" height=\"150\" src=\"https:\/\/physiotherapy.ca\/app\/uploads\/2022\/08\/pd-marketplace-logos-web-fr.jpg\" alt=\"\" class=\"wp-image-4631\" srcset=\"https:\/\/physiotherapy.ca\/app\/uploads\/2022\/08\/pd-marketplace-logos-web-fr.jpg 786w, https:\/\/physiotherapy.ca\/app\/uploads\/2022\/08\/pd-marketplace-logos-web-fr-600x115.jpg 600w, https:\/\/physiotherapy.ca\/app\/uploads\/2022\/08\/pd-marketplace-logos-web-fr-300x57.jpg 300w, https:\/\/physiotherapy.ca\/app\/uploads\/2022\/08\/pd-marketplace-logos-web-fr-768x147.jpg 768w, https:\/\/physiotherapy.ca\/app\/uploads\/2022\/08\/pd-marketplace-logos-web-fr-390x74.jpg 390w\" sizes=\"auto, (max-width: 786px) 100vw, 786px\" \/><\/figure>\n\n\n\n<p>Bienvenue sur la Place du march\u00e9 du PP de l\u2019Association canadienne de physioth\u00e9rapie, propuls\u00e9e par Embodia!<\/p>\n\n\n\n<figure class=\"wp-block-embed is-type-video is-provider-vimeo wp-block-embed-vimeo wp-embed-aspect-16-9 wp-has-aspect-ratio\"><div class=\"wp-block-embed__wrapper\">\n<iframe loading=\"lazy\" title=\"CPA-Embodia Partnership Promo\" src=\"https:\/\/player.vimeo.com\/video\/263585625?dnt=1&amp;app_id=122963\" width=\"500\" height=\"281\" frameborder=\"0\" allow=\"autoplay; fullscreen; picture-in-picture; clipboard-write; encrypted-media\"><\/iframe>\n<\/div><\/figure>\n\n\n\n<p>Ce partenariat offre aux membres de l\u2019ACP de nombreux avantages comme des rabais importants sur les cours et les adh\u00e9sions.<\/p>\n\n\n\n<p>Vous pouvez cr\u00e9er un compte gratuitement sur Embodia. Une fois que c\u2019est fait, vous pouvez acc\u00e9der \u00e0 la biblioth\u00e8que de formation continue en ligne avec des formateurs de l\u2019ACP et d\u2019Embodia.&nbsp;<\/p>\n\n\n\n<p>Embodia offre aussi un syst\u00e8me d\u2019adh\u00e9sion \u00e0 trois niveaux qui permet aux cliniques et aux propri\u00e9taires uniques de choisir le plan d\u2019abonnement qui leur convient le mieux \u00e0 partir de 15&nbsp;$\/mois.<\/p>\n\n\n\n<p>Priv\u00e9 et s\u00e9curitaire (conform\u00e9ment \u00e0 la <em>Loi sur la protection des renseignements personnels sur la sant\u00e9<\/em>, \u00e0 la <em>Loi sur la protection des renseignements personnels et les documents \u00e9lectroniques<\/em> et au HIPAA) sur Web et mobile.<\/p>\n\n\n\n<p>En tant que membre de l\u2019ACP, vous b\u00e9n\u00e9ficiez de\u00a0:<\/p>\n\n\n\n<ul class=\"wp-block-list\"><li>30\u00a0% sur tous les cours sur demande de l\u2019ACP \u2013 <a href=\"https:\/\/www.embodiaapp.com\/courses?course_instructor_id=35-canadian-physiotherapy-association\">voir tous les cours ici<\/a><\/li><li>20\u00a0% sur tous les cours sur demande de Embodia \u2013 <a href=\"https:\/\/www.embodiaapp.com\/courses\">voir tous les cours ici<\/a><\/li><li>Inscription gratuite ou r\u00e9duite sur les webinaires virtuels en direct \u2013 <a href=\"https:\/\/www.embodiaapp.com\/webinars\">voir tous les webinaires \u00e0 venir ici<\/a><\/li><li>25\u00a0% sur l\u2019adh\u00e9sion de niveau\u00a01 et 2 \u00e0 Embodia \u2013 <a href=\"https:\/\/www.embodiaapp.com\/h\/pricing\">en savoir plus sur nos options d\u2019adh\u00e9sion ici<\/a><\/li><\/ul>\n\n\n\n<p>Pour b\u00e9n\u00e9ficier des rabais offerts aux membres de l\u2019ACP, authentifiez tout simplement votre adh\u00e9sion \u00e0 l\u2019ACP (vous avez seulement besoin de le faire une fois)! Une fois que c\u2019est fait, Embodia mettra votre compte \u00e0 jour et affichera les prix r\u00e9duits sur les cours, les webinaires et l\u2019abonnement \u00e0 Embodia.<\/p>\n\n\n\n<p>Pour authentifier votre adh\u00e9sion \u00e0 l\u2019ACP, cliquez sur le bouton ci-dessous!<\/p>\n\n\n\n<div class=\"wp-block-buttons is-layout-flex wp-block-buttons-is-layout-flex\">\n<div class=\"wp-block-button\"><a class=\"wp-block-button__link\" href=\"https:\/\/cpa.embodiaapp.com\/practitioners\/sign_in\">Acc\u00e8s Membre<\/a><\/div>\n<\/div>\n\n\n\n<p>Vous serez alors redirig\u00e9 vers le site Web de Embodia et allez pouvoir cr\u00e9er un nouveau compte ou ouvrir une session si vous avez d\u00e9j\u00e0 un compte.<\/p>\n\n\n\n<p><strong>Note&nbsp;:<\/strong> Le courriel associ\u00e9 \u00e0 votre adh\u00e9sion \u00e0 l\u2019ACP et \u00e0 votre compte Embodia doit \u00eatre la m\u00eame!<\/p>\n\n\n\n<p>Pour obtenir de l\u2019aide, contactez Embodia \u00e0 <a href=\"mailto:support@embodiaapp.com\">support@embodiaapp.com<\/a>.<\/p>\n\n\n\n<p>Quand vous allez ouvrir une session, votre pr\u00e9nom, votre nom, votre courriel et votre adresse IP seront enregistr\u00e9s par la Place du march\u00e9 du PP pour faciliter l\u2019ouverture de session, la communication et les statistiques. C\u2019est pratique courante et la Place du march\u00e9 du PP ne partagera pas ces renseignements avec des tierces parties.<\/p>\n\n\n\n<p class=\"has-small-font-size\">*Le lien ci-dessus vous dirige vers un site Web qui ne fait pas partie de l\u2019ACP, lequel fournit des renseignements suppl\u00e9mentaires sur les produits ou services offerts et peut mettre \u00e0 votre disposition les produits ou services de tierces parties. En cliquant sur ce lien, vous quitterez le site Web physiotherapy.ca et acc\u00e9derez \u00e0 un site Web n\u2019appartenant pas \u00e0 l\u2019ACP. Le lien ne vous est fourni qu\u2019\u00e0 titre de commodit\u00e9, ce qui ne signifie en rien que l\u2019ACP a soutenu, analys\u00e9 ou v\u00e9rifi\u00e9 ledit site Web, l\u2019information qu\u2019il contient ou les pratiques de la tierce partie en mati\u00e8re de s\u00e9curit\u00e9 et de confidentialit\u00e9. Si vous d\u00e9cidez d\u2019acc\u00e9der \u00e0 ce site Web n\u2019appartenant pas \u00e0 l\u2019ACP ou d\u2019acheter des produits ou services des propri\u00e9taires ou des exploitants du site, vous le faites \u00e0 vos risques. L\u2019ACP ne sera pas tenue responsable de cet acc\u00e8s ni de ces achats.<\/p>\n","protected":false},"excerpt":{"rendered":"<p>Bienvenue sur la Place du march\u00e9 du PP de l\u2019Association canadienne de physioth\u00e9rapie, propuls\u00e9e par Embodia! Ce partenariat offre aux membres de l\u2019ACP de nombreux avantages comme des rabais importants sur les cours et les adh\u00e9sions. Vous pouvez cr\u00e9er un [&hellip;]<\/p>\n","protected":false},"author":1,"featured_media":0,"parent":1582,"menu_order":0,"comment_status":"closed","ping_status":"closed","template":"","meta":{"inline_featured_image":false,"ep_exclude_from_search":false,"footnotes":""},"topic":[],"class_list":["post-4630","page","type-page","status-publish","hentry"],"acf":[],"yoast_head":"<!-- This site is optimized with the Yoast SEO plugin v24.7 - https:\/\/yoast.com\/wordpress\/plugins\/seo\/ -->\n<title>La Place du march\u00e9 du PP - Canadian Physiotherapy Association<\/title>\n<meta name=\"robots\" content=\"index, follow, max-snippet:-1, max-image-preview:large, max-video-preview:-1\" \/>\n<link rel=\"canonical\" href=\"https:\/\/physiotherapy.ca\/fr\/education-et-evenements\/cours-et-evenements\/la-place-du-marche-du-pp\/\" \/>\n<meta property=\"og:locale\" content=\"fr_FR\" \/>\n<meta property=\"og:type\" content=\"article\" \/>\n<meta property=\"og:title\" content=\"La Place du march\u00e9 du PP - Canadian Physiotherapy Association\" \/>\n<meta property=\"og:description\" content=\"Bienvenue sur la Place du march\u00e9 du PP de l\u2019Association canadienne de physioth\u00e9rapie, propuls\u00e9e par Embodia! Ce partenariat offre aux membres de l\u2019ACP de nombreux avantages comme des rabais importants sur les cours et les adh\u00e9sions. Vous pouvez cr\u00e9er un [&hellip;]\" \/>\n<meta property=\"og:url\" content=\"https:\/\/physiotherapy.ca\/fr\/education-et-evenements\/cours-et-evenements\/la-place-du-marche-du-pp\/\" \/>\n<meta property=\"og:site_name\" content=\"Canadian Physiotherapy Association\" \/>\n<meta property=\"article:modified_time\" content=\"2022-09-07T15:16:07+00:00\" \/>\n<meta property=\"og:image\" content=\"https:\/\/physiotherapy.ca\/app\/uploads\/2022\/08\/pd-marketplace-logos-web-fr.jpg\" \/>\n<meta name=\"twitter:card\" content=\"summary_large_image\" \/>\n<meta name=\"twitter:label1\" content=\"Est. reading time\" \/>\n\t<meta name=\"twitter:data1\" content=\"3 minutes\" \/>\n<script type=\"application\/ld+json\" class=\"yoast-schema-graph\">{\"@context\":\"https:\/\/schema.org\",\"@graph\":[{\"@type\":\"WebPage\",\"@id\":\"https:\/\/physiotherapy.ca\/fr\/education-et-evenements\/cours-et-evenements\/la-place-du-marche-du-pp\/\",\"url\":\"https:\/\/physiotherapy.ca\/fr\/education-et-evenements\/cours-et-evenements\/la-place-du-marche-du-pp\/\",\"name\":\"La Place du march\u00e9 du PP - Canadian Physiotherapy Association\",\"isPartOf\":{\"@id\":\"https:\/\/physiotherapy.ca\/#website\"},\"primaryImageOfPage\":{\"@id\":\"https:\/\/physiotherapy.ca\/fr\/education-et-evenements\/cours-et-evenements\/la-place-du-marche-du-pp\/#primaryimage\"},\"image\":{\"@id\":\"https:\/\/physiotherapy.ca\/fr\/education-et-evenements\/cours-et-evenements\/la-place-du-marche-du-pp\/#primaryimage\"},\"thumbnailUrl\":\"https:\/\/physiotherapy.ca\/app\/uploads\/2022\/08\/pd-marketplace-logos-web-fr.jpg\",\"datePublished\":\"2022-08-02T19:28:27+00:00\",\"dateModified\":\"2022-09-07T15:16:07+00:00\",\"breadcrumb\":{\"@id\":\"https:\/\/physiotherapy.ca\/fr\/education-et-evenements\/cours-et-evenements\/la-place-du-marche-du-pp\/#breadcrumb\"},\"inLanguage\":\"fr-FR\",\"potentialAction\":[{\"@type\":\"ReadAction\",\"target\":[\"https:\/\/physiotherapy.ca\/fr\/education-et-evenements\/cours-et-evenements\/la-place-du-marche-du-pp\/\"]}]},{\"@type\":\"ImageObject\",\"inLanguage\":\"fr-FR\",\"@id\":\"https:\/\/physiotherapy.ca\/fr\/education-et-evenements\/cours-et-evenements\/la-place-du-marche-du-pp\/#primaryimage\",\"url\":\"https:\/\/physiotherapy.ca\/app\/uploads\/2022\/08\/pd-marketplace-logos-web-fr.jpg\",\"contentUrl\":\"https:\/\/physiotherapy.ca\/app\/uploads\/2022\/08\/pd-marketplace-logos-web-fr.jpg\"},{\"@type\":\"BreadcrumbList\",\"@id\":\"https:\/\/physiotherapy.ca\/fr\/education-et-evenements\/cours-et-evenements\/la-place-du-marche-du-pp\/#breadcrumb\",\"itemListElement\":[{\"@type\":\"ListItem\",\"position\":1,\"name\":\"Home\",\"item\":\"https:\/\/physiotherapy.ca\/fr\/\"},{\"@type\":\"ListItem\",\"position\":2,\"name\":\"\u00c9ducation et \u00e9v\u00e9nements\",\"item\":\"https:\/\/physiotherapy.ca\/fr\/education-et-evenements\/\"},{\"@type\":\"ListItem\",\"position\":3,\"name\":\"Cours et \u00e9v\u00e9nements\",\"item\":\"https:\/\/physiotherapy.ca\/fr\/education-et-evenements\/cours-et-evenements\/\"},{\"@type\":\"ListItem\",\"position\":4,\"name\":\"La Place du march\u00e9 du PP\"}]},{\"@type\":\"WebSite\",\"@id\":\"https:\/\/physiotherapy.ca\/#website\",\"url\":\"https:\/\/physiotherapy.ca\/\",\"name\":\"Canadian Physiotherapy Association\",\"description\":\"The Canadian Physiotherapy Association (CPA) represents over 16,000 physiotherapy professionals and students across Canada.\",\"potentialAction\":[{\"@type\":\"SearchAction\",\"target\":{\"@type\":\"EntryPoint\",\"urlTemplate\":\"https:\/\/physiotherapy.ca\/?s={search_term_string}\"},\"query-input\":{\"@type\":\"PropertyValueSpecification\",\"valueRequired\":true,\"valueName\":\"search_term_string\"}}],\"inLanguage\":\"fr-FR\"}]}<\/script>\n<!-- \/ Yoast SEO plugin. -->","yoast_head_json":{"title":"La Place du march\u00e9 du PP - Canadian Physiotherapy Association","robots":{"index":"index","follow":"follow","max-snippet":"max-snippet:-1","max-image-preview":"max-image-preview:large","max-video-preview":"max-video-preview:-1"},"canonical":"https:\/\/physiotherapy.ca\/fr\/education-et-evenements\/cours-et-evenements\/la-place-du-marche-du-pp\/","og_locale":"fr_FR","og_type":"article","og_title":"La Place du march\u00e9 du PP - Canadian Physiotherapy Association","og_description":"Bienvenue sur la Place du march\u00e9 du PP de l\u2019Association canadienne de physioth\u00e9rapie, propuls\u00e9e par Embodia! Ce partenariat offre aux membres de l\u2019ACP de nombreux avantages comme des rabais importants sur les cours et les adh\u00e9sions. Vous pouvez cr\u00e9er un [&hellip;]","og_url":"https:\/\/physiotherapy.ca\/fr\/education-et-evenements\/cours-et-evenements\/la-place-du-marche-du-pp\/","og_site_name":"Canadian Physiotherapy Association","article_modified_time":"2022-09-07T15:16:07+00:00","og_image":[{"url":"https:\/\/physiotherapy.ca\/app\/uploads\/2022\/08\/pd-marketplace-logos-web-fr.jpg","type":"","width":"","height":""}],"twitter_card":"summary_large_image","twitter_misc":{"Est. reading time":"3 minutes"},"schema":{"@context":"https:\/\/schema.org","@graph":[{"@type":"WebPage","@id":"https:\/\/physiotherapy.ca\/fr\/education-et-evenements\/cours-et-evenements\/la-place-du-marche-du-pp\/","url":"https:\/\/physiotherapy.ca\/fr\/education-et-evenements\/cours-et-evenements\/la-place-du-marche-du-pp\/","name":"La Place du march\u00e9 du PP - Canadian Physiotherapy Association","isPartOf":{"@id":"https:\/\/physiotherapy.ca\/#website"},"primaryImageOfPage":{"@id":"https:\/\/physiotherapy.ca\/fr\/education-et-evenements\/cours-et-evenements\/la-place-du-marche-du-pp\/#primaryimage"},"image":{"@id":"https:\/\/physiotherapy.ca\/fr\/education-et-evenements\/cours-et-evenements\/la-place-du-marche-du-pp\/#primaryimage"},"thumbnailUrl":"https:\/\/physiotherapy.ca\/app\/uploads\/2022\/08\/pd-marketplace-logos-web-fr.jpg","datePublished":"2022-08-02T19:28:27+00:00","dateModified":"2022-09-07T15:16:07+00:00","breadcrumb":{"@id":"https:\/\/physiotherapy.ca\/fr\/education-et-evenements\/cours-et-evenements\/la-place-du-marche-du-pp\/#breadcrumb"},"inLanguage":"fr-FR","potentialAction":[{"@type":"ReadAction","target":["https:\/\/physiotherapy.ca\/fr\/education-et-evenements\/cours-et-evenements\/la-place-du-marche-du-pp\/"]}]},{"@type":"ImageObject","inLanguage":"fr-FR","@id":"https:\/\/physiotherapy.ca\/fr\/education-et-evenements\/cours-et-evenements\/la-place-du-marche-du-pp\/#primaryimage","url":"https:\/\/physiotherapy.ca\/app\/uploads\/2022\/08\/pd-marketplace-logos-web-fr.jpg","contentUrl":"https:\/\/physiotherapy.ca\/app\/uploads\/2022\/08\/pd-marketplace-logos-web-fr.jpg"},{"@type":"BreadcrumbList","@id":"https:\/\/physiotherapy.ca\/fr\/education-et-evenements\/cours-et-evenements\/la-place-du-marche-du-pp\/#breadcrumb","itemListElement":[{"@type":"ListItem","position":1,"name":"Home","item":"https:\/\/physiotherapy.ca\/fr\/"},{"@type":"ListItem","position":2,"name":"\u00c9ducation et \u00e9v\u00e9nements","item":"https:\/\/physiotherapy.ca\/fr\/education-et-evenements\/"},{"@type":"ListItem","position":3,"name":"Cours et \u00e9v\u00e9nements","item":"https:\/\/physiotherapy.ca\/fr\/education-et-evenements\/cours-et-evenements\/"},{"@type":"ListItem","position":4,"name":"La Place du march\u00e9 du PP"}]},{"@type":"WebSite","@id":"https:\/\/physiotherapy.ca\/#website","url":"https:\/\/physiotherapy.ca\/","name":"Canadian Physiotherapy Association","description":"The Canadian Physiotherapy Association (CPA) represents over 16,000 physiotherapy professionals and students across Canada.","potentialAction":[{"@type":"SearchAction","target":{"@type":"EntryPoint","urlTemplate":"https:\/\/physiotherapy.ca\/?s={search_term_string}"},"query-input":{"@type":"PropertyValueSpecification","valueRequired":true,"valueName":"search_term_string"}}],"inLanguage":"fr-FR"}]}},"_links":{"self":[{"href":"https:\/\/physiotherapy.ca\/fr\/wp-json\/wp\/v2\/pages\/4630","targetHints":{"allow":["GET"]}}],"collection":[{"href":"https:\/\/physiotherapy.ca\/fr\/wp-json\/wp\/v2\/pages"}],"about":[{"href":"https:\/\/physiotherapy.ca\/fr\/wp-json\/wp\/v2\/types\/page"}],"author":[{"embeddable":true,"href":"https:\/\/physiotherapy.ca\/fr\/wp-json\/wp\/v2\/users\/1"}],"replies":[{"embeddable":true,"href":"https:\/\/physiotherapy.ca\/fr\/wp-json\/wp\/v2\/comments?post=4630"}],"version-history":[{"count":5,"href":"https:\/\/physiotherapy.ca\/fr\/wp-json\/wp\/v2\/pages\/4630\/revisions"}],"predecessor-version":[{"id":21899,"href":"https:\/\/physiotherapy.ca\/fr\/wp-json\/wp\/v2\/pages\/4630\/revisions\/21899"}],"up":[{"embeddable":true,"href":"https:\/\/physiotherapy.ca\/fr\/wp-json\/wp\/v2\/pages\/1582"}],"wp:attachment":[{"href":"https:\/\/physiotherapy.ca\/fr\/wp-json\/wp\/v2\/media?parent=4630"}],"wp:term":[{"taxonomy":"topic","embeddable":true,"href":"https:\/\/physiotherapy.ca\/fr\/wp-json\/wp\/v2\/topic?post=4630"}],"curies":[{"name":"wp","href":"https:\/\/api.w.org\/{rel}","templated":true}]}}