{"id":5090,"date":"2022-08-03T17:04:05","date_gmt":"2022-08-03T21:04:05","guid":{"rendered":"https:\/\/physiotherapy.ca\/?page_id=5090"},"modified":"2022-08-22T11:22:34","modified_gmt":"2022-08-22T15:22:34","slug":"assurance-manuvie","status":"publish","type":"page","link":"https:\/\/physiotherapy.ca\/fr\/membership-fr\/rabais-et-privileges\/assurance-manuvie\/","title":{"rendered":"Assurance Manuvie"},"content":{"rendered":"\n<h3 class=\"wp-block-heading\">Obtenez une assurance collective qui vous offre la couverture dont vous avez besoin<\/h3>\n\n\n\n<h4 class=\"wp-block-heading\">\u00c0 titre de membre de l\u2019ACP, vous avez acc\u00e8s \u00e0 des taux collectifs peu \u00e9lev\u00e9s et concurrentiels d\u2019une gamme compl\u00e8te de r\u00e9gimes d\u2019assurance qui ne sont pas offerts au grand public. Faites comme un grand nombre de vos coll\u00e8gues et les membres de leur famille partout au Canada qui ont fait de Manuvie leur couverture d\u2019assurance de premier ordre!<\/h4>\n\n\n\n<div class=\"wp-block-image\"><figure class=\"aligncenter size-full\"><img loading=\"lazy\" decoding=\"async\" width=\"289\" height=\"65\" src=\"https:\/\/physiotherapy.ca\/app\/uploads\/2022\/08\/manulife-fr_2.jpg\" alt=\"\" class=\"wp-image-5076\"\/><\/figure><\/div>\n\n\n\n<p>Profitez de ces&nbsp;<a href=\"https:\/\/www.assurance-manuvie.ca\/physios\/\">r\u00e9gimes d&#8217;assurance<\/a>&nbsp;disponibles uniquement pour les membres&nbsp;:<br>&nbsp;<\/p>\n\n\n\n<ul class=\"wp-block-list\"><li><strong>Assurance soins m\u00e9dicaux et soins dentaires<\/strong>&nbsp;\u2013 Cette couverture procure une couverture pour les frais courants comme les m\u00e9dicaments sur ordonnance, les soins dentaires, les lunettes, les frais de massoth\u00e9rapie et plus encore.<\/li><li><strong>Assurance vie temporaire&nbsp;<\/strong>\u2013 Une fa\u00e7on abordable de veiller au bien-\u00eatre de votre famille, peu importe ce que l\u2019avenir vous r\u00e9serve.<\/li><li><strong>Assurance vie des enfants&nbsp;<\/strong>\u2013 Une prime mensuelle modique couvre tous vos enfants admissibles.<\/li><li><strong>Assurance Protection Accidents<\/strong>&nbsp;\u2013 Elle procure une prestation forfaitaire pour aider votre famille durant les p\u00e9riodes difficiles.<\/li><li><strong>Protection du revenu<\/strong>&nbsp;\u2013 Continuez \u00e0 subvenir aux besoins de votre famille, m\u00eame si un accident ou une maladie devait vous emp\u00eacher de travailler.<\/li><li><strong>Frais g\u00e9n\u00e9raux<\/strong>&nbsp;\u2013Payez les frais n\u00e9cessaires \u00e0 l\u2019exploitation de votre entreprise individuelle ou de votre soci\u00e9t\u00e9 de personnes si un accident ou une maladie devait un jour vous emp\u00eacher de travailler.<\/li><\/ul>\n\n\n\n<p> <a href=\"https:\/\/www.assurance-manuvie.ca\/physios\/\">En savoir plus<\/a><\/p>\n\n\n\n<p style=\"font-size:14px\">*Cette page contient des liens vers des sites qui ne sont pas g\u00e9r\u00e9s par l\u2019ACP qui fournissent de l\u2019information suppl\u00e9mentaire sur les services offerts et \u00e0 partir desquels des produits et des services peuvent \u00eatre mis \u00e0 votre disposition. En cliquant sur ces liens,&nbsp;vous allez quitter le site physiotherapy.ca&nbsp;et entrer sur un site qui n\u2019est pas g\u00e9r\u00e9 par l\u2019ACP. Ces liens sont fournis exclusivement pour votre commodit\u00e9 et&nbsp;l\u2019inclusion d\u2019un lien ne signifie aucunement que l\u2019ACP a approuv\u00e9, valid\u00e9 ou v\u00e9rifi\u00e9 lesdits sites, les renseignements contenus sur ces derniers ou leurs politiques quant \u00e0 la protection de la vie priv\u00e9e et de la s\u00e9curit\u00e9. Si vous d\u00e9cidez d\u2019acc\u00e9der \u00e0 de tels sites qui ne sont pas g\u00e9r\u00e9s par l\u2019ACP ou d\u2019acheter des produits ou des services des propri\u00e9taires ou des exploitants de ces sites, vous le faites \u00e0 vos propres risques, et l\u2019ACP n\u2019est aucunement responsable envers vous pour un tel acc\u00e8s ou achat.<\/p>\n","protected":false},"excerpt":{"rendered":"<p>Obtenez une assurance collective qui vous offre la couverture dont vous avez besoin \u00c0 titre de membre de l\u2019ACP, vous avez acc\u00e8s \u00e0 des taux collectifs peu \u00e9lev\u00e9s et concurrentiels d\u2019une gamme compl\u00e8te de r\u00e9gimes d\u2019assurance qui ne sont pas [&hellip;]<\/p>\n","protected":false},"author":1,"featured_media":0,"parent":5063,"menu_order":6,"comment_status":"closed","ping_status":"closed","template":"","meta":{"inline_featured_image":false,"ep_exclude_from_search":false,"footnotes":""},"topic":[],"class_list":["post-5090","page","type-page","status-publish","hentry"],"acf":[],"yoast_head":"<!-- This site is optimized with the Yoast SEO plugin v24.7 - https:\/\/yoast.com\/wordpress\/plugins\/seo\/ -->\n<title>Assurance Manuvie - Canadian Physiotherapy Association<\/title>\n<meta name=\"robots\" content=\"index, follow, max-snippet:-1, max-image-preview:large, max-video-preview:-1\" \/>\n<link rel=\"canonical\" href=\"https:\/\/physiotherapy.ca\/fr\/membership-fr\/rabais-et-privileges\/assurance-manuvie\/\" \/>\n<meta property=\"og:locale\" content=\"fr_FR\" \/>\n<meta property=\"og:type\" content=\"article\" \/>\n<meta property=\"og:title\" content=\"Assurance Manuvie - Canadian Physiotherapy Association\" \/>\n<meta property=\"og:description\" content=\"Obtenez une assurance collective qui vous offre la couverture dont vous avez besoin \u00c0 titre de membre de l\u2019ACP, vous avez acc\u00e8s \u00e0 des taux collectifs peu \u00e9lev\u00e9s et concurrentiels d\u2019une gamme compl\u00e8te de r\u00e9gimes d\u2019assurance qui ne sont pas [&hellip;]\" \/>\n<meta property=\"og:url\" content=\"https:\/\/physiotherapy.ca\/fr\/membership-fr\/rabais-et-privileges\/assurance-manuvie\/\" \/>\n<meta property=\"og:site_name\" content=\"Canadian Physiotherapy Association\" \/>\n<meta property=\"article:modified_time\" content=\"2022-08-22T15:22:34+00:00\" \/>\n<meta property=\"og:image\" content=\"https:\/\/physiotherapy.ca\/app\/uploads\/2022\/08\/manulife-fr_2.jpg\" \/>\n<meta name=\"twitter:card\" content=\"summary_large_image\" \/>\n<meta name=\"twitter:label1\" content=\"Est. reading time\" \/>\n\t<meta name=\"twitter:data1\" content=\"2 minutes\" \/>\n<script type=\"application\/ld+json\" class=\"yoast-schema-graph\">{\"@context\":\"https:\/\/schema.org\",\"@graph\":[{\"@type\":\"WebPage\",\"@id\":\"https:\/\/physiotherapy.ca\/fr\/membership-fr\/rabais-et-privileges\/assurance-manuvie\/\",\"url\":\"https:\/\/physiotherapy.ca\/fr\/membership-fr\/rabais-et-privileges\/assurance-manuvie\/\",\"name\":\"Assurance Manuvie - Canadian Physiotherapy Association\",\"isPartOf\":{\"@id\":\"https:\/\/physiotherapy.ca\/#website\"},\"primaryImageOfPage\":{\"@id\":\"https:\/\/physiotherapy.ca\/fr\/membership-fr\/rabais-et-privileges\/assurance-manuvie\/#primaryimage\"},\"image\":{\"@id\":\"https:\/\/physiotherapy.ca\/fr\/membership-fr\/rabais-et-privileges\/assurance-manuvie\/#primaryimage\"},\"thumbnailUrl\":\"https:\/\/physiotherapy.ca\/app\/uploads\/2022\/08\/manulife-fr_2.jpg\",\"datePublished\":\"2022-08-03T21:04:05+00:00\",\"dateModified\":\"2022-08-22T15:22:34+00:00\",\"breadcrumb\":{\"@id\":\"https:\/\/physiotherapy.ca\/fr\/membership-fr\/rabais-et-privileges\/assurance-manuvie\/#breadcrumb\"},\"inLanguage\":\"fr-FR\",\"potentialAction\":[{\"@type\":\"ReadAction\",\"target\":[\"https:\/\/physiotherapy.ca\/fr\/membership-fr\/rabais-et-privileges\/assurance-manuvie\/\"]}]},{\"@type\":\"ImageObject\",\"inLanguage\":\"fr-FR\",\"@id\":\"https:\/\/physiotherapy.ca\/fr\/membership-fr\/rabais-et-privileges\/assurance-manuvie\/#primaryimage\",\"url\":\"https:\/\/physiotherapy.ca\/app\/uploads\/2022\/08\/manulife-fr_2.jpg\",\"contentUrl\":\"https:\/\/physiotherapy.ca\/app\/uploads\/2022\/08\/manulife-fr_2.jpg\"},{\"@type\":\"BreadcrumbList\",\"@id\":\"https:\/\/physiotherapy.ca\/fr\/membership-fr\/rabais-et-privileges\/assurance-manuvie\/#breadcrumb\",\"itemListElement\":[{\"@type\":\"ListItem\",\"position\":1,\"name\":\"Home\",\"item\":\"https:\/\/physiotherapy.ca\/fr\/\"},{\"@type\":\"ListItem\",\"position\":2,\"name\":\"Membership FR\",\"item\":\"https:\/\/physiotherapy.ca\/fr\/membership-fr\/\"},{\"@type\":\"ListItem\",\"position\":3,\"name\":\"Rabais et privil\u00e8ges\",\"item\":\"https:\/\/physiotherapy.ca\/fr\/membership-fr\/rabais-et-privileges\/\"},{\"@type\":\"ListItem\",\"position\":4,\"name\":\"Assurance Manuvie\"}]},{\"@type\":\"WebSite\",\"@id\":\"https:\/\/physiotherapy.ca\/#website\",\"url\":\"https:\/\/physiotherapy.ca\/\",\"name\":\"Canadian Physiotherapy Association\",\"description\":\"The Canadian Physiotherapy Association (CPA) represents over 16,000 physiotherapy professionals and students across Canada.\",\"potentialAction\":[{\"@type\":\"SearchAction\",\"target\":{\"@type\":\"EntryPoint\",\"urlTemplate\":\"https:\/\/physiotherapy.ca\/?s={search_term_string}\"},\"query-input\":{\"@type\":\"PropertyValueSpecification\",\"valueRequired\":true,\"valueName\":\"search_term_string\"}}],\"inLanguage\":\"fr-FR\"}]}<\/script>\n<!-- \/ Yoast SEO plugin. -->","yoast_head_json":{"title":"Assurance Manuvie - Canadian Physiotherapy Association","robots":{"index":"index","follow":"follow","max-snippet":"max-snippet:-1","max-image-preview":"max-image-preview:large","max-video-preview":"max-video-preview:-1"},"canonical":"https:\/\/physiotherapy.ca\/fr\/membership-fr\/rabais-et-privileges\/assurance-manuvie\/","og_locale":"fr_FR","og_type":"article","og_title":"Assurance Manuvie - Canadian Physiotherapy Association","og_description":"Obtenez une assurance collective qui vous offre la couverture dont vous avez besoin \u00c0 titre de membre de l\u2019ACP, vous avez acc\u00e8s \u00e0 des taux collectifs peu \u00e9lev\u00e9s et concurrentiels d\u2019une gamme compl\u00e8te de r\u00e9gimes d\u2019assurance qui ne sont pas [&hellip;]","og_url":"https:\/\/physiotherapy.ca\/fr\/membership-fr\/rabais-et-privileges\/assurance-manuvie\/","og_site_name":"Canadian Physiotherapy Association","article_modified_time":"2022-08-22T15:22:34+00:00","og_image":[{"url":"https:\/\/physiotherapy.ca\/app\/uploads\/2022\/08\/manulife-fr_2.jpg","type":"","width":"","height":""}],"twitter_card":"summary_large_image","twitter_misc":{"Est. reading time":"2 minutes"},"schema":{"@context":"https:\/\/schema.org","@graph":[{"@type":"WebPage","@id":"https:\/\/physiotherapy.ca\/fr\/membership-fr\/rabais-et-privileges\/assurance-manuvie\/","url":"https:\/\/physiotherapy.ca\/fr\/membership-fr\/rabais-et-privileges\/assurance-manuvie\/","name":"Assurance Manuvie - Canadian Physiotherapy Association","isPartOf":{"@id":"https:\/\/physiotherapy.ca\/#website"},"primaryImageOfPage":{"@id":"https:\/\/physiotherapy.ca\/fr\/membership-fr\/rabais-et-privileges\/assurance-manuvie\/#primaryimage"},"image":{"@id":"https:\/\/physiotherapy.ca\/fr\/membership-fr\/rabais-et-privileges\/assurance-manuvie\/#primaryimage"},"thumbnailUrl":"https:\/\/physiotherapy.ca\/app\/uploads\/2022\/08\/manulife-fr_2.jpg","datePublished":"2022-08-03T21:04:05+00:00","dateModified":"2022-08-22T15:22:34+00:00","breadcrumb":{"@id":"https:\/\/physiotherapy.ca\/fr\/membership-fr\/rabais-et-privileges\/assurance-manuvie\/#breadcrumb"},"inLanguage":"fr-FR","potentialAction":[{"@type":"ReadAction","target":["https:\/\/physiotherapy.ca\/fr\/membership-fr\/rabais-et-privileges\/assurance-manuvie\/"]}]},{"@type":"ImageObject","inLanguage":"fr-FR","@id":"https:\/\/physiotherapy.ca\/fr\/membership-fr\/rabais-et-privileges\/assurance-manuvie\/#primaryimage","url":"https:\/\/physiotherapy.ca\/app\/uploads\/2022\/08\/manulife-fr_2.jpg","contentUrl":"https:\/\/physiotherapy.ca\/app\/uploads\/2022\/08\/manulife-fr_2.jpg"},{"@type":"BreadcrumbList","@id":"https:\/\/physiotherapy.ca\/fr\/membership-fr\/rabais-et-privileges\/assurance-manuvie\/#breadcrumb","itemListElement":[{"@type":"ListItem","position":1,"name":"Home","item":"https:\/\/physiotherapy.ca\/fr\/"},{"@type":"ListItem","position":2,"name":"Membership FR","item":"https:\/\/physiotherapy.ca\/fr\/membership-fr\/"},{"@type":"ListItem","position":3,"name":"Rabais et privil\u00e8ges","item":"https:\/\/physiotherapy.ca\/fr\/membership-fr\/rabais-et-privileges\/"},{"@type":"ListItem","position":4,"name":"Assurance Manuvie"}]},{"@type":"WebSite","@id":"https:\/\/physiotherapy.ca\/#website","url":"https:\/\/physiotherapy.ca\/","name":"Canadian Physiotherapy Association","description":"The Canadian Physiotherapy Association (CPA) represents over 16,000 physiotherapy professionals and students across Canada.","potentialAction":[{"@type":"SearchAction","target":{"@type":"EntryPoint","urlTemplate":"https:\/\/physiotherapy.ca\/?s={search_term_string}"},"query-input":{"@type":"PropertyValueSpecification","valueRequired":true,"valueName":"search_term_string"}}],"inLanguage":"fr-FR"}]}},"_links":{"self":[{"href":"https:\/\/physiotherapy.ca\/fr\/wp-json\/wp\/v2\/pages\/5090","targetHints":{"allow":["GET"]}}],"collection":[{"href":"https:\/\/physiotherapy.ca\/fr\/wp-json\/wp\/v2\/pages"}],"about":[{"href":"https:\/\/physiotherapy.ca\/fr\/wp-json\/wp\/v2\/types\/page"}],"author":[{"embeddable":true,"href":"https:\/\/physiotherapy.ca\/fr\/wp-json\/wp\/v2\/users\/1"}],"replies":[{"embeddable":true,"href":"https:\/\/physiotherapy.ca\/fr\/wp-json\/wp\/v2\/comments?post=5090"}],"version-history":[{"count":2,"href":"https:\/\/physiotherapy.ca\/fr\/wp-json\/wp\/v2\/pages\/5090\/revisions"}],"predecessor-version":[{"id":11789,"href":"https:\/\/physiotherapy.ca\/fr\/wp-json\/wp\/v2\/pages\/5090\/revisions\/11789"}],"up":[{"embeddable":true,"href":"https:\/\/physiotherapy.ca\/fr\/wp-json\/wp\/v2\/pages\/5063"}],"wp:attachment":[{"href":"https:\/\/physiotherapy.ca\/fr\/wp-json\/wp\/v2\/media?parent=5090"}],"wp:term":[{"taxonomy":"topic","embeddable":true,"href":"https:\/\/physiotherapy.ca\/fr\/wp-json\/wp\/v2\/topic?post=5090"}],"curies":[{"name":"wp","href":"https:\/\/api.w.org\/{rel}","templated":true}]}}