{"id":5095,"date":"2022-08-03T17:42:17","date_gmt":"2022-08-03T21:42:17","guid":{"rendered":"https:\/\/physiotherapy.ca\/?page_id=5095"},"modified":"2024-10-17T14:13:05","modified_gmt":"2024-10-17T18:13:05","slug":"bia-formations","status":"publish","type":"page","link":"https:\/\/physiotherapy.ca\/fr\/bia-formations\/","title":{"rendered":"BIA Formations"},"content":{"rendered":"<div class=\"wp-block-image\">\n<figure class=\"aligncenter size-large\"><img loading=\"lazy\" decoding=\"async\" width=\"1024\" height=\"256\" src=\"https:\/\/physiotherapy.ca\/app\/uploads\/2022\/07\/BIAformations_img-1024x256.png\" alt=\"\" class=\"wp-image-3754\" srcset=\"https:\/\/physiotherapy.ca\/app\/uploads\/2022\/07\/BIAformations_img-1024x256.png 1024w, https:\/\/physiotherapy.ca\/app\/uploads\/2022\/07\/BIAformations_img-300x75.png 300w, https:\/\/physiotherapy.ca\/app\/uploads\/2022\/07\/BIAformations_img-768x192.png 768w, https:\/\/physiotherapy.ca\/app\/uploads\/2022\/07\/BIAformations_img-1536x384.png 1536w, https:\/\/physiotherapy.ca\/app\/uploads\/2022\/07\/BIAformations_img-390x98.png 390w, https:\/\/physiotherapy.ca\/app\/uploads\/2022\/07\/BIAformations_img-600x150.png 600w, https:\/\/physiotherapy.ca\/app\/uploads\/2022\/07\/BIAformations_img.png 1920w\" sizes=\"auto, (max-width: 1024px) 100vw, 1024px\" \/><\/figure><\/div>\n\n\n<h4 class=\"wp-block-heading\">Les membres de l&#8217;ACP b\u00e9n\u00e9ficient d&#8217;une r\u00e9duction<br>exclusive de 20 % sur les cours en ligne de Bia.<\/h4>\n\n\n\n<p><strong><strong>Le CPA fait \u00e9quipe avec Bia<\/strong><\/strong><\/p>\n\n\n\n<p>Bia a pour objectif d&#8217;acc\u00e9l\u00e9rer le transfert de nouvelles preuves scientifiques gr\u00e2ce \u00e0 des m\u00e9thodes d&#8217;enseignement innovantes, attrayantes et amusantes.<\/p>\n\n\n\n<p>Les membres de l&#8217;ACP b\u00e9n\u00e9ficient d&#8217;une r\u00e9duction exclusive de 20 % &#8211; Il suffit de\u00a0<a href=\"https:\/\/bia-education.com\/fr\/\">cliquer ici<\/a>\u00a0pour d\u00e9couvrir leurs cours et d&#8217;utiliser le code promotionnel CPA20 au moment du r\u00e8glement.<\/p>\n\n\n<div class=\"wp-block-image\">\n<figure class=\"aligncenter size-full is-resized\"><img loading=\"lazy\" decoding=\"async\" width=\"289\" height=\"162\" src=\"https:\/\/physiotherapy.ca\/app\/uploads\/2022\/07\/logo_bia_a_cmyk.jpg\" alt=\"\" class=\"wp-image-3702\" style=\"width:364px;height:204px\"\/><\/figure><\/div>\n\n\n<p>Bia Formations est un centre d\u2019\u00e9ducation pour les physioth\u00e9rapeutes et les professionnels de la sant\u00e9. Nous travaillons avec des instructeurs experts \u00e0 travers le monde pour cr\u00e9er des formations en ligne, des blogues, des vid\u00e9os et des webinaires. Notre objectif est d&#8217;acc\u00e9l\u00e9rer le transfert de nouvelles \u00e9vidences scientifiques gr\u00e2ce \u00e0 des m\u00e9thodes d&#8217;enseignement innovantes, engageantes et stimulantes. Chez Bia, nous vous proposons 10 th\u00e9matiques de formation continue et plus de 50 formations en ligne&#8230; pourquoi ne pas apprendre avec nous?<\/p>\n\n\n\n<p><\/p>\n\n\n\n<p><\/p>\n\n\n\n<p style=\"font-size:14px\">*Cette page contient des liens vers des sites qui ne sont pas g\u00e9r\u00e9s par l\u2019ACP qui fournissent de l\u2019information suppl\u00e9mentaire sur les services offerts et \u00e0 partir desquels des produits et des services peuvent \u00eatre mis \u00e0 votre disposition. En cliquant sur ces liens,&nbsp;vous allez quitter le site physiotherapy.ca&nbsp;et entrer sur un site qui n\u2019est pas g\u00e9r\u00e9 par l\u2019ACP. Ces liens sont fournis exclusivement pour votre commodit\u00e9 et&nbsp;l\u2019inclusion d\u2019un lien ne signifie aucunement que l\u2019ACP a approuv\u00e9, valid\u00e9 ou v\u00e9rifi\u00e9 lesdits sites, les renseignements contenus sur ces derniers ou leurs politiques quant \u00e0 la protection de la vie priv\u00e9e et de la s\u00e9curit\u00e9. Si vous d\u00e9cidez d\u2019acc\u00e9der \u00e0 de tels sites qui ne sont pas g\u00e9r\u00e9s par l\u2019ACP ou d\u2019acheter des produits ou des services des propri\u00e9taires ou des exploitants de ces sites, vous le faites \u00e0 vos propres risques, et l\u2019ACP n\u2019est aucunement responsable envers vous pour un tel acc\u00e8s ou achat.<\/p>\n","protected":false},"excerpt":{"rendered":"<p>Les membres de l&#8217;ACP b\u00e9n\u00e9ficient d&#8217;une r\u00e9ductionexclusive de 20 % sur les cours en ligne de Bia. Le CPA fait \u00e9quipe avec Bia Bia a pour objectif d&#8217;acc\u00e9l\u00e9rer le transfert de nouvelles preuves scientifiques gr\u00e2ce \u00e0 des m\u00e9thodes d&#8217;enseignement innovantes, [&hellip;]<\/p>\n","protected":false},"author":1,"featured_media":0,"parent":0,"menu_order":0,"comment_status":"closed","ping_status":"closed","template":"","meta":{"inline_featured_image":false,"ep_exclude_from_search":false,"footnotes":""},"topic":[],"class_list":["post-5095","page","type-page","status-publish","hentry"],"acf":[],"yoast_head":"<!-- This site is optimized with the Yoast SEO plugin v24.7 - https:\/\/yoast.com\/wordpress\/plugins\/seo\/ -->\n<title>BIA Formations - Canadian Physiotherapy Association<\/title>\n<meta name=\"robots\" content=\"index, follow, max-snippet:-1, max-image-preview:large, max-video-preview:-1\" \/>\n<link rel=\"canonical\" href=\"https:\/\/physiotherapy.ca\/fr\/bia-formations\/\" \/>\n<meta property=\"og:locale\" content=\"fr_FR\" \/>\n<meta property=\"og:type\" content=\"article\" \/>\n<meta property=\"og:title\" content=\"BIA Formations - Canadian Physiotherapy Association\" \/>\n<meta property=\"og:description\" content=\"Les membres de l&#8217;ACP b\u00e9n\u00e9ficient d&#8217;une r\u00e9ductionexclusive de 20 % sur les cours en ligne de Bia. Le CPA fait \u00e9quipe avec Bia Bia a pour objectif d&#8217;acc\u00e9l\u00e9rer le transfert de nouvelles preuves scientifiques gr\u00e2ce \u00e0 des m\u00e9thodes d&#8217;enseignement innovantes, [&hellip;]\" \/>\n<meta property=\"og:url\" content=\"https:\/\/physiotherapy.ca\/fr\/bia-formations\/\" \/>\n<meta property=\"og:site_name\" content=\"Canadian Physiotherapy Association\" \/>\n<meta property=\"article:modified_time\" content=\"2024-10-17T18:13:05+00:00\" \/>\n<meta property=\"og:image\" content=\"https:\/\/physiotherapy.ca\/app\/uploads\/2022\/07\/BIAformations_img-1024x256.png\" \/>\n<meta name=\"twitter:card\" content=\"summary_large_image\" \/>\n<meta name=\"twitter:label1\" content=\"Est. reading time\" \/>\n\t<meta name=\"twitter:data1\" content=\"2 minutes\" \/>\n<script type=\"application\/ld+json\" class=\"yoast-schema-graph\">{\"@context\":\"https:\/\/schema.org\",\"@graph\":[{\"@type\":\"WebPage\",\"@id\":\"https:\/\/physiotherapy.ca\/fr\/bia-formations\/\",\"url\":\"https:\/\/physiotherapy.ca\/fr\/bia-formations\/\",\"name\":\"BIA Formations - Canadian Physiotherapy Association\",\"isPartOf\":{\"@id\":\"https:\/\/physiotherapy.ca\/#website\"},\"primaryImageOfPage\":{\"@id\":\"https:\/\/physiotherapy.ca\/fr\/bia-formations\/#primaryimage\"},\"image\":{\"@id\":\"https:\/\/physiotherapy.ca\/fr\/bia-formations\/#primaryimage\"},\"thumbnailUrl\":\"https:\/\/physiotherapy.ca\/app\/uploads\/2022\/07\/BIAformations_img-1024x256.png\",\"datePublished\":\"2022-08-03T21:42:17+00:00\",\"dateModified\":\"2024-10-17T18:13:05+00:00\",\"breadcrumb\":{\"@id\":\"https:\/\/physiotherapy.ca\/fr\/bia-formations\/#breadcrumb\"},\"inLanguage\":\"fr-FR\",\"potentialAction\":[{\"@type\":\"ReadAction\",\"target\":[\"https:\/\/physiotherapy.ca\/fr\/bia-formations\/\"]}]},{\"@type\":\"ImageObject\",\"inLanguage\":\"fr-FR\",\"@id\":\"https:\/\/physiotherapy.ca\/fr\/bia-formations\/#primaryimage\",\"url\":\"https:\/\/physiotherapy.ca\/app\/uploads\/2022\/07\/BIAformations_img-1024x256.png\",\"contentUrl\":\"https:\/\/physiotherapy.ca\/app\/uploads\/2022\/07\/BIAformations_img-1024x256.png\"},{\"@type\":\"BreadcrumbList\",\"@id\":\"https:\/\/physiotherapy.ca\/fr\/bia-formations\/#breadcrumb\",\"itemListElement\":[{\"@type\":\"ListItem\",\"position\":1,\"name\":\"Home\",\"item\":\"https:\/\/physiotherapy.ca\/fr\/\"},{\"@type\":\"ListItem\",\"position\":2,\"name\":\"BIA Formations\"}]},{\"@type\":\"WebSite\",\"@id\":\"https:\/\/physiotherapy.ca\/#website\",\"url\":\"https:\/\/physiotherapy.ca\/\",\"name\":\"Canadian Physiotherapy Association\",\"description\":\"The Canadian Physiotherapy Association (CPA) represents over 16,000 physiotherapy professionals and students across Canada.\",\"potentialAction\":[{\"@type\":\"SearchAction\",\"target\":{\"@type\":\"EntryPoint\",\"urlTemplate\":\"https:\/\/physiotherapy.ca\/?s={search_term_string}\"},\"query-input\":{\"@type\":\"PropertyValueSpecification\",\"valueRequired\":true,\"valueName\":\"search_term_string\"}}],\"inLanguage\":\"fr-FR\"}]}<\/script>\n<!-- \/ Yoast SEO plugin. -->","yoast_head_json":{"title":"BIA Formations - Canadian Physiotherapy Association","robots":{"index":"index","follow":"follow","max-snippet":"max-snippet:-1","max-image-preview":"max-image-preview:large","max-video-preview":"max-video-preview:-1"},"canonical":"https:\/\/physiotherapy.ca\/fr\/bia-formations\/","og_locale":"fr_FR","og_type":"article","og_title":"BIA Formations - Canadian Physiotherapy Association","og_description":"Les membres de l&#8217;ACP b\u00e9n\u00e9ficient d&#8217;une r\u00e9ductionexclusive de 20 % sur les cours en ligne de Bia. Le CPA fait \u00e9quipe avec Bia Bia a pour objectif d&#8217;acc\u00e9l\u00e9rer le transfert de nouvelles preuves scientifiques gr\u00e2ce \u00e0 des m\u00e9thodes d&#8217;enseignement innovantes, [&hellip;]","og_url":"https:\/\/physiotherapy.ca\/fr\/bia-formations\/","og_site_name":"Canadian Physiotherapy Association","article_modified_time":"2024-10-17T18:13:05+00:00","og_image":[{"url":"https:\/\/physiotherapy.ca\/app\/uploads\/2022\/07\/BIAformations_img-1024x256.png","type":"","width":"","height":""}],"twitter_card":"summary_large_image","twitter_misc":{"Est. reading time":"2 minutes"},"schema":{"@context":"https:\/\/schema.org","@graph":[{"@type":"WebPage","@id":"https:\/\/physiotherapy.ca\/fr\/bia-formations\/","url":"https:\/\/physiotherapy.ca\/fr\/bia-formations\/","name":"BIA Formations - Canadian Physiotherapy Association","isPartOf":{"@id":"https:\/\/physiotherapy.ca\/#website"},"primaryImageOfPage":{"@id":"https:\/\/physiotherapy.ca\/fr\/bia-formations\/#primaryimage"},"image":{"@id":"https:\/\/physiotherapy.ca\/fr\/bia-formations\/#primaryimage"},"thumbnailUrl":"https:\/\/physiotherapy.ca\/app\/uploads\/2022\/07\/BIAformations_img-1024x256.png","datePublished":"2022-08-03T21:42:17+00:00","dateModified":"2024-10-17T18:13:05+00:00","breadcrumb":{"@id":"https:\/\/physiotherapy.ca\/fr\/bia-formations\/#breadcrumb"},"inLanguage":"fr-FR","potentialAction":[{"@type":"ReadAction","target":["https:\/\/physiotherapy.ca\/fr\/bia-formations\/"]}]},{"@type":"ImageObject","inLanguage":"fr-FR","@id":"https:\/\/physiotherapy.ca\/fr\/bia-formations\/#primaryimage","url":"https:\/\/physiotherapy.ca\/app\/uploads\/2022\/07\/BIAformations_img-1024x256.png","contentUrl":"https:\/\/physiotherapy.ca\/app\/uploads\/2022\/07\/BIAformations_img-1024x256.png"},{"@type":"BreadcrumbList","@id":"https:\/\/physiotherapy.ca\/fr\/bia-formations\/#breadcrumb","itemListElement":[{"@type":"ListItem","position":1,"name":"Home","item":"https:\/\/physiotherapy.ca\/fr\/"},{"@type":"ListItem","position":2,"name":"BIA Formations"}]},{"@type":"WebSite","@id":"https:\/\/physiotherapy.ca\/#website","url":"https:\/\/physiotherapy.ca\/","name":"Canadian Physiotherapy Association","description":"The Canadian Physiotherapy Association (CPA) represents over 16,000 physiotherapy professionals and students across Canada.","potentialAction":[{"@type":"SearchAction","target":{"@type":"EntryPoint","urlTemplate":"https:\/\/physiotherapy.ca\/?s={search_term_string}"},"query-input":{"@type":"PropertyValueSpecification","valueRequired":true,"valueName":"search_term_string"}}],"inLanguage":"fr-FR"}]}},"_links":{"self":[{"href":"https:\/\/physiotherapy.ca\/fr\/wp-json\/wp\/v2\/pages\/5095","targetHints":{"allow":["GET"]}}],"collection":[{"href":"https:\/\/physiotherapy.ca\/fr\/wp-json\/wp\/v2\/pages"}],"about":[{"href":"https:\/\/physiotherapy.ca\/fr\/wp-json\/wp\/v2\/types\/page"}],"author":[{"embeddable":true,"href":"https:\/\/physiotherapy.ca\/fr\/wp-json\/wp\/v2\/users\/1"}],"replies":[{"embeddable":true,"href":"https:\/\/physiotherapy.ca\/fr\/wp-json\/wp\/v2\/comments?post=5095"}],"version-history":[{"count":2,"href":"https:\/\/physiotherapy.ca\/fr\/wp-json\/wp\/v2\/pages\/5095\/revisions"}],"predecessor-version":[{"id":237042,"href":"https:\/\/physiotherapy.ca\/fr\/wp-json\/wp\/v2\/pages\/5095\/revisions\/237042"}],"wp:attachment":[{"href":"https:\/\/physiotherapy.ca\/fr\/wp-json\/wp\/v2\/media?parent=5095"}],"wp:term":[{"taxonomy":"topic","embeddable":true,"href":"https:\/\/physiotherapy.ca\/fr\/wp-json\/wp\/v2\/topic?post=5095"}],"curies":[{"name":"wp","href":"https:\/\/api.w.org\/{rel}","templated":true}]}}