{"id":5097,"date":"2022-08-03T17:46:40","date_gmt":"2022-08-03T21:46:40","guid":{"rendered":"https:\/\/physiotherapy.ca\/?page_id=5097"},"modified":"2022-08-03T17:46:43","modified_gmt":"2022-08-03T21:46:43","slug":"performance-health","status":"publish","type":"page","link":"https:\/\/physiotherapy.ca\/fr\/performance-health\/","title":{"rendered":"Performance Health"},"content":{"rendered":"\n<div class=\"wp-block-media-text alignwide is-stacked-on-mobile\"><figure class=\"wp-block-media-text__media\"><img loading=\"lazy\" decoding=\"async\" width=\"1024\" height=\"572\" src=\"https:\/\/physiotherapy.ca\/app\/uploads\/2022\/07\/performance_health_2color-1024x572.png\" alt=\"\" class=\"wp-image-3720 size-full\" srcset=\"https:\/\/physiotherapy.ca\/app\/uploads\/2022\/07\/performance_health_2color-1024x572.png 1024w, https:\/\/physiotherapy.ca\/app\/uploads\/2022\/07\/performance_health_2color-300x167.png 300w, https:\/\/physiotherapy.ca\/app\/uploads\/2022\/07\/performance_health_2color-768x429.png 768w, https:\/\/physiotherapy.ca\/app\/uploads\/2022\/07\/performance_health_2color-1536x858.png 1536w, https:\/\/physiotherapy.ca\/app\/uploads\/2022\/07\/performance_health_2color-2048x1143.png 2048w, https:\/\/physiotherapy.ca\/app\/uploads\/2022\/07\/performance_health_2color-358x200.png 358w, https:\/\/physiotherapy.ca\/app\/uploads\/2022\/07\/performance_health_2color-600x335.png 600w\" sizes=\"auto, (max-width: 1024px) 100vw, 1024px\" \/><\/figure><div class=\"wp-block-media-text__content\">\n<p>Performance Health est un leader en soins de sant\u00e9 grand public et le plus gros fabricant mondial et distributeur de produits aux march\u00e9s de la r\u00e9adaptation et de la m\u00e9decine sportive. Les produits de l\u2019entreprise sont vendus aux \u00e9tablissements de soins de sant\u00e9 de pointe et aux praticiens comme les physioth\u00e9rapeutes, les entra\u00eeneurs et les chiropraticiens, de m\u00eame que directement aux consommateurs. Ses marques \u00e0 la fine pointe du march\u00e9, qui sont vendues dans plus de 100\u00a0pays, comprennent Biofreeze\u00ae, TheraBand\u00ae, TheraPearl\u00ae, Cramer\u00ae, Sammons Preston\u00ae, et Rolyan\u00ae.\u00a0<\/p>\n\n\n\n<p><strong>Performance Health offre un programme de solutions d\u2019affaires avec des prix exclusifs pour les membres de l\u2019ACP. T\u00e9l\u00e9phonez au 1-800-665-9200 pour activer votre compte et devenir un membre de solutions d\u2019affaires.<\/strong><\/p>\n<\/div><\/div>\n","protected":false},"excerpt":{"rendered":"<p>Performance Health est un leader en soins de sant\u00e9 grand public et le plus gros fabricant mondial et distributeur de produits aux march\u00e9s de la r\u00e9adaptation et de la m\u00e9decine sportive. Les produits de l\u2019entreprise sont vendus aux \u00e9tablissements de [&hellip;]<\/p>\n","protected":false},"author":1,"featured_media":0,"parent":0,"menu_order":0,"comment_status":"closed","ping_status":"closed","template":"","meta":{"inline_featured_image":false,"ep_exclude_from_search":false,"footnotes":""},"topic":[],"class_list":["post-5097","page","type-page","status-publish","hentry"],"acf":[],"yoast_head":"<!-- This site is optimized with the Yoast SEO plugin v24.7 - https:\/\/yoast.com\/wordpress\/plugins\/seo\/ -->\n<title>Performance Health - Canadian Physiotherapy Association<\/title>\n<meta name=\"robots\" content=\"index, follow, max-snippet:-1, max-image-preview:large, max-video-preview:-1\" \/>\n<link rel=\"canonical\" href=\"https:\/\/physiotherapy.ca\/fr\/performance-health\/\" \/>\n<meta property=\"og:locale\" content=\"fr_FR\" \/>\n<meta property=\"og:type\" content=\"article\" \/>\n<meta property=\"og:title\" content=\"Performance Health - Canadian Physiotherapy Association\" \/>\n<meta property=\"og:description\" content=\"Performance Health est un leader en soins de sant\u00e9 grand public et le plus gros fabricant mondial et distributeur de produits aux march\u00e9s de la r\u00e9adaptation et de la m\u00e9decine sportive. Les produits de l\u2019entreprise sont vendus aux \u00e9tablissements de [&hellip;]\" \/>\n<meta property=\"og:url\" content=\"https:\/\/physiotherapy.ca\/fr\/performance-health\/\" \/>\n<meta property=\"og:site_name\" content=\"Canadian Physiotherapy Association\" \/>\n<meta property=\"article:modified_time\" content=\"2022-08-03T21:46:43+00:00\" \/>\n<meta property=\"og:image\" content=\"https:\/\/physiotherapy.ca\/app\/uploads\/2022\/07\/performance_health_2color-1024x572.png\" \/>\n<meta name=\"twitter:card\" content=\"summary_large_image\" \/>\n<meta name=\"twitter:label1\" content=\"Est. reading time\" \/>\n\t<meta name=\"twitter:data1\" content=\"1 minute\" \/>\n<script type=\"application\/ld+json\" class=\"yoast-schema-graph\">{\"@context\":\"https:\/\/schema.org\",\"@graph\":[{\"@type\":\"WebPage\",\"@id\":\"https:\/\/physiotherapy.ca\/fr\/performance-health\/\",\"url\":\"https:\/\/physiotherapy.ca\/fr\/performance-health\/\",\"name\":\"Performance Health - Canadian Physiotherapy Association\",\"isPartOf\":{\"@id\":\"https:\/\/physiotherapy.ca\/#website\"},\"primaryImageOfPage\":{\"@id\":\"https:\/\/physiotherapy.ca\/fr\/performance-health\/#primaryimage\"},\"image\":{\"@id\":\"https:\/\/physiotherapy.ca\/fr\/performance-health\/#primaryimage\"},\"thumbnailUrl\":\"https:\/\/physiotherapy.ca\/app\/uploads\/2022\/07\/performance_health_2color-1024x572.png\",\"datePublished\":\"2022-08-03T21:46:40+00:00\",\"dateModified\":\"2022-08-03T21:46:43+00:00\",\"breadcrumb\":{\"@id\":\"https:\/\/physiotherapy.ca\/fr\/performance-health\/#breadcrumb\"},\"inLanguage\":\"fr-FR\",\"potentialAction\":[{\"@type\":\"ReadAction\",\"target\":[\"https:\/\/physiotherapy.ca\/fr\/performance-health\/\"]}]},{\"@type\":\"ImageObject\",\"inLanguage\":\"fr-FR\",\"@id\":\"https:\/\/physiotherapy.ca\/fr\/performance-health\/#primaryimage\",\"url\":\"https:\/\/physiotherapy.ca\/app\/uploads\/2022\/07\/performance_health_2color-1024x572.png\",\"contentUrl\":\"https:\/\/physiotherapy.ca\/app\/uploads\/2022\/07\/performance_health_2color-1024x572.png\"},{\"@type\":\"BreadcrumbList\",\"@id\":\"https:\/\/physiotherapy.ca\/fr\/performance-health\/#breadcrumb\",\"itemListElement\":[{\"@type\":\"ListItem\",\"position\":1,\"name\":\"Home\",\"item\":\"https:\/\/physiotherapy.ca\/fr\/\"},{\"@type\":\"ListItem\",\"position\":2,\"name\":\"Performance Health\"}]},{\"@type\":\"WebSite\",\"@id\":\"https:\/\/physiotherapy.ca\/#website\",\"url\":\"https:\/\/physiotherapy.ca\/\",\"name\":\"Canadian Physiotherapy Association\",\"description\":\"The Canadian Physiotherapy Association (CPA) represents over 16,000 physiotherapy professionals and students across Canada.\",\"potentialAction\":[{\"@type\":\"SearchAction\",\"target\":{\"@type\":\"EntryPoint\",\"urlTemplate\":\"https:\/\/physiotherapy.ca\/?s={search_term_string}\"},\"query-input\":{\"@type\":\"PropertyValueSpecification\",\"valueRequired\":true,\"valueName\":\"search_term_string\"}}],\"inLanguage\":\"fr-FR\"}]}<\/script>\n<!-- \/ Yoast SEO plugin. -->","yoast_head_json":{"title":"Performance Health - Canadian Physiotherapy Association","robots":{"index":"index","follow":"follow","max-snippet":"max-snippet:-1","max-image-preview":"max-image-preview:large","max-video-preview":"max-video-preview:-1"},"canonical":"https:\/\/physiotherapy.ca\/fr\/performance-health\/","og_locale":"fr_FR","og_type":"article","og_title":"Performance Health - Canadian Physiotherapy Association","og_description":"Performance Health est un leader en soins de sant\u00e9 grand public et le plus gros fabricant mondial et distributeur de produits aux march\u00e9s de la r\u00e9adaptation et de la m\u00e9decine sportive. Les produits de l\u2019entreprise sont vendus aux \u00e9tablissements de [&hellip;]","og_url":"https:\/\/physiotherapy.ca\/fr\/performance-health\/","og_site_name":"Canadian Physiotherapy Association","article_modified_time":"2022-08-03T21:46:43+00:00","og_image":[{"url":"https:\/\/physiotherapy.ca\/app\/uploads\/2022\/07\/performance_health_2color-1024x572.png","type":"","width":"","height":""}],"twitter_card":"summary_large_image","twitter_misc":{"Est. reading time":"1 minute"},"schema":{"@context":"https:\/\/schema.org","@graph":[{"@type":"WebPage","@id":"https:\/\/physiotherapy.ca\/fr\/performance-health\/","url":"https:\/\/physiotherapy.ca\/fr\/performance-health\/","name":"Performance Health - Canadian Physiotherapy Association","isPartOf":{"@id":"https:\/\/physiotherapy.ca\/#website"},"primaryImageOfPage":{"@id":"https:\/\/physiotherapy.ca\/fr\/performance-health\/#primaryimage"},"image":{"@id":"https:\/\/physiotherapy.ca\/fr\/performance-health\/#primaryimage"},"thumbnailUrl":"https:\/\/physiotherapy.ca\/app\/uploads\/2022\/07\/performance_health_2color-1024x572.png","datePublished":"2022-08-03T21:46:40+00:00","dateModified":"2022-08-03T21:46:43+00:00","breadcrumb":{"@id":"https:\/\/physiotherapy.ca\/fr\/performance-health\/#breadcrumb"},"inLanguage":"fr-FR","potentialAction":[{"@type":"ReadAction","target":["https:\/\/physiotherapy.ca\/fr\/performance-health\/"]}]},{"@type":"ImageObject","inLanguage":"fr-FR","@id":"https:\/\/physiotherapy.ca\/fr\/performance-health\/#primaryimage","url":"https:\/\/physiotherapy.ca\/app\/uploads\/2022\/07\/performance_health_2color-1024x572.png","contentUrl":"https:\/\/physiotherapy.ca\/app\/uploads\/2022\/07\/performance_health_2color-1024x572.png"},{"@type":"BreadcrumbList","@id":"https:\/\/physiotherapy.ca\/fr\/performance-health\/#breadcrumb","itemListElement":[{"@type":"ListItem","position":1,"name":"Home","item":"https:\/\/physiotherapy.ca\/fr\/"},{"@type":"ListItem","position":2,"name":"Performance Health"}]},{"@type":"WebSite","@id":"https:\/\/physiotherapy.ca\/#website","url":"https:\/\/physiotherapy.ca\/","name":"Canadian Physiotherapy Association","description":"The Canadian Physiotherapy Association (CPA) represents over 16,000 physiotherapy professionals and students across Canada.","potentialAction":[{"@type":"SearchAction","target":{"@type":"EntryPoint","urlTemplate":"https:\/\/physiotherapy.ca\/?s={search_term_string}"},"query-input":{"@type":"PropertyValueSpecification","valueRequired":true,"valueName":"search_term_string"}}],"inLanguage":"fr-FR"}]}},"_links":{"self":[{"href":"https:\/\/physiotherapy.ca\/fr\/wp-json\/wp\/v2\/pages\/5097","targetHints":{"allow":["GET"]}}],"collection":[{"href":"https:\/\/physiotherapy.ca\/fr\/wp-json\/wp\/v2\/pages"}],"about":[{"href":"https:\/\/physiotherapy.ca\/fr\/wp-json\/wp\/v2\/types\/page"}],"author":[{"embeddable":true,"href":"https:\/\/physiotherapy.ca\/fr\/wp-json\/wp\/v2\/users\/1"}],"replies":[{"embeddable":true,"href":"https:\/\/physiotherapy.ca\/fr\/wp-json\/wp\/v2\/comments?post=5097"}],"version-history":[{"count":1,"href":"https:\/\/physiotherapy.ca\/fr\/wp-json\/wp\/v2\/pages\/5097\/revisions"}],"predecessor-version":[{"id":5098,"href":"https:\/\/physiotherapy.ca\/fr\/wp-json\/wp\/v2\/pages\/5097\/revisions\/5098"}],"wp:attachment":[{"href":"https:\/\/physiotherapy.ca\/fr\/wp-json\/wp\/v2\/media?parent=5097"}],"wp:term":[{"taxonomy":"topic","embeddable":true,"href":"https:\/\/physiotherapy.ca\/fr\/wp-json\/wp\/v2\/topic?post=5097"}],"curies":[{"name":"wp","href":"https:\/\/api.w.org\/{rel}","templated":true}]}}