{"id":5099,"date":"2022-08-03T18:07:25","date_gmt":"2022-08-03T22:07:25","guid":{"rendered":"https:\/\/physiotherapy.ca\/?page_id=5099"},"modified":"2022-09-23T10:21:19","modified_gmt":"2022-09-23T14:21:19","slug":"td-canada-trust","status":"publish","type":"page","link":"https:\/\/physiotherapy.ca\/fr\/membership-fr\/rabais-et-privileges\/td-canada-trust\/","title":{"rendered":"TD Canada Trust"},"content":{"rendered":"\n<div class=\"wp-block-media-text alignwide is-stacked-on-mobile\" style=\"grid-template-columns:30% auto\"><figure class=\"wp-block-media-text__media\"><img loading=\"lazy\" decoding=\"async\" width=\"331\" height=\"295\" src=\"https:\/\/physiotherapy.ca\/app\/uploads\/2022\/07\/td_logo.png\" alt=\"\" class=\"wp-image-3715 size-full\" srcset=\"https:\/\/physiotherapy.ca\/app\/uploads\/2022\/07\/td_logo.png 331w, https:\/\/physiotherapy.ca\/app\/uploads\/2022\/07\/td_logo-300x267.png 300w, https:\/\/physiotherapy.ca\/app\/uploads\/2022\/07\/td_logo-224x200.png 224w\" sizes=\"auto, (max-width: 331px) 100vw, 331px\" \/><\/figure><div class=\"wp-block-media-text__content\">\n<p>En tant que membre de l\u2019Association canadienne de physioth\u00e9rapie, vous b\u00e9n\u00e9ficiez d\u2019un tarif pr\u00e9f\u00e9rentiel sur une vaste gamme de solutions de traitement des paiements de TD Merchant Solutions. Profitez du soutien technique sur place et d\u2019une assistance t\u00e9l\u00e9phonique 24&nbsp;heures sur 24, de conseillers d\u2019exp\u00e9rience en solutions de paiement et de solutions qui s\u2019adaptent facilement au fur et \u00e0 mesure que vous \u00e9voluez.<\/p>\n\n\n\n<p><strong>Pour en savoir plus, t\u00e9l\u00e9phonez au 1-800-363-1163.<\/strong><\/p>\n<\/div><\/div>\n","protected":false},"excerpt":{"rendered":"<p>En tant que membre de l\u2019Association canadienne de physioth\u00e9rapie, vous b\u00e9n\u00e9ficiez d\u2019un tarif pr\u00e9f\u00e9rentiel sur une vaste gamme de solutions de traitement des paiements de TD Merchant Solutions. Profitez du soutien technique sur place et d\u2019une assistance t\u00e9l\u00e9phonique 24&nbsp;heures sur [&hellip;]<\/p>\n","protected":false},"author":1,"featured_media":0,"parent":5063,"menu_order":8,"comment_status":"closed","ping_status":"closed","template":"","meta":{"inline_featured_image":false,"ep_exclude_from_search":false,"footnotes":""},"topic":[],"class_list":["post-5099","page","type-page","status-publish","hentry"],"acf":[],"yoast_head":"<!-- This site is optimized with the Yoast SEO plugin v24.7 - https:\/\/yoast.com\/wordpress\/plugins\/seo\/ -->\n<title>TD Canada Trust - Canadian Physiotherapy Association<\/title>\n<meta name=\"robots\" content=\"index, follow, max-snippet:-1, max-image-preview:large, max-video-preview:-1\" \/>\n<link rel=\"canonical\" href=\"https:\/\/physiotherapy.ca\/fr\/membership-fr\/rabais-et-privileges\/td-canada-trust\/\" \/>\n<meta property=\"og:locale\" content=\"fr_FR\" \/>\n<meta property=\"og:type\" content=\"article\" \/>\n<meta property=\"og:title\" content=\"TD Canada Trust - Canadian Physiotherapy Association\" \/>\n<meta property=\"og:description\" content=\"En tant que membre de l\u2019Association canadienne de physioth\u00e9rapie, vous b\u00e9n\u00e9ficiez d\u2019un tarif pr\u00e9f\u00e9rentiel sur une vaste gamme de solutions de traitement des paiements de TD Merchant Solutions. Profitez du soutien technique sur place et d\u2019une assistance t\u00e9l\u00e9phonique 24&nbsp;heures sur [&hellip;]\" \/>\n<meta property=\"og:url\" content=\"https:\/\/physiotherapy.ca\/fr\/membership-fr\/rabais-et-privileges\/td-canada-trust\/\" \/>\n<meta property=\"og:site_name\" content=\"Canadian Physiotherapy Association\" \/>\n<meta property=\"article:modified_time\" content=\"2022-09-23T14:21:19+00:00\" \/>\n<meta property=\"og:image\" content=\"https:\/\/physiotherapy.ca\/app\/uploads\/2022\/07\/td_logo.png\" \/>\n<meta name=\"twitter:card\" content=\"summary_large_image\" \/>\n<meta name=\"twitter:label1\" content=\"Est. reading time\" \/>\n\t<meta name=\"twitter:data1\" content=\"1 minute\" \/>\n<script type=\"application\/ld+json\" class=\"yoast-schema-graph\">{\"@context\":\"https:\/\/schema.org\",\"@graph\":[{\"@type\":\"WebPage\",\"@id\":\"https:\/\/physiotherapy.ca\/fr\/membership-fr\/rabais-et-privileges\/td-canada-trust\/\",\"url\":\"https:\/\/physiotherapy.ca\/fr\/membership-fr\/rabais-et-privileges\/td-canada-trust\/\",\"name\":\"TD Canada Trust - Canadian Physiotherapy Association\",\"isPartOf\":{\"@id\":\"https:\/\/physiotherapy.ca\/#website\"},\"primaryImageOfPage\":{\"@id\":\"https:\/\/physiotherapy.ca\/fr\/membership-fr\/rabais-et-privileges\/td-canada-trust\/#primaryimage\"},\"image\":{\"@id\":\"https:\/\/physiotherapy.ca\/fr\/membership-fr\/rabais-et-privileges\/td-canada-trust\/#primaryimage\"},\"thumbnailUrl\":\"https:\/\/physiotherapy.ca\/app\/uploads\/2022\/07\/td_logo.png\",\"datePublished\":\"2022-08-03T22:07:25+00:00\",\"dateModified\":\"2022-09-23T14:21:19+00:00\",\"breadcrumb\":{\"@id\":\"https:\/\/physiotherapy.ca\/fr\/membership-fr\/rabais-et-privileges\/td-canada-trust\/#breadcrumb\"},\"inLanguage\":\"fr-FR\",\"potentialAction\":[{\"@type\":\"ReadAction\",\"target\":[\"https:\/\/physiotherapy.ca\/fr\/membership-fr\/rabais-et-privileges\/td-canada-trust\/\"]}]},{\"@type\":\"ImageObject\",\"inLanguage\":\"fr-FR\",\"@id\":\"https:\/\/physiotherapy.ca\/fr\/membership-fr\/rabais-et-privileges\/td-canada-trust\/#primaryimage\",\"url\":\"https:\/\/physiotherapy.ca\/app\/uploads\/2022\/07\/td_logo.png\",\"contentUrl\":\"https:\/\/physiotherapy.ca\/app\/uploads\/2022\/07\/td_logo.png\"},{\"@type\":\"BreadcrumbList\",\"@id\":\"https:\/\/physiotherapy.ca\/fr\/membership-fr\/rabais-et-privileges\/td-canada-trust\/#breadcrumb\",\"itemListElement\":[{\"@type\":\"ListItem\",\"position\":1,\"name\":\"Home\",\"item\":\"https:\/\/physiotherapy.ca\/fr\/\"},{\"@type\":\"ListItem\",\"position\":2,\"name\":\"Membership FR\",\"item\":\"https:\/\/physiotherapy.ca\/fr\/membership-fr\/\"},{\"@type\":\"ListItem\",\"position\":3,\"name\":\"Rabais et privil\u00e8ges\",\"item\":\"https:\/\/physiotherapy.ca\/fr\/membership-fr\/rabais-et-privileges\/\"},{\"@type\":\"ListItem\",\"position\":4,\"name\":\"TD Canada Trust\"}]},{\"@type\":\"WebSite\",\"@id\":\"https:\/\/physiotherapy.ca\/#website\",\"url\":\"https:\/\/physiotherapy.ca\/\",\"name\":\"Canadian Physiotherapy Association\",\"description\":\"The Canadian Physiotherapy Association (CPA) represents over 16,000 physiotherapy professionals and students across Canada.\",\"potentialAction\":[{\"@type\":\"SearchAction\",\"target\":{\"@type\":\"EntryPoint\",\"urlTemplate\":\"https:\/\/physiotherapy.ca\/?s={search_term_string}\"},\"query-input\":{\"@type\":\"PropertyValueSpecification\",\"valueRequired\":true,\"valueName\":\"search_term_string\"}}],\"inLanguage\":\"fr-FR\"}]}<\/script>\n<!-- \/ Yoast SEO plugin. -->","yoast_head_json":{"title":"TD Canada Trust - Canadian Physiotherapy Association","robots":{"index":"index","follow":"follow","max-snippet":"max-snippet:-1","max-image-preview":"max-image-preview:large","max-video-preview":"max-video-preview:-1"},"canonical":"https:\/\/physiotherapy.ca\/fr\/membership-fr\/rabais-et-privileges\/td-canada-trust\/","og_locale":"fr_FR","og_type":"article","og_title":"TD Canada Trust - Canadian Physiotherapy Association","og_description":"En tant que membre de l\u2019Association canadienne de physioth\u00e9rapie, vous b\u00e9n\u00e9ficiez d\u2019un tarif pr\u00e9f\u00e9rentiel sur une vaste gamme de solutions de traitement des paiements de TD Merchant Solutions. Profitez du soutien technique sur place et d\u2019une assistance t\u00e9l\u00e9phonique 24&nbsp;heures sur [&hellip;]","og_url":"https:\/\/physiotherapy.ca\/fr\/membership-fr\/rabais-et-privileges\/td-canada-trust\/","og_site_name":"Canadian Physiotherapy Association","article_modified_time":"2022-09-23T14:21:19+00:00","og_image":[{"url":"https:\/\/physiotherapy.ca\/app\/uploads\/2022\/07\/td_logo.png","type":"","width":"","height":""}],"twitter_card":"summary_large_image","twitter_misc":{"Est. reading time":"1 minute"},"schema":{"@context":"https:\/\/schema.org","@graph":[{"@type":"WebPage","@id":"https:\/\/physiotherapy.ca\/fr\/membership-fr\/rabais-et-privileges\/td-canada-trust\/","url":"https:\/\/physiotherapy.ca\/fr\/membership-fr\/rabais-et-privileges\/td-canada-trust\/","name":"TD Canada Trust - Canadian Physiotherapy Association","isPartOf":{"@id":"https:\/\/physiotherapy.ca\/#website"},"primaryImageOfPage":{"@id":"https:\/\/physiotherapy.ca\/fr\/membership-fr\/rabais-et-privileges\/td-canada-trust\/#primaryimage"},"image":{"@id":"https:\/\/physiotherapy.ca\/fr\/membership-fr\/rabais-et-privileges\/td-canada-trust\/#primaryimage"},"thumbnailUrl":"https:\/\/physiotherapy.ca\/app\/uploads\/2022\/07\/td_logo.png","datePublished":"2022-08-03T22:07:25+00:00","dateModified":"2022-09-23T14:21:19+00:00","breadcrumb":{"@id":"https:\/\/physiotherapy.ca\/fr\/membership-fr\/rabais-et-privileges\/td-canada-trust\/#breadcrumb"},"inLanguage":"fr-FR","potentialAction":[{"@type":"ReadAction","target":["https:\/\/physiotherapy.ca\/fr\/membership-fr\/rabais-et-privileges\/td-canada-trust\/"]}]},{"@type":"ImageObject","inLanguage":"fr-FR","@id":"https:\/\/physiotherapy.ca\/fr\/membership-fr\/rabais-et-privileges\/td-canada-trust\/#primaryimage","url":"https:\/\/physiotherapy.ca\/app\/uploads\/2022\/07\/td_logo.png","contentUrl":"https:\/\/physiotherapy.ca\/app\/uploads\/2022\/07\/td_logo.png"},{"@type":"BreadcrumbList","@id":"https:\/\/physiotherapy.ca\/fr\/membership-fr\/rabais-et-privileges\/td-canada-trust\/#breadcrumb","itemListElement":[{"@type":"ListItem","position":1,"name":"Home","item":"https:\/\/physiotherapy.ca\/fr\/"},{"@type":"ListItem","position":2,"name":"Membership FR","item":"https:\/\/physiotherapy.ca\/fr\/membership-fr\/"},{"@type":"ListItem","position":3,"name":"Rabais et privil\u00e8ges","item":"https:\/\/physiotherapy.ca\/fr\/membership-fr\/rabais-et-privileges\/"},{"@type":"ListItem","position":4,"name":"TD Canada Trust"}]},{"@type":"WebSite","@id":"https:\/\/physiotherapy.ca\/#website","url":"https:\/\/physiotherapy.ca\/","name":"Canadian Physiotherapy Association","description":"The Canadian Physiotherapy Association (CPA) represents over 16,000 physiotherapy professionals and students across Canada.","potentialAction":[{"@type":"SearchAction","target":{"@type":"EntryPoint","urlTemplate":"https:\/\/physiotherapy.ca\/?s={search_term_string}"},"query-input":{"@type":"PropertyValueSpecification","valueRequired":true,"valueName":"search_term_string"}}],"inLanguage":"fr-FR"}]}},"_links":{"self":[{"href":"https:\/\/physiotherapy.ca\/fr\/wp-json\/wp\/v2\/pages\/5099","targetHints":{"allow":["GET"]}}],"collection":[{"href":"https:\/\/physiotherapy.ca\/fr\/wp-json\/wp\/v2\/pages"}],"about":[{"href":"https:\/\/physiotherapy.ca\/fr\/wp-json\/wp\/v2\/types\/page"}],"author":[{"embeddable":true,"href":"https:\/\/physiotherapy.ca\/fr\/wp-json\/wp\/v2\/users\/1"}],"replies":[{"embeddable":true,"href":"https:\/\/physiotherapy.ca\/fr\/wp-json\/wp\/v2\/comments?post=5099"}],"version-history":[{"count":2,"href":"https:\/\/physiotherapy.ca\/fr\/wp-json\/wp\/v2\/pages\/5099\/revisions"}],"predecessor-version":[{"id":42586,"href":"https:\/\/physiotherapy.ca\/fr\/wp-json\/wp\/v2\/pages\/5099\/revisions\/42586"}],"up":[{"embeddable":true,"href":"https:\/\/physiotherapy.ca\/fr\/wp-json\/wp\/v2\/pages\/5063"}],"wp:attachment":[{"href":"https:\/\/physiotherapy.ca\/fr\/wp-json\/wp\/v2\/media?parent=5099"}],"wp:term":[{"taxonomy":"topic","embeddable":true,"href":"https:\/\/physiotherapy.ca\/fr\/wp-json\/wp\/v2\/topic?post=5099"}],"curies":[{"name":"wp","href":"https:\/\/api.w.org\/{rel}","templated":true}]}}