{"id":5199,"date":"2022-08-04T15:00:17","date_gmt":"2022-08-04T19:00:17","guid":{"rendered":"https:\/\/physiotherapy.ca\/?page_id=5199"},"modified":"2022-08-04T15:00:19","modified_gmt":"2022-08-04T19:00:19","slug":"physiotherapie-de-qualite","status":"publish","type":"page","link":"https:\/\/physiotherapy.ca\/fr\/physiotherapie-de-qualite\/","title":{"rendered":"Physioth\u00e9rapie de qualit\u00e9"},"content":{"rendered":"\n<figure class=\"wp-block-image size-full\"><img loading=\"lazy\" decoding=\"async\" width=\"600\" height=\"441\" src=\"https:\/\/physiotherapy.ca\/app\/uploads\/2022\/08\/Quality-Physiotherapy.jpg\" alt=\"\" class=\"wp-image-5201\" srcset=\"https:\/\/physiotherapy.ca\/app\/uploads\/2022\/08\/Quality-Physiotherapy.jpg 600w, https:\/\/physiotherapy.ca\/app\/uploads\/2022\/08\/Quality-Physiotherapy-300x221.jpg 300w, https:\/\/physiotherapy.ca\/app\/uploads\/2022\/08\/Quality-Physiotherapy-272x200.jpg 272w\" sizes=\"auto, (max-width: 600px) 100vw, 600px\" \/><\/figure>\n\n\n\n<h3 class=\"wp-block-heading\"><strong>Le patient s&#8217;attend \u00e0 des soins de qualit\u00e9<\/strong><\/h3>\n\n\n\n<p><strong>Chantal Lauzon<\/strong>, PT, gestionnaire de pratique principale de l&#8217;ACP, membre de l&#8217;ACP depuis 1995<\/p>\n\n\n\n<p>&#8220;Vous \u00eates-vous d\u00e9j\u00e0 demand\u00e9 si vos patients sont capables de discerner entre des soins de qualit\u00e9 et des pratiques douteuses?<\/p>\n\n\n\n<p>La r\u00e9ponse courte est oui. Mais ce n\u2019est pas tout. Le milieu de la sant\u00e9 n\u2019\u00e9chappe pas \u00e0 l\u2019\u00e9volution des habitudes de consommation. Nous desservons d\u00e9sormais une client\u00e8le mieux renseign\u00e9e et plus sensible \u00e0 la valeur qu\u2019elle retire des soins. \u00c0 la recherche de r\u00e9sultats \u00e9prouv\u00e9s, nos patients se fient aux \u00e9valuations en ligne au d\u00e9triment du bouche-\u00e0-oreille. Nos gestes sont de plus en plus surveill\u00e9s et susceptibles de porter atteinte \u00e0 la r\u00e9putation de la profession&#8230;&#8221; <a href=\"https:\/\/physiotherapy.ca\/app\/uploads\/2022\/08\/frenchweb-congress2016_1.pdf\" target=\"_blank\" rel=\"noreferrer noopener\">Lire plus.<\/a><\/p>\n\n\n\n<hr class=\"wp-block-separator is-style-wide\"\/>\n\n\n\n<h3 class=\"wp-block-heading\">Liens vid\u00e9os<\/h3>\n\n\n\n<ul class=\"wp-block-list\"><li><a href=\"https:\/\/www.youtube.com\/watch?v=5vOxunpnIsQ\">Defining Quality: Aiming for a Better Health Care System (Don Berwick) (4:35 minutes)<\/a><\/li><li><a href=\"https:\/\/www.youtube.com\/watch?v=QexTk38euzY\">6 Dimensions of Healthcare Quality (6:44 minutes)<\/a><\/li><\/ul>\n\n\n\n<hr class=\"wp-block-separator is-style-wide\"\/>\n\n\n\n<h3 class=\"wp-block-heading\">Articles de revue<\/h3>\n\n\n\n<ul class=\"wp-block-list\"><li><a href=\"https:\/\/www.ncbi.nlm.nih.gov\/pmc\/articles\/PMC4706598\/\">Emerging Role of Quality Indicators in Physical Therapist Practice and Health Service Delivery<\/a><\/li><li><a href=\"https:\/\/www.ncbi.nlm.nih.gov\/pmc\/articles\/PMC4484696\/\">Measuring the quality of patient-centred care: why patient-reported measures are critical to reliable assessment<\/a><\/li><li><a href=\"https:\/\/www.ncbi.nlm.nih.gov\/pmc\/articles\/PMC4074141\/pdf\/1472-6963-14-266.pdf\">Quality of physical therapy from a patient&#8217;s perspective; factor analysis on web-based survey data revealed three dimensions on patient experiences with physical therapy.<\/a><\/li><\/ul>\n\n\n\n<hr class=\"wp-block-separator is-style-wide\"\/>\n\n\n\n<h3 class=\"wp-block-heading\">Autres ressources<\/h3>\n\n\n\n<ul class=\"wp-block-list\"><li><a href=\"https:\/\/www.ihi.org\/resources\/Pages\/Tools\/PlanDoStudyActWorksheet.aspx\">Institute for Healthcare Improvement: Plan Do Study Act Worksheet (PDSA)<\/a><\/li><\/ul>\n\n\n\n<hr class=\"wp-block-separator is-style-wide\"\/>\n\n\n\n<h3 class=\"wp-block-heading\">Provincial Health Quality Councils<\/h3>\n\n\n\n<ul class=\"wp-block-list\"><li><a href=\"https:\/\/bcpsqc.ca\/\">BC Patient Safety &amp; Quality Council<\/a><\/li><li><a href=\"https:\/\/hqca.ca\/\">Health Quality Council of Alberta<\/a><\/li><li><a href=\"https:\/\/www.saskhealthquality.ca\/\">Saskatchewan Health Quality Council<\/a><\/li><li><a href=\"https:\/\/sharedhealthmb.ca\/patient-care\/quality-patient-safety-learning\/patient-safety\/\">Manitoba Institute for Patient Safety<\/a><\/li><li><a href=\"https:\/\/www.hqontario.ca\/\">Health Quality Ontario<\/a><\/li><li><a href=\"https:\/\/www.csbe.gouv.qc.ca\/accueil-csbe.html\">Quebec Health and Welfare Commissioner<\/a><\/li><li><a href=\"https:\/\/nbhc.ca\/\">New Brunswick Health Council<\/a><\/li><li><a href=\"https:\/\/novascotia.ca\/dhw\/hsq\/\">Nova Scotia Health System Quality<\/a><\/li><li><a href=\"https:\/\/www.princeedwardisland.ca\/en\/information\/health-pei\/health-pei-board\">Health PEI Board<\/a><\/li><li><a href=\"https:\/\/www.gov.nl.ca\/hcs\/\">Newfoundland and Labrador<\/a><\/li><\/ul>\n\n\n\n<p class=\"has-text-align-center\"><strong><a href=\"https:\/\/physiotherapy.ca\/fr\/definition-quality-physiotherapy\">Retour \u00e0 la Bo\u00eete \u00e0 outils &#8216;Qualit\u00e9 en physioth\u00e9rapie<\/a><a href=\"https:\/\/physiotherapy.ca\/fr\/resource\/boite-a-outils-qualite-en-physiotherapie\/\">&#8216;<\/a><\/strong><\/p>\n","protected":false},"excerpt":{"rendered":"<p>Le patient s&#8217;attend \u00e0 des soins de qualit\u00e9 Chantal Lauzon, PT, gestionnaire de pratique principale de l&#8217;ACP, membre de l&#8217;ACP depuis 1995 &#8220;Vous \u00eates-vous d\u00e9j\u00e0 demand\u00e9 si vos patients sont capables de discerner entre des soins de qualit\u00e9 et des [&hellip;]<\/p>\n","protected":false},"author":1,"featured_media":0,"parent":0,"menu_order":0,"comment_status":"closed","ping_status":"closed","template":"","meta":{"inline_featured_image":false,"ep_exclude_from_search":false,"footnotes":""},"topic":[],"class_list":["post-5199","page","type-page","status-publish","hentry"],"acf":[],"yoast_head":"<!-- This site is optimized with the Yoast SEO plugin v24.7 - https:\/\/yoast.com\/wordpress\/plugins\/seo\/ -->\n<title>Physioth\u00e9rapie de qualit\u00e9 - Canadian Physiotherapy Association<\/title>\n<meta name=\"robots\" content=\"index, follow, max-snippet:-1, max-image-preview:large, max-video-preview:-1\" \/>\n<link rel=\"canonical\" href=\"https:\/\/physiotherapy.ca\/fr\/physiotherapie-de-qualite\/\" \/>\n<meta property=\"og:locale\" content=\"fr_FR\" \/>\n<meta property=\"og:type\" content=\"article\" \/>\n<meta property=\"og:title\" content=\"Physioth\u00e9rapie de qualit\u00e9 - Canadian Physiotherapy Association\" \/>\n<meta property=\"og:description\" content=\"Le patient s&#8217;attend \u00e0 des soins de qualit\u00e9 Chantal Lauzon, PT, gestionnaire de pratique principale de l&#8217;ACP, membre de l&#8217;ACP depuis 1995 &#8220;Vous \u00eates-vous d\u00e9j\u00e0 demand\u00e9 si vos patients sont capables de discerner entre des soins de qualit\u00e9 et des [&hellip;]\" \/>\n<meta property=\"og:url\" content=\"https:\/\/physiotherapy.ca\/fr\/physiotherapie-de-qualite\/\" \/>\n<meta property=\"og:site_name\" content=\"Canadian Physiotherapy Association\" \/>\n<meta property=\"article:modified_time\" content=\"2022-08-04T19:00:19+00:00\" \/>\n<meta property=\"og:image\" content=\"https:\/\/physiotherapy.ca\/app\/uploads\/2022\/08\/Quality-Physiotherapy.jpg\" \/>\n<meta name=\"twitter:card\" content=\"summary_large_image\" \/>\n<meta name=\"twitter:label1\" content=\"Est. reading time\" \/>\n\t<meta name=\"twitter:data1\" content=\"2 minutes\" \/>\n<script type=\"application\/ld+json\" class=\"yoast-schema-graph\">{\"@context\":\"https:\/\/schema.org\",\"@graph\":[{\"@type\":\"WebPage\",\"@id\":\"https:\/\/physiotherapy.ca\/fr\/physiotherapie-de-qualite\/\",\"url\":\"https:\/\/physiotherapy.ca\/fr\/physiotherapie-de-qualite\/\",\"name\":\"Physioth\u00e9rapie de qualit\u00e9 - Canadian Physiotherapy Association\",\"isPartOf\":{\"@id\":\"https:\/\/physiotherapy.ca\/#website\"},\"primaryImageOfPage\":{\"@id\":\"https:\/\/physiotherapy.ca\/fr\/physiotherapie-de-qualite\/#primaryimage\"},\"image\":{\"@id\":\"https:\/\/physiotherapy.ca\/fr\/physiotherapie-de-qualite\/#primaryimage\"},\"thumbnailUrl\":\"https:\/\/physiotherapy.ca\/app\/uploads\/2022\/08\/Quality-Physiotherapy.jpg\",\"datePublished\":\"2022-08-04T19:00:17+00:00\",\"dateModified\":\"2022-08-04T19:00:19+00:00\",\"breadcrumb\":{\"@id\":\"https:\/\/physiotherapy.ca\/fr\/physiotherapie-de-qualite\/#breadcrumb\"},\"inLanguage\":\"fr-FR\",\"potentialAction\":[{\"@type\":\"ReadAction\",\"target\":[\"https:\/\/physiotherapy.ca\/fr\/physiotherapie-de-qualite\/\"]}]},{\"@type\":\"ImageObject\",\"inLanguage\":\"fr-FR\",\"@id\":\"https:\/\/physiotherapy.ca\/fr\/physiotherapie-de-qualite\/#primaryimage\",\"url\":\"https:\/\/physiotherapy.ca\/app\/uploads\/2022\/08\/Quality-Physiotherapy.jpg\",\"contentUrl\":\"https:\/\/physiotherapy.ca\/app\/uploads\/2022\/08\/Quality-Physiotherapy.jpg\"},{\"@type\":\"BreadcrumbList\",\"@id\":\"https:\/\/physiotherapy.ca\/fr\/physiotherapie-de-qualite\/#breadcrumb\",\"itemListElement\":[{\"@type\":\"ListItem\",\"position\":1,\"name\":\"Home\",\"item\":\"https:\/\/physiotherapy.ca\/fr\/\"},{\"@type\":\"ListItem\",\"position\":2,\"name\":\"Physioth\u00e9rapie de qualit\u00e9\"}]},{\"@type\":\"WebSite\",\"@id\":\"https:\/\/physiotherapy.ca\/#website\",\"url\":\"https:\/\/physiotherapy.ca\/\",\"name\":\"Canadian Physiotherapy Association\",\"description\":\"The Canadian Physiotherapy Association (CPA) represents over 16,000 physiotherapy professionals and students across Canada.\",\"potentialAction\":[{\"@type\":\"SearchAction\",\"target\":{\"@type\":\"EntryPoint\",\"urlTemplate\":\"https:\/\/physiotherapy.ca\/?s={search_term_string}\"},\"query-input\":{\"@type\":\"PropertyValueSpecification\",\"valueRequired\":true,\"valueName\":\"search_term_string\"}}],\"inLanguage\":\"fr-FR\"}]}<\/script>\n<!-- \/ Yoast SEO plugin. -->","yoast_head_json":{"title":"Physioth\u00e9rapie de qualit\u00e9 - Canadian Physiotherapy Association","robots":{"index":"index","follow":"follow","max-snippet":"max-snippet:-1","max-image-preview":"max-image-preview:large","max-video-preview":"max-video-preview:-1"},"canonical":"https:\/\/physiotherapy.ca\/fr\/physiotherapie-de-qualite\/","og_locale":"fr_FR","og_type":"article","og_title":"Physioth\u00e9rapie de qualit\u00e9 - Canadian Physiotherapy Association","og_description":"Le patient s&#8217;attend \u00e0 des soins de qualit\u00e9 Chantal Lauzon, PT, gestionnaire de pratique principale de l&#8217;ACP, membre de l&#8217;ACP depuis 1995 &#8220;Vous \u00eates-vous d\u00e9j\u00e0 demand\u00e9 si vos patients sont capables de discerner entre des soins de qualit\u00e9 et des [&hellip;]","og_url":"https:\/\/physiotherapy.ca\/fr\/physiotherapie-de-qualite\/","og_site_name":"Canadian Physiotherapy Association","article_modified_time":"2022-08-04T19:00:19+00:00","og_image":[{"url":"https:\/\/physiotherapy.ca\/app\/uploads\/2022\/08\/Quality-Physiotherapy.jpg","type":"","width":"","height":""}],"twitter_card":"summary_large_image","twitter_misc":{"Est. reading time":"2 minutes"},"schema":{"@context":"https:\/\/schema.org","@graph":[{"@type":"WebPage","@id":"https:\/\/physiotherapy.ca\/fr\/physiotherapie-de-qualite\/","url":"https:\/\/physiotherapy.ca\/fr\/physiotherapie-de-qualite\/","name":"Physioth\u00e9rapie de qualit\u00e9 - Canadian Physiotherapy Association","isPartOf":{"@id":"https:\/\/physiotherapy.ca\/#website"},"primaryImageOfPage":{"@id":"https:\/\/physiotherapy.ca\/fr\/physiotherapie-de-qualite\/#primaryimage"},"image":{"@id":"https:\/\/physiotherapy.ca\/fr\/physiotherapie-de-qualite\/#primaryimage"},"thumbnailUrl":"https:\/\/physiotherapy.ca\/app\/uploads\/2022\/08\/Quality-Physiotherapy.jpg","datePublished":"2022-08-04T19:00:17+00:00","dateModified":"2022-08-04T19:00:19+00:00","breadcrumb":{"@id":"https:\/\/physiotherapy.ca\/fr\/physiotherapie-de-qualite\/#breadcrumb"},"inLanguage":"fr-FR","potentialAction":[{"@type":"ReadAction","target":["https:\/\/physiotherapy.ca\/fr\/physiotherapie-de-qualite\/"]}]},{"@type":"ImageObject","inLanguage":"fr-FR","@id":"https:\/\/physiotherapy.ca\/fr\/physiotherapie-de-qualite\/#primaryimage","url":"https:\/\/physiotherapy.ca\/app\/uploads\/2022\/08\/Quality-Physiotherapy.jpg","contentUrl":"https:\/\/physiotherapy.ca\/app\/uploads\/2022\/08\/Quality-Physiotherapy.jpg"},{"@type":"BreadcrumbList","@id":"https:\/\/physiotherapy.ca\/fr\/physiotherapie-de-qualite\/#breadcrumb","itemListElement":[{"@type":"ListItem","position":1,"name":"Home","item":"https:\/\/physiotherapy.ca\/fr\/"},{"@type":"ListItem","position":2,"name":"Physioth\u00e9rapie de qualit\u00e9"}]},{"@type":"WebSite","@id":"https:\/\/physiotherapy.ca\/#website","url":"https:\/\/physiotherapy.ca\/","name":"Canadian Physiotherapy Association","description":"The Canadian Physiotherapy Association (CPA) represents over 16,000 physiotherapy professionals and students across Canada.","potentialAction":[{"@type":"SearchAction","target":{"@type":"EntryPoint","urlTemplate":"https:\/\/physiotherapy.ca\/?s={search_term_string}"},"query-input":{"@type":"PropertyValueSpecification","valueRequired":true,"valueName":"search_term_string"}}],"inLanguage":"fr-FR"}]}},"_links":{"self":[{"href":"https:\/\/physiotherapy.ca\/fr\/wp-json\/wp\/v2\/pages\/5199","targetHints":{"allow":["GET"]}}],"collection":[{"href":"https:\/\/physiotherapy.ca\/fr\/wp-json\/wp\/v2\/pages"}],"about":[{"href":"https:\/\/physiotherapy.ca\/fr\/wp-json\/wp\/v2\/types\/page"}],"author":[{"embeddable":true,"href":"https:\/\/physiotherapy.ca\/fr\/wp-json\/wp\/v2\/users\/1"}],"replies":[{"embeddable":true,"href":"https:\/\/physiotherapy.ca\/fr\/wp-json\/wp\/v2\/comments?post=5199"}],"version-history":[{"count":7,"href":"https:\/\/physiotherapy.ca\/fr\/wp-json\/wp\/v2\/pages\/5199\/revisions"}],"predecessor-version":[{"id":5222,"href":"https:\/\/physiotherapy.ca\/fr\/wp-json\/wp\/v2\/pages\/5199\/revisions\/5222"}],"wp:attachment":[{"href":"https:\/\/physiotherapy.ca\/fr\/wp-json\/wp\/v2\/media?parent=5199"}],"wp:term":[{"taxonomy":"topic","embeddable":true,"href":"https:\/\/physiotherapy.ca\/fr\/wp-json\/wp\/v2\/topic?post=5199"}],"curies":[{"name":"wp","href":"https:\/\/api.w.org\/{rel}","templated":true}]}}