{"id":5223,"date":"2022-08-04T15:07:18","date_gmt":"2022-08-04T19:07:18","guid":{"rendered":"https:\/\/physiotherapy.ca\/?page_id=5223"},"modified":"2022-08-04T15:07:20","modified_gmt":"2022-08-04T19:07:20","slug":"securite","status":"publish","type":"page","link":"https:\/\/physiotherapy.ca\/fr\/securite\/","title":{"rendered":"S\u00e9curit\u00e9"},"content":{"rendered":"\n<figure class=\"wp-block-image size-large is-resized\"><img loading=\"lazy\" decoding=\"async\" src=\"https:\/\/physiotherapy.ca\/app\/uploads\/2022\/08\/Safe-Physiotherapy-Toolkit-FR-1024x718.jpg\" alt=\"\" class=\"wp-image-5224\" width=\"768\" height=\"539\" srcset=\"https:\/\/physiotherapy.ca\/app\/uploads\/2022\/08\/Safe-Physiotherapy-Toolkit-FR-1024x718.jpg 1024w, https:\/\/physiotherapy.ca\/app\/uploads\/2022\/08\/Safe-Physiotherapy-Toolkit-FR-600x420.jpg 600w, https:\/\/physiotherapy.ca\/app\/uploads\/2022\/08\/Safe-Physiotherapy-Toolkit-FR-300x210.jpg 300w, https:\/\/physiotherapy.ca\/app\/uploads\/2022\/08\/Safe-Physiotherapy-Toolkit-FR-768x538.jpg 768w, https:\/\/physiotherapy.ca\/app\/uploads\/2022\/08\/Safe-Physiotherapy-Toolkit-FR-1536x1076.jpg 1536w, https:\/\/physiotherapy.ca\/app\/uploads\/2022\/08\/Safe-Physiotherapy-Toolkit-FR-285x200.jpg 285w, https:\/\/physiotherapy.ca\/app\/uploads\/2022\/08\/Safe-Physiotherapy-Toolkit-FR.jpg 1691w\" sizes=\"auto, (max-width: 768px) 100vw, 768px\" \/><\/figure>\n\n\n\n<h3 class=\"wp-block-heading\">De l&#8217;importance de la s\u00e9curit\u00e9 des patients<\/h3>\n\n\n\n<p><strong>Sandi N. Kossey<\/strong>, PT, BScPT, MHA, directrice principale, Institut canadien pour la s\u00e9curit\u00e9 des patients<\/p>\n\n\n\n<p>Membre de l&#8217;ACP depuis 1998; membre du comit\u00e9 de direction de la division leadership de l&#8217;ACP depuis 2014<\/p>\n\n\n\n<p>&#8220;M\u00eame si \u00e7a fait presque 15 ans que je n\u2019ai pas pratiqu\u00e9 en milieu clinique, je me rappelle du visage, du nom et du diagnostic de chaque patient \u00e0 qui j\u2019ai caus\u00e9 du tort indirectement. Comprenez-moi bien, je n\u2019\u00e9tais pas une mauvaise th\u00e9rapeute, j\u2019\u00e9tais une EXCELLENTE th\u00e9rapeute. Nous ne sommes pas diff\u00e9rents, vous et moi. Cependant, je dois vous avertir : vous pouvez (et vous allez probablement) contribuer d\u2019une fa\u00e7on ou d\u2019une autre \u00e0 une prestation de soins non s\u00e9curitaire pour des patients, des clients ou des r\u00e9sidents, et ce, m\u00eame si vous avez les meilleures intentions du monde&#8230;&#8221; <a href=\"https:\/\/physiotherapy.ca\/app\/uploads\/2022\/08\/frenchweb-congress2016_1.pdf\" target=\"_blank\" rel=\"noreferrer noopener\">Lire plus.<\/a><\/p>\n\n\n\n<hr class=\"wp-block-separator is-style-wide\"\/>\n\n\n\n<h3 class=\"wp-block-heading\">Liens vid\u00e9o<\/h3>\n\n\n\n<ul class=\"wp-block-list\"><li><a href=\"https:\/\/www.youtube.com\/watch?list=PLIWeobiw8PTHlOBT6x-gcrAqNzsqJj1Mt&amp;v=Xak_Tv_cAl8\">Patients for Patient Safety Canada<\/a> (1:50 minutes)<\/li><li><a href=\"https:\/\/www.patientsafetyinstitute.ca\/en\/toolsResources\/Member-Videos-and-Stories\/Pages\/default.aspx\">CPSI- Patient Video<\/a> (multiple, various lengths)<\/li><li><a href=\"https:\/\/www.patientsafetyinstitute.ca\/en\/education\/Pages\/default.aspx\">CPSI- Provider Videos<\/a> (multiple, various lengths)<\/li><\/ul>\n\n\n\n<hr class=\"wp-block-separator is-style-wide\"\/>\n\n\n\n<h3 class=\"wp-block-heading\">Articles de revue<\/h3>\n\n\n\n<ul class=\"wp-block-list\"><li><a href=\"https:\/\/www.ncbi.nlm.nih.gov\/pmc\/articles\/PMC2909853\/\">Patient Safety and Physiotherapy: What Does it Mean for Your Clinical Practice?<\/a><\/li><\/ul>\n\n\n\n<hr class=\"wp-block-separator is-style-wide\"\/>\n\n\n\n<h3 class=\"wp-block-heading\">Autres ressources<\/h3>\n\n\n\n<ul class=\"wp-block-list\"><li><a href=\"https:\/\/physiotherapy.ca\/sites\/default\/files\/positionstatements\/patient-safety_en.pdf\">Canadian Physiotherapy Association position statement<\/a><\/li><li><a href=\"https:\/\/www.patientsafetyinstitute.ca\/en\/Pages\/default.aspx\">Canadian Patient Safety Institute (CPSI)<\/a><\/li><li><a href=\"https:\/\/www.patientsafetyinstitute.ca\/en\/toolsresources\/Pages\/default.aspx\">CPSI- Tools and Resources<\/a><\/li><li><a href=\"https:\/\/www.patientsafetyinstitute.ca\/en\/education\/Pages\/default.aspx\">CPSI- Education and Professional Development<\/a><\/li><li><a href=\"https:\/\/www.patientsafetyinstitute.ca\/en\/toolsResources\/Patient-Engagement-in-Patient-Safety-Guide\/Pages\/default.aspx\">CPSI- Engaging Patients in Patient Safety: A Canadian Guide<\/a><\/li><\/ul>\n\n\n\n<p class=\"has-text-align-center\"><strong><a href=\"https:\/\/physiotherapy.ca\/fr\/definition-quality-physiotherapy\">Retour \u00e0 la Bo\u00eete \u00e0 outils &#8216;Qualit\u00e9 en physioth\u00e9rapie&#8217;<\/a><\/strong><\/p>\n","protected":false},"excerpt":{"rendered":"<p>De l&#8217;importance de la s\u00e9curit\u00e9 des patients Sandi N. Kossey, PT, BScPT, MHA, directrice principale, Institut canadien pour la s\u00e9curit\u00e9 des patients Membre de l&#8217;ACP depuis 1998; membre du comit\u00e9 de direction de la division leadership de l&#8217;ACP depuis 2014 [&hellip;]<\/p>\n","protected":false},"author":1,"featured_media":0,"parent":0,"menu_order":0,"comment_status":"closed","ping_status":"closed","template":"","meta":{"inline_featured_image":false,"ep_exclude_from_search":false,"footnotes":""},"topic":[],"class_list":["post-5223","page","type-page","status-publish","hentry"],"acf":[],"yoast_head":"<!-- This site is optimized with the Yoast SEO plugin v24.7 - https:\/\/yoast.com\/wordpress\/plugins\/seo\/ -->\n<title>S\u00e9curit\u00e9 - Canadian Physiotherapy Association<\/title>\n<meta name=\"robots\" content=\"index, follow, max-snippet:-1, max-image-preview:large, max-video-preview:-1\" \/>\n<link rel=\"canonical\" href=\"https:\/\/physiotherapy.ca\/fr\/securite\/\" \/>\n<meta property=\"og:locale\" content=\"fr_FR\" \/>\n<meta property=\"og:type\" content=\"article\" \/>\n<meta property=\"og:title\" content=\"S\u00e9curit\u00e9 - Canadian Physiotherapy Association\" \/>\n<meta property=\"og:description\" content=\"De l&#8217;importance de la s\u00e9curit\u00e9 des patients Sandi N. Kossey, PT, BScPT, MHA, directrice principale, Institut canadien pour la s\u00e9curit\u00e9 des patients Membre de l&#8217;ACP depuis 1998; membre du comit\u00e9 de direction de la division leadership de l&#8217;ACP depuis 2014 [&hellip;]\" \/>\n<meta property=\"og:url\" content=\"https:\/\/physiotherapy.ca\/fr\/securite\/\" \/>\n<meta property=\"og:site_name\" content=\"Canadian Physiotherapy Association\" \/>\n<meta property=\"article:modified_time\" content=\"2022-08-04T19:07:20+00:00\" \/>\n<meta property=\"og:image\" content=\"https:\/\/physiotherapy.ca\/app\/uploads\/2022\/08\/Safe-Physiotherapy-Toolkit-FR-1024x718.jpg\" \/>\n<meta name=\"twitter:card\" content=\"summary_large_image\" \/>\n<meta name=\"twitter:label1\" content=\"Est. reading time\" \/>\n\t<meta name=\"twitter:data1\" content=\"2 minutes\" \/>\n<script type=\"application\/ld+json\" class=\"yoast-schema-graph\">{\"@context\":\"https:\/\/schema.org\",\"@graph\":[{\"@type\":\"WebPage\",\"@id\":\"https:\/\/physiotherapy.ca\/fr\/securite\/\",\"url\":\"https:\/\/physiotherapy.ca\/fr\/securite\/\",\"name\":\"S\u00e9curit\u00e9 - Canadian Physiotherapy Association\",\"isPartOf\":{\"@id\":\"https:\/\/physiotherapy.ca\/#website\"},\"primaryImageOfPage\":{\"@id\":\"https:\/\/physiotherapy.ca\/fr\/securite\/#primaryimage\"},\"image\":{\"@id\":\"https:\/\/physiotherapy.ca\/fr\/securite\/#primaryimage\"},\"thumbnailUrl\":\"https:\/\/physiotherapy.ca\/app\/uploads\/2022\/08\/Safe-Physiotherapy-Toolkit-FR-1024x718.jpg\",\"datePublished\":\"2022-08-04T19:07:18+00:00\",\"dateModified\":\"2022-08-04T19:07:20+00:00\",\"breadcrumb\":{\"@id\":\"https:\/\/physiotherapy.ca\/fr\/securite\/#breadcrumb\"},\"inLanguage\":\"fr-FR\",\"potentialAction\":[{\"@type\":\"ReadAction\",\"target\":[\"https:\/\/physiotherapy.ca\/fr\/securite\/\"]}]},{\"@type\":\"ImageObject\",\"inLanguage\":\"fr-FR\",\"@id\":\"https:\/\/physiotherapy.ca\/fr\/securite\/#primaryimage\",\"url\":\"https:\/\/physiotherapy.ca\/app\/uploads\/2022\/08\/Safe-Physiotherapy-Toolkit-FR-1024x718.jpg\",\"contentUrl\":\"https:\/\/physiotherapy.ca\/app\/uploads\/2022\/08\/Safe-Physiotherapy-Toolkit-FR-1024x718.jpg\"},{\"@type\":\"BreadcrumbList\",\"@id\":\"https:\/\/physiotherapy.ca\/fr\/securite\/#breadcrumb\",\"itemListElement\":[{\"@type\":\"ListItem\",\"position\":1,\"name\":\"Home\",\"item\":\"https:\/\/physiotherapy.ca\/fr\/\"},{\"@type\":\"ListItem\",\"position\":2,\"name\":\"S\u00e9curit\u00e9\"}]},{\"@type\":\"WebSite\",\"@id\":\"https:\/\/physiotherapy.ca\/#website\",\"url\":\"https:\/\/physiotherapy.ca\/\",\"name\":\"Canadian Physiotherapy Association\",\"description\":\"The Canadian Physiotherapy Association (CPA) represents over 16,000 physiotherapy professionals and students across Canada.\",\"potentialAction\":[{\"@type\":\"SearchAction\",\"target\":{\"@type\":\"EntryPoint\",\"urlTemplate\":\"https:\/\/physiotherapy.ca\/?s={search_term_string}\"},\"query-input\":{\"@type\":\"PropertyValueSpecification\",\"valueRequired\":true,\"valueName\":\"search_term_string\"}}],\"inLanguage\":\"fr-FR\"}]}<\/script>\n<!-- \/ Yoast SEO plugin. -->","yoast_head_json":{"title":"S\u00e9curit\u00e9 - Canadian Physiotherapy Association","robots":{"index":"index","follow":"follow","max-snippet":"max-snippet:-1","max-image-preview":"max-image-preview:large","max-video-preview":"max-video-preview:-1"},"canonical":"https:\/\/physiotherapy.ca\/fr\/securite\/","og_locale":"fr_FR","og_type":"article","og_title":"S\u00e9curit\u00e9 - Canadian Physiotherapy Association","og_description":"De l&#8217;importance de la s\u00e9curit\u00e9 des patients Sandi N. Kossey, PT, BScPT, MHA, directrice principale, Institut canadien pour la s\u00e9curit\u00e9 des patients Membre de l&#8217;ACP depuis 1998; membre du comit\u00e9 de direction de la division leadership de l&#8217;ACP depuis 2014 [&hellip;]","og_url":"https:\/\/physiotherapy.ca\/fr\/securite\/","og_site_name":"Canadian Physiotherapy Association","article_modified_time":"2022-08-04T19:07:20+00:00","og_image":[{"url":"https:\/\/physiotherapy.ca\/app\/uploads\/2022\/08\/Safe-Physiotherapy-Toolkit-FR-1024x718.jpg","type":"","width":"","height":""}],"twitter_card":"summary_large_image","twitter_misc":{"Est. reading time":"2 minutes"},"schema":{"@context":"https:\/\/schema.org","@graph":[{"@type":"WebPage","@id":"https:\/\/physiotherapy.ca\/fr\/securite\/","url":"https:\/\/physiotherapy.ca\/fr\/securite\/","name":"S\u00e9curit\u00e9 - Canadian Physiotherapy Association","isPartOf":{"@id":"https:\/\/physiotherapy.ca\/#website"},"primaryImageOfPage":{"@id":"https:\/\/physiotherapy.ca\/fr\/securite\/#primaryimage"},"image":{"@id":"https:\/\/physiotherapy.ca\/fr\/securite\/#primaryimage"},"thumbnailUrl":"https:\/\/physiotherapy.ca\/app\/uploads\/2022\/08\/Safe-Physiotherapy-Toolkit-FR-1024x718.jpg","datePublished":"2022-08-04T19:07:18+00:00","dateModified":"2022-08-04T19:07:20+00:00","breadcrumb":{"@id":"https:\/\/physiotherapy.ca\/fr\/securite\/#breadcrumb"},"inLanguage":"fr-FR","potentialAction":[{"@type":"ReadAction","target":["https:\/\/physiotherapy.ca\/fr\/securite\/"]}]},{"@type":"ImageObject","inLanguage":"fr-FR","@id":"https:\/\/physiotherapy.ca\/fr\/securite\/#primaryimage","url":"https:\/\/physiotherapy.ca\/app\/uploads\/2022\/08\/Safe-Physiotherapy-Toolkit-FR-1024x718.jpg","contentUrl":"https:\/\/physiotherapy.ca\/app\/uploads\/2022\/08\/Safe-Physiotherapy-Toolkit-FR-1024x718.jpg"},{"@type":"BreadcrumbList","@id":"https:\/\/physiotherapy.ca\/fr\/securite\/#breadcrumb","itemListElement":[{"@type":"ListItem","position":1,"name":"Home","item":"https:\/\/physiotherapy.ca\/fr\/"},{"@type":"ListItem","position":2,"name":"S\u00e9curit\u00e9"}]},{"@type":"WebSite","@id":"https:\/\/physiotherapy.ca\/#website","url":"https:\/\/physiotherapy.ca\/","name":"Canadian Physiotherapy Association","description":"The Canadian Physiotherapy Association (CPA) represents over 16,000 physiotherapy professionals and students across Canada.","potentialAction":[{"@type":"SearchAction","target":{"@type":"EntryPoint","urlTemplate":"https:\/\/physiotherapy.ca\/?s={search_term_string}"},"query-input":{"@type":"PropertyValueSpecification","valueRequired":true,"valueName":"search_term_string"}}],"inLanguage":"fr-FR"}]}},"_links":{"self":[{"href":"https:\/\/physiotherapy.ca\/fr\/wp-json\/wp\/v2\/pages\/5223","targetHints":{"allow":["GET"]}}],"collection":[{"href":"https:\/\/physiotherapy.ca\/fr\/wp-json\/wp\/v2\/pages"}],"about":[{"href":"https:\/\/physiotherapy.ca\/fr\/wp-json\/wp\/v2\/types\/page"}],"author":[{"embeddable":true,"href":"https:\/\/physiotherapy.ca\/fr\/wp-json\/wp\/v2\/users\/1"}],"replies":[{"embeddable":true,"href":"https:\/\/physiotherapy.ca\/fr\/wp-json\/wp\/v2\/comments?post=5223"}],"version-history":[{"count":4,"href":"https:\/\/physiotherapy.ca\/fr\/wp-json\/wp\/v2\/pages\/5223\/revisions"}],"predecessor-version":[{"id":5229,"href":"https:\/\/physiotherapy.ca\/fr\/wp-json\/wp\/v2\/pages\/5223\/revisions\/5229"}],"wp:attachment":[{"href":"https:\/\/physiotherapy.ca\/fr\/wp-json\/wp\/v2\/media?parent=5223"}],"wp:term":[{"taxonomy":"topic","embeddable":true,"href":"https:\/\/physiotherapy.ca\/fr\/wp-json\/wp\/v2\/topic?post=5223"}],"curies":[{"name":"wp","href":"https:\/\/api.w.org\/{rel}","templated":true}]}}