{"id":5230,"date":"2022-08-04T15:17:10","date_gmt":"2022-08-04T19:17:10","guid":{"rendered":"https:\/\/physiotherapy.ca\/?page_id=5230"},"modified":"2022-08-04T15:17:11","modified_gmt":"2022-08-04T19:17:11","slug":"efficacite","status":"publish","type":"page","link":"https:\/\/physiotherapy.ca\/fr\/efficacite\/","title":{"rendered":"Efficacit\u00e9"},"content":{"rendered":"\n<figure class=\"wp-block-image size-large is-resized\"><img loading=\"lazy\" decoding=\"async\" src=\"https:\/\/physiotherapy.ca\/app\/uploads\/2022\/08\/Effective-Physiotherapy-Toolkit-FR-1024x707.jpg\" alt=\"\" class=\"wp-image-5231\" width=\"768\" height=\"530\" srcset=\"https:\/\/physiotherapy.ca\/app\/uploads\/2022\/08\/Effective-Physiotherapy-Toolkit-FR-1024x707.jpg 1024w, https:\/\/physiotherapy.ca\/app\/uploads\/2022\/08\/Effective-Physiotherapy-Toolkit-FR-600x414.jpg 600w, https:\/\/physiotherapy.ca\/app\/uploads\/2022\/08\/Effective-Physiotherapy-Toolkit-FR-300x207.jpg 300w, https:\/\/physiotherapy.ca\/app\/uploads\/2022\/08\/Effective-Physiotherapy-Toolkit-FR-768x530.jpg 768w, https:\/\/physiotherapy.ca\/app\/uploads\/2022\/08\/Effective-Physiotherapy-Toolkit-FR-1536x1061.jpg 1536w, https:\/\/physiotherapy.ca\/app\/uploads\/2022\/08\/Effective-Physiotherapy-Toolkit-FR-290x200.jpg 290w, https:\/\/physiotherapy.ca\/app\/uploads\/2022\/08\/Effective-Physiotherapy-Toolkit-FR.jpg 1687w\" sizes=\"auto, (max-width: 768px) 100vw, 768px\" \/><\/figure>\n\n\n\n<h3 class=\"wp-block-heading\">Votre traitement est-il efficace?<\/h3>\n\n\n\n<p><strong>Mark Werneke<\/strong>, PT, MS, Dip MDT<\/p>\n\n\n\n<p>&#8220;Comment savoir si notre traitement fonctionne? Nous ne voulons pas perdre notre temps, ni celui de nos patients. La physioth\u00e9rapie devrait \u00eatre un atout pour le syst\u00e8me de sant\u00e9, pas un boulet. Apr\u00e8s des dizaines d\u2019ann\u00e9es pass\u00e9es \u00e0 r\u00e9colter des donn\u00e9es dans ma pratique clinique, j\u2019aimerais vous faire conna\u00eetre mes r\u00e9flexions sur la mani\u00e8re d\u2019obtenir des r\u00e9sultats efficaces dans vos traitements&#8230;&#8221;\u00a0<a href=\"https:\/\/physiotherapy.ca\/app\/uploads\/2022\/08\/frenchweb-congress2016_1.pdf\" target=\"_blank\" rel=\"noreferrer noopener\">Lire plus.<\/a><\/p>\n\n\n\n<hr class=\"wp-block-separator is-style-wide\"\/>\n\n\n\n<h3 class=\"wp-block-heading\">Liens vid\u00e9o<\/h3>\n\n\n\n<ul class=\"wp-block-list\"><li><a href=\"https:\/\/www.ted.com\/talks\/eric_dishman_health_care_should_be_a_team_sport\">TED Talk on effective healthcare and the need for a patient centred team (15:48 minutes)<\/a><\/li><li><a href=\"https:\/\/www.forbes.com\/sites\/carminegallo\/2016\/09\/29\/5-astonishingly-effective-ways-this-healthcare-leader-is-reinventing-the-hospital-experience\/?sh=184bba907a2b\">Story on CEO of UCLA hospital &nbsp;(1:03 minutes)<\/a><\/li><\/ul>\n\n\n\n<hr class=\"wp-block-separator is-style-wide\"\/>\n\n\n\n<h3 class=\"wp-block-heading\">Articles de revue<\/h3>\n\n\n\n<ul class=\"wp-block-list\"><li><a href=\"https:\/\/www.emerald.com\/insight\/content\/doi\/10.1108\/09526861011017067\/full\/html?skipTracking=true\">Assessing operational effectiveness in Healthcare organizations<\/a><\/li><li><a href=\"https:\/\/www.sciencedirect.com\/science\/article\/pii\/S0031940614001138\">An introduction to patient-reported outcome measures (PROMs) in physiotherapy<\/a><\/li><\/ul>\n\n\n\n<hr class=\"wp-block-separator is-style-wide\"\/>\n\n\n\n<h3 class=\"wp-block-heading\">Autres ressources<\/h3>\n\n\n\n<ul class=\"wp-block-list\"><li><a href=\"https:\/\/www.physio-pedia.com\/Outcome_Measures\">Physiopedia: Outcome Measures<\/a><\/li><li><a href=\"https:\/\/www.ihi.org\/Topics\/ImprovementCapability\/Pages\/default.aspx\">Institute for Healthcare Improvement: Improvement Capability<\/a><\/li><\/ul>\n\n\n\n<p class=\"has-text-align-center\"><strong><a href=\"https:\/\/physiotherapy.ca\/fr\/resource\/boite-a-outils-qualite-en-physiotherapie\/\">Retour \u00e0 la Bo\u00eete \u00e0 outils &#8216;Qualit\u00e9 en physioth\u00e9rapie&#8217;<\/a><\/strong><\/p>\n","protected":false},"excerpt":{"rendered":"<p>Votre traitement est-il efficace? Mark Werneke, PT, MS, Dip MDT &#8220;Comment savoir si notre traitement fonctionne? Nous ne voulons pas perdre notre temps, ni celui de nos patients. La physioth\u00e9rapie devrait \u00eatre un atout pour le syst\u00e8me de sant\u00e9, pas [&hellip;]<\/p>\n","protected":false},"author":1,"featured_media":0,"parent":0,"menu_order":0,"comment_status":"closed","ping_status":"closed","template":"","meta":{"inline_featured_image":false,"ep_exclude_from_search":false,"footnotes":""},"topic":[],"class_list":["post-5230","page","type-page","status-publish","hentry"],"acf":[],"yoast_head":"<!-- This site is optimized with the Yoast SEO plugin v24.7 - https:\/\/yoast.com\/wordpress\/plugins\/seo\/ -->\n<title>Efficacit\u00e9 - Canadian Physiotherapy Association<\/title>\n<meta name=\"robots\" content=\"index, follow, max-snippet:-1, max-image-preview:large, max-video-preview:-1\" \/>\n<link rel=\"canonical\" href=\"https:\/\/physiotherapy.ca\/fr\/efficacite\/\" \/>\n<meta property=\"og:locale\" content=\"fr_FR\" \/>\n<meta property=\"og:type\" content=\"article\" \/>\n<meta property=\"og:title\" content=\"Efficacit\u00e9 - Canadian Physiotherapy Association\" \/>\n<meta property=\"og:description\" content=\"Votre traitement est-il efficace? Mark Werneke, PT, MS, Dip MDT &#8220;Comment savoir si notre traitement fonctionne? Nous ne voulons pas perdre notre temps, ni celui de nos patients. La physioth\u00e9rapie devrait \u00eatre un atout pour le syst\u00e8me de sant\u00e9, pas [&hellip;]\" \/>\n<meta property=\"og:url\" content=\"https:\/\/physiotherapy.ca\/fr\/efficacite\/\" \/>\n<meta property=\"og:site_name\" content=\"Canadian Physiotherapy Association\" \/>\n<meta property=\"article:modified_time\" content=\"2022-08-04T19:17:11+00:00\" \/>\n<meta property=\"og:image\" content=\"https:\/\/physiotherapy.ca\/app\/uploads\/2022\/08\/Effective-Physiotherapy-Toolkit-FR-1024x707.jpg\" \/>\n<meta name=\"twitter:card\" content=\"summary_large_image\" \/>\n<meta name=\"twitter:label1\" content=\"Est. reading time\" \/>\n\t<meta name=\"twitter:data1\" content=\"1 minute\" \/>\n<script type=\"application\/ld+json\" class=\"yoast-schema-graph\">{\"@context\":\"https:\/\/schema.org\",\"@graph\":[{\"@type\":\"WebPage\",\"@id\":\"https:\/\/physiotherapy.ca\/fr\/efficacite\/\",\"url\":\"https:\/\/physiotherapy.ca\/fr\/efficacite\/\",\"name\":\"Efficacit\u00e9 - Canadian Physiotherapy Association\",\"isPartOf\":{\"@id\":\"https:\/\/physiotherapy.ca\/#website\"},\"primaryImageOfPage\":{\"@id\":\"https:\/\/physiotherapy.ca\/fr\/efficacite\/#primaryimage\"},\"image\":{\"@id\":\"https:\/\/physiotherapy.ca\/fr\/efficacite\/#primaryimage\"},\"thumbnailUrl\":\"https:\/\/physiotherapy.ca\/app\/uploads\/2022\/08\/Effective-Physiotherapy-Toolkit-FR-1024x707.jpg\",\"datePublished\":\"2022-08-04T19:17:10+00:00\",\"dateModified\":\"2022-08-04T19:17:11+00:00\",\"breadcrumb\":{\"@id\":\"https:\/\/physiotherapy.ca\/fr\/efficacite\/#breadcrumb\"},\"inLanguage\":\"fr-FR\",\"potentialAction\":[{\"@type\":\"ReadAction\",\"target\":[\"https:\/\/physiotherapy.ca\/fr\/efficacite\/\"]}]},{\"@type\":\"ImageObject\",\"inLanguage\":\"fr-FR\",\"@id\":\"https:\/\/physiotherapy.ca\/fr\/efficacite\/#primaryimage\",\"url\":\"https:\/\/physiotherapy.ca\/app\/uploads\/2022\/08\/Effective-Physiotherapy-Toolkit-FR-1024x707.jpg\",\"contentUrl\":\"https:\/\/physiotherapy.ca\/app\/uploads\/2022\/08\/Effective-Physiotherapy-Toolkit-FR-1024x707.jpg\"},{\"@type\":\"BreadcrumbList\",\"@id\":\"https:\/\/physiotherapy.ca\/fr\/efficacite\/#breadcrumb\",\"itemListElement\":[{\"@type\":\"ListItem\",\"position\":1,\"name\":\"Home\",\"item\":\"https:\/\/physiotherapy.ca\/fr\/\"},{\"@type\":\"ListItem\",\"position\":2,\"name\":\"Efficacit\u00e9\"}]},{\"@type\":\"WebSite\",\"@id\":\"https:\/\/physiotherapy.ca\/#website\",\"url\":\"https:\/\/physiotherapy.ca\/\",\"name\":\"Canadian Physiotherapy Association\",\"description\":\"The Canadian Physiotherapy Association (CPA) represents over 16,000 physiotherapy professionals and students across Canada.\",\"potentialAction\":[{\"@type\":\"SearchAction\",\"target\":{\"@type\":\"EntryPoint\",\"urlTemplate\":\"https:\/\/physiotherapy.ca\/?s={search_term_string}\"},\"query-input\":{\"@type\":\"PropertyValueSpecification\",\"valueRequired\":true,\"valueName\":\"search_term_string\"}}],\"inLanguage\":\"fr-FR\"}]}<\/script>\n<!-- \/ Yoast SEO plugin. -->","yoast_head_json":{"title":"Efficacit\u00e9 - Canadian Physiotherapy Association","robots":{"index":"index","follow":"follow","max-snippet":"max-snippet:-1","max-image-preview":"max-image-preview:large","max-video-preview":"max-video-preview:-1"},"canonical":"https:\/\/physiotherapy.ca\/fr\/efficacite\/","og_locale":"fr_FR","og_type":"article","og_title":"Efficacit\u00e9 - Canadian Physiotherapy Association","og_description":"Votre traitement est-il efficace? Mark Werneke, PT, MS, Dip MDT &#8220;Comment savoir si notre traitement fonctionne? Nous ne voulons pas perdre notre temps, ni celui de nos patients. La physioth\u00e9rapie devrait \u00eatre un atout pour le syst\u00e8me de sant\u00e9, pas [&hellip;]","og_url":"https:\/\/physiotherapy.ca\/fr\/efficacite\/","og_site_name":"Canadian Physiotherapy Association","article_modified_time":"2022-08-04T19:17:11+00:00","og_image":[{"url":"https:\/\/physiotherapy.ca\/app\/uploads\/2022\/08\/Effective-Physiotherapy-Toolkit-FR-1024x707.jpg","type":"","width":"","height":""}],"twitter_card":"summary_large_image","twitter_misc":{"Est. reading time":"1 minute"},"schema":{"@context":"https:\/\/schema.org","@graph":[{"@type":"WebPage","@id":"https:\/\/physiotherapy.ca\/fr\/efficacite\/","url":"https:\/\/physiotherapy.ca\/fr\/efficacite\/","name":"Efficacit\u00e9 - Canadian Physiotherapy Association","isPartOf":{"@id":"https:\/\/physiotherapy.ca\/#website"},"primaryImageOfPage":{"@id":"https:\/\/physiotherapy.ca\/fr\/efficacite\/#primaryimage"},"image":{"@id":"https:\/\/physiotherapy.ca\/fr\/efficacite\/#primaryimage"},"thumbnailUrl":"https:\/\/physiotherapy.ca\/app\/uploads\/2022\/08\/Effective-Physiotherapy-Toolkit-FR-1024x707.jpg","datePublished":"2022-08-04T19:17:10+00:00","dateModified":"2022-08-04T19:17:11+00:00","breadcrumb":{"@id":"https:\/\/physiotherapy.ca\/fr\/efficacite\/#breadcrumb"},"inLanguage":"fr-FR","potentialAction":[{"@type":"ReadAction","target":["https:\/\/physiotherapy.ca\/fr\/efficacite\/"]}]},{"@type":"ImageObject","inLanguage":"fr-FR","@id":"https:\/\/physiotherapy.ca\/fr\/efficacite\/#primaryimage","url":"https:\/\/physiotherapy.ca\/app\/uploads\/2022\/08\/Effective-Physiotherapy-Toolkit-FR-1024x707.jpg","contentUrl":"https:\/\/physiotherapy.ca\/app\/uploads\/2022\/08\/Effective-Physiotherapy-Toolkit-FR-1024x707.jpg"},{"@type":"BreadcrumbList","@id":"https:\/\/physiotherapy.ca\/fr\/efficacite\/#breadcrumb","itemListElement":[{"@type":"ListItem","position":1,"name":"Home","item":"https:\/\/physiotherapy.ca\/fr\/"},{"@type":"ListItem","position":2,"name":"Efficacit\u00e9"}]},{"@type":"WebSite","@id":"https:\/\/physiotherapy.ca\/#website","url":"https:\/\/physiotherapy.ca\/","name":"Canadian Physiotherapy Association","description":"The Canadian Physiotherapy Association (CPA) represents over 16,000 physiotherapy professionals and students across Canada.","potentialAction":[{"@type":"SearchAction","target":{"@type":"EntryPoint","urlTemplate":"https:\/\/physiotherapy.ca\/?s={search_term_string}"},"query-input":{"@type":"PropertyValueSpecification","valueRequired":true,"valueName":"search_term_string"}}],"inLanguage":"fr-FR"}]}},"_links":{"self":[{"href":"https:\/\/physiotherapy.ca\/fr\/wp-json\/wp\/v2\/pages\/5230","targetHints":{"allow":["GET"]}}],"collection":[{"href":"https:\/\/physiotherapy.ca\/fr\/wp-json\/wp\/v2\/pages"}],"about":[{"href":"https:\/\/physiotherapy.ca\/fr\/wp-json\/wp\/v2\/types\/page"}],"author":[{"embeddable":true,"href":"https:\/\/physiotherapy.ca\/fr\/wp-json\/wp\/v2\/users\/1"}],"replies":[{"embeddable":true,"href":"https:\/\/physiotherapy.ca\/fr\/wp-json\/wp\/v2\/comments?post=5230"}],"version-history":[{"count":4,"href":"https:\/\/physiotherapy.ca\/fr\/wp-json\/wp\/v2\/pages\/5230\/revisions"}],"predecessor-version":[{"id":5236,"href":"https:\/\/physiotherapy.ca\/fr\/wp-json\/wp\/v2\/pages\/5230\/revisions\/5236"}],"wp:attachment":[{"href":"https:\/\/physiotherapy.ca\/fr\/wp-json\/wp\/v2\/media?parent=5230"}],"wp:term":[{"taxonomy":"topic","embeddable":true,"href":"https:\/\/physiotherapy.ca\/fr\/wp-json\/wp\/v2\/topic?post=5230"}],"curies":[{"name":"wp","href":"https:\/\/api.w.org\/{rel}","templated":true}]}}