{"id":5239,"date":"2022-08-04T15:57:10","date_gmt":"2022-08-04T19:57:10","guid":{"rendered":"https:\/\/physiotherapy.ca\/?page_id=5239"},"modified":"2022-08-04T15:57:11","modified_gmt":"2022-08-04T19:57:11","slug":"soins-axes-sur-le-patient","status":"publish","type":"page","link":"https:\/\/physiotherapy.ca\/fr\/soins-axes-sur-le-patient\/","title":{"rendered":"Soins ax\u00e9s sur le patient"},"content":{"rendered":"\n<figure class=\"wp-block-image size-large is-resized\"><img loading=\"lazy\" decoding=\"async\" src=\"https:\/\/physiotherapy.ca\/app\/uploads\/2022\/08\/Patient-Centered-Physiotherapy-Toolkit-FR-1024x635.jpg\" alt=\"\" class=\"wp-image-5273\" width=\"768\" height=\"476\" srcset=\"https:\/\/physiotherapy.ca\/app\/uploads\/2022\/08\/Patient-Centered-Physiotherapy-Toolkit-FR-1024x635.jpg 1024w, https:\/\/physiotherapy.ca\/app\/uploads\/2022\/08\/Patient-Centered-Physiotherapy-Toolkit-FR-600x372.jpg 600w, https:\/\/physiotherapy.ca\/app\/uploads\/2022\/08\/Patient-Centered-Physiotherapy-Toolkit-FR-300x186.jpg 300w, https:\/\/physiotherapy.ca\/app\/uploads\/2022\/08\/Patient-Centered-Physiotherapy-Toolkit-FR-768x476.jpg 768w, https:\/\/physiotherapy.ca\/app\/uploads\/2022\/08\/Patient-Centered-Physiotherapy-Toolkit-FR-1536x952.jpg 1536w, https:\/\/physiotherapy.ca\/app\/uploads\/2022\/08\/Patient-Centered-Physiotherapy-Toolkit-FR-323x200.jpg 323w, https:\/\/physiotherapy.ca\/app\/uploads\/2022\/08\/Patient-Centered-Physiotherapy-Toolkit-FR.jpg 1699w\" sizes=\"auto, (max-width: 768px) 100vw, 768px\" \/><\/figure>\n\n\n\n<h3 class=\"wp-block-heading\">Si vous souhaitez pratiquer une m\u00e9decine r\u00e9ellement fond\u00e9e sur les donn\u00e9es probantes, lisez ceci<\/h3>\n\n\n\n<p><strong>Trisha Parsons<\/strong>, PT, PHD, professeure agr\u00e9g\u00e9e, Queen&#8217;s University, titulaire d&#8217;une bourse de recherche AMS Phoenix, membre de l&#8217;ACP depuis 1996<\/p>\n\n\n\n<p>&#8220;Quand on m\u2019a demand\u00e9 de r\u00e9diger un article sur le mod\u00e8le de soins ax\u00e9s sur le patient, j\u2019ai pens\u00e9 vous raconter une histoire. \u00c0 la suite de mon premier accouchement, j\u2019ai \u00e9t\u00e9 hospitalis\u00e9e pendant six jours. Disons simplement qu\u2019il y a eu de nombreuses complications. Mon gar\u00e7on \u00e9tant n\u00e9 une semaine avant No\u00ebl, je me suis rapidement rendu compte que nous devrions vivre avec un roulement de personnel continu, et que bon nombre des employ\u00e9s en service n\u2019\u00e9taient pas rattach\u00e9s au d\u00e9partement d\u2019obst\u00e9trique. Toutes les huit heures, une nouvelle infirmi\u00e8re se pr\u00e9sentait \u00e0 moi&#8230;&#8221; <a href=\"https:\/\/physiotherapy.ca\/app\/uploads\/2022\/08\/frenchweb-congress2016_1.pdf\" target=\"_blank\" rel=\"noreferrer noopener\">Lire plus<\/a><\/p>\n\n\n\n<hr class=\"wp-block-separator is-style-wide\"\/>\n\n\n\n<h3 class=\"wp-block-heading\">Liens vid\u00e9os<\/h3>\n\n\n\n<ul class=\"wp-block-list\"><li><a href=\"https:\/\/www.youtube.com\/watch?v=b64pyBAGM3g&amp;list=PLopRJPO6Gaif7OeFo39hNjv6yKl5v042x\">Roadmap for patient and family engagement (4:57 minutes)<\/a><\/li><li><a href=\"https:\/\/www.youtube.com\/watch?v=Tej5g6w34BA\">Patient &amp; Family Centered Care: Moments that Make all the Difference (4:51 minutes)<\/a><\/li><li><a href=\"https:\/\/www.youtube.com\/watch?v=SSauhroFTpk\">Don Berwick &#8211; What Patient Centred Care Really Means (3:05 minutes)<\/a><\/li><\/ul>\n\n\n\n<hr class=\"wp-block-separator is-style-wide\"\/>\n\n\n\n<h3 class=\"wp-block-heading\">Journal Articles<\/h3>\n\n\n\n<ul class=\"wp-block-list\"><li><a href=\"https:\/\/pubmed.ncbi.nlm.nih.gov\/26427530\/\">What Influences Patient-Therapist Interactions in Musculoskeletal Physical Therapy? Qualitative Systematic Review and Meta-Synthesis.<\/a><\/li><\/ul>\n\n\n\n<hr class=\"wp-block-separator is-style-wide\"\/>\n\n\n\n<h3 class=\"wp-block-heading\">Autres ressources<\/h3>\n\n\n\n<ul class=\"wp-block-list\"><li><a href=\"https:\/\/patientfamilyengagement.org\/\">A Roadmap for Patient and Family Engagement in Healthcare<\/a><\/li><li><a href=\"https:\/\/www.oneviewhealthcare.com\/blog\/the-eight-principles-of-patient-centered-care\/\">The eight principles of patient-centred care<\/a><\/li><li><a href=\"https:\/\/www.health.gov.bc.ca\/library\/publications\/year\/2015_a\/pt-centred-care-framework.pdf\">The British Columbia Patient-Centered Care Framework<\/a><\/li><li><a href=\"https:\/\/www.cfhi-fcass.ca\/WhatWeDo\/PatientEngagement\">Canadian Foundation for Healthcare Improvement \u2013 Patient and Family Engagement<\/a><\/li><\/ul>\n\n\n\n<p class=\"has-text-align-center\"><a href=\"https:\/\/physiotherapy.ca\/fr\/resource\/boite-a-outils-qualite-en-physiotherapie\/\">Retour \u00e0 la Bo\u00eete \u00e0 outils &#8216;Qualit\u00e9 en physioth\u00e9rapie&#8217;<\/a><\/p>\n","protected":false},"excerpt":{"rendered":"<p>Si vous souhaitez pratiquer une m\u00e9decine r\u00e9ellement fond\u00e9e sur les donn\u00e9es probantes, lisez ceci Trisha Parsons, PT, PHD, professeure agr\u00e9g\u00e9e, Queen&#8217;s University, titulaire d&#8217;une bourse de recherche AMS Phoenix, membre de l&#8217;ACP depuis 1996 &#8220;Quand on m\u2019a demand\u00e9 de r\u00e9diger [&hellip;]<\/p>\n","protected":false},"author":1,"featured_media":0,"parent":0,"menu_order":0,"comment_status":"closed","ping_status":"closed","template":"","meta":{"inline_featured_image":false,"ep_exclude_from_search":false,"footnotes":""},"topic":[],"class_list":["post-5239","page","type-page","status-publish","hentry"],"acf":[],"yoast_head":"<!-- This site is optimized with the Yoast SEO plugin v24.7 - https:\/\/yoast.com\/wordpress\/plugins\/seo\/ -->\n<title>Soins ax\u00e9s sur le patient - Canadian Physiotherapy Association<\/title>\n<meta name=\"robots\" content=\"index, follow, max-snippet:-1, max-image-preview:large, max-video-preview:-1\" \/>\n<link rel=\"canonical\" href=\"https:\/\/physiotherapy.ca\/fr\/soins-axes-sur-le-patient\/\" \/>\n<meta property=\"og:locale\" content=\"fr_FR\" \/>\n<meta property=\"og:type\" content=\"article\" \/>\n<meta property=\"og:title\" content=\"Soins ax\u00e9s sur le patient - Canadian Physiotherapy Association\" \/>\n<meta property=\"og:description\" content=\"Si vous souhaitez pratiquer une m\u00e9decine r\u00e9ellement fond\u00e9e sur les donn\u00e9es probantes, lisez ceci Trisha Parsons, PT, PHD, professeure agr\u00e9g\u00e9e, Queen&#8217;s University, titulaire d&#8217;une bourse de recherche AMS Phoenix, membre de l&#8217;ACP depuis 1996 &#8220;Quand on m\u2019a demand\u00e9 de r\u00e9diger [&hellip;]\" \/>\n<meta property=\"og:url\" content=\"https:\/\/physiotherapy.ca\/fr\/soins-axes-sur-le-patient\/\" \/>\n<meta property=\"og:site_name\" content=\"Canadian Physiotherapy Association\" \/>\n<meta property=\"article:modified_time\" content=\"2022-08-04T19:57:11+00:00\" \/>\n<meta property=\"og:image\" content=\"https:\/\/physiotherapy.ca\/app\/uploads\/2022\/08\/Patient-Centered-Physiotherapy-Toolkit-FR-1024x635.jpg\" \/>\n<meta name=\"twitter:card\" content=\"summary_large_image\" \/>\n<meta name=\"twitter:label1\" content=\"Est. reading time\" \/>\n\t<meta name=\"twitter:data1\" content=\"2 minutes\" \/>\n<script type=\"application\/ld+json\" class=\"yoast-schema-graph\">{\"@context\":\"https:\/\/schema.org\",\"@graph\":[{\"@type\":\"WebPage\",\"@id\":\"https:\/\/physiotherapy.ca\/fr\/soins-axes-sur-le-patient\/\",\"url\":\"https:\/\/physiotherapy.ca\/fr\/soins-axes-sur-le-patient\/\",\"name\":\"Soins ax\u00e9s sur le patient - Canadian Physiotherapy Association\",\"isPartOf\":{\"@id\":\"https:\/\/physiotherapy.ca\/#website\"},\"primaryImageOfPage\":{\"@id\":\"https:\/\/physiotherapy.ca\/fr\/soins-axes-sur-le-patient\/#primaryimage\"},\"image\":{\"@id\":\"https:\/\/physiotherapy.ca\/fr\/soins-axes-sur-le-patient\/#primaryimage\"},\"thumbnailUrl\":\"https:\/\/physiotherapy.ca\/app\/uploads\/2022\/08\/Patient-Centered-Physiotherapy-Toolkit-FR-1024x635.jpg\",\"datePublished\":\"2022-08-04T19:57:10+00:00\",\"dateModified\":\"2022-08-04T19:57:11+00:00\",\"breadcrumb\":{\"@id\":\"https:\/\/physiotherapy.ca\/fr\/soins-axes-sur-le-patient\/#breadcrumb\"},\"inLanguage\":\"fr-FR\",\"potentialAction\":[{\"@type\":\"ReadAction\",\"target\":[\"https:\/\/physiotherapy.ca\/fr\/soins-axes-sur-le-patient\/\"]}]},{\"@type\":\"ImageObject\",\"inLanguage\":\"fr-FR\",\"@id\":\"https:\/\/physiotherapy.ca\/fr\/soins-axes-sur-le-patient\/#primaryimage\",\"url\":\"https:\/\/physiotherapy.ca\/app\/uploads\/2022\/08\/Patient-Centered-Physiotherapy-Toolkit-FR-1024x635.jpg\",\"contentUrl\":\"https:\/\/physiotherapy.ca\/app\/uploads\/2022\/08\/Patient-Centered-Physiotherapy-Toolkit-FR-1024x635.jpg\"},{\"@type\":\"BreadcrumbList\",\"@id\":\"https:\/\/physiotherapy.ca\/fr\/soins-axes-sur-le-patient\/#breadcrumb\",\"itemListElement\":[{\"@type\":\"ListItem\",\"position\":1,\"name\":\"Home\",\"item\":\"https:\/\/physiotherapy.ca\/fr\/\"},{\"@type\":\"ListItem\",\"position\":2,\"name\":\"Soins ax\u00e9s sur le patient\"}]},{\"@type\":\"WebSite\",\"@id\":\"https:\/\/physiotherapy.ca\/#website\",\"url\":\"https:\/\/physiotherapy.ca\/\",\"name\":\"Canadian Physiotherapy Association\",\"description\":\"The Canadian Physiotherapy Association (CPA) represents over 16,000 physiotherapy professionals and students across Canada.\",\"potentialAction\":[{\"@type\":\"SearchAction\",\"target\":{\"@type\":\"EntryPoint\",\"urlTemplate\":\"https:\/\/physiotherapy.ca\/?s={search_term_string}\"},\"query-input\":{\"@type\":\"PropertyValueSpecification\",\"valueRequired\":true,\"valueName\":\"search_term_string\"}}],\"inLanguage\":\"fr-FR\"}]}<\/script>\n<!-- \/ Yoast SEO plugin. -->","yoast_head_json":{"title":"Soins ax\u00e9s sur le patient - Canadian Physiotherapy Association","robots":{"index":"index","follow":"follow","max-snippet":"max-snippet:-1","max-image-preview":"max-image-preview:large","max-video-preview":"max-video-preview:-1"},"canonical":"https:\/\/physiotherapy.ca\/fr\/soins-axes-sur-le-patient\/","og_locale":"fr_FR","og_type":"article","og_title":"Soins ax\u00e9s sur le patient - Canadian Physiotherapy Association","og_description":"Si vous souhaitez pratiquer une m\u00e9decine r\u00e9ellement fond\u00e9e sur les donn\u00e9es probantes, lisez ceci Trisha Parsons, PT, PHD, professeure agr\u00e9g\u00e9e, Queen&#8217;s University, titulaire d&#8217;une bourse de recherche AMS Phoenix, membre de l&#8217;ACP depuis 1996 &#8220;Quand on m\u2019a demand\u00e9 de r\u00e9diger [&hellip;]","og_url":"https:\/\/physiotherapy.ca\/fr\/soins-axes-sur-le-patient\/","og_site_name":"Canadian Physiotherapy Association","article_modified_time":"2022-08-04T19:57:11+00:00","og_image":[{"url":"https:\/\/physiotherapy.ca\/app\/uploads\/2022\/08\/Patient-Centered-Physiotherapy-Toolkit-FR-1024x635.jpg","type":"","width":"","height":""}],"twitter_card":"summary_large_image","twitter_misc":{"Est. reading time":"2 minutes"},"schema":{"@context":"https:\/\/schema.org","@graph":[{"@type":"WebPage","@id":"https:\/\/physiotherapy.ca\/fr\/soins-axes-sur-le-patient\/","url":"https:\/\/physiotherapy.ca\/fr\/soins-axes-sur-le-patient\/","name":"Soins ax\u00e9s sur le patient - Canadian Physiotherapy Association","isPartOf":{"@id":"https:\/\/physiotherapy.ca\/#website"},"primaryImageOfPage":{"@id":"https:\/\/physiotherapy.ca\/fr\/soins-axes-sur-le-patient\/#primaryimage"},"image":{"@id":"https:\/\/physiotherapy.ca\/fr\/soins-axes-sur-le-patient\/#primaryimage"},"thumbnailUrl":"https:\/\/physiotherapy.ca\/app\/uploads\/2022\/08\/Patient-Centered-Physiotherapy-Toolkit-FR-1024x635.jpg","datePublished":"2022-08-04T19:57:10+00:00","dateModified":"2022-08-04T19:57:11+00:00","breadcrumb":{"@id":"https:\/\/physiotherapy.ca\/fr\/soins-axes-sur-le-patient\/#breadcrumb"},"inLanguage":"fr-FR","potentialAction":[{"@type":"ReadAction","target":["https:\/\/physiotherapy.ca\/fr\/soins-axes-sur-le-patient\/"]}]},{"@type":"ImageObject","inLanguage":"fr-FR","@id":"https:\/\/physiotherapy.ca\/fr\/soins-axes-sur-le-patient\/#primaryimage","url":"https:\/\/physiotherapy.ca\/app\/uploads\/2022\/08\/Patient-Centered-Physiotherapy-Toolkit-FR-1024x635.jpg","contentUrl":"https:\/\/physiotherapy.ca\/app\/uploads\/2022\/08\/Patient-Centered-Physiotherapy-Toolkit-FR-1024x635.jpg"},{"@type":"BreadcrumbList","@id":"https:\/\/physiotherapy.ca\/fr\/soins-axes-sur-le-patient\/#breadcrumb","itemListElement":[{"@type":"ListItem","position":1,"name":"Home","item":"https:\/\/physiotherapy.ca\/fr\/"},{"@type":"ListItem","position":2,"name":"Soins ax\u00e9s sur le patient"}]},{"@type":"WebSite","@id":"https:\/\/physiotherapy.ca\/#website","url":"https:\/\/physiotherapy.ca\/","name":"Canadian Physiotherapy Association","description":"The Canadian Physiotherapy Association (CPA) represents over 16,000 physiotherapy professionals and students across Canada.","potentialAction":[{"@type":"SearchAction","target":{"@type":"EntryPoint","urlTemplate":"https:\/\/physiotherapy.ca\/?s={search_term_string}"},"query-input":{"@type":"PropertyValueSpecification","valueRequired":true,"valueName":"search_term_string"}}],"inLanguage":"fr-FR"}]}},"_links":{"self":[{"href":"https:\/\/physiotherapy.ca\/fr\/wp-json\/wp\/v2\/pages\/5239","targetHints":{"allow":["GET"]}}],"collection":[{"href":"https:\/\/physiotherapy.ca\/fr\/wp-json\/wp\/v2\/pages"}],"about":[{"href":"https:\/\/physiotherapy.ca\/fr\/wp-json\/wp\/v2\/types\/page"}],"author":[{"embeddable":true,"href":"https:\/\/physiotherapy.ca\/fr\/wp-json\/wp\/v2\/users\/1"}],"replies":[{"embeddable":true,"href":"https:\/\/physiotherapy.ca\/fr\/wp-json\/wp\/v2\/comments?post=5239"}],"version-history":[{"count":4,"href":"https:\/\/physiotherapy.ca\/fr\/wp-json\/wp\/v2\/pages\/5239\/revisions"}],"predecessor-version":[{"id":5278,"href":"https:\/\/physiotherapy.ca\/fr\/wp-json\/wp\/v2\/pages\/5239\/revisions\/5278"}],"wp:attachment":[{"href":"https:\/\/physiotherapy.ca\/fr\/wp-json\/wp\/v2\/media?parent=5239"}],"wp:term":[{"taxonomy":"topic","embeddable":true,"href":"https:\/\/physiotherapy.ca\/fr\/wp-json\/wp\/v2\/topic?post=5239"}],"curies":[{"name":"wp","href":"https:\/\/api.w.org\/{rel}","templated":true}]}}