{"id":5279,"date":"2022-08-04T16:05:46","date_gmt":"2022-08-04T20:05:46","guid":{"rendered":"https:\/\/physiotherapy.ca\/?page_id=5279"},"modified":"2022-08-04T16:05:47","modified_gmt":"2022-08-04T20:05:47","slug":"acces-opportun","status":"publish","type":"page","link":"https:\/\/physiotherapy.ca\/fr\/acces-opportun\/","title":{"rendered":"Acc\u00e8s opportun"},"content":{"rendered":"\n<figure class=\"wp-block-image size-large is-resized\"><img loading=\"lazy\" decoding=\"async\" src=\"https:\/\/physiotherapy.ca\/app\/uploads\/2022\/08\/Timely-Physiotherapy-Toolkit-FR-1024x701.jpg\" alt=\"\" class=\"wp-image-5280\" width=\"768\" height=\"526\" srcset=\"https:\/\/physiotherapy.ca\/app\/uploads\/2022\/08\/Timely-Physiotherapy-Toolkit-FR-1024x701.jpg 1024w, https:\/\/physiotherapy.ca\/app\/uploads\/2022\/08\/Timely-Physiotherapy-Toolkit-FR-600x411.jpg 600w, https:\/\/physiotherapy.ca\/app\/uploads\/2022\/08\/Timely-Physiotherapy-Toolkit-FR-300x205.jpg 300w, https:\/\/physiotherapy.ca\/app\/uploads\/2022\/08\/Timely-Physiotherapy-Toolkit-FR-768x526.jpg 768w, https:\/\/physiotherapy.ca\/app\/uploads\/2022\/08\/Timely-Physiotherapy-Toolkit-FR-1536x1052.jpg 1536w, https:\/\/physiotherapy.ca\/app\/uploads\/2022\/08\/Timely-Physiotherapy-Toolkit-FR-292x200.jpg 292w, https:\/\/physiotherapy.ca\/app\/uploads\/2022\/08\/Timely-Physiotherapy-Toolkit-FR.jpg 1695w\" sizes=\"auto, (max-width: 768px) 100vw, 768px\" \/><\/figure>\n\n\n\n<hr class=\"wp-block-separator\"\/>\n\n\n\n<h3 class=\"wp-block-heading\">Vous utilisez votre liste d&#8217;attente pour mesurer la demande? Que diriez-vous de l&#8217;\u00e9liminer compl\u00e8tement?<\/h3>\n\n\n\n<p><strong>Cathy Hoyles,&nbsp;<\/strong>BScPT, MHM, CHE, membre de l&#8217;ACP depuis 1992<\/p>\n\n\n\n<p>&#8220;Depuis quand esp\u00e9riez-vous entendre ces mots? Pour la plupart des physioth\u00e9rapeutes en clinique externe dans le syst\u00e8me de sant\u00e9 public, la r\u00e9ponse est : depuis longtemps&#8230;&#8221; <a href=\"https:\/\/physiotherapy.ca\/app\/uploads\/2022\/08\/frenchweb-congress2016_1.pdf\" target=\"_blank\" rel=\"noreferrer noopener\">Lire plus<\/a><\/p>\n\n\n\n<hr class=\"wp-block-separator is-style-wide\"\/>\n\n\n\n<h3 class=\"wp-block-heading\">Liens vid\u00e9os<\/h3>\n\n\n\n<ul class=\"wp-block-list\"><li><a href=\"https:\/\/www.infoway-inforoute.ca\/en\/component\/edocman\/resources\/toolkits\/knowing-is-better-for-clinicians\/videos\/486-timely-access-to-information\">Timely Access to Information (2:37 minutes)<\/a>&nbsp;<\/li><\/ul>\n\n\n\n<hr class=\"wp-block-separator is-style-wide\"\/>\n\n\n\n<h3 class=\"wp-block-heading\">Articles de revue<\/h3>\n\n\n\n<ul class=\"wp-block-list\"><li><a href=\"https:\/\/www.cmaj.ca\/content\/189\/9\/E375.full\">Canadians still waiting for timely access to care<\/a><\/li><\/ul>\n\n\n\n<hr class=\"wp-block-separator is-style-wide\"\/>\n\n\n\n<h3 class=\"wp-block-heading\">Autres ressources<\/h3>\n\n\n\n<ul class=\"wp-block-list\"><li><a href=\"https:\/\/www.waittimealliance.ca\/wta-reports\/federal-role-health-care-wait-times-in-canada\/\">Wait Time Alliance Timely access to care for all Canadians: The role of the federal government<\/a><\/li><li><a href=\"https:\/\/www.theglobeandmail.com\/life\/health-and-fitness\/health\/older-canadians-timely-access-to-health-care-ranked-last-by-survey\/article22699079\/\">Older Canadians\u2019 timely access to health care ranked last by survey<\/a><\/li><\/ul>\n\n\n\n<p class=\"has-text-align-center\"><a href=\"https:\/\/physiotherapy.ca\/fr\/resource\/boite-a-outils-qualite-en-physiotherapie\/\"><strong>Retour \u00e0 la Bo\u00eete \u00e0 outils &#8216;Qualit\u00e9 en physioth\u00e9rapie&#8217;<\/strong><\/a><\/p>\n","protected":false},"excerpt":{"rendered":"<p>Vous utilisez votre liste d&#8217;attente pour mesurer la demande? Que diriez-vous de l&#8217;\u00e9liminer compl\u00e8tement? Cathy Hoyles,&nbsp;BScPT, MHM, CHE, membre de l&#8217;ACP depuis 1992 &#8220;Depuis quand esp\u00e9riez-vous entendre ces mots? Pour la plupart des physioth\u00e9rapeutes en clinique externe dans le syst\u00e8me [&hellip;]<\/p>\n","protected":false},"author":1,"featured_media":0,"parent":0,"menu_order":0,"comment_status":"closed","ping_status":"closed","template":"","meta":{"inline_featured_image":false,"ep_exclude_from_search":false,"footnotes":""},"topic":[],"class_list":["post-5279","page","type-page","status-publish","hentry"],"acf":[],"yoast_head":"<!-- This site is optimized with the Yoast SEO plugin v24.7 - https:\/\/yoast.com\/wordpress\/plugins\/seo\/ -->\n<title>Acc\u00e8s opportun - Canadian Physiotherapy Association<\/title>\n<meta name=\"robots\" content=\"index, follow, max-snippet:-1, max-image-preview:large, max-video-preview:-1\" \/>\n<link rel=\"canonical\" href=\"https:\/\/physiotherapy.ca\/fr\/acces-opportun\/\" \/>\n<meta property=\"og:locale\" content=\"fr_FR\" \/>\n<meta property=\"og:type\" content=\"article\" \/>\n<meta property=\"og:title\" content=\"Acc\u00e8s opportun - Canadian Physiotherapy Association\" \/>\n<meta property=\"og:description\" content=\"Vous utilisez votre liste d&#8217;attente pour mesurer la demande? Que diriez-vous de l&#8217;\u00e9liminer compl\u00e8tement? Cathy Hoyles,&nbsp;BScPT, MHM, CHE, membre de l&#8217;ACP depuis 1992 &#8220;Depuis quand esp\u00e9riez-vous entendre ces mots? Pour la plupart des physioth\u00e9rapeutes en clinique externe dans le syst\u00e8me [&hellip;]\" \/>\n<meta property=\"og:url\" content=\"https:\/\/physiotherapy.ca\/fr\/acces-opportun\/\" \/>\n<meta property=\"og:site_name\" content=\"Canadian Physiotherapy Association\" \/>\n<meta property=\"article:modified_time\" content=\"2022-08-04T20:05:47+00:00\" \/>\n<meta property=\"og:image\" content=\"https:\/\/physiotherapy.ca\/app\/uploads\/2022\/08\/Timely-Physiotherapy-Toolkit-FR-1024x701.jpg\" \/>\n<meta name=\"twitter:card\" content=\"summary_large_image\" \/>\n<meta name=\"twitter:label1\" content=\"Est. reading time\" \/>\n\t<meta name=\"twitter:data1\" content=\"1 minute\" \/>\n<script type=\"application\/ld+json\" class=\"yoast-schema-graph\">{\"@context\":\"https:\/\/schema.org\",\"@graph\":[{\"@type\":\"WebPage\",\"@id\":\"https:\/\/physiotherapy.ca\/fr\/acces-opportun\/\",\"url\":\"https:\/\/physiotherapy.ca\/fr\/acces-opportun\/\",\"name\":\"Acc\u00e8s opportun - Canadian Physiotherapy Association\",\"isPartOf\":{\"@id\":\"https:\/\/physiotherapy.ca\/#website\"},\"primaryImageOfPage\":{\"@id\":\"https:\/\/physiotherapy.ca\/fr\/acces-opportun\/#primaryimage\"},\"image\":{\"@id\":\"https:\/\/physiotherapy.ca\/fr\/acces-opportun\/#primaryimage\"},\"thumbnailUrl\":\"https:\/\/physiotherapy.ca\/app\/uploads\/2022\/08\/Timely-Physiotherapy-Toolkit-FR-1024x701.jpg\",\"datePublished\":\"2022-08-04T20:05:46+00:00\",\"dateModified\":\"2022-08-04T20:05:47+00:00\",\"breadcrumb\":{\"@id\":\"https:\/\/physiotherapy.ca\/fr\/acces-opportun\/#breadcrumb\"},\"inLanguage\":\"fr-FR\",\"potentialAction\":[{\"@type\":\"ReadAction\",\"target\":[\"https:\/\/physiotherapy.ca\/fr\/acces-opportun\/\"]}]},{\"@type\":\"ImageObject\",\"inLanguage\":\"fr-FR\",\"@id\":\"https:\/\/physiotherapy.ca\/fr\/acces-opportun\/#primaryimage\",\"url\":\"https:\/\/physiotherapy.ca\/app\/uploads\/2022\/08\/Timely-Physiotherapy-Toolkit-FR-1024x701.jpg\",\"contentUrl\":\"https:\/\/physiotherapy.ca\/app\/uploads\/2022\/08\/Timely-Physiotherapy-Toolkit-FR-1024x701.jpg\"},{\"@type\":\"BreadcrumbList\",\"@id\":\"https:\/\/physiotherapy.ca\/fr\/acces-opportun\/#breadcrumb\",\"itemListElement\":[{\"@type\":\"ListItem\",\"position\":1,\"name\":\"Home\",\"item\":\"https:\/\/physiotherapy.ca\/fr\/\"},{\"@type\":\"ListItem\",\"position\":2,\"name\":\"Acc\u00e8s opportun\"}]},{\"@type\":\"WebSite\",\"@id\":\"https:\/\/physiotherapy.ca\/#website\",\"url\":\"https:\/\/physiotherapy.ca\/\",\"name\":\"Canadian Physiotherapy Association\",\"description\":\"The Canadian Physiotherapy Association (CPA) represents over 16,000 physiotherapy professionals and students across Canada.\",\"potentialAction\":[{\"@type\":\"SearchAction\",\"target\":{\"@type\":\"EntryPoint\",\"urlTemplate\":\"https:\/\/physiotherapy.ca\/?s={search_term_string}\"},\"query-input\":{\"@type\":\"PropertyValueSpecification\",\"valueRequired\":true,\"valueName\":\"search_term_string\"}}],\"inLanguage\":\"fr-FR\"}]}<\/script>\n<!-- \/ Yoast SEO plugin. -->","yoast_head_json":{"title":"Acc\u00e8s opportun - Canadian Physiotherapy Association","robots":{"index":"index","follow":"follow","max-snippet":"max-snippet:-1","max-image-preview":"max-image-preview:large","max-video-preview":"max-video-preview:-1"},"canonical":"https:\/\/physiotherapy.ca\/fr\/acces-opportun\/","og_locale":"fr_FR","og_type":"article","og_title":"Acc\u00e8s opportun - Canadian Physiotherapy Association","og_description":"Vous utilisez votre liste d&#8217;attente pour mesurer la demande? Que diriez-vous de l&#8217;\u00e9liminer compl\u00e8tement? Cathy Hoyles,&nbsp;BScPT, MHM, CHE, membre de l&#8217;ACP depuis 1992 &#8220;Depuis quand esp\u00e9riez-vous entendre ces mots? Pour la plupart des physioth\u00e9rapeutes en clinique externe dans le syst\u00e8me [&hellip;]","og_url":"https:\/\/physiotherapy.ca\/fr\/acces-opportun\/","og_site_name":"Canadian Physiotherapy Association","article_modified_time":"2022-08-04T20:05:47+00:00","og_image":[{"url":"https:\/\/physiotherapy.ca\/app\/uploads\/2022\/08\/Timely-Physiotherapy-Toolkit-FR-1024x701.jpg","type":"","width":"","height":""}],"twitter_card":"summary_large_image","twitter_misc":{"Est. reading time":"1 minute"},"schema":{"@context":"https:\/\/schema.org","@graph":[{"@type":"WebPage","@id":"https:\/\/physiotherapy.ca\/fr\/acces-opportun\/","url":"https:\/\/physiotherapy.ca\/fr\/acces-opportun\/","name":"Acc\u00e8s opportun - Canadian Physiotherapy Association","isPartOf":{"@id":"https:\/\/physiotherapy.ca\/#website"},"primaryImageOfPage":{"@id":"https:\/\/physiotherapy.ca\/fr\/acces-opportun\/#primaryimage"},"image":{"@id":"https:\/\/physiotherapy.ca\/fr\/acces-opportun\/#primaryimage"},"thumbnailUrl":"https:\/\/physiotherapy.ca\/app\/uploads\/2022\/08\/Timely-Physiotherapy-Toolkit-FR-1024x701.jpg","datePublished":"2022-08-04T20:05:46+00:00","dateModified":"2022-08-04T20:05:47+00:00","breadcrumb":{"@id":"https:\/\/physiotherapy.ca\/fr\/acces-opportun\/#breadcrumb"},"inLanguage":"fr-FR","potentialAction":[{"@type":"ReadAction","target":["https:\/\/physiotherapy.ca\/fr\/acces-opportun\/"]}]},{"@type":"ImageObject","inLanguage":"fr-FR","@id":"https:\/\/physiotherapy.ca\/fr\/acces-opportun\/#primaryimage","url":"https:\/\/physiotherapy.ca\/app\/uploads\/2022\/08\/Timely-Physiotherapy-Toolkit-FR-1024x701.jpg","contentUrl":"https:\/\/physiotherapy.ca\/app\/uploads\/2022\/08\/Timely-Physiotherapy-Toolkit-FR-1024x701.jpg"},{"@type":"BreadcrumbList","@id":"https:\/\/physiotherapy.ca\/fr\/acces-opportun\/#breadcrumb","itemListElement":[{"@type":"ListItem","position":1,"name":"Home","item":"https:\/\/physiotherapy.ca\/fr\/"},{"@type":"ListItem","position":2,"name":"Acc\u00e8s opportun"}]},{"@type":"WebSite","@id":"https:\/\/physiotherapy.ca\/#website","url":"https:\/\/physiotherapy.ca\/","name":"Canadian Physiotherapy Association","description":"The Canadian Physiotherapy Association (CPA) represents over 16,000 physiotherapy professionals and students across Canada.","potentialAction":[{"@type":"SearchAction","target":{"@type":"EntryPoint","urlTemplate":"https:\/\/physiotherapy.ca\/?s={search_term_string}"},"query-input":{"@type":"PropertyValueSpecification","valueRequired":true,"valueName":"search_term_string"}}],"inLanguage":"fr-FR"}]}},"_links":{"self":[{"href":"https:\/\/physiotherapy.ca\/fr\/wp-json\/wp\/v2\/pages\/5279","targetHints":{"allow":["GET"]}}],"collection":[{"href":"https:\/\/physiotherapy.ca\/fr\/wp-json\/wp\/v2\/pages"}],"about":[{"href":"https:\/\/physiotherapy.ca\/fr\/wp-json\/wp\/v2\/types\/page"}],"author":[{"embeddable":true,"href":"https:\/\/physiotherapy.ca\/fr\/wp-json\/wp\/v2\/users\/1"}],"replies":[{"embeddable":true,"href":"https:\/\/physiotherapy.ca\/fr\/wp-json\/wp\/v2\/comments?post=5279"}],"version-history":[{"count":5,"href":"https:\/\/physiotherapy.ca\/fr\/wp-json\/wp\/v2\/pages\/5279\/revisions"}],"predecessor-version":[{"id":5287,"href":"https:\/\/physiotherapy.ca\/fr\/wp-json\/wp\/v2\/pages\/5279\/revisions\/5287"}],"wp:attachment":[{"href":"https:\/\/physiotherapy.ca\/fr\/wp-json\/wp\/v2\/media?parent=5279"}],"wp:term":[{"taxonomy":"topic","embeddable":true,"href":"https:\/\/physiotherapy.ca\/fr\/wp-json\/wp\/v2\/topic?post=5279"}],"curies":[{"name":"wp","href":"https:\/\/api.w.org\/{rel}","templated":true}]}}