{"id":5288,"date":"2022-08-04T16:12:32","date_gmt":"2022-08-04T20:12:32","guid":{"rendered":"https:\/\/physiotherapy.ca\/?page_id=5288"},"modified":"2022-08-04T16:12:34","modified_gmt":"2022-08-04T20:12:34","slug":"efficience","status":"publish","type":"page","link":"https:\/\/physiotherapy.ca\/fr\/efficience\/","title":{"rendered":"Efficience"},"content":{"rendered":"\n<figure class=\"wp-block-image size-large is-resized\"><img loading=\"lazy\" decoding=\"async\" src=\"https:\/\/physiotherapy.ca\/app\/uploads\/2022\/08\/Efficient-Physiotherapy-Toolkit-FR-1024x716.jpg\" alt=\"\" class=\"wp-image-5289\" width=\"768\" height=\"537\" srcset=\"https:\/\/physiotherapy.ca\/app\/uploads\/2022\/08\/Efficient-Physiotherapy-Toolkit-FR-1024x716.jpg 1024w, https:\/\/physiotherapy.ca\/app\/uploads\/2022\/08\/Efficient-Physiotherapy-Toolkit-FR-600x419.jpg 600w, https:\/\/physiotherapy.ca\/app\/uploads\/2022\/08\/Efficient-Physiotherapy-Toolkit-FR-300x210.jpg 300w, https:\/\/physiotherapy.ca\/app\/uploads\/2022\/08\/Efficient-Physiotherapy-Toolkit-FR-768x537.jpg 768w, https:\/\/physiotherapy.ca\/app\/uploads\/2022\/08\/Efficient-Physiotherapy-Toolkit-FR-1536x1074.jpg 1536w, https:\/\/physiotherapy.ca\/app\/uploads\/2022\/08\/Efficient-Physiotherapy-Toolkit-FR-286x200.jpg 286w, https:\/\/physiotherapy.ca\/app\/uploads\/2022\/08\/Efficient-Physiotherapy-Toolkit-FR.jpg 1695w\" sizes=\"auto, (max-width: 768px) 100vw, 768px\" \/><\/figure>\n\n\n\n<h3 class=\"wp-block-heading\">&lt;&lt;Efficience>> serait-il devenu un gros mot?<\/h3>\n\n\n\n<p><strong>Chantal Lauzon<\/strong>, PT, gestionnaire de pratique principale de l\u2019ACP, membre de l\u2019ACP depuis 1995<\/p>\n\n\n\n<p>&#8220;Pourquoi se met-on \u00e0 trembler d\u00e8s qu\u2019on entend le mot \u00ab efficience \u00bb? Sa connotation serait-elle devenue n\u00e9gative au point de nous en faire oublier ses avantages? J\u2019ai interrog\u00e9 cinq personnes de la sph\u00e8re #QualityPT et aucune d\u2019entre elles n\u2019a voulu s\u2019attaquer au sujet!&#8230;&#8221; <a href=\"https:\/\/physiotherapy.ca\/app\/uploads\/2022\/08\/frenchweb-congress2016_1.pdf\">Lire plus.<\/a><\/p>\n\n\n\n<hr class=\"wp-block-separator is-style-wide\"\/>\n\n\n\n<h3 class=\"wp-block-heading\">Liens vid\u00e9o<\/h3>\n\n\n\n<ul class=\"wp-block-list\"><li><a href=\"https:\/\/www.youtube.com\/watch?v=T5vK0cuhZxk\">Organization for Economic Co-operation and Development (OECD)- Healthcare:&nbsp; Efficiency may be the answer (3:13 minutes)<\/a><\/li><li><a href=\"https:\/\/www.youtube.com\/watch?v=hGJpez7rvc0&amp;feature=em-share_video_user\">The Efficiency Paradox TED talk (18:48 minutes)<\/a><\/li><\/ul>\n\n\n\n<hr class=\"wp-block-separator is-style-wide\"\/>\n\n\n\n<h3 class=\"wp-block-heading\">Articles de revue<\/h3>\n\n\n\n<ul class=\"wp-block-list\"><li><a href=\"https:\/\/onlinelibrary.wiley.com\/doi\/full\/10.1111\/j.1475-6773.2008.00942.x\">A Systematic Review of Healthcare Efficiency Measures<\/a><\/li><li><a href=\"https:\/\/www.emerald.com\/insight\/content\/doi\/10.1108\/09526861011017067\/full\/html?skipTracking=true\">Assessing operational effectiveness in Healthcare organizations<\/a><\/li><li><a href=\"https:\/\/www.sciencedirect.com\/science\/article\/abs\/pii\/S0277953610005253\">Lean healthcare: Rhetoric, ritual and resistance<\/a><\/li><li><a href=\"https:\/\/www.researchgate.net\/publication\/265391311_The_Largest_Lean_Transformation_in_the_World_The_Implementation_and_Evaluation_of_Lean_in_Saskatchewan_Healthcare\">The Largest Lean Transformation in the World&#8221;: The Implementation and Evaluation of Lean in Saskatchewan Healthcare<\/a><\/li><li><a href=\"https:\/\/link.springer.com\/chapter\/10.1007\/978-1-4614-1734-7_12#page-1\">A framework for Healthcare planning and control<\/a><\/li><li><a href=\"https:\/\/onlinelibrary.wiley.com\/doi\/abs\/10.1002\/hec.1391\">The measurement of efficiency and productivity in health care delivery<\/a><\/li><li><a href=\"https:\/\/www.nejm.org\/doi\/full\/10.1056\/Nejmp1011024#t=article\">What is value in healthcare?<\/a><\/li><li><a href=\"https:\/\/www.sciencedirect.com\/science\/article\/abs\/pii\/S1067502705001015\">The Impact of Electronic Health Records on Time Efficiency of Physicians and Nurses: A Systematic Review<\/a><\/li><\/ul>\n\n\n\n<hr class=\"wp-block-separator is-style-wide\"\/>\n\n\n\n<h3 class=\"wp-block-heading\">Autres ressources<\/h3>\n\n\n\n<ul class=\"wp-block-list\"><li><a href=\"https:\/\/www.theguardian.com\/healthcare-network\/2016\/mar\/01\/worlds-most-efficient-health-systems\">The five principles behind the world\u2019s most efficient health systems<\/a><\/li><li><a href=\"https:\/\/www.cihi.ca\/en\">Canadian Institute for Health Information (CIHI)<\/a><\/li><li><a href=\"http:\/\/faculty.ung.edu\/kmelton\/Documents\/DataWisdom.pdf\">From Data to Wisdom<\/a><\/li><\/ul>\n\n\n\n<p class=\"has-text-align-center\"><a href=\"https:\/\/physiotherapy.ca\/fr\/resource\/boite-a-outils-qualite-en-physiotherapie\/\">Retour \u00e0 la Bo\u00eete \u00e0 outils &#8216;Qualit\u00e9 en physioth\u00e9rapie&#8217;<\/a><\/p>\n","protected":false},"excerpt":{"rendered":"<p>&lt;&lt;Efficience>> serait-il devenu un gros mot? Chantal Lauzon, PT, gestionnaire de pratique principale de l\u2019ACP, membre de l\u2019ACP depuis 1995 &#8220;Pourquoi se met-on \u00e0 trembler d\u00e8s qu\u2019on entend le mot \u00ab efficience \u00bb? Sa connotation serait-elle devenue n\u00e9gative au point [&hellip;]<\/p>\n","protected":false},"author":1,"featured_media":0,"parent":0,"menu_order":0,"comment_status":"closed","ping_status":"closed","template":"","meta":{"inline_featured_image":false,"ep_exclude_from_search":false,"footnotes":""},"topic":[],"class_list":["post-5288","page","type-page","status-publish","hentry"],"acf":[],"yoast_head":"<!-- This site is optimized with the Yoast SEO plugin v24.7 - https:\/\/yoast.com\/wordpress\/plugins\/seo\/ -->\n<title>Efficience - Canadian Physiotherapy Association<\/title>\n<meta name=\"robots\" content=\"index, follow, max-snippet:-1, max-image-preview:large, max-video-preview:-1\" \/>\n<link rel=\"canonical\" href=\"https:\/\/physiotherapy.ca\/fr\/efficience\/\" \/>\n<meta property=\"og:locale\" content=\"fr_FR\" \/>\n<meta property=\"og:type\" content=\"article\" \/>\n<meta property=\"og:title\" content=\"Efficience - Canadian Physiotherapy Association\" \/>\n<meta property=\"og:description\" content=\"&lt;&lt;Efficience&gt;&gt; serait-il devenu un gros mot? Chantal Lauzon, PT, gestionnaire de pratique principale de l\u2019ACP, membre de l\u2019ACP depuis 1995 &#8220;Pourquoi se met-on \u00e0 trembler d\u00e8s qu\u2019on entend le mot \u00ab efficience \u00bb? Sa connotation serait-elle devenue n\u00e9gative au point [&hellip;]\" \/>\n<meta property=\"og:url\" content=\"https:\/\/physiotherapy.ca\/fr\/efficience\/\" \/>\n<meta property=\"og:site_name\" content=\"Canadian Physiotherapy Association\" \/>\n<meta property=\"article:modified_time\" content=\"2022-08-04T20:12:34+00:00\" \/>\n<meta property=\"og:image\" content=\"https:\/\/physiotherapy.ca\/app\/uploads\/2022\/08\/Efficient-Physiotherapy-Toolkit-FR-1024x716.jpg\" \/>\n<meta name=\"twitter:card\" content=\"summary_large_image\" \/>\n<meta name=\"twitter:label1\" content=\"Est. reading time\" \/>\n\t<meta name=\"twitter:data1\" content=\"2 minutes\" \/>\n<script type=\"application\/ld+json\" class=\"yoast-schema-graph\">{\"@context\":\"https:\/\/schema.org\",\"@graph\":[{\"@type\":\"WebPage\",\"@id\":\"https:\/\/physiotherapy.ca\/fr\/efficience\/\",\"url\":\"https:\/\/physiotherapy.ca\/fr\/efficience\/\",\"name\":\"Efficience - Canadian Physiotherapy Association\",\"isPartOf\":{\"@id\":\"https:\/\/physiotherapy.ca\/#website\"},\"primaryImageOfPage\":{\"@id\":\"https:\/\/physiotherapy.ca\/fr\/efficience\/#primaryimage\"},\"image\":{\"@id\":\"https:\/\/physiotherapy.ca\/fr\/efficience\/#primaryimage\"},\"thumbnailUrl\":\"https:\/\/physiotherapy.ca\/app\/uploads\/2022\/08\/Efficient-Physiotherapy-Toolkit-FR-1024x716.jpg\",\"datePublished\":\"2022-08-04T20:12:32+00:00\",\"dateModified\":\"2022-08-04T20:12:34+00:00\",\"breadcrumb\":{\"@id\":\"https:\/\/physiotherapy.ca\/fr\/efficience\/#breadcrumb\"},\"inLanguage\":\"fr-FR\",\"potentialAction\":[{\"@type\":\"ReadAction\",\"target\":[\"https:\/\/physiotherapy.ca\/fr\/efficience\/\"]}]},{\"@type\":\"ImageObject\",\"inLanguage\":\"fr-FR\",\"@id\":\"https:\/\/physiotherapy.ca\/fr\/efficience\/#primaryimage\",\"url\":\"https:\/\/physiotherapy.ca\/app\/uploads\/2022\/08\/Efficient-Physiotherapy-Toolkit-FR-1024x716.jpg\",\"contentUrl\":\"https:\/\/physiotherapy.ca\/app\/uploads\/2022\/08\/Efficient-Physiotherapy-Toolkit-FR-1024x716.jpg\"},{\"@type\":\"BreadcrumbList\",\"@id\":\"https:\/\/physiotherapy.ca\/fr\/efficience\/#breadcrumb\",\"itemListElement\":[{\"@type\":\"ListItem\",\"position\":1,\"name\":\"Home\",\"item\":\"https:\/\/physiotherapy.ca\/fr\/\"},{\"@type\":\"ListItem\",\"position\":2,\"name\":\"Efficience\"}]},{\"@type\":\"WebSite\",\"@id\":\"https:\/\/physiotherapy.ca\/#website\",\"url\":\"https:\/\/physiotherapy.ca\/\",\"name\":\"Canadian Physiotherapy Association\",\"description\":\"The Canadian Physiotherapy Association (CPA) represents over 16,000 physiotherapy professionals and students across Canada.\",\"potentialAction\":[{\"@type\":\"SearchAction\",\"target\":{\"@type\":\"EntryPoint\",\"urlTemplate\":\"https:\/\/physiotherapy.ca\/?s={search_term_string}\"},\"query-input\":{\"@type\":\"PropertyValueSpecification\",\"valueRequired\":true,\"valueName\":\"search_term_string\"}}],\"inLanguage\":\"fr-FR\"}]}<\/script>\n<!-- \/ Yoast SEO plugin. -->","yoast_head_json":{"title":"Efficience - Canadian Physiotherapy Association","robots":{"index":"index","follow":"follow","max-snippet":"max-snippet:-1","max-image-preview":"max-image-preview:large","max-video-preview":"max-video-preview:-1"},"canonical":"https:\/\/physiotherapy.ca\/fr\/efficience\/","og_locale":"fr_FR","og_type":"article","og_title":"Efficience - Canadian Physiotherapy Association","og_description":"&lt;&lt;Efficience>> serait-il devenu un gros mot? Chantal Lauzon, PT, gestionnaire de pratique principale de l\u2019ACP, membre de l\u2019ACP depuis 1995 &#8220;Pourquoi se met-on \u00e0 trembler d\u00e8s qu\u2019on entend le mot \u00ab efficience \u00bb? Sa connotation serait-elle devenue n\u00e9gative au point [&hellip;]","og_url":"https:\/\/physiotherapy.ca\/fr\/efficience\/","og_site_name":"Canadian Physiotherapy Association","article_modified_time":"2022-08-04T20:12:34+00:00","og_image":[{"url":"https:\/\/physiotherapy.ca\/app\/uploads\/2022\/08\/Efficient-Physiotherapy-Toolkit-FR-1024x716.jpg","type":"","width":"","height":""}],"twitter_card":"summary_large_image","twitter_misc":{"Est. reading time":"2 minutes"},"schema":{"@context":"https:\/\/schema.org","@graph":[{"@type":"WebPage","@id":"https:\/\/physiotherapy.ca\/fr\/efficience\/","url":"https:\/\/physiotherapy.ca\/fr\/efficience\/","name":"Efficience - Canadian Physiotherapy Association","isPartOf":{"@id":"https:\/\/physiotherapy.ca\/#website"},"primaryImageOfPage":{"@id":"https:\/\/physiotherapy.ca\/fr\/efficience\/#primaryimage"},"image":{"@id":"https:\/\/physiotherapy.ca\/fr\/efficience\/#primaryimage"},"thumbnailUrl":"https:\/\/physiotherapy.ca\/app\/uploads\/2022\/08\/Efficient-Physiotherapy-Toolkit-FR-1024x716.jpg","datePublished":"2022-08-04T20:12:32+00:00","dateModified":"2022-08-04T20:12:34+00:00","breadcrumb":{"@id":"https:\/\/physiotherapy.ca\/fr\/efficience\/#breadcrumb"},"inLanguage":"fr-FR","potentialAction":[{"@type":"ReadAction","target":["https:\/\/physiotherapy.ca\/fr\/efficience\/"]}]},{"@type":"ImageObject","inLanguage":"fr-FR","@id":"https:\/\/physiotherapy.ca\/fr\/efficience\/#primaryimage","url":"https:\/\/physiotherapy.ca\/app\/uploads\/2022\/08\/Efficient-Physiotherapy-Toolkit-FR-1024x716.jpg","contentUrl":"https:\/\/physiotherapy.ca\/app\/uploads\/2022\/08\/Efficient-Physiotherapy-Toolkit-FR-1024x716.jpg"},{"@type":"BreadcrumbList","@id":"https:\/\/physiotherapy.ca\/fr\/efficience\/#breadcrumb","itemListElement":[{"@type":"ListItem","position":1,"name":"Home","item":"https:\/\/physiotherapy.ca\/fr\/"},{"@type":"ListItem","position":2,"name":"Efficience"}]},{"@type":"WebSite","@id":"https:\/\/physiotherapy.ca\/#website","url":"https:\/\/physiotherapy.ca\/","name":"Canadian Physiotherapy Association","description":"The Canadian Physiotherapy Association (CPA) represents over 16,000 physiotherapy professionals and students across Canada.","potentialAction":[{"@type":"SearchAction","target":{"@type":"EntryPoint","urlTemplate":"https:\/\/physiotherapy.ca\/?s={search_term_string}"},"query-input":{"@type":"PropertyValueSpecification","valueRequired":true,"valueName":"search_term_string"}}],"inLanguage":"fr-FR"}]}},"_links":{"self":[{"href":"https:\/\/physiotherapy.ca\/fr\/wp-json\/wp\/v2\/pages\/5288","targetHints":{"allow":["GET"]}}],"collection":[{"href":"https:\/\/physiotherapy.ca\/fr\/wp-json\/wp\/v2\/pages"}],"about":[{"href":"https:\/\/physiotherapy.ca\/fr\/wp-json\/wp\/v2\/types\/page"}],"author":[{"embeddable":true,"href":"https:\/\/physiotherapy.ca\/fr\/wp-json\/wp\/v2\/users\/1"}],"replies":[{"embeddable":true,"href":"https:\/\/physiotherapy.ca\/fr\/wp-json\/wp\/v2\/comments?post=5288"}],"version-history":[{"count":4,"href":"https:\/\/physiotherapy.ca\/fr\/wp-json\/wp\/v2\/pages\/5288\/revisions"}],"predecessor-version":[{"id":5295,"href":"https:\/\/physiotherapy.ca\/fr\/wp-json\/wp\/v2\/pages\/5288\/revisions\/5295"}],"wp:attachment":[{"href":"https:\/\/physiotherapy.ca\/fr\/wp-json\/wp\/v2\/media?parent=5288"}],"wp:term":[{"taxonomy":"topic","embeddable":true,"href":"https:\/\/physiotherapy.ca\/fr\/wp-json\/wp\/v2\/topic?post=5288"}],"curies":[{"name":"wp","href":"https:\/\/api.w.org\/{rel}","templated":true}]}}